{"id":20911,"date":"2022-09-13T12:26:37","date_gmt":"2022-09-13T10:26:37","guid":{"rendered":"https:\/\/www.idol.cz\/konfiguratorpools\/"},"modified":"2025-04-11T23:05:50","modified_gmt":"2025-04-11T21:05:50","slug":"konfiguratorpools","status":"publish","type":"page","link":"https:\/\/www.idol.cz\/at\/konfiguratorpools\/","title":{"rendered":"Konfiguratorpools"},"content":{"rendered":"\t\t<div data-elementor-type=\"wp-page\" data-elementor-id=\"20911\" class=\"elementor elementor-20911 elementor-8129\" data-elementor-post-type=\"page\">\n\t\t\t\t\t\t<section class=\"ob-is-breaking-bad elementor-section elementor-top-section elementor-element elementor-element-7966005 elementor-section-height-min-height elementor-section-stretched elementor-section-boxed elementor-section-height-default elementor-section-items-middle\" data-id=\"7966005\" data-element_type=\"section\" data-settings=\"{&quot;background_background&quot;:&quot;classic&quot;,&quot;background_motion_fx_motion_fx_scrolling&quot;:&quot;yes&quot;,&quot;background_motion_fx_translateY_effect&quot;:&quot;yes&quot;,&quot;stretch_section&quot;:&quot;section-stretched&quot;,&quot;_ob_bbad_use_it&quot;:&quot;yes&quot;,&quot;_ob_bbad_sssic_use&quot;:&quot;no&quot;,&quot;background_motion_fx_translateY_speed&quot;:{&quot;unit&quot;:&quot;px&quot;,&quot;size&quot;:4,&quot;sizes&quot;:[]},&quot;background_motion_fx_translateY_affectedRange&quot;:{&quot;unit&quot;:&quot;%&quot;,&quot;size&quot;:&quot;&quot;,&quot;sizes&quot;:{&quot;start&quot;:0,&quot;end&quot;:100}},&quot;background_motion_fx_devices&quot;:[&quot;desktop&quot;,&quot;tablet&quot;,&quot;mobile&quot;]}\">\n\t\t\t\t\t\t<div class=\"elementor-container elementor-column-gap-wider\">\n\t\t\t\t\t<div class=\"elementor-column elementor-col-100 elementor-top-column elementor-element elementor-element-b5c6afe\" data-id=\"b5c6afe\" data-element_type=\"column\" data-settings=\"{&quot;_ob_bbad_is_stalker&quot;:&quot;no&quot;,&quot;_ob_teleporter_use&quot;:false}\">\n\t\t\t<div class=\"elementor-widget-wrap elementor-element-populated\">\n\t\t\t\t\t\t<div class=\"elementor-element elementor-element-5adcfb2 ob-harakiri-inherit elementor-widget elementor-widget-heading\" data-id=\"5adcfb2\" data-element_type=\"widget\" data-settings=\"{&quot;_ob_use_harakiri&quot;:&quot;yes&quot;,&quot;_ob_harakiri_writing_mode&quot;:&quot;inherit&quot;,&quot;_ob_harakiri_text_clip&quot;:&quot;none&quot;,&quot;_ob_widget_stalker_use&quot;:&quot;no&quot;}\" data-widget_type=\"heading.default\">\n\t\t\t\t\t<h1 class=\"elementor-heading-title elementor-size-default\">Konfigurator<\/h1>\t\t\t\t<\/div>\n\t\t\t\t<div class=\"elementor-element elementor-element-71b1a7a ob-harakiri-inherit elementor-widget elementor-widget-heading\" data-id=\"71b1a7a\" data-element_type=\"widget\" data-settings=\"{&quot;_ob_use_harakiri&quot;:&quot;yes&quot;,&quot;_ob_harakiri_writing_mode&quot;:&quot;inherit&quot;,&quot;_ob_harakiri_text_clip&quot;:&quot;none&quot;,&quot;_ob_widget_stalker_use&quot;:&quot;no&quot;}\" data-widget_type=\"heading.default\">\n\t\t\t\t\t<h2 class=\"elementor-heading-title elementor-size-default\">Pools<\/h2>\t\t\t\t<\/div>\n\t\t\t\t\t<\/div>\n\t\t<\/div>\n\t\t\t\t\t<\/div>\n\t\t<\/section>\n\t\t\t\t<section class=\"ob-is-breaking-bad elementor-section elementor-top-section elementor-element elementor-element-1267b43 elementor-section-stretched elementor-section-full_width elementor-section-height-default elementor-section-height-default\" data-id=\"1267b43\" data-element_type=\"section\" data-settings=\"{&quot;stretch_section&quot;:&quot;section-stretched&quot;,&quot;background_background&quot;:&quot;classic&quot;,&quot;_ob_bbad_use_it&quot;:&quot;yes&quot;,&quot;_ob_bbad_sssic_use&quot;:&quot;no&quot;}\">\n\t\t\t\t\t\t<div class=\"elementor-container elementor-column-gap-default\">\n\t\t\t\t\t<div class=\"elementor-column elementor-col-100 elementor-top-column elementor-element elementor-element-24153b3\" data-id=\"24153b3\" data-element_type=\"column\" data-settings=\"{&quot;_ob_bbad_is_stalker&quot;:&quot;no&quot;,&quot;_ob_teleporter_use&quot;:false}\">\n\t\t\t<div class=\"elementor-widget-wrap elementor-element-populated\">\n\t\t\t\t\t\t<section class=\"ob-is-breaking-bad ob-bb-inner elementor-section elementor-inner-section elementor-element elementor-element-1182e84 elementor-section-boxed elementor-section-height-default elementor-section-height-default\" data-id=\"1182e84\" data-element_type=\"section\" data-settings=\"{&quot;_ob_bbad_use_it&quot;:&quot;yes&quot;,&quot;_ob_bbad_sssic_use&quot;:&quot;no&quot;}\">\n\t\t\t\t\t\t<div class=\"elementor-container elementor-column-gap-wider\">\n\t\t\t\t\t<div class=\"elementor-column elementor-col-50 elementor-inner-column elementor-element elementor-element-cd2b61d\" data-id=\"cd2b61d\" data-element_type=\"column\" data-settings=\"{&quot;_ob_bbad_is_stalker&quot;:&quot;no&quot;,&quot;_ob_teleporter_use&quot;:false}\">\n\t\t\t<div class=\"elementor-widget-wrap elementor-element-populated\">\n\t\t\t\t\t\t<div class=\"elementor-element elementor-element-8b17bda elementor-hidden-tablet elementor-hidden-phone elementor-widget elementor-widget-wp-widget-woocommerce_widget_cart\" data-id=\"8b17bda\" data-element_type=\"widget\" data-settings=\"{&quot;_ob_widget_stalker_use&quot;:&quot;no&quot;}\" data-widget_type=\"wp-widget-woocommerce_widget_cart.default\">\n\t\t\t\t<div class=\"elementor-widget-container\">\n\t\t\t\t\t<div class=\"woocommerce widget_shopping_cart\"><h5>Bestellung<\/h5><div class=\"hide_cart_widget_if_empty\"><div class=\"widget_shopping_cart_content\"><\/div><\/div><\/div>\t\t\t\t<\/div>\n\t\t\t\t<\/div>\n\t\t\t\t\t<\/div>\n\t\t<\/div>\n\t\t\t\t<div class=\"elementor-column elementor-col-50 elementor-inner-column elementor-element elementor-element-313f480\" data-id=\"313f480\" data-element_type=\"column\" data-settings=\"{&quot;_ob_bbad_is_stalker&quot;:&quot;no&quot;,&quot;_ob_teleporter_use&quot;:false}\">\n\t\t\t<div class=\"elementor-widget-wrap elementor-element-populated\">\n\t\t\t\t\t\t<div class=\"elementor-element elementor-element-408aa99 elementor-hidden-desktop elementor-widget elementor-widget-wp-widget-woocommerce_widget_cart\" data-id=\"408aa99\" data-element_type=\"widget\" data-settings=\"{&quot;_ob_widget_stalker_use&quot;:&quot;no&quot;}\" data-widget_type=\"wp-widget-woocommerce_widget_cart.default\">\n\t\t\t\t<div class=\"elementor-widget-container\">\n\t\t\t\t\t<div class=\"woocommerce widget_shopping_cart\"><h5>Bestellung<\/h5><div class=\"hide_cart_widget_if_empty\"><div class=\"widget_shopping_cart_content\"><\/div><\/div><\/div>\t\t\t\t<\/div>\n\t\t\t\t<\/div>\n\t\t\t\t\t<\/div>\n\t\t<\/div>\n\t\t\t\t\t<\/div>\n\t\t<\/section>\n\t\t\t\t\t<\/div>\n\t\t<\/div>\n\t\t\t\t\t<\/div>\n\t\t<\/section>\n\t\t\t\t<section class=\"ob-is-breaking-bad elementor-section elementor-top-section elementor-element elementor-element-c21c641 elementor-section-boxed elementor-section-height-default elementor-section-height-default\" data-id=\"c21c641\" data-element_type=\"section\" data-settings=\"{&quot;_ob_bbad_use_it&quot;:&quot;yes&quot;,&quot;_ob_bbad_sssic_use&quot;:&quot;no&quot;}\">\n\t\t\t\t\t\t<div class=\"elementor-container elementor-column-gap-default\">\n\t\t\t\t\t<div class=\"elementor-column elementor-col-100 elementor-top-column elementor-element elementor-element-6bd36c7\" data-id=\"6bd36c7\" data-element_type=\"column\" data-settings=\"{&quot;_ob_bbad_is_stalker&quot;:&quot;no&quot;,&quot;_ob_teleporter_use&quot;:false}\">\n\t\t\t<div class=\"elementor-widget-wrap elementor-element-populated\">\n\t\t\t\t\t\t<div class=\"elementor-element elementor-element-9e1cca3 elementor-grid-4 elementor-grid-tablet-3 elementor-grid-mobile-2 elementor-products-grid elementor-wc-products elementor-widget elementor-widget-wc-categories\" data-id=\"9e1cca3\" data-element_type=\"widget\" data-settings=\"{&quot;_ob_widget_stalker_use&quot;:&quot;no&quot;}\" data-widget_type=\"wc-categories.default\">\n\t\t\t\t\t<div class=\"woocommerce columns-4\"><ul class=\"products elementor-grid columns-4\">\n<li class=\"product-category product first\">\n\t<div class=\"category-content\"><a aria-label=\"Visit product category Chemie f\u00fcr Whirlpools und Schwimmb\u00e4der\" href=\"https:\/\/www.idol.cz\/at\/kategorie-produktu\/chemie-fur-whirlpools-und-schwimmbader-at\/\"><img decoding=\"async\" src=\"https:\/\/www.idol.cz\/wp-content\/uploads\/2023\/10\/chemie-cat-2023.jpg\" alt=\"Chemie f\u00fcr Whirlpools und Schwimmb\u00e4der\" width=\"960\" height=\"\" srcset=\"https:\/\/www.idol.cz\/wp-content\/uploads\/2023\/10\/chemie-cat-2023.jpg 600w, https:\/\/www.idol.cz\/wp-content\/uploads\/2023\/10\/chemie-cat-2023-300x300.jpg 300w, https:\/\/www.idol.cz\/wp-content\/uploads\/2023\/10\/chemie-cat-2023-150x150.jpg 150w, https:\/\/www.idol.cz\/wp-content\/uploads\/2023\/10\/chemie-cat-2023-230x230.jpg 230w, https:\/\/www.idol.cz\/wp-content\/uploads\/2023\/10\/chemie-cat-2023-400x400.jpg 400w, https:\/\/www.idol.cz\/wp-content\/uploads\/2023\/10\/chemie-cat-2023-100x100.jpg 100w\" sizes=\"(max-width: 600px) 100vw, 600px\" \/>\t\t<h2 class=\"woocommerce-loop-category__title\">\n\t\t\tChemie f\u00fcr Whirlpools und Schwimmb\u00e4der <mark class=\"count\">(1)<\/mark>\t\t<\/h2>\n\t\t<\/a><\/div><\/li>\n<\/ul>\n<\/div>\t\t\t\t<\/div>\n\t\t\t\t\t<\/div>\n\t\t<\/div>\n\t\t\t\t\t<\/div>\n\t\t<\/section>\n\t\t\t\t<\/div>\n\t\t","protected":false},"excerpt":{"rendered":"<p>Konfigurator Pools Pools Luft- und Behandlungssysteme Hebeheber und Abdeckung des Thermogeh\u00e4uses Wasserdesinfektion Weitere Pooloptionen Vyberte si z nab\u00eddky baz\u00e9n\u016f pro kter\u00fd si zvol\u00edte svoji sestavu Celoro\u010dn\u00ed swim spa baz\u00e9ny s protiproudem. Akryl\u00e1tov\u00fd povrch je lep\u0161\u00ed ne\u017e plastov\u00fd \u010di lamin\u00e1tov\u00fd. V na\u0161em swim spa si zaplavete jako v klasick\u00e9m baz\u00e9nu d\u00edky \u0161\u00ed\u0159ce, kterou zdaleka nenab\u00edz\u00ed \u017e\u00e1dn\u00e9 [&hellip;]<\/p>\n","protected":false},"author":1,"featured_media":0,"parent":0,"menu_order":0,"comment_status":"closed","ping_status":"closed","template":"elementor_header_footer","meta":{"footnotes":""},"class_list":["post-20911","page","type-page","status-publish","hentry"],"yoast_head":"<!-- This site is optimized with the Yoast SEO Premium plugin v24.9 (Yoast SEO v24.9) - https:\/\/yoast.com\/wordpress\/plugins\/seo\/ -->\n<title>Konfiguratorpools Swim spa pools ganzj\u00e4hrig bis zum Boden f\u00fcr den Garten<\/title>\n<meta name=\"description\" content=\"Konfigurator f\u00fcr Swim-Spa-Pools im Innen- und Gartenbereich. Ganzj\u00e4hrig im Freien mit oberirdischer Konstruktion.\" \/>\n<meta name=\"robots\" content=\"index, follow, max-snippet:-1, max-image-preview:large, max-video-preview:-1\" \/>\n<link rel=\"canonical\" href=\"https:\/\/www.idol.cz\/at\/konfiguratorpools\/\" \/>\n<meta property=\"og:locale\" content=\"en_US\" \/>\n<meta property=\"og:type\" content=\"article\" \/>\n<meta property=\"og:title\" content=\"Konfiguratorpools\" \/>\n<meta property=\"og:description\" content=\"Konfigurator f\u00fcr Swim-Spa-Pools im Innen- und Gartenbereich. Ganzj\u00e4hrig im Freien mit oberirdischer Konstruktion.\" \/>\n<meta property=\"og:url\" content=\"https:\/\/www.idol.cz\/at\/konfiguratorpools\/\" \/>\n<meta property=\"og:site_name\" content=\"Whirlpools im Freien, Swim Spa, Schwimmb\u00e4der\" \/>\n<meta property=\"article:publisher\" content=\"https:\/\/www.facebook.com\/IdolSpas\/\" \/>\n<meta property=\"article:modified_time\" content=\"2025-04-11T21:05:50+00:00\" \/>\n<meta property=\"og:image\" content=\"https:\/\/www.idol.cz\/wp-content\/uploads\/2020\/02\/IdolSpas-bazeny-Party-Swim-Spa-fb.jpg\" \/>\n<meta name=\"twitter:card\" content=\"summary_large_image\" \/>\n<meta name=\"twitter:label1\" content=\"Est. reading time\" \/>\n\t<meta name=\"twitter:data1\" content=\"5 minutes\" \/>\n<script type=\"application\/ld+json\" class=\"yoast-schema-graph\">{\"@context\":\"https:\/\/schema.org\",\"@graph\":[{\"@type\":\"WebPage\",\"@id\":\"https:\/\/www.idol.cz\/at\/konfiguratorpools\/\",\"url\":\"https:\/\/www.idol.cz\/at\/konfiguratorpools\/\",\"name\":\"Konfiguratorpools Swim spa pools ganzj\u00e4hrig bis zum Boden f\u00fcr den Garten\",\"isPartOf\":{\"@id\":\"\/#website\"},\"primaryImageOfPage\":{\"@id\":\"https:\/\/www.idol.cz\/at\/konfiguratorpools\/#primaryimage\"},\"image\":{\"@id\":\"https:\/\/www.idol.cz\/at\/konfiguratorpools\/#primaryimage\"},\"thumbnailUrl\":\"https:\/\/www.idol.cz\/wp-content\/uploads\/2021\/01\/Kombinace-swim-spa-012021-768x576.jpg\",\"datePublished\":\"2022-09-13T10:26:37+00:00\",\"dateModified\":\"2025-04-11T21:05:50+00:00\",\"description\":\"Konfigurator f\u00fcr Swim-Spa-Pools im Innen- und Gartenbereich. Ganzj\u00e4hrig im Freien mit oberirdischer Konstruktion.\",\"breadcrumb\":{\"@id\":\"https:\/\/www.idol.cz\/at\/konfiguratorpools\/#breadcrumb\"},\"inLanguage\":\"at-AT\",\"potentialAction\":[{\"@type\":\"ReadAction\",\"target\":[\"https:\/\/www.idol.cz\/at\/konfiguratorpools\/\"]}]},{\"@type\":\"ImageObject\",\"inLanguage\":\"at-AT\",\"@id\":\"https:\/\/www.idol.cz\/at\/konfiguratorpools\/#primaryimage\",\"url\":\"https:\/\/www.idol.cz\/wp-content\/uploads\/2021\/01\/Kombinace-swim-spa-012021-768x576.jpg\",\"contentUrl\":\"https:\/\/www.idol.cz\/wp-content\/uploads\/2021\/01\/Kombinace-swim-spa-012021-768x576.jpg\"},{\"@type\":\"BreadcrumbList\",\"@id\":\"https:\/\/www.idol.cz\/at\/konfiguratorpools\/#breadcrumb\",\"itemListElement\":[{\"@type\":\"ListItem\",\"position\":1,\"name\":\"Dom\u016f\",\"item\":\"https:\/\/www.idol.cz\/at\/\"},{\"@type\":\"ListItem\",\"position\":2,\"name\":\"Konfiguratorpools\"}]},{\"@type\":\"WebSite\",\"@id\":\"\/#website\",\"url\":\"\/\",\"name\":\"v\u00ed\u0159ivky venkovn\u00ed, swim spa, baz\u00e9ny\",\"description\":\"Luxusn\u00ed \u010desk\u00e9 v\u00ed\u0159ivky a swim spa\",\"publisher\":{\"@id\":\"\/#organization\"},\"potentialAction\":[{\"@type\":\"SearchAction\",\"target\":{\"@type\":\"EntryPoint\",\"urlTemplate\":\"\/?s={search_term_string}\"},\"query-input\":{\"@type\":\"PropertyValueSpecification\",\"valueRequired\":true,\"valueName\":\"search_term_string\"}}],\"inLanguage\":\"at-AT\"},{\"@type\":\"Organization\",\"@id\":\"\/#organization\",\"name\":\"IDOL SPAS, s.r.o.\",\"url\":\"\/\",\"logo\":{\"@type\":\"ImageObject\",\"inLanguage\":\"at-AT\",\"@id\":\"\/#\/schema\/logo\/image\/\",\"url\":\"https:\/\/www.idol.cz\/wp-content\/uploads\/2020\/02\/idol-spas-logo.png\",\"contentUrl\":\"https:\/\/www.idol.cz\/wp-content\/uploads\/2020\/02\/idol-spas-logo.png\",\"width\":512,\"height\":206,\"caption\":\"IDOL SPAS, s.r.o.\"},\"image\":{\"@id\":\"\/#\/schema\/logo\/image\/\"},\"sameAs\":[\"https:\/\/www.facebook.com\/IdolSpas\/\"]}]}<\/script>\n<!-- \/ Yoast SEO Premium plugin. -->","yoast_head_json":{"title":"Konfiguratorpools Swim spa pools ganzj\u00e4hrig bis zum Boden f\u00fcr den Garten","description":"Konfigurator f\u00fcr Swim-Spa-Pools im Innen- und Gartenbereich. Ganzj\u00e4hrig im Freien mit oberirdischer Konstruktion.","robots":{"index":"index","follow":"follow","max-snippet":"max-snippet:-1","max-image-preview":"max-image-preview:large","max-video-preview":"max-video-preview:-1"},"canonical":"https:\/\/www.idol.cz\/at\/konfiguratorpools\/","og_locale":"en_US","og_type":"article","og_title":"Konfiguratorpools","og_description":"Konfigurator f\u00fcr Swim-Spa-Pools im Innen- und Gartenbereich. Ganzj\u00e4hrig im Freien mit oberirdischer Konstruktion.","og_url":"https:\/\/www.idol.cz\/at\/konfiguratorpools\/","og_site_name":"Whirlpools im Freien, Swim Spa, Schwimmb\u00e4der","article_publisher":"https:\/\/www.facebook.com\/IdolSpas\/","article_modified_time":"2025-04-11T21:05:50+00:00","og_image":[{"url":"https:\/\/www.idol.cz\/wp-content\/uploads\/2020\/02\/IdolSpas-bazeny-Party-Swim-Spa-fb.jpg","type":"","width":"","height":""}],"twitter_card":"summary_large_image","twitter_misc":{"Est. reading time":"5 minutes"},"schema":{"@context":"https:\/\/schema.org","@graph":[{"@type":"WebPage","@id":"https:\/\/www.idol.cz\/at\/konfiguratorpools\/","url":"https:\/\/www.idol.cz\/at\/konfiguratorpools\/","name":"Konfiguratorpools Swim spa pools ganzj\u00e4hrig bis zum Boden f\u00fcr den Garten","isPartOf":{"@id":"\/#website"},"primaryImageOfPage":{"@id":"https:\/\/www.idol.cz\/at\/konfiguratorpools\/#primaryimage"},"image":{"@id":"https:\/\/www.idol.cz\/at\/konfiguratorpools\/#primaryimage"},"thumbnailUrl":"https:\/\/www.idol.cz\/wp-content\/uploads\/2021\/01\/Kombinace-swim-spa-012021-768x576.jpg","datePublished":"2022-09-13T10:26:37+00:00","dateModified":"2025-04-11T21:05:50+00:00","description":"Konfigurator f\u00fcr Swim-Spa-Pools im Innen- und Gartenbereich. Ganzj\u00e4hrig im Freien mit oberirdischer Konstruktion.","breadcrumb":{"@id":"https:\/\/www.idol.cz\/at\/konfiguratorpools\/#breadcrumb"},"inLanguage":"at-AT","potentialAction":[{"@type":"ReadAction","target":["https:\/\/www.idol.cz\/at\/konfiguratorpools\/"]}]},{"@type":"ImageObject","inLanguage":"at-AT","@id":"https:\/\/www.idol.cz\/at\/konfiguratorpools\/#primaryimage","url":"https:\/\/www.idol.cz\/wp-content\/uploads\/2021\/01\/Kombinace-swim-spa-012021-768x576.jpg","contentUrl":"https:\/\/www.idol.cz\/wp-content\/uploads\/2021\/01\/Kombinace-swim-spa-012021-768x576.jpg"},{"@type":"BreadcrumbList","@id":"https:\/\/www.idol.cz\/at\/konfiguratorpools\/#breadcrumb","itemListElement":[{"@type":"ListItem","position":1,"name":"Dom\u016f","item":"https:\/\/www.idol.cz\/at\/"},{"@type":"ListItem","position":2,"name":"Konfiguratorpools"}]},{"@type":"WebSite","@id":"\/#website","url":"\/","name":"v\u00ed\u0159ivky venkovn\u00ed, swim spa, baz\u00e9ny","description":"Luxusn\u00ed \u010desk\u00e9 v\u00ed\u0159ivky a swim spa","publisher":{"@id":"\/#organization"},"potentialAction":[{"@type":"SearchAction","target":{"@type":"EntryPoint","urlTemplate":"\/?s={search_term_string}"},"query-input":{"@type":"PropertyValueSpecification","valueRequired":true,"valueName":"search_term_string"}}],"inLanguage":"at-AT"},{"@type":"Organization","@id":"\/#organization","name":"IDOL SPAS, s.r.o.","url":"\/","logo":{"@type":"ImageObject","inLanguage":"at-AT","@id":"\/#\/schema\/logo\/image\/","url":"https:\/\/www.idol.cz\/wp-content\/uploads\/2020\/02\/idol-spas-logo.png","contentUrl":"https:\/\/www.idol.cz\/wp-content\/uploads\/2020\/02\/idol-spas-logo.png","width":512,"height":206,"caption":"IDOL SPAS, s.r.o."},"image":{"@id":"\/#\/schema\/logo\/image\/"},"sameAs":["https:\/\/www.facebook.com\/IdolSpas\/"]}]}},"_links":{"self":[{"href":"https:\/\/www.idol.cz\/at\/wp-json\/wp\/v2\/pages\/20911"}],"collection":[{"href":"https:\/\/www.idol.cz\/at\/wp-json\/wp\/v2\/pages"}],"about":[{"href":"https:\/\/www.idol.cz\/at\/wp-json\/wp\/v2\/types\/page"}],"author":[{"embeddable":true,"href":"https:\/\/www.idol.cz\/at\/wp-json\/wp\/v2\/users\/1"}],"replies":[{"embeddable":true,"href":"https:\/\/www.idol.cz\/at\/wp-json\/wp\/v2\/comments?post=20911"}],"version-history":[{"count":0,"href":"https:\/\/www.idol.cz\/at\/wp-json\/wp\/v2\/pages\/20911\/revisions"}],"wp:attachment":[{"href":"https:\/\/www.idol.cz\/at\/wp-json\/wp\/v2\/media?parent=20911"}],"curies":[{"name":"wp","href":"https:\/\/api.w.org\/{rel}","templated":true}]}}