{"id":17559,"date":"2021-02-26T11:56:29","date_gmt":"2021-02-26T10:56:29","guid":{"rendered":"https:\/\/www.idol.cz\/?post_type=product&#038;p=17559"},"modified":"2023-10-15T15:13:11","modified_gmt":"2023-10-15T13:13:11","slug":"kartuse-darlly-sc705","status":"publish","type":"product","link":"https:\/\/www.idol.cz\/at\/produkt\/e-shop\/nahradni-dily-na-virivky-a-swim-spa-bazeny-idol-spas\/filtrace\/kartuse\/kartuse-darlly-sc705\/","title":{"rendered":"Kartu\u0161e Darlly SC705"},"content":{"rendered":"\t\t<div data-elementor-type=\"product-post\" data-elementor-id=\"17559\" class=\"elementor elementor-17559\" data-elementor-post-type=\"product\">\n\t\t\t\t\t\t<section class=\"ob-is-breaking-bad elementor-section elementor-top-section elementor-element elementor-element-51d23585 elementor-section-boxed elementor-section-height-default elementor-section-height-default\" data-id=\"51d23585\" data-element_type=\"section\" data-settings=\"{&quot;_ob_bbad_use_it&quot;:&quot;yes&quot;,&quot;_ob_bbad_sssic_use&quot;:&quot;no&quot;}\">\n\t\t\t\t\t\t<div class=\"elementor-container elementor-column-gap-default\">\n\t\t\t\t\t<div class=\"elementor-column elementor-col-100 elementor-top-column elementor-element elementor-element-53c333fb\" data-id=\"53c333fb\" data-element_type=\"column\" data-settings=\"{&quot;_ob_bbad_is_stalker&quot;:&quot;no&quot;,&quot;_ob_teleporter_use&quot;:false}\">\n\t\t\t<div class=\"elementor-widget-wrap elementor-element-populated\">\n\t\t\t\t\t\t<div class=\"elementor-element elementor-element-4b47dfb6 ob-harakiri-inherit elementor-widget elementor-widget-text-editor\" data-id=\"4b47dfb6\" data-element_type=\"widget\" data-settings=\"{&quot;_ob_use_harakiri&quot;:&quot;yes&quot;,&quot;_ob_harakiri_writing_mode&quot;:&quot;inherit&quot;,&quot;_ob_widget_stalker_use&quot;:&quot;no&quot;}\" data-widget_type=\"text-editor.default\">\n\t\t\t\t\t\t\t\t\t<h3 style=\"letter-spacing: normal; text-align: left;\">Parametry kartu\u0161e&nbsp;<\/h3>\n<ul>\n<li>D\u00e9lka&nbsp; &nbsp; &nbsp; &nbsp; &nbsp; &nbsp; &nbsp; &nbsp; &nbsp; &nbsp; &nbsp; &nbsp; &nbsp; &nbsp; &nbsp; &nbsp; &nbsp; &nbsp;24 cm<\/li>\n<li>Pr\u016fm\u011br vn\u011bj\u0161\u00ed&nbsp; &nbsp; &nbsp; &nbsp; &nbsp; &nbsp; &nbsp; &nbsp; &nbsp; &nbsp; 13 cm<\/li>\n<li>Pr\u016fm\u011br otvoru&nbsp; &nbsp; &nbsp; &nbsp; &nbsp; &nbsp; &nbsp; &nbsp; &nbsp; &nbsp; 5 cm<\/li><\/ul>\t\t\t\t\t\t\t\t<\/div>\n\t\t\t\t\t<\/div>\n\t\t<\/div>\n\t\t\t\t\t<\/div>\n\t\t<\/section>\n\t\t\t\t<\/div>\n\t\t","protected":false},"excerpt":{"rendered":"<p>Parametry kartu\u0161e D\u00e9lka\u00a0 \u00a0 \u00a0 \u00a0 \u00a0 \u00a0 \u00a0 \u00a0 \u00a0 \u00a0 \u00a0 \u00a0 \u00a0 \u00a0 \u00a0 \u00a0 \u00a0 \u00a024 cm Pr\u016fm\u011br vn\u011bj\u0161\u00ed\u00a0 \u00a0 \u00a0 \u00a0 \u00a0 \u00a0 \u00a0 \u00a0 \u00a0 \u00a0 13 cm Pr\u016fm\u011br otvoru\u00a0 \u00a0 \u00a0 \u00a0 \u00a0 \u00a0 \u00a0 \u00a0 \u00a0 \u00a0 5 cm<\/p>\n","protected":false},"featured_media":17560,"template":"","meta":[],"product_cat":[272,273],"product_tag":[],"class_list":{"0":"post-17559","1":"product","2":"type-product","3":"status-publish","4":"has-post-thumbnail","6":"product_cat-filtrace","7":"product_cat-kartuse","9":"first","10":"instock","11":"taxable","12":"shipping-taxable","13":"purchasable","14":"product-type-simple"},"yoast_head":"<!-- This site is optimized with the Yoast SEO Premium plugin v24.9 (Yoast SEO v24.9) - https:\/\/yoast.com\/wordpress\/plugins\/seo\/ -->\n<title>Kartu\u0161e Darlly SC705 | Whirlpools im Freien, Swim Spa, Schwimmb\u00e4der<\/title>\n<meta name=\"robots\" content=\"index, follow, max-snippet:-1, max-image-preview:large, max-video-preview:-1\" \/>\n<link rel=\"canonical\" href=\"https:\/\/www.idol.cz\/at\/produkt\/e-shop\/nahradni-dily-na-virivky-a-swim-spa-bazeny-idol-spas\/filtrace\/kartuse\/kartuse-darlly-sc705\/\" \/>\n<meta property=\"og:locale\" content=\"en_US\" \/>\n<meta property=\"og:type\" content=\"article\" \/>\n<meta property=\"og:title\" content=\"Kartu\u0161e Darlly SC705\" \/>\n<meta property=\"og:description\" content=\"Parametry kartu\u0161e D\u00e9lka\u00a0 \u00a0 \u00a0 \u00a0 \u00a0 \u00a0 \u00a0 \u00a0 \u00a0 \u00a0 \u00a0 \u00a0 \u00a0 \u00a0 \u00a0 \u00a0 \u00a0 \u00a024 cm Pr\u016fm\u011br vn\u011bj\u0161\u00ed\u00a0 \u00a0 \u00a0 \u00a0 \u00a0 \u00a0 \u00a0 \u00a0 \u00a0 \u00a0 13 cm Pr\u016fm\u011br otvoru\u00a0 \u00a0 \u00a0 \u00a0 \u00a0 \u00a0 \u00a0 \u00a0 \u00a0 \u00a0 5 cm\" \/>\n<meta property=\"og:url\" content=\"https:\/\/www.idol.cz\/at\/produkt\/e-shop\/nahradni-dily-na-virivky-a-swim-spa-bazeny-idol-spas\/filtrace\/kartuse\/kartuse-darlly-sc705\/\" \/>\n<meta property=\"og:site_name\" content=\"Whirlpools im Freien, Swim Spa, Schwimmb\u00e4der\" \/>\n<meta property=\"article:publisher\" content=\"https:\/\/www.facebook.com\/IdolSpas\/\" \/>\n<meta property=\"article:modified_time\" content=\"2023-10-15T13:13:11+00:00\" \/>\n<meta property=\"og:image\" content=\"https:\/\/www.idol.cz\/wp-content\/uploads\/2021\/02\/sc705-full_Darlly.jpg\" \/>\n\t<meta property=\"og:image:width\" content=\"1000\" \/>\n\t<meta property=\"og:image:height\" content=\"1000\" \/>\n\t<meta property=\"og:image:type\" content=\"image\/jpeg\" \/>\n<meta name=\"twitter:card\" content=\"summary_large_image\" \/>\n<script type=\"application\/ld+json\" class=\"yoast-schema-graph\">{\"@context\":\"https:\/\/schema.org\",\"@graph\":[{\"@type\":\"WebPage\",\"@id\":\"https:\/\/www.idol.cz\/at\/produkt\/e-shop\/nahradni-dily-na-virivky-a-swim-spa-bazeny-idol-spas\/filtrace\/kartuse\/kartuse-darlly-sc705\/\",\"url\":\"https:\/\/www.idol.cz\/at\/produkt\/e-shop\/nahradni-dily-na-virivky-a-swim-spa-bazeny-idol-spas\/filtrace\/kartuse\/kartuse-darlly-sc705\/\",\"name\":\"Kartu\u0161e Darlly SC705 | Whirlpools im Freien, Swim Spa, Schwimmb\u00e4der\",\"isPartOf\":{\"@id\":\"https:\/\/www.idol.cz\/at\/#website\"},\"primaryImageOfPage\":{\"@id\":\"https:\/\/www.idol.cz\/at\/produkt\/e-shop\/nahradni-dily-na-virivky-a-swim-spa-bazeny-idol-spas\/filtrace\/kartuse\/kartuse-darlly-sc705\/#primaryimage\"},\"image\":{\"@id\":\"https:\/\/www.idol.cz\/at\/produkt\/e-shop\/nahradni-dily-na-virivky-a-swim-spa-bazeny-idol-spas\/filtrace\/kartuse\/kartuse-darlly-sc705\/#primaryimage\"},\"thumbnailUrl\":\"https:\/\/www.idol.cz\/wp-content\/uploads\/2021\/02\/sc705-full_Darlly.jpg\",\"datePublished\":\"2021-02-26T10:56:29+00:00\",\"dateModified\":\"2023-10-15T13:13:11+00:00\",\"breadcrumb\":{\"@id\":\"https:\/\/www.idol.cz\/at\/produkt\/e-shop\/nahradni-dily-na-virivky-a-swim-spa-bazeny-idol-spas\/filtrace\/kartuse\/kartuse-darlly-sc705\/#breadcrumb\"},\"inLanguage\":\"at-AT\",\"potentialAction\":[{\"@type\":\"ReadAction\",\"target\":[\"https:\/\/www.idol.cz\/at\/produkt\/e-shop\/nahradni-dily-na-virivky-a-swim-spa-bazeny-idol-spas\/filtrace\/kartuse\/kartuse-darlly-sc705\/\"]}]},{\"@type\":\"ImageObject\",\"inLanguage\":\"at-AT\",\"@id\":\"https:\/\/www.idol.cz\/at\/produkt\/e-shop\/nahradni-dily-na-virivky-a-swim-spa-bazeny-idol-spas\/filtrace\/kartuse\/kartuse-darlly-sc705\/#primaryimage\",\"url\":\"https:\/\/www.idol.cz\/wp-content\/uploads\/2021\/02\/sc705-full_Darlly.jpg\",\"contentUrl\":\"https:\/\/www.idol.cz\/wp-content\/uploads\/2021\/02\/sc705-full_Darlly.jpg\",\"width\":1000,\"height\":1000,\"caption\":\"kartuse_sc705\"},{\"@type\":\"BreadcrumbList\",\"@id\":\"https:\/\/www.idol.cz\/at\/produkt\/e-shop\/nahradni-dily-na-virivky-a-swim-spa-bazeny-idol-spas\/filtrace\/kartuse\/kartuse-darlly-sc705\/#breadcrumb\",\"itemListElement\":[{\"@type\":\"ListItem\",\"position\":1,\"name\":\"Dom\u016f\",\"item\":\"https:\/\/www.idol.cz\/at\/\"},{\"@type\":\"ListItem\",\"position\":2,\"name\":\"E-Shop\",\"item\":\"https:\/\/www.idol.cz\/at\/e-shop\/\"},{\"@type\":\"ListItem\",\"position\":3,\"name\":\"E-shop\",\"item\":\"https:\/\/www.idol.cz\/kategorie-produktu\/e-shop\/\"},{\"@type\":\"ListItem\",\"position\":4,\"name\":\"N\u00e1hradn\u00ed d\u00edly na v\u00ed\u0159ivky a swim spa baz\u00e9ny Idol spas\",\"item\":\"https:\/\/www.idol.cz\/kategorie-produktu\/e-shop\/nahradni-dily-na-virivky-a-swim-spa-bazeny-idol-spas\/\"},{\"@type\":\"ListItem\",\"position\":5,\"name\":\"Filtrace\",\"item\":\"https:\/\/www.idol.cz\/kategorie-produktu\/e-shop\/nahradni-dily-na-virivky-a-swim-spa-bazeny-idol-spas\/filtrace\/\"},{\"@type\":\"ListItem\",\"position\":6,\"name\":\"Kartu\u0161\",\"item\":\"https:\/\/www.idol.cz\/kategorie-produktu\/e-shop\/nahradni-dily-na-virivky-a-swim-spa-bazeny-idol-spas\/filtrace\/kartuse\/\"},{\"@type\":\"ListItem\",\"position\":7,\"name\":\"Kartu\u0161e Darlly SC705\"}]},{\"@type\":\"WebSite\",\"@id\":\"https:\/\/www.idol.cz\/at\/#website\",\"url\":\"https:\/\/www.idol.cz\/at\/\",\"name\":\"v\u00ed\u0159ivky venkovn\u00ed, swim spa, baz\u00e9ny\",\"description\":\"Luxusn\u00ed \u010desk\u00e9 v\u00ed\u0159ivky a swim spa\",\"publisher\":{\"@id\":\"https:\/\/www.idol.cz\/at\/#organization\"},\"potentialAction\":[{\"@type\":\"SearchAction\",\"target\":{\"@type\":\"EntryPoint\",\"urlTemplate\":\"https:\/\/www.idol.cz\/at\/?s={search_term_string}\"},\"query-input\":{\"@type\":\"PropertyValueSpecification\",\"valueRequired\":true,\"valueName\":\"search_term_string\"}}],\"inLanguage\":\"at-AT\"},{\"@type\":\"Organization\",\"@id\":\"https:\/\/www.idol.cz\/at\/#organization\",\"name\":\"IDOL SPAS, s.r.o.\",\"url\":\"https:\/\/www.idol.cz\/at\/\",\"logo\":{\"@type\":\"ImageObject\",\"inLanguage\":\"at-AT\",\"@id\":\"https:\/\/www.idol.cz\/at\/#\/schema\/logo\/image\/\",\"url\":\"https:\/\/www.idol.cz\/wp-content\/uploads\/2020\/02\/idol-spas-logo.png\",\"contentUrl\":\"https:\/\/www.idol.cz\/wp-content\/uploads\/2020\/02\/idol-spas-logo.png\",\"width\":512,\"height\":206,\"caption\":\"IDOL SPAS, s.r.o.\"},\"image\":{\"@id\":\"https:\/\/www.idol.cz\/at\/#\/schema\/logo\/image\/\"},\"sameAs\":[\"https:\/\/www.facebook.com\/IdolSpas\/\"]}]}<\/script>\n<!-- \/ Yoast SEO Premium plugin. -->","yoast_head_json":{"title":"Kartu\u0161e Darlly SC705 | Whirlpools im Freien, Swim Spa, Schwimmb\u00e4der","robots":{"index":"index","follow":"follow","max-snippet":"max-snippet:-1","max-image-preview":"max-image-preview:large","max-video-preview":"max-video-preview:-1"},"canonical":"https:\/\/www.idol.cz\/at\/produkt\/e-shop\/nahradni-dily-na-virivky-a-swim-spa-bazeny-idol-spas\/filtrace\/kartuse\/kartuse-darlly-sc705\/","og_locale":"en_US","og_type":"article","og_title":"Kartu\u0161e Darlly SC705","og_description":"Parametry kartu\u0161e D\u00e9lka\u00a0 \u00a0 \u00a0 \u00a0 \u00a0 \u00a0 \u00a0 \u00a0 \u00a0 \u00a0 \u00a0 \u00a0 \u00a0 \u00a0 \u00a0 \u00a0 \u00a0 \u00a024 cm Pr\u016fm\u011br vn\u011bj\u0161\u00ed\u00a0 \u00a0 \u00a0 \u00a0 \u00a0 \u00a0 \u00a0 \u00a0 \u00a0 \u00a0 13 cm Pr\u016fm\u011br otvoru\u00a0 \u00a0 \u00a0 \u00a0 \u00a0 \u00a0 \u00a0 \u00a0 \u00a0 \u00a0 5 cm","og_url":"https:\/\/www.idol.cz\/at\/produkt\/e-shop\/nahradni-dily-na-virivky-a-swim-spa-bazeny-idol-spas\/filtrace\/kartuse\/kartuse-darlly-sc705\/","og_site_name":"Whirlpools im Freien, Swim Spa, Schwimmb\u00e4der","article_publisher":"https:\/\/www.facebook.com\/IdolSpas\/","article_modified_time":"2023-10-15T13:13:11+00:00","og_image":[{"width":1000,"height":1000,"url":"https:\/\/www.idol.cz\/wp-content\/uploads\/2021\/02\/sc705-full_Darlly.jpg","type":"image\/jpeg"}],"twitter_card":"summary_large_image","schema":{"@context":"https:\/\/schema.org","@graph":[{"@type":"WebPage","@id":"https:\/\/www.idol.cz\/at\/produkt\/e-shop\/nahradni-dily-na-virivky-a-swim-spa-bazeny-idol-spas\/filtrace\/kartuse\/kartuse-darlly-sc705\/","url":"https:\/\/www.idol.cz\/at\/produkt\/e-shop\/nahradni-dily-na-virivky-a-swim-spa-bazeny-idol-spas\/filtrace\/kartuse\/kartuse-darlly-sc705\/","name":"Kartu\u0161e Darlly SC705 | Whirlpools im Freien, Swim Spa, Schwimmb\u00e4der","isPartOf":{"@id":"https:\/\/www.idol.cz\/at\/#website"},"primaryImageOfPage":{"@id":"https:\/\/www.idol.cz\/at\/produkt\/e-shop\/nahradni-dily-na-virivky-a-swim-spa-bazeny-idol-spas\/filtrace\/kartuse\/kartuse-darlly-sc705\/#primaryimage"},"image":{"@id":"https:\/\/www.idol.cz\/at\/produkt\/e-shop\/nahradni-dily-na-virivky-a-swim-spa-bazeny-idol-spas\/filtrace\/kartuse\/kartuse-darlly-sc705\/#primaryimage"},"thumbnailUrl":"https:\/\/www.idol.cz\/wp-content\/uploads\/2021\/02\/sc705-full_Darlly.jpg","datePublished":"2021-02-26T10:56:29+00:00","dateModified":"2023-10-15T13:13:11+00:00","breadcrumb":{"@id":"https:\/\/www.idol.cz\/at\/produkt\/e-shop\/nahradni-dily-na-virivky-a-swim-spa-bazeny-idol-spas\/filtrace\/kartuse\/kartuse-darlly-sc705\/#breadcrumb"},"inLanguage":"at-AT","potentialAction":[{"@type":"ReadAction","target":["https:\/\/www.idol.cz\/at\/produkt\/e-shop\/nahradni-dily-na-virivky-a-swim-spa-bazeny-idol-spas\/filtrace\/kartuse\/kartuse-darlly-sc705\/"]}]},{"@type":"ImageObject","inLanguage":"at-AT","@id":"https:\/\/www.idol.cz\/at\/produkt\/e-shop\/nahradni-dily-na-virivky-a-swim-spa-bazeny-idol-spas\/filtrace\/kartuse\/kartuse-darlly-sc705\/#primaryimage","url":"https:\/\/www.idol.cz\/wp-content\/uploads\/2021\/02\/sc705-full_Darlly.jpg","contentUrl":"https:\/\/www.idol.cz\/wp-content\/uploads\/2021\/02\/sc705-full_Darlly.jpg","width":1000,"height":1000,"caption":"kartuse_sc705"},{"@type":"BreadcrumbList","@id":"https:\/\/www.idol.cz\/at\/produkt\/e-shop\/nahradni-dily-na-virivky-a-swim-spa-bazeny-idol-spas\/filtrace\/kartuse\/kartuse-darlly-sc705\/#breadcrumb","itemListElement":[{"@type":"ListItem","position":1,"name":"Dom\u016f","item":"https:\/\/www.idol.cz\/at\/"},{"@type":"ListItem","position":2,"name":"E-Shop","item":"https:\/\/www.idol.cz\/at\/e-shop\/"},{"@type":"ListItem","position":3,"name":"E-shop","item":"https:\/\/www.idol.cz\/kategorie-produktu\/e-shop\/"},{"@type":"ListItem","position":4,"name":"N\u00e1hradn\u00ed d\u00edly na v\u00ed\u0159ivky a swim spa baz\u00e9ny Idol spas","item":"https:\/\/www.idol.cz\/kategorie-produktu\/e-shop\/nahradni-dily-na-virivky-a-swim-spa-bazeny-idol-spas\/"},{"@type":"ListItem","position":5,"name":"Filtrace","item":"https:\/\/www.idol.cz\/kategorie-produktu\/e-shop\/nahradni-dily-na-virivky-a-swim-spa-bazeny-idol-spas\/filtrace\/"},{"@type":"ListItem","position":6,"name":"Kartu\u0161","item":"https:\/\/www.idol.cz\/kategorie-produktu\/e-shop\/nahradni-dily-na-virivky-a-swim-spa-bazeny-idol-spas\/filtrace\/kartuse\/"},{"@type":"ListItem","position":7,"name":"Kartu\u0161e Darlly SC705"}]},{"@type":"WebSite","@id":"https:\/\/www.idol.cz\/at\/#website","url":"https:\/\/www.idol.cz\/at\/","name":"v\u00ed\u0159ivky venkovn\u00ed, swim spa, baz\u00e9ny","description":"Luxusn\u00ed \u010desk\u00e9 v\u00ed\u0159ivky a swim spa","publisher":{"@id":"https:\/\/www.idol.cz\/at\/#organization"},"potentialAction":[{"@type":"SearchAction","target":{"@type":"EntryPoint","urlTemplate":"https:\/\/www.idol.cz\/at\/?s={search_term_string}"},"query-input":{"@type":"PropertyValueSpecification","valueRequired":true,"valueName":"search_term_string"}}],"inLanguage":"at-AT"},{"@type":"Organization","@id":"https:\/\/www.idol.cz\/at\/#organization","name":"IDOL SPAS, s.r.o.","url":"https:\/\/www.idol.cz\/at\/","logo":{"@type":"ImageObject","inLanguage":"at-AT","@id":"https:\/\/www.idol.cz\/at\/#\/schema\/logo\/image\/","url":"https:\/\/www.idol.cz\/wp-content\/uploads\/2020\/02\/idol-spas-logo.png","contentUrl":"https:\/\/www.idol.cz\/wp-content\/uploads\/2020\/02\/idol-spas-logo.png","width":512,"height":206,"caption":"IDOL SPAS, s.r.o."},"image":{"@id":"https:\/\/www.idol.cz\/at\/#\/schema\/logo\/image\/"},"sameAs":["https:\/\/www.facebook.com\/IdolSpas\/"]}]}},"_links":{"self":[{"href":"https:\/\/www.idol.cz\/at\/wp-json\/wp\/v2\/product\/17559"}],"collection":[{"href":"https:\/\/www.idol.cz\/at\/wp-json\/wp\/v2\/product"}],"about":[{"href":"https:\/\/www.idol.cz\/at\/wp-json\/wp\/v2\/types\/product"}],"wp:featuredmedia":[{"embeddable":true,"href":"https:\/\/www.idol.cz\/at\/wp-json\/wp\/v2\/media\/17560"}],"wp:attachment":[{"href":"https:\/\/www.idol.cz\/at\/wp-json\/wp\/v2\/media?parent=17559"}],"wp:term":[{"taxonomy":"product_cat","embeddable":true,"href":"https:\/\/www.idol.cz\/at\/wp-json\/wp\/v2\/product_cat?post=17559"},{"taxonomy":"product_tag","embeddable":true,"href":"https:\/\/www.idol.cz\/at\/wp-json\/wp\/v2\/product_tag?post=17559"}],"curies":[{"name":"wp","href":"https:\/\/api.w.org\/{rel}","templated":true}]}}