{"id":18413,"date":"2021-04-21T10:55:24","date_gmt":"2021-04-21T08:55:24","guid":{"rendered":"https:\/\/www.idol.cz\/?post_type=product&#038;p=18413"},"modified":"2021-04-21T11:08:34","modified_gmt":"2021-04-21T09:08:34","slug":"spa-oxy-aktivator","status":"publish","type":"product","link":"https:\/\/www.idol.cz\/at\/produkt\/chemie-fur-whirlpools-und-schwimmbader-at\/spa-oxy-aktivator\/","title":{"rendered":"SPA &#8211; OXY aktiv\u00e1tor"},"content":{"rendered":"\t\t<div data-elementor-type=\"product-post\" data-elementor-id=\"18413\" class=\"elementor elementor-18413\" data-elementor-post-type=\"product\">\n\t\t\t\t\t\t<section class=\"ob-is-breaking-bad elementor-section elementor-top-section elementor-element elementor-element-67295668 elementor-section-boxed elementor-section-height-default elementor-section-height-default\" data-id=\"67295668\" data-element_type=\"section\" data-settings=\"{&quot;_ob_bbad_use_it&quot;:&quot;yes&quot;,&quot;_ob_bbad_sssic_use&quot;:&quot;no&quot;}\">\n\t\t\t\t\t\t<div class=\"elementor-container elementor-column-gap-default\">\n\t\t\t\t\t<div class=\"elementor-column elementor-col-100 elementor-top-column elementor-element elementor-element-1e3d91b7\" data-id=\"1e3d91b7\" data-element_type=\"column\" data-settings=\"{&quot;_ob_bbad_is_stalker&quot;:&quot;no&quot;,&quot;_ob_teleporter_use&quot;:false}\">\n\t\t\t<div class=\"elementor-widget-wrap elementor-element-populated\">\n\t\t\t\t\t\t<div class=\"elementor-element elementor-element-4047b2d9 ob-harakiri-inherit elementor-widget elementor-widget-text-editor\" data-id=\"4047b2d9\" data-element_type=\"widget\" data-settings=\"{&quot;_ob_use_harakiri&quot;:&quot;yes&quot;,&quot;_ob_harakiri_writing_mode&quot;:&quot;inherit&quot;,&quot;_ob_widget_stalker_use&quot;:&quot;no&quot;}\" data-widget_type=\"text-editor.default\">\n\t\t\t\t\t\t\t\t\t<p><strong>Druh\u00e1 slo\u017eka (aktiv\u00e1tor) pro p\u0159\u00edpravek SPA OXY &#8211; kysl\u00edkov\u00e9 tablety.<\/strong><\/p><p><strong>Objem: 1l<\/strong><\/p>\t\t\t\t\t\t\t\t<\/div>\n\t\t\t\t\t<\/div>\n\t\t<\/div>\n\t\t\t\t\t<\/div>\n\t\t<\/section>\n\t\t\t\t<\/div>\n\t\t","protected":false},"excerpt":{"rendered":"<p>Druh\u00e1 slo\u017eka (aktiv\u00e1tor) pro p\u0159\u00edpravek SPA OXY &#8211; kysl\u00edkov\u00e9 tablety. Objem: 1l<\/p>\n","protected":false},"featured_media":18418,"template":"","meta":[],"product_cat":[266,275],"product_tag":[],"class_list":{"0":"post-18413","1":"product","2":"type-product","3":"status-publish","4":"has-post-thumbnail","6":"product_cat-chemie-pro-virivky-a-swim-spa-bazeny","7":"product_cat-spa-chemie","9":"first","10":"instock","11":"taxable","12":"shipping-taxable","13":"purchasable","14":"product-type-simple"},"yoast_head":"<!-- This site is optimized with the Yoast SEO Premium plugin v24.9 (Yoast SEO v24.9) - https:\/\/yoast.com\/wordpress\/plugins\/seo\/ -->\n<title>N\u00e1zev Whirlpools im Freien, Swim Spa, Schwimmb\u00e4der N\u00e1zev | Whirlpools im Freien, Swim Spa, Schwimmb\u00e4der<\/title>\n<meta name=\"robots\" content=\"index, follow, max-snippet:-1, max-image-preview:large, max-video-preview:-1\" \/>\n<link rel=\"canonical\" href=\"https:\/\/www.idol.cz\/at\/produkt\/chemie-fur-whirlpools-und-schwimmbader-at\/spa-oxy-aktivator\/\" \/>\n<meta property=\"og:locale\" content=\"en_US\" \/>\n<meta property=\"og:type\" content=\"article\" \/>\n<meta property=\"og:title\" content=\"SPA - OXY aktiv\u00e1tor\" \/>\n<meta property=\"og:description\" content=\"Druh\u00e1 slo\u017eka (aktiv\u00e1tor) pro p\u0159\u00edpravek SPA OXY &#8211; kysl\u00edkov\u00e9 tablety. Objem: 1l\" \/>\n<meta property=\"og:url\" content=\"https:\/\/www.idol.cz\/at\/produkt\/chemie-fur-whirlpools-und-schwimmbader-at\/spa-oxy-aktivator\/\" \/>\n<meta property=\"og:site_name\" content=\"Whirlpools im Freien, Swim Spa, Schwimmb\u00e4der\" \/>\n<meta property=\"article:publisher\" content=\"https:\/\/www.facebook.com\/IdolSpas\/\" \/>\n<meta property=\"article:modified_time\" content=\"2021-04-21T09:08:34+00:00\" \/>\n<meta property=\"og:image\" content=\"https:\/\/www.idol.cz\/wp-content\/uploads\/2021\/04\/SPA_OXY_A.jpg\" \/>\n\t<meta property=\"og:image:width\" content=\"1678\" \/>\n\t<meta property=\"og:image:height\" content=\"2302\" \/>\n\t<meta property=\"og:image:type\" content=\"image\/jpeg\" \/>\n<meta name=\"twitter:card\" content=\"summary_large_image\" \/>\n<script type=\"application\/ld+json\" class=\"yoast-schema-graph\">{\"@context\":\"https:\/\/schema.org\",\"@graph\":[{\"@type\":\"WebPage\",\"@id\":\"https:\/\/www.idol.cz\/at\/produkt\/chemie-fur-whirlpools-und-schwimmbader-at\/spa-oxy-aktivator\/\",\"url\":\"https:\/\/www.idol.cz\/at\/produkt\/chemie-fur-whirlpools-und-schwimmbader-at\/spa-oxy-aktivator\/\",\"name\":\"N\u00e1zev Whirlpools im Freien, Swim Spa, Schwimmb\u00e4der N\u00e1zev | Whirlpools im Freien, Swim Spa, Schwimmb\u00e4der\",\"isPartOf\":{\"@id\":\"\/#website\"},\"primaryImageOfPage\":{\"@id\":\"https:\/\/www.idol.cz\/at\/produkt\/chemie-fur-whirlpools-und-schwimmbader-at\/spa-oxy-aktivator\/#primaryimage\"},\"image\":{\"@id\":\"https:\/\/www.idol.cz\/at\/produkt\/chemie-fur-whirlpools-und-schwimmbader-at\/spa-oxy-aktivator\/#primaryimage\"},\"thumbnailUrl\":\"https:\/\/www.idol.cz\/wp-content\/uploads\/2021\/04\/SPA_OXY_A.jpg\",\"datePublished\":\"2021-04-21T08:55:24+00:00\",\"dateModified\":\"2021-04-21T09:08:34+00:00\",\"breadcrumb\":{\"@id\":\"https:\/\/www.idol.cz\/at\/produkt\/chemie-fur-whirlpools-und-schwimmbader-at\/spa-oxy-aktivator\/#breadcrumb\"},\"inLanguage\":\"at-AT\",\"potentialAction\":[{\"@type\":\"ReadAction\",\"target\":[\"https:\/\/www.idol.cz\/at\/produkt\/chemie-fur-whirlpools-und-schwimmbader-at\/spa-oxy-aktivator\/\"]}]},{\"@type\":\"ImageObject\",\"inLanguage\":\"at-AT\",\"@id\":\"https:\/\/www.idol.cz\/at\/produkt\/chemie-fur-whirlpools-und-schwimmbader-at\/spa-oxy-aktivator\/#primaryimage\",\"url\":\"https:\/\/www.idol.cz\/wp-content\/uploads\/2021\/04\/SPA_OXY_A.jpg\",\"contentUrl\":\"https:\/\/www.idol.cz\/wp-content\/uploads\/2021\/04\/SPA_OXY_A.jpg\",\"width\":1678,\"height\":2302,\"caption\":\"SPA - OXY aktiv\u00e1tor\"},{\"@type\":\"BreadcrumbList\",\"@id\":\"https:\/\/www.idol.cz\/at\/produkt\/chemie-fur-whirlpools-und-schwimmbader-at\/spa-oxy-aktivator\/#breadcrumb\",\"itemListElement\":[{\"@type\":\"ListItem\",\"position\":1,\"name\":\"Dom\u016f\",\"item\":\"https:\/\/www.idol.cz\/at\/\"},{\"@type\":\"ListItem\",\"position\":2,\"name\":\"Chemie f\u00fcr Whirlpools und Schwimmb\u00e4der\",\"item\":\"https:\/\/www.idol.cz\/at\/kategorie-produktu\/chemie-fur-whirlpools-und-schwimmbader-at\/\"},{\"@type\":\"ListItem\",\"position\":3,\"name\":\"SPA &#8211; OXY aktiv\u00e1tor\"}]},{\"@type\":\"WebSite\",\"@id\":\"\/#website\",\"url\":\"\/\",\"name\":\"v\u00ed\u0159ivky venkovn\u00ed, swim spa, baz\u00e9ny\",\"description\":\"Luxusn\u00ed \u010desk\u00e9 v\u00ed\u0159ivky a swim spa\",\"publisher\":{\"@id\":\"\/#organization\"},\"potentialAction\":[{\"@type\":\"SearchAction\",\"target\":{\"@type\":\"EntryPoint\",\"urlTemplate\":\"\/?s={search_term_string}\"},\"query-input\":{\"@type\":\"PropertyValueSpecification\",\"valueRequired\":true,\"valueName\":\"search_term_string\"}}],\"inLanguage\":\"at-AT\"},{\"@type\":\"Organization\",\"@id\":\"\/#organization\",\"name\":\"IDOL SPAS, s.r.o.\",\"url\":\"\/\",\"logo\":{\"@type\":\"ImageObject\",\"inLanguage\":\"at-AT\",\"@id\":\"\/#\/schema\/logo\/image\/\",\"url\":\"https:\/\/www.idol.cz\/wp-content\/uploads\/2020\/02\/idol-spas-logo.png\",\"contentUrl\":\"https:\/\/www.idol.cz\/wp-content\/uploads\/2020\/02\/idol-spas-logo.png\",\"width\":512,\"height\":206,\"caption\":\"IDOL SPAS, s.r.o.\"},\"image\":{\"@id\":\"\/#\/schema\/logo\/image\/\"},\"sameAs\":[\"https:\/\/www.facebook.com\/IdolSpas\/\"]}]}<\/script>\n<!-- \/ Yoast SEO Premium plugin. -->","yoast_head_json":{"title":"N\u00e1zev Whirlpools im Freien, Swim Spa, Schwimmb\u00e4der N\u00e1zev | Whirlpools im Freien, Swim Spa, Schwimmb\u00e4der","robots":{"index":"index","follow":"follow","max-snippet":"max-snippet:-1","max-image-preview":"max-image-preview:large","max-video-preview":"max-video-preview:-1"},"canonical":"https:\/\/www.idol.cz\/at\/produkt\/chemie-fur-whirlpools-und-schwimmbader-at\/spa-oxy-aktivator\/","og_locale":"en_US","og_type":"article","og_title":"SPA - OXY aktiv\u00e1tor","og_description":"Druh\u00e1 slo\u017eka (aktiv\u00e1tor) pro p\u0159\u00edpravek SPA OXY &#8211; kysl\u00edkov\u00e9 tablety. Objem: 1l","og_url":"https:\/\/www.idol.cz\/at\/produkt\/chemie-fur-whirlpools-und-schwimmbader-at\/spa-oxy-aktivator\/","og_site_name":"Whirlpools im Freien, Swim Spa, Schwimmb\u00e4der","article_publisher":"https:\/\/www.facebook.com\/IdolSpas\/","article_modified_time":"2021-04-21T09:08:34+00:00","og_image":[{"width":1678,"height":2302,"url":"https:\/\/www.idol.cz\/wp-content\/uploads\/2021\/04\/SPA_OXY_A.jpg","type":"image\/jpeg"}],"twitter_card":"summary_large_image","schema":{"@context":"https:\/\/schema.org","@graph":[{"@type":"WebPage","@id":"https:\/\/www.idol.cz\/at\/produkt\/chemie-fur-whirlpools-und-schwimmbader-at\/spa-oxy-aktivator\/","url":"https:\/\/www.idol.cz\/at\/produkt\/chemie-fur-whirlpools-und-schwimmbader-at\/spa-oxy-aktivator\/","name":"N\u00e1zev Whirlpools im Freien, Swim Spa, Schwimmb\u00e4der N\u00e1zev | Whirlpools im Freien, Swim Spa, Schwimmb\u00e4der","isPartOf":{"@id":"\/#website"},"primaryImageOfPage":{"@id":"https:\/\/www.idol.cz\/at\/produkt\/chemie-fur-whirlpools-und-schwimmbader-at\/spa-oxy-aktivator\/#primaryimage"},"image":{"@id":"https:\/\/www.idol.cz\/at\/produkt\/chemie-fur-whirlpools-und-schwimmbader-at\/spa-oxy-aktivator\/#primaryimage"},"thumbnailUrl":"https:\/\/www.idol.cz\/wp-content\/uploads\/2021\/04\/SPA_OXY_A.jpg","datePublished":"2021-04-21T08:55:24+00:00","dateModified":"2021-04-21T09:08:34+00:00","breadcrumb":{"@id":"https:\/\/www.idol.cz\/at\/produkt\/chemie-fur-whirlpools-und-schwimmbader-at\/spa-oxy-aktivator\/#breadcrumb"},"inLanguage":"at-AT","potentialAction":[{"@type":"ReadAction","target":["https:\/\/www.idol.cz\/at\/produkt\/chemie-fur-whirlpools-und-schwimmbader-at\/spa-oxy-aktivator\/"]}]},{"@type":"ImageObject","inLanguage":"at-AT","@id":"https:\/\/www.idol.cz\/at\/produkt\/chemie-fur-whirlpools-und-schwimmbader-at\/spa-oxy-aktivator\/#primaryimage","url":"https:\/\/www.idol.cz\/wp-content\/uploads\/2021\/04\/SPA_OXY_A.jpg","contentUrl":"https:\/\/www.idol.cz\/wp-content\/uploads\/2021\/04\/SPA_OXY_A.jpg","width":1678,"height":2302,"caption":"SPA - OXY aktiv\u00e1tor"},{"@type":"BreadcrumbList","@id":"https:\/\/www.idol.cz\/at\/produkt\/chemie-fur-whirlpools-und-schwimmbader-at\/spa-oxy-aktivator\/#breadcrumb","itemListElement":[{"@type":"ListItem","position":1,"name":"Dom\u016f","item":"https:\/\/www.idol.cz\/at\/"},{"@type":"ListItem","position":2,"name":"Chemie f\u00fcr Whirlpools und Schwimmb\u00e4der","item":"https:\/\/www.idol.cz\/at\/kategorie-produktu\/chemie-fur-whirlpools-und-schwimmbader-at\/"},{"@type":"ListItem","position":3,"name":"SPA &#8211; OXY aktiv\u00e1tor"}]},{"@type":"WebSite","@id":"\/#website","url":"\/","name":"v\u00ed\u0159ivky venkovn\u00ed, swim spa, baz\u00e9ny","description":"Luxusn\u00ed \u010desk\u00e9 v\u00ed\u0159ivky a swim spa","publisher":{"@id":"\/#organization"},"potentialAction":[{"@type":"SearchAction","target":{"@type":"EntryPoint","urlTemplate":"\/?s={search_term_string}"},"query-input":{"@type":"PropertyValueSpecification","valueRequired":true,"valueName":"search_term_string"}}],"inLanguage":"at-AT"},{"@type":"Organization","@id":"\/#organization","name":"IDOL SPAS, s.r.o.","url":"\/","logo":{"@type":"ImageObject","inLanguage":"at-AT","@id":"\/#\/schema\/logo\/image\/","url":"https:\/\/www.idol.cz\/wp-content\/uploads\/2020\/02\/idol-spas-logo.png","contentUrl":"https:\/\/www.idol.cz\/wp-content\/uploads\/2020\/02\/idol-spas-logo.png","width":512,"height":206,"caption":"IDOL SPAS, s.r.o."},"image":{"@id":"\/#\/schema\/logo\/image\/"},"sameAs":["https:\/\/www.facebook.com\/IdolSpas\/"]}]}},"_links":{"self":[{"href":"https:\/\/www.idol.cz\/at\/wp-json\/wp\/v2\/product\/18413"}],"collection":[{"href":"https:\/\/www.idol.cz\/at\/wp-json\/wp\/v2\/product"}],"about":[{"href":"https:\/\/www.idol.cz\/at\/wp-json\/wp\/v2\/types\/product"}],"wp:featuredmedia":[{"embeddable":true,"href":"https:\/\/www.idol.cz\/at\/wp-json\/wp\/v2\/media\/18418"}],"wp:attachment":[{"href":"https:\/\/www.idol.cz\/at\/wp-json\/wp\/v2\/media?parent=18413"}],"wp:term":[{"taxonomy":"product_cat","embeddable":true,"href":"https:\/\/www.idol.cz\/at\/wp-json\/wp\/v2\/product_cat?post=18413"},{"taxonomy":"product_tag","embeddable":true,"href":"https:\/\/www.idol.cz\/at\/wp-json\/wp\/v2\/product_tag?post=18413"}],"curies":[{"name":"wp","href":"https:\/\/api.w.org\/{rel}","templated":true}]}}