{"id":18453,"date":"2021-04-21T11:31:05","date_gmt":"2021-04-21T09:31:05","guid":{"rendered":"https:\/\/www.idol.cz\/?post_type=product&#038;p=18453"},"modified":"2021-09-16T16:45:59","modified_gmt":"2021-09-16T14:45:59","slug":"guaa-whirlpool","status":"publish","type":"product","link":"https:\/\/www.idol.cz\/at\/produkt\/e-shop\/chemie-pro-virivky-a-swim-spa-bazeny\/guaa-whirlpool\/","title":{"rendered":"GUAa WHIRLPOOL"},"content":{"rendered":"\t\t<div data-elementor-type=\"product-post\" data-elementor-id=\"18453\" class=\"elementor elementor-18453\" data-elementor-post-type=\"product\">\n\t\t\t\t\t\t<section class=\"ob-is-breaking-bad elementor-section elementor-top-section elementor-element elementor-element-67295668 elementor-section-boxed elementor-section-height-default elementor-section-height-default\" data-id=\"67295668\" data-element_type=\"section\" data-settings=\"{&quot;_ob_bbad_use_it&quot;:&quot;yes&quot;,&quot;_ob_bbad_sssic_use&quot;:&quot;no&quot;}\">\n\t\t\t\t\t\t<div class=\"elementor-container elementor-column-gap-default\">\n\t\t\t\t\t<div class=\"elementor-column elementor-col-100 elementor-top-column elementor-element elementor-element-1e3d91b7\" data-id=\"1e3d91b7\" data-element_type=\"column\" data-settings=\"{&quot;_ob_bbad_is_stalker&quot;:&quot;no&quot;,&quot;_ob_teleporter_use&quot;:false}\">\n\t\t\t<div class=\"elementor-widget-wrap elementor-element-populated\">\n\t\t\t\t\t\t<div class=\"elementor-element elementor-element-4047b2d9 ob-harakiri-inherit elementor-widget elementor-widget-text-editor\" data-id=\"4047b2d9\" data-element_type=\"widget\" data-settings=\"{&quot;_ob_use_harakiri&quot;:&quot;yes&quot;,&quot;_ob_harakiri_writing_mode&quot;:&quot;inherit&quot;,&quot;_ob_widget_stalker_use&quot;:&quot;no&quot;}\" data-widget_type=\"text-editor.default\">\n\t\t\t\t\t\t\t\t\t<p><strong>Velmi \u00fa\u010dinn\u00e1 bezchlorov\u00e1 dezinfekce vody ve v\u00ed\u0159ivce.<\/strong><\/p>\t\t\t\t\t\t\t\t<\/div>\n\t\t\t\t\t<\/div>\n\t\t<\/div>\n\t\t\t\t\t<\/div>\n\t\t<\/section>\n\t\t\t\t<\/div>\n\t\t","protected":false},"excerpt":{"rendered":"<p>Velmi \u00fa\u010dinn\u00e1 bezchlorov\u00e1 dezinfekce vody ve v\u00ed\u0159ivce.<\/p>\n","protected":false},"featured_media":18464,"template":"","meta":[],"product_cat":[266,276],"product_tag":[],"class_list":{"0":"post-18453","1":"product","2":"type-product","3":"status-publish","4":"has-post-thumbnail","6":"product_cat-chemie-pro-virivky-a-swim-spa-bazeny","7":"product_cat-guaa_chemie","9":"first","10":"instock","11":"taxable","12":"shipping-taxable","13":"purchasable","14":"product-type-simple"},"yoast_head":"<!-- This site is optimized with the Yoast SEO Premium plugin v24.9 (Yoast SEO v24.9) - https:\/\/yoast.com\/wordpress\/plugins\/seo\/ -->\n<title>GUAa WHIRLPOOL Whirlpools im Freien, Swim Spa, Schwimmb\u00e4der |<\/title>\n<meta name=\"description\" content=\"Chemie dezinfekce vody pro v\u00ed\u0159ivky a baz\u00e9ny. GUAa whirlpool, baz\u00e9nov\u00e1 chemie.\" \/>\n<meta name=\"robots\" content=\"index, follow, max-snippet:-1, max-image-preview:large, max-video-preview:-1\" \/>\n<link rel=\"canonical\" href=\"https:\/\/www.idol.cz\/at\/produkt\/e-shop\/chemie-pro-virivky-a-swim-spa-bazeny\/guaa-whirlpool\/\" \/>\n<meta property=\"og:locale\" content=\"en_US\" \/>\n<meta property=\"og:type\" content=\"article\" \/>\n<meta property=\"og:title\" content=\"GUAa WHIRLPOOL\" \/>\n<meta property=\"og:description\" content=\"Chemie dezinfekce vody pro v\u00ed\u0159ivky a baz\u00e9ny. GUAa whirlpool, baz\u00e9nov\u00e1 chemie.\" \/>\n<meta property=\"og:url\" content=\"https:\/\/www.idol.cz\/at\/produkt\/e-shop\/chemie-pro-virivky-a-swim-spa-bazeny\/guaa-whirlpool\/\" \/>\n<meta property=\"og:site_name\" content=\"Whirlpools im Freien, Swim Spa, Schwimmb\u00e4der\" \/>\n<meta property=\"article:publisher\" content=\"https:\/\/www.facebook.com\/IdolSpas\/\" \/>\n<meta property=\"article:modified_time\" content=\"2021-09-16T14:45:59+00:00\" \/>\n<meta property=\"og:image\" content=\"https:\/\/www.idol.cz\/wp-content\/uploads\/2021\/04\/gua-whirlpool-1l.jpg\" \/>\n\t<meta property=\"og:image:width\" content=\"398\" \/>\n\t<meta property=\"og:image:height\" content=\"425\" \/>\n\t<meta property=\"og:image:type\" content=\"image\/jpeg\" \/>\n<meta name=\"twitter:card\" content=\"summary_large_image\" \/>\n<script type=\"application\/ld+json\" class=\"yoast-schema-graph\">{\"@context\":\"https:\/\/schema.org\",\"@graph\":[{\"@type\":\"WebPage\",\"@id\":\"https:\/\/www.idol.cz\/at\/produkt\/e-shop\/chemie-pro-virivky-a-swim-spa-bazeny\/guaa-whirlpool\/\",\"url\":\"https:\/\/www.idol.cz\/at\/produkt\/e-shop\/chemie-pro-virivky-a-swim-spa-bazeny\/guaa-whirlpool\/\",\"name\":\"GUAa WHIRLPOOL Whirlpools im Freien, Swim Spa, Schwimmb\u00e4der |\",\"isPartOf\":{\"@id\":\"https:\/\/www.idol.cz\/at\/#website\"},\"primaryImageOfPage\":{\"@id\":\"https:\/\/www.idol.cz\/at\/produkt\/e-shop\/chemie-pro-virivky-a-swim-spa-bazeny\/guaa-whirlpool\/#primaryimage\"},\"image\":{\"@id\":\"https:\/\/www.idol.cz\/at\/produkt\/e-shop\/chemie-pro-virivky-a-swim-spa-bazeny\/guaa-whirlpool\/#primaryimage\"},\"thumbnailUrl\":\"https:\/\/www.idol.cz\/wp-content\/uploads\/2021\/04\/gua-whirlpool-1l.jpg\",\"datePublished\":\"2021-04-21T09:31:05+00:00\",\"dateModified\":\"2021-09-16T14:45:59+00:00\",\"description\":\"Chemie dezinfekce vody pro v\u00ed\u0159ivky a baz\u00e9ny. GUAa whirlpool, baz\u00e9nov\u00e1 chemie.\",\"breadcrumb\":{\"@id\":\"https:\/\/www.idol.cz\/at\/produkt\/e-shop\/chemie-pro-virivky-a-swim-spa-bazeny\/guaa-whirlpool\/#breadcrumb\"},\"inLanguage\":\"at-AT\",\"potentialAction\":[{\"@type\":\"ReadAction\",\"target\":[\"https:\/\/www.idol.cz\/at\/produkt\/e-shop\/chemie-pro-virivky-a-swim-spa-bazeny\/guaa-whirlpool\/\"]}]},{\"@type\":\"ImageObject\",\"inLanguage\":\"at-AT\",\"@id\":\"https:\/\/www.idol.cz\/at\/produkt\/e-shop\/chemie-pro-virivky-a-swim-spa-bazeny\/guaa-whirlpool\/#primaryimage\",\"url\":\"https:\/\/www.idol.cz\/wp-content\/uploads\/2021\/04\/gua-whirlpool-1l.jpg\",\"contentUrl\":\"https:\/\/www.idol.cz\/wp-content\/uploads\/2021\/04\/gua-whirlpool-1l.jpg\",\"width\":398,\"height\":425,\"caption\":\"Roz\u0161\u00ed\u0159it Velmi \u00fa\u010dinn\u00e1 bezchlorov\u00e1 dezinfekce vody ve v\u00ed\u0159ivce.\"},{\"@type\":\"BreadcrumbList\",\"@id\":\"https:\/\/www.idol.cz\/at\/produkt\/e-shop\/chemie-pro-virivky-a-swim-spa-bazeny\/guaa-whirlpool\/#breadcrumb\",\"itemListElement\":[{\"@type\":\"ListItem\",\"position\":1,\"name\":\"Dom\u016f\",\"item\":\"https:\/\/www.idol.cz\/at\/\"},{\"@type\":\"ListItem\",\"position\":2,\"name\":\"E-Shop\",\"item\":\"https:\/\/www.idol.cz\/at\/e-shop\/\"},{\"@type\":\"ListItem\",\"position\":3,\"name\":\"E-shop\",\"item\":\"https:\/\/www.idol.cz\/kategorie-produktu\/e-shop\/\"},{\"@type\":\"ListItem\",\"position\":4,\"name\":\"Chemie f\u00fcr Whirlpools und Schwimmb\u00e4der\",\"item\":\"https:\/\/www.idol.cz\/at\/kategorie-produktu\/chemie-fur-whirlpools-und-schwimmbader-at\/\"},{\"@type\":\"ListItem\",\"position\":5,\"name\":\"GUAa WHIRLPOOL\"}]},{\"@type\":\"WebSite\",\"@id\":\"https:\/\/www.idol.cz\/at\/#website\",\"url\":\"https:\/\/www.idol.cz\/at\/\",\"name\":\"v\u00ed\u0159ivky venkovn\u00ed, swim spa, baz\u00e9ny\",\"description\":\"Luxusn\u00ed \u010desk\u00e9 v\u00ed\u0159ivky a swim spa\",\"publisher\":{\"@id\":\"https:\/\/www.idol.cz\/at\/#organization\"},\"potentialAction\":[{\"@type\":\"SearchAction\",\"target\":{\"@type\":\"EntryPoint\",\"urlTemplate\":\"https:\/\/www.idol.cz\/at\/?s={search_term_string}\"},\"query-input\":{\"@type\":\"PropertyValueSpecification\",\"valueRequired\":true,\"valueName\":\"search_term_string\"}}],\"inLanguage\":\"at-AT\"},{\"@type\":\"Organization\",\"@id\":\"https:\/\/www.idol.cz\/at\/#organization\",\"name\":\"IDOL SPAS, s.r.o.\",\"url\":\"https:\/\/www.idol.cz\/at\/\",\"logo\":{\"@type\":\"ImageObject\",\"inLanguage\":\"at-AT\",\"@id\":\"https:\/\/www.idol.cz\/at\/#\/schema\/logo\/image\/\",\"url\":\"https:\/\/www.idol.cz\/wp-content\/uploads\/2020\/02\/idol-spas-logo.png\",\"contentUrl\":\"https:\/\/www.idol.cz\/wp-content\/uploads\/2020\/02\/idol-spas-logo.png\",\"width\":512,\"height\":206,\"caption\":\"IDOL SPAS, s.r.o.\"},\"image\":{\"@id\":\"https:\/\/www.idol.cz\/at\/#\/schema\/logo\/image\/\"},\"sameAs\":[\"https:\/\/www.facebook.com\/IdolSpas\/\"]}]}<\/script>\n<!-- \/ Yoast SEO Premium plugin. -->","yoast_head_json":{"title":"GUAa WHIRLPOOL Whirlpools im Freien, Swim Spa, Schwimmb\u00e4der |","description":"Chemie dezinfekce vody pro v\u00ed\u0159ivky a baz\u00e9ny. GUAa whirlpool, baz\u00e9nov\u00e1 chemie.","robots":{"index":"index","follow":"follow","max-snippet":"max-snippet:-1","max-image-preview":"max-image-preview:large","max-video-preview":"max-video-preview:-1"},"canonical":"https:\/\/www.idol.cz\/at\/produkt\/e-shop\/chemie-pro-virivky-a-swim-spa-bazeny\/guaa-whirlpool\/","og_locale":"en_US","og_type":"article","og_title":"GUAa WHIRLPOOL","og_description":"Chemie dezinfekce vody pro v\u00ed\u0159ivky a baz\u00e9ny. GUAa whirlpool, baz\u00e9nov\u00e1 chemie.","og_url":"https:\/\/www.idol.cz\/at\/produkt\/e-shop\/chemie-pro-virivky-a-swim-spa-bazeny\/guaa-whirlpool\/","og_site_name":"Whirlpools im Freien, Swim Spa, Schwimmb\u00e4der","article_publisher":"https:\/\/www.facebook.com\/IdolSpas\/","article_modified_time":"2021-09-16T14:45:59+00:00","og_image":[{"width":398,"height":425,"url":"https:\/\/www.idol.cz\/wp-content\/uploads\/2021\/04\/gua-whirlpool-1l.jpg","type":"image\/jpeg"}],"twitter_card":"summary_large_image","schema":{"@context":"https:\/\/schema.org","@graph":[{"@type":"WebPage","@id":"https:\/\/www.idol.cz\/at\/produkt\/e-shop\/chemie-pro-virivky-a-swim-spa-bazeny\/guaa-whirlpool\/","url":"https:\/\/www.idol.cz\/at\/produkt\/e-shop\/chemie-pro-virivky-a-swim-spa-bazeny\/guaa-whirlpool\/","name":"GUAa WHIRLPOOL Whirlpools im Freien, Swim Spa, Schwimmb\u00e4der |","isPartOf":{"@id":"https:\/\/www.idol.cz\/at\/#website"},"primaryImageOfPage":{"@id":"https:\/\/www.idol.cz\/at\/produkt\/e-shop\/chemie-pro-virivky-a-swim-spa-bazeny\/guaa-whirlpool\/#primaryimage"},"image":{"@id":"https:\/\/www.idol.cz\/at\/produkt\/e-shop\/chemie-pro-virivky-a-swim-spa-bazeny\/guaa-whirlpool\/#primaryimage"},"thumbnailUrl":"https:\/\/www.idol.cz\/wp-content\/uploads\/2021\/04\/gua-whirlpool-1l.jpg","datePublished":"2021-04-21T09:31:05+00:00","dateModified":"2021-09-16T14:45:59+00:00","description":"Chemie dezinfekce vody pro v\u00ed\u0159ivky a baz\u00e9ny. GUAa whirlpool, baz\u00e9nov\u00e1 chemie.","breadcrumb":{"@id":"https:\/\/www.idol.cz\/at\/produkt\/e-shop\/chemie-pro-virivky-a-swim-spa-bazeny\/guaa-whirlpool\/#breadcrumb"},"inLanguage":"at-AT","potentialAction":[{"@type":"ReadAction","target":["https:\/\/www.idol.cz\/at\/produkt\/e-shop\/chemie-pro-virivky-a-swim-spa-bazeny\/guaa-whirlpool\/"]}]},{"@type":"ImageObject","inLanguage":"at-AT","@id":"https:\/\/www.idol.cz\/at\/produkt\/e-shop\/chemie-pro-virivky-a-swim-spa-bazeny\/guaa-whirlpool\/#primaryimage","url":"https:\/\/www.idol.cz\/wp-content\/uploads\/2021\/04\/gua-whirlpool-1l.jpg","contentUrl":"https:\/\/www.idol.cz\/wp-content\/uploads\/2021\/04\/gua-whirlpool-1l.jpg","width":398,"height":425,"caption":"Roz\u0161\u00ed\u0159it Velmi \u00fa\u010dinn\u00e1 bezchlorov\u00e1 dezinfekce vody ve v\u00ed\u0159ivce."},{"@type":"BreadcrumbList","@id":"https:\/\/www.idol.cz\/at\/produkt\/e-shop\/chemie-pro-virivky-a-swim-spa-bazeny\/guaa-whirlpool\/#breadcrumb","itemListElement":[{"@type":"ListItem","position":1,"name":"Dom\u016f","item":"https:\/\/www.idol.cz\/at\/"},{"@type":"ListItem","position":2,"name":"E-Shop","item":"https:\/\/www.idol.cz\/at\/e-shop\/"},{"@type":"ListItem","position":3,"name":"E-shop","item":"https:\/\/www.idol.cz\/kategorie-produktu\/e-shop\/"},{"@type":"ListItem","position":4,"name":"Chemie f\u00fcr Whirlpools und Schwimmb\u00e4der","item":"https:\/\/www.idol.cz\/at\/kategorie-produktu\/chemie-fur-whirlpools-und-schwimmbader-at\/"},{"@type":"ListItem","position":5,"name":"GUAa WHIRLPOOL"}]},{"@type":"WebSite","@id":"https:\/\/www.idol.cz\/at\/#website","url":"https:\/\/www.idol.cz\/at\/","name":"v\u00ed\u0159ivky venkovn\u00ed, swim spa, baz\u00e9ny","description":"Luxusn\u00ed \u010desk\u00e9 v\u00ed\u0159ivky a swim spa","publisher":{"@id":"https:\/\/www.idol.cz\/at\/#organization"},"potentialAction":[{"@type":"SearchAction","target":{"@type":"EntryPoint","urlTemplate":"https:\/\/www.idol.cz\/at\/?s={search_term_string}"},"query-input":{"@type":"PropertyValueSpecification","valueRequired":true,"valueName":"search_term_string"}}],"inLanguage":"at-AT"},{"@type":"Organization","@id":"https:\/\/www.idol.cz\/at\/#organization","name":"IDOL SPAS, s.r.o.","url":"https:\/\/www.idol.cz\/at\/","logo":{"@type":"ImageObject","inLanguage":"at-AT","@id":"https:\/\/www.idol.cz\/at\/#\/schema\/logo\/image\/","url":"https:\/\/www.idol.cz\/wp-content\/uploads\/2020\/02\/idol-spas-logo.png","contentUrl":"https:\/\/www.idol.cz\/wp-content\/uploads\/2020\/02\/idol-spas-logo.png","width":512,"height":206,"caption":"IDOL SPAS, s.r.o."},"image":{"@id":"https:\/\/www.idol.cz\/at\/#\/schema\/logo\/image\/"},"sameAs":["https:\/\/www.facebook.com\/IdolSpas\/"]}]}},"_links":{"self":[{"href":"https:\/\/www.idol.cz\/at\/wp-json\/wp\/v2\/product\/18453"}],"collection":[{"href":"https:\/\/www.idol.cz\/at\/wp-json\/wp\/v2\/product"}],"about":[{"href":"https:\/\/www.idol.cz\/at\/wp-json\/wp\/v2\/types\/product"}],"wp:featuredmedia":[{"embeddable":true,"href":"https:\/\/www.idol.cz\/at\/wp-json\/wp\/v2\/media\/18464"}],"wp:attachment":[{"href":"https:\/\/www.idol.cz\/at\/wp-json\/wp\/v2\/media?parent=18453"}],"wp:term":[{"taxonomy":"product_cat","embeddable":true,"href":"https:\/\/www.idol.cz\/at\/wp-json\/wp\/v2\/product_cat?post=18453"},{"taxonomy":"product_tag","embeddable":true,"href":"https:\/\/www.idol.cz\/at\/wp-json\/wp\/v2\/product_tag?post=18453"}],"curies":[{"name":"wp","href":"https:\/\/api.w.org\/{rel}","templated":true}]}}