{"id":19410,"date":"2022-06-04T14:19:17","date_gmt":"2022-06-04T12:19:17","guid":{"rendered":"https:\/\/www.idol.cz\/?post_type=product&#038;p=19410"},"modified":"2022-06-04T14:32:07","modified_gmt":"2022-06-04T12:32:07","slug":"teplelne-cerpadlo-pro-virivky-swim-spa-bazeny-norm-mini-tucnak","status":"publish","type":"product","link":"https:\/\/www.idol.cz\/at\/produkt\/e-shop\/prislusenstvi-k-virivkam-a-bazenum\/tepelna-cerpadla\/teplelne-cerpadlo-pro-virivky-swim-spa-bazeny-norm-mini-tucnak\/","title":{"rendered":"Tepleln\u00e9 \u010derpadlo pro v\u00ed\u0159ivky, swim spa baz\u00e9ny. Norm mini tu\u010dn\u00e1k 4 kw"},"content":{"rendered":"<p>Tepeln\u00e9 \u010derpadlo; Barva: B\u00edl\u00e1\/\u010cern\u00e1 ; Tepeln\u00fd v\u00fdkon: 4,0 kW; Chlazen\u00ed: Ne ; Doporu\u010den\u00fd objem baz\u00e9nu: max. 15 m3; P\u0159ipojen\u00ed: 32\/38 mm; Pou\u017eit\u00e9 chladivo: R32 ; Nap\u011bt\u00ed: 230 V; \u00da\u010dinnost: 5,0 C.O.P.<\/p>\n<p><strong>Tepeln\u00e9 \u010derpadlo pro v\u00ed\u0159ivky a swim spa baz\u00e9ny NORM MINI &#8211; TU\u010c\u0147\u00c1K<\/strong><\/p>\n<p>Norm MINI-Tu\u010d\u0148\u00e1k je sv\u00fdmi kompaktn\u00edmi rozm\u011bry a v\u00fdkonem vhodn\u00fd pro pou\u017eit\u00ed na mal\u00fdch priv\u00e1tn\u00edch swim spa baz\u00e9nech \u010di whirlpoolech a v\u00ed\u0159ivky<br \/>\nLze jej vzd\u00e1len\u011b ovl\u00e1dat chytr\u00fdm telefon (Bluetooth) pomoc\u00ed aplikace &#8220;AQUA TEMP&#8221;<\/p>\n<ul>\n<li>C.O.P. a\u017e 5,0<\/li>\n<li>Lze ovl\u00e1dat p\u0159es Bluetooth<\/li>\n<li>Provozn\u00ed teplota: +10 a\u017e +43 \u00b0C<\/li>\n<li>Napojen\u00ed:\n<ul>\n<li>Hadicov\u00fd trn 32\/38 mm<\/li>\n<li>\u0160rouben\u00ed 32-50 mm<\/li>\n<\/ul>\n<\/li>\n<li>Pro mal\u00e9 baz\u00e9ny a whirlpooly<\/li>\n<\/ul>\n<p>&nbsp;<\/p>\n<h2>Technick\u00e9 parametry<\/h2>\n<table id=\"techparams\" class=\"webproduct_ltext_table\">\n<tbody>\n<tr>\n<th>Typ produktu:<\/th>\n<td>Tepeln\u00e9 \u010derpadlo pro v\u00ed\u0159ivky a swim spa baz\u00e9ny<\/td>\n<\/tr>\n<tr>\n<th>Barva:<\/th>\n<td>B\u00edl\u00e1\/\u010cern\u00e1<\/td>\n<\/tr>\n<tr>\n<th>Tepeln\u00fd v\u00fdkon:<\/th>\n<td>4,0 kW<\/td>\n<\/tr>\n<tr>\n<th>Chlazen\u00ed:<\/th>\n<td>Ne<\/td>\n<\/tr>\n<tr>\n<th>Doporu\u010den\u00fd objem baz\u00e9nu:<\/th>\n<td>max. 15 m3<\/td>\n<\/tr>\n<tr>\n<th>P\u0159ipojen\u00ed:<\/th>\n<td>32\/38 mm<\/td>\n<\/tr>\n<tr>\n<th>Pou\u017eit\u00e9 chladivo:<\/th>\n<td>R32<\/td>\n<\/tr>\n<tr>\n<th>Nap\u011bt\u00ed:<\/th>\n<td>230 V<\/td>\n<\/tr>\n<tr>\n<th>\u00da\u010dinnost:<\/th>\n<td>5,0 C.O.P.<\/td>\n<\/tr>\n<tr>\n<th>\u010cist\u00e1\/p\u0159epravn\u00ed hmotnost kg:<\/th>\n<td>32 kg<\/td>\n<\/tr>\n<tr>\n<th>\u010cist\u00e9 rozm\u011bry jednotky (\u0161\/d\/v):<\/th>\n<td>500 x 520 x 560 mm<\/td>\n<\/tr>\n<tr>\n<th>P\u0159\u00edkon:<\/th>\n<td>0,79 kW<\/td>\n<\/tr>\n<tr>\n<th>Hlu\u010dnost:<\/th>\n<td>46 dB<\/td>\n<\/tr>\n<tr>\n<th>Provozn\u00ed teplota:<\/th>\n<td>+10 a\u017e +43 \u00b0C<\/td>\n<\/tr>\n<tr>\n<th>V\u00fdkon:<\/th>\n<td>4,0 kW<\/td>\n<\/tr>\n<tr>\n<th>Doporu\u010den\u00fd pr\u016ftok vody:<\/th>\n<td>1,5 m3\/h<\/td>\n<\/tr>\n<tr>\n<th>Digit\u00e1ln\u00ed ovl\u00e1dac\u00ed panel:<\/th>\n<td>Ano<\/td>\n<\/tr>\n<\/tbody>\n<\/table>\n<p><b>Tepeln\u00e9 \u010derpadlo NORM MINI &#8211; TU\u010c\u0147\u00c1K<\/b><\/p>\n","protected":false},"excerpt":{"rendered":"<p>Tepeln\u00e9 \u010derpadlo; Barva: B\u00edl\u00e1\/\u010cern\u00e1 ; Tepeln\u00fd v\u00fdkon: 4,0 kW; Chlazen\u00ed: Ne ; Doporu\u010den\u00fd objem baz\u00e9nu: max. 15 m3; P\u0159ipojen\u00ed: 32\/38 mm; Pou\u017eit\u00e9 chladivo: R32 ; Nap\u011bt\u00ed: 230 V; \u00da\u010dinnost: 5,0 C.O.P. Tepeln\u00e9 \u010derpadlo pro v\u00ed\u0159ivky a swim spa baz\u00e9ny NORM MINI &#8211; TU\u010c\u0147\u00c1K Norm MINI-Tu\u010d\u0148\u00e1k je sv\u00fdmi kompaktn\u00edmi rozm\u011bry a v\u00fdkonem vhodn\u00fd pro pou\u017eit\u00ed na [&hellip;]<\/p>\n","protected":false},"featured_media":19432,"template":"","meta":[],"product_cat":[302],"product_tag":[],"class_list":{"0":"post-19410","1":"product","2":"type-product","3":"status-publish","4":"has-post-thumbnail","6":"product_cat-tepelna-cerpadla","8":"first","9":"instock","10":"taxable","11":"shipping-taxable","12":"purchasable","13":"product-type-simple"},"yoast_head":"<!-- This site is optimized with the Yoast SEO Premium plugin v24.9 (Yoast SEO v24.9) - https:\/\/yoast.com\/wordpress\/plugins\/seo\/ -->\n<title>Tepleln\u00e9 \u010derpadlo pro v\u00ed\u0159ivky, swim spa baz\u00e9ny. Norm mini tu\u010dn\u00e1k 4 kw | Whirlpools im Freien, Swim Spa, Schwimmb\u00e4der<\/title>\n<meta name=\"robots\" content=\"index, follow, max-snippet:-1, max-image-preview:large, max-video-preview:-1\" \/>\n<link rel=\"canonical\" href=\"https:\/\/www.idol.cz\/at\/produkt\/e-shop\/prislusenstvi-k-virivkam-a-bazenum\/tepelna-cerpadla\/teplelne-cerpadlo-pro-virivky-swim-spa-bazeny-norm-mini-tucnak\/\" \/>\n<meta property=\"og:locale\" content=\"en_US\" \/>\n<meta property=\"og:type\" content=\"article\" \/>\n<meta property=\"og:title\" content=\"Tepleln\u00e9 \u010derpadlo pro v\u00ed\u0159ivky, swim spa baz\u00e9ny. Norm mini tu\u010dn\u00e1k 4 kw\" \/>\n<meta property=\"og:description\" content=\"Tepeln\u00e9 \u010derpadlo; Barva: B\u00edl\u00e1\/\u010cern\u00e1 ; Tepeln\u00fd v\u00fdkon: 4,0 kW; Chlazen\u00ed: Ne ; Doporu\u010den\u00fd objem baz\u00e9nu: max. 15 m3; P\u0159ipojen\u00ed: 32\/38 mm; Pou\u017eit\u00e9 chladivo: R32 ; Nap\u011bt\u00ed: 230 V; \u00da\u010dinnost: 5,0 C.O.P. Tepeln\u00e9 \u010derpadlo pro v\u00ed\u0159ivky a swim spa baz\u00e9ny NORM MINI &#8211; TU\u010c\u0147\u00c1K Norm MINI-Tu\u010d\u0148\u00e1k je sv\u00fdmi kompaktn\u00edmi rozm\u011bry a v\u00fdkonem vhodn\u00fd pro pou\u017eit\u00ed na [&hellip;]\" \/>\n<meta property=\"og:url\" content=\"https:\/\/www.idol.cz\/at\/produkt\/e-shop\/prislusenstvi-k-virivkam-a-bazenum\/tepelna-cerpadla\/teplelne-cerpadlo-pro-virivky-swim-spa-bazeny-norm-mini-tucnak\/\" \/>\n<meta property=\"og:site_name\" content=\"Whirlpools im Freien, Swim Spa, Schwimmb\u00e4der\" \/>\n<meta property=\"article:publisher\" content=\"https:\/\/www.facebook.com\/IdolSpas\/\" \/>\n<meta property=\"article:modified_time\" content=\"2022-06-04T12:32:07+00:00\" \/>\n<meta property=\"og:image\" content=\"https:\/\/www.idol.cz\/wp-content\/uploads\/2022\/06\/tepelne-cerpadlo-virivky-bazeny-tucnak.jpeg\" \/>\n\t<meta property=\"og:image:width\" content=\"981\" \/>\n\t<meta property=\"og:image:height\" content=\"1024\" \/>\n\t<meta property=\"og:image:type\" content=\"image\/jpeg\" \/>\n<meta name=\"twitter:card\" content=\"summary_large_image\" \/>\n<meta name=\"twitter:label1\" content=\"Est. reading time\" \/>\n\t<meta name=\"twitter:data1\" content=\"1 minute\" \/>\n<script type=\"application\/ld+json\" class=\"yoast-schema-graph\">{\"@context\":\"https:\/\/schema.org\",\"@graph\":[{\"@type\":\"WebPage\",\"@id\":\"https:\/\/www.idol.cz\/at\/produkt\/e-shop\/prislusenstvi-k-virivkam-a-bazenum\/tepelna-cerpadla\/teplelne-cerpadlo-pro-virivky-swim-spa-bazeny-norm-mini-tucnak\/\",\"url\":\"https:\/\/www.idol.cz\/at\/produkt\/e-shop\/prislusenstvi-k-virivkam-a-bazenum\/tepelna-cerpadla\/teplelne-cerpadlo-pro-virivky-swim-spa-bazeny-norm-mini-tucnak\/\",\"name\":\"Tepleln\u00e9 \u010derpadlo pro v\u00ed\u0159ivky, swim spa baz\u00e9ny. Norm mini tu\u010dn\u00e1k 4 kw | Whirlpools im Freien, Swim Spa, Schwimmb\u00e4der\",\"isPartOf\":{\"@id\":\"https:\/\/www.idol.cz\/at\/#website\"},\"primaryImageOfPage\":{\"@id\":\"https:\/\/www.idol.cz\/at\/produkt\/e-shop\/prislusenstvi-k-virivkam-a-bazenum\/tepelna-cerpadla\/teplelne-cerpadlo-pro-virivky-swim-spa-bazeny-norm-mini-tucnak\/#primaryimage\"},\"image\":{\"@id\":\"https:\/\/www.idol.cz\/at\/produkt\/e-shop\/prislusenstvi-k-virivkam-a-bazenum\/tepelna-cerpadla\/teplelne-cerpadlo-pro-virivky-swim-spa-bazeny-norm-mini-tucnak\/#primaryimage\"},\"thumbnailUrl\":\"https:\/\/www.idol.cz\/wp-content\/uploads\/2022\/06\/tepelne-cerpadlo-virivky-bazeny-tucnak.jpeg\",\"datePublished\":\"2022-06-04T12:19:17+00:00\",\"dateModified\":\"2022-06-04T12:32:07+00:00\",\"breadcrumb\":{\"@id\":\"https:\/\/www.idol.cz\/at\/produkt\/e-shop\/prislusenstvi-k-virivkam-a-bazenum\/tepelna-cerpadla\/teplelne-cerpadlo-pro-virivky-swim-spa-bazeny-norm-mini-tucnak\/#breadcrumb\"},\"inLanguage\":\"at-AT\",\"potentialAction\":[{\"@type\":\"ReadAction\",\"target\":[\"https:\/\/www.idol.cz\/at\/produkt\/e-shop\/prislusenstvi-k-virivkam-a-bazenum\/tepelna-cerpadla\/teplelne-cerpadlo-pro-virivky-swim-spa-bazeny-norm-mini-tucnak\/\"]}]},{\"@type\":\"ImageObject\",\"inLanguage\":\"at-AT\",\"@id\":\"https:\/\/www.idol.cz\/at\/produkt\/e-shop\/prislusenstvi-k-virivkam-a-bazenum\/tepelna-cerpadla\/teplelne-cerpadlo-pro-virivky-swim-spa-bazeny-norm-mini-tucnak\/#primaryimage\",\"url\":\"https:\/\/www.idol.cz\/wp-content\/uploads\/2022\/06\/tepelne-cerpadlo-virivky-bazeny-tucnak.jpeg\",\"contentUrl\":\"https:\/\/www.idol.cz\/wp-content\/uploads\/2022\/06\/tepelne-cerpadlo-virivky-bazeny-tucnak.jpeg\",\"width\":981,\"height\":1024,\"caption\":\"tepeln\u00e9 \u010derpadlo v\u00ed\u0159ivky, swim spa baz\u00e9ny tu\u010d\u0148\u00e1ka\"},{\"@type\":\"BreadcrumbList\",\"@id\":\"https:\/\/www.idol.cz\/at\/produkt\/e-shop\/prislusenstvi-k-virivkam-a-bazenum\/tepelna-cerpadla\/teplelne-cerpadlo-pro-virivky-swim-spa-bazeny-norm-mini-tucnak\/#breadcrumb\",\"itemListElement\":[{\"@type\":\"ListItem\",\"position\":1,\"name\":\"Dom\u016f\",\"item\":\"https:\/\/www.idol.cz\/at\/\"},{\"@type\":\"ListItem\",\"position\":2,\"name\":\"E-Shop\",\"item\":\"https:\/\/www.idol.cz\/at\/e-shop\/\"},{\"@type\":\"ListItem\",\"position\":3,\"name\":\"E-shop\",\"item\":\"https:\/\/www.idol.cz\/kategorie-produktu\/e-shop\/\"},{\"@type\":\"ListItem\",\"position\":4,\"name\":\"P\u0159\u00edslu\u0161enstv\u00ed k v\u00ed\u0159ivk\u00e1m a baz\u00e9n\u016fm.\",\"item\":\"https:\/\/www.idol.cz\/kategorie-produktu\/e-shop\/prislusenstvi-k-virivkam-a-bazenum\/\"},{\"@type\":\"ListItem\",\"position\":5,\"name\":\"Tepeln\u00e1 \u010derpadla\",\"item\":\"https:\/\/www.idol.cz\/kategorie-produktu\/e-shop\/prislusenstvi-k-virivkam-a-bazenum\/tepelna-cerpadla\/\"},{\"@type\":\"ListItem\",\"position\":6,\"name\":\"Tepleln\u00e9 \u010derpadlo pro v\u00ed\u0159ivky, swim spa baz\u00e9ny. Norm mini tu\u010dn\u00e1k 4 kw\"}]},{\"@type\":\"WebSite\",\"@id\":\"https:\/\/www.idol.cz\/at\/#website\",\"url\":\"https:\/\/www.idol.cz\/at\/\",\"name\":\"v\u00ed\u0159ivky venkovn\u00ed, swim spa, baz\u00e9ny\",\"description\":\"Luxusn\u00ed \u010desk\u00e9 v\u00ed\u0159ivky a swim spa\",\"publisher\":{\"@id\":\"https:\/\/www.idol.cz\/at\/#organization\"},\"potentialAction\":[{\"@type\":\"SearchAction\",\"target\":{\"@type\":\"EntryPoint\",\"urlTemplate\":\"https:\/\/www.idol.cz\/at\/?s={search_term_string}\"},\"query-input\":{\"@type\":\"PropertyValueSpecification\",\"valueRequired\":true,\"valueName\":\"search_term_string\"}}],\"inLanguage\":\"at-AT\"},{\"@type\":\"Organization\",\"@id\":\"https:\/\/www.idol.cz\/at\/#organization\",\"name\":\"IDOL SPAS, s.r.o.\",\"url\":\"https:\/\/www.idol.cz\/at\/\",\"logo\":{\"@type\":\"ImageObject\",\"inLanguage\":\"at-AT\",\"@id\":\"https:\/\/www.idol.cz\/at\/#\/schema\/logo\/image\/\",\"url\":\"https:\/\/www.idol.cz\/wp-content\/uploads\/2020\/02\/idol-spas-logo.png\",\"contentUrl\":\"https:\/\/www.idol.cz\/wp-content\/uploads\/2020\/02\/idol-spas-logo.png\",\"width\":512,\"height\":206,\"caption\":\"IDOL SPAS, s.r.o.\"},\"image\":{\"@id\":\"https:\/\/www.idol.cz\/at\/#\/schema\/logo\/image\/\"},\"sameAs\":[\"https:\/\/www.facebook.com\/IdolSpas\/\"]}]}<\/script>\n<!-- \/ Yoast SEO Premium plugin. -->","yoast_head_json":{"title":"Tepleln\u00e9 \u010derpadlo pro v\u00ed\u0159ivky, swim spa baz\u00e9ny. Norm mini tu\u010dn\u00e1k 4 kw | Whirlpools im Freien, Swim Spa, Schwimmb\u00e4der","robots":{"index":"index","follow":"follow","max-snippet":"max-snippet:-1","max-image-preview":"max-image-preview:large","max-video-preview":"max-video-preview:-1"},"canonical":"https:\/\/www.idol.cz\/at\/produkt\/e-shop\/prislusenstvi-k-virivkam-a-bazenum\/tepelna-cerpadla\/teplelne-cerpadlo-pro-virivky-swim-spa-bazeny-norm-mini-tucnak\/","og_locale":"en_US","og_type":"article","og_title":"Tepleln\u00e9 \u010derpadlo pro v\u00ed\u0159ivky, swim spa baz\u00e9ny. Norm mini tu\u010dn\u00e1k 4 kw","og_description":"Tepeln\u00e9 \u010derpadlo; Barva: B\u00edl\u00e1\/\u010cern\u00e1 ; Tepeln\u00fd v\u00fdkon: 4,0 kW; Chlazen\u00ed: Ne ; Doporu\u010den\u00fd objem baz\u00e9nu: max. 15 m3; P\u0159ipojen\u00ed: 32\/38 mm; Pou\u017eit\u00e9 chladivo: R32 ; Nap\u011bt\u00ed: 230 V; \u00da\u010dinnost: 5,0 C.O.P. Tepeln\u00e9 \u010derpadlo pro v\u00ed\u0159ivky a swim spa baz\u00e9ny NORM MINI &#8211; TU\u010c\u0147\u00c1K Norm MINI-Tu\u010d\u0148\u00e1k je sv\u00fdmi kompaktn\u00edmi rozm\u011bry a v\u00fdkonem vhodn\u00fd pro pou\u017eit\u00ed na [&hellip;]","og_url":"https:\/\/www.idol.cz\/at\/produkt\/e-shop\/prislusenstvi-k-virivkam-a-bazenum\/tepelna-cerpadla\/teplelne-cerpadlo-pro-virivky-swim-spa-bazeny-norm-mini-tucnak\/","og_site_name":"Whirlpools im Freien, Swim Spa, Schwimmb\u00e4der","article_publisher":"https:\/\/www.facebook.com\/IdolSpas\/","article_modified_time":"2022-06-04T12:32:07+00:00","og_image":[{"width":981,"height":1024,"url":"https:\/\/www.idol.cz\/wp-content\/uploads\/2022\/06\/tepelne-cerpadlo-virivky-bazeny-tucnak.jpeg","type":"image\/jpeg"}],"twitter_card":"summary_large_image","twitter_misc":{"Est. reading time":"1 minute"},"schema":{"@context":"https:\/\/schema.org","@graph":[{"@type":"WebPage","@id":"https:\/\/www.idol.cz\/at\/produkt\/e-shop\/prislusenstvi-k-virivkam-a-bazenum\/tepelna-cerpadla\/teplelne-cerpadlo-pro-virivky-swim-spa-bazeny-norm-mini-tucnak\/","url":"https:\/\/www.idol.cz\/at\/produkt\/e-shop\/prislusenstvi-k-virivkam-a-bazenum\/tepelna-cerpadla\/teplelne-cerpadlo-pro-virivky-swim-spa-bazeny-norm-mini-tucnak\/","name":"Tepleln\u00e9 \u010derpadlo pro v\u00ed\u0159ivky, swim spa baz\u00e9ny. Norm mini tu\u010dn\u00e1k 4 kw | Whirlpools im Freien, Swim Spa, Schwimmb\u00e4der","isPartOf":{"@id":"https:\/\/www.idol.cz\/at\/#website"},"primaryImageOfPage":{"@id":"https:\/\/www.idol.cz\/at\/produkt\/e-shop\/prislusenstvi-k-virivkam-a-bazenum\/tepelna-cerpadla\/teplelne-cerpadlo-pro-virivky-swim-spa-bazeny-norm-mini-tucnak\/#primaryimage"},"image":{"@id":"https:\/\/www.idol.cz\/at\/produkt\/e-shop\/prislusenstvi-k-virivkam-a-bazenum\/tepelna-cerpadla\/teplelne-cerpadlo-pro-virivky-swim-spa-bazeny-norm-mini-tucnak\/#primaryimage"},"thumbnailUrl":"https:\/\/www.idol.cz\/wp-content\/uploads\/2022\/06\/tepelne-cerpadlo-virivky-bazeny-tucnak.jpeg","datePublished":"2022-06-04T12:19:17+00:00","dateModified":"2022-06-04T12:32:07+00:00","breadcrumb":{"@id":"https:\/\/www.idol.cz\/at\/produkt\/e-shop\/prislusenstvi-k-virivkam-a-bazenum\/tepelna-cerpadla\/teplelne-cerpadlo-pro-virivky-swim-spa-bazeny-norm-mini-tucnak\/#breadcrumb"},"inLanguage":"at-AT","potentialAction":[{"@type":"ReadAction","target":["https:\/\/www.idol.cz\/at\/produkt\/e-shop\/prislusenstvi-k-virivkam-a-bazenum\/tepelna-cerpadla\/teplelne-cerpadlo-pro-virivky-swim-spa-bazeny-norm-mini-tucnak\/"]}]},{"@type":"ImageObject","inLanguage":"at-AT","@id":"https:\/\/www.idol.cz\/at\/produkt\/e-shop\/prislusenstvi-k-virivkam-a-bazenum\/tepelna-cerpadla\/teplelne-cerpadlo-pro-virivky-swim-spa-bazeny-norm-mini-tucnak\/#primaryimage","url":"https:\/\/www.idol.cz\/wp-content\/uploads\/2022\/06\/tepelne-cerpadlo-virivky-bazeny-tucnak.jpeg","contentUrl":"https:\/\/www.idol.cz\/wp-content\/uploads\/2022\/06\/tepelne-cerpadlo-virivky-bazeny-tucnak.jpeg","width":981,"height":1024,"caption":"tepeln\u00e9 \u010derpadlo v\u00ed\u0159ivky, swim spa baz\u00e9ny tu\u010d\u0148\u00e1ka"},{"@type":"BreadcrumbList","@id":"https:\/\/www.idol.cz\/at\/produkt\/e-shop\/prislusenstvi-k-virivkam-a-bazenum\/tepelna-cerpadla\/teplelne-cerpadlo-pro-virivky-swim-spa-bazeny-norm-mini-tucnak\/#breadcrumb","itemListElement":[{"@type":"ListItem","position":1,"name":"Dom\u016f","item":"https:\/\/www.idol.cz\/at\/"},{"@type":"ListItem","position":2,"name":"E-Shop","item":"https:\/\/www.idol.cz\/at\/e-shop\/"},{"@type":"ListItem","position":3,"name":"E-shop","item":"https:\/\/www.idol.cz\/kategorie-produktu\/e-shop\/"},{"@type":"ListItem","position":4,"name":"P\u0159\u00edslu\u0161enstv\u00ed k v\u00ed\u0159ivk\u00e1m a baz\u00e9n\u016fm.","item":"https:\/\/www.idol.cz\/kategorie-produktu\/e-shop\/prislusenstvi-k-virivkam-a-bazenum\/"},{"@type":"ListItem","position":5,"name":"Tepeln\u00e1 \u010derpadla","item":"https:\/\/www.idol.cz\/kategorie-produktu\/e-shop\/prislusenstvi-k-virivkam-a-bazenum\/tepelna-cerpadla\/"},{"@type":"ListItem","position":6,"name":"Tepleln\u00e9 \u010derpadlo pro v\u00ed\u0159ivky, swim spa baz\u00e9ny. Norm mini tu\u010dn\u00e1k 4 kw"}]},{"@type":"WebSite","@id":"https:\/\/www.idol.cz\/at\/#website","url":"https:\/\/www.idol.cz\/at\/","name":"v\u00ed\u0159ivky venkovn\u00ed, swim spa, baz\u00e9ny","description":"Luxusn\u00ed \u010desk\u00e9 v\u00ed\u0159ivky a swim spa","publisher":{"@id":"https:\/\/www.idol.cz\/at\/#organization"},"potentialAction":[{"@type":"SearchAction","target":{"@type":"EntryPoint","urlTemplate":"https:\/\/www.idol.cz\/at\/?s={search_term_string}"},"query-input":{"@type":"PropertyValueSpecification","valueRequired":true,"valueName":"search_term_string"}}],"inLanguage":"at-AT"},{"@type":"Organization","@id":"https:\/\/www.idol.cz\/at\/#organization","name":"IDOL SPAS, s.r.o.","url":"https:\/\/www.idol.cz\/at\/","logo":{"@type":"ImageObject","inLanguage":"at-AT","@id":"https:\/\/www.idol.cz\/at\/#\/schema\/logo\/image\/","url":"https:\/\/www.idol.cz\/wp-content\/uploads\/2020\/02\/idol-spas-logo.png","contentUrl":"https:\/\/www.idol.cz\/wp-content\/uploads\/2020\/02\/idol-spas-logo.png","width":512,"height":206,"caption":"IDOL SPAS, s.r.o."},"image":{"@id":"https:\/\/www.idol.cz\/at\/#\/schema\/logo\/image\/"},"sameAs":["https:\/\/www.facebook.com\/IdolSpas\/"]}]}},"_links":{"self":[{"href":"https:\/\/www.idol.cz\/at\/wp-json\/wp\/v2\/product\/19410"}],"collection":[{"href":"https:\/\/www.idol.cz\/at\/wp-json\/wp\/v2\/product"}],"about":[{"href":"https:\/\/www.idol.cz\/at\/wp-json\/wp\/v2\/types\/product"}],"wp:featuredmedia":[{"embeddable":true,"href":"https:\/\/www.idol.cz\/at\/wp-json\/wp\/v2\/media\/19432"}],"wp:attachment":[{"href":"https:\/\/www.idol.cz\/at\/wp-json\/wp\/v2\/media?parent=19410"}],"wp:term":[{"taxonomy":"product_cat","embeddable":true,"href":"https:\/\/www.idol.cz\/at\/wp-json\/wp\/v2\/product_cat?post=19410"},{"taxonomy":"product_tag","embeddable":true,"href":"https:\/\/www.idol.cz\/at\/wp-json\/wp\/v2\/product_tag?post=19410"}],"curies":[{"name":"wp","href":"https:\/\/api.w.org\/{rel}","templated":true}]}}