{"id":19477,"date":"2022-06-04T15:06:50","date_gmt":"2022-06-04T13:06:50","guid":{"rendered":"https:\/\/www.idol.cz\/?post_type=product&#038;p=19477"},"modified":"2022-06-07T17:32:50","modified_gmt":"2022-06-07T15:32:50","slug":"teplelne-cerpadlo-pro-virivky-swim-spa-bazeny-rapid-inverter-x-88","status":"publish","type":"product","link":"https:\/\/www.idol.cz\/at\/produkt\/e-shop\/prislusenstvi-k-virivkam-a-bazenum\/tepelna-cerpadla\/teplelne-cerpadlo-pro-virivky-swim-spa-bazeny-rapid-inverter-x-88\/","title":{"rendered":"Tepleln\u00e9 \u010derpadlo pro v\u00ed\u0159ivky, swim spa baz\u00e9ny. Rapid Inverter-x 8,8kw"},"content":{"rendered":"<p class=\"discounts\">Invertorov\u00e9 tepeln\u00e9 \u010derpadlo pro v\u00ed\u0159ivky a swim spa baz\u00e9ny.<\/p>\n<p class=\"discounts\">Barva: \u010cern\u00e1 &#8211; Hlin\u00edk ; Digit\u00e1ln\u00ed display: Ano ; Tepeln\u00fd v\u00fdkon: 8,8 kW; Chlazen\u00ed: Ano ; V\u00fdkon chlazen\u00ed: 4,5 kW; Doporu\u010den\u00fd objem baz\u00e9nu: 20-40 m3; P\u0159ipojen\u00ed: 50 mm; Odmrazov\u00e1n\u00ed: Ano ; Jmenovit\u00fd p\u0159\u00edkon: 0,18-1,53 kW; Pou\u017eit\u00e9 chladivo: R32 ; Nap\u011bt\u00ed: 230 V; \u00da\u010dinnost: a\u017e 15,6 C.O.P.<\/p>\n<p>Rapid Inver-X je vybaven invertorov\u00fdm kompresorem a motorem ventil\u00e1toru, d\u00edky \u010demu\u017e je p\u0159\u00edkon i rychlost ventil\u00e1toru plynule regulov\u00e1na elektronikou dle aktu\u00e1ln\u00ed pot\u0159eby. Velkou v\u00fdhodou tohoto syst\u00e9mu je rychlej\u0161\u00ed oh\u0159ev a udr\u017eov\u00e1n\u00ed konstantn\u00ed teploty vody, p\u0159i\u010dem\u017e odpadaj\u00ed \u201estuden\u00e9 starty\u201c, kter\u00e9 maj\u00ed vliv na \u017eivotnost jak komponent\u016f tepeln\u00e9ho \u010derpadla, tak i na zat\u00ed\u017een\u00ed elektrick\u00e9 energie. C.O.P. a\u017e 16,5 za ide\u00e1ln\u00edch podm\u00ednek nen\u00ed obchodn\u00edm trikem, ale je dolo\u017eeno certifik\u00e1tem T\u00dcV Rheinland<\/p>\n<p>Spojen\u00edm technologie \u201eFull-Inverter\u201c s nov\u00fdmi vylep\u0161en\u00fdmi komponenty bylo dosa\u017eeno kvalitn\u011bj\u0161\u00ed v\u00fdm\u011bny tepla a lep\u0161\u00ed cirkulace vzduchu. Nov\u00e9 \u0161asi, inovovan\u00fd v\u00fdparn\u00edk a odizolovan\u00fd kompresor zaji\u0161\u0165uj\u00ed schopnost okam\u017eit\u00e9ho n\u00e1r\u016fstu topn\u00e9ho v\u00fdkonu o 20% bez nav\u00fd\u0161en\u00ed hlu\u010dnosti a spot\u0159eby energie.<\/p>\n<p><strong>T\u0159i inteligentn\u00ed m\u00f3dy:<\/strong><\/p>\n<ul>\n<li>Boost: 120% v\u00fdkon \u2013 d\u00edky TurboSilence technologii<\/li>\n<li>Smart<\/li>\n<li>Silence<\/li>\n<\/ul>\n<p>Kdy\u017e\u00a0Rapid Inver-X b\u011b\u017e\u00ed p\u0159i st\u0159edn\u00ed nebo n\u00edzk\u00e9 rychlosti pro udr\u017een\u00ed teploty v\u00ed\u0159ivky, swim spa baz\u00e9nu, je hlu\u010dnost kompresoru extr\u00e9mn\u011b n\u00edzk\u00e1 a v z\u00e1vislosti na velikosti swim spa baz\u00e9nu m\u00e1 efektivitu COP a\u017e 15,5 (p\u0159i teplot\u011b vzduchu 26\u00b0C, vody 26\u00b0C a vlhkosti vzduchu 80%)<\/p>\n<p><strong>Zabudovan\u00fd Wi-Fi modul<\/strong><\/p>\n<p><strong>V\u00fdkon chlazen\u00ed:<\/strong>\u00a04,5 kW<\/p>\n<table border=\"1\" width=\"350\" cellspacing=\"0\" cellpadding=\"0\">\n<colgroup>\n<col \/>\n<col \/><\/colgroup>\n<tbody>\n<tr>\n<td height=\"20\">V\u00fdkon: Vzduch 26\u00b0C, Voda 26\u00b0C, Vlhkost 80%<\/td>\n<td><\/td>\n<\/tr>\n<tr>\n<td height=\"20\"><strong>Tepeln\u00fd v\u00fdkon\u00a0<\/strong>(Smart mode)<\/td>\n<td>8,8 kW<\/td>\n<\/tr>\n<tr>\n<td height=\"20\"><strong>Tepeln\u00fd v\u00fdkon<\/strong>\u00a0(Booster mode)<\/td>\n<td>10,5 kW<\/td>\n<\/tr>\n<tr>\n<td height=\"20\"><strong>COP<\/strong><\/td>\n<td>15,6-7,3<\/td>\n<\/tr>\n<tr>\n<td height=\"21\"><strong>COP<\/strong>\u00a0(50% kapacity v\u00fdkonu)<\/td>\n<td>11,8<\/td>\n<\/tr>\n<\/tbody>\n<\/table>\n<hr \/>\n<table border=\"1\" width=\"350\" cellspacing=\"0\" cellpadding=\"0\">\n<colgroup>\n<col \/>\n<col \/><\/colgroup>\n<tbody>\n<tr>\n<td height=\"21\">V\u00fdkon: Vzduch 15\u00b0C, Voda 26\u00b0C, Vlhkost 70%<\/td>\n<td><\/td>\n<\/tr>\n<tr>\n<td height=\"20\"><strong>Tepeln\u00fd v\u00fdkon\u00a0<\/strong>(Smart mode)<\/td>\n<td>6,3 kW<\/td>\n<\/tr>\n<tr>\n<td height=\"20\"><strong>Tepeln\u00fd v\u00fdkon<\/strong>\u00a0(Booster mode)<\/td>\n<td>7,5 kW<\/td>\n<\/tr>\n<tr>\n<td height=\"20\"><strong>COP<\/strong><\/td>\n<td>7,1~4,9<\/td>\n<\/tr>\n<tr>\n<td height=\"20\"><strong>COP<\/strong>\u00a0(50% kapacity v\u00fdkonu)<\/td>\n<td>6,7<\/td>\n<\/tr>\n<\/tbody>\n<\/table>\n<p>&nbsp;<\/p>\n<h2>Technick\u00e9 parametry<\/h2>\n<table id=\"techparams\" class=\"webproduct_ltext_table\">\n<tbody>\n<tr>\n<th>Typ produktu:<\/th>\n<td>Invertorov\u00e9 tepeln\u00e9 \u010derpadlo pro v\u00ed\u0159ivky a swim spa baz\u00e9ny<\/td>\n<\/tr>\n<tr>\n<th>Barva:<\/th>\n<td>\u010cern\u00e1 &#8211; Hlin\u00edk<\/td>\n<\/tr>\n<tr>\n<th>Digit\u00e1ln\u00ed display:<\/th>\n<td>Ano<\/td>\n<\/tr>\n<tr>\n<th>Tepeln\u00fd v\u00fdkon:<\/th>\n<td>8,8 kW<\/td>\n<\/tr>\n<tr>\n<th>Chlazen\u00ed:<\/th>\n<td>Ano<\/td>\n<\/tr>\n<tr>\n<th>V\u00fdkon chlazen\u00ed:<\/th>\n<td>4,5 kW<\/td>\n<\/tr>\n<tr>\n<th>Doporu\u010den\u00fd objem baz\u00e9nu:<\/th>\n<td>20-40 m3<\/td>\n<\/tr>\n<tr>\n<th>P\u0159ipojen\u00ed:<\/th>\n<td>50 mm<\/td>\n<\/tr>\n<tr>\n<th>Odmrazov\u00e1n\u00ed:<\/th>\n<td>Ano<\/td>\n<\/tr>\n<tr>\n<th>Jmenovit\u00fd p\u0159\u00edkon:<\/th>\n<td>0,18-1,53 kW<\/td>\n<\/tr>\n<tr>\n<th>Pou\u017eit\u00e9 chladivo:<\/th>\n<td>R32<\/td>\n<\/tr>\n<tr>\n<th>Nap\u011bt\u00ed:<\/th>\n<td>230 V<\/td>\n<\/tr>\n<tr>\n<th>\u00da\u010dinnost:<\/th>\n<td>a\u017e 15,6 C.O.P.<\/td>\n<\/tr>\n<tr>\n<th>Materi\u00e1l t\u011bla:<\/th>\n<td>Hlin\u00edk<\/td>\n<\/tr>\n<tr>\n<th>Pro slanou vodu do 5 g\/l (&lt;0,5%):<\/th>\n<td>Ano<\/td>\n<\/tr>\n<tr>\n<th>\u010cist\u00e1\/p\u0159epravn\u00ed hmotnost kg:<\/th>\n<td>59 kg<\/td>\n<\/tr>\n<tr>\n<th>\u010cist\u00e9 rozm\u011bry jednotky (\u0161\/d\/v):<\/th>\n<td>799x432x650 mm<\/td>\n<\/tr>\n<tr>\n<th>Provozn\u00ed teplota:<\/th>\n<td>&#8211; 15 a\u017e 43 \u00b0C<\/td>\n<\/tr>\n<tr>\n<th>Hl\u00edd\u00e1n\u00ed pr\u016ftoku:<\/th>\n<td>Ano<\/td>\n<\/tr>\n<tr>\n<th>Materi\u00e1l spir\u00e1ly:<\/th>\n<td>Titan<\/td>\n<\/tr>\n<tr>\n<th>\u00daspora energie:<\/th>\n<td>Ano<\/td>\n<\/tr>\n<tr>\n<th>Jmenovit\u00fd proud:<\/th>\n<td>0,78-6,65 A<\/td>\n<\/tr>\n<tr>\n<th>Tepeln\u00fd v\u00fdm\u011bn\u00edk:<\/th>\n<td>Plast<\/td>\n<\/tr>\n<tr>\n<th>Doporu\u010den\u00fd pr\u016ftok vody:<\/th>\n<td>2-4 m3\/h<\/td>\n<\/tr>\n<\/tbody>\n<\/table>\n<p>&nbsp;<\/p>\n","protected":false},"excerpt":{"rendered":"<p>Invertorov\u00e9 tepeln\u00e9 \u010derpadlo pro v\u00ed\u0159ivky a swim spa baz\u00e9ny. Barva: \u010cern\u00e1 &#8211; Hlin\u00edk ; Digit\u00e1ln\u00ed display: Ano ; Tepeln\u00fd v\u00fdkon: 8,8 kW; Chlazen\u00ed: Ano ; V\u00fdkon chlazen\u00ed: 4,5 kW; Doporu\u010den\u00fd objem baz\u00e9nu: 20-40 m3; P\u0159ipojen\u00ed: 50 mm; Odmrazov\u00e1n\u00ed: Ano ; Jmenovit\u00fd p\u0159\u00edkon: 0,18-1,53 kW; Pou\u017eit\u00e9 chladivo: R32 ; Nap\u011bt\u00ed: 230 V; \u00da\u010dinnost: a\u017e 15,6 C.O.P. [&hellip;]<\/p>\n","protected":false},"featured_media":19478,"template":"","meta":[],"product_cat":[302],"product_tag":[],"class_list":{"0":"post-19477","1":"product","2":"type-product","3":"status-publish","4":"has-post-thumbnail","6":"product_cat-tepelna-cerpadla","8":"first","9":"instock","10":"taxable","11":"shipping-taxable","12":"purchasable","13":"product-type-simple"},"yoast_head":"<!-- This site is optimized with the Yoast SEO Premium plugin v24.9 (Yoast SEO v24.9) - https:\/\/yoast.com\/wordpress\/plugins\/seo\/ -->\n<title>Tepleln\u00e9 \u010derpadlo pro v\u00ed\u0159ivky, swim spa baz\u00e9ny. Rapid Inverter-x 8,8kw | Whirlpools im Freien, Swim Spa, Schwimmb\u00e4der<\/title>\n<meta name=\"description\" content=\"Tepeln\u00e9 \u010derpadlo pro v\u00ed\u0159ivky a swim spa baz\u00e9ny. \u00daspora energie.\" \/>\n<meta name=\"robots\" content=\"index, follow, max-snippet:-1, max-image-preview:large, max-video-preview:-1\" \/>\n<link rel=\"canonical\" href=\"https:\/\/www.idol.cz\/at\/produkt\/e-shop\/prislusenstvi-k-virivkam-a-bazenum\/tepelna-cerpadla\/teplelne-cerpadlo-pro-virivky-swim-spa-bazeny-rapid-inverter-x-88\/\" \/>\n<meta property=\"og:locale\" content=\"en_US\" \/>\n<meta property=\"og:type\" content=\"article\" \/>\n<meta property=\"og:title\" content=\"Tepleln\u00e9 \u010derpadlo pro v\u00ed\u0159ivky, swim spa baz\u00e9ny. Rapid Inverter-x 8,8kw\" \/>\n<meta property=\"og:description\" content=\"Tepeln\u00e9 \u010derpadlo pro v\u00ed\u0159ivky a swim spa baz\u00e9ny. \u00daspora energie.\" \/>\n<meta property=\"og:url\" content=\"https:\/\/www.idol.cz\/at\/produkt\/e-shop\/prislusenstvi-k-virivkam-a-bazenum\/tepelna-cerpadla\/teplelne-cerpadlo-pro-virivky-swim-spa-bazeny-rapid-inverter-x-88\/\" \/>\n<meta property=\"og:site_name\" content=\"Whirlpools im Freien, Swim Spa, Schwimmb\u00e4der\" \/>\n<meta property=\"article:publisher\" content=\"https:\/\/www.facebook.com\/IdolSpas\/\" \/>\n<meta property=\"article:modified_time\" content=\"2022-06-07T15:32:50+00:00\" \/>\n<meta property=\"og:image\" content=\"https:\/\/www.idol.cz\/wp-content\/uploads\/2022\/06\/InverX-new-88.jpeg\" \/>\n\t<meta property=\"og:image:width\" content=\"1236\" \/>\n\t<meta property=\"og:image:height\" content=\"1024\" \/>\n\t<meta property=\"og:image:type\" content=\"image\/jpeg\" \/>\n<meta name=\"twitter:card\" content=\"summary_large_image\" \/>\n<meta name=\"twitter:label1\" content=\"Est. reading time\" \/>\n\t<meta name=\"twitter:data1\" content=\"3 minutes\" \/>\n<script type=\"application\/ld+json\" class=\"yoast-schema-graph\">{\"@context\":\"https:\/\/schema.org\",\"@graph\":[{\"@type\":\"WebPage\",\"@id\":\"https:\/\/www.idol.cz\/at\/produkt\/e-shop\/prislusenstvi-k-virivkam-a-bazenum\/tepelna-cerpadla\/teplelne-cerpadlo-pro-virivky-swim-spa-bazeny-rapid-inverter-x-88\/\",\"url\":\"https:\/\/www.idol.cz\/at\/produkt\/e-shop\/prislusenstvi-k-virivkam-a-bazenum\/tepelna-cerpadla\/teplelne-cerpadlo-pro-virivky-swim-spa-bazeny-rapid-inverter-x-88\/\",\"name\":\"Tepleln\u00e9 \u010derpadlo pro v\u00ed\u0159ivky, swim spa baz\u00e9ny. Rapid Inverter-x 8,8kw | Whirlpools im Freien, Swim Spa, Schwimmb\u00e4der\",\"isPartOf\":{\"@id\":\"https:\/\/www.idol.cz\/at\/#website\"},\"primaryImageOfPage\":{\"@id\":\"https:\/\/www.idol.cz\/at\/produkt\/e-shop\/prislusenstvi-k-virivkam-a-bazenum\/tepelna-cerpadla\/teplelne-cerpadlo-pro-virivky-swim-spa-bazeny-rapid-inverter-x-88\/#primaryimage\"},\"image\":{\"@id\":\"https:\/\/www.idol.cz\/at\/produkt\/e-shop\/prislusenstvi-k-virivkam-a-bazenum\/tepelna-cerpadla\/teplelne-cerpadlo-pro-virivky-swim-spa-bazeny-rapid-inverter-x-88\/#primaryimage\"},\"thumbnailUrl\":\"https:\/\/www.idol.cz\/wp-content\/uploads\/2022\/06\/InverX-new-88.jpeg\",\"datePublished\":\"2022-06-04T13:06:50+00:00\",\"dateModified\":\"2022-06-07T15:32:50+00:00\",\"description\":\"Tepeln\u00e9 \u010derpadlo pro v\u00ed\u0159ivky a swim spa baz\u00e9ny. \u00daspora energie.\",\"breadcrumb\":{\"@id\":\"https:\/\/www.idol.cz\/at\/produkt\/e-shop\/prislusenstvi-k-virivkam-a-bazenum\/tepelna-cerpadla\/teplelne-cerpadlo-pro-virivky-swim-spa-bazeny-rapid-inverter-x-88\/#breadcrumb\"},\"inLanguage\":\"at-AT\",\"potentialAction\":[{\"@type\":\"ReadAction\",\"target\":[\"https:\/\/www.idol.cz\/at\/produkt\/e-shop\/prislusenstvi-k-virivkam-a-bazenum\/tepelna-cerpadla\/teplelne-cerpadlo-pro-virivky-swim-spa-bazeny-rapid-inverter-x-88\/\"]}]},{\"@type\":\"ImageObject\",\"inLanguage\":\"at-AT\",\"@id\":\"https:\/\/www.idol.cz\/at\/produkt\/e-shop\/prislusenstvi-k-virivkam-a-bazenum\/tepelna-cerpadla\/teplelne-cerpadlo-pro-virivky-swim-spa-bazeny-rapid-inverter-x-88\/#primaryimage\",\"url\":\"https:\/\/www.idol.cz\/wp-content\/uploads\/2022\/06\/InverX-new-88.jpeg\",\"contentUrl\":\"https:\/\/www.idol.cz\/wp-content\/uploads\/2022\/06\/InverX-new-88.jpeg\",\"width\":1236,\"height\":1024,\"caption\":\"tepeln\u00e9 \u010derpadlo v\u00ed\u0159ivky, swim spa baz\u00e9ny tu\u010d\u0148\u00e1ka\"},{\"@type\":\"BreadcrumbList\",\"@id\":\"https:\/\/www.idol.cz\/at\/produkt\/e-shop\/prislusenstvi-k-virivkam-a-bazenum\/tepelna-cerpadla\/teplelne-cerpadlo-pro-virivky-swim-spa-bazeny-rapid-inverter-x-88\/#breadcrumb\",\"itemListElement\":[{\"@type\":\"ListItem\",\"position\":1,\"name\":\"Dom\u016f\",\"item\":\"https:\/\/www.idol.cz\/at\/\"},{\"@type\":\"ListItem\",\"position\":2,\"name\":\"E-Shop\",\"item\":\"https:\/\/www.idol.cz\/at\/e-shop\/\"},{\"@type\":\"ListItem\",\"position\":3,\"name\":\"E-shop\",\"item\":\"https:\/\/www.idol.cz\/kategorie-produktu\/e-shop\/\"},{\"@type\":\"ListItem\",\"position\":4,\"name\":\"P\u0159\u00edslu\u0161enstv\u00ed k v\u00ed\u0159ivk\u00e1m a baz\u00e9n\u016fm.\",\"item\":\"https:\/\/www.idol.cz\/kategorie-produktu\/e-shop\/prislusenstvi-k-virivkam-a-bazenum\/\"},{\"@type\":\"ListItem\",\"position\":5,\"name\":\"Tepeln\u00e1 \u010derpadla\",\"item\":\"https:\/\/www.idol.cz\/kategorie-produktu\/e-shop\/prislusenstvi-k-virivkam-a-bazenum\/tepelna-cerpadla\/\"},{\"@type\":\"ListItem\",\"position\":6,\"name\":\"Tepleln\u00e9 \u010derpadlo pro v\u00ed\u0159ivky, swim spa baz\u00e9ny. Rapid Inverter-x 8,8kw\"}]},{\"@type\":\"WebSite\",\"@id\":\"https:\/\/www.idol.cz\/at\/#website\",\"url\":\"https:\/\/www.idol.cz\/at\/\",\"name\":\"v\u00ed\u0159ivky venkovn\u00ed, swim spa, baz\u00e9ny\",\"description\":\"Luxusn\u00ed \u010desk\u00e9 v\u00ed\u0159ivky a swim spa\",\"publisher\":{\"@id\":\"https:\/\/www.idol.cz\/at\/#organization\"},\"potentialAction\":[{\"@type\":\"SearchAction\",\"target\":{\"@type\":\"EntryPoint\",\"urlTemplate\":\"https:\/\/www.idol.cz\/at\/?s={search_term_string}\"},\"query-input\":{\"@type\":\"PropertyValueSpecification\",\"valueRequired\":true,\"valueName\":\"search_term_string\"}}],\"inLanguage\":\"at-AT\"},{\"@type\":\"Organization\",\"@id\":\"https:\/\/www.idol.cz\/at\/#organization\",\"name\":\"IDOL SPAS, s.r.o.\",\"url\":\"https:\/\/www.idol.cz\/at\/\",\"logo\":{\"@type\":\"ImageObject\",\"inLanguage\":\"at-AT\",\"@id\":\"https:\/\/www.idol.cz\/at\/#\/schema\/logo\/image\/\",\"url\":\"https:\/\/www.idol.cz\/wp-content\/uploads\/2020\/02\/idol-spas-logo.png\",\"contentUrl\":\"https:\/\/www.idol.cz\/wp-content\/uploads\/2020\/02\/idol-spas-logo.png\",\"width\":512,\"height\":206,\"caption\":\"IDOL SPAS, s.r.o.\"},\"image\":{\"@id\":\"https:\/\/www.idol.cz\/at\/#\/schema\/logo\/image\/\"},\"sameAs\":[\"https:\/\/www.facebook.com\/IdolSpas\/\"]}]}<\/script>\n<!-- \/ Yoast SEO Premium plugin. -->","yoast_head_json":{"title":"Tepleln\u00e9 \u010derpadlo pro v\u00ed\u0159ivky, swim spa baz\u00e9ny. Rapid Inverter-x 8,8kw | Whirlpools im Freien, Swim Spa, Schwimmb\u00e4der","description":"Tepeln\u00e9 \u010derpadlo pro v\u00ed\u0159ivky a swim spa baz\u00e9ny. \u00daspora energie.","robots":{"index":"index","follow":"follow","max-snippet":"max-snippet:-1","max-image-preview":"max-image-preview:large","max-video-preview":"max-video-preview:-1"},"canonical":"https:\/\/www.idol.cz\/at\/produkt\/e-shop\/prislusenstvi-k-virivkam-a-bazenum\/tepelna-cerpadla\/teplelne-cerpadlo-pro-virivky-swim-spa-bazeny-rapid-inverter-x-88\/","og_locale":"en_US","og_type":"article","og_title":"Tepleln\u00e9 \u010derpadlo pro v\u00ed\u0159ivky, swim spa baz\u00e9ny. Rapid Inverter-x 8,8kw","og_description":"Tepeln\u00e9 \u010derpadlo pro v\u00ed\u0159ivky a swim spa baz\u00e9ny. \u00daspora energie.","og_url":"https:\/\/www.idol.cz\/at\/produkt\/e-shop\/prislusenstvi-k-virivkam-a-bazenum\/tepelna-cerpadla\/teplelne-cerpadlo-pro-virivky-swim-spa-bazeny-rapid-inverter-x-88\/","og_site_name":"Whirlpools im Freien, Swim Spa, Schwimmb\u00e4der","article_publisher":"https:\/\/www.facebook.com\/IdolSpas\/","article_modified_time":"2022-06-07T15:32:50+00:00","og_image":[{"width":1236,"height":1024,"url":"https:\/\/www.idol.cz\/wp-content\/uploads\/2022\/06\/InverX-new-88.jpeg","type":"image\/jpeg"}],"twitter_card":"summary_large_image","twitter_misc":{"Est. reading time":"3 minutes"},"schema":{"@context":"https:\/\/schema.org","@graph":[{"@type":"WebPage","@id":"https:\/\/www.idol.cz\/at\/produkt\/e-shop\/prislusenstvi-k-virivkam-a-bazenum\/tepelna-cerpadla\/teplelne-cerpadlo-pro-virivky-swim-spa-bazeny-rapid-inverter-x-88\/","url":"https:\/\/www.idol.cz\/at\/produkt\/e-shop\/prislusenstvi-k-virivkam-a-bazenum\/tepelna-cerpadla\/teplelne-cerpadlo-pro-virivky-swim-spa-bazeny-rapid-inverter-x-88\/","name":"Tepleln\u00e9 \u010derpadlo pro v\u00ed\u0159ivky, swim spa baz\u00e9ny. Rapid Inverter-x 8,8kw | Whirlpools im Freien, Swim Spa, Schwimmb\u00e4der","isPartOf":{"@id":"https:\/\/www.idol.cz\/at\/#website"},"primaryImageOfPage":{"@id":"https:\/\/www.idol.cz\/at\/produkt\/e-shop\/prislusenstvi-k-virivkam-a-bazenum\/tepelna-cerpadla\/teplelne-cerpadlo-pro-virivky-swim-spa-bazeny-rapid-inverter-x-88\/#primaryimage"},"image":{"@id":"https:\/\/www.idol.cz\/at\/produkt\/e-shop\/prislusenstvi-k-virivkam-a-bazenum\/tepelna-cerpadla\/teplelne-cerpadlo-pro-virivky-swim-spa-bazeny-rapid-inverter-x-88\/#primaryimage"},"thumbnailUrl":"https:\/\/www.idol.cz\/wp-content\/uploads\/2022\/06\/InverX-new-88.jpeg","datePublished":"2022-06-04T13:06:50+00:00","dateModified":"2022-06-07T15:32:50+00:00","description":"Tepeln\u00e9 \u010derpadlo pro v\u00ed\u0159ivky a swim spa baz\u00e9ny. \u00daspora energie.","breadcrumb":{"@id":"https:\/\/www.idol.cz\/at\/produkt\/e-shop\/prislusenstvi-k-virivkam-a-bazenum\/tepelna-cerpadla\/teplelne-cerpadlo-pro-virivky-swim-spa-bazeny-rapid-inverter-x-88\/#breadcrumb"},"inLanguage":"at-AT","potentialAction":[{"@type":"ReadAction","target":["https:\/\/www.idol.cz\/at\/produkt\/e-shop\/prislusenstvi-k-virivkam-a-bazenum\/tepelna-cerpadla\/teplelne-cerpadlo-pro-virivky-swim-spa-bazeny-rapid-inverter-x-88\/"]}]},{"@type":"ImageObject","inLanguage":"at-AT","@id":"https:\/\/www.idol.cz\/at\/produkt\/e-shop\/prislusenstvi-k-virivkam-a-bazenum\/tepelna-cerpadla\/teplelne-cerpadlo-pro-virivky-swim-spa-bazeny-rapid-inverter-x-88\/#primaryimage","url":"https:\/\/www.idol.cz\/wp-content\/uploads\/2022\/06\/InverX-new-88.jpeg","contentUrl":"https:\/\/www.idol.cz\/wp-content\/uploads\/2022\/06\/InverX-new-88.jpeg","width":1236,"height":1024,"caption":"tepeln\u00e9 \u010derpadlo v\u00ed\u0159ivky, swim spa baz\u00e9ny tu\u010d\u0148\u00e1ka"},{"@type":"BreadcrumbList","@id":"https:\/\/www.idol.cz\/at\/produkt\/e-shop\/prislusenstvi-k-virivkam-a-bazenum\/tepelna-cerpadla\/teplelne-cerpadlo-pro-virivky-swim-spa-bazeny-rapid-inverter-x-88\/#breadcrumb","itemListElement":[{"@type":"ListItem","position":1,"name":"Dom\u016f","item":"https:\/\/www.idol.cz\/at\/"},{"@type":"ListItem","position":2,"name":"E-Shop","item":"https:\/\/www.idol.cz\/at\/e-shop\/"},{"@type":"ListItem","position":3,"name":"E-shop","item":"https:\/\/www.idol.cz\/kategorie-produktu\/e-shop\/"},{"@type":"ListItem","position":4,"name":"P\u0159\u00edslu\u0161enstv\u00ed k v\u00ed\u0159ivk\u00e1m a baz\u00e9n\u016fm.","item":"https:\/\/www.idol.cz\/kategorie-produktu\/e-shop\/prislusenstvi-k-virivkam-a-bazenum\/"},{"@type":"ListItem","position":5,"name":"Tepeln\u00e1 \u010derpadla","item":"https:\/\/www.idol.cz\/kategorie-produktu\/e-shop\/prislusenstvi-k-virivkam-a-bazenum\/tepelna-cerpadla\/"},{"@type":"ListItem","position":6,"name":"Tepleln\u00e9 \u010derpadlo pro v\u00ed\u0159ivky, swim spa baz\u00e9ny. Rapid Inverter-x 8,8kw"}]},{"@type":"WebSite","@id":"https:\/\/www.idol.cz\/at\/#website","url":"https:\/\/www.idol.cz\/at\/","name":"v\u00ed\u0159ivky venkovn\u00ed, swim spa, baz\u00e9ny","description":"Luxusn\u00ed \u010desk\u00e9 v\u00ed\u0159ivky a swim spa","publisher":{"@id":"https:\/\/www.idol.cz\/at\/#organization"},"potentialAction":[{"@type":"SearchAction","target":{"@type":"EntryPoint","urlTemplate":"https:\/\/www.idol.cz\/at\/?s={search_term_string}"},"query-input":{"@type":"PropertyValueSpecification","valueRequired":true,"valueName":"search_term_string"}}],"inLanguage":"at-AT"},{"@type":"Organization","@id":"https:\/\/www.idol.cz\/at\/#organization","name":"IDOL SPAS, s.r.o.","url":"https:\/\/www.idol.cz\/at\/","logo":{"@type":"ImageObject","inLanguage":"at-AT","@id":"https:\/\/www.idol.cz\/at\/#\/schema\/logo\/image\/","url":"https:\/\/www.idol.cz\/wp-content\/uploads\/2020\/02\/idol-spas-logo.png","contentUrl":"https:\/\/www.idol.cz\/wp-content\/uploads\/2020\/02\/idol-spas-logo.png","width":512,"height":206,"caption":"IDOL SPAS, s.r.o."},"image":{"@id":"https:\/\/www.idol.cz\/at\/#\/schema\/logo\/image\/"},"sameAs":["https:\/\/www.facebook.com\/IdolSpas\/"]}]}},"_links":{"self":[{"href":"https:\/\/www.idol.cz\/at\/wp-json\/wp\/v2\/product\/19477"}],"collection":[{"href":"https:\/\/www.idol.cz\/at\/wp-json\/wp\/v2\/product"}],"about":[{"href":"https:\/\/www.idol.cz\/at\/wp-json\/wp\/v2\/types\/product"}],"wp:featuredmedia":[{"embeddable":true,"href":"https:\/\/www.idol.cz\/at\/wp-json\/wp\/v2\/media\/19478"}],"wp:attachment":[{"href":"https:\/\/www.idol.cz\/at\/wp-json\/wp\/v2\/media?parent=19477"}],"wp:term":[{"taxonomy":"product_cat","embeddable":true,"href":"https:\/\/www.idol.cz\/at\/wp-json\/wp\/v2\/product_cat?post=19477"},{"taxonomy":"product_tag","embeddable":true,"href":"https:\/\/www.idol.cz\/at\/wp-json\/wp\/v2\/product_tag?post=19477"}],"curies":[{"name":"wp","href":"https:\/\/api.w.org\/{rel}","templated":true}]}}