{"id":20532,"date":"2019-02-24T13:57:58","date_gmt":"2019-02-24T12:57:58","guid":{"rendered":"https:\/\/www.idol.cz\/produkt\/uncategorized\/party-swim-spa\/"},"modified":"2022-09-13T11:42:06","modified_gmt":"2022-09-13T09:42:06","slug":"party-swim-spa-2","status":"publish","type":"product","link":"https:\/\/www.idol.cz\/at\/produkt\/pools-at\/party-swim-spa-2\/","title":{"rendered":"Party Swim Spa"},"content":{"rendered":"<h3>Party Swim Spa<\/h3>\n<p>DAS IDOL-Schwimmbad <strong>ist nicht nur ein Schwimmbad, das in den Boden eingefahren werden muss,<\/strong>sondern kann auch als <strong>freistehende Anlage<\/strong> auf einer horizontalen Fl\u00e4che platziert werden, ohne dass eine Landschaftsgestaltung erforderlich ist.<\/p>\n<p>F\u00fcllen Sie einfach mit Wasser und verbinden Sie sich mit dem Netz. Es ist so einfach, unsere Pools zu betreiben. Kristallklares Wasser wird durch Absch\u00e4umerpaare mit <strong>minimalen Wartungskosten<\/strong>bereitgestellt.<\/p>\n<ul>\n<li>Gro\u00dfz\u00fcgiger Platz f\u00fcr bis zu zehn Personen<\/li>\n<li>Ausreichend Platz zum Schwimmen<\/li>\n<li>Luxus-Design-Treppen<\/li>\n<li>Variable Luxusummantelung<\/li>\n<li>Gegenstrom- oder River Swim Spa-Jets<\/li>\n<\/ul>\n<p><a href=\"https:\/\/www.idol.cz\/wp-content\/uploads\/2019\/02\/5A9C2F9A-7493-469C-A476-09DB22C1DCB0.jpeg\" data-elementor-open-lightbox=\"yes\" data-elementor-lightbox-slideshow=\"all-8d7fc05\" data-elementor-lightbox-title=\"5A9C2F9A-7493-469C-A476-09DB22C1DCB0\"><br \/>\n<\/a><br \/>\n<a href=\"https:\/\/www.idol.cz\/wp-content\/uploads\/2019\/02\/C21407DD-DAAA-4EC0-B900-52C68D962AAA.jpeg\" data-elementor-open-lightbox=\"yes\" data-elementor-lightbox-slideshow=\"all-8d7fc05\" data-elementor-lightbox-title=\"C21407DD-DAAA-4EC0-B900-52C68D962AAA\"><br \/>\n<\/a><br \/>\n<a href=\"https:\/\/www.idol.cz\/wp-content\/uploads\/2019\/02\/D2B5B55B-4936-46B3-B639-82C5ADE25B06.jpeg\" data-elementor-open-lightbox=\"yes\" data-elementor-lightbox-slideshow=\"all-8d7fc05\" data-elementor-lightbox-title=\"D2B5B55B-4936-46B3-B639-82C5ADE25B06\"><br \/>\n<\/a><br \/>\n<a href=\"https:\/\/www.idol.cz\/wp-content\/uploads\/2019\/02\/F9048CAF-DE87-4942-ADA9-697E32E9A7F9.jpeg\" data-elementor-open-lightbox=\"yes\" data-elementor-lightbox-slideshow=\"all-8d7fc05\" data-elementor-lightbox-title=\"F9048CAF-DE87-4942-ADA9-697E32E9A7F9\"><br \/>\n<\/a><\/p>\n","protected":false},"excerpt":{"rendered":"<h2>Haben Sie eine Party in der breitesten Party-Whirlpool auf dem Markt!<br \/>\nGenie\u00dfen Sie die Momente mit Freunden beim Schwimmen.<\/h2>\n","protected":false},"featured_media":20533,"template":"","meta":[],"product_cat":[330],"product_tag":[331],"class_list":{"0":"post-20532","1":"product","2":"type-product","3":"status-publish","4":"has-post-thumbnail","6":"product_cat-pools-at","7":"product_tag-systemgepoolt-at","9":"first","10":"instock","11":"taxable","12":"shipping-taxable","13":"purchasable","14":"product-type-simple"},"yoast_head":"<!-- This site is optimized with the Yoast SEO Premium plugin v24.9 (Yoast SEO v24.9) - https:\/\/yoast.com\/wordpress\/plugins\/seo\/ -->\n<title>Party Swim Spa | Pools \u00fcber dem Boden mit Gegenstrom Bade-Spa mit Jacuzzi<\/title>\n<meta name=\"description\" content=\"Swim Spa XL Au\u00dfenpool mit Gegenstrom zum Garten. Schwimmbad mit Gegenstrom oberirdisch und innen. Luxus-Acryl-Pool der tschechischen Produktion.\" \/>\n<meta name=\"robots\" content=\"index, follow, max-snippet:-1, max-image-preview:large, max-video-preview:-1\" \/>\n<link rel=\"canonical\" href=\"https:\/\/www.idol.cz\/at\/produkt\/pools-at\/party-swim-spa-2\/\" \/>\n<meta property=\"og:locale\" content=\"en_US\" \/>\n<meta property=\"og:type\" content=\"article\" \/>\n<meta property=\"og:title\" content=\"Party Swim Spa\" \/>\n<meta property=\"og:description\" content=\"Swim Spa XL Au\u00dfenpool mit Gegenstrom zum Garten. Schwimmbad mit Gegenstrom oberirdisch und innen. Luxus-Acryl-Pool der tschechischen Produktion.\" \/>\n<meta property=\"og:url\" content=\"https:\/\/www.idol.cz\/at\/produkt\/pools-at\/party-swim-spa-2\/\" \/>\n<meta property=\"og:site_name\" content=\"Whirlpools im Freien, Swim Spa, Schwimmb\u00e4der\" \/>\n<meta property=\"article:publisher\" content=\"https:\/\/www.facebook.com\/IdolSpas\/\" \/>\n<meta property=\"article:modified_time\" content=\"2022-09-13T09:42:06+00:00\" \/>\n<meta property=\"og:image\" content=\"https:\/\/www.idol.cz\/wp-content\/uploads\/2019\/02\/IdolSpas-bazeny-Party-Swim-Spa-fb.jpg\" \/>\n<meta name=\"twitter:card\" content=\"summary_large_image\" \/>\n<script type=\"application\/ld+json\" class=\"yoast-schema-graph\">{\"@context\":\"https:\/\/schema.org\",\"@graph\":[{\"@type\":\"WebPage\",\"@id\":\"https:\/\/www.idol.cz\/at\/produkt\/pools-at\/party-swim-spa-2\/\",\"url\":\"https:\/\/www.idol.cz\/at\/produkt\/pools-at\/party-swim-spa-2\/\",\"name\":\"Party Swim Spa | Pools \u00fcber dem Boden mit Gegenstrom Bade-Spa mit Jacuzzi\",\"isPartOf\":{\"@id\":\"https:\/\/www.idol.cz\/at\/#website\"},\"primaryImageOfPage\":{\"@id\":\"https:\/\/www.idol.cz\/at\/produkt\/pools-at\/party-swim-spa-2\/#primaryimage\"},\"image\":{\"@id\":\"https:\/\/www.idol.cz\/at\/produkt\/pools-at\/party-swim-spa-2\/#primaryimage\"},\"thumbnailUrl\":\"https:\/\/www.idol.cz\/wp-content\/uploads\/2019\/02\/idol-spas-Party-Swim-Spa-2020.jpg\",\"datePublished\":\"2019-02-24T12:57:58+00:00\",\"dateModified\":\"2022-09-13T09:42:06+00:00\",\"description\":\"Swim Spa XL Au\u00dfenpool mit Gegenstrom zum Garten. Schwimmbad mit Gegenstrom oberirdisch und innen. Luxus-Acryl-Pool der tschechischen Produktion.\",\"breadcrumb\":{\"@id\":\"https:\/\/www.idol.cz\/at\/produkt\/pools-at\/party-swim-spa-2\/#breadcrumb\"},\"inLanguage\":\"at-AT\",\"potentialAction\":[{\"@type\":\"ReadAction\",\"target\":[\"https:\/\/www.idol.cz\/at\/produkt\/pools-at\/party-swim-spa-2\/\"]}]},{\"@type\":\"ImageObject\",\"inLanguage\":\"at-AT\",\"@id\":\"https:\/\/www.idol.cz\/at\/produkt\/pools-at\/party-swim-spa-2\/#primaryimage\",\"url\":\"https:\/\/www.idol.cz\/wp-content\/uploads\/2019\/02\/idol-spas-Party-Swim-Spa-2020.jpg\",\"contentUrl\":\"https:\/\/www.idol.cz\/wp-content\/uploads\/2019\/02\/idol-spas-Party-Swim-Spa-2020.jpg\",\"width\":1080,\"height\":810,\"caption\":\"Idol Spas Pools Party Swim Spa\"},{\"@type\":\"BreadcrumbList\",\"@id\":\"https:\/\/www.idol.cz\/at\/produkt\/pools-at\/party-swim-spa-2\/#breadcrumb\",\"itemListElement\":[{\"@type\":\"ListItem\",\"position\":1,\"name\":\"Dom\u016f\",\"item\":\"https:\/\/www.idol.cz\/at\/\"},{\"@type\":\"ListItem\",\"position\":2,\"name\":\"E-Shop\",\"item\":\"https:\/\/www.idol.cz\/at\/e-shop\/\"},{\"@type\":\"ListItem\",\"position\":3,\"name\":\"Pools\",\"item\":\"https:\/\/www.idol.cz\/at\/kategorie-produktu\/pools-at\/\"},{\"@type\":\"ListItem\",\"position\":4,\"name\":\"Party Swim Spa\"}]},{\"@type\":\"WebSite\",\"@id\":\"https:\/\/www.idol.cz\/at\/#website\",\"url\":\"https:\/\/www.idol.cz\/at\/\",\"name\":\"v\u00ed\u0159ivky venkovn\u00ed, swim spa, baz\u00e9ny\",\"description\":\"Luxusn\u00ed \u010desk\u00e9 v\u00ed\u0159ivky a swim spa\",\"publisher\":{\"@id\":\"https:\/\/www.idol.cz\/at\/#organization\"},\"potentialAction\":[{\"@type\":\"SearchAction\",\"target\":{\"@type\":\"EntryPoint\",\"urlTemplate\":\"https:\/\/www.idol.cz\/at\/?s={search_term_string}\"},\"query-input\":{\"@type\":\"PropertyValueSpecification\",\"valueRequired\":true,\"valueName\":\"search_term_string\"}}],\"inLanguage\":\"at-AT\"},{\"@type\":\"Organization\",\"@id\":\"https:\/\/www.idol.cz\/at\/#organization\",\"name\":\"IDOL SPAS, s.r.o.\",\"url\":\"https:\/\/www.idol.cz\/at\/\",\"logo\":{\"@type\":\"ImageObject\",\"inLanguage\":\"at-AT\",\"@id\":\"https:\/\/www.idol.cz\/at\/#\/schema\/logo\/image\/\",\"url\":\"https:\/\/www.idol.cz\/wp-content\/uploads\/2020\/02\/idol-spas-logo.png\",\"contentUrl\":\"https:\/\/www.idol.cz\/wp-content\/uploads\/2020\/02\/idol-spas-logo.png\",\"width\":512,\"height\":206,\"caption\":\"IDOL SPAS, s.r.o.\"},\"image\":{\"@id\":\"https:\/\/www.idol.cz\/at\/#\/schema\/logo\/image\/\"},\"sameAs\":[\"https:\/\/www.facebook.com\/IdolSpas\/\"]}]}<\/script>\n<!-- \/ Yoast SEO Premium plugin. -->","yoast_head_json":{"title":"Party Swim Spa | Pools \u00fcber dem Boden mit Gegenstrom Bade-Spa mit Jacuzzi","description":"Swim Spa XL Au\u00dfenpool mit Gegenstrom zum Garten. Schwimmbad mit Gegenstrom oberirdisch und innen. Luxus-Acryl-Pool der tschechischen Produktion.","robots":{"index":"index","follow":"follow","max-snippet":"max-snippet:-1","max-image-preview":"max-image-preview:large","max-video-preview":"max-video-preview:-1"},"canonical":"https:\/\/www.idol.cz\/at\/produkt\/pools-at\/party-swim-spa-2\/","og_locale":"en_US","og_type":"article","og_title":"Party Swim Spa","og_description":"Swim Spa XL Au\u00dfenpool mit Gegenstrom zum Garten. Schwimmbad mit Gegenstrom oberirdisch und innen. Luxus-Acryl-Pool der tschechischen Produktion.","og_url":"https:\/\/www.idol.cz\/at\/produkt\/pools-at\/party-swim-spa-2\/","og_site_name":"Whirlpools im Freien, Swim Spa, Schwimmb\u00e4der","article_publisher":"https:\/\/www.facebook.com\/IdolSpas\/","article_modified_time":"2022-09-13T09:42:06+00:00","og_image":[{"url":"https:\/\/www.idol.cz\/wp-content\/uploads\/2019\/02\/IdolSpas-bazeny-Party-Swim-Spa-fb.jpg","type":"","width":"","height":""}],"twitter_card":"summary_large_image","schema":{"@context":"https:\/\/schema.org","@graph":[{"@type":"WebPage","@id":"https:\/\/www.idol.cz\/at\/produkt\/pools-at\/party-swim-spa-2\/","url":"https:\/\/www.idol.cz\/at\/produkt\/pools-at\/party-swim-spa-2\/","name":"Party Swim Spa | Pools \u00fcber dem Boden mit Gegenstrom Bade-Spa mit Jacuzzi","isPartOf":{"@id":"https:\/\/www.idol.cz\/at\/#website"},"primaryImageOfPage":{"@id":"https:\/\/www.idol.cz\/at\/produkt\/pools-at\/party-swim-spa-2\/#primaryimage"},"image":{"@id":"https:\/\/www.idol.cz\/at\/produkt\/pools-at\/party-swim-spa-2\/#primaryimage"},"thumbnailUrl":"https:\/\/www.idol.cz\/wp-content\/uploads\/2019\/02\/idol-spas-Party-Swim-Spa-2020.jpg","datePublished":"2019-02-24T12:57:58+00:00","dateModified":"2022-09-13T09:42:06+00:00","description":"Swim Spa XL Au\u00dfenpool mit Gegenstrom zum Garten. Schwimmbad mit Gegenstrom oberirdisch und innen. Luxus-Acryl-Pool der tschechischen Produktion.","breadcrumb":{"@id":"https:\/\/www.idol.cz\/at\/produkt\/pools-at\/party-swim-spa-2\/#breadcrumb"},"inLanguage":"at-AT","potentialAction":[{"@type":"ReadAction","target":["https:\/\/www.idol.cz\/at\/produkt\/pools-at\/party-swim-spa-2\/"]}]},{"@type":"ImageObject","inLanguage":"at-AT","@id":"https:\/\/www.idol.cz\/at\/produkt\/pools-at\/party-swim-spa-2\/#primaryimage","url":"https:\/\/www.idol.cz\/wp-content\/uploads\/2019\/02\/idol-spas-Party-Swim-Spa-2020.jpg","contentUrl":"https:\/\/www.idol.cz\/wp-content\/uploads\/2019\/02\/idol-spas-Party-Swim-Spa-2020.jpg","width":1080,"height":810,"caption":"Idol Spas Pools Party Swim Spa"},{"@type":"BreadcrumbList","@id":"https:\/\/www.idol.cz\/at\/produkt\/pools-at\/party-swim-spa-2\/#breadcrumb","itemListElement":[{"@type":"ListItem","position":1,"name":"Dom\u016f","item":"https:\/\/www.idol.cz\/at\/"},{"@type":"ListItem","position":2,"name":"E-Shop","item":"https:\/\/www.idol.cz\/at\/e-shop\/"},{"@type":"ListItem","position":3,"name":"Pools","item":"https:\/\/www.idol.cz\/at\/kategorie-produktu\/pools-at\/"},{"@type":"ListItem","position":4,"name":"Party Swim Spa"}]},{"@type":"WebSite","@id":"https:\/\/www.idol.cz\/at\/#website","url":"https:\/\/www.idol.cz\/at\/","name":"v\u00ed\u0159ivky venkovn\u00ed, swim spa, baz\u00e9ny","description":"Luxusn\u00ed \u010desk\u00e9 v\u00ed\u0159ivky a swim spa","publisher":{"@id":"https:\/\/www.idol.cz\/at\/#organization"},"potentialAction":[{"@type":"SearchAction","target":{"@type":"EntryPoint","urlTemplate":"https:\/\/www.idol.cz\/at\/?s={search_term_string}"},"query-input":{"@type":"PropertyValueSpecification","valueRequired":true,"valueName":"search_term_string"}}],"inLanguage":"at-AT"},{"@type":"Organization","@id":"https:\/\/www.idol.cz\/at\/#organization","name":"IDOL SPAS, s.r.o.","url":"https:\/\/www.idol.cz\/at\/","logo":{"@type":"ImageObject","inLanguage":"at-AT","@id":"https:\/\/www.idol.cz\/at\/#\/schema\/logo\/image\/","url":"https:\/\/www.idol.cz\/wp-content\/uploads\/2020\/02\/idol-spas-logo.png","contentUrl":"https:\/\/www.idol.cz\/wp-content\/uploads\/2020\/02\/idol-spas-logo.png","width":512,"height":206,"caption":"IDOL SPAS, s.r.o."},"image":{"@id":"https:\/\/www.idol.cz\/at\/#\/schema\/logo\/image\/"},"sameAs":["https:\/\/www.facebook.com\/IdolSpas\/"]}]}},"_links":{"self":[{"href":"https:\/\/www.idol.cz\/at\/wp-json\/wp\/v2\/product\/20532"}],"collection":[{"href":"https:\/\/www.idol.cz\/at\/wp-json\/wp\/v2\/product"}],"about":[{"href":"https:\/\/www.idol.cz\/at\/wp-json\/wp\/v2\/types\/product"}],"wp:featuredmedia":[{"embeddable":true,"href":"https:\/\/www.idol.cz\/at\/wp-json\/wp\/v2\/media\/20533"}],"wp:attachment":[{"href":"https:\/\/www.idol.cz\/at\/wp-json\/wp\/v2\/media?parent=20532"}],"wp:term":[{"taxonomy":"product_cat","embeddable":true,"href":"https:\/\/www.idol.cz\/at\/wp-json\/wp\/v2\/product_cat?post=20532"},{"taxonomy":"product_tag","embeddable":true,"href":"https:\/\/www.idol.cz\/at\/wp-json\/wp\/v2\/product_tag?post=20532"}],"curies":[{"name":"wp","href":"https:\/\/api.w.org\/{rel}","templated":true}]}}