{"id":20605,"date":"2025-03-07T15:48:16","date_gmt":"2022-09-13T09:44:24","guid":{"rendered":"https:\/\/www.idol.cz\/produkt\/uncategorized\/anna\/"},"modified":"2022-09-13T11:44:24","modified_gmt":"2022-09-13T09:44:24","slug":"anna-2","status":"publish","type":"product","link":"https:\/\/www.idol.cz\/at\/produkt\/whirlpool-at\/anna-2\/","title":{"rendered":"Anna"},"content":{"rendered":"<h3>Luxus Hot Tub Anna<\/h3>\n<ul>\n<li>Whirlpool f\u00fcr bis zu <strong>5 Personen<\/strong><\/li>\n<li>Die hochwertigste Ausr\u00fcstung der weltweit f\u00fchrenden Hersteller<\/li>\n<li>Einstellbare Dreh- und gerade D\u00fcsen von CMP<\/li>\n<li>Premium Gecko in.k500 Farbbedienfeld mit intuitiver Bedienung<\/li>\n<li>Farben von Acryl, Thermocover und Verkleidung ihrer Wahl<\/li>\n<li><strong>Neuer Whirlpool wird in nur 15-30 Tagen geliefert<\/strong><\/li>\n<\/ul>\n","protected":false},"excerpt":{"rendered":"<h2>Und der Preis f\u00fcr den einzigen tschechischen Whirlpool f\u00fcr 5 Personen, der sogar 80 cm durch die T\u00fcr geht, wird&#8230;<\/h2>\n","protected":false},"featured_media":20606,"template":"","meta":[],"product_cat":[332],"product_tag":[334],"class_list":{"0":"post-20605","1":"product","2":"type-product","3":"status-publish","4":"has-post-thumbnail","6":"product_cat-whirlpool-at","7":"product_tag-whirlpool-at","9":"first","10":"instock","11":"taxable","12":"shipping-taxable","13":"purchasable","14":"product-type-simple"},"yoast_head":"<!-- This site is optimized with the Yoast SEO Premium plugin v24.9 (Yoast SEO v24.9) - https:\/\/yoast.com\/wordpress\/plugins\/seo\/ -->\n<title>Anna \u2013 Luxus Outdoor-Whirlpool nicht nur auf der | Whirlpools im Freien, Swim Spa, Schwimmb\u00e4der<\/title>\n<meta name=\"description\" content=\"Whirlpool f\u00fcr bis zu 5 Personen. Luxus tschechischen Outdoor-Whirlpool nicht nur f\u00fcr den Garten, sondern auch f\u00fcr die Zwischen. G\u00fcnstig in Aktion. Pl\u00f6tzlich wird er es mit all dem Komfort zur Ruhe bringen.\" \/>\n<meta name=\"robots\" content=\"index, follow, max-snippet:-1, max-image-preview:large, max-video-preview:-1\" \/>\n<link rel=\"canonical\" href=\"https:\/\/www.idol.cz\/at\/produkt\/whirlpool-at\/anna-2\/\" \/>\n<meta property=\"og:locale\" content=\"en_US\" \/>\n<meta property=\"og:type\" content=\"article\" \/>\n<meta property=\"og:title\" content=\"Anna\" \/>\n<meta property=\"og:description\" content=\"Whirlpool f\u00fcr bis zu 5 Personen. Luxus tschechischen Outdoor-Whirlpool nicht nur f\u00fcr den Garten, sondern auch f\u00fcr die Zwischen. G\u00fcnstig in Aktion. Pl\u00f6tzlich wird er es mit all dem Komfort zur Ruhe bringen.\" \/>\n<meta property=\"og:url\" content=\"https:\/\/www.idol.cz\/at\/produkt\/whirlpool-at\/anna-2\/\" \/>\n<meta property=\"og:site_name\" content=\"Whirlpools im Freien, Swim Spa, Schwimmb\u00e4der\" \/>\n<meta property=\"article:publisher\" content=\"https:\/\/www.facebook.com\/IdolSpas\/\" \/>\n<meta property=\"og:image\" content=\"https:\/\/www.idol.cz\/wp-content\/uploads\/2018\/10\/idol-spas-luxusni-virivky-anna-fb.jpg\" \/>\n<meta name=\"twitter:card\" content=\"summary_large_image\" \/>\n<script type=\"application\/ld+json\" class=\"yoast-schema-graph\">{\"@context\":\"https:\/\/schema.org\",\"@graph\":[{\"@type\":\"WebPage\",\"@id\":\"https:\/\/www.idol.cz\/at\/produkt\/whirlpool-at\/anna-2\/\",\"url\":\"https:\/\/www.idol.cz\/at\/produkt\/whirlpool-at\/anna-2\/\",\"name\":\"Anna \u2013 Luxus Outdoor-Whirlpool nicht nur auf der | Whirlpools im Freien, Swim Spa, Schwimmb\u00e4der\",\"isPartOf\":{\"@id\":\"https:\/\/www.idol.cz\/at\/#website\"},\"primaryImageOfPage\":{\"@id\":\"https:\/\/www.idol.cz\/at\/produkt\/whirlpool-at\/anna-2\/#primaryimage\"},\"image\":{\"@id\":\"https:\/\/www.idol.cz\/at\/produkt\/whirlpool-at\/anna-2\/#primaryimage\"},\"thumbnailUrl\":\"https:\/\/www.idol.cz\/wp-content\/uploads\/2018\/10\/idol-spas-anna-2020.jpg\",\"datePublished\":\"2022-09-13T09:44:24+00:00\",\"description\":\"Whirlpool f\u00fcr bis zu 5 Personen. Luxus tschechischen Outdoor-Whirlpool nicht nur f\u00fcr den Garten, sondern auch f\u00fcr die Zwischen. G\u00fcnstig in Aktion. Pl\u00f6tzlich wird er es mit all dem Komfort zur Ruhe bringen.\",\"breadcrumb\":{\"@id\":\"https:\/\/www.idol.cz\/at\/produkt\/whirlpool-at\/anna-2\/#breadcrumb\"},\"inLanguage\":\"at-AT\",\"potentialAction\":[{\"@type\":\"ReadAction\",\"target\":[\"https:\/\/www.idol.cz\/at\/produkt\/whirlpool-at\/anna-2\/\"]}]},{\"@type\":\"ImageObject\",\"inLanguage\":\"at-AT\",\"@id\":\"https:\/\/www.idol.cz\/at\/produkt\/whirlpool-at\/anna-2\/#primaryimage\",\"url\":\"https:\/\/www.idol.cz\/wp-content\/uploads\/2018\/10\/idol-spas-anna-2020.jpg\",\"contentUrl\":\"https:\/\/www.idol.cz\/wp-content\/uploads\/2018\/10\/idol-spas-anna-2020.jpg\",\"width\":1080,\"height\":1080,\"caption\":\"Idol Spas Hot Tub Anna\"},{\"@type\":\"BreadcrumbList\",\"@id\":\"https:\/\/www.idol.cz\/at\/produkt\/whirlpool-at\/anna-2\/#breadcrumb\",\"itemListElement\":[{\"@type\":\"ListItem\",\"position\":1,\"name\":\"Dom\u016f\",\"item\":\"https:\/\/www.idol.cz\/at\/\"},{\"@type\":\"ListItem\",\"position\":2,\"name\":\"E-Shop\",\"item\":\"https:\/\/www.idol.cz\/at\/e-shop\/\"},{\"@type\":\"ListItem\",\"position\":3,\"name\":\"Whirlpool\",\"item\":\"https:\/\/www.idol.cz\/at\/kategorie-produktu\/whirlpool-at\/\"},{\"@type\":\"ListItem\",\"position\":4,\"name\":\"Anna\"}]},{\"@type\":\"WebSite\",\"@id\":\"https:\/\/www.idol.cz\/at\/#website\",\"url\":\"https:\/\/www.idol.cz\/at\/\",\"name\":\"v\u00ed\u0159ivky venkovn\u00ed, swim spa, baz\u00e9ny\",\"description\":\"Luxusn\u00ed \u010desk\u00e9 v\u00ed\u0159ivky a swim spa\",\"publisher\":{\"@id\":\"https:\/\/www.idol.cz\/at\/#organization\"},\"potentialAction\":[{\"@type\":\"SearchAction\",\"target\":{\"@type\":\"EntryPoint\",\"urlTemplate\":\"https:\/\/www.idol.cz\/at\/?s={search_term_string}\"},\"query-input\":{\"@type\":\"PropertyValueSpecification\",\"valueRequired\":true,\"valueName\":\"search_term_string\"}}],\"inLanguage\":\"at-AT\"},{\"@type\":\"Organization\",\"@id\":\"https:\/\/www.idol.cz\/at\/#organization\",\"name\":\"IDOL SPAS, s.r.o.\",\"url\":\"https:\/\/www.idol.cz\/at\/\",\"logo\":{\"@type\":\"ImageObject\",\"inLanguage\":\"at-AT\",\"@id\":\"https:\/\/www.idol.cz\/at\/#\/schema\/logo\/image\/\",\"url\":\"https:\/\/www.idol.cz\/wp-content\/uploads\/2020\/02\/idol-spas-logo.png\",\"contentUrl\":\"https:\/\/www.idol.cz\/wp-content\/uploads\/2020\/02\/idol-spas-logo.png\",\"width\":512,\"height\":206,\"caption\":\"IDOL SPAS, s.r.o.\"},\"image\":{\"@id\":\"https:\/\/www.idol.cz\/at\/#\/schema\/logo\/image\/\"},\"sameAs\":[\"https:\/\/www.facebook.com\/IdolSpas\/\"]}]}<\/script>\n<!-- \/ Yoast SEO Premium plugin. -->","yoast_head_json":{"title":"Anna \u2013 Luxus Outdoor-Whirlpool nicht nur auf der | Whirlpools im Freien, Swim Spa, Schwimmb\u00e4der","description":"Whirlpool f\u00fcr bis zu 5 Personen. Luxus tschechischen Outdoor-Whirlpool nicht nur f\u00fcr den Garten, sondern auch f\u00fcr die Zwischen. G\u00fcnstig in Aktion. Pl\u00f6tzlich wird er es mit all dem Komfort zur Ruhe bringen.","robots":{"index":"index","follow":"follow","max-snippet":"max-snippet:-1","max-image-preview":"max-image-preview:large","max-video-preview":"max-video-preview:-1"},"canonical":"https:\/\/www.idol.cz\/at\/produkt\/whirlpool-at\/anna-2\/","og_locale":"en_US","og_type":"article","og_title":"Anna","og_description":"Whirlpool f\u00fcr bis zu 5 Personen. Luxus tschechischen Outdoor-Whirlpool nicht nur f\u00fcr den Garten, sondern auch f\u00fcr die Zwischen. G\u00fcnstig in Aktion. Pl\u00f6tzlich wird er es mit all dem Komfort zur Ruhe bringen.","og_url":"https:\/\/www.idol.cz\/at\/produkt\/whirlpool-at\/anna-2\/","og_site_name":"Whirlpools im Freien, Swim Spa, Schwimmb\u00e4der","article_publisher":"https:\/\/www.facebook.com\/IdolSpas\/","og_image":[{"url":"https:\/\/www.idol.cz\/wp-content\/uploads\/2018\/10\/idol-spas-luxusni-virivky-anna-fb.jpg","type":"","width":"","height":""}],"twitter_card":"summary_large_image","schema":{"@context":"https:\/\/schema.org","@graph":[{"@type":"WebPage","@id":"https:\/\/www.idol.cz\/at\/produkt\/whirlpool-at\/anna-2\/","url":"https:\/\/www.idol.cz\/at\/produkt\/whirlpool-at\/anna-2\/","name":"Anna \u2013 Luxus Outdoor-Whirlpool nicht nur auf der | Whirlpools im Freien, Swim Spa, Schwimmb\u00e4der","isPartOf":{"@id":"https:\/\/www.idol.cz\/at\/#website"},"primaryImageOfPage":{"@id":"https:\/\/www.idol.cz\/at\/produkt\/whirlpool-at\/anna-2\/#primaryimage"},"image":{"@id":"https:\/\/www.idol.cz\/at\/produkt\/whirlpool-at\/anna-2\/#primaryimage"},"thumbnailUrl":"https:\/\/www.idol.cz\/wp-content\/uploads\/2018\/10\/idol-spas-anna-2020.jpg","datePublished":"2022-09-13T09:44:24+00:00","description":"Whirlpool f\u00fcr bis zu 5 Personen. Luxus tschechischen Outdoor-Whirlpool nicht nur f\u00fcr den Garten, sondern auch f\u00fcr die Zwischen. G\u00fcnstig in Aktion. Pl\u00f6tzlich wird er es mit all dem Komfort zur Ruhe bringen.","breadcrumb":{"@id":"https:\/\/www.idol.cz\/at\/produkt\/whirlpool-at\/anna-2\/#breadcrumb"},"inLanguage":"at-AT","potentialAction":[{"@type":"ReadAction","target":["https:\/\/www.idol.cz\/at\/produkt\/whirlpool-at\/anna-2\/"]}]},{"@type":"ImageObject","inLanguage":"at-AT","@id":"https:\/\/www.idol.cz\/at\/produkt\/whirlpool-at\/anna-2\/#primaryimage","url":"https:\/\/www.idol.cz\/wp-content\/uploads\/2018\/10\/idol-spas-anna-2020.jpg","contentUrl":"https:\/\/www.idol.cz\/wp-content\/uploads\/2018\/10\/idol-spas-anna-2020.jpg","width":1080,"height":1080,"caption":"Idol Spas Hot Tub Anna"},{"@type":"BreadcrumbList","@id":"https:\/\/www.idol.cz\/at\/produkt\/whirlpool-at\/anna-2\/#breadcrumb","itemListElement":[{"@type":"ListItem","position":1,"name":"Dom\u016f","item":"https:\/\/www.idol.cz\/at\/"},{"@type":"ListItem","position":2,"name":"E-Shop","item":"https:\/\/www.idol.cz\/at\/e-shop\/"},{"@type":"ListItem","position":3,"name":"Whirlpool","item":"https:\/\/www.idol.cz\/at\/kategorie-produktu\/whirlpool-at\/"},{"@type":"ListItem","position":4,"name":"Anna"}]},{"@type":"WebSite","@id":"https:\/\/www.idol.cz\/at\/#website","url":"https:\/\/www.idol.cz\/at\/","name":"v\u00ed\u0159ivky venkovn\u00ed, swim spa, baz\u00e9ny","description":"Luxusn\u00ed \u010desk\u00e9 v\u00ed\u0159ivky a swim spa","publisher":{"@id":"https:\/\/www.idol.cz\/at\/#organization"},"potentialAction":[{"@type":"SearchAction","target":{"@type":"EntryPoint","urlTemplate":"https:\/\/www.idol.cz\/at\/?s={search_term_string}"},"query-input":{"@type":"PropertyValueSpecification","valueRequired":true,"valueName":"search_term_string"}}],"inLanguage":"at-AT"},{"@type":"Organization","@id":"https:\/\/www.idol.cz\/at\/#organization","name":"IDOL SPAS, s.r.o.","url":"https:\/\/www.idol.cz\/at\/","logo":{"@type":"ImageObject","inLanguage":"at-AT","@id":"https:\/\/www.idol.cz\/at\/#\/schema\/logo\/image\/","url":"https:\/\/www.idol.cz\/wp-content\/uploads\/2020\/02\/idol-spas-logo.png","contentUrl":"https:\/\/www.idol.cz\/wp-content\/uploads\/2020\/02\/idol-spas-logo.png","width":512,"height":206,"caption":"IDOL SPAS, s.r.o."},"image":{"@id":"https:\/\/www.idol.cz\/at\/#\/schema\/logo\/image\/"},"sameAs":["https:\/\/www.facebook.com\/IdolSpas\/"]}]}},"_links":{"self":[{"href":"https:\/\/www.idol.cz\/at\/wp-json\/wp\/v2\/product\/20605"}],"collection":[{"href":"https:\/\/www.idol.cz\/at\/wp-json\/wp\/v2\/product"}],"about":[{"href":"https:\/\/www.idol.cz\/at\/wp-json\/wp\/v2\/types\/product"}],"wp:featuredmedia":[{"embeddable":true,"href":"https:\/\/www.idol.cz\/at\/wp-json\/wp\/v2\/media\/20606"}],"wp:attachment":[{"href":"https:\/\/www.idol.cz\/at\/wp-json\/wp\/v2\/media?parent=20605"}],"wp:term":[{"taxonomy":"product_cat","embeddable":true,"href":"https:\/\/www.idol.cz\/at\/wp-json\/wp\/v2\/product_cat?post=20605"},{"taxonomy":"product_tag","embeddable":true,"href":"https:\/\/www.idol.cz\/at\/wp-json\/wp\/v2\/product_tag?post=20605"}],"curies":[{"name":"wp","href":"https:\/\/api.w.org\/{rel}","templated":true}]}}