{"id":20638,"date":"2025-03-09T19:10:17","date_gmt":"2022-09-13T09:45:26","guid":{"rendered":"https:\/\/www.idol.cz\/produkt\/uncategorized\/irena-lite\/"},"modified":"2022-09-13T11:45:43","modified_gmt":"2022-09-13T09:45:43","slug":"die-usa","status":"publish","type":"product","link":"https:\/\/www.idol.cz\/at\/produkt\/whirlpool-at\/die-usa\/","title":{"rendered":"Irena Lite"},"content":{"rendered":"<h3>Luxus Hot Tub Irena Lite<\/h3>\n<ul>\n<li>Whirlpool f\u00fcr bis zu <strong>3 Personen<\/strong><\/li>\n<li>Die hochwertigste Ausr\u00fcstung der weltweit f\u00fchrenden Hersteller<\/li>\n<li>Einstellbare Dreh- und gerade D\u00fcsen von CMP<\/li>\n<li>Premium Gecko in.k500 Farbbedienfeld mit intuitiver Bedienung<\/li>\n<li>Farben von Acryl, Thermocover und Verkleidung ihrer Wahl<\/li>\n<li><strong>Neuer Irena-Whirlpool in 1-30 Tagen als konfiguriert verf\u00fcgbar<\/strong><\/li>\n<\/ul>\n","protected":false},"excerpt":{"rendered":"<h2>Unser kleiner, aber handlicher Whirlpool Irena<\/h2>\n","protected":false},"featured_media":20639,"template":"","meta":[],"product_cat":[332],"product_tag":[333],"class_list":{"0":"post-20638","1":"product","2":"type-product","3":"status-publish","4":"has-post-thumbnail","6":"product_cat-whirlpool-at","7":"product_tag-whirlpools-lite-at","9":"first","10":"instock","11":"sale","12":"taxable","13":"shipping-taxable","14":"purchasable","15":"product-type-simple"},"yoast_head":"<!-- This site is optimized with the Yoast SEO Premium plugin v24.9 (Yoast SEO v24.9) - https:\/\/yoast.com\/wordpress\/plugins\/seo\/ -->\n<title>Irena Lite \u2013 Luxus Outdoor-Whirlpool nicht nur f\u00fcr Garten f\u00fcr zwei | Whirlpools im Freien, Swim Spa, Schwimmb\u00e4der<\/title>\n<meta name=\"description\" content=\"Whirlpool Irena f\u00fcr zwei im Freien nicht nur f\u00fcr den Garten. Sie k\u00f6nnen in kleineren Innenr\u00e4umen, auf dem Balkon, Terrasse oder Bad platzen. Acryl-Whirlpool und Terrasse\" \/>\n<meta name=\"robots\" content=\"index, follow, max-snippet:-1, max-image-preview:large, max-video-preview:-1\" \/>\n<link rel=\"canonical\" href=\"https:\/\/www.idol.cz\/at\/produkt\/whirlpool-at\/die-usa\/\" \/>\n<meta property=\"og:locale\" content=\"en_US\" \/>\n<meta property=\"og:type\" content=\"article\" \/>\n<meta property=\"og:title\" content=\"Irena Lite\" \/>\n<meta property=\"og:description\" content=\"Whirlpool Irena f\u00fcr zwei im Freien nicht nur f\u00fcr den Garten. Sie k\u00f6nnen in kleineren Innenr\u00e4umen, auf dem Balkon, Terrasse oder Bad platzen. Acryl-Whirlpool und Terrasse\" \/>\n<meta property=\"og:url\" content=\"https:\/\/www.idol.cz\/at\/produkt\/whirlpool-at\/die-usa\/\" \/>\n<meta property=\"og:site_name\" content=\"Whirlpools im Freien, Swim Spa, Schwimmb\u00e4der\" \/>\n<meta property=\"article:publisher\" content=\"https:\/\/www.facebook.com\/IdolSpas\/\" \/>\n<meta property=\"article:modified_time\" content=\"2022-09-13T09:45:43+00:00\" \/>\n<meta property=\"og:image\" content=\"https:\/\/www.idol.cz\/wp-content\/uploads\/2018\/10\/idol-spas-luxusni-virivky-nela-2-fb.jpg\" \/>\n<meta name=\"twitter:card\" content=\"summary_large_image\" \/>\n<script type=\"application\/ld+json\" class=\"yoast-schema-graph\">{\"@context\":\"https:\/\/schema.org\",\"@graph\":[{\"@type\":\"WebPage\",\"@id\":\"https:\/\/www.idol.cz\/at\/produkt\/whirlpool-at\/die-usa\/\",\"url\":\"https:\/\/www.idol.cz\/at\/produkt\/whirlpool-at\/die-usa\/\",\"name\":\"Irena Lite \u2013 Luxus Outdoor-Whirlpool nicht nur f\u00fcr Garten f\u00fcr zwei | Whirlpools im Freien, Swim Spa, Schwimmb\u00e4der\",\"isPartOf\":{\"@id\":\"\/#website\"},\"primaryImageOfPage\":{\"@id\":\"https:\/\/www.idol.cz\/at\/produkt\/whirlpool-at\/die-usa\/#primaryimage\"},\"image\":{\"@id\":\"https:\/\/www.idol.cz\/at\/produkt\/whirlpool-at\/die-usa\/#primaryimage\"},\"thumbnailUrl\":\"https:\/\/www.idol.cz\/wp-content\/uploads\/2019\/08\/idol-spas-irena-lite-2020.jpg\",\"datePublished\":\"2022-09-13T09:45:26+00:00\",\"dateModified\":\"2022-09-13T09:45:43+00:00\",\"description\":\"Whirlpool Irena f\u00fcr zwei im Freien nicht nur f\u00fcr den Garten. Sie k\u00f6nnen in kleineren Innenr\u00e4umen, auf dem Balkon, Terrasse oder Bad platzen. Acryl-Whirlpool und Terrasse\",\"breadcrumb\":{\"@id\":\"https:\/\/www.idol.cz\/at\/produkt\/whirlpool-at\/die-usa\/#breadcrumb\"},\"inLanguage\":\"at-AT\",\"potentialAction\":[{\"@type\":\"ReadAction\",\"target\":[\"https:\/\/www.idol.cz\/at\/produkt\/whirlpool-at\/die-usa\/\"]}]},{\"@type\":\"ImageObject\",\"inLanguage\":\"at-AT\",\"@id\":\"https:\/\/www.idol.cz\/at\/produkt\/whirlpool-at\/die-usa\/#primaryimage\",\"url\":\"https:\/\/www.idol.cz\/wp-content\/uploads\/2019\/08\/idol-spas-irena-lite-2020.jpg\",\"contentUrl\":\"https:\/\/www.idol.cz\/wp-content\/uploads\/2019\/08\/idol-spas-irena-lite-2020.jpg\",\"width\":1080,\"height\":1080,\"caption\":\"Idol Spas Hot Tub Irena Lite\"},{\"@type\":\"BreadcrumbList\",\"@id\":\"https:\/\/www.idol.cz\/at\/produkt\/whirlpool-at\/die-usa\/#breadcrumb\",\"itemListElement\":[{\"@type\":\"ListItem\",\"position\":1,\"name\":\"Dom\u016f\",\"item\":\"https:\/\/www.idol.cz\/at\/\"},{\"@type\":\"ListItem\",\"position\":2,\"name\":\"Whirlpool\",\"item\":\"https:\/\/www.idol.cz\/at\/kategorie-produktu\/whirlpool-at\/\"},{\"@type\":\"ListItem\",\"position\":3,\"name\":\"Irena Lite\"}]},{\"@type\":\"WebSite\",\"@id\":\"\/#website\",\"url\":\"\/\",\"name\":\"v\u00ed\u0159ivky venkovn\u00ed, swim spa, baz\u00e9ny\",\"description\":\"Luxusn\u00ed \u010desk\u00e9 v\u00ed\u0159ivky a swim spa\",\"publisher\":{\"@id\":\"\/#organization\"},\"potentialAction\":[{\"@type\":\"SearchAction\",\"target\":{\"@type\":\"EntryPoint\",\"urlTemplate\":\"\/?s={search_term_string}\"},\"query-input\":{\"@type\":\"PropertyValueSpecification\",\"valueRequired\":true,\"valueName\":\"search_term_string\"}}],\"inLanguage\":\"at-AT\"},{\"@type\":\"Organization\",\"@id\":\"\/#organization\",\"name\":\"IDOL SPAS, s.r.o.\",\"url\":\"\/\",\"logo\":{\"@type\":\"ImageObject\",\"inLanguage\":\"at-AT\",\"@id\":\"\/#\/schema\/logo\/image\/\",\"url\":\"https:\/\/www.idol.cz\/wp-content\/uploads\/2020\/02\/idol-spas-logo.png\",\"contentUrl\":\"https:\/\/www.idol.cz\/wp-content\/uploads\/2020\/02\/idol-spas-logo.png\",\"width\":512,\"height\":206,\"caption\":\"IDOL SPAS, s.r.o.\"},\"image\":{\"@id\":\"\/#\/schema\/logo\/image\/\"},\"sameAs\":[\"https:\/\/www.facebook.com\/IdolSpas\/\"]}]}<\/script>\n<!-- \/ Yoast SEO Premium plugin. -->","yoast_head_json":{"title":"Irena Lite \u2013 Luxus Outdoor-Whirlpool nicht nur f\u00fcr Garten f\u00fcr zwei | Whirlpools im Freien, Swim Spa, Schwimmb\u00e4der","description":"Whirlpool Irena f\u00fcr zwei im Freien nicht nur f\u00fcr den Garten. Sie k\u00f6nnen in kleineren Innenr\u00e4umen, auf dem Balkon, Terrasse oder Bad platzen. Acryl-Whirlpool und Terrasse","robots":{"index":"index","follow":"follow","max-snippet":"max-snippet:-1","max-image-preview":"max-image-preview:large","max-video-preview":"max-video-preview:-1"},"canonical":"https:\/\/www.idol.cz\/at\/produkt\/whirlpool-at\/die-usa\/","og_locale":"en_US","og_type":"article","og_title":"Irena Lite","og_description":"Whirlpool Irena f\u00fcr zwei im Freien nicht nur f\u00fcr den Garten. Sie k\u00f6nnen in kleineren Innenr\u00e4umen, auf dem Balkon, Terrasse oder Bad platzen. Acryl-Whirlpool und Terrasse","og_url":"https:\/\/www.idol.cz\/at\/produkt\/whirlpool-at\/die-usa\/","og_site_name":"Whirlpools im Freien, Swim Spa, Schwimmb\u00e4der","article_publisher":"https:\/\/www.facebook.com\/IdolSpas\/","article_modified_time":"2022-09-13T09:45:43+00:00","og_image":[{"url":"https:\/\/www.idol.cz\/wp-content\/uploads\/2018\/10\/idol-spas-luxusni-virivky-nela-2-fb.jpg","type":"","width":"","height":""}],"twitter_card":"summary_large_image","schema":{"@context":"https:\/\/schema.org","@graph":[{"@type":"WebPage","@id":"https:\/\/www.idol.cz\/at\/produkt\/whirlpool-at\/die-usa\/","url":"https:\/\/www.idol.cz\/at\/produkt\/whirlpool-at\/die-usa\/","name":"Irena Lite \u2013 Luxus Outdoor-Whirlpool nicht nur f\u00fcr Garten f\u00fcr zwei | Whirlpools im Freien, Swim Spa, Schwimmb\u00e4der","isPartOf":{"@id":"\/#website"},"primaryImageOfPage":{"@id":"https:\/\/www.idol.cz\/at\/produkt\/whirlpool-at\/die-usa\/#primaryimage"},"image":{"@id":"https:\/\/www.idol.cz\/at\/produkt\/whirlpool-at\/die-usa\/#primaryimage"},"thumbnailUrl":"https:\/\/www.idol.cz\/wp-content\/uploads\/2019\/08\/idol-spas-irena-lite-2020.jpg","datePublished":"2022-09-13T09:45:26+00:00","dateModified":"2022-09-13T09:45:43+00:00","description":"Whirlpool Irena f\u00fcr zwei im Freien nicht nur f\u00fcr den Garten. Sie k\u00f6nnen in kleineren Innenr\u00e4umen, auf dem Balkon, Terrasse oder Bad platzen. Acryl-Whirlpool und Terrasse","breadcrumb":{"@id":"https:\/\/www.idol.cz\/at\/produkt\/whirlpool-at\/die-usa\/#breadcrumb"},"inLanguage":"at-AT","potentialAction":[{"@type":"ReadAction","target":["https:\/\/www.idol.cz\/at\/produkt\/whirlpool-at\/die-usa\/"]}]},{"@type":"ImageObject","inLanguage":"at-AT","@id":"https:\/\/www.idol.cz\/at\/produkt\/whirlpool-at\/die-usa\/#primaryimage","url":"https:\/\/www.idol.cz\/wp-content\/uploads\/2019\/08\/idol-spas-irena-lite-2020.jpg","contentUrl":"https:\/\/www.idol.cz\/wp-content\/uploads\/2019\/08\/idol-spas-irena-lite-2020.jpg","width":1080,"height":1080,"caption":"Idol Spas Hot Tub Irena Lite"},{"@type":"BreadcrumbList","@id":"https:\/\/www.idol.cz\/at\/produkt\/whirlpool-at\/die-usa\/#breadcrumb","itemListElement":[{"@type":"ListItem","position":1,"name":"Dom\u016f","item":"https:\/\/www.idol.cz\/at\/"},{"@type":"ListItem","position":2,"name":"Whirlpool","item":"https:\/\/www.idol.cz\/at\/kategorie-produktu\/whirlpool-at\/"},{"@type":"ListItem","position":3,"name":"Irena Lite"}]},{"@type":"WebSite","@id":"\/#website","url":"\/","name":"v\u00ed\u0159ivky venkovn\u00ed, swim spa, baz\u00e9ny","description":"Luxusn\u00ed \u010desk\u00e9 v\u00ed\u0159ivky a swim spa","publisher":{"@id":"\/#organization"},"potentialAction":[{"@type":"SearchAction","target":{"@type":"EntryPoint","urlTemplate":"\/?s={search_term_string}"},"query-input":{"@type":"PropertyValueSpecification","valueRequired":true,"valueName":"search_term_string"}}],"inLanguage":"at-AT"},{"@type":"Organization","@id":"\/#organization","name":"IDOL SPAS, s.r.o.","url":"\/","logo":{"@type":"ImageObject","inLanguage":"at-AT","@id":"\/#\/schema\/logo\/image\/","url":"https:\/\/www.idol.cz\/wp-content\/uploads\/2020\/02\/idol-spas-logo.png","contentUrl":"https:\/\/www.idol.cz\/wp-content\/uploads\/2020\/02\/idol-spas-logo.png","width":512,"height":206,"caption":"IDOL SPAS, s.r.o."},"image":{"@id":"\/#\/schema\/logo\/image\/"},"sameAs":["https:\/\/www.facebook.com\/IdolSpas\/"]}]}},"_links":{"self":[{"href":"https:\/\/www.idol.cz\/at\/wp-json\/wp\/v2\/product\/20638"}],"collection":[{"href":"https:\/\/www.idol.cz\/at\/wp-json\/wp\/v2\/product"}],"about":[{"href":"https:\/\/www.idol.cz\/at\/wp-json\/wp\/v2\/types\/product"}],"wp:featuredmedia":[{"embeddable":true,"href":"https:\/\/www.idol.cz\/at\/wp-json\/wp\/v2\/media\/20639"}],"wp:attachment":[{"href":"https:\/\/www.idol.cz\/at\/wp-json\/wp\/v2\/media?parent=20638"}],"wp:term":[{"taxonomy":"product_cat","embeddable":true,"href":"https:\/\/www.idol.cz\/at\/wp-json\/wp\/v2\/product_cat?post=20638"},{"taxonomy":"product_tag","embeddable":true,"href":"https:\/\/www.idol.cz\/at\/wp-json\/wp\/v2\/product_tag?post=20638"}],"curies":[{"name":"wp","href":"https:\/\/api.w.org\/{rel}","templated":true}]}}