{"id":20640,"date":"2025-03-09T18:20:01","date_gmt":"2022-09-13T09:45:40","guid":{"rendered":"https:\/\/www.idol.cz\/produkt\/uncategorized\/ema-lite\/"},"modified":"2022-09-13T11:45:54","modified_gmt":"2022-09-13T09:45:54","slug":"ema-lite","status":"publish","type":"product","link":"https:\/\/www.idol.cz\/at\/produkt\/whirlpool-at\/ema-lite\/","title":{"rendered":"Ema Lite"},"content":{"rendered":"<h3>Luxus Hot Tub Ema Lite<\/h3>\n<ul>\n<li>Whirlpool f\u00fcr bis zu <strong>5 Personen<\/strong><\/li>\n<li>Ausr\u00fcstung von f\u00fchrenden tschechischen und weltweiten Herstellern<\/li>\n<li>Einstellbare Dreh- und gerade D\u00fcsen von CMP<\/li>\n<li>Farben von Acryl, Thermocover und Verkleidung ihrer Wahl<\/li>\n<li><strong>Neuer Whirlpool wird in nur 5-30 Tagen geliefert<\/strong><\/li>\n<\/ul>\n","protected":false},"excerpt":{"rendered":"<h2>Mama hat Emma, Emma hat eine Badewanne. Wir sind gl\u00fccklich!<\/h2>\n","protected":false},"featured_media":20641,"template":"","meta":[],"product_cat":[332],"product_tag":[333],"class_list":{"0":"post-20640","1":"product","2":"type-product","3":"status-publish","4":"has-post-thumbnail","6":"product_cat-whirlpool-at","7":"product_tag-whirlpools-lite-at","9":"first","10":"instock","11":"sale","12":"taxable","13":"shipping-taxable","14":"purchasable","15":"product-type-simple"},"yoast_head":"<!-- This site is optimized with the Yoast SEO Premium plugin v24.9 (Yoast SEO v24.9) - https:\/\/yoast.com\/wordpress\/plugins\/seo\/ -->\n<title>Ema Lite \u2013 Luxus-Whirlpool-Seite | Whirlpools im Freien, Swim Spa, Schwimmb\u00e4der<\/title>\n<meta name=\"description\" content=\"Erleben Sie eine echte Entspannung und lassen Sie sich von perfekt therapeutischen Str\u00f6mungen im Whirlpool f\u00fcr bis zu 5 Personen verw\u00f6hnen. Es wird Ihnen die maximale Funktionalit\u00e4t und erstaunliches Design.\" \/>\n<meta name=\"robots\" content=\"index, follow, max-snippet:-1, max-image-preview:large, max-video-preview:-1\" \/>\n<link rel=\"canonical\" href=\"https:\/\/www.idol.cz\/at\/produkt\/whirlpool-at\/ema-lite\/\" \/>\n<meta property=\"og:locale\" content=\"en_US\" \/>\n<meta property=\"og:type\" content=\"article\" \/>\n<meta property=\"og:title\" content=\"Ema Lite\" \/>\n<meta property=\"og:description\" content=\"Erleben Sie eine echte Entspannung und lassen Sie sich von perfekt therapeutischen Str\u00f6mungen im Whirlpool f\u00fcr bis zu 5 Personen verw\u00f6hnen. Es wird Ihnen die maximale Funktionalit\u00e4t und erstaunliches Design.\" \/>\n<meta property=\"og:url\" content=\"https:\/\/www.idol.cz\/at\/produkt\/whirlpool-at\/ema-lite\/\" \/>\n<meta property=\"og:site_name\" content=\"Whirlpools im Freien, Swim Spa, Schwimmb\u00e4der\" \/>\n<meta property=\"article:publisher\" content=\"https:\/\/www.facebook.com\/IdolSpas\/\" \/>\n<meta property=\"article:modified_time\" content=\"2022-09-13T09:45:54+00:00\" \/>\n<meta property=\"og:image\" content=\"https:\/\/www.idol.cz\/wp-content\/uploads\/2018\/10\/idol-spas-luxusni-virivky-ema-fb.jpg\" \/>\n<meta name=\"twitter:card\" content=\"summary_large_image\" \/>\n<script type=\"application\/ld+json\" class=\"yoast-schema-graph\">{\"@context\":\"https:\/\/schema.org\",\"@graph\":[{\"@type\":\"WebPage\",\"@id\":\"https:\/\/www.idol.cz\/at\/produkt\/whirlpool-at\/ema-lite\/\",\"url\":\"https:\/\/www.idol.cz\/at\/produkt\/whirlpool-at\/ema-lite\/\",\"name\":\"Ema Lite \u2013 Luxus-Whirlpool-Seite | Whirlpools im Freien, Swim Spa, Schwimmb\u00e4der\",\"isPartOf\":{\"@id\":\"https:\/\/www.idol.cz\/at\/#website\"},\"primaryImageOfPage\":{\"@id\":\"https:\/\/www.idol.cz\/at\/produkt\/whirlpool-at\/ema-lite\/#primaryimage\"},\"image\":{\"@id\":\"https:\/\/www.idol.cz\/at\/produkt\/whirlpool-at\/ema-lite\/#primaryimage\"},\"thumbnailUrl\":\"https:\/\/www.idol.cz\/wp-content\/uploads\/2019\/08\/idol-spas-ema-lite-2020.jpg\",\"datePublished\":\"2022-09-13T09:45:40+00:00\",\"dateModified\":\"2022-09-13T09:45:54+00:00\",\"description\":\"Erleben Sie eine echte Entspannung und lassen Sie sich von perfekt therapeutischen Str\u00f6mungen im Whirlpool f\u00fcr bis zu 5 Personen verw\u00f6hnen. Es wird Ihnen die maximale Funktionalit\u00e4t und erstaunliches Design.\",\"breadcrumb\":{\"@id\":\"https:\/\/www.idol.cz\/at\/produkt\/whirlpool-at\/ema-lite\/#breadcrumb\"},\"inLanguage\":\"at-AT\",\"potentialAction\":[{\"@type\":\"ReadAction\",\"target\":[\"https:\/\/www.idol.cz\/at\/produkt\/whirlpool-at\/ema-lite\/\"]}]},{\"@type\":\"ImageObject\",\"inLanguage\":\"at-AT\",\"@id\":\"https:\/\/www.idol.cz\/at\/produkt\/whirlpool-at\/ema-lite\/#primaryimage\",\"url\":\"https:\/\/www.idol.cz\/wp-content\/uploads\/2019\/08\/idol-spas-ema-lite-2020.jpg\",\"contentUrl\":\"https:\/\/www.idol.cz\/wp-content\/uploads\/2019\/08\/idol-spas-ema-lite-2020.jpg\",\"width\":1080,\"height\":1080,\"caption\":\"Idol Spas Hot Tub Ema Lite\"},{\"@type\":\"BreadcrumbList\",\"@id\":\"https:\/\/www.idol.cz\/at\/produkt\/whirlpool-at\/ema-lite\/#breadcrumb\",\"itemListElement\":[{\"@type\":\"ListItem\",\"position\":1,\"name\":\"Dom\u016f\",\"item\":\"https:\/\/www.idol.cz\/at\/\"},{\"@type\":\"ListItem\",\"position\":2,\"name\":\"E-Shop\",\"item\":\"https:\/\/www.idol.cz\/at\/e-shop\/\"},{\"@type\":\"ListItem\",\"position\":3,\"name\":\"Whirlpool\",\"item\":\"https:\/\/www.idol.cz\/at\/kategorie-produktu\/whirlpool-at\/\"},{\"@type\":\"ListItem\",\"position\":4,\"name\":\"Ema Lite\"}]},{\"@type\":\"WebSite\",\"@id\":\"https:\/\/www.idol.cz\/at\/#website\",\"url\":\"https:\/\/www.idol.cz\/at\/\",\"name\":\"v\u00ed\u0159ivky venkovn\u00ed, swim spa, baz\u00e9ny\",\"description\":\"Luxusn\u00ed \u010desk\u00e9 v\u00ed\u0159ivky a swim spa\",\"publisher\":{\"@id\":\"https:\/\/www.idol.cz\/at\/#organization\"},\"potentialAction\":[{\"@type\":\"SearchAction\",\"target\":{\"@type\":\"EntryPoint\",\"urlTemplate\":\"https:\/\/www.idol.cz\/at\/?s={search_term_string}\"},\"query-input\":{\"@type\":\"PropertyValueSpecification\",\"valueRequired\":true,\"valueName\":\"search_term_string\"}}],\"inLanguage\":\"at-AT\"},{\"@type\":\"Organization\",\"@id\":\"https:\/\/www.idol.cz\/at\/#organization\",\"name\":\"IDOL SPAS, s.r.o.\",\"url\":\"https:\/\/www.idol.cz\/at\/\",\"logo\":{\"@type\":\"ImageObject\",\"inLanguage\":\"at-AT\",\"@id\":\"https:\/\/www.idol.cz\/at\/#\/schema\/logo\/image\/\",\"url\":\"https:\/\/www.idol.cz\/wp-content\/uploads\/2020\/02\/idol-spas-logo.png\",\"contentUrl\":\"https:\/\/www.idol.cz\/wp-content\/uploads\/2020\/02\/idol-spas-logo.png\",\"width\":512,\"height\":206,\"caption\":\"IDOL SPAS, s.r.o.\"},\"image\":{\"@id\":\"https:\/\/www.idol.cz\/at\/#\/schema\/logo\/image\/\"},\"sameAs\":[\"https:\/\/www.facebook.com\/IdolSpas\/\"]}]}<\/script>\n<!-- \/ Yoast SEO Premium plugin. -->","yoast_head_json":{"title":"Ema Lite \u2013 Luxus-Whirlpool-Seite | Whirlpools im Freien, Swim Spa, Schwimmb\u00e4der","description":"Erleben Sie eine echte Entspannung und lassen Sie sich von perfekt therapeutischen Str\u00f6mungen im Whirlpool f\u00fcr bis zu 5 Personen verw\u00f6hnen. Es wird Ihnen die maximale Funktionalit\u00e4t und erstaunliches Design.","robots":{"index":"index","follow":"follow","max-snippet":"max-snippet:-1","max-image-preview":"max-image-preview:large","max-video-preview":"max-video-preview:-1"},"canonical":"https:\/\/www.idol.cz\/at\/produkt\/whirlpool-at\/ema-lite\/","og_locale":"en_US","og_type":"article","og_title":"Ema Lite","og_description":"Erleben Sie eine echte Entspannung und lassen Sie sich von perfekt therapeutischen Str\u00f6mungen im Whirlpool f\u00fcr bis zu 5 Personen verw\u00f6hnen. Es wird Ihnen die maximale Funktionalit\u00e4t und erstaunliches Design.","og_url":"https:\/\/www.idol.cz\/at\/produkt\/whirlpool-at\/ema-lite\/","og_site_name":"Whirlpools im Freien, Swim Spa, Schwimmb\u00e4der","article_publisher":"https:\/\/www.facebook.com\/IdolSpas\/","article_modified_time":"2022-09-13T09:45:54+00:00","og_image":[{"url":"https:\/\/www.idol.cz\/wp-content\/uploads\/2018\/10\/idol-spas-luxusni-virivky-ema-fb.jpg","type":"","width":"","height":""}],"twitter_card":"summary_large_image","schema":{"@context":"https:\/\/schema.org","@graph":[{"@type":"WebPage","@id":"https:\/\/www.idol.cz\/at\/produkt\/whirlpool-at\/ema-lite\/","url":"https:\/\/www.idol.cz\/at\/produkt\/whirlpool-at\/ema-lite\/","name":"Ema Lite \u2013 Luxus-Whirlpool-Seite | Whirlpools im Freien, Swim Spa, Schwimmb\u00e4der","isPartOf":{"@id":"https:\/\/www.idol.cz\/at\/#website"},"primaryImageOfPage":{"@id":"https:\/\/www.idol.cz\/at\/produkt\/whirlpool-at\/ema-lite\/#primaryimage"},"image":{"@id":"https:\/\/www.idol.cz\/at\/produkt\/whirlpool-at\/ema-lite\/#primaryimage"},"thumbnailUrl":"https:\/\/www.idol.cz\/wp-content\/uploads\/2019\/08\/idol-spas-ema-lite-2020.jpg","datePublished":"2022-09-13T09:45:40+00:00","dateModified":"2022-09-13T09:45:54+00:00","description":"Erleben Sie eine echte Entspannung und lassen Sie sich von perfekt therapeutischen Str\u00f6mungen im Whirlpool f\u00fcr bis zu 5 Personen verw\u00f6hnen. Es wird Ihnen die maximale Funktionalit\u00e4t und erstaunliches Design.","breadcrumb":{"@id":"https:\/\/www.idol.cz\/at\/produkt\/whirlpool-at\/ema-lite\/#breadcrumb"},"inLanguage":"at-AT","potentialAction":[{"@type":"ReadAction","target":["https:\/\/www.idol.cz\/at\/produkt\/whirlpool-at\/ema-lite\/"]}]},{"@type":"ImageObject","inLanguage":"at-AT","@id":"https:\/\/www.idol.cz\/at\/produkt\/whirlpool-at\/ema-lite\/#primaryimage","url":"https:\/\/www.idol.cz\/wp-content\/uploads\/2019\/08\/idol-spas-ema-lite-2020.jpg","contentUrl":"https:\/\/www.idol.cz\/wp-content\/uploads\/2019\/08\/idol-spas-ema-lite-2020.jpg","width":1080,"height":1080,"caption":"Idol Spas Hot Tub Ema Lite"},{"@type":"BreadcrumbList","@id":"https:\/\/www.idol.cz\/at\/produkt\/whirlpool-at\/ema-lite\/#breadcrumb","itemListElement":[{"@type":"ListItem","position":1,"name":"Dom\u016f","item":"https:\/\/www.idol.cz\/at\/"},{"@type":"ListItem","position":2,"name":"E-Shop","item":"https:\/\/www.idol.cz\/at\/e-shop\/"},{"@type":"ListItem","position":3,"name":"Whirlpool","item":"https:\/\/www.idol.cz\/at\/kategorie-produktu\/whirlpool-at\/"},{"@type":"ListItem","position":4,"name":"Ema Lite"}]},{"@type":"WebSite","@id":"https:\/\/www.idol.cz\/at\/#website","url":"https:\/\/www.idol.cz\/at\/","name":"v\u00ed\u0159ivky venkovn\u00ed, swim spa, baz\u00e9ny","description":"Luxusn\u00ed \u010desk\u00e9 v\u00ed\u0159ivky a swim spa","publisher":{"@id":"https:\/\/www.idol.cz\/at\/#organization"},"potentialAction":[{"@type":"SearchAction","target":{"@type":"EntryPoint","urlTemplate":"https:\/\/www.idol.cz\/at\/?s={search_term_string}"},"query-input":{"@type":"PropertyValueSpecification","valueRequired":true,"valueName":"search_term_string"}}],"inLanguage":"at-AT"},{"@type":"Organization","@id":"https:\/\/www.idol.cz\/at\/#organization","name":"IDOL SPAS, s.r.o.","url":"https:\/\/www.idol.cz\/at\/","logo":{"@type":"ImageObject","inLanguage":"at-AT","@id":"https:\/\/www.idol.cz\/at\/#\/schema\/logo\/image\/","url":"https:\/\/www.idol.cz\/wp-content\/uploads\/2020\/02\/idol-spas-logo.png","contentUrl":"https:\/\/www.idol.cz\/wp-content\/uploads\/2020\/02\/idol-spas-logo.png","width":512,"height":206,"caption":"IDOL SPAS, s.r.o."},"image":{"@id":"https:\/\/www.idol.cz\/at\/#\/schema\/logo\/image\/"},"sameAs":["https:\/\/www.facebook.com\/IdolSpas\/"]}]}},"_links":{"self":[{"href":"https:\/\/www.idol.cz\/at\/wp-json\/wp\/v2\/product\/20640"}],"collection":[{"href":"https:\/\/www.idol.cz\/at\/wp-json\/wp\/v2\/product"}],"about":[{"href":"https:\/\/www.idol.cz\/at\/wp-json\/wp\/v2\/types\/product"}],"wp:featuredmedia":[{"embeddable":true,"href":"https:\/\/www.idol.cz\/at\/wp-json\/wp\/v2\/media\/20641"}],"wp:attachment":[{"href":"https:\/\/www.idol.cz\/at\/wp-json\/wp\/v2\/media?parent=20640"}],"wp:term":[{"taxonomy":"product_cat","embeddable":true,"href":"https:\/\/www.idol.cz\/at\/wp-json\/wp\/v2\/product_cat?post=20640"},{"taxonomy":"product_tag","embeddable":true,"href":"https:\/\/www.idol.cz\/at\/wp-json\/wp\/v2\/product_tag?post=20640"}],"curies":[{"name":"wp","href":"https:\/\/api.w.org\/{rel}","templated":true}]}}