{"id":20646,"date":"2025-03-07T16:00:53","date_gmt":"2022-09-13T09:48:56","guid":{"rendered":"https:\/\/www.idol.cz\/produkt\/uncategorized\/nela\/"},"modified":"2022-09-13T11:48:56","modified_gmt":"2022-09-13T09:48:56","slug":"viriwka","status":"publish","type":"product","link":"https:\/\/www.idol.cz\/at\/produkt\/whirlpool-at\/viriwka\/","title":{"rendered":"Nela"},"content":{"rendered":"<h3>Luxus Hot Tub Nela<\/h3>\n<ul>\n<li>Whirlpool f\u00fcr bis zu <strong>3 Personen<\/strong><\/li>\n<li>Die hochwertigste Ausr\u00fcstung der weltweit f\u00fchrenden Hersteller<\/li>\n<li>Einstellbare Dreh- und gerade D\u00fcsen von CMP<\/li>\n<li>Premium Gecko in.k500 Farbbedienfeld mit intuitiver Bedienung<\/li>\n<li>Farben von Acryl, Thermocover und Verkleidung ihrer Wahl<\/li>\n<li><strong>Neuer ma\u00dfgeschneiderter Nela-Whirlpool in nur 15-30 Tagen verf\u00fcgbar<\/strong><\/li>\n<\/ul>\n","protected":false},"excerpt":{"rendered":"<h2>Unsere kleine, aber geschickte Prinzessin<\/h2>\n","protected":false},"featured_media":20647,"template":"","meta":[],"product_cat":[332],"product_tag":[334],"class_list":{"0":"post-20646","1":"product","2":"type-product","3":"status-publish","4":"has-post-thumbnail","6":"product_cat-whirlpool-at","7":"product_tag-whirlpool-at","9":"first","10":"instock","11":"taxable","12":"shipping-taxable","13":"purchasable","14":"product-type-simple"},"yoast_head":"<!-- This site is optimized with the Yoast SEO Premium plugin v24.9 (Yoast SEO v24.9) - https:\/\/yoast.com\/wordpress\/plugins\/seo\/ -->\n<title>Nela \u2013 Luxus-Outdoor-Whirlpool nicht nur f\u00fcr den Garten zu zweit<\/title>\n<meta name=\"description\" content=\"Nela Whirlpool f\u00fcr zwei Personen im Freien nicht nur f\u00fcr den Garten. Sie k\u00f6nnen es leicht in kleineren Innenr\u00e4umen, auf dem Balkon, Terrasse oder Bad platzieren.\" \/>\n<meta name=\"robots\" content=\"index, follow, max-snippet:-1, max-image-preview:large, max-video-preview:-1\" \/>\n<link rel=\"canonical\" href=\"https:\/\/www.idol.cz\/at\/produkt\/whirlpool-at\/viriwka\/\" \/>\n<meta property=\"og:locale\" content=\"en_US\" \/>\n<meta property=\"og:type\" content=\"article\" \/>\n<meta property=\"og:title\" content=\"Nela\" \/>\n<meta property=\"og:description\" content=\"Nela Whirlpool f\u00fcr zwei Personen im Freien nicht nur f\u00fcr den Garten. Sie k\u00f6nnen es leicht in kleineren Innenr\u00e4umen, auf dem Balkon, Terrasse oder Bad platzieren.\" \/>\n<meta property=\"og:url\" content=\"https:\/\/www.idol.cz\/at\/produkt\/whirlpool-at\/viriwka\/\" \/>\n<meta property=\"og:site_name\" content=\"Whirlpools im Freien, Swim Spa, Schwimmb\u00e4der\" \/>\n<meta property=\"article:publisher\" content=\"https:\/\/www.facebook.com\/IdolSpas\/\" \/>\n<meta property=\"og:image\" content=\"https:\/\/www.idol.cz\/wp-content\/uploads\/2018\/10\/idol-spas-luxusni-virivky-nela-2-fb.jpg\" \/>\n<meta name=\"twitter:card\" content=\"summary_large_image\" \/>\n<script type=\"application\/ld+json\" class=\"yoast-schema-graph\">{\"@context\":\"https:\/\/schema.org\",\"@graph\":[{\"@type\":\"WebPage\",\"@id\":\"https:\/\/www.idol.cz\/at\/produkt\/whirlpool-at\/viriwka\/\",\"url\":\"https:\/\/www.idol.cz\/at\/produkt\/whirlpool-at\/viriwka\/\",\"name\":\"Nela \u2013 Luxus-Outdoor-Whirlpool nicht nur f\u00fcr den Garten zu zweit\",\"isPartOf\":{\"@id\":\"https:\/\/www.idol.cz\/at\/#website\"},\"primaryImageOfPage\":{\"@id\":\"https:\/\/www.idol.cz\/at\/produkt\/whirlpool-at\/viriwka\/#primaryimage\"},\"image\":{\"@id\":\"https:\/\/www.idol.cz\/at\/produkt\/whirlpool-at\/viriwka\/#primaryimage\"},\"thumbnailUrl\":\"https:\/\/www.idol.cz\/wp-content\/uploads\/2018\/10\/idol-spas-nela-2020.jpg\",\"datePublished\":\"2022-09-13T09:48:56+00:00\",\"description\":\"Nela Whirlpool f\u00fcr zwei Personen im Freien nicht nur f\u00fcr den Garten. Sie k\u00f6nnen es leicht in kleineren Innenr\u00e4umen, auf dem Balkon, Terrasse oder Bad platzieren.\",\"breadcrumb\":{\"@id\":\"https:\/\/www.idol.cz\/at\/produkt\/whirlpool-at\/viriwka\/#breadcrumb\"},\"inLanguage\":\"at-AT\",\"potentialAction\":[{\"@type\":\"ReadAction\",\"target\":[\"https:\/\/www.idol.cz\/at\/produkt\/whirlpool-at\/viriwka\/\"]}]},{\"@type\":\"ImageObject\",\"inLanguage\":\"at-AT\",\"@id\":\"https:\/\/www.idol.cz\/at\/produkt\/whirlpool-at\/viriwka\/#primaryimage\",\"url\":\"https:\/\/www.idol.cz\/wp-content\/uploads\/2018\/10\/idol-spas-nela-2020.jpg\",\"contentUrl\":\"https:\/\/www.idol.cz\/wp-content\/uploads\/2018\/10\/idol-spas-nela-2020.jpg\",\"width\":1080,\"height\":1080,\"caption\":\"Idol Spas Hot Tub Nela\"},{\"@type\":\"BreadcrumbList\",\"@id\":\"https:\/\/www.idol.cz\/at\/produkt\/whirlpool-at\/viriwka\/#breadcrumb\",\"itemListElement\":[{\"@type\":\"ListItem\",\"position\":1,\"name\":\"Dom\u016f\",\"item\":\"https:\/\/www.idol.cz\/at\/\"},{\"@type\":\"ListItem\",\"position\":2,\"name\":\"E-Shop\",\"item\":\"https:\/\/www.idol.cz\/at\/e-shop\/\"},{\"@type\":\"ListItem\",\"position\":3,\"name\":\"Whirlpool\",\"item\":\"https:\/\/www.idol.cz\/at\/kategorie-produktu\/whirlpool-at\/\"},{\"@type\":\"ListItem\",\"position\":4,\"name\":\"Nela\"}]},{\"@type\":\"WebSite\",\"@id\":\"https:\/\/www.idol.cz\/at\/#website\",\"url\":\"https:\/\/www.idol.cz\/at\/\",\"name\":\"v\u00ed\u0159ivky venkovn\u00ed, swim spa, baz\u00e9ny\",\"description\":\"Luxusn\u00ed \u010desk\u00e9 v\u00ed\u0159ivky a swim spa\",\"publisher\":{\"@id\":\"https:\/\/www.idol.cz\/at\/#organization\"},\"potentialAction\":[{\"@type\":\"SearchAction\",\"target\":{\"@type\":\"EntryPoint\",\"urlTemplate\":\"https:\/\/www.idol.cz\/at\/?s={search_term_string}\"},\"query-input\":{\"@type\":\"PropertyValueSpecification\",\"valueRequired\":true,\"valueName\":\"search_term_string\"}}],\"inLanguage\":\"at-AT\"},{\"@type\":\"Organization\",\"@id\":\"https:\/\/www.idol.cz\/at\/#organization\",\"name\":\"IDOL SPAS, s.r.o.\",\"url\":\"https:\/\/www.idol.cz\/at\/\",\"logo\":{\"@type\":\"ImageObject\",\"inLanguage\":\"at-AT\",\"@id\":\"https:\/\/www.idol.cz\/at\/#\/schema\/logo\/image\/\",\"url\":\"https:\/\/www.idol.cz\/wp-content\/uploads\/2020\/02\/idol-spas-logo.png\",\"contentUrl\":\"https:\/\/www.idol.cz\/wp-content\/uploads\/2020\/02\/idol-spas-logo.png\",\"width\":512,\"height\":206,\"caption\":\"IDOL SPAS, s.r.o.\"},\"image\":{\"@id\":\"https:\/\/www.idol.cz\/at\/#\/schema\/logo\/image\/\"},\"sameAs\":[\"https:\/\/www.facebook.com\/IdolSpas\/\"]}]}<\/script>\n<!-- \/ Yoast SEO Premium plugin. -->","yoast_head_json":{"title":"Nela \u2013 Luxus-Outdoor-Whirlpool nicht nur f\u00fcr den Garten zu zweit","description":"Nela Whirlpool f\u00fcr zwei Personen im Freien nicht nur f\u00fcr den Garten. Sie k\u00f6nnen es leicht in kleineren Innenr\u00e4umen, auf dem Balkon, Terrasse oder Bad platzieren.","robots":{"index":"index","follow":"follow","max-snippet":"max-snippet:-1","max-image-preview":"max-image-preview:large","max-video-preview":"max-video-preview:-1"},"canonical":"https:\/\/www.idol.cz\/at\/produkt\/whirlpool-at\/viriwka\/","og_locale":"en_US","og_type":"article","og_title":"Nela","og_description":"Nela Whirlpool f\u00fcr zwei Personen im Freien nicht nur f\u00fcr den Garten. Sie k\u00f6nnen es leicht in kleineren Innenr\u00e4umen, auf dem Balkon, Terrasse oder Bad platzieren.","og_url":"https:\/\/www.idol.cz\/at\/produkt\/whirlpool-at\/viriwka\/","og_site_name":"Whirlpools im Freien, Swim Spa, Schwimmb\u00e4der","article_publisher":"https:\/\/www.facebook.com\/IdolSpas\/","og_image":[{"url":"https:\/\/www.idol.cz\/wp-content\/uploads\/2018\/10\/idol-spas-luxusni-virivky-nela-2-fb.jpg","type":"","width":"","height":""}],"twitter_card":"summary_large_image","schema":{"@context":"https:\/\/schema.org","@graph":[{"@type":"WebPage","@id":"https:\/\/www.idol.cz\/at\/produkt\/whirlpool-at\/viriwka\/","url":"https:\/\/www.idol.cz\/at\/produkt\/whirlpool-at\/viriwka\/","name":"Nela \u2013 Luxus-Outdoor-Whirlpool nicht nur f\u00fcr den Garten zu zweit","isPartOf":{"@id":"https:\/\/www.idol.cz\/at\/#website"},"primaryImageOfPage":{"@id":"https:\/\/www.idol.cz\/at\/produkt\/whirlpool-at\/viriwka\/#primaryimage"},"image":{"@id":"https:\/\/www.idol.cz\/at\/produkt\/whirlpool-at\/viriwka\/#primaryimage"},"thumbnailUrl":"https:\/\/www.idol.cz\/wp-content\/uploads\/2018\/10\/idol-spas-nela-2020.jpg","datePublished":"2022-09-13T09:48:56+00:00","description":"Nela Whirlpool f\u00fcr zwei Personen im Freien nicht nur f\u00fcr den Garten. Sie k\u00f6nnen es leicht in kleineren Innenr\u00e4umen, auf dem Balkon, Terrasse oder Bad platzieren.","breadcrumb":{"@id":"https:\/\/www.idol.cz\/at\/produkt\/whirlpool-at\/viriwka\/#breadcrumb"},"inLanguage":"at-AT","potentialAction":[{"@type":"ReadAction","target":["https:\/\/www.idol.cz\/at\/produkt\/whirlpool-at\/viriwka\/"]}]},{"@type":"ImageObject","inLanguage":"at-AT","@id":"https:\/\/www.idol.cz\/at\/produkt\/whirlpool-at\/viriwka\/#primaryimage","url":"https:\/\/www.idol.cz\/wp-content\/uploads\/2018\/10\/idol-spas-nela-2020.jpg","contentUrl":"https:\/\/www.idol.cz\/wp-content\/uploads\/2018\/10\/idol-spas-nela-2020.jpg","width":1080,"height":1080,"caption":"Idol Spas Hot Tub Nela"},{"@type":"BreadcrumbList","@id":"https:\/\/www.idol.cz\/at\/produkt\/whirlpool-at\/viriwka\/#breadcrumb","itemListElement":[{"@type":"ListItem","position":1,"name":"Dom\u016f","item":"https:\/\/www.idol.cz\/at\/"},{"@type":"ListItem","position":2,"name":"E-Shop","item":"https:\/\/www.idol.cz\/at\/e-shop\/"},{"@type":"ListItem","position":3,"name":"Whirlpool","item":"https:\/\/www.idol.cz\/at\/kategorie-produktu\/whirlpool-at\/"},{"@type":"ListItem","position":4,"name":"Nela"}]},{"@type":"WebSite","@id":"https:\/\/www.idol.cz\/at\/#website","url":"https:\/\/www.idol.cz\/at\/","name":"v\u00ed\u0159ivky venkovn\u00ed, swim spa, baz\u00e9ny","description":"Luxusn\u00ed \u010desk\u00e9 v\u00ed\u0159ivky a swim spa","publisher":{"@id":"https:\/\/www.idol.cz\/at\/#organization"},"potentialAction":[{"@type":"SearchAction","target":{"@type":"EntryPoint","urlTemplate":"https:\/\/www.idol.cz\/at\/?s={search_term_string}"},"query-input":{"@type":"PropertyValueSpecification","valueRequired":true,"valueName":"search_term_string"}}],"inLanguage":"at-AT"},{"@type":"Organization","@id":"https:\/\/www.idol.cz\/at\/#organization","name":"IDOL SPAS, s.r.o.","url":"https:\/\/www.idol.cz\/at\/","logo":{"@type":"ImageObject","inLanguage":"at-AT","@id":"https:\/\/www.idol.cz\/at\/#\/schema\/logo\/image\/","url":"https:\/\/www.idol.cz\/wp-content\/uploads\/2020\/02\/idol-spas-logo.png","contentUrl":"https:\/\/www.idol.cz\/wp-content\/uploads\/2020\/02\/idol-spas-logo.png","width":512,"height":206,"caption":"IDOL SPAS, s.r.o."},"image":{"@id":"https:\/\/www.idol.cz\/at\/#\/schema\/logo\/image\/"},"sameAs":["https:\/\/www.facebook.com\/IdolSpas\/"]}]}},"_links":{"self":[{"href":"https:\/\/www.idol.cz\/at\/wp-json\/wp\/v2\/product\/20646"}],"collection":[{"href":"https:\/\/www.idol.cz\/at\/wp-json\/wp\/v2\/product"}],"about":[{"href":"https:\/\/www.idol.cz\/at\/wp-json\/wp\/v2\/types\/product"}],"wp:featuredmedia":[{"embeddable":true,"href":"https:\/\/www.idol.cz\/at\/wp-json\/wp\/v2\/media\/20647"}],"wp:attachment":[{"href":"https:\/\/www.idol.cz\/at\/wp-json\/wp\/v2\/media?parent=20646"}],"wp:term":[{"taxonomy":"product_cat","embeddable":true,"href":"https:\/\/www.idol.cz\/at\/wp-json\/wp\/v2\/product_cat?post=20646"},{"taxonomy":"product_tag","embeddable":true,"href":"https:\/\/www.idol.cz\/at\/wp-json\/wp\/v2\/product_tag?post=20646"}],"curies":[{"name":"wp","href":"https:\/\/api.w.org\/{rel}","templated":true}]}}