{"id":30441,"date":"2023-01-31T10:43:33","date_gmt":"2023-01-31T09:43:33","guid":{"rendered":"https:\/\/www.idol.cz\/?post_type=product&#038;p=30441"},"modified":"2025-04-09T21:49:57","modified_gmt":"2025-04-09T19:49:57","slug":"zdvihac-termokytu-do-zeme","status":"publish","type":"product","link":"https:\/\/www.idol.cz\/at\/produkt\/e-shop\/nahradni-dily-na-virivky-a-swim-spa-bazeny-idol-spas\/zdvihace-termokrytu-virivky\/zdvihac-termokytu-do-zeme\/","title":{"rendered":"Zdviha\u010d termokytu do zem\u011b"},"content":{"rendered":"<h3>CoverMate III DeckMount, zdviha\u010d termokrytu pro zapu\u0161t\u011bn\u00e9 v\u00ed\u0159ivky do zem\u011b<\/h3>\n","protected":false},"excerpt":{"rendered":"<p>CoverMate III DeckMount, zdviha\u010d termokrytu pro zapu\u0161t\u011bn\u00e9 v\u00ed\u0159ivky do zem\u011b<\/p>\n","protected":false},"featured_media":30442,"template":"","meta":[],"product_cat":[411],"product_tag":[],"class_list":{"0":"post-30441","1":"product","2":"type-product","3":"status-publish","4":"has-post-thumbnail","6":"product_cat-zdvihace-termokrytu-virivky","8":"first","9":"instock","10":"taxable","11":"shipping-taxable","12":"purchasable","13":"product-type-simple"},"yoast_head":"<!-- This site is optimized with the Yoast SEO Premium plugin v24.9 (Yoast SEO v24.9) - https:\/\/yoast.com\/wordpress\/plugins\/seo\/ -->\n<title>Zdviha\u010d termokytu do zem\u011b | Whirlpools im Freien, Swim Spa, Schwimmb\u00e4der<\/title>\n<meta name=\"robots\" content=\"index, follow, max-snippet:-1, max-image-preview:large, max-video-preview:-1\" \/>\n<link rel=\"canonical\" href=\"https:\/\/www.idol.cz\/at\/produkt\/e-shop\/nahradni-dily-na-virivky-a-swim-spa-bazeny-idol-spas\/zdvihace-termokrytu-virivky\/zdvihac-termokytu-do-zeme\/\" \/>\n<meta property=\"og:locale\" content=\"en_US\" \/>\n<meta property=\"og:type\" content=\"article\" \/>\n<meta property=\"og:title\" content=\"Zdviha\u010d termokytu do zem\u011b\" \/>\n<meta property=\"og:description\" content=\"CoverMate III DeckMount, zdviha\u010d termokrytu pro zapu\u0161t\u011bn\u00e9 v\u00ed\u0159ivky do zem\u011b\" \/>\n<meta property=\"og:url\" content=\"https:\/\/www.idol.cz\/at\/produkt\/e-shop\/nahradni-dily-na-virivky-a-swim-spa-bazeny-idol-spas\/zdvihace-termokrytu-virivky\/zdvihac-termokytu-do-zeme\/\" \/>\n<meta property=\"og:site_name\" content=\"Whirlpools im Freien, Swim Spa, Schwimmb\u00e4der\" \/>\n<meta property=\"article:publisher\" content=\"https:\/\/www.facebook.com\/IdolSpas\/\" \/>\n<meta property=\"article:modified_time\" content=\"2025-04-09T19:49:57+00:00\" \/>\n<meta property=\"og:image\" content=\"https:\/\/www.idol.cz\/wp-content\/uploads\/2023\/01\/ac1070-1500-A-1050x1050-1.jpg\" \/>\n\t<meta property=\"og:image:width\" content=\"1050\" \/>\n\t<meta property=\"og:image:height\" content=\"1050\" \/>\n\t<meta property=\"og:image:type\" content=\"image\/jpeg\" \/>\n<meta name=\"twitter:card\" content=\"summary_large_image\" \/>\n<meta name=\"twitter:label1\" content=\"Est. reading time\" \/>\n\t<meta name=\"twitter:data1\" content=\"1 minute\" \/>\n<script type=\"application\/ld+json\" class=\"yoast-schema-graph\">{\"@context\":\"https:\/\/schema.org\",\"@graph\":[{\"@type\":\"WebPage\",\"@id\":\"https:\/\/www.idol.cz\/at\/produkt\/e-shop\/nahradni-dily-na-virivky-a-swim-spa-bazeny-idol-spas\/zdvihace-termokrytu-virivky\/zdvihac-termokytu-do-zeme\/\",\"url\":\"https:\/\/www.idol.cz\/at\/produkt\/e-shop\/nahradni-dily-na-virivky-a-swim-spa-bazeny-idol-spas\/zdvihace-termokrytu-virivky\/zdvihac-termokytu-do-zeme\/\",\"name\":\"Zdviha\u010d termokytu do zem\u011b | Whirlpools im Freien, Swim Spa, Schwimmb\u00e4der\",\"isPartOf\":{\"@id\":\"https:\/\/www.idol.cz\/at\/#website\"},\"primaryImageOfPage\":{\"@id\":\"https:\/\/www.idol.cz\/at\/produkt\/e-shop\/nahradni-dily-na-virivky-a-swim-spa-bazeny-idol-spas\/zdvihace-termokrytu-virivky\/zdvihac-termokytu-do-zeme\/#primaryimage\"},\"image\":{\"@id\":\"https:\/\/www.idol.cz\/at\/produkt\/e-shop\/nahradni-dily-na-virivky-a-swim-spa-bazeny-idol-spas\/zdvihace-termokrytu-virivky\/zdvihac-termokytu-do-zeme\/#primaryimage\"},\"thumbnailUrl\":\"https:\/\/www.idol.cz\/wp-content\/uploads\/2023\/01\/ac1070-1500-A-1050x1050-1.jpg\",\"datePublished\":\"2023-01-31T09:43:33+00:00\",\"dateModified\":\"2025-04-09T19:49:57+00:00\",\"breadcrumb\":{\"@id\":\"https:\/\/www.idol.cz\/at\/produkt\/e-shop\/nahradni-dily-na-virivky-a-swim-spa-bazeny-idol-spas\/zdvihace-termokrytu-virivky\/zdvihac-termokytu-do-zeme\/#breadcrumb\"},\"inLanguage\":\"at-AT\",\"potentialAction\":[{\"@type\":\"ReadAction\",\"target\":[\"https:\/\/www.idol.cz\/at\/produkt\/e-shop\/nahradni-dily-na-virivky-a-swim-spa-bazeny-idol-spas\/zdvihace-termokrytu-virivky\/zdvihac-termokytu-do-zeme\/\"]}]},{\"@type\":\"ImageObject\",\"inLanguage\":\"at-AT\",\"@id\":\"https:\/\/www.idol.cz\/at\/produkt\/e-shop\/nahradni-dily-na-virivky-a-swim-spa-bazeny-idol-spas\/zdvihace-termokrytu-virivky\/zdvihac-termokytu-do-zeme\/#primaryimage\",\"url\":\"https:\/\/www.idol.cz\/wp-content\/uploads\/2023\/01\/ac1070-1500-A-1050x1050-1.jpg\",\"contentUrl\":\"https:\/\/www.idol.cz\/wp-content\/uploads\/2023\/01\/ac1070-1500-A-1050x1050-1.jpg\",\"width\":1050,\"height\":1050},{\"@type\":\"BreadcrumbList\",\"@id\":\"https:\/\/www.idol.cz\/at\/produkt\/e-shop\/nahradni-dily-na-virivky-a-swim-spa-bazeny-idol-spas\/zdvihace-termokrytu-virivky\/zdvihac-termokytu-do-zeme\/#breadcrumb\",\"itemListElement\":[{\"@type\":\"ListItem\",\"position\":1,\"name\":\"Dom\u016f\",\"item\":\"https:\/\/www.idol.cz\/at\/\"},{\"@type\":\"ListItem\",\"position\":2,\"name\":\"E-Shop\",\"item\":\"https:\/\/www.idol.cz\/at\/e-shop\/\"},{\"@type\":\"ListItem\",\"position\":3,\"name\":\"E-shop\",\"item\":\"https:\/\/www.idol.cz\/kategorie-produktu\/e-shop\/\"},{\"@type\":\"ListItem\",\"position\":4,\"name\":\"N\u00e1hradn\u00ed d\u00edly na v\u00ed\u0159ivky a swim spa baz\u00e9ny Idol spas\",\"item\":\"https:\/\/www.idol.cz\/kategorie-produktu\/e-shop\/nahradni-dily-na-virivky-a-swim-spa-bazeny-idol-spas\/\"},{\"@type\":\"ListItem\",\"position\":5,\"name\":\"Zdviha\u010de termokrytu v\u00ed\u0159ivky\",\"item\":\"https:\/\/www.idol.cz\/kategorie-produktu\/e-shop\/nahradni-dily-na-virivky-a-swim-spa-bazeny-idol-spas\/zdvihace-termokrytu-virivky\/\"},{\"@type\":\"ListItem\",\"position\":6,\"name\":\"Zdviha\u010d termokytu do zem\u011b\"}]},{\"@type\":\"WebSite\",\"@id\":\"https:\/\/www.idol.cz\/at\/#website\",\"url\":\"https:\/\/www.idol.cz\/at\/\",\"name\":\"v\u00ed\u0159ivky venkovn\u00ed, swim spa, baz\u00e9ny\",\"description\":\"Luxusn\u00ed \u010desk\u00e9 v\u00ed\u0159ivky a swim spa\",\"publisher\":{\"@id\":\"https:\/\/www.idol.cz\/at\/#organization\"},\"potentialAction\":[{\"@type\":\"SearchAction\",\"target\":{\"@type\":\"EntryPoint\",\"urlTemplate\":\"https:\/\/www.idol.cz\/at\/?s={search_term_string}\"},\"query-input\":{\"@type\":\"PropertyValueSpecification\",\"valueRequired\":true,\"valueName\":\"search_term_string\"}}],\"inLanguage\":\"at-AT\"},{\"@type\":\"Organization\",\"@id\":\"https:\/\/www.idol.cz\/at\/#organization\",\"name\":\"IDOL SPAS, s.r.o.\",\"url\":\"https:\/\/www.idol.cz\/at\/\",\"logo\":{\"@type\":\"ImageObject\",\"inLanguage\":\"at-AT\",\"@id\":\"https:\/\/www.idol.cz\/at\/#\/schema\/logo\/image\/\",\"url\":\"https:\/\/www.idol.cz\/wp-content\/uploads\/2020\/02\/idol-spas-logo.png\",\"contentUrl\":\"https:\/\/www.idol.cz\/wp-content\/uploads\/2020\/02\/idol-spas-logo.png\",\"width\":512,\"height\":206,\"caption\":\"IDOL SPAS, s.r.o.\"},\"image\":{\"@id\":\"https:\/\/www.idol.cz\/at\/#\/schema\/logo\/image\/\"},\"sameAs\":[\"https:\/\/www.facebook.com\/IdolSpas\/\"]}]}<\/script>\n<!-- \/ Yoast SEO Premium plugin. -->","yoast_head_json":{"title":"Zdviha\u010d termokytu do zem\u011b | Whirlpools im Freien, Swim Spa, Schwimmb\u00e4der","robots":{"index":"index","follow":"follow","max-snippet":"max-snippet:-1","max-image-preview":"max-image-preview:large","max-video-preview":"max-video-preview:-1"},"canonical":"https:\/\/www.idol.cz\/at\/produkt\/e-shop\/nahradni-dily-na-virivky-a-swim-spa-bazeny-idol-spas\/zdvihace-termokrytu-virivky\/zdvihac-termokytu-do-zeme\/","og_locale":"en_US","og_type":"article","og_title":"Zdviha\u010d termokytu do zem\u011b","og_description":"CoverMate III DeckMount, zdviha\u010d termokrytu pro zapu\u0161t\u011bn\u00e9 v\u00ed\u0159ivky do zem\u011b","og_url":"https:\/\/www.idol.cz\/at\/produkt\/e-shop\/nahradni-dily-na-virivky-a-swim-spa-bazeny-idol-spas\/zdvihace-termokrytu-virivky\/zdvihac-termokytu-do-zeme\/","og_site_name":"Whirlpools im Freien, Swim Spa, Schwimmb\u00e4der","article_publisher":"https:\/\/www.facebook.com\/IdolSpas\/","article_modified_time":"2025-04-09T19:49:57+00:00","og_image":[{"width":1050,"height":1050,"url":"https:\/\/www.idol.cz\/wp-content\/uploads\/2023\/01\/ac1070-1500-A-1050x1050-1.jpg","type":"image\/jpeg"}],"twitter_card":"summary_large_image","twitter_misc":{"Est. reading time":"1 minute"},"schema":{"@context":"https:\/\/schema.org","@graph":[{"@type":"WebPage","@id":"https:\/\/www.idol.cz\/at\/produkt\/e-shop\/nahradni-dily-na-virivky-a-swim-spa-bazeny-idol-spas\/zdvihace-termokrytu-virivky\/zdvihac-termokytu-do-zeme\/","url":"https:\/\/www.idol.cz\/at\/produkt\/e-shop\/nahradni-dily-na-virivky-a-swim-spa-bazeny-idol-spas\/zdvihace-termokrytu-virivky\/zdvihac-termokytu-do-zeme\/","name":"Zdviha\u010d termokytu do zem\u011b | Whirlpools im Freien, Swim Spa, Schwimmb\u00e4der","isPartOf":{"@id":"https:\/\/www.idol.cz\/at\/#website"},"primaryImageOfPage":{"@id":"https:\/\/www.idol.cz\/at\/produkt\/e-shop\/nahradni-dily-na-virivky-a-swim-spa-bazeny-idol-spas\/zdvihace-termokrytu-virivky\/zdvihac-termokytu-do-zeme\/#primaryimage"},"image":{"@id":"https:\/\/www.idol.cz\/at\/produkt\/e-shop\/nahradni-dily-na-virivky-a-swim-spa-bazeny-idol-spas\/zdvihace-termokrytu-virivky\/zdvihac-termokytu-do-zeme\/#primaryimage"},"thumbnailUrl":"https:\/\/www.idol.cz\/wp-content\/uploads\/2023\/01\/ac1070-1500-A-1050x1050-1.jpg","datePublished":"2023-01-31T09:43:33+00:00","dateModified":"2025-04-09T19:49:57+00:00","breadcrumb":{"@id":"https:\/\/www.idol.cz\/at\/produkt\/e-shop\/nahradni-dily-na-virivky-a-swim-spa-bazeny-idol-spas\/zdvihace-termokrytu-virivky\/zdvihac-termokytu-do-zeme\/#breadcrumb"},"inLanguage":"at-AT","potentialAction":[{"@type":"ReadAction","target":["https:\/\/www.idol.cz\/at\/produkt\/e-shop\/nahradni-dily-na-virivky-a-swim-spa-bazeny-idol-spas\/zdvihace-termokrytu-virivky\/zdvihac-termokytu-do-zeme\/"]}]},{"@type":"ImageObject","inLanguage":"at-AT","@id":"https:\/\/www.idol.cz\/at\/produkt\/e-shop\/nahradni-dily-na-virivky-a-swim-spa-bazeny-idol-spas\/zdvihace-termokrytu-virivky\/zdvihac-termokytu-do-zeme\/#primaryimage","url":"https:\/\/www.idol.cz\/wp-content\/uploads\/2023\/01\/ac1070-1500-A-1050x1050-1.jpg","contentUrl":"https:\/\/www.idol.cz\/wp-content\/uploads\/2023\/01\/ac1070-1500-A-1050x1050-1.jpg","width":1050,"height":1050},{"@type":"BreadcrumbList","@id":"https:\/\/www.idol.cz\/at\/produkt\/e-shop\/nahradni-dily-na-virivky-a-swim-spa-bazeny-idol-spas\/zdvihace-termokrytu-virivky\/zdvihac-termokytu-do-zeme\/#breadcrumb","itemListElement":[{"@type":"ListItem","position":1,"name":"Dom\u016f","item":"https:\/\/www.idol.cz\/at\/"},{"@type":"ListItem","position":2,"name":"E-Shop","item":"https:\/\/www.idol.cz\/at\/e-shop\/"},{"@type":"ListItem","position":3,"name":"E-shop","item":"https:\/\/www.idol.cz\/kategorie-produktu\/e-shop\/"},{"@type":"ListItem","position":4,"name":"N\u00e1hradn\u00ed d\u00edly na v\u00ed\u0159ivky a swim spa baz\u00e9ny Idol spas","item":"https:\/\/www.idol.cz\/kategorie-produktu\/e-shop\/nahradni-dily-na-virivky-a-swim-spa-bazeny-idol-spas\/"},{"@type":"ListItem","position":5,"name":"Zdviha\u010de termokrytu v\u00ed\u0159ivky","item":"https:\/\/www.idol.cz\/kategorie-produktu\/e-shop\/nahradni-dily-na-virivky-a-swim-spa-bazeny-idol-spas\/zdvihace-termokrytu-virivky\/"},{"@type":"ListItem","position":6,"name":"Zdviha\u010d termokytu do zem\u011b"}]},{"@type":"WebSite","@id":"https:\/\/www.idol.cz\/at\/#website","url":"https:\/\/www.idol.cz\/at\/","name":"v\u00ed\u0159ivky venkovn\u00ed, swim spa, baz\u00e9ny","description":"Luxusn\u00ed \u010desk\u00e9 v\u00ed\u0159ivky a swim spa","publisher":{"@id":"https:\/\/www.idol.cz\/at\/#organization"},"potentialAction":[{"@type":"SearchAction","target":{"@type":"EntryPoint","urlTemplate":"https:\/\/www.idol.cz\/at\/?s={search_term_string}"},"query-input":{"@type":"PropertyValueSpecification","valueRequired":true,"valueName":"search_term_string"}}],"inLanguage":"at-AT"},{"@type":"Organization","@id":"https:\/\/www.idol.cz\/at\/#organization","name":"IDOL SPAS, s.r.o.","url":"https:\/\/www.idol.cz\/at\/","logo":{"@type":"ImageObject","inLanguage":"at-AT","@id":"https:\/\/www.idol.cz\/at\/#\/schema\/logo\/image\/","url":"https:\/\/www.idol.cz\/wp-content\/uploads\/2020\/02\/idol-spas-logo.png","contentUrl":"https:\/\/www.idol.cz\/wp-content\/uploads\/2020\/02\/idol-spas-logo.png","width":512,"height":206,"caption":"IDOL SPAS, s.r.o."},"image":{"@id":"https:\/\/www.idol.cz\/at\/#\/schema\/logo\/image\/"},"sameAs":["https:\/\/www.facebook.com\/IdolSpas\/"]}]}},"_links":{"self":[{"href":"https:\/\/www.idol.cz\/at\/wp-json\/wp\/v2\/product\/30441"}],"collection":[{"href":"https:\/\/www.idol.cz\/at\/wp-json\/wp\/v2\/product"}],"about":[{"href":"https:\/\/www.idol.cz\/at\/wp-json\/wp\/v2\/types\/product"}],"wp:featuredmedia":[{"embeddable":true,"href":"https:\/\/www.idol.cz\/at\/wp-json\/wp\/v2\/media\/30442"}],"wp:attachment":[{"href":"https:\/\/www.idol.cz\/at\/wp-json\/wp\/v2\/media?parent=30441"}],"wp:term":[{"taxonomy":"product_cat","embeddable":true,"href":"https:\/\/www.idol.cz\/at\/wp-json\/wp\/v2\/product_cat?post=30441"},{"taxonomy":"product_tag","embeddable":true,"href":"https:\/\/www.idol.cz\/at\/wp-json\/wp\/v2\/product_tag?post=30441"}],"curies":[{"name":"wp","href":"https:\/\/api.w.org\/{rel}","templated":true}]}}