{"id":35515,"date":"2024-01-25T14:37:32","date_gmt":"2024-01-25T13:37:32","guid":{"rendered":"https:\/\/www.idol.cz\/?post_type=product&#038;p=35515"},"modified":"2025-06-03T21:12:39","modified_gmt":"2025-06-03T19:12:39","slug":"balboa-ridici-jednotka-bp21ms2b-microsilk-3-0kw","status":"publish","type":"product","link":"https:\/\/www.idol.cz\/at\/produkt\/e-shop\/nahradni-dily-na-virivky-a-swim-spa-bazeny-idol-spas\/balboa-ridici-jednotka-bp21ms2b-microsilk-3-0kw\/","title":{"rendered":"Balboa \u0158\u00eddic\u00ed jednotka BP21MS3B &#8211; Microsilk &#8211; 3.0kW"},"content":{"rendered":"<p>Tato \u0159\u00eddic\u00ed jednotka je kompatibiln\u00ed se s\u00e9ri\u00ed dotykov\u00fdch ovlada\u010d\u016f\u00a0<strong>Balboa SpaTouch<\/strong>\u00a0a se s\u00e9ri\u00ed\u00a0<strong>TP<\/strong>, jako jsou<strong>\u00a0TP600, TP800\u00a0<\/strong>a\u00a0<strong>TP900<\/strong>.<\/p>\n<h4><strong>Specifikace<\/strong><\/h4>\n<ul>\n<li>\u010cerpadlo 1: jednorychlostn\u00ed nebo dvourychlostn\u00ed mas\u00e1\u017en\u00ed \u010derpadlo.<\/li>\n<li>\u010cerpadlo 2: jednorychlostn\u00ed nebo dvourychlostn\u00ed mas\u00e1\u017en\u00ed \u010derpadlo.<\/li>\n<li>Cirkula\u010dn\u00ed \u010derpadlo: jednorychlostn\u00ed<\/li>\n<li>MicroSilk\u00ae: 1x<\/li>\n<li>Kompresor: 1\u00d7 (voliteln\u00e9)<\/li>\n<li>Topen\u00ed: 1\u00d7 (3kW) + 1x auxiliern\u00ed 3kW<\/li>\n<li>Ozoniz\u00e1tor: 1\u00d7<\/li>\n<li>Osv\u011btlen\u00ed: 1\u00d7 10V\/1A<\/li>\n<li>Mo\u017enost p\u0159ipojen\u00ed TV\/AV, radio<\/li>\n<li>Mo\u017enost pou\u017eit\u00ed WiFi p\u0159ij\u00edma\u010de pro ovl\u00e1d\u00e1n\u00ed pomoc\u00ed iPhone.<\/li>\n<\/ul>\n","protected":false},"excerpt":{"rendered":"<p>Tato \u0159\u00eddic\u00ed jednotka je kompatibiln\u00ed se s\u00e9ri\u00ed dotykov\u00fdch ovlada\u010d\u016f\u00a0Balboa SpaTouch\u00a0a se s\u00e9ri\u00ed\u00a0TP, jako jsou\u00a0TP600, TP800\u00a0a\u00a0TP900. Specifikace \u010cerpadlo 1: jednorychlostn\u00ed nebo dvourychlostn\u00ed mas\u00e1\u017en\u00ed \u010derpadlo. \u010cerpadlo 2: jednorychlostn\u00ed nebo dvourychlostn\u00ed mas\u00e1\u017en\u00ed \u010derpadlo. Cirkula\u010dn\u00ed \u010derpadlo: jednorychlostn\u00ed MicroSilk\u00ae: 1x Kompresor: 1\u00d7 (voliteln\u00e9) Topen\u00ed: 1\u00d7 (3kW) + 1x auxiliern\u00ed 3kW Ozoniz\u00e1tor: 1\u00d7 Osv\u011btlen\u00ed: 1\u00d7 10V\/1A Mo\u017enost p\u0159ipojen\u00ed TV\/AV, radio Mo\u017enost [&hellip;]<\/p>\n","protected":false},"featured_media":36612,"template":"","meta":[],"product_cat":[153],"product_tag":[],"class_list":{"0":"post-35515","1":"product","2":"type-product","3":"status-publish","4":"has-post-thumbnail","6":"product_cat-nahradni-dily-na-virivky-a-swim-spa-bazeny-idol-spas","8":"first","9":"instock","10":"taxable","11":"shipping-taxable","12":"purchasable","13":"product-type-simple"},"yoast_head":"<!-- This site is optimized with the Yoast SEO Premium plugin v24.9 (Yoast SEO v24.9) - https:\/\/yoast.com\/wordpress\/plugins\/seo\/ -->\n<title>Balboa \u0158\u00eddic\u00ed jednotka BP21MS3B - Microsilk - 3.0kW | Whirlpools im Freien, Swim Spa, Schwimmb\u00e4der<\/title>\n<meta name=\"robots\" content=\"index, follow, max-snippet:-1, max-image-preview:large, max-video-preview:-1\" \/>\n<link rel=\"canonical\" href=\"https:\/\/www.idol.cz\/at\/produkt\/e-shop\/nahradni-dily-na-virivky-a-swim-spa-bazeny-idol-spas\/balboa-ridici-jednotka-bp21ms2b-microsilk-3-0kw\/\" \/>\n<meta property=\"og:locale\" content=\"en_US\" \/>\n<meta property=\"og:type\" content=\"article\" \/>\n<meta property=\"og:title\" content=\"Balboa \u0158\u00eddic\u00ed jednotka BP21MS3B - Microsilk - 3.0kW\" \/>\n<meta property=\"og:description\" content=\"Tato \u0159\u00eddic\u00ed jednotka je kompatibiln\u00ed se s\u00e9ri\u00ed dotykov\u00fdch ovlada\u010d\u016f\u00a0Balboa SpaTouch\u00a0a se s\u00e9ri\u00ed\u00a0TP, jako jsou\u00a0TP600, TP800\u00a0a\u00a0TP900. Specifikace \u010cerpadlo 1: jednorychlostn\u00ed nebo dvourychlostn\u00ed mas\u00e1\u017en\u00ed \u010derpadlo. \u010cerpadlo 2: jednorychlostn\u00ed nebo dvourychlostn\u00ed mas\u00e1\u017en\u00ed \u010derpadlo. Cirkula\u010dn\u00ed \u010derpadlo: jednorychlostn\u00ed MicroSilk\u00ae: 1x Kompresor: 1\u00d7 (voliteln\u00e9) Topen\u00ed: 1\u00d7 (3kW) + 1x auxiliern\u00ed 3kW Ozoniz\u00e1tor: 1\u00d7 Osv\u011btlen\u00ed: 1\u00d7 10V\/1A Mo\u017enost p\u0159ipojen\u00ed TV\/AV, radio Mo\u017enost [&hellip;]\" \/>\n<meta property=\"og:url\" content=\"https:\/\/www.idol.cz\/at\/produkt\/e-shop\/nahradni-dily-na-virivky-a-swim-spa-bazeny-idol-spas\/balboa-ridici-jednotka-bp21ms2b-microsilk-3-0kw\/\" \/>\n<meta property=\"og:site_name\" content=\"Whirlpools im Freien, Swim Spa, Schwimmb\u00e4der\" \/>\n<meta property=\"article:publisher\" content=\"https:\/\/www.facebook.com\/IdolSpas\/\" \/>\n<meta property=\"article:modified_time\" content=\"2025-06-03T19:12:39+00:00\" \/>\n<meta property=\"og:image\" content=\"https:\/\/www.idol.cz\/wp-content\/uploads\/2024\/01\/bp21ms3b-microsilk-electronic-control-box.jpg\" \/>\n\t<meta property=\"og:image:width\" content=\"800\" \/>\n\t<meta property=\"og:image:height\" content=\"800\" \/>\n\t<meta property=\"og:image:type\" content=\"image\/jpeg\" \/>\n<meta name=\"twitter:card\" content=\"summary_large_image\" \/>\n<meta name=\"twitter:label1\" content=\"Est. reading time\" \/>\n\t<meta name=\"twitter:data1\" content=\"1 minute\" \/>\n<script type=\"application\/ld+json\" class=\"yoast-schema-graph\">{\"@context\":\"https:\/\/schema.org\",\"@graph\":[{\"@type\":\"WebPage\",\"@id\":\"https:\/\/www.idol.cz\/at\/produkt\/e-shop\/nahradni-dily-na-virivky-a-swim-spa-bazeny-idol-spas\/balboa-ridici-jednotka-bp21ms2b-microsilk-3-0kw\/\",\"url\":\"https:\/\/www.idol.cz\/at\/produkt\/e-shop\/nahradni-dily-na-virivky-a-swim-spa-bazeny-idol-spas\/balboa-ridici-jednotka-bp21ms2b-microsilk-3-0kw\/\",\"name\":\"Balboa \u0158\u00eddic\u00ed jednotka BP21MS3B - Microsilk - 3.0kW | Whirlpools im Freien, Swim Spa, Schwimmb\u00e4der\",\"isPartOf\":{\"@id\":\"https:\/\/www.idol.cz\/at\/#website\"},\"primaryImageOfPage\":{\"@id\":\"https:\/\/www.idol.cz\/at\/produkt\/e-shop\/nahradni-dily-na-virivky-a-swim-spa-bazeny-idol-spas\/balboa-ridici-jednotka-bp21ms2b-microsilk-3-0kw\/#primaryimage\"},\"image\":{\"@id\":\"https:\/\/www.idol.cz\/at\/produkt\/e-shop\/nahradni-dily-na-virivky-a-swim-spa-bazeny-idol-spas\/balboa-ridici-jednotka-bp21ms2b-microsilk-3-0kw\/#primaryimage\"},\"thumbnailUrl\":\"https:\/\/www.idol.cz\/wp-content\/uploads\/2024\/01\/bp21ms3b-microsilk-electronic-control-box.jpg\",\"datePublished\":\"2024-01-25T13:37:32+00:00\",\"dateModified\":\"2025-06-03T19:12:39+00:00\",\"breadcrumb\":{\"@id\":\"https:\/\/www.idol.cz\/at\/produkt\/e-shop\/nahradni-dily-na-virivky-a-swim-spa-bazeny-idol-spas\/balboa-ridici-jednotka-bp21ms2b-microsilk-3-0kw\/#breadcrumb\"},\"inLanguage\":\"at-AT\",\"potentialAction\":[{\"@type\":\"ReadAction\",\"target\":[\"https:\/\/www.idol.cz\/at\/produkt\/e-shop\/nahradni-dily-na-virivky-a-swim-spa-bazeny-idol-spas\/balboa-ridici-jednotka-bp21ms2b-microsilk-3-0kw\/\"]}]},{\"@type\":\"ImageObject\",\"inLanguage\":\"at-AT\",\"@id\":\"https:\/\/www.idol.cz\/at\/produkt\/e-shop\/nahradni-dily-na-virivky-a-swim-spa-bazeny-idol-spas\/balboa-ridici-jednotka-bp21ms2b-microsilk-3-0kw\/#primaryimage\",\"url\":\"https:\/\/www.idol.cz\/wp-content\/uploads\/2024\/01\/bp21ms3b-microsilk-electronic-control-box.jpg\",\"contentUrl\":\"https:\/\/www.idol.cz\/wp-content\/uploads\/2024\/01\/bp21ms3b-microsilk-electronic-control-box.jpg\",\"width\":800,\"height\":800,\"caption\":\"Balboa Microsilk ridici jednotka\"},{\"@type\":\"BreadcrumbList\",\"@id\":\"https:\/\/www.idol.cz\/at\/produkt\/e-shop\/nahradni-dily-na-virivky-a-swim-spa-bazeny-idol-spas\/balboa-ridici-jednotka-bp21ms2b-microsilk-3-0kw\/#breadcrumb\",\"itemListElement\":[{\"@type\":\"ListItem\",\"position\":1,\"name\":\"Dom\u016f\",\"item\":\"https:\/\/www.idol.cz\/at\/\"},{\"@type\":\"ListItem\",\"position\":2,\"name\":\"E-Shop\",\"item\":\"https:\/\/www.idol.cz\/at\/e-shop\/\"},{\"@type\":\"ListItem\",\"position\":3,\"name\":\"E-shop\",\"item\":\"https:\/\/www.idol.cz\/kategorie-produktu\/e-shop\/\"},{\"@type\":\"ListItem\",\"position\":4,\"name\":\"N\u00e1hradn\u00ed d\u00edly na v\u00ed\u0159ivky a swim spa baz\u00e9ny Idol spas\",\"item\":\"https:\/\/www.idol.cz\/kategorie-produktu\/e-shop\/nahradni-dily-na-virivky-a-swim-spa-bazeny-idol-spas\/\"},{\"@type\":\"ListItem\",\"position\":5,\"name\":\"Balboa \u0158\u00eddic\u00ed jednotka BP21MS3B &#8211; Microsilk &#8211; 3.0kW\"}]},{\"@type\":\"WebSite\",\"@id\":\"https:\/\/www.idol.cz\/at\/#website\",\"url\":\"https:\/\/www.idol.cz\/at\/\",\"name\":\"v\u00ed\u0159ivky venkovn\u00ed, swim spa, baz\u00e9ny\",\"description\":\"Luxusn\u00ed \u010desk\u00e9 v\u00ed\u0159ivky a swim spa\",\"publisher\":{\"@id\":\"https:\/\/www.idol.cz\/at\/#organization\"},\"potentialAction\":[{\"@type\":\"SearchAction\",\"target\":{\"@type\":\"EntryPoint\",\"urlTemplate\":\"https:\/\/www.idol.cz\/at\/?s={search_term_string}\"},\"query-input\":{\"@type\":\"PropertyValueSpecification\",\"valueRequired\":true,\"valueName\":\"search_term_string\"}}],\"inLanguage\":\"at-AT\"},{\"@type\":\"Organization\",\"@id\":\"https:\/\/www.idol.cz\/at\/#organization\",\"name\":\"IDOL SPAS, s.r.o.\",\"url\":\"https:\/\/www.idol.cz\/at\/\",\"logo\":{\"@type\":\"ImageObject\",\"inLanguage\":\"at-AT\",\"@id\":\"https:\/\/www.idol.cz\/at\/#\/schema\/logo\/image\/\",\"url\":\"https:\/\/www.idol.cz\/wp-content\/uploads\/2020\/02\/idol-spas-logo.png\",\"contentUrl\":\"https:\/\/www.idol.cz\/wp-content\/uploads\/2020\/02\/idol-spas-logo.png\",\"width\":512,\"height\":206,\"caption\":\"IDOL SPAS, s.r.o.\"},\"image\":{\"@id\":\"https:\/\/www.idol.cz\/at\/#\/schema\/logo\/image\/\"},\"sameAs\":[\"https:\/\/www.facebook.com\/IdolSpas\/\"]}]}<\/script>\n<!-- \/ Yoast SEO Premium plugin. -->","yoast_head_json":{"title":"Balboa \u0158\u00eddic\u00ed jednotka BP21MS3B - Microsilk - 3.0kW | Whirlpools im Freien, Swim Spa, Schwimmb\u00e4der","robots":{"index":"index","follow":"follow","max-snippet":"max-snippet:-1","max-image-preview":"max-image-preview:large","max-video-preview":"max-video-preview:-1"},"canonical":"https:\/\/www.idol.cz\/at\/produkt\/e-shop\/nahradni-dily-na-virivky-a-swim-spa-bazeny-idol-spas\/balboa-ridici-jednotka-bp21ms2b-microsilk-3-0kw\/","og_locale":"en_US","og_type":"article","og_title":"Balboa \u0158\u00eddic\u00ed jednotka BP21MS3B - Microsilk - 3.0kW","og_description":"Tato \u0159\u00eddic\u00ed jednotka je kompatibiln\u00ed se s\u00e9ri\u00ed dotykov\u00fdch ovlada\u010d\u016f\u00a0Balboa SpaTouch\u00a0a se s\u00e9ri\u00ed\u00a0TP, jako jsou\u00a0TP600, TP800\u00a0a\u00a0TP900. Specifikace \u010cerpadlo 1: jednorychlostn\u00ed nebo dvourychlostn\u00ed mas\u00e1\u017en\u00ed \u010derpadlo. \u010cerpadlo 2: jednorychlostn\u00ed nebo dvourychlostn\u00ed mas\u00e1\u017en\u00ed \u010derpadlo. Cirkula\u010dn\u00ed \u010derpadlo: jednorychlostn\u00ed MicroSilk\u00ae: 1x Kompresor: 1\u00d7 (voliteln\u00e9) Topen\u00ed: 1\u00d7 (3kW) + 1x auxiliern\u00ed 3kW Ozoniz\u00e1tor: 1\u00d7 Osv\u011btlen\u00ed: 1\u00d7 10V\/1A Mo\u017enost p\u0159ipojen\u00ed TV\/AV, radio Mo\u017enost [&hellip;]","og_url":"https:\/\/www.idol.cz\/at\/produkt\/e-shop\/nahradni-dily-na-virivky-a-swim-spa-bazeny-idol-spas\/balboa-ridici-jednotka-bp21ms2b-microsilk-3-0kw\/","og_site_name":"Whirlpools im Freien, Swim Spa, Schwimmb\u00e4der","article_publisher":"https:\/\/www.facebook.com\/IdolSpas\/","article_modified_time":"2025-06-03T19:12:39+00:00","og_image":[{"width":800,"height":800,"url":"https:\/\/www.idol.cz\/wp-content\/uploads\/2024\/01\/bp21ms3b-microsilk-electronic-control-box.jpg","type":"image\/jpeg"}],"twitter_card":"summary_large_image","twitter_misc":{"Est. reading time":"1 minute"},"schema":{"@context":"https:\/\/schema.org","@graph":[{"@type":"WebPage","@id":"https:\/\/www.idol.cz\/at\/produkt\/e-shop\/nahradni-dily-na-virivky-a-swim-spa-bazeny-idol-spas\/balboa-ridici-jednotka-bp21ms2b-microsilk-3-0kw\/","url":"https:\/\/www.idol.cz\/at\/produkt\/e-shop\/nahradni-dily-na-virivky-a-swim-spa-bazeny-idol-spas\/balboa-ridici-jednotka-bp21ms2b-microsilk-3-0kw\/","name":"Balboa \u0158\u00eddic\u00ed jednotka BP21MS3B - Microsilk - 3.0kW | Whirlpools im Freien, Swim Spa, Schwimmb\u00e4der","isPartOf":{"@id":"https:\/\/www.idol.cz\/at\/#website"},"primaryImageOfPage":{"@id":"https:\/\/www.idol.cz\/at\/produkt\/e-shop\/nahradni-dily-na-virivky-a-swim-spa-bazeny-idol-spas\/balboa-ridici-jednotka-bp21ms2b-microsilk-3-0kw\/#primaryimage"},"image":{"@id":"https:\/\/www.idol.cz\/at\/produkt\/e-shop\/nahradni-dily-na-virivky-a-swim-spa-bazeny-idol-spas\/balboa-ridici-jednotka-bp21ms2b-microsilk-3-0kw\/#primaryimage"},"thumbnailUrl":"https:\/\/www.idol.cz\/wp-content\/uploads\/2024\/01\/bp21ms3b-microsilk-electronic-control-box.jpg","datePublished":"2024-01-25T13:37:32+00:00","dateModified":"2025-06-03T19:12:39+00:00","breadcrumb":{"@id":"https:\/\/www.idol.cz\/at\/produkt\/e-shop\/nahradni-dily-na-virivky-a-swim-spa-bazeny-idol-spas\/balboa-ridici-jednotka-bp21ms2b-microsilk-3-0kw\/#breadcrumb"},"inLanguage":"at-AT","potentialAction":[{"@type":"ReadAction","target":["https:\/\/www.idol.cz\/at\/produkt\/e-shop\/nahradni-dily-na-virivky-a-swim-spa-bazeny-idol-spas\/balboa-ridici-jednotka-bp21ms2b-microsilk-3-0kw\/"]}]},{"@type":"ImageObject","inLanguage":"at-AT","@id":"https:\/\/www.idol.cz\/at\/produkt\/e-shop\/nahradni-dily-na-virivky-a-swim-spa-bazeny-idol-spas\/balboa-ridici-jednotka-bp21ms2b-microsilk-3-0kw\/#primaryimage","url":"https:\/\/www.idol.cz\/wp-content\/uploads\/2024\/01\/bp21ms3b-microsilk-electronic-control-box.jpg","contentUrl":"https:\/\/www.idol.cz\/wp-content\/uploads\/2024\/01\/bp21ms3b-microsilk-electronic-control-box.jpg","width":800,"height":800,"caption":"Balboa Microsilk ridici jednotka"},{"@type":"BreadcrumbList","@id":"https:\/\/www.idol.cz\/at\/produkt\/e-shop\/nahradni-dily-na-virivky-a-swim-spa-bazeny-idol-spas\/balboa-ridici-jednotka-bp21ms2b-microsilk-3-0kw\/#breadcrumb","itemListElement":[{"@type":"ListItem","position":1,"name":"Dom\u016f","item":"https:\/\/www.idol.cz\/at\/"},{"@type":"ListItem","position":2,"name":"E-Shop","item":"https:\/\/www.idol.cz\/at\/e-shop\/"},{"@type":"ListItem","position":3,"name":"E-shop","item":"https:\/\/www.idol.cz\/kategorie-produktu\/e-shop\/"},{"@type":"ListItem","position":4,"name":"N\u00e1hradn\u00ed d\u00edly na v\u00ed\u0159ivky a swim spa baz\u00e9ny Idol spas","item":"https:\/\/www.idol.cz\/kategorie-produktu\/e-shop\/nahradni-dily-na-virivky-a-swim-spa-bazeny-idol-spas\/"},{"@type":"ListItem","position":5,"name":"Balboa \u0158\u00eddic\u00ed jednotka BP21MS3B &#8211; Microsilk &#8211; 3.0kW"}]},{"@type":"WebSite","@id":"https:\/\/www.idol.cz\/at\/#website","url":"https:\/\/www.idol.cz\/at\/","name":"v\u00ed\u0159ivky venkovn\u00ed, swim spa, baz\u00e9ny","description":"Luxusn\u00ed \u010desk\u00e9 v\u00ed\u0159ivky a swim spa","publisher":{"@id":"https:\/\/www.idol.cz\/at\/#organization"},"potentialAction":[{"@type":"SearchAction","target":{"@type":"EntryPoint","urlTemplate":"https:\/\/www.idol.cz\/at\/?s={search_term_string}"},"query-input":{"@type":"PropertyValueSpecification","valueRequired":true,"valueName":"search_term_string"}}],"inLanguage":"at-AT"},{"@type":"Organization","@id":"https:\/\/www.idol.cz\/at\/#organization","name":"IDOL SPAS, s.r.o.","url":"https:\/\/www.idol.cz\/at\/","logo":{"@type":"ImageObject","inLanguage":"at-AT","@id":"https:\/\/www.idol.cz\/at\/#\/schema\/logo\/image\/","url":"https:\/\/www.idol.cz\/wp-content\/uploads\/2020\/02\/idol-spas-logo.png","contentUrl":"https:\/\/www.idol.cz\/wp-content\/uploads\/2020\/02\/idol-spas-logo.png","width":512,"height":206,"caption":"IDOL SPAS, s.r.o."},"image":{"@id":"https:\/\/www.idol.cz\/at\/#\/schema\/logo\/image\/"},"sameAs":["https:\/\/www.facebook.com\/IdolSpas\/"]}]}},"_links":{"self":[{"href":"https:\/\/www.idol.cz\/at\/wp-json\/wp\/v2\/product\/35515"}],"collection":[{"href":"https:\/\/www.idol.cz\/at\/wp-json\/wp\/v2\/product"}],"about":[{"href":"https:\/\/www.idol.cz\/at\/wp-json\/wp\/v2\/types\/product"}],"wp:featuredmedia":[{"embeddable":true,"href":"https:\/\/www.idol.cz\/at\/wp-json\/wp\/v2\/media\/36612"}],"wp:attachment":[{"href":"https:\/\/www.idol.cz\/at\/wp-json\/wp\/v2\/media?parent=35515"}],"wp:term":[{"taxonomy":"product_cat","embeddable":true,"href":"https:\/\/www.idol.cz\/at\/wp-json\/wp\/v2\/product_cat?post=35515"},{"taxonomy":"product_tag","embeddable":true,"href":"https:\/\/www.idol.cz\/at\/wp-json\/wp\/v2\/product_tag?post=35515"}],"curies":[{"name":"wp","href":"https:\/\/api.w.org\/{rel}","templated":true}]}}