{"id":7186,"date":"2020-01-11T12:09:20","date_gmt":"2020-01-11T11:09:20","guid":{"rendered":"https:\/\/idol.cz\/?post_type=product&#038;p=7186"},"modified":"2025-04-10T12:36:47","modified_gmt":"2025-04-10T10:36:47","slug":"termokryt-virivky-barva-svetly-dub","status":"publish","type":"product","link":"https:\/\/www.idol.cz\/at\/produkt\/virivky\/ostatni-moznosti-virivky\/termokryt-virivky\/termokryt-virivky-barva-svetly-dub\/","title":{"rendered":"Termokryt v\u00ed\u0159ivky barva sv\u011btl\u00fd dub"},"content":{"rendered":"\t\t<div data-elementor-type=\"product-post\" data-elementor-id=\"7186\" class=\"elementor elementor-7186\" data-elementor-post-type=\"product\">\n\t\t\t\t\t\t<section class=\"ob-is-breaking-bad elementor-section elementor-top-section elementor-element elementor-element-602900aa elementor-section-boxed elementor-section-height-default elementor-section-height-default\" data-id=\"602900aa\" data-element_type=\"section\" data-settings=\"{&quot;_ob_bbad_use_it&quot;:&quot;yes&quot;,&quot;_ob_bbad_sssic_use&quot;:&quot;no&quot;}\">\n\t\t\t\t\t\t<div class=\"elementor-container elementor-column-gap-default\">\n\t\t\t\t\t<div class=\"elementor-column elementor-col-100 elementor-top-column elementor-element elementor-element-5fc0b173\" data-id=\"5fc0b173\" data-element_type=\"column\" data-settings=\"{&quot;_ob_bbad_is_stalker&quot;:&quot;no&quot;,&quot;_ob_teleporter_use&quot;:false}\">\n\t\t\t<div class=\"elementor-widget-wrap elementor-element-populated\">\n\t\t\t\t\t\t<div class=\"elementor-element elementor-element-7fcd8cf0 ob-harakiri-inherit elementor-widget elementor-widget-text-editor\" data-id=\"7fcd8cf0\" data-element_type=\"widget\" data-settings=\"{&quot;_ob_use_harakiri&quot;:&quot;yes&quot;,&quot;_ob_harakiri_writing_mode&quot;:&quot;inherit&quot;,&quot;_ob_widget_stalker_use&quot;:&quot;no&quot;}\" data-widget_type=\"text-editor.default\">\n\t\t\t\t\t\t\t\t\t<p><strong><span style=\"font-size: 14pt;\">Termokryt pro v\u00ed\u0159ivky.<\/span><\/strong><\/p><p><span style=\"font-size: 14pt;\">Na\u0161e vysoce kvalitn\u00ed termo kryty jsou d\u016fle\u017eitou sou\u010d\u00e1st\u00ed va\u0161ich l\u00e1zn\u00ed a jsou navr\u017eeny tak, aby udr\u017eovaly teplo a sni\u017eovaly va\u0161e n\u00e1klady na energii.<\/span><br \/><span style=\"font-size: 14pt;\">K dispozici v p\u011bti barv\u00e1ch dle v\u00fdb\u011bru. U lite modelu jsou k dispozici jen n\u011bkter\u00e9.<\/span><\/p><p><strong><span style=\"font-size: 14pt;\">Barva 1.<\/span><\/strong><\/p>\t\t\t\t\t\t\t\t<\/div>\n\t\t\t\t\t<\/div>\n\t\t<\/div>\n\t\t\t\t\t<\/div>\n\t\t<\/section>\n\t\t\t\t<\/div>\n\t\t","protected":false},"excerpt":{"rendered":"<p>Termokryt pro v\u00ed\u0159ivky. Na\u0161e vysoce kvalitn\u00ed termo kryty jsou d\u016fle\u017eitou sou\u010d\u00e1st\u00ed va\u0161ich l\u00e1zn\u00ed a jsou navr\u017eeny tak, aby udr\u017eovaly teplo a sni\u017eovaly va\u0161e n\u00e1klady na energii. K dispozici v p\u011bti barv\u00e1ch dle v\u00fdb\u011bru. U lite modelu jsou k dispozici jen n\u011bkter\u00e9. Barva 1.<\/p>\n","protected":false},"featured_media":7188,"template":"","meta":[],"product_cat":[46],"product_tag":[],"class_list":{"0":"post-7186","1":"product","2":"type-product","3":"status-publish","4":"has-post-thumbnail","6":"product_cat-termokryt-virivky","8":"first","9":"instock","10":"taxable","11":"shipping-taxable","12":"purchasable","13":"product-type-simple"},"yoast_head":"<!-- This site is optimized with the Yoast SEO Premium plugin v24.9 (Yoast SEO v24.9) - https:\/\/yoast.com\/wordpress\/plugins\/seo\/ -->\n<title>Termokryt v\u00ed\u0159ivky barva sv\u011btl\u00fd dub | Whirlpools im Freien, Swim Spa, Schwimmb\u00e4der<\/title>\n<meta name=\"robots\" content=\"index, follow, max-snippet:-1, max-image-preview:large, max-video-preview:-1\" \/>\n<link rel=\"canonical\" href=\"https:\/\/www.idol.cz\/at\/produkt\/virivky\/ostatni-moznosti-virivky\/termokryt-virivky\/termokryt-virivky-barva-svetly-dub\/\" \/>\n<meta property=\"og:locale\" content=\"en_US\" \/>\n<meta property=\"og:type\" content=\"article\" \/>\n<meta property=\"og:title\" content=\"Termokryt v\u00ed\u0159ivky barva sv\u011btl\u00fd dub\" \/>\n<meta property=\"og:description\" content=\"Termokryt pro v\u00ed\u0159ivky. Na\u0161e vysoce kvalitn\u00ed termo kryty jsou d\u016fle\u017eitou sou\u010d\u00e1st\u00ed va\u0161ich l\u00e1zn\u00ed a jsou navr\u017eeny tak, aby udr\u017eovaly teplo a sni\u017eovaly va\u0161e n\u00e1klady na energii. K dispozici v p\u011bti barv\u00e1ch dle v\u00fdb\u011bru. U lite modelu jsou k dispozici jen n\u011bkter\u00e9. Barva 1.\" \/>\n<meta property=\"og:url\" content=\"https:\/\/www.idol.cz\/at\/produkt\/virivky\/ostatni-moznosti-virivky\/termokryt-virivky\/termokryt-virivky-barva-svetly-dub\/\" \/>\n<meta property=\"og:site_name\" content=\"Whirlpools im Freien, Swim Spa, Schwimmb\u00e4der\" \/>\n<meta property=\"article:publisher\" content=\"https:\/\/www.facebook.com\/IdolSpas\/\" \/>\n<meta property=\"article:modified_time\" content=\"2025-04-10T10:36:47+00:00\" \/>\n<meta property=\"og:image\" content=\"https:\/\/www.idol.cz\/wp-content\/uploads\/2020\/01\/idol-spas-barva-termokrytu-virivky-01.jpg\" \/>\n\t<meta property=\"og:image:width\" content=\"960\" \/>\n\t<meta property=\"og:image:height\" content=\"960\" \/>\n\t<meta property=\"og:image:type\" content=\"image\/jpeg\" \/>\n<meta name=\"twitter:card\" content=\"summary_large_image\" \/>\n<meta name=\"twitter:label1\" content=\"Est. reading time\" \/>\n\t<meta name=\"twitter:data1\" content=\"1 minute\" \/>\n<script type=\"application\/ld+json\" class=\"yoast-schema-graph\">{\"@context\":\"https:\/\/schema.org\",\"@graph\":[{\"@type\":\"WebPage\",\"@id\":\"https:\/\/www.idol.cz\/at\/produkt\/virivky\/ostatni-moznosti-virivky\/termokryt-virivky\/termokryt-virivky-barva-svetly-dub\/\",\"url\":\"https:\/\/www.idol.cz\/at\/produkt\/virivky\/ostatni-moznosti-virivky\/termokryt-virivky\/termokryt-virivky-barva-svetly-dub\/\",\"name\":\"Termokryt v\u00ed\u0159ivky barva sv\u011btl\u00fd dub | Whirlpools im Freien, Swim Spa, Schwimmb\u00e4der\",\"isPartOf\":{\"@id\":\"https:\/\/www.idol.cz\/at\/#website\"},\"primaryImageOfPage\":{\"@id\":\"https:\/\/www.idol.cz\/at\/produkt\/virivky\/ostatni-moznosti-virivky\/termokryt-virivky\/termokryt-virivky-barva-svetly-dub\/#primaryimage\"},\"image\":{\"@id\":\"https:\/\/www.idol.cz\/at\/produkt\/virivky\/ostatni-moznosti-virivky\/termokryt-virivky\/termokryt-virivky-barva-svetly-dub\/#primaryimage\"},\"thumbnailUrl\":\"https:\/\/www.idol.cz\/wp-content\/uploads\/2020\/01\/idol-spas-barva-termokrytu-virivky-01.jpg\",\"datePublished\":\"2020-01-11T11:09:20+00:00\",\"dateModified\":\"2025-04-10T10:36:47+00:00\",\"breadcrumb\":{\"@id\":\"https:\/\/www.idol.cz\/at\/produkt\/virivky\/ostatni-moznosti-virivky\/termokryt-virivky\/termokryt-virivky-barva-svetly-dub\/#breadcrumb\"},\"inLanguage\":\"at-AT\",\"potentialAction\":[{\"@type\":\"ReadAction\",\"target\":[\"https:\/\/www.idol.cz\/at\/produkt\/virivky\/ostatni-moznosti-virivky\/termokryt-virivky\/termokryt-virivky-barva-svetly-dub\/\"]}]},{\"@type\":\"ImageObject\",\"inLanguage\":\"at-AT\",\"@id\":\"https:\/\/www.idol.cz\/at\/produkt\/virivky\/ostatni-moznosti-virivky\/termokryt-virivky\/termokryt-virivky-barva-svetly-dub\/#primaryimage\",\"url\":\"https:\/\/www.idol.cz\/wp-content\/uploads\/2020\/01\/idol-spas-barva-termokrytu-virivky-01.jpg\",\"contentUrl\":\"https:\/\/www.idol.cz\/wp-content\/uploads\/2020\/01\/idol-spas-barva-termokrytu-virivky-01.jpg\",\"width\":960,\"height\":960,\"caption\":\"Whirlpools Thermocover\"},{\"@type\":\"BreadcrumbList\",\"@id\":\"https:\/\/www.idol.cz\/at\/produkt\/virivky\/ostatni-moznosti-virivky\/termokryt-virivky\/termokryt-virivky-barva-svetly-dub\/#breadcrumb\",\"itemListElement\":[{\"@type\":\"ListItem\",\"position\":1,\"name\":\"Dom\u016f\",\"item\":\"https:\/\/www.idol.cz\/at\/\"},{\"@type\":\"ListItem\",\"position\":2,\"name\":\"E-Shop\",\"item\":\"https:\/\/www.idol.cz\/at\/e-shop\/\"},{\"@type\":\"ListItem\",\"position\":3,\"name\":\"Whirlpool\",\"item\":\"https:\/\/www.idol.cz\/at\/kategorie-produktu\/whirlpool-at\/\"},{\"@type\":\"ListItem\",\"position\":4,\"name\":\"Weitere Whirlpool-Optionen\",\"item\":\"https:\/\/www.idol.cz\/at\/kategorie-produktu\/whirlpool-at\/weitere-whirlpool-optionen-at\/\"},{\"@type\":\"ListItem\",\"position\":5,\"name\":\"Termokryt v\u00ed\u0159ivky\",\"item\":\"https:\/\/www.idol.cz\/kategorie-produktu\/virivky\/ostatni-moznosti-virivky\/termokryt-virivky\/\"},{\"@type\":\"ListItem\",\"position\":6,\"name\":\"Termokryt v\u00ed\u0159ivky barva sv\u011btl\u00fd dub\"}]},{\"@type\":\"WebSite\",\"@id\":\"https:\/\/www.idol.cz\/at\/#website\",\"url\":\"https:\/\/www.idol.cz\/at\/\",\"name\":\"v\u00ed\u0159ivky venkovn\u00ed, swim spa, baz\u00e9ny\",\"description\":\"Luxusn\u00ed \u010desk\u00e9 v\u00ed\u0159ivky a swim spa\",\"publisher\":{\"@id\":\"https:\/\/www.idol.cz\/at\/#organization\"},\"potentialAction\":[{\"@type\":\"SearchAction\",\"target\":{\"@type\":\"EntryPoint\",\"urlTemplate\":\"https:\/\/www.idol.cz\/at\/?s={search_term_string}\"},\"query-input\":{\"@type\":\"PropertyValueSpecification\",\"valueRequired\":true,\"valueName\":\"search_term_string\"}}],\"inLanguage\":\"at-AT\"},{\"@type\":\"Organization\",\"@id\":\"https:\/\/www.idol.cz\/at\/#organization\",\"name\":\"IDOL SPAS, s.r.o.\",\"url\":\"https:\/\/www.idol.cz\/at\/\",\"logo\":{\"@type\":\"ImageObject\",\"inLanguage\":\"at-AT\",\"@id\":\"https:\/\/www.idol.cz\/at\/#\/schema\/logo\/image\/\",\"url\":\"https:\/\/www.idol.cz\/wp-content\/uploads\/2020\/02\/idol-spas-logo.png\",\"contentUrl\":\"https:\/\/www.idol.cz\/wp-content\/uploads\/2020\/02\/idol-spas-logo.png\",\"width\":512,\"height\":206,\"caption\":\"IDOL SPAS, s.r.o.\"},\"image\":{\"@id\":\"https:\/\/www.idol.cz\/at\/#\/schema\/logo\/image\/\"},\"sameAs\":[\"https:\/\/www.facebook.com\/IdolSpas\/\"]}]}<\/script>\n<!-- \/ Yoast SEO Premium plugin. -->","yoast_head_json":{"title":"Termokryt v\u00ed\u0159ivky barva sv\u011btl\u00fd dub | Whirlpools im Freien, Swim Spa, Schwimmb\u00e4der","robots":{"index":"index","follow":"follow","max-snippet":"max-snippet:-1","max-image-preview":"max-image-preview:large","max-video-preview":"max-video-preview:-1"},"canonical":"https:\/\/www.idol.cz\/at\/produkt\/virivky\/ostatni-moznosti-virivky\/termokryt-virivky\/termokryt-virivky-barva-svetly-dub\/","og_locale":"en_US","og_type":"article","og_title":"Termokryt v\u00ed\u0159ivky barva sv\u011btl\u00fd dub","og_description":"Termokryt pro v\u00ed\u0159ivky. Na\u0161e vysoce kvalitn\u00ed termo kryty jsou d\u016fle\u017eitou sou\u010d\u00e1st\u00ed va\u0161ich l\u00e1zn\u00ed a jsou navr\u017eeny tak, aby udr\u017eovaly teplo a sni\u017eovaly va\u0161e n\u00e1klady na energii. K dispozici v p\u011bti barv\u00e1ch dle v\u00fdb\u011bru. U lite modelu jsou k dispozici jen n\u011bkter\u00e9. Barva 1.","og_url":"https:\/\/www.idol.cz\/at\/produkt\/virivky\/ostatni-moznosti-virivky\/termokryt-virivky\/termokryt-virivky-barva-svetly-dub\/","og_site_name":"Whirlpools im Freien, Swim Spa, Schwimmb\u00e4der","article_publisher":"https:\/\/www.facebook.com\/IdolSpas\/","article_modified_time":"2025-04-10T10:36:47+00:00","og_image":[{"width":960,"height":960,"url":"https:\/\/www.idol.cz\/wp-content\/uploads\/2020\/01\/idol-spas-barva-termokrytu-virivky-01.jpg","type":"image\/jpeg"}],"twitter_card":"summary_large_image","twitter_misc":{"Est. reading time":"1 minute"},"schema":{"@context":"https:\/\/schema.org","@graph":[{"@type":"WebPage","@id":"https:\/\/www.idol.cz\/at\/produkt\/virivky\/ostatni-moznosti-virivky\/termokryt-virivky\/termokryt-virivky-barva-svetly-dub\/","url":"https:\/\/www.idol.cz\/at\/produkt\/virivky\/ostatni-moznosti-virivky\/termokryt-virivky\/termokryt-virivky-barva-svetly-dub\/","name":"Termokryt v\u00ed\u0159ivky barva sv\u011btl\u00fd dub | Whirlpools im Freien, Swim Spa, Schwimmb\u00e4der","isPartOf":{"@id":"https:\/\/www.idol.cz\/at\/#website"},"primaryImageOfPage":{"@id":"https:\/\/www.idol.cz\/at\/produkt\/virivky\/ostatni-moznosti-virivky\/termokryt-virivky\/termokryt-virivky-barva-svetly-dub\/#primaryimage"},"image":{"@id":"https:\/\/www.idol.cz\/at\/produkt\/virivky\/ostatni-moznosti-virivky\/termokryt-virivky\/termokryt-virivky-barva-svetly-dub\/#primaryimage"},"thumbnailUrl":"https:\/\/www.idol.cz\/wp-content\/uploads\/2020\/01\/idol-spas-barva-termokrytu-virivky-01.jpg","datePublished":"2020-01-11T11:09:20+00:00","dateModified":"2025-04-10T10:36:47+00:00","breadcrumb":{"@id":"https:\/\/www.idol.cz\/at\/produkt\/virivky\/ostatni-moznosti-virivky\/termokryt-virivky\/termokryt-virivky-barva-svetly-dub\/#breadcrumb"},"inLanguage":"at-AT","potentialAction":[{"@type":"ReadAction","target":["https:\/\/www.idol.cz\/at\/produkt\/virivky\/ostatni-moznosti-virivky\/termokryt-virivky\/termokryt-virivky-barva-svetly-dub\/"]}]},{"@type":"ImageObject","inLanguage":"at-AT","@id":"https:\/\/www.idol.cz\/at\/produkt\/virivky\/ostatni-moznosti-virivky\/termokryt-virivky\/termokryt-virivky-barva-svetly-dub\/#primaryimage","url":"https:\/\/www.idol.cz\/wp-content\/uploads\/2020\/01\/idol-spas-barva-termokrytu-virivky-01.jpg","contentUrl":"https:\/\/www.idol.cz\/wp-content\/uploads\/2020\/01\/idol-spas-barva-termokrytu-virivky-01.jpg","width":960,"height":960,"caption":"Whirlpools Thermocover"},{"@type":"BreadcrumbList","@id":"https:\/\/www.idol.cz\/at\/produkt\/virivky\/ostatni-moznosti-virivky\/termokryt-virivky\/termokryt-virivky-barva-svetly-dub\/#breadcrumb","itemListElement":[{"@type":"ListItem","position":1,"name":"Dom\u016f","item":"https:\/\/www.idol.cz\/at\/"},{"@type":"ListItem","position":2,"name":"E-Shop","item":"https:\/\/www.idol.cz\/at\/e-shop\/"},{"@type":"ListItem","position":3,"name":"Whirlpool","item":"https:\/\/www.idol.cz\/at\/kategorie-produktu\/whirlpool-at\/"},{"@type":"ListItem","position":4,"name":"Weitere Whirlpool-Optionen","item":"https:\/\/www.idol.cz\/at\/kategorie-produktu\/whirlpool-at\/weitere-whirlpool-optionen-at\/"},{"@type":"ListItem","position":5,"name":"Termokryt v\u00ed\u0159ivky","item":"https:\/\/www.idol.cz\/kategorie-produktu\/virivky\/ostatni-moznosti-virivky\/termokryt-virivky\/"},{"@type":"ListItem","position":6,"name":"Termokryt v\u00ed\u0159ivky barva sv\u011btl\u00fd dub"}]},{"@type":"WebSite","@id":"https:\/\/www.idol.cz\/at\/#website","url":"https:\/\/www.idol.cz\/at\/","name":"v\u00ed\u0159ivky venkovn\u00ed, swim spa, baz\u00e9ny","description":"Luxusn\u00ed \u010desk\u00e9 v\u00ed\u0159ivky a swim spa","publisher":{"@id":"https:\/\/www.idol.cz\/at\/#organization"},"potentialAction":[{"@type":"SearchAction","target":{"@type":"EntryPoint","urlTemplate":"https:\/\/www.idol.cz\/at\/?s={search_term_string}"},"query-input":{"@type":"PropertyValueSpecification","valueRequired":true,"valueName":"search_term_string"}}],"inLanguage":"at-AT"},{"@type":"Organization","@id":"https:\/\/www.idol.cz\/at\/#organization","name":"IDOL SPAS, s.r.o.","url":"https:\/\/www.idol.cz\/at\/","logo":{"@type":"ImageObject","inLanguage":"at-AT","@id":"https:\/\/www.idol.cz\/at\/#\/schema\/logo\/image\/","url":"https:\/\/www.idol.cz\/wp-content\/uploads\/2020\/02\/idol-spas-logo.png","contentUrl":"https:\/\/www.idol.cz\/wp-content\/uploads\/2020\/02\/idol-spas-logo.png","width":512,"height":206,"caption":"IDOL SPAS, s.r.o."},"image":{"@id":"https:\/\/www.idol.cz\/at\/#\/schema\/logo\/image\/"},"sameAs":["https:\/\/www.facebook.com\/IdolSpas\/"]}]}},"_links":{"self":[{"href":"https:\/\/www.idol.cz\/at\/wp-json\/wp\/v2\/product\/7186"}],"collection":[{"href":"https:\/\/www.idol.cz\/at\/wp-json\/wp\/v2\/product"}],"about":[{"href":"https:\/\/www.idol.cz\/at\/wp-json\/wp\/v2\/types\/product"}],"wp:featuredmedia":[{"embeddable":true,"href":"https:\/\/www.idol.cz\/at\/wp-json\/wp\/v2\/media\/7188"}],"wp:attachment":[{"href":"https:\/\/www.idol.cz\/at\/wp-json\/wp\/v2\/media?parent=7186"}],"wp:term":[{"taxonomy":"product_cat","embeddable":true,"href":"https:\/\/www.idol.cz\/at\/wp-json\/wp\/v2\/product_cat?post=7186"},{"taxonomy":"product_tag","embeddable":true,"href":"https:\/\/www.idol.cz\/at\/wp-json\/wp\/v2\/product_tag?post=7186"}],"curies":[{"name":"wp","href":"https:\/\/api.w.org\/{rel}","templated":true}]}}