{"id":7261,"date":"2020-01-21T22:03:34","date_gmt":"2020-01-21T21:03:34","guid":{"rendered":"https:\/\/idol.cz\/?post_type=product&#038;p=7261"},"modified":"2021-02-20T13:33:10","modified_gmt":"2021-02-20T12:33:10","slug":"uv-c-lampa-dezinfekce-virivky-ultrafialovym-zarenim","status":"publish","type":"product","link":"https:\/\/www.idol.cz\/at\/produkt\/virivky\/ostatni-moznosti-virivky\/dezinfekce-vody\/uv-c-lampa-dezinfekce-virivky-ultrafialovym-zarenim\/","title":{"rendered":"UV-C lampa 7W"},"content":{"rendered":"<h2>UV-C lampa \u2013 dezinfekce v\u00ed\u0159ivky ultrafialov\u00fdm z\u00e1\u0159en\u00edm<\/h2>\n<p>Za\u0159\u00edzen\u00ed, kter\u00e9 na z\u00e1klad\u011b kr\u00e1tkovlnn\u00e9ho ultrafialov\u00e9ho sv\u011btla dezinfikuje vodu, kdy dok\u00e1\u017ee likvidovat jak viry, bakterie, tak i \u0159asy. Nevyu\u017e\u00edv\u00e1 se samostatn\u011b, ale v\u017edy se do vody p\u0159id\u00e1v\u00e1 je\u0161t\u011b sn\u00ed\u017een\u00e1 d\u00e1vka dezinfek\u010dn\u00edho prost\u0159edku, nap\u0159. chl\u00f3r, nebo peroxid vod\u00edku. Um\u00ed likvidovat v\u00e1zan\u00fd chlor, stejn\u011b jako ozon\u00e1tor. Jedn\u00e1 se o lep\u0161\u00ed variantu n\u00e1pomoci dezinfekce vody, oproti ozon\u00e1toru. U z\u00e1\u0159ivky UV-C lampy se postupn\u011b sni\u017euje jej\u00ed \u00fa\u010dinnost zhruba po dvou letech je t\u0159eba z\u00e1\u0159ivku vym\u011bnit i kdy\u017e z\u00e1\u0159ivka st\u00e1le sv\u00edt\u00ed. Modern\u00ed \u00fapravny baz\u00e9nov\u00e9 vody se ji\u017e bez UV-C lampy neobejdou a jsou instalov\u00e1ny ve v\u0161ech provozech, kde je v\u011bt\u0161\u00ed kontaminace vody zne\u010di\u0161t\u011bn\u00edm.<\/p>\n","protected":false},"excerpt":{"rendered":"<p>UV-C lampa \u2013 dezinfekce v\u00ed\u0159ivky ultrafialov\u00fdm z\u00e1\u0159en\u00edm Za\u0159\u00edzen\u00ed, kter\u00e9 na z\u00e1klad\u011b kr\u00e1tkovlnn\u00e9ho ultrafialov\u00e9ho sv\u011btla dezinfikuje vodu, kdy dok\u00e1\u017ee likvidovat jak viry, bakterie, tak i \u0159asy. Nevyu\u017e\u00edv\u00e1 se samostatn\u011b, ale v\u017edy se do vody p\u0159id\u00e1v\u00e1 je\u0161t\u011b sn\u00ed\u017een\u00e1 d\u00e1vka dezinfek\u010dn\u00edho prost\u0159edku, nap\u0159. chl\u00f3r, nebo peroxid vod\u00edku. Um\u00ed likvidovat v\u00e1zan\u00fd chlor, stejn\u011b jako ozon\u00e1tor. Jedn\u00e1 se o lep\u0161\u00ed [&hellip;]<\/p>\n","protected":false},"featured_media":7262,"template":"","meta":[],"product_cat":[54],"product_tag":[],"class_list":{"0":"post-7261","1":"product","2":"type-product","3":"status-publish","4":"has-post-thumbnail","6":"product_cat-dezinfekce-vody","8":"first","9":"instock","10":"taxable","11":"shipping-taxable","12":"purchasable","13":"product-type-simple"},"yoast_head":"<!-- This site is optimized with the Yoast SEO Premium plugin v24.9 (Yoast SEO v24.9) - https:\/\/yoast.com\/wordpress\/plugins\/seo\/ -->\n<title>UV-C lampa 7W | Whirlpools im Freien, Swim Spa, Schwimmb\u00e4der<\/title>\n<meta name=\"robots\" content=\"index, follow, max-snippet:-1, max-image-preview:large, max-video-preview:-1\" \/>\n<link rel=\"canonical\" href=\"https:\/\/www.idol.cz\/at\/produkt\/virivky\/ostatni-moznosti-virivky\/dezinfekce-vody\/uv-c-lampa-dezinfekce-virivky-ultrafialovym-zarenim\/\" \/>\n<meta property=\"og:locale\" content=\"en_US\" \/>\n<meta property=\"og:type\" content=\"article\" \/>\n<meta property=\"og:title\" content=\"UV-C lampa 7W\" \/>\n<meta property=\"og:description\" content=\"UV-C lampa \u2013 dezinfekce v\u00ed\u0159ivky ultrafialov\u00fdm z\u00e1\u0159en\u00edm Za\u0159\u00edzen\u00ed, kter\u00e9 na z\u00e1klad\u011b kr\u00e1tkovlnn\u00e9ho ultrafialov\u00e9ho sv\u011btla dezinfikuje vodu, kdy dok\u00e1\u017ee likvidovat jak viry, bakterie, tak i \u0159asy. Nevyu\u017e\u00edv\u00e1 se samostatn\u011b, ale v\u017edy se do vody p\u0159id\u00e1v\u00e1 je\u0161t\u011b sn\u00ed\u017een\u00e1 d\u00e1vka dezinfek\u010dn\u00edho prost\u0159edku, nap\u0159. chl\u00f3r, nebo peroxid vod\u00edku. Um\u00ed likvidovat v\u00e1zan\u00fd chlor, stejn\u011b jako ozon\u00e1tor. Jedn\u00e1 se o lep\u0161\u00ed [&hellip;]\" \/>\n<meta property=\"og:url\" content=\"https:\/\/www.idol.cz\/at\/produkt\/virivky\/ostatni-moznosti-virivky\/dezinfekce-vody\/uv-c-lampa-dezinfekce-virivky-ultrafialovym-zarenim\/\" \/>\n<meta property=\"og:site_name\" content=\"Whirlpools im Freien, Swim Spa, Schwimmb\u00e4der\" \/>\n<meta property=\"article:publisher\" content=\"https:\/\/www.facebook.com\/IdolSpas\/\" \/>\n<meta property=\"article:modified_time\" content=\"2021-02-20T12:33:10+00:00\" \/>\n<meta property=\"og:image\" content=\"https:\/\/www.idol.cz\/wp-content\/uploads\/2020\/01\/fullwidth-slp-uv.jpg\" \/>\n\t<meta property=\"og:image:width\" content=\"1240\" \/>\n\t<meta property=\"og:image:height\" content=\"880\" \/>\n\t<meta property=\"og:image:type\" content=\"image\/jpeg\" \/>\n<meta name=\"twitter:card\" content=\"summary_large_image\" \/>\n<meta name=\"twitter:label1\" content=\"Est. reading time\" \/>\n\t<meta name=\"twitter:data1\" content=\"1 minute\" \/>\n<script type=\"application\/ld+json\" class=\"yoast-schema-graph\">{\"@context\":\"https:\/\/schema.org\",\"@graph\":[{\"@type\":\"WebPage\",\"@id\":\"https:\/\/www.idol.cz\/at\/produkt\/virivky\/ostatni-moznosti-virivky\/dezinfekce-vody\/uv-c-lampa-dezinfekce-virivky-ultrafialovym-zarenim\/\",\"url\":\"https:\/\/www.idol.cz\/at\/produkt\/virivky\/ostatni-moznosti-virivky\/dezinfekce-vody\/uv-c-lampa-dezinfekce-virivky-ultrafialovym-zarenim\/\",\"name\":\"UV-C lampa 7W | Whirlpools im Freien, Swim Spa, Schwimmb\u00e4der\",\"isPartOf\":{\"@id\":\"https:\/\/www.idol.cz\/at\/#website\"},\"primaryImageOfPage\":{\"@id\":\"https:\/\/www.idol.cz\/at\/produkt\/virivky\/ostatni-moznosti-virivky\/dezinfekce-vody\/uv-c-lampa-dezinfekce-virivky-ultrafialovym-zarenim\/#primaryimage\"},\"image\":{\"@id\":\"https:\/\/www.idol.cz\/at\/produkt\/virivky\/ostatni-moznosti-virivky\/dezinfekce-vody\/uv-c-lampa-dezinfekce-virivky-ultrafialovym-zarenim\/#primaryimage\"},\"thumbnailUrl\":\"https:\/\/www.idol.cz\/wp-content\/uploads\/2020\/01\/fullwidth-slp-uv.jpg\",\"datePublished\":\"2020-01-21T21:03:34+00:00\",\"dateModified\":\"2021-02-20T12:33:10+00:00\",\"breadcrumb\":{\"@id\":\"https:\/\/www.idol.cz\/at\/produkt\/virivky\/ostatni-moznosti-virivky\/dezinfekce-vody\/uv-c-lampa-dezinfekce-virivky-ultrafialovym-zarenim\/#breadcrumb\"},\"inLanguage\":\"at-AT\",\"potentialAction\":[{\"@type\":\"ReadAction\",\"target\":[\"https:\/\/www.idol.cz\/at\/produkt\/virivky\/ostatni-moznosti-virivky\/dezinfekce-vody\/uv-c-lampa-dezinfekce-virivky-ultrafialovym-zarenim\/\"]}]},{\"@type\":\"ImageObject\",\"inLanguage\":\"at-AT\",\"@id\":\"https:\/\/www.idol.cz\/at\/produkt\/virivky\/ostatni-moznosti-virivky\/dezinfekce-vody\/uv-c-lampa-dezinfekce-virivky-ultrafialovym-zarenim\/#primaryimage\",\"url\":\"https:\/\/www.idol.cz\/wp-content\/uploads\/2020\/01\/fullwidth-slp-uv.jpg\",\"contentUrl\":\"https:\/\/www.idol.cz\/wp-content\/uploads\/2020\/01\/fullwidth-slp-uv.jpg\",\"width\":1240,\"height\":880,\"caption\":\"uv-lamp baz\u00e9ny swim spa v\u00ed\u0159ivky\"},{\"@type\":\"BreadcrumbList\",\"@id\":\"https:\/\/www.idol.cz\/at\/produkt\/virivky\/ostatni-moznosti-virivky\/dezinfekce-vody\/uv-c-lampa-dezinfekce-virivky-ultrafialovym-zarenim\/#breadcrumb\",\"itemListElement\":[{\"@type\":\"ListItem\",\"position\":1,\"name\":\"Dom\u016f\",\"item\":\"https:\/\/www.idol.cz\/at\/\"},{\"@type\":\"ListItem\",\"position\":2,\"name\":\"E-Shop\",\"item\":\"https:\/\/www.idol.cz\/at\/e-shop\/\"},{\"@type\":\"ListItem\",\"position\":3,\"name\":\"Wasserdesinfektion\",\"item\":\"https:\/\/www.idol.cz\/at\/kategorie-produktu\/whirlpool-at\/weitere-whirlpool-optionen-at\/wasserdesinfektion-at\/\"},{\"@type\":\"ListItem\",\"position\":4,\"name\":\"UV-C lampa 7W\"}]},{\"@type\":\"WebSite\",\"@id\":\"https:\/\/www.idol.cz\/at\/#website\",\"url\":\"https:\/\/www.idol.cz\/at\/\",\"name\":\"v\u00ed\u0159ivky venkovn\u00ed, swim spa, baz\u00e9ny\",\"description\":\"Luxusn\u00ed \u010desk\u00e9 v\u00ed\u0159ivky a swim spa\",\"publisher\":{\"@id\":\"https:\/\/www.idol.cz\/at\/#organization\"},\"potentialAction\":[{\"@type\":\"SearchAction\",\"target\":{\"@type\":\"EntryPoint\",\"urlTemplate\":\"https:\/\/www.idol.cz\/at\/?s={search_term_string}\"},\"query-input\":{\"@type\":\"PropertyValueSpecification\",\"valueRequired\":true,\"valueName\":\"search_term_string\"}}],\"inLanguage\":\"at-AT\"},{\"@type\":\"Organization\",\"@id\":\"https:\/\/www.idol.cz\/at\/#organization\",\"name\":\"IDOL SPAS, s.r.o.\",\"url\":\"https:\/\/www.idol.cz\/at\/\",\"logo\":{\"@type\":\"ImageObject\",\"inLanguage\":\"at-AT\",\"@id\":\"https:\/\/www.idol.cz\/at\/#\/schema\/logo\/image\/\",\"url\":\"https:\/\/www.idol.cz\/wp-content\/uploads\/2020\/02\/idol-spas-logo.png\",\"contentUrl\":\"https:\/\/www.idol.cz\/wp-content\/uploads\/2020\/02\/idol-spas-logo.png\",\"width\":512,\"height\":206,\"caption\":\"IDOL SPAS, s.r.o.\"},\"image\":{\"@id\":\"https:\/\/www.idol.cz\/at\/#\/schema\/logo\/image\/\"},\"sameAs\":[\"https:\/\/www.facebook.com\/IdolSpas\/\"]}]}<\/script>\n<!-- \/ Yoast SEO Premium plugin. -->","yoast_head_json":{"title":"UV-C lampa 7W | Whirlpools im Freien, Swim Spa, Schwimmb\u00e4der","robots":{"index":"index","follow":"follow","max-snippet":"max-snippet:-1","max-image-preview":"max-image-preview:large","max-video-preview":"max-video-preview:-1"},"canonical":"https:\/\/www.idol.cz\/at\/produkt\/virivky\/ostatni-moznosti-virivky\/dezinfekce-vody\/uv-c-lampa-dezinfekce-virivky-ultrafialovym-zarenim\/","og_locale":"en_US","og_type":"article","og_title":"UV-C lampa 7W","og_description":"UV-C lampa \u2013 dezinfekce v\u00ed\u0159ivky ultrafialov\u00fdm z\u00e1\u0159en\u00edm Za\u0159\u00edzen\u00ed, kter\u00e9 na z\u00e1klad\u011b kr\u00e1tkovlnn\u00e9ho ultrafialov\u00e9ho sv\u011btla dezinfikuje vodu, kdy dok\u00e1\u017ee likvidovat jak viry, bakterie, tak i \u0159asy. Nevyu\u017e\u00edv\u00e1 se samostatn\u011b, ale v\u017edy se do vody p\u0159id\u00e1v\u00e1 je\u0161t\u011b sn\u00ed\u017een\u00e1 d\u00e1vka dezinfek\u010dn\u00edho prost\u0159edku, nap\u0159. chl\u00f3r, nebo peroxid vod\u00edku. Um\u00ed likvidovat v\u00e1zan\u00fd chlor, stejn\u011b jako ozon\u00e1tor. Jedn\u00e1 se o lep\u0161\u00ed [&hellip;]","og_url":"https:\/\/www.idol.cz\/at\/produkt\/virivky\/ostatni-moznosti-virivky\/dezinfekce-vody\/uv-c-lampa-dezinfekce-virivky-ultrafialovym-zarenim\/","og_site_name":"Whirlpools im Freien, Swim Spa, Schwimmb\u00e4der","article_publisher":"https:\/\/www.facebook.com\/IdolSpas\/","article_modified_time":"2021-02-20T12:33:10+00:00","og_image":[{"width":1240,"height":880,"url":"https:\/\/www.idol.cz\/wp-content\/uploads\/2020\/01\/fullwidth-slp-uv.jpg","type":"image\/jpeg"}],"twitter_card":"summary_large_image","twitter_misc":{"Est. reading time":"1 minute"},"schema":{"@context":"https:\/\/schema.org","@graph":[{"@type":"WebPage","@id":"https:\/\/www.idol.cz\/at\/produkt\/virivky\/ostatni-moznosti-virivky\/dezinfekce-vody\/uv-c-lampa-dezinfekce-virivky-ultrafialovym-zarenim\/","url":"https:\/\/www.idol.cz\/at\/produkt\/virivky\/ostatni-moznosti-virivky\/dezinfekce-vody\/uv-c-lampa-dezinfekce-virivky-ultrafialovym-zarenim\/","name":"UV-C lampa 7W | Whirlpools im Freien, Swim Spa, Schwimmb\u00e4der","isPartOf":{"@id":"https:\/\/www.idol.cz\/at\/#website"},"primaryImageOfPage":{"@id":"https:\/\/www.idol.cz\/at\/produkt\/virivky\/ostatni-moznosti-virivky\/dezinfekce-vody\/uv-c-lampa-dezinfekce-virivky-ultrafialovym-zarenim\/#primaryimage"},"image":{"@id":"https:\/\/www.idol.cz\/at\/produkt\/virivky\/ostatni-moznosti-virivky\/dezinfekce-vody\/uv-c-lampa-dezinfekce-virivky-ultrafialovym-zarenim\/#primaryimage"},"thumbnailUrl":"https:\/\/www.idol.cz\/wp-content\/uploads\/2020\/01\/fullwidth-slp-uv.jpg","datePublished":"2020-01-21T21:03:34+00:00","dateModified":"2021-02-20T12:33:10+00:00","breadcrumb":{"@id":"https:\/\/www.idol.cz\/at\/produkt\/virivky\/ostatni-moznosti-virivky\/dezinfekce-vody\/uv-c-lampa-dezinfekce-virivky-ultrafialovym-zarenim\/#breadcrumb"},"inLanguage":"at-AT","potentialAction":[{"@type":"ReadAction","target":["https:\/\/www.idol.cz\/at\/produkt\/virivky\/ostatni-moznosti-virivky\/dezinfekce-vody\/uv-c-lampa-dezinfekce-virivky-ultrafialovym-zarenim\/"]}]},{"@type":"ImageObject","inLanguage":"at-AT","@id":"https:\/\/www.idol.cz\/at\/produkt\/virivky\/ostatni-moznosti-virivky\/dezinfekce-vody\/uv-c-lampa-dezinfekce-virivky-ultrafialovym-zarenim\/#primaryimage","url":"https:\/\/www.idol.cz\/wp-content\/uploads\/2020\/01\/fullwidth-slp-uv.jpg","contentUrl":"https:\/\/www.idol.cz\/wp-content\/uploads\/2020\/01\/fullwidth-slp-uv.jpg","width":1240,"height":880,"caption":"uv-lamp baz\u00e9ny swim spa v\u00ed\u0159ivky"},{"@type":"BreadcrumbList","@id":"https:\/\/www.idol.cz\/at\/produkt\/virivky\/ostatni-moznosti-virivky\/dezinfekce-vody\/uv-c-lampa-dezinfekce-virivky-ultrafialovym-zarenim\/#breadcrumb","itemListElement":[{"@type":"ListItem","position":1,"name":"Dom\u016f","item":"https:\/\/www.idol.cz\/at\/"},{"@type":"ListItem","position":2,"name":"E-Shop","item":"https:\/\/www.idol.cz\/at\/e-shop\/"},{"@type":"ListItem","position":3,"name":"Wasserdesinfektion","item":"https:\/\/www.idol.cz\/at\/kategorie-produktu\/whirlpool-at\/weitere-whirlpool-optionen-at\/wasserdesinfektion-at\/"},{"@type":"ListItem","position":4,"name":"UV-C lampa 7W"}]},{"@type":"WebSite","@id":"https:\/\/www.idol.cz\/at\/#website","url":"https:\/\/www.idol.cz\/at\/","name":"v\u00ed\u0159ivky venkovn\u00ed, swim spa, baz\u00e9ny","description":"Luxusn\u00ed \u010desk\u00e9 v\u00ed\u0159ivky a swim spa","publisher":{"@id":"https:\/\/www.idol.cz\/at\/#organization"},"potentialAction":[{"@type":"SearchAction","target":{"@type":"EntryPoint","urlTemplate":"https:\/\/www.idol.cz\/at\/?s={search_term_string}"},"query-input":{"@type":"PropertyValueSpecification","valueRequired":true,"valueName":"search_term_string"}}],"inLanguage":"at-AT"},{"@type":"Organization","@id":"https:\/\/www.idol.cz\/at\/#organization","name":"IDOL SPAS, s.r.o.","url":"https:\/\/www.idol.cz\/at\/","logo":{"@type":"ImageObject","inLanguage":"at-AT","@id":"https:\/\/www.idol.cz\/at\/#\/schema\/logo\/image\/","url":"https:\/\/www.idol.cz\/wp-content\/uploads\/2020\/02\/idol-spas-logo.png","contentUrl":"https:\/\/www.idol.cz\/wp-content\/uploads\/2020\/02\/idol-spas-logo.png","width":512,"height":206,"caption":"IDOL SPAS, s.r.o."},"image":{"@id":"https:\/\/www.idol.cz\/at\/#\/schema\/logo\/image\/"},"sameAs":["https:\/\/www.facebook.com\/IdolSpas\/"]}]}},"_links":{"self":[{"href":"https:\/\/www.idol.cz\/at\/wp-json\/wp\/v2\/product\/7261"}],"collection":[{"href":"https:\/\/www.idol.cz\/at\/wp-json\/wp\/v2\/product"}],"about":[{"href":"https:\/\/www.idol.cz\/at\/wp-json\/wp\/v2\/types\/product"}],"wp:featuredmedia":[{"embeddable":true,"href":"https:\/\/www.idol.cz\/at\/wp-json\/wp\/v2\/media\/7262"}],"wp:attachment":[{"href":"https:\/\/www.idol.cz\/at\/wp-json\/wp\/v2\/media?parent=7261"}],"wp:term":[{"taxonomy":"product_cat","embeddable":true,"href":"https:\/\/www.idol.cz\/at\/wp-json\/wp\/v2\/product_cat?post=7261"},{"taxonomy":"product_tag","embeddable":true,"href":"https:\/\/www.idol.cz\/at\/wp-json\/wp\/v2\/product_tag?post=7261"}],"curies":[{"name":"wp","href":"https:\/\/api.w.org\/{rel}","templated":true}]}}