{"id":7939,"date":"2020-02-12T22:01:40","date_gmt":"2020-02-12T21:01:40","guid":{"rendered":"https:\/\/idol.cz\/?post_type=product&#038;p=7939"},"modified":"2022-11-07T17:06:58","modified_gmt":"2022-11-07T16:06:58","slug":"ovladani-virivky-mobilnim-telefonem","status":"publish","type":"product","link":"https:\/\/www.idol.cz\/at\/produkt\/virivky\/ostatni-moznosti-virivky\/ovladani-virivky-mobilnim-telefonem\/","title":{"rendered":"Ovl\u00e1d\u00e1n\u00ed v\u00ed\u0159ivky mobiln\u00edm telefonem"},"content":{"rendered":"<p>Ovl\u00e1d\u00e1n\u00ed v\u00ed\u0159ivky mobiln\u00edm telefonem<\/p>\n","protected":false},"excerpt":{"rendered":"<p>Ovl\u00e1d\u00e1n\u00ed v\u00ed\u0159ivky mobiln\u00edm telefonem<\/p>\n","protected":false},"featured_media":7940,"template":"","meta":[],"product_cat":[66],"product_tag":[],"class_list":{"0":"post-7939","1":"product","2":"type-product","3":"status-publish","4":"has-post-thumbnail","6":"product_cat-ostatni-moznosti-virivky","8":"first","9":"instock","10":"taxable","11":"shipping-taxable","12":"purchasable","13":"product-type-simple"},"yoast_head":"<!-- This site is optimized with the Yoast SEO Premium plugin v24.9 (Yoast SEO v24.9) - https:\/\/yoast.com\/wordpress\/plugins\/seo\/ -->\n<title>Ovl\u00e1d\u00e1n\u00ed v\u00ed\u0159ivky mobiln\u00edm telefonem<\/title>\n<meta name=\"robots\" content=\"index, follow, max-snippet:-1, max-image-preview:large, max-video-preview:-1\" \/>\n<link rel=\"canonical\" href=\"https:\/\/www.idol.cz\/at\/produkt\/virivky\/ostatni-moznosti-virivky\/ovladani-virivky-mobilnim-telefonem\/\" \/>\n<meta property=\"og:locale\" content=\"en_US\" \/>\n<meta property=\"og:type\" content=\"article\" \/>\n<meta property=\"og:title\" content=\"Ovl\u00e1d\u00e1n\u00ed v\u00ed\u0159ivky mobiln\u00edm telefonem\" \/>\n<meta property=\"og:description\" content=\"Ovl\u00e1d\u00e1n\u00ed v\u00ed\u0159ivky mobiln\u00edm telefonem\" \/>\n<meta property=\"og:url\" content=\"https:\/\/www.idol.cz\/at\/produkt\/virivky\/ostatni-moznosti-virivky\/ovladani-virivky-mobilnim-telefonem\/\" \/>\n<meta property=\"og:site_name\" content=\"Whirlpools im Freien, Swim Spa, Schwimmb\u00e4der\" \/>\n<meta property=\"article:publisher\" content=\"https:\/\/www.facebook.com\/IdolSpas\/\" \/>\n<meta property=\"article:modified_time\" content=\"2022-11-07T16:06:58+00:00\" \/>\n<meta property=\"og:image\" content=\"https:\/\/www.idol.cz\/wp-content\/uploads\/2020\/02\/inTouch_select_spa.jpg\" \/>\n\t<meta property=\"og:image:width\" content=\"1500\" \/>\n\t<meta property=\"og:image:height\" content=\"1021\" \/>\n\t<meta property=\"og:image:type\" content=\"image\/jpeg\" \/>\n<meta name=\"twitter:card\" content=\"summary_large_image\" \/>\n<script type=\"application\/ld+json\" class=\"yoast-schema-graph\">{\"@context\":\"https:\/\/schema.org\",\"@graph\":[{\"@type\":\"WebPage\",\"@id\":\"https:\/\/www.idol.cz\/at\/produkt\/virivky\/ostatni-moznosti-virivky\/ovladani-virivky-mobilnim-telefonem\/\",\"url\":\"https:\/\/www.idol.cz\/at\/produkt\/virivky\/ostatni-moznosti-virivky\/ovladani-virivky-mobilnim-telefonem\/\",\"name\":\"Ovl\u00e1d\u00e1n\u00ed v\u00ed\u0159ivky mobiln\u00edm telefonem\",\"isPartOf\":{\"@id\":\"https:\/\/www.idol.cz\/at\/#website\"},\"primaryImageOfPage\":{\"@id\":\"https:\/\/www.idol.cz\/at\/produkt\/virivky\/ostatni-moznosti-virivky\/ovladani-virivky-mobilnim-telefonem\/#primaryimage\"},\"image\":{\"@id\":\"https:\/\/www.idol.cz\/at\/produkt\/virivky\/ostatni-moznosti-virivky\/ovladani-virivky-mobilnim-telefonem\/#primaryimage\"},\"thumbnailUrl\":\"https:\/\/www.idol.cz\/wp-content\/uploads\/2020\/02\/inTouch_select_spa.jpg\",\"datePublished\":\"2020-02-12T21:01:40+00:00\",\"dateModified\":\"2022-11-07T16:06:58+00:00\",\"breadcrumb\":{\"@id\":\"https:\/\/www.idol.cz\/at\/produkt\/virivky\/ostatni-moznosti-virivky\/ovladani-virivky-mobilnim-telefonem\/#breadcrumb\"},\"inLanguage\":\"at-AT\",\"potentialAction\":[{\"@type\":\"ReadAction\",\"target\":[\"https:\/\/www.idol.cz\/at\/produkt\/virivky\/ostatni-moznosti-virivky\/ovladani-virivky-mobilnim-telefonem\/\"]}]},{\"@type\":\"ImageObject\",\"inLanguage\":\"at-AT\",\"@id\":\"https:\/\/www.idol.cz\/at\/produkt\/virivky\/ostatni-moznosti-virivky\/ovladani-virivky-mobilnim-telefonem\/#primaryimage\",\"url\":\"https:\/\/www.idol.cz\/wp-content\/uploads\/2020\/02\/inTouch_select_spa.jpg\",\"contentUrl\":\"https:\/\/www.idol.cz\/wp-content\/uploads\/2020\/02\/inTouch_select_spa.jpg\",\"width\":1500,\"height\":1021,\"caption\":\"ovl\u00e1d\u00e1n\u00ed v\u00ed\u0159ivky mobiln\u00edm telefonem\"},{\"@type\":\"BreadcrumbList\",\"@id\":\"https:\/\/www.idol.cz\/at\/produkt\/virivky\/ostatni-moznosti-virivky\/ovladani-virivky-mobilnim-telefonem\/#breadcrumb\",\"itemListElement\":[{\"@type\":\"ListItem\",\"position\":1,\"name\":\"Dom\u016f\",\"item\":\"https:\/\/www.idol.cz\/at\/\"},{\"@type\":\"ListItem\",\"position\":2,\"name\":\"E-Shop\",\"item\":\"https:\/\/www.idol.cz\/at\/e-shop\/\"},{\"@type\":\"ListItem\",\"position\":3,\"name\":\"Weitere Whirlpool-Optionen\",\"item\":\"https:\/\/www.idol.cz\/at\/kategorie-produktu\/whirlpool-at\/weitere-whirlpool-optionen-at\/\"},{\"@type\":\"ListItem\",\"position\":4,\"name\":\"Ovl\u00e1d\u00e1n\u00ed v\u00ed\u0159ivky mobiln\u00edm telefonem\"}]},{\"@type\":\"WebSite\",\"@id\":\"https:\/\/www.idol.cz\/at\/#website\",\"url\":\"https:\/\/www.idol.cz\/at\/\",\"name\":\"v\u00ed\u0159ivky venkovn\u00ed, swim spa, baz\u00e9ny\",\"description\":\"Luxusn\u00ed \u010desk\u00e9 v\u00ed\u0159ivky a swim spa\",\"publisher\":{\"@id\":\"https:\/\/www.idol.cz\/at\/#organization\"},\"potentialAction\":[{\"@type\":\"SearchAction\",\"target\":{\"@type\":\"EntryPoint\",\"urlTemplate\":\"https:\/\/www.idol.cz\/at\/?s={search_term_string}\"},\"query-input\":{\"@type\":\"PropertyValueSpecification\",\"valueRequired\":true,\"valueName\":\"search_term_string\"}}],\"inLanguage\":\"at-AT\"},{\"@type\":\"Organization\",\"@id\":\"https:\/\/www.idol.cz\/at\/#organization\",\"name\":\"IDOL SPAS, s.r.o.\",\"url\":\"https:\/\/www.idol.cz\/at\/\",\"logo\":{\"@type\":\"ImageObject\",\"inLanguage\":\"at-AT\",\"@id\":\"https:\/\/www.idol.cz\/at\/#\/schema\/logo\/image\/\",\"url\":\"https:\/\/www.idol.cz\/wp-content\/uploads\/2020\/02\/idol-spas-logo.png\",\"contentUrl\":\"https:\/\/www.idol.cz\/wp-content\/uploads\/2020\/02\/idol-spas-logo.png\",\"width\":512,\"height\":206,\"caption\":\"IDOL SPAS, s.r.o.\"},\"image\":{\"@id\":\"https:\/\/www.idol.cz\/at\/#\/schema\/logo\/image\/\"},\"sameAs\":[\"https:\/\/www.facebook.com\/IdolSpas\/\"]}]}<\/script>\n<!-- \/ Yoast SEO Premium plugin. -->","yoast_head_json":{"title":"Ovl\u00e1d\u00e1n\u00ed v\u00ed\u0159ivky mobiln\u00edm telefonem","robots":{"index":"index","follow":"follow","max-snippet":"max-snippet:-1","max-image-preview":"max-image-preview:large","max-video-preview":"max-video-preview:-1"},"canonical":"https:\/\/www.idol.cz\/at\/produkt\/virivky\/ostatni-moznosti-virivky\/ovladani-virivky-mobilnim-telefonem\/","og_locale":"en_US","og_type":"article","og_title":"Ovl\u00e1d\u00e1n\u00ed v\u00ed\u0159ivky mobiln\u00edm telefonem","og_description":"Ovl\u00e1d\u00e1n\u00ed v\u00ed\u0159ivky mobiln\u00edm telefonem","og_url":"https:\/\/www.idol.cz\/at\/produkt\/virivky\/ostatni-moznosti-virivky\/ovladani-virivky-mobilnim-telefonem\/","og_site_name":"Whirlpools im Freien, Swim Spa, Schwimmb\u00e4der","article_publisher":"https:\/\/www.facebook.com\/IdolSpas\/","article_modified_time":"2022-11-07T16:06:58+00:00","og_image":[{"width":1500,"height":1021,"url":"https:\/\/www.idol.cz\/wp-content\/uploads\/2020\/02\/inTouch_select_spa.jpg","type":"image\/jpeg"}],"twitter_card":"summary_large_image","schema":{"@context":"https:\/\/schema.org","@graph":[{"@type":"WebPage","@id":"https:\/\/www.idol.cz\/at\/produkt\/virivky\/ostatni-moznosti-virivky\/ovladani-virivky-mobilnim-telefonem\/","url":"https:\/\/www.idol.cz\/at\/produkt\/virivky\/ostatni-moznosti-virivky\/ovladani-virivky-mobilnim-telefonem\/","name":"Ovl\u00e1d\u00e1n\u00ed v\u00ed\u0159ivky mobiln\u00edm telefonem","isPartOf":{"@id":"https:\/\/www.idol.cz\/at\/#website"},"primaryImageOfPage":{"@id":"https:\/\/www.idol.cz\/at\/produkt\/virivky\/ostatni-moznosti-virivky\/ovladani-virivky-mobilnim-telefonem\/#primaryimage"},"image":{"@id":"https:\/\/www.idol.cz\/at\/produkt\/virivky\/ostatni-moznosti-virivky\/ovladani-virivky-mobilnim-telefonem\/#primaryimage"},"thumbnailUrl":"https:\/\/www.idol.cz\/wp-content\/uploads\/2020\/02\/inTouch_select_spa.jpg","datePublished":"2020-02-12T21:01:40+00:00","dateModified":"2022-11-07T16:06:58+00:00","breadcrumb":{"@id":"https:\/\/www.idol.cz\/at\/produkt\/virivky\/ostatni-moznosti-virivky\/ovladani-virivky-mobilnim-telefonem\/#breadcrumb"},"inLanguage":"at-AT","potentialAction":[{"@type":"ReadAction","target":["https:\/\/www.idol.cz\/at\/produkt\/virivky\/ostatni-moznosti-virivky\/ovladani-virivky-mobilnim-telefonem\/"]}]},{"@type":"ImageObject","inLanguage":"at-AT","@id":"https:\/\/www.idol.cz\/at\/produkt\/virivky\/ostatni-moznosti-virivky\/ovladani-virivky-mobilnim-telefonem\/#primaryimage","url":"https:\/\/www.idol.cz\/wp-content\/uploads\/2020\/02\/inTouch_select_spa.jpg","contentUrl":"https:\/\/www.idol.cz\/wp-content\/uploads\/2020\/02\/inTouch_select_spa.jpg","width":1500,"height":1021,"caption":"ovl\u00e1d\u00e1n\u00ed v\u00ed\u0159ivky mobiln\u00edm telefonem"},{"@type":"BreadcrumbList","@id":"https:\/\/www.idol.cz\/at\/produkt\/virivky\/ostatni-moznosti-virivky\/ovladani-virivky-mobilnim-telefonem\/#breadcrumb","itemListElement":[{"@type":"ListItem","position":1,"name":"Dom\u016f","item":"https:\/\/www.idol.cz\/at\/"},{"@type":"ListItem","position":2,"name":"E-Shop","item":"https:\/\/www.idol.cz\/at\/e-shop\/"},{"@type":"ListItem","position":3,"name":"Weitere Whirlpool-Optionen","item":"https:\/\/www.idol.cz\/at\/kategorie-produktu\/whirlpool-at\/weitere-whirlpool-optionen-at\/"},{"@type":"ListItem","position":4,"name":"Ovl\u00e1d\u00e1n\u00ed v\u00ed\u0159ivky mobiln\u00edm telefonem"}]},{"@type":"WebSite","@id":"https:\/\/www.idol.cz\/at\/#website","url":"https:\/\/www.idol.cz\/at\/","name":"v\u00ed\u0159ivky venkovn\u00ed, swim spa, baz\u00e9ny","description":"Luxusn\u00ed \u010desk\u00e9 v\u00ed\u0159ivky a swim spa","publisher":{"@id":"https:\/\/www.idol.cz\/at\/#organization"},"potentialAction":[{"@type":"SearchAction","target":{"@type":"EntryPoint","urlTemplate":"https:\/\/www.idol.cz\/at\/?s={search_term_string}"},"query-input":{"@type":"PropertyValueSpecification","valueRequired":true,"valueName":"search_term_string"}}],"inLanguage":"at-AT"},{"@type":"Organization","@id":"https:\/\/www.idol.cz\/at\/#organization","name":"IDOL SPAS, s.r.o.","url":"https:\/\/www.idol.cz\/at\/","logo":{"@type":"ImageObject","inLanguage":"at-AT","@id":"https:\/\/www.idol.cz\/at\/#\/schema\/logo\/image\/","url":"https:\/\/www.idol.cz\/wp-content\/uploads\/2020\/02\/idol-spas-logo.png","contentUrl":"https:\/\/www.idol.cz\/wp-content\/uploads\/2020\/02\/idol-spas-logo.png","width":512,"height":206,"caption":"IDOL SPAS, s.r.o."},"image":{"@id":"https:\/\/www.idol.cz\/at\/#\/schema\/logo\/image\/"},"sameAs":["https:\/\/www.facebook.com\/IdolSpas\/"]}]}},"_links":{"self":[{"href":"https:\/\/www.idol.cz\/at\/wp-json\/wp\/v2\/product\/7939"}],"collection":[{"href":"https:\/\/www.idol.cz\/at\/wp-json\/wp\/v2\/product"}],"about":[{"href":"https:\/\/www.idol.cz\/at\/wp-json\/wp\/v2\/types\/product"}],"wp:featuredmedia":[{"embeddable":true,"href":"https:\/\/www.idol.cz\/at\/wp-json\/wp\/v2\/media\/7940"}],"wp:attachment":[{"href":"https:\/\/www.idol.cz\/at\/wp-json\/wp\/v2\/media?parent=7939"}],"wp:term":[{"taxonomy":"product_cat","embeddable":true,"href":"https:\/\/www.idol.cz\/at\/wp-json\/wp\/v2\/product_cat?post=7939"},{"taxonomy":"product_tag","embeddable":true,"href":"https:\/\/www.idol.cz\/at\/wp-json\/wp\/v2\/product_tag?post=7939"}],"curies":[{"name":"wp","href":"https:\/\/api.w.org\/{rel}","templated":true}]}}