{"id":7969,"date":"2020-02-21T12:20:04","date_gmt":"2020-02-21T11:20:04","guid":{"rendered":"https:\/\/idol.cz\/?post_type=product&#038;p=7969"},"modified":"2023-03-13T12:57:14","modified_gmt":"2023-03-13T11:57:14","slug":"aseko-aqua-doze","status":"publish","type":"product","link":"https:\/\/www.idol.cz\/at\/produkt\/virivky\/ostatni-moznosti-virivky\/dezinfekce-vody\/aseko-aqua-doze\/","title":{"rendered":"Aseko Aqua Doze"},"content":{"rendered":"\t\t<div data-elementor-type=\"product-post\" data-elementor-id=\"7969\" class=\"elementor elementor-7969\" data-elementor-post-type=\"product\">\n\t\t\t\t\t\t<section class=\"ob-is-breaking-bad elementor-section elementor-top-section elementor-element elementor-element-1edb64e3 elementor-section-boxed elementor-section-height-default elementor-section-height-default\" data-id=\"1edb64e3\" data-element_type=\"section\" data-settings=\"{&quot;_ob_bbad_use_it&quot;:&quot;yes&quot;,&quot;_ob_bbad_sssic_use&quot;:&quot;no&quot;}\">\n\t\t\t\t\t\t<div class=\"elementor-container elementor-column-gap-default\">\n\t\t\t\t\t<div class=\"elementor-column elementor-col-100 elementor-top-column elementor-element elementor-element-69b32a9b\" data-id=\"69b32a9b\" data-element_type=\"column\" data-settings=\"{&quot;_ob_bbad_is_stalker&quot;:&quot;no&quot;,&quot;_ob_teleporter_use&quot;:false}\">\n\t\t\t<div class=\"elementor-widget-wrap elementor-element-populated\">\n\t\t\t\t\t\t<div class=\"elementor-element elementor-element-d997058 ob-harakiri-inherit elementor-widget elementor-widget-text-editor\" data-id=\"d997058\" data-element_type=\"widget\" data-settings=\"{&quot;_ob_use_harakiri&quot;:&quot;yes&quot;,&quot;_ob_harakiri_writing_mode&quot;:&quot;inherit&quot;,&quot;_ob_widget_stalker_use&quot;:&quot;no&quot;}\" data-widget_type=\"text-editor.default\">\n\t\t\t\t\t\t\t\t\t<div class=\"kramek\">\n<div class=\"telo\">\n<div class=\"pravystred\">\n<div class=\"stred\">\n<div class=\"zbozidetail\">\n<div class=\"zboziinformace\">\n<div id=\"info1\" class=\"popis\">\n<div id=\"editpopis\">\n\nASIN Aqua Dose automaticky reguluje pH a plynule d\u00e1vkuje zvolen\u00e9 mno\u017estv\u00ed kysl\u00edkov\u00e9 dezinfekce.\n\n<\/div>\n<\/div>\n<\/div>\n<\/div>\n<\/div>\n<\/div>\n<\/div>\n<\/div>\t\t\t\t\t\t\t\t<\/div>\n\t\t\t\t\t<\/div>\n\t\t<\/div>\n\t\t\t\t\t<\/div>\n\t\t<\/section>\n\t\t\t\t<section class=\"ob-is-breaking-bad elementor-section elementor-top-section elementor-element elementor-element-c60c42f elementor-section-boxed elementor-section-height-default elementor-section-height-default\" data-id=\"c60c42f\" data-element_type=\"section\" data-settings=\"{&quot;_ob_bbad_use_it&quot;:&quot;yes&quot;,&quot;_ob_bbad_sssic_use&quot;:&quot;no&quot;}\">\n\t\t\t\t\t\t<div class=\"elementor-container elementor-column-gap-default\">\n\t\t\t\t\t<div class=\"elementor-column elementor-col-100 elementor-top-column elementor-element elementor-element-237eda8\" data-id=\"237eda8\" data-element_type=\"column\" data-settings=\"{&quot;_ob_bbad_is_stalker&quot;:&quot;no&quot;,&quot;_ob_teleporter_use&quot;:false}\">\n\t\t\t<div class=\"elementor-widget-wrap elementor-element-populated\">\n\t\t\t\t\t\t<div class=\"elementor-element elementor-element-55c31b6 ob-harakiri-inherit elementor-widget elementor-widget-text-editor\" data-id=\"55c31b6\" data-element_type=\"widget\" data-settings=\"{&quot;_ob_use_harakiri&quot;:&quot;yes&quot;,&quot;_ob_harakiri_writing_mode&quot;:&quot;inherit&quot;,&quot;_ob_widget_stalker_use&quot;:&quot;no&quot;}\" data-widget_type=\"text-editor.default\">\n\t\t\t\t\t\t\t\t\t<p>zk<\/p>\t\t\t\t\t\t\t\t<\/div>\n\t\t\t\t\t<\/div>\n\t\t<\/div>\n\t\t\t\t\t<\/div>\n\t\t<\/section>\n\t\t\t\t<\/div>\n\t\t","protected":false},"excerpt":{"rendered":"<p>ASIN AQUA Dose automaticky reguluje pH a plynule d\u00e1vkuje zvolen\u00e9 mno\u017estv\u00ed kysl\u00edkov\u00e9 dezinfekce. pH v baz\u00e9nu je automaticky udr\u017eov\u00e1no na po\u017eadovan\u00e9 hodnot\u011b. M\u011b\u0159en\u00ed pH prob\u00edh\u00e1 pomoc\u00ed pH sondy. Dezinfekce je d\u00e1vkov\u00e1na \u010dasov\u011b, podle nastaven\u00ed chodu filtrace. Jedn\u00e1 se jednoduch\u00fd zp\u016fsob d\u00e1vkov\u00e1n\u00ed chemie, kdy si automatika za V\u00e1s hl\u00edd\u00e1 hladu pH a kysl\u00edkov\u00e9 dezinfekce ve v\u00ed\u0159ivce [&hellip;]<\/p>\n","protected":false},"featured_media":7970,"template":"","meta":[],"product_cat":[54],"product_tag":[],"class_list":{"0":"post-7969","1":"product","2":"type-product","3":"status-publish","4":"has-post-thumbnail","6":"product_cat-dezinfekce-vody","8":"first","9":"instock","10":"taxable","11":"shipping-taxable","12":"purchasable","13":"product-type-simple"},"yoast_head":"<!-- This site is optimized with the Yoast SEO Premium plugin v24.9 (Yoast SEO v24.9) - https:\/\/yoast.com\/wordpress\/plugins\/seo\/ -->\n<title>Aseko Aqua Doze | Whirlpools im Freien, Swim Spa, Schwimmb\u00e4der<\/title>\n<meta name=\"description\" content=\"ASIN AQUA Dose automaticky reguluje pH a plynule d\u00e1vkuje zvolen\u00e9 mno\u017estv\u00ed kysl\u00edkov\u00e9 dezinfekce. pH v baz\u00e9nu je automaticky udr\u017eov\u00e1no na po\u017eadovan\u00e9 hodnot\u011b. M\u011b\u0159en\u00ed pH prob\u00edh\u00e1 pomoc\u00ed pH sondy. Dezinfekce je d\u00e1vkov\u00e1na \u010dasov\u011b, podle nastaven\u00ed chodu filtrace.\" \/>\n<meta name=\"robots\" content=\"index, follow, max-snippet:-1, max-image-preview:large, max-video-preview:-1\" \/>\n<link rel=\"canonical\" href=\"https:\/\/www.idol.cz\/at\/produkt\/virivky\/ostatni-moznosti-virivky\/dezinfekce-vody\/aseko-aqua-doze\/\" \/>\n<meta property=\"og:locale\" content=\"en_US\" \/>\n<meta property=\"og:type\" content=\"article\" \/>\n<meta property=\"og:title\" content=\"Aseko Aqua Doze\" \/>\n<meta property=\"og:description\" content=\"ASIN AQUA Dose automaticky reguluje pH a plynule d\u00e1vkuje zvolen\u00e9 mno\u017estv\u00ed kysl\u00edkov\u00e9 dezinfekce. pH v baz\u00e9nu je automaticky udr\u017eov\u00e1no na po\u017eadovan\u00e9 hodnot\u011b. M\u011b\u0159en\u00ed pH prob\u00edh\u00e1 pomoc\u00ed pH sondy. Dezinfekce je d\u00e1vkov\u00e1na \u010dasov\u011b, podle nastaven\u00ed chodu filtrace.\" \/>\n<meta property=\"og:url\" content=\"https:\/\/www.idol.cz\/at\/produkt\/virivky\/ostatni-moznosti-virivky\/dezinfekce-vody\/aseko-aqua-doze\/\" \/>\n<meta property=\"og:site_name\" content=\"Whirlpools im Freien, Swim Spa, Schwimmb\u00e4der\" \/>\n<meta property=\"article:publisher\" content=\"https:\/\/www.facebook.com\/IdolSpas\/\" \/>\n<meta property=\"article:modified_time\" content=\"2023-03-13T11:57:14+00:00\" \/>\n<meta property=\"og:image\" content=\"https:\/\/www.idol.cz\/wp-content\/uploads\/2020\/02\/asin-aqua-dose.jpg\" \/>\n\t<meta property=\"og:image:width\" content=\"800\" \/>\n\t<meta property=\"og:image:height\" content=\"800\" \/>\n\t<meta property=\"og:image:type\" content=\"image\/jpeg\" \/>\n<meta name=\"twitter:card\" content=\"summary_large_image\" \/>\n<meta name=\"twitter:label1\" content=\"Est. reading time\" \/>\n\t<meta name=\"twitter:data1\" content=\"1 minute\" \/>\n<script type=\"application\/ld+json\" class=\"yoast-schema-graph\">{\"@context\":\"https:\/\/schema.org\",\"@graph\":[{\"@type\":\"WebPage\",\"@id\":\"https:\/\/www.idol.cz\/at\/produkt\/virivky\/ostatni-moznosti-virivky\/dezinfekce-vody\/aseko-aqua-doze\/\",\"url\":\"https:\/\/www.idol.cz\/at\/produkt\/virivky\/ostatni-moznosti-virivky\/dezinfekce-vody\/aseko-aqua-doze\/\",\"name\":\"Aseko Aqua Doze | Whirlpools im Freien, Swim Spa, Schwimmb\u00e4der\",\"isPartOf\":{\"@id\":\"https:\/\/www.idol.cz\/at\/#website\"},\"primaryImageOfPage\":{\"@id\":\"https:\/\/www.idol.cz\/at\/produkt\/virivky\/ostatni-moznosti-virivky\/dezinfekce-vody\/aseko-aqua-doze\/#primaryimage\"},\"image\":{\"@id\":\"https:\/\/www.idol.cz\/at\/produkt\/virivky\/ostatni-moznosti-virivky\/dezinfekce-vody\/aseko-aqua-doze\/#primaryimage\"},\"thumbnailUrl\":\"https:\/\/www.idol.cz\/wp-content\/uploads\/2020\/02\/asin-aqua-dose.jpg\",\"datePublished\":\"2020-02-21T11:20:04+00:00\",\"dateModified\":\"2023-03-13T11:57:14+00:00\",\"description\":\"ASIN AQUA Dose automaticky reguluje pH a plynule d\u00e1vkuje zvolen\u00e9 mno\u017estv\u00ed kysl\u00edkov\u00e9 dezinfekce. pH v baz\u00e9nu je automaticky udr\u017eov\u00e1no na po\u017eadovan\u00e9 hodnot\u011b. M\u011b\u0159en\u00ed pH prob\u00edh\u00e1 pomoc\u00ed pH sondy. Dezinfekce je d\u00e1vkov\u00e1na \u010dasov\u011b, podle nastaven\u00ed chodu filtrace.\",\"breadcrumb\":{\"@id\":\"https:\/\/www.idol.cz\/at\/produkt\/virivky\/ostatni-moznosti-virivky\/dezinfekce-vody\/aseko-aqua-doze\/#breadcrumb\"},\"inLanguage\":\"at-AT\",\"potentialAction\":[{\"@type\":\"ReadAction\",\"target\":[\"https:\/\/www.idol.cz\/at\/produkt\/virivky\/ostatni-moznosti-virivky\/dezinfekce-vody\/aseko-aqua-doze\/\"]}]},{\"@type\":\"ImageObject\",\"inLanguage\":\"at-AT\",\"@id\":\"https:\/\/www.idol.cz\/at\/produkt\/virivky\/ostatni-moznosti-virivky\/dezinfekce-vody\/aseko-aqua-doze\/#primaryimage\",\"url\":\"https:\/\/www.idol.cz\/wp-content\/uploads\/2020\/02\/asin-aqua-dose.jpg\",\"contentUrl\":\"https:\/\/www.idol.cz\/wp-content\/uploads\/2020\/02\/asin-aqua-dose.jpg\",\"width\":800,\"height\":800,\"caption\":\"automatika virivky aqua dose\"},{\"@type\":\"BreadcrumbList\",\"@id\":\"https:\/\/www.idol.cz\/at\/produkt\/virivky\/ostatni-moznosti-virivky\/dezinfekce-vody\/aseko-aqua-doze\/#breadcrumb\",\"itemListElement\":[{\"@type\":\"ListItem\",\"position\":1,\"name\":\"Dom\u016f\",\"item\":\"https:\/\/www.idol.cz\/at\/\"},{\"@type\":\"ListItem\",\"position\":2,\"name\":\"E-Shop\",\"item\":\"https:\/\/www.idol.cz\/at\/e-shop\/\"},{\"@type\":\"ListItem\",\"position\":3,\"name\":\"Wasserdesinfektion\",\"item\":\"https:\/\/www.idol.cz\/at\/kategorie-produktu\/whirlpool-at\/weitere-whirlpool-optionen-at\/wasserdesinfektion-at\/\"},{\"@type\":\"ListItem\",\"position\":4,\"name\":\"Aseko Aqua Doze\"}]},{\"@type\":\"WebSite\",\"@id\":\"https:\/\/www.idol.cz\/at\/#website\",\"url\":\"https:\/\/www.idol.cz\/at\/\",\"name\":\"v\u00ed\u0159ivky venkovn\u00ed, swim spa, baz\u00e9ny\",\"description\":\"Luxusn\u00ed \u010desk\u00e9 v\u00ed\u0159ivky a swim spa\",\"publisher\":{\"@id\":\"https:\/\/www.idol.cz\/at\/#organization\"},\"potentialAction\":[{\"@type\":\"SearchAction\",\"target\":{\"@type\":\"EntryPoint\",\"urlTemplate\":\"https:\/\/www.idol.cz\/at\/?s={search_term_string}\"},\"query-input\":{\"@type\":\"PropertyValueSpecification\",\"valueRequired\":true,\"valueName\":\"search_term_string\"}}],\"inLanguage\":\"at-AT\"},{\"@type\":\"Organization\",\"@id\":\"https:\/\/www.idol.cz\/at\/#organization\",\"name\":\"IDOL SPAS, s.r.o.\",\"url\":\"https:\/\/www.idol.cz\/at\/\",\"logo\":{\"@type\":\"ImageObject\",\"inLanguage\":\"at-AT\",\"@id\":\"https:\/\/www.idol.cz\/at\/#\/schema\/logo\/image\/\",\"url\":\"https:\/\/www.idol.cz\/wp-content\/uploads\/2020\/02\/idol-spas-logo.png\",\"contentUrl\":\"https:\/\/www.idol.cz\/wp-content\/uploads\/2020\/02\/idol-spas-logo.png\",\"width\":512,\"height\":206,\"caption\":\"IDOL SPAS, s.r.o.\"},\"image\":{\"@id\":\"https:\/\/www.idol.cz\/at\/#\/schema\/logo\/image\/\"},\"sameAs\":[\"https:\/\/www.facebook.com\/IdolSpas\/\"]}]}<\/script>\n<!-- \/ Yoast SEO Premium plugin. -->","yoast_head_json":{"title":"Aseko Aqua Doze | Whirlpools im Freien, Swim Spa, Schwimmb\u00e4der","description":"ASIN AQUA Dose automaticky reguluje pH a plynule d\u00e1vkuje zvolen\u00e9 mno\u017estv\u00ed kysl\u00edkov\u00e9 dezinfekce. pH v baz\u00e9nu je automaticky udr\u017eov\u00e1no na po\u017eadovan\u00e9 hodnot\u011b. M\u011b\u0159en\u00ed pH prob\u00edh\u00e1 pomoc\u00ed pH sondy. Dezinfekce je d\u00e1vkov\u00e1na \u010dasov\u011b, podle nastaven\u00ed chodu filtrace.","robots":{"index":"index","follow":"follow","max-snippet":"max-snippet:-1","max-image-preview":"max-image-preview:large","max-video-preview":"max-video-preview:-1"},"canonical":"https:\/\/www.idol.cz\/at\/produkt\/virivky\/ostatni-moznosti-virivky\/dezinfekce-vody\/aseko-aqua-doze\/","og_locale":"en_US","og_type":"article","og_title":"Aseko Aqua Doze","og_description":"ASIN AQUA Dose automaticky reguluje pH a plynule d\u00e1vkuje zvolen\u00e9 mno\u017estv\u00ed kysl\u00edkov\u00e9 dezinfekce. pH v baz\u00e9nu je automaticky udr\u017eov\u00e1no na po\u017eadovan\u00e9 hodnot\u011b. M\u011b\u0159en\u00ed pH prob\u00edh\u00e1 pomoc\u00ed pH sondy. Dezinfekce je d\u00e1vkov\u00e1na \u010dasov\u011b, podle nastaven\u00ed chodu filtrace.","og_url":"https:\/\/www.idol.cz\/at\/produkt\/virivky\/ostatni-moznosti-virivky\/dezinfekce-vody\/aseko-aqua-doze\/","og_site_name":"Whirlpools im Freien, Swim Spa, Schwimmb\u00e4der","article_publisher":"https:\/\/www.facebook.com\/IdolSpas\/","article_modified_time":"2023-03-13T11:57:14+00:00","og_image":[{"width":800,"height":800,"url":"https:\/\/www.idol.cz\/wp-content\/uploads\/2020\/02\/asin-aqua-dose.jpg","type":"image\/jpeg"}],"twitter_card":"summary_large_image","twitter_misc":{"Est. reading time":"1 minute"},"schema":{"@context":"https:\/\/schema.org","@graph":[{"@type":"WebPage","@id":"https:\/\/www.idol.cz\/at\/produkt\/virivky\/ostatni-moznosti-virivky\/dezinfekce-vody\/aseko-aqua-doze\/","url":"https:\/\/www.idol.cz\/at\/produkt\/virivky\/ostatni-moznosti-virivky\/dezinfekce-vody\/aseko-aqua-doze\/","name":"Aseko Aqua Doze | Whirlpools im Freien, Swim Spa, Schwimmb\u00e4der","isPartOf":{"@id":"https:\/\/www.idol.cz\/at\/#website"},"primaryImageOfPage":{"@id":"https:\/\/www.idol.cz\/at\/produkt\/virivky\/ostatni-moznosti-virivky\/dezinfekce-vody\/aseko-aqua-doze\/#primaryimage"},"image":{"@id":"https:\/\/www.idol.cz\/at\/produkt\/virivky\/ostatni-moznosti-virivky\/dezinfekce-vody\/aseko-aqua-doze\/#primaryimage"},"thumbnailUrl":"https:\/\/www.idol.cz\/wp-content\/uploads\/2020\/02\/asin-aqua-dose.jpg","datePublished":"2020-02-21T11:20:04+00:00","dateModified":"2023-03-13T11:57:14+00:00","description":"ASIN AQUA Dose automaticky reguluje pH a plynule d\u00e1vkuje zvolen\u00e9 mno\u017estv\u00ed kysl\u00edkov\u00e9 dezinfekce. pH v baz\u00e9nu je automaticky udr\u017eov\u00e1no na po\u017eadovan\u00e9 hodnot\u011b. M\u011b\u0159en\u00ed pH prob\u00edh\u00e1 pomoc\u00ed pH sondy. Dezinfekce je d\u00e1vkov\u00e1na \u010dasov\u011b, podle nastaven\u00ed chodu filtrace.","breadcrumb":{"@id":"https:\/\/www.idol.cz\/at\/produkt\/virivky\/ostatni-moznosti-virivky\/dezinfekce-vody\/aseko-aqua-doze\/#breadcrumb"},"inLanguage":"at-AT","potentialAction":[{"@type":"ReadAction","target":["https:\/\/www.idol.cz\/at\/produkt\/virivky\/ostatni-moznosti-virivky\/dezinfekce-vody\/aseko-aqua-doze\/"]}]},{"@type":"ImageObject","inLanguage":"at-AT","@id":"https:\/\/www.idol.cz\/at\/produkt\/virivky\/ostatni-moznosti-virivky\/dezinfekce-vody\/aseko-aqua-doze\/#primaryimage","url":"https:\/\/www.idol.cz\/wp-content\/uploads\/2020\/02\/asin-aqua-dose.jpg","contentUrl":"https:\/\/www.idol.cz\/wp-content\/uploads\/2020\/02\/asin-aqua-dose.jpg","width":800,"height":800,"caption":"automatika virivky aqua dose"},{"@type":"BreadcrumbList","@id":"https:\/\/www.idol.cz\/at\/produkt\/virivky\/ostatni-moznosti-virivky\/dezinfekce-vody\/aseko-aqua-doze\/#breadcrumb","itemListElement":[{"@type":"ListItem","position":1,"name":"Dom\u016f","item":"https:\/\/www.idol.cz\/at\/"},{"@type":"ListItem","position":2,"name":"E-Shop","item":"https:\/\/www.idol.cz\/at\/e-shop\/"},{"@type":"ListItem","position":3,"name":"Wasserdesinfektion","item":"https:\/\/www.idol.cz\/at\/kategorie-produktu\/whirlpool-at\/weitere-whirlpool-optionen-at\/wasserdesinfektion-at\/"},{"@type":"ListItem","position":4,"name":"Aseko Aqua Doze"}]},{"@type":"WebSite","@id":"https:\/\/www.idol.cz\/at\/#website","url":"https:\/\/www.idol.cz\/at\/","name":"v\u00ed\u0159ivky venkovn\u00ed, swim spa, baz\u00e9ny","description":"Luxusn\u00ed \u010desk\u00e9 v\u00ed\u0159ivky a swim spa","publisher":{"@id":"https:\/\/www.idol.cz\/at\/#organization"},"potentialAction":[{"@type":"SearchAction","target":{"@type":"EntryPoint","urlTemplate":"https:\/\/www.idol.cz\/at\/?s={search_term_string}"},"query-input":{"@type":"PropertyValueSpecification","valueRequired":true,"valueName":"search_term_string"}}],"inLanguage":"at-AT"},{"@type":"Organization","@id":"https:\/\/www.idol.cz\/at\/#organization","name":"IDOL SPAS, s.r.o.","url":"https:\/\/www.idol.cz\/at\/","logo":{"@type":"ImageObject","inLanguage":"at-AT","@id":"https:\/\/www.idol.cz\/at\/#\/schema\/logo\/image\/","url":"https:\/\/www.idol.cz\/wp-content\/uploads\/2020\/02\/idol-spas-logo.png","contentUrl":"https:\/\/www.idol.cz\/wp-content\/uploads\/2020\/02\/idol-spas-logo.png","width":512,"height":206,"caption":"IDOL SPAS, s.r.o."},"image":{"@id":"https:\/\/www.idol.cz\/at\/#\/schema\/logo\/image\/"},"sameAs":["https:\/\/www.facebook.com\/IdolSpas\/"]}]}},"_links":{"self":[{"href":"https:\/\/www.idol.cz\/at\/wp-json\/wp\/v2\/product\/7969"}],"collection":[{"href":"https:\/\/www.idol.cz\/at\/wp-json\/wp\/v2\/product"}],"about":[{"href":"https:\/\/www.idol.cz\/at\/wp-json\/wp\/v2\/types\/product"}],"wp:featuredmedia":[{"embeddable":true,"href":"https:\/\/www.idol.cz\/at\/wp-json\/wp\/v2\/media\/7970"}],"wp:attachment":[{"href":"https:\/\/www.idol.cz\/at\/wp-json\/wp\/v2\/media?parent=7969"}],"wp:term":[{"taxonomy":"product_cat","embeddable":true,"href":"https:\/\/www.idol.cz\/at\/wp-json\/wp\/v2\/product_cat?post=7969"},{"taxonomy":"product_tag","embeddable":true,"href":"https:\/\/www.idol.cz\/at\/wp-json\/wp\/v2\/product_tag?post=7969"}],"curies":[{"name":"wp","href":"https:\/\/api.w.org\/{rel}","templated":true}]}}