{"id":13979,"date":"2025-03-07T14:01:35","date_gmt":"2020-06-06T20:08:33","guid":{"rendered":"https:\/\/idol.cz\/produkt\/unkategorisiert\/elis\/"},"modified":"2020-06-08T07:44:25","modified_gmt":"2020-06-08T05:44:25","slug":"elis","status":"publish","type":"product","link":"https:\/\/www.idol.cz\/de\/produkt\/whirlpool\/elis\/","title":{"rendered":"Elis"},"content":{"rendered":"<h3>Luxus Hot Tub Elis<\/h3>\n<ul>\n<li>Whirlpool f\u00fcr bis zu<strong> 5 Personen<\/strong><\/li>\n<li>Die hochwertigste Ausr\u00fcstung der weltweit f\u00fchrenden Hersteller<\/li>\n<li>Nachdenkliche D\u00fcsenplatzierung f\u00fcr noch perfektere Massage aller K\u00f6rperteile und viel Komfortraum<\/li>\n<li>Einstellbare Dreh- und gerade D\u00fcsen von CMP<\/li>\n<li>Premium Gecko in.k500 Farbbedienfeld mit intuitiver Bedienung<\/li>\n<li>Farben von Acryl, Thermocover und Verkleidung ihrer Wahl<\/li>\n<\/ul>\n","protected":false},"excerpt":{"rendered":"<h2>Ihr Seelenverwandter mit einem gro\u00dfen Herzen und versierten Ideen<\/h2>\n","protected":false},"featured_media":11309,"template":"","meta":[],"product_cat":[158],"product_tag":[159],"class_list":{"0":"post-13979","1":"product","2":"type-product","3":"status-publish","4":"has-post-thumbnail","6":"product_cat-whirlpool","7":"product_tag-whirlpool","9":"first","10":"instock","11":"taxable","12":"shipping-taxable","13":"purchasable","14":"product-type-simple"},"yoast_head":"<!-- This site is optimized with the Yoast SEO Premium plugin v24.9 (Yoast SEO v24.9) - https:\/\/yoast.com\/wordpress\/plugins\/seo\/ -->\n<title>Elis \u2013 Luxus-Whirlpool-Seite | Whirlpools im Freien, Swim Spa, Schwimmb\u00e4der<\/title>\n<meta name=\"description\" content=\"Tschechischer Whirlpool f\u00fcr eine gro\u00dfe Familie und Momente mit Ihren Freunden. Der durchdachte Einsatz der D\u00fcsen erm\u00f6glicht ausreichend Komfort und zielt auf die perfekte Erfahrung und K\u00f6rpermassage ab.\" \/>\n<meta name=\"robots\" content=\"index, follow, max-snippet:-1, max-image-preview:large, max-video-preview:-1\" \/>\n<link rel=\"canonical\" href=\"https:\/\/www.idol.cz\/de\/produkt\/whirlpool\/elis\/\" \/>\n<meta property=\"og:locale\" content=\"de_DE\" \/>\n<meta property=\"og:type\" content=\"article\" \/>\n<meta property=\"og:title\" content=\"Elis\" \/>\n<meta property=\"og:description\" content=\"Tschechischer Whirlpool f\u00fcr eine gro\u00dfe Familie und Momente mit Ihren Freunden. Der durchdachte Einsatz der D\u00fcsen erm\u00f6glicht ausreichend Komfort und zielt auf die perfekte Erfahrung und K\u00f6rpermassage ab.\" \/>\n<meta property=\"og:url\" content=\"https:\/\/www.idol.cz\/de\/produkt\/whirlpool\/elis\/\" \/>\n<meta property=\"og:site_name\" content=\"Whirlpools im Freien, Swim Spa, Schwimmb\u00e4der\" \/>\n<meta property=\"article:publisher\" content=\"https:\/\/www.facebook.com\/IdolSpas\/\" \/>\n<meta property=\"article:modified_time\" content=\"2020-06-08T05:44:25+00:00\" \/>\n<meta name=\"twitter:card\" content=\"summary_large_image\" \/>\n<meta name=\"twitter:image\" content=\"https:\/\/www.idol.cz\/wp-content\/uploads\/2018\/10\/idol-spas-elis-2020.jpg\" \/>\n<script type=\"application\/ld+json\" class=\"yoast-schema-graph\">{\"@context\":\"https:\/\/schema.org\",\"@graph\":[{\"@type\":\"WebPage\",\"@id\":\"https:\/\/www.idol.cz\/de\/produkt\/whirlpool\/elis\/\",\"url\":\"https:\/\/www.idol.cz\/de\/produkt\/whirlpool\/elis\/\",\"name\":\"Elis \u2013 Luxus-Whirlpool-Seite | Whirlpools im Freien, Swim Spa, Schwimmb\u00e4der\",\"isPartOf\":{\"@id\":\"https:\/\/www.idol.cz\/de\/#website\"},\"primaryImageOfPage\":{\"@id\":\"https:\/\/www.idol.cz\/de\/produkt\/whirlpool\/elis\/#primaryimage\"},\"image\":{\"@id\":\"https:\/\/www.idol.cz\/de\/produkt\/whirlpool\/elis\/#primaryimage\"},\"thumbnailUrl\":\"https:\/\/www.idol.cz\/wp-content\/uploads\/2018\/10\/idol-spas-elis-2020.jpg\",\"datePublished\":\"2020-06-06T20:08:33+00:00\",\"dateModified\":\"2020-06-08T05:44:25+00:00\",\"description\":\"Tschechischer Whirlpool f\u00fcr eine gro\u00dfe Familie und Momente mit Ihren Freunden. Der durchdachte Einsatz der D\u00fcsen erm\u00f6glicht ausreichend Komfort und zielt auf die perfekte Erfahrung und K\u00f6rpermassage ab.\",\"breadcrumb\":{\"@id\":\"https:\/\/www.idol.cz\/de\/produkt\/whirlpool\/elis\/#breadcrumb\"},\"inLanguage\":\"de\",\"potentialAction\":[{\"@type\":\"ReadAction\",\"target\":[\"https:\/\/www.idol.cz\/de\/produkt\/whirlpool\/elis\/\"]}]},{\"@type\":\"ImageObject\",\"inLanguage\":\"de\",\"@id\":\"https:\/\/www.idol.cz\/de\/produkt\/whirlpool\/elis\/#primaryimage\",\"url\":\"https:\/\/www.idol.cz\/wp-content\/uploads\/2018\/10\/idol-spas-elis-2020.jpg\",\"contentUrl\":\"https:\/\/www.idol.cz\/wp-content\/uploads\/2018\/10\/idol-spas-elis-2020.jpg\",\"width\":1080,\"height\":1080,\"caption\":\"Idol Spas Hot Tub Elis\"},{\"@type\":\"BreadcrumbList\",\"@id\":\"https:\/\/www.idol.cz\/de\/produkt\/whirlpool\/elis\/#breadcrumb\",\"itemListElement\":[{\"@type\":\"ListItem\",\"position\":1,\"name\":\"Dom\u016f\",\"item\":\"https:\/\/www.idol.cz\/de\/\"},{\"@type\":\"ListItem\",\"position\":2,\"name\":\"E-Shop\",\"item\":\"https:\/\/www.idol.cz\/de\/shop\/\"},{\"@type\":\"ListItem\",\"position\":3,\"name\":\"Whirlpool\",\"item\":\"https:\/\/www.idol.cz\/de\/kategorie-produktu\/whirlpool\/\"},{\"@type\":\"ListItem\",\"position\":4,\"name\":\"Elis\"}]},{\"@type\":\"WebSite\",\"@id\":\"https:\/\/www.idol.cz\/de\/#website\",\"url\":\"https:\/\/www.idol.cz\/de\/\",\"name\":\"v\u00ed\u0159ivky venkovn\u00ed, swim spa, baz\u00e9ny\",\"description\":\"Luxusn\u00ed \u010desk\u00e9 v\u00ed\u0159ivky a swim spa\",\"publisher\":{\"@id\":\"https:\/\/www.idol.cz\/de\/#organization\"},\"potentialAction\":[{\"@type\":\"SearchAction\",\"target\":{\"@type\":\"EntryPoint\",\"urlTemplate\":\"https:\/\/www.idol.cz\/de\/?s={search_term_string}\"},\"query-input\":{\"@type\":\"PropertyValueSpecification\",\"valueRequired\":true,\"valueName\":\"search_term_string\"}}],\"inLanguage\":\"de\"},{\"@type\":\"Organization\",\"@id\":\"https:\/\/www.idol.cz\/de\/#organization\",\"name\":\"IDOL SPAS, s.r.o.\",\"url\":\"https:\/\/www.idol.cz\/de\/\",\"logo\":{\"@type\":\"ImageObject\",\"inLanguage\":\"de\",\"@id\":\"https:\/\/www.idol.cz\/de\/#\/schema\/logo\/image\/\",\"url\":\"https:\/\/www.idol.cz\/wp-content\/uploads\/2020\/02\/idol-spas-logo.png\",\"contentUrl\":\"https:\/\/www.idol.cz\/wp-content\/uploads\/2020\/02\/idol-spas-logo.png\",\"width\":512,\"height\":206,\"caption\":\"IDOL SPAS, s.r.o.\"},\"image\":{\"@id\":\"https:\/\/www.idol.cz\/de\/#\/schema\/logo\/image\/\"},\"sameAs\":[\"https:\/\/www.facebook.com\/IdolSpas\/\"]}]}<\/script>\n<!-- \/ Yoast SEO Premium plugin. -->","yoast_head_json":{"title":"Elis \u2013 Luxus-Whirlpool-Seite | Whirlpools im Freien, Swim Spa, Schwimmb\u00e4der","description":"Tschechischer Whirlpool f\u00fcr eine gro\u00dfe Familie und Momente mit Ihren Freunden. Der durchdachte Einsatz der D\u00fcsen erm\u00f6glicht ausreichend Komfort und zielt auf die perfekte Erfahrung und K\u00f6rpermassage ab.","robots":{"index":"index","follow":"follow","max-snippet":"max-snippet:-1","max-image-preview":"max-image-preview:large","max-video-preview":"max-video-preview:-1"},"canonical":"https:\/\/www.idol.cz\/de\/produkt\/whirlpool\/elis\/","og_locale":"de_DE","og_type":"article","og_title":"Elis","og_description":"Tschechischer Whirlpool f\u00fcr eine gro\u00dfe Familie und Momente mit Ihren Freunden. Der durchdachte Einsatz der D\u00fcsen erm\u00f6glicht ausreichend Komfort und zielt auf die perfekte Erfahrung und K\u00f6rpermassage ab.","og_url":"https:\/\/www.idol.cz\/de\/produkt\/whirlpool\/elis\/","og_site_name":"Whirlpools im Freien, Swim Spa, Schwimmb\u00e4der","article_publisher":"https:\/\/www.facebook.com\/IdolSpas\/","article_modified_time":"2020-06-08T05:44:25+00:00","twitter_card":"summary_large_image","twitter_image":"https:\/\/www.idol.cz\/wp-content\/uploads\/2018\/10\/idol-spas-elis-2020.jpg","schema":{"@context":"https:\/\/schema.org","@graph":[{"@type":"WebPage","@id":"https:\/\/www.idol.cz\/de\/produkt\/whirlpool\/elis\/","url":"https:\/\/www.idol.cz\/de\/produkt\/whirlpool\/elis\/","name":"Elis \u2013 Luxus-Whirlpool-Seite | Whirlpools im Freien, Swim Spa, Schwimmb\u00e4der","isPartOf":{"@id":"https:\/\/www.idol.cz\/de\/#website"},"primaryImageOfPage":{"@id":"https:\/\/www.idol.cz\/de\/produkt\/whirlpool\/elis\/#primaryimage"},"image":{"@id":"https:\/\/www.idol.cz\/de\/produkt\/whirlpool\/elis\/#primaryimage"},"thumbnailUrl":"https:\/\/www.idol.cz\/wp-content\/uploads\/2018\/10\/idol-spas-elis-2020.jpg","datePublished":"2020-06-06T20:08:33+00:00","dateModified":"2020-06-08T05:44:25+00:00","description":"Tschechischer Whirlpool f\u00fcr eine gro\u00dfe Familie und Momente mit Ihren Freunden. Der durchdachte Einsatz der D\u00fcsen erm\u00f6glicht ausreichend Komfort und zielt auf die perfekte Erfahrung und K\u00f6rpermassage ab.","breadcrumb":{"@id":"https:\/\/www.idol.cz\/de\/produkt\/whirlpool\/elis\/#breadcrumb"},"inLanguage":"de","potentialAction":[{"@type":"ReadAction","target":["https:\/\/www.idol.cz\/de\/produkt\/whirlpool\/elis\/"]}]},{"@type":"ImageObject","inLanguage":"de","@id":"https:\/\/www.idol.cz\/de\/produkt\/whirlpool\/elis\/#primaryimage","url":"https:\/\/www.idol.cz\/wp-content\/uploads\/2018\/10\/idol-spas-elis-2020.jpg","contentUrl":"https:\/\/www.idol.cz\/wp-content\/uploads\/2018\/10\/idol-spas-elis-2020.jpg","width":1080,"height":1080,"caption":"Idol Spas Hot Tub Elis"},{"@type":"BreadcrumbList","@id":"https:\/\/www.idol.cz\/de\/produkt\/whirlpool\/elis\/#breadcrumb","itemListElement":[{"@type":"ListItem","position":1,"name":"Dom\u016f","item":"https:\/\/www.idol.cz\/de\/"},{"@type":"ListItem","position":2,"name":"E-Shop","item":"https:\/\/www.idol.cz\/de\/shop\/"},{"@type":"ListItem","position":3,"name":"Whirlpool","item":"https:\/\/www.idol.cz\/de\/kategorie-produktu\/whirlpool\/"},{"@type":"ListItem","position":4,"name":"Elis"}]},{"@type":"WebSite","@id":"https:\/\/www.idol.cz\/de\/#website","url":"https:\/\/www.idol.cz\/de\/","name":"v\u00ed\u0159ivky venkovn\u00ed, swim spa, baz\u00e9ny","description":"Luxusn\u00ed \u010desk\u00e9 v\u00ed\u0159ivky a swim spa","publisher":{"@id":"https:\/\/www.idol.cz\/de\/#organization"},"potentialAction":[{"@type":"SearchAction","target":{"@type":"EntryPoint","urlTemplate":"https:\/\/www.idol.cz\/de\/?s={search_term_string}"},"query-input":{"@type":"PropertyValueSpecification","valueRequired":true,"valueName":"search_term_string"}}],"inLanguage":"de"},{"@type":"Organization","@id":"https:\/\/www.idol.cz\/de\/#organization","name":"IDOL SPAS, s.r.o.","url":"https:\/\/www.idol.cz\/de\/","logo":{"@type":"ImageObject","inLanguage":"de","@id":"https:\/\/www.idol.cz\/de\/#\/schema\/logo\/image\/","url":"https:\/\/www.idol.cz\/wp-content\/uploads\/2020\/02\/idol-spas-logo.png","contentUrl":"https:\/\/www.idol.cz\/wp-content\/uploads\/2020\/02\/idol-spas-logo.png","width":512,"height":206,"caption":"IDOL SPAS, s.r.o."},"image":{"@id":"https:\/\/www.idol.cz\/de\/#\/schema\/logo\/image\/"},"sameAs":["https:\/\/www.facebook.com\/IdolSpas\/"]}]}},"_links":{"self":[{"href":"https:\/\/www.idol.cz\/de\/wp-json\/wp\/v2\/product\/13979"}],"collection":[{"href":"https:\/\/www.idol.cz\/de\/wp-json\/wp\/v2\/product"}],"about":[{"href":"https:\/\/www.idol.cz\/de\/wp-json\/wp\/v2\/types\/product"}],"wp:featuredmedia":[{"embeddable":true,"href":"https:\/\/www.idol.cz\/de\/wp-json\/wp\/v2\/media\/11309"}],"wp:attachment":[{"href":"https:\/\/www.idol.cz\/de\/wp-json\/wp\/v2\/media?parent=13979"}],"wp:term":[{"taxonomy":"product_cat","embeddable":true,"href":"https:\/\/www.idol.cz\/de\/wp-json\/wp\/v2\/product_cat?post=13979"},{"taxonomy":"product_tag","embeddable":true,"href":"https:\/\/www.idol.cz\/de\/wp-json\/wp\/v2\/product_tag?post=13979"}],"curies":[{"name":"wp","href":"https:\/\/api.w.org\/{rel}","templated":true}]}}