{"id":13988,"date":"2025-03-07T15:20:29","date_gmt":"2020-06-06T20:09:00","guid":{"rendered":"https:\/\/idol.cz\/produkt\/unkategorisiert\/nicol\/"},"modified":"2021-08-04T17:56:59","modified_gmt":"2021-08-04T15:56:59","slug":"nicol","status":"publish","type":"product","link":"https:\/\/www.idol.cz\/de\/produkt\/whirlpool\/nicol\/","title":{"rendered":"Nicol"},"content":{"rendered":"<h3>Luxuri\u00f6ser Whirlpool Nicol<\/h3>\n<ul>\n<li>Whirlpool f\u00fcr <strong>5 Personen<\/strong><\/li>\n<li>Die hochwertigste Ausr\u00fcstung der weltweit f\u00fchrenden Hersteller<\/li>\n<li>Einstellbare Dreh- und gerade D\u00fcsen von CMP<\/li>\n<li>Premium Gecko in.k500 Farbbedienfeld mit intuitiver Bedienung<\/li>\n<li>Farben von Acryl, Thermocover und Verkleidung ihrer Wahl<\/li>\n<li><strong>Neuer Whirlpool wird in nur 15-30 Tagen geliefert<\/strong><\/li>\n<\/ul>\n","protected":false},"excerpt":{"rendered":"<h2>Perfekte Platzierung von Sitzgelegenheiten und Liegen<\/h2>\n","protected":false},"featured_media":18615,"template":"","meta":[],"product_cat":[158],"product_tag":[159],"class_list":{"0":"post-13988","1":"product","2":"type-product","3":"status-publish","4":"has-post-thumbnail","6":"product_cat-whirlpool","7":"product_tag-whirlpool","9":"first","10":"instock","11":"taxable","12":"shipping-taxable","13":"purchasable","14":"product-type-simple"},"yoast_head":"<!-- This site is optimized with the Yoast SEO Premium plugin v24.9 (Yoast SEO v24.9) - https:\/\/yoast.com\/wordpress\/plugins\/seo\/ -->\n<title>Nicol \u2013 Luxus-Whirlpool-Seite | Whirlpools im Freien, Swim Spa, Schwimmb\u00e4der<\/title>\n<meta name=\"description\" content=\"Als Standard bietet es allen Komfort f\u00fcr bis zu 5 entspannende Personen. Dieser Whirlpool eignet sich sowohl f\u00fcr den Garten als auch f\u00fcr das Innere.\" \/>\n<meta name=\"robots\" content=\"index, follow, max-snippet:-1, max-image-preview:large, max-video-preview:-1\" \/>\n<link rel=\"canonical\" href=\"https:\/\/www.idol.cz\/de\/produkt\/whirlpool\/nicol\/\" \/>\n<meta property=\"og:locale\" content=\"de_DE\" \/>\n<meta property=\"og:type\" content=\"article\" \/>\n<meta property=\"og:title\" content=\"Nicol\" \/>\n<meta property=\"og:description\" content=\"Als Standard bietet es allen Komfort f\u00fcr bis zu 5 entspannende Personen. Dieser Whirlpool eignet sich sowohl f\u00fcr den Garten als auch f\u00fcr das Innere.\" \/>\n<meta property=\"og:url\" content=\"https:\/\/www.idol.cz\/de\/produkt\/whirlpool\/nicol\/\" \/>\n<meta property=\"og:site_name\" content=\"Whirlpools im Freien, Swim Spa, Schwimmb\u00e4der\" \/>\n<meta property=\"article:publisher\" content=\"https:\/\/www.facebook.com\/IdolSpas\/\" \/>\n<meta property=\"article:modified_time\" content=\"2021-08-04T15:56:59+00:00\" \/>\n<meta property=\"og:image\" content=\"https:\/\/www.idol.cz\/wp-content\/uploads\/2018\/10\/idol-spas-luxusni-virivky-nicol-2021-fb.jpg\" \/>\n\t<meta property=\"og:image:width\" content=\"1200\" \/>\n\t<meta property=\"og:image:height\" content=\"630\" \/>\n\t<meta property=\"og:image:type\" content=\"image\/jpeg\" \/>\n<meta name=\"twitter:card\" content=\"summary_large_image\" \/>\n<script type=\"application\/ld+json\" class=\"yoast-schema-graph\">{\"@context\":\"https:\/\/schema.org\",\"@graph\":[{\"@type\":\"WebPage\",\"@id\":\"https:\/\/www.idol.cz\/de\/produkt\/whirlpool\/nicol\/\",\"url\":\"https:\/\/www.idol.cz\/de\/produkt\/whirlpool\/nicol\/\",\"name\":\"Nicol \u2013 Luxus-Whirlpool-Seite | Whirlpools im Freien, Swim Spa, Schwimmb\u00e4der\",\"isPartOf\":{\"@id\":\"https:\/\/www.idol.cz\/de\/#website\"},\"primaryImageOfPage\":{\"@id\":\"https:\/\/www.idol.cz\/de\/produkt\/whirlpool\/nicol\/#primaryimage\"},\"image\":{\"@id\":\"https:\/\/www.idol.cz\/de\/produkt\/whirlpool\/nicol\/#primaryimage\"},\"thumbnailUrl\":\"https:\/\/www.idol.cz\/wp-content\/uploads\/2018\/10\/idol-spas-nicol-1080-2021.jpg\",\"datePublished\":\"2020-06-06T20:09:00+00:00\",\"dateModified\":\"2021-08-04T15:56:59+00:00\",\"description\":\"Als Standard bietet es allen Komfort f\u00fcr bis zu 5 entspannende Personen. Dieser Whirlpool eignet sich sowohl f\u00fcr den Garten als auch f\u00fcr das Innere.\",\"breadcrumb\":{\"@id\":\"https:\/\/www.idol.cz\/de\/produkt\/whirlpool\/nicol\/#breadcrumb\"},\"inLanguage\":\"de\",\"potentialAction\":[{\"@type\":\"ReadAction\",\"target\":[\"https:\/\/www.idol.cz\/de\/produkt\/whirlpool\/nicol\/\"]}]},{\"@type\":\"ImageObject\",\"inLanguage\":\"de\",\"@id\":\"https:\/\/www.idol.cz\/de\/produkt\/whirlpool\/nicol\/#primaryimage\",\"url\":\"https:\/\/www.idol.cz\/wp-content\/uploads\/2018\/10\/idol-spas-nicol-1080-2021.jpg\",\"contentUrl\":\"https:\/\/www.idol.cz\/wp-content\/uploads\/2018\/10\/idol-spas-nicol-1080-2021.jpg\",\"width\":1080,\"height\":1080},{\"@type\":\"BreadcrumbList\",\"@id\":\"https:\/\/www.idol.cz\/de\/produkt\/whirlpool\/nicol\/#breadcrumb\",\"itemListElement\":[{\"@type\":\"ListItem\",\"position\":1,\"name\":\"Dom\u016f\",\"item\":\"https:\/\/www.idol.cz\/de\/\"},{\"@type\":\"ListItem\",\"position\":2,\"name\":\"E-Shop\",\"item\":\"https:\/\/www.idol.cz\/de\/shop\/\"},{\"@type\":\"ListItem\",\"position\":3,\"name\":\"Whirlpool\",\"item\":\"https:\/\/www.idol.cz\/de\/kategorie-produktu\/whirlpool\/\"},{\"@type\":\"ListItem\",\"position\":4,\"name\":\"Nicol\"}]},{\"@type\":\"WebSite\",\"@id\":\"https:\/\/www.idol.cz\/de\/#website\",\"url\":\"https:\/\/www.idol.cz\/de\/\",\"name\":\"v\u00ed\u0159ivky venkovn\u00ed, swim spa, baz\u00e9ny\",\"description\":\"Luxusn\u00ed \u010desk\u00e9 v\u00ed\u0159ivky a swim spa\",\"publisher\":{\"@id\":\"https:\/\/www.idol.cz\/de\/#organization\"},\"potentialAction\":[{\"@type\":\"SearchAction\",\"target\":{\"@type\":\"EntryPoint\",\"urlTemplate\":\"https:\/\/www.idol.cz\/de\/?s={search_term_string}\"},\"query-input\":{\"@type\":\"PropertyValueSpecification\",\"valueRequired\":true,\"valueName\":\"search_term_string\"}}],\"inLanguage\":\"de\"},{\"@type\":\"Organization\",\"@id\":\"https:\/\/www.idol.cz\/de\/#organization\",\"name\":\"IDOL SPAS, s.r.o.\",\"url\":\"https:\/\/www.idol.cz\/de\/\",\"logo\":{\"@type\":\"ImageObject\",\"inLanguage\":\"de\",\"@id\":\"https:\/\/www.idol.cz\/de\/#\/schema\/logo\/image\/\",\"url\":\"https:\/\/www.idol.cz\/wp-content\/uploads\/2020\/02\/idol-spas-logo.png\",\"contentUrl\":\"https:\/\/www.idol.cz\/wp-content\/uploads\/2020\/02\/idol-spas-logo.png\",\"width\":512,\"height\":206,\"caption\":\"IDOL SPAS, s.r.o.\"},\"image\":{\"@id\":\"https:\/\/www.idol.cz\/de\/#\/schema\/logo\/image\/\"},\"sameAs\":[\"https:\/\/www.facebook.com\/IdolSpas\/\"]}]}<\/script>\n<!-- \/ Yoast SEO Premium plugin. -->","yoast_head_json":{"title":"Nicol \u2013 Luxus-Whirlpool-Seite | Whirlpools im Freien, Swim Spa, Schwimmb\u00e4der","description":"Als Standard bietet es allen Komfort f\u00fcr bis zu 5 entspannende Personen. Dieser Whirlpool eignet sich sowohl f\u00fcr den Garten als auch f\u00fcr das Innere.","robots":{"index":"index","follow":"follow","max-snippet":"max-snippet:-1","max-image-preview":"max-image-preview:large","max-video-preview":"max-video-preview:-1"},"canonical":"https:\/\/www.idol.cz\/de\/produkt\/whirlpool\/nicol\/","og_locale":"de_DE","og_type":"article","og_title":"Nicol","og_description":"Als Standard bietet es allen Komfort f\u00fcr bis zu 5 entspannende Personen. Dieser Whirlpool eignet sich sowohl f\u00fcr den Garten als auch f\u00fcr das Innere.","og_url":"https:\/\/www.idol.cz\/de\/produkt\/whirlpool\/nicol\/","og_site_name":"Whirlpools im Freien, Swim Spa, Schwimmb\u00e4der","article_publisher":"https:\/\/www.facebook.com\/IdolSpas\/","article_modified_time":"2021-08-04T15:56:59+00:00","og_image":[{"width":1200,"height":630,"url":"https:\/\/www.idol.cz\/wp-content\/uploads\/2018\/10\/idol-spas-luxusni-virivky-nicol-2021-fb.jpg","type":"image\/jpeg"}],"twitter_card":"summary_large_image","schema":{"@context":"https:\/\/schema.org","@graph":[{"@type":"WebPage","@id":"https:\/\/www.idol.cz\/de\/produkt\/whirlpool\/nicol\/","url":"https:\/\/www.idol.cz\/de\/produkt\/whirlpool\/nicol\/","name":"Nicol \u2013 Luxus-Whirlpool-Seite | Whirlpools im Freien, Swim Spa, Schwimmb\u00e4der","isPartOf":{"@id":"https:\/\/www.idol.cz\/de\/#website"},"primaryImageOfPage":{"@id":"https:\/\/www.idol.cz\/de\/produkt\/whirlpool\/nicol\/#primaryimage"},"image":{"@id":"https:\/\/www.idol.cz\/de\/produkt\/whirlpool\/nicol\/#primaryimage"},"thumbnailUrl":"https:\/\/www.idol.cz\/wp-content\/uploads\/2018\/10\/idol-spas-nicol-1080-2021.jpg","datePublished":"2020-06-06T20:09:00+00:00","dateModified":"2021-08-04T15:56:59+00:00","description":"Als Standard bietet es allen Komfort f\u00fcr bis zu 5 entspannende Personen. Dieser Whirlpool eignet sich sowohl f\u00fcr den Garten als auch f\u00fcr das Innere.","breadcrumb":{"@id":"https:\/\/www.idol.cz\/de\/produkt\/whirlpool\/nicol\/#breadcrumb"},"inLanguage":"de","potentialAction":[{"@type":"ReadAction","target":["https:\/\/www.idol.cz\/de\/produkt\/whirlpool\/nicol\/"]}]},{"@type":"ImageObject","inLanguage":"de","@id":"https:\/\/www.idol.cz\/de\/produkt\/whirlpool\/nicol\/#primaryimage","url":"https:\/\/www.idol.cz\/wp-content\/uploads\/2018\/10\/idol-spas-nicol-1080-2021.jpg","contentUrl":"https:\/\/www.idol.cz\/wp-content\/uploads\/2018\/10\/idol-spas-nicol-1080-2021.jpg","width":1080,"height":1080},{"@type":"BreadcrumbList","@id":"https:\/\/www.idol.cz\/de\/produkt\/whirlpool\/nicol\/#breadcrumb","itemListElement":[{"@type":"ListItem","position":1,"name":"Dom\u016f","item":"https:\/\/www.idol.cz\/de\/"},{"@type":"ListItem","position":2,"name":"E-Shop","item":"https:\/\/www.idol.cz\/de\/shop\/"},{"@type":"ListItem","position":3,"name":"Whirlpool","item":"https:\/\/www.idol.cz\/de\/kategorie-produktu\/whirlpool\/"},{"@type":"ListItem","position":4,"name":"Nicol"}]},{"@type":"WebSite","@id":"https:\/\/www.idol.cz\/de\/#website","url":"https:\/\/www.idol.cz\/de\/","name":"v\u00ed\u0159ivky venkovn\u00ed, swim spa, baz\u00e9ny","description":"Luxusn\u00ed \u010desk\u00e9 v\u00ed\u0159ivky a swim spa","publisher":{"@id":"https:\/\/www.idol.cz\/de\/#organization"},"potentialAction":[{"@type":"SearchAction","target":{"@type":"EntryPoint","urlTemplate":"https:\/\/www.idol.cz\/de\/?s={search_term_string}"},"query-input":{"@type":"PropertyValueSpecification","valueRequired":true,"valueName":"search_term_string"}}],"inLanguage":"de"},{"@type":"Organization","@id":"https:\/\/www.idol.cz\/de\/#organization","name":"IDOL SPAS, s.r.o.","url":"https:\/\/www.idol.cz\/de\/","logo":{"@type":"ImageObject","inLanguage":"de","@id":"https:\/\/www.idol.cz\/de\/#\/schema\/logo\/image\/","url":"https:\/\/www.idol.cz\/wp-content\/uploads\/2020\/02\/idol-spas-logo.png","contentUrl":"https:\/\/www.idol.cz\/wp-content\/uploads\/2020\/02\/idol-spas-logo.png","width":512,"height":206,"caption":"IDOL SPAS, s.r.o."},"image":{"@id":"https:\/\/www.idol.cz\/de\/#\/schema\/logo\/image\/"},"sameAs":["https:\/\/www.facebook.com\/IdolSpas\/"]}]}},"_links":{"self":[{"href":"https:\/\/www.idol.cz\/de\/wp-json\/wp\/v2\/product\/13988"}],"collection":[{"href":"https:\/\/www.idol.cz\/de\/wp-json\/wp\/v2\/product"}],"about":[{"href":"https:\/\/www.idol.cz\/de\/wp-json\/wp\/v2\/types\/product"}],"wp:featuredmedia":[{"embeddable":true,"href":"https:\/\/www.idol.cz\/de\/wp-json\/wp\/v2\/media\/18615"}],"wp:attachment":[{"href":"https:\/\/www.idol.cz\/de\/wp-json\/wp\/v2\/media?parent=13988"}],"wp:term":[{"taxonomy":"product_cat","embeddable":true,"href":"https:\/\/www.idol.cz\/de\/wp-json\/wp\/v2\/product_cat?post=13988"},{"taxonomy":"product_tag","embeddable":true,"href":"https:\/\/www.idol.cz\/de\/wp-json\/wp\/v2\/product_tag?post=13988"}],"curies":[{"name":"wp","href":"https:\/\/api.w.org\/{rel}","templated":true}]}}