{"id":14040,"date":"2019-02-24T13:57:58","date_gmt":"2019-02-24T12:57:58","guid":{"rendered":"https:\/\/idol.cz\/produkt\/unkategorisiert\/party-swim-spa\/"},"modified":"2020-06-08T08:39:35","modified_gmt":"2020-06-08T06:39:35","slug":"party-swim-spa","status":"publish","type":"product","link":"https:\/\/www.idol.cz\/de\/produkt\/pools\/party-swim-spa\/","title":{"rendered":"Party Swim Spa"},"content":{"rendered":"<h3>Party Swim Spa<\/h3>\n<p>DAS IDOL-Schwimmbad <strong>ist nicht nur ein Schwimmbad, das in den Boden eingefahren werden muss,<\/strong>sondern kann auch als <strong>freistehende Anlage<\/strong> auf einer horizontalen Fl\u00e4che platziert werden, ohne dass eine Landschaftsgestaltung erforderlich ist.<\/p>\n<p>F\u00fcllen Sie einfach mit Wasser und verbinden Sie sich mit dem Netz. Es ist so einfach, unsere Pools zu betreiben. Kristallklares Wasser wird durch Absch\u00e4umerpaare mit <strong>minimalen Wartungskosten<\/strong>bereitgestellt.<\/p>\n<ul>\n<li>Gro\u00dfz\u00fcgiger Platz f\u00fcr bis zu zehn Personen<\/li>\n<li>Ausreichend Platz zum Schwimmen<\/li>\n<li>Luxus-Design-Treppen<\/li>\n<li>Variable Luxusummantelung<\/li>\n<li>Gegenstrom oder River Swim Spa Turbine<\/li>\n<\/ul>\n","protected":false},"excerpt":{"rendered":"<h2>Haben Sie eine Party in der breitesten Party-Whirlpool auf dem Markt!<br \/>\nGenie\u00dfen Sie die Momente mit Freunden beim Schwimmen.<\/h2>\n","protected":false},"featured_media":11277,"template":"","meta":[],"product_cat":[161],"product_tag":[180],"class_list":{"0":"post-14040","1":"product","2":"type-product","3":"status-publish","4":"has-post-thumbnail","6":"product_cat-pools","7":"product_tag-systemgepoolt","9":"first","10":"instock","11":"taxable","12":"shipping-taxable","13":"purchasable","14":"product-type-simple"},"yoast_head":"<!-- This site is optimized with the Yoast SEO Premium plugin v24.9 (Yoast SEO v24.9) - https:\/\/yoast.com\/wordpress\/plugins\/seo\/ -->\n<title>Party Swim Spa | Pools \u00fcber dem Boden mit Gegenstrom Bade-Spa mit Jacuzzi<\/title>\n<meta name=\"description\" content=\"Swim Spa XL Au\u00dfenpool mit Gegenstrom zum Garten. Schwimmbad mit Gegenstrom oberirdisch und innen. Luxus-Acryl-Pool der tschechischen Produktion.\" \/>\n<meta name=\"robots\" content=\"index, follow, max-snippet:-1, max-image-preview:large, max-video-preview:-1\" \/>\n<link rel=\"canonical\" href=\"https:\/\/www.idol.cz\/de\/produkt\/pools\/party-swim-spa\/\" \/>\n<meta property=\"og:locale\" content=\"de_DE\" \/>\n<meta property=\"og:type\" content=\"article\" \/>\n<meta property=\"og:title\" content=\"Party Swim Spa\" \/>\n<meta property=\"og:description\" content=\"Swim Spa XL Au\u00dfenpool mit Gegenstrom zum Garten. Schwimmbad mit Gegenstrom oberirdisch und innen. Luxus-Acryl-Pool der tschechischen Produktion.\" \/>\n<meta property=\"og:url\" content=\"https:\/\/www.idol.cz\/de\/produkt\/pools\/party-swim-spa\/\" \/>\n<meta property=\"og:site_name\" content=\"Whirlpools im Freien, Swim Spa, Schwimmb\u00e4der\" \/>\n<meta property=\"article:publisher\" content=\"https:\/\/www.facebook.com\/IdolSpas\/\" \/>\n<meta property=\"article:modified_time\" content=\"2020-06-08T06:39:35+00:00\" \/>\n<meta name=\"twitter:card\" content=\"summary_large_image\" \/>\n<meta name=\"twitter:image\" content=\"https:\/\/www.idol.cz\/wp-content\/uploads\/2019\/02\/idol-spas-Party-Swim-Spa-2020.jpg\" \/>\n<script type=\"application\/ld+json\" class=\"yoast-schema-graph\">{\"@context\":\"https:\/\/schema.org\",\"@graph\":[{\"@type\":\"WebPage\",\"@id\":\"https:\/\/www.idol.cz\/de\/produkt\/pools\/party-swim-spa\/\",\"url\":\"https:\/\/www.idol.cz\/de\/produkt\/pools\/party-swim-spa\/\",\"name\":\"Party Swim Spa | Pools \u00fcber dem Boden mit Gegenstrom Bade-Spa mit Jacuzzi\",\"isPartOf\":{\"@id\":\"https:\/\/www.idol.cz\/de\/#website\"},\"primaryImageOfPage\":{\"@id\":\"https:\/\/www.idol.cz\/de\/produkt\/pools\/party-swim-spa\/#primaryimage\"},\"image\":{\"@id\":\"https:\/\/www.idol.cz\/de\/produkt\/pools\/party-swim-spa\/#primaryimage\"},\"thumbnailUrl\":\"https:\/\/www.idol.cz\/wp-content\/uploads\/2019\/02\/idol-spas-Party-Swim-Spa-2020.jpg\",\"datePublished\":\"2019-02-24T12:57:58+00:00\",\"dateModified\":\"2020-06-08T06:39:35+00:00\",\"description\":\"Swim Spa XL Au\u00dfenpool mit Gegenstrom zum Garten. Schwimmbad mit Gegenstrom oberirdisch und innen. Luxus-Acryl-Pool der tschechischen Produktion.\",\"breadcrumb\":{\"@id\":\"https:\/\/www.idol.cz\/de\/produkt\/pools\/party-swim-spa\/#breadcrumb\"},\"inLanguage\":\"de\",\"potentialAction\":[{\"@type\":\"ReadAction\",\"target\":[\"https:\/\/www.idol.cz\/de\/produkt\/pools\/party-swim-spa\/\"]}]},{\"@type\":\"ImageObject\",\"inLanguage\":\"de\",\"@id\":\"https:\/\/www.idol.cz\/de\/produkt\/pools\/party-swim-spa\/#primaryimage\",\"url\":\"https:\/\/www.idol.cz\/wp-content\/uploads\/2019\/02\/idol-spas-Party-Swim-Spa-2020.jpg\",\"contentUrl\":\"https:\/\/www.idol.cz\/wp-content\/uploads\/2019\/02\/idol-spas-Party-Swim-Spa-2020.jpg\",\"width\":1080,\"height\":810,\"caption\":\"Idol Spas Pools Party Swim Spa\"},{\"@type\":\"BreadcrumbList\",\"@id\":\"https:\/\/www.idol.cz\/de\/produkt\/pools\/party-swim-spa\/#breadcrumb\",\"itemListElement\":[{\"@type\":\"ListItem\",\"position\":1,\"name\":\"Dom\u016f\",\"item\":\"https:\/\/www.idol.cz\/de\/\"},{\"@type\":\"ListItem\",\"position\":2,\"name\":\"E-Shop\",\"item\":\"https:\/\/www.idol.cz\/de\/shop\/\"},{\"@type\":\"ListItem\",\"position\":3,\"name\":\"Pools\",\"item\":\"https:\/\/www.idol.cz\/de\/kategorie-produktu\/pools\/\"},{\"@type\":\"ListItem\",\"position\":4,\"name\":\"Party Swim Spa\"}]},{\"@type\":\"WebSite\",\"@id\":\"https:\/\/www.idol.cz\/de\/#website\",\"url\":\"https:\/\/www.idol.cz\/de\/\",\"name\":\"v\u00ed\u0159ivky venkovn\u00ed, swim spa, baz\u00e9ny\",\"description\":\"Luxusn\u00ed \u010desk\u00e9 v\u00ed\u0159ivky a swim spa\",\"publisher\":{\"@id\":\"https:\/\/www.idol.cz\/de\/#organization\"},\"potentialAction\":[{\"@type\":\"SearchAction\",\"target\":{\"@type\":\"EntryPoint\",\"urlTemplate\":\"https:\/\/www.idol.cz\/de\/?s={search_term_string}\"},\"query-input\":{\"@type\":\"PropertyValueSpecification\",\"valueRequired\":true,\"valueName\":\"search_term_string\"}}],\"inLanguage\":\"de\"},{\"@type\":\"Organization\",\"@id\":\"https:\/\/www.idol.cz\/de\/#organization\",\"name\":\"IDOL SPAS, s.r.o.\",\"url\":\"https:\/\/www.idol.cz\/de\/\",\"logo\":{\"@type\":\"ImageObject\",\"inLanguage\":\"de\",\"@id\":\"https:\/\/www.idol.cz\/de\/#\/schema\/logo\/image\/\",\"url\":\"https:\/\/www.idol.cz\/wp-content\/uploads\/2020\/02\/idol-spas-logo.png\",\"contentUrl\":\"https:\/\/www.idol.cz\/wp-content\/uploads\/2020\/02\/idol-spas-logo.png\",\"width\":512,\"height\":206,\"caption\":\"IDOL SPAS, s.r.o.\"},\"image\":{\"@id\":\"https:\/\/www.idol.cz\/de\/#\/schema\/logo\/image\/\"},\"sameAs\":[\"https:\/\/www.facebook.com\/IdolSpas\/\"]}]}<\/script>\n<!-- \/ Yoast SEO Premium plugin. -->","yoast_head_json":{"title":"Party Swim Spa | Pools \u00fcber dem Boden mit Gegenstrom Bade-Spa mit Jacuzzi","description":"Swim Spa XL Au\u00dfenpool mit Gegenstrom zum Garten. Schwimmbad mit Gegenstrom oberirdisch und innen. Luxus-Acryl-Pool der tschechischen Produktion.","robots":{"index":"index","follow":"follow","max-snippet":"max-snippet:-1","max-image-preview":"max-image-preview:large","max-video-preview":"max-video-preview:-1"},"canonical":"https:\/\/www.idol.cz\/de\/produkt\/pools\/party-swim-spa\/","og_locale":"de_DE","og_type":"article","og_title":"Party Swim Spa","og_description":"Swim Spa XL Au\u00dfenpool mit Gegenstrom zum Garten. Schwimmbad mit Gegenstrom oberirdisch und innen. Luxus-Acryl-Pool der tschechischen Produktion.","og_url":"https:\/\/www.idol.cz\/de\/produkt\/pools\/party-swim-spa\/","og_site_name":"Whirlpools im Freien, Swim Spa, Schwimmb\u00e4der","article_publisher":"https:\/\/www.facebook.com\/IdolSpas\/","article_modified_time":"2020-06-08T06:39:35+00:00","twitter_card":"summary_large_image","twitter_image":"https:\/\/www.idol.cz\/wp-content\/uploads\/2019\/02\/idol-spas-Party-Swim-Spa-2020.jpg","schema":{"@context":"https:\/\/schema.org","@graph":[{"@type":"WebPage","@id":"https:\/\/www.idol.cz\/de\/produkt\/pools\/party-swim-spa\/","url":"https:\/\/www.idol.cz\/de\/produkt\/pools\/party-swim-spa\/","name":"Party Swim Spa | Pools \u00fcber dem Boden mit Gegenstrom Bade-Spa mit Jacuzzi","isPartOf":{"@id":"https:\/\/www.idol.cz\/de\/#website"},"primaryImageOfPage":{"@id":"https:\/\/www.idol.cz\/de\/produkt\/pools\/party-swim-spa\/#primaryimage"},"image":{"@id":"https:\/\/www.idol.cz\/de\/produkt\/pools\/party-swim-spa\/#primaryimage"},"thumbnailUrl":"https:\/\/www.idol.cz\/wp-content\/uploads\/2019\/02\/idol-spas-Party-Swim-Spa-2020.jpg","datePublished":"2019-02-24T12:57:58+00:00","dateModified":"2020-06-08T06:39:35+00:00","description":"Swim Spa XL Au\u00dfenpool mit Gegenstrom zum Garten. Schwimmbad mit Gegenstrom oberirdisch und innen. Luxus-Acryl-Pool der tschechischen Produktion.","breadcrumb":{"@id":"https:\/\/www.idol.cz\/de\/produkt\/pools\/party-swim-spa\/#breadcrumb"},"inLanguage":"de","potentialAction":[{"@type":"ReadAction","target":["https:\/\/www.idol.cz\/de\/produkt\/pools\/party-swim-spa\/"]}]},{"@type":"ImageObject","inLanguage":"de","@id":"https:\/\/www.idol.cz\/de\/produkt\/pools\/party-swim-spa\/#primaryimage","url":"https:\/\/www.idol.cz\/wp-content\/uploads\/2019\/02\/idol-spas-Party-Swim-Spa-2020.jpg","contentUrl":"https:\/\/www.idol.cz\/wp-content\/uploads\/2019\/02\/idol-spas-Party-Swim-Spa-2020.jpg","width":1080,"height":810,"caption":"Idol Spas Pools Party Swim Spa"},{"@type":"BreadcrumbList","@id":"https:\/\/www.idol.cz\/de\/produkt\/pools\/party-swim-spa\/#breadcrumb","itemListElement":[{"@type":"ListItem","position":1,"name":"Dom\u016f","item":"https:\/\/www.idol.cz\/de\/"},{"@type":"ListItem","position":2,"name":"E-Shop","item":"https:\/\/www.idol.cz\/de\/shop\/"},{"@type":"ListItem","position":3,"name":"Pools","item":"https:\/\/www.idol.cz\/de\/kategorie-produktu\/pools\/"},{"@type":"ListItem","position":4,"name":"Party Swim Spa"}]},{"@type":"WebSite","@id":"https:\/\/www.idol.cz\/de\/#website","url":"https:\/\/www.idol.cz\/de\/","name":"v\u00ed\u0159ivky venkovn\u00ed, swim spa, baz\u00e9ny","description":"Luxusn\u00ed \u010desk\u00e9 v\u00ed\u0159ivky a swim spa","publisher":{"@id":"https:\/\/www.idol.cz\/de\/#organization"},"potentialAction":[{"@type":"SearchAction","target":{"@type":"EntryPoint","urlTemplate":"https:\/\/www.idol.cz\/de\/?s={search_term_string}"},"query-input":{"@type":"PropertyValueSpecification","valueRequired":true,"valueName":"search_term_string"}}],"inLanguage":"de"},{"@type":"Organization","@id":"https:\/\/www.idol.cz\/de\/#organization","name":"IDOL SPAS, s.r.o.","url":"https:\/\/www.idol.cz\/de\/","logo":{"@type":"ImageObject","inLanguage":"de","@id":"https:\/\/www.idol.cz\/de\/#\/schema\/logo\/image\/","url":"https:\/\/www.idol.cz\/wp-content\/uploads\/2020\/02\/idol-spas-logo.png","contentUrl":"https:\/\/www.idol.cz\/wp-content\/uploads\/2020\/02\/idol-spas-logo.png","width":512,"height":206,"caption":"IDOL SPAS, s.r.o."},"image":{"@id":"https:\/\/www.idol.cz\/de\/#\/schema\/logo\/image\/"},"sameAs":["https:\/\/www.facebook.com\/IdolSpas\/"]}]}},"_links":{"self":[{"href":"https:\/\/www.idol.cz\/de\/wp-json\/wp\/v2\/product\/14040"}],"collection":[{"href":"https:\/\/www.idol.cz\/de\/wp-json\/wp\/v2\/product"}],"about":[{"href":"https:\/\/www.idol.cz\/de\/wp-json\/wp\/v2\/types\/product"}],"wp:featuredmedia":[{"embeddable":true,"href":"https:\/\/www.idol.cz\/de\/wp-json\/wp\/v2\/media\/11277"}],"wp:attachment":[{"href":"https:\/\/www.idol.cz\/de\/wp-json\/wp\/v2\/media?parent=14040"}],"wp:term":[{"taxonomy":"product_cat","embeddable":true,"href":"https:\/\/www.idol.cz\/de\/wp-json\/wp\/v2\/product_cat?post=14040"},{"taxonomy":"product_tag","embeddable":true,"href":"https:\/\/www.idol.cz\/de\/wp-json\/wp\/v2\/product_tag?post=14040"}],"curies":[{"name":"wp","href":"https:\/\/api.w.org\/{rel}","templated":true}]}}