{"id":14049,"date":"2025-03-09T18:02:03","date_gmt":"2025-03-09T17:02:03","guid":{"rendered":"https:\/\/idol.cz\/produkt\/unkategorisiert\/anna-lite\/"},"modified":"2020-06-08T07:39:45","modified_gmt":"2020-06-08T05:39:45","slug":"anna-lite","status":"publish","type":"product","link":"https:\/\/www.idol.cz\/de\/produkt\/whirlpool\/anna-lite\/","title":{"rendered":"Anna Lite"},"content":{"rendered":"<h3>Luxus Hot Tub Anna Lite<\/h3>\n<ul>\n<li>Whirlpool f\u00fcr bis zu <strong>5 Personen<\/strong><\/li>\n<li>Die hochwertigste Ausr\u00fcstung der weltweit f\u00fchrenden Hersteller<\/li>\n<li>Einstellbare Dreh- und gerade D\u00fcsen von CMP<\/li>\n<li>Premium Gecko in.k500 Farbbedienfeld mit intuitiver Bedienung<\/li>\n<li>Farben von Acryl, Thermocover und Verkleidung ihrer Wahl<\/li>\n<li><strong>Neuer Whirlpool wird in nur 5-30 Tagen geliefert<\/strong><\/li>\n<\/ul>\n","protected":false},"excerpt":{"rendered":"<h2>Und der Preis f\u00fcr den einzigen tschechischen Whirlpool f\u00fcr 5 Personen, der sogar 80 cm durch die T\u00fcr geht, wird&#8230;<\/h2>\n","protected":false},"featured_media":11421,"template":"","meta":[],"product_cat":[158],"product_tag":[160],"class_list":{"0":"post-14049","1":"product","2":"type-product","3":"status-publish","4":"has-post-thumbnail","6":"product_cat-whirlpool","7":"product_tag-whirlpools-lite","9":"first","10":"instock","11":"sale","12":"taxable","13":"shipping-taxable","14":"purchasable","15":"product-type-simple"},"yoast_head":"<!-- This site is optimized with the Yoast SEO Premium plugin v24.9 (Yoast SEO v24.9) - https:\/\/yoast.com\/wordpress\/plugins\/seo\/ -->\n<title>Anna Lite \u2013 Outdoor-Whirlpool g\u00fcnstig in Aktion f\u00fcr den Garten<\/title>\n<meta name=\"description\" content=\"Whirlpool f\u00fcr bis zu 5 Personen. G\u00fcnstige tschechische Outdoor-Whirlpool nicht nur f\u00fcr den Garten, sondern auch f\u00fcr die Zwischen. G\u00fcnstig in Aktion. Verkauf Basar.\" \/>\n<meta name=\"robots\" content=\"index, follow, max-snippet:-1, max-image-preview:large, max-video-preview:-1\" \/>\n<link rel=\"canonical\" href=\"https:\/\/www.idol.cz\/de\/produkt\/whirlpool\/anna-lite\/\" \/>\n<meta property=\"og:locale\" content=\"de_DE\" \/>\n<meta property=\"og:type\" content=\"article\" \/>\n<meta property=\"og:title\" content=\"Anna Lite\" \/>\n<meta property=\"og:description\" content=\"Whirlpool f\u00fcr bis zu 5 Personen. G\u00fcnstige tschechische Outdoor-Whirlpool nicht nur f\u00fcr den Garten, sondern auch f\u00fcr die Zwischen. G\u00fcnstig in Aktion. Verkauf Basar.\" \/>\n<meta property=\"og:url\" content=\"https:\/\/www.idol.cz\/de\/produkt\/whirlpool\/anna-lite\/\" \/>\n<meta property=\"og:site_name\" content=\"Whirlpools im Freien, Swim Spa, Schwimmb\u00e4der\" \/>\n<meta property=\"article:publisher\" content=\"https:\/\/www.facebook.com\/IdolSpas\/\" \/>\n<meta name=\"twitter:card\" content=\"summary_large_image\" \/>\n<meta name=\"twitter:image\" content=\"https:\/\/www.idol.cz\/wp-content\/uploads\/2019\/08\/idol-spas-anna-lite-2020.jpg\" \/>\n<script type=\"application\/ld+json\" class=\"yoast-schema-graph\">{\"@context\":\"https:\/\/schema.org\",\"@graph\":[{\"@type\":\"WebPage\",\"@id\":\"https:\/\/www.idol.cz\/de\/produkt\/whirlpool\/anna-lite\/\",\"url\":\"https:\/\/www.idol.cz\/de\/produkt\/whirlpool\/anna-lite\/\",\"name\":\"Anna Lite \u2013 Outdoor-Whirlpool g\u00fcnstig in Aktion f\u00fcr den Garten\",\"isPartOf\":{\"@id\":\"https:\/\/www.idol.cz\/de\/#website\"},\"primaryImageOfPage\":{\"@id\":\"https:\/\/www.idol.cz\/de\/produkt\/whirlpool\/anna-lite\/#primaryimage\"},\"image\":{\"@id\":\"https:\/\/www.idol.cz\/de\/produkt\/whirlpool\/anna-lite\/#primaryimage\"},\"thumbnailUrl\":\"https:\/\/www.idol.cz\/wp-content\/uploads\/2019\/08\/idol-spas-anna-lite-2020.jpg\",\"datePublished\":\"2025-03-09T17:02:03+00:00\",\"description\":\"Whirlpool f\u00fcr bis zu 5 Personen. G\u00fcnstige tschechische Outdoor-Whirlpool nicht nur f\u00fcr den Garten, sondern auch f\u00fcr die Zwischen. G\u00fcnstig in Aktion. Verkauf Basar.\",\"breadcrumb\":{\"@id\":\"https:\/\/www.idol.cz\/de\/produkt\/whirlpool\/anna-lite\/#breadcrumb\"},\"inLanguage\":\"de\",\"potentialAction\":[{\"@type\":\"ReadAction\",\"target\":[\"https:\/\/www.idol.cz\/de\/produkt\/whirlpool\/anna-lite\/\"]}]},{\"@type\":\"ImageObject\",\"inLanguage\":\"de\",\"@id\":\"https:\/\/www.idol.cz\/de\/produkt\/whirlpool\/anna-lite\/#primaryimage\",\"url\":\"https:\/\/www.idol.cz\/wp-content\/uploads\/2019\/08\/idol-spas-anna-lite-2020.jpg\",\"contentUrl\":\"https:\/\/www.idol.cz\/wp-content\/uploads\/2019\/08\/idol-spas-anna-lite-2020.jpg\",\"width\":1080,\"height\":1080,\"caption\":\"Idol Spas Hot Tub Anna Lite\"},{\"@type\":\"BreadcrumbList\",\"@id\":\"https:\/\/www.idol.cz\/de\/produkt\/whirlpool\/anna-lite\/#breadcrumb\",\"itemListElement\":[{\"@type\":\"ListItem\",\"position\":1,\"name\":\"Dom\u016f\",\"item\":\"https:\/\/www.idol.cz\/de\/\"},{\"@type\":\"ListItem\",\"position\":2,\"name\":\"E-Shop\",\"item\":\"https:\/\/www.idol.cz\/de\/shop\/\"},{\"@type\":\"ListItem\",\"position\":3,\"name\":\"Whirlpool\",\"item\":\"https:\/\/www.idol.cz\/de\/kategorie-produktu\/whirlpool\/\"},{\"@type\":\"ListItem\",\"position\":4,\"name\":\"Anna Lite\"}]},{\"@type\":\"WebSite\",\"@id\":\"https:\/\/www.idol.cz\/de\/#website\",\"url\":\"https:\/\/www.idol.cz\/de\/\",\"name\":\"v\u00ed\u0159ivky venkovn\u00ed, swim spa, baz\u00e9ny\",\"description\":\"Luxusn\u00ed \u010desk\u00e9 v\u00ed\u0159ivky a swim spa\",\"publisher\":{\"@id\":\"https:\/\/www.idol.cz\/de\/#organization\"},\"potentialAction\":[{\"@type\":\"SearchAction\",\"target\":{\"@type\":\"EntryPoint\",\"urlTemplate\":\"https:\/\/www.idol.cz\/de\/?s={search_term_string}\"},\"query-input\":{\"@type\":\"PropertyValueSpecification\",\"valueRequired\":true,\"valueName\":\"search_term_string\"}}],\"inLanguage\":\"de\"},{\"@type\":\"Organization\",\"@id\":\"https:\/\/www.idol.cz\/de\/#organization\",\"name\":\"IDOL SPAS, s.r.o.\",\"url\":\"https:\/\/www.idol.cz\/de\/\",\"logo\":{\"@type\":\"ImageObject\",\"inLanguage\":\"de\",\"@id\":\"https:\/\/www.idol.cz\/de\/#\/schema\/logo\/image\/\",\"url\":\"https:\/\/www.idol.cz\/wp-content\/uploads\/2020\/02\/idol-spas-logo.png\",\"contentUrl\":\"https:\/\/www.idol.cz\/wp-content\/uploads\/2020\/02\/idol-spas-logo.png\",\"width\":512,\"height\":206,\"caption\":\"IDOL SPAS, s.r.o.\"},\"image\":{\"@id\":\"https:\/\/www.idol.cz\/de\/#\/schema\/logo\/image\/\"},\"sameAs\":[\"https:\/\/www.facebook.com\/IdolSpas\/\"]}]}<\/script>\n<!-- \/ Yoast SEO Premium plugin. -->","yoast_head_json":{"title":"Anna Lite \u2013 Outdoor-Whirlpool g\u00fcnstig in Aktion f\u00fcr den Garten","description":"Whirlpool f\u00fcr bis zu 5 Personen. G\u00fcnstige tschechische Outdoor-Whirlpool nicht nur f\u00fcr den Garten, sondern auch f\u00fcr die Zwischen. G\u00fcnstig in Aktion. Verkauf Basar.","robots":{"index":"index","follow":"follow","max-snippet":"max-snippet:-1","max-image-preview":"max-image-preview:large","max-video-preview":"max-video-preview:-1"},"canonical":"https:\/\/www.idol.cz\/de\/produkt\/whirlpool\/anna-lite\/","og_locale":"de_DE","og_type":"article","og_title":"Anna Lite","og_description":"Whirlpool f\u00fcr bis zu 5 Personen. G\u00fcnstige tschechische Outdoor-Whirlpool nicht nur f\u00fcr den Garten, sondern auch f\u00fcr die Zwischen. G\u00fcnstig in Aktion. Verkauf Basar.","og_url":"https:\/\/www.idol.cz\/de\/produkt\/whirlpool\/anna-lite\/","og_site_name":"Whirlpools im Freien, Swim Spa, Schwimmb\u00e4der","article_publisher":"https:\/\/www.facebook.com\/IdolSpas\/","twitter_card":"summary_large_image","twitter_image":"https:\/\/www.idol.cz\/wp-content\/uploads\/2019\/08\/idol-spas-anna-lite-2020.jpg","schema":{"@context":"https:\/\/schema.org","@graph":[{"@type":"WebPage","@id":"https:\/\/www.idol.cz\/de\/produkt\/whirlpool\/anna-lite\/","url":"https:\/\/www.idol.cz\/de\/produkt\/whirlpool\/anna-lite\/","name":"Anna Lite \u2013 Outdoor-Whirlpool g\u00fcnstig in Aktion f\u00fcr den Garten","isPartOf":{"@id":"https:\/\/www.idol.cz\/de\/#website"},"primaryImageOfPage":{"@id":"https:\/\/www.idol.cz\/de\/produkt\/whirlpool\/anna-lite\/#primaryimage"},"image":{"@id":"https:\/\/www.idol.cz\/de\/produkt\/whirlpool\/anna-lite\/#primaryimage"},"thumbnailUrl":"https:\/\/www.idol.cz\/wp-content\/uploads\/2019\/08\/idol-spas-anna-lite-2020.jpg","datePublished":"2025-03-09T17:02:03+00:00","description":"Whirlpool f\u00fcr bis zu 5 Personen. G\u00fcnstige tschechische Outdoor-Whirlpool nicht nur f\u00fcr den Garten, sondern auch f\u00fcr die Zwischen. G\u00fcnstig in Aktion. Verkauf Basar.","breadcrumb":{"@id":"https:\/\/www.idol.cz\/de\/produkt\/whirlpool\/anna-lite\/#breadcrumb"},"inLanguage":"de","potentialAction":[{"@type":"ReadAction","target":["https:\/\/www.idol.cz\/de\/produkt\/whirlpool\/anna-lite\/"]}]},{"@type":"ImageObject","inLanguage":"de","@id":"https:\/\/www.idol.cz\/de\/produkt\/whirlpool\/anna-lite\/#primaryimage","url":"https:\/\/www.idol.cz\/wp-content\/uploads\/2019\/08\/idol-spas-anna-lite-2020.jpg","contentUrl":"https:\/\/www.idol.cz\/wp-content\/uploads\/2019\/08\/idol-spas-anna-lite-2020.jpg","width":1080,"height":1080,"caption":"Idol Spas Hot Tub Anna Lite"},{"@type":"BreadcrumbList","@id":"https:\/\/www.idol.cz\/de\/produkt\/whirlpool\/anna-lite\/#breadcrumb","itemListElement":[{"@type":"ListItem","position":1,"name":"Dom\u016f","item":"https:\/\/www.idol.cz\/de\/"},{"@type":"ListItem","position":2,"name":"E-Shop","item":"https:\/\/www.idol.cz\/de\/shop\/"},{"@type":"ListItem","position":3,"name":"Whirlpool","item":"https:\/\/www.idol.cz\/de\/kategorie-produktu\/whirlpool\/"},{"@type":"ListItem","position":4,"name":"Anna Lite"}]},{"@type":"WebSite","@id":"https:\/\/www.idol.cz\/de\/#website","url":"https:\/\/www.idol.cz\/de\/","name":"v\u00ed\u0159ivky venkovn\u00ed, swim spa, baz\u00e9ny","description":"Luxusn\u00ed \u010desk\u00e9 v\u00ed\u0159ivky a swim spa","publisher":{"@id":"https:\/\/www.idol.cz\/de\/#organization"},"potentialAction":[{"@type":"SearchAction","target":{"@type":"EntryPoint","urlTemplate":"https:\/\/www.idol.cz\/de\/?s={search_term_string}"},"query-input":{"@type":"PropertyValueSpecification","valueRequired":true,"valueName":"search_term_string"}}],"inLanguage":"de"},{"@type":"Organization","@id":"https:\/\/www.idol.cz\/de\/#organization","name":"IDOL SPAS, s.r.o.","url":"https:\/\/www.idol.cz\/de\/","logo":{"@type":"ImageObject","inLanguage":"de","@id":"https:\/\/www.idol.cz\/de\/#\/schema\/logo\/image\/","url":"https:\/\/www.idol.cz\/wp-content\/uploads\/2020\/02\/idol-spas-logo.png","contentUrl":"https:\/\/www.idol.cz\/wp-content\/uploads\/2020\/02\/idol-spas-logo.png","width":512,"height":206,"caption":"IDOL SPAS, s.r.o."},"image":{"@id":"https:\/\/www.idol.cz\/de\/#\/schema\/logo\/image\/"},"sameAs":["https:\/\/www.facebook.com\/IdolSpas\/"]}]}},"_links":{"self":[{"href":"https:\/\/www.idol.cz\/de\/wp-json\/wp\/v2\/product\/14049"}],"collection":[{"href":"https:\/\/www.idol.cz\/de\/wp-json\/wp\/v2\/product"}],"about":[{"href":"https:\/\/www.idol.cz\/de\/wp-json\/wp\/v2\/types\/product"}],"wp:featuredmedia":[{"embeddable":true,"href":"https:\/\/www.idol.cz\/de\/wp-json\/wp\/v2\/media\/11421"}],"wp:attachment":[{"href":"https:\/\/www.idol.cz\/de\/wp-json\/wp\/v2\/media?parent=14049"}],"wp:term":[{"taxonomy":"product_cat","embeddable":true,"href":"https:\/\/www.idol.cz\/de\/wp-json\/wp\/v2\/product_cat?post=14049"},{"taxonomy":"product_tag","embeddable":true,"href":"https:\/\/www.idol.cz\/de\/wp-json\/wp\/v2\/product_tag?post=14049"}],"curies":[{"name":"wp","href":"https:\/\/api.w.org\/{rel}","templated":true}]}}