{"id":14179,"date":"2020-01-21T22:28:07","date_gmt":"2020-06-06T20:11:06","guid":{"rendered":"https:\/\/idol.cz\/produkt\/unkategorisiert\/thermozytenheber-pneumatisch\/"},"modified":"2020-06-06T22:11:18","modified_gmt":"2020-06-06T20:11:18","slug":"thermozyt-thermozyten-pneumatisch","status":"publish","type":"product","link":"https:\/\/www.idol.cz\/de\/produkt\/lifter-und-abdeckung-des-schwimmbades-und-desbades\/thermozyt-thermozyten-pneumatisch\/","title":{"rendered":"Thermozytenheber pneumatisch"},"content":{"rendered":"","protected":false},"excerpt":{"rendered":"","protected":false},"featured_media":11581,"template":"","meta":[],"product_cat":[171],"product_tag":[],"class_list":{"0":"post-14179","1":"product","2":"type-product","3":"status-publish","4":"has-post-thumbnail","6":"product_cat-lifter-und-abdeckung-des-schwimmbades-und-desbades","8":"first","9":"instock","10":"taxable","11":"shipping-taxable","12":"purchasable","13":"product-type-simple"},"yoast_head":"<!-- This site is optimized with the Yoast SEO Premium plugin v24.9 (Yoast SEO v24.9) - https:\/\/yoast.com\/wordpress\/plugins\/seo\/ -->\n<title>Thermozytenheber pneumatisch | Whirlpools im Freien, Swim Spa, Schwimmb\u00e4der<\/title>\n<meta name=\"robots\" content=\"index, follow, max-snippet:-1, max-image-preview:large, max-video-preview:-1\" \/>\n<link rel=\"canonical\" href=\"https:\/\/www.idol.cz\/de\/produkt\/lifter-und-abdeckung-des-schwimmbades-und-desbades\/thermozyt-thermozyten-pneumatisch\/\" \/>\n<meta property=\"og:locale\" content=\"de_DE\" \/>\n<meta property=\"og:type\" content=\"article\" \/>\n<meta property=\"og:title\" content=\"Thermozytenheber pneumatisch\" \/>\n<meta property=\"og:url\" content=\"https:\/\/www.idol.cz\/de\/produkt\/lifter-und-abdeckung-des-schwimmbades-und-desbades\/thermozyt-thermozyten-pneumatisch\/\" \/>\n<meta property=\"og:site_name\" content=\"Whirlpools im Freien, Swim Spa, Schwimmb\u00e4der\" \/>\n<meta property=\"article:publisher\" content=\"https:\/\/www.facebook.com\/IdolSpas\/\" \/>\n<meta property=\"article:modified_time\" content=\"2020-06-06T20:11:18+00:00\" \/>\n<meta property=\"og:image\" content=\"https:\/\/www.idol.cz\/wp-content\/uploads\/2020\/01\/5208f10e52bd7333fab4bd5e3b0d7c61-tub-cover-the-spa.jpg\" \/>\n\t<meta property=\"og:image:width\" content=\"474\" \/>\n\t<meta property=\"og:image:height\" content=\"474\" \/>\n\t<meta property=\"og:image:type\" content=\"image\/jpeg\" \/>\n<meta name=\"twitter:card\" content=\"summary_large_image\" \/>\n<script type=\"application\/ld+json\" class=\"yoast-schema-graph\">{\"@context\":\"https:\/\/schema.org\",\"@graph\":[{\"@type\":\"WebPage\",\"@id\":\"https:\/\/www.idol.cz\/de\/produkt\/lifter-und-abdeckung-des-schwimmbades-und-desbades\/thermozyt-thermozyten-pneumatisch\/\",\"url\":\"https:\/\/www.idol.cz\/de\/produkt\/lifter-und-abdeckung-des-schwimmbades-und-desbades\/thermozyt-thermozyten-pneumatisch\/\",\"name\":\"Thermozytenheber pneumatisch | Whirlpools im Freien, Swim Spa, Schwimmb\u00e4der\",\"isPartOf\":{\"@id\":\"\/#website\"},\"primaryImageOfPage\":{\"@id\":\"https:\/\/www.idol.cz\/de\/produkt\/lifter-und-abdeckung-des-schwimmbades-und-desbades\/thermozyt-thermozyten-pneumatisch\/#primaryimage\"},\"image\":{\"@id\":\"https:\/\/www.idol.cz\/de\/produkt\/lifter-und-abdeckung-des-schwimmbades-und-desbades\/thermozyt-thermozyten-pneumatisch\/#primaryimage\"},\"thumbnailUrl\":\"https:\/\/www.idol.cz\/wp-content\/uploads\/2020\/01\/5208f10e52bd7333fab4bd5e3b0d7c61-tub-cover-the-spa.jpg\",\"datePublished\":\"2020-06-06T20:11:06+00:00\",\"dateModified\":\"2020-06-06T20:11:18+00:00\",\"breadcrumb\":{\"@id\":\"https:\/\/www.idol.cz\/de\/produkt\/lifter-und-abdeckung-des-schwimmbades-und-desbades\/thermozyt-thermozyten-pneumatisch\/#breadcrumb\"},\"inLanguage\":\"de\",\"potentialAction\":[{\"@type\":\"ReadAction\",\"target\":[\"https:\/\/www.idol.cz\/de\/produkt\/lifter-und-abdeckung-des-schwimmbades-und-desbades\/thermozyt-thermozyten-pneumatisch\/\"]}]},{\"@type\":\"ImageObject\",\"inLanguage\":\"de\",\"@id\":\"https:\/\/www.idol.cz\/de\/produkt\/lifter-und-abdeckung-des-schwimmbades-und-desbades\/thermozyt-thermozyten-pneumatisch\/#primaryimage\",\"url\":\"https:\/\/www.idol.cz\/wp-content\/uploads\/2020\/01\/5208f10e52bd7333fab4bd5e3b0d7c61-tub-cover-the-spa.jpg\",\"contentUrl\":\"https:\/\/www.idol.cz\/wp-content\/uploads\/2020\/01\/5208f10e52bd7333fab4bd5e3b0d7c61-tub-cover-the-spa.jpg\",\"width\":474,\"height\":474,\"caption\":\"Whirlpool Thermocover-Heber\"},{\"@type\":\"BreadcrumbList\",\"@id\":\"https:\/\/www.idol.cz\/de\/produkt\/lifter-und-abdeckung-des-schwimmbades-und-desbades\/thermozyt-thermozyten-pneumatisch\/#breadcrumb\",\"itemListElement\":[{\"@type\":\"ListItem\",\"position\":1,\"name\":\"Dom\u016f\",\"item\":\"https:\/\/www.idol.cz\/de\/\"},{\"@type\":\"ListItem\",\"position\":2,\"name\":\"Pools\",\"item\":\"https:\/\/www.idol.cz\/de\/kategorie-produktu\/pools\/\"},{\"@type\":\"ListItem\",\"position\":3,\"name\":\"P\u0159\u00edslu\u0161enstv\u00ed baz\u00e9n\u016f swim spa\",\"item\":\"https:\/\/www.idol.cz\/kategorie-produktu\/bazeny-swim-spa\/prislusenstvi-bazenu-swim-spa\/\"},{\"@type\":\"ListItem\",\"position\":4,\"name\":\"Lifter und Abdeckung des Schwimmbades und Desbades\",\"item\":\"https:\/\/www.idol.cz\/de\/kategorie-produktu\/lifter-und-abdeckung-des-schwimmbades-und-desbades\/\"},{\"@type\":\"ListItem\",\"position\":5,\"name\":\"Thermozytenheber pneumatisch\"}]},{\"@type\":\"WebSite\",\"@id\":\"\/#website\",\"url\":\"\/\",\"name\":\"v\u00ed\u0159ivky venkovn\u00ed, swim spa, baz\u00e9ny\",\"description\":\"Luxusn\u00ed \u010desk\u00e9 v\u00ed\u0159ivky a swim spa\",\"publisher\":{\"@id\":\"\/#organization\"},\"potentialAction\":[{\"@type\":\"SearchAction\",\"target\":{\"@type\":\"EntryPoint\",\"urlTemplate\":\"\/?s={search_term_string}\"},\"query-input\":{\"@type\":\"PropertyValueSpecification\",\"valueRequired\":true,\"valueName\":\"search_term_string\"}}],\"inLanguage\":\"de\"},{\"@type\":\"Organization\",\"@id\":\"\/#organization\",\"name\":\"IDOL SPAS, s.r.o.\",\"url\":\"\/\",\"logo\":{\"@type\":\"ImageObject\",\"inLanguage\":\"de\",\"@id\":\"\/#\/schema\/logo\/image\/\",\"url\":\"https:\/\/www.idol.cz\/wp-content\/uploads\/2020\/02\/idol-spas-logo.png\",\"contentUrl\":\"https:\/\/www.idol.cz\/wp-content\/uploads\/2020\/02\/idol-spas-logo.png\",\"width\":512,\"height\":206,\"caption\":\"IDOL SPAS, s.r.o.\"},\"image\":{\"@id\":\"\/#\/schema\/logo\/image\/\"},\"sameAs\":[\"https:\/\/www.facebook.com\/IdolSpas\/\"]}]}<\/script>\n<!-- \/ Yoast SEO Premium plugin. -->","yoast_head_json":{"title":"Thermozytenheber pneumatisch | Whirlpools im Freien, Swim Spa, Schwimmb\u00e4der","robots":{"index":"index","follow":"follow","max-snippet":"max-snippet:-1","max-image-preview":"max-image-preview:large","max-video-preview":"max-video-preview:-1"},"canonical":"https:\/\/www.idol.cz\/de\/produkt\/lifter-und-abdeckung-des-schwimmbades-und-desbades\/thermozyt-thermozyten-pneumatisch\/","og_locale":"de_DE","og_type":"article","og_title":"Thermozytenheber pneumatisch","og_url":"https:\/\/www.idol.cz\/de\/produkt\/lifter-und-abdeckung-des-schwimmbades-und-desbades\/thermozyt-thermozyten-pneumatisch\/","og_site_name":"Whirlpools im Freien, Swim Spa, Schwimmb\u00e4der","article_publisher":"https:\/\/www.facebook.com\/IdolSpas\/","article_modified_time":"2020-06-06T20:11:18+00:00","og_image":[{"width":474,"height":474,"url":"https:\/\/www.idol.cz\/wp-content\/uploads\/2020\/01\/5208f10e52bd7333fab4bd5e3b0d7c61-tub-cover-the-spa.jpg","type":"image\/jpeg"}],"twitter_card":"summary_large_image","schema":{"@context":"https:\/\/schema.org","@graph":[{"@type":"WebPage","@id":"https:\/\/www.idol.cz\/de\/produkt\/lifter-und-abdeckung-des-schwimmbades-und-desbades\/thermozyt-thermozyten-pneumatisch\/","url":"https:\/\/www.idol.cz\/de\/produkt\/lifter-und-abdeckung-des-schwimmbades-und-desbades\/thermozyt-thermozyten-pneumatisch\/","name":"Thermozytenheber pneumatisch | Whirlpools im Freien, Swim Spa, Schwimmb\u00e4der","isPartOf":{"@id":"\/#website"},"primaryImageOfPage":{"@id":"https:\/\/www.idol.cz\/de\/produkt\/lifter-und-abdeckung-des-schwimmbades-und-desbades\/thermozyt-thermozyten-pneumatisch\/#primaryimage"},"image":{"@id":"https:\/\/www.idol.cz\/de\/produkt\/lifter-und-abdeckung-des-schwimmbades-und-desbades\/thermozyt-thermozyten-pneumatisch\/#primaryimage"},"thumbnailUrl":"https:\/\/www.idol.cz\/wp-content\/uploads\/2020\/01\/5208f10e52bd7333fab4bd5e3b0d7c61-tub-cover-the-spa.jpg","datePublished":"2020-06-06T20:11:06+00:00","dateModified":"2020-06-06T20:11:18+00:00","breadcrumb":{"@id":"https:\/\/www.idol.cz\/de\/produkt\/lifter-und-abdeckung-des-schwimmbades-und-desbades\/thermozyt-thermozyten-pneumatisch\/#breadcrumb"},"inLanguage":"de","potentialAction":[{"@type":"ReadAction","target":["https:\/\/www.idol.cz\/de\/produkt\/lifter-und-abdeckung-des-schwimmbades-und-desbades\/thermozyt-thermozyten-pneumatisch\/"]}]},{"@type":"ImageObject","inLanguage":"de","@id":"https:\/\/www.idol.cz\/de\/produkt\/lifter-und-abdeckung-des-schwimmbades-und-desbades\/thermozyt-thermozyten-pneumatisch\/#primaryimage","url":"https:\/\/www.idol.cz\/wp-content\/uploads\/2020\/01\/5208f10e52bd7333fab4bd5e3b0d7c61-tub-cover-the-spa.jpg","contentUrl":"https:\/\/www.idol.cz\/wp-content\/uploads\/2020\/01\/5208f10e52bd7333fab4bd5e3b0d7c61-tub-cover-the-spa.jpg","width":474,"height":474,"caption":"Whirlpool Thermocover-Heber"},{"@type":"BreadcrumbList","@id":"https:\/\/www.idol.cz\/de\/produkt\/lifter-und-abdeckung-des-schwimmbades-und-desbades\/thermozyt-thermozyten-pneumatisch\/#breadcrumb","itemListElement":[{"@type":"ListItem","position":1,"name":"Dom\u016f","item":"https:\/\/www.idol.cz\/de\/"},{"@type":"ListItem","position":2,"name":"Pools","item":"https:\/\/www.idol.cz\/de\/kategorie-produktu\/pools\/"},{"@type":"ListItem","position":3,"name":"P\u0159\u00edslu\u0161enstv\u00ed baz\u00e9n\u016f swim spa","item":"https:\/\/www.idol.cz\/kategorie-produktu\/bazeny-swim-spa\/prislusenstvi-bazenu-swim-spa\/"},{"@type":"ListItem","position":4,"name":"Lifter und Abdeckung des Schwimmbades und Desbades","item":"https:\/\/www.idol.cz\/de\/kategorie-produktu\/lifter-und-abdeckung-des-schwimmbades-und-desbades\/"},{"@type":"ListItem","position":5,"name":"Thermozytenheber pneumatisch"}]},{"@type":"WebSite","@id":"\/#website","url":"\/","name":"v\u00ed\u0159ivky venkovn\u00ed, swim spa, baz\u00e9ny","description":"Luxusn\u00ed \u010desk\u00e9 v\u00ed\u0159ivky a swim spa","publisher":{"@id":"\/#organization"},"potentialAction":[{"@type":"SearchAction","target":{"@type":"EntryPoint","urlTemplate":"\/?s={search_term_string}"},"query-input":{"@type":"PropertyValueSpecification","valueRequired":true,"valueName":"search_term_string"}}],"inLanguage":"de"},{"@type":"Organization","@id":"\/#organization","name":"IDOL SPAS, s.r.o.","url":"\/","logo":{"@type":"ImageObject","inLanguage":"de","@id":"\/#\/schema\/logo\/image\/","url":"https:\/\/www.idol.cz\/wp-content\/uploads\/2020\/02\/idol-spas-logo.png","contentUrl":"https:\/\/www.idol.cz\/wp-content\/uploads\/2020\/02\/idol-spas-logo.png","width":512,"height":206,"caption":"IDOL SPAS, s.r.o."},"image":{"@id":"\/#\/schema\/logo\/image\/"},"sameAs":["https:\/\/www.facebook.com\/IdolSpas\/"]}]}},"_links":{"self":[{"href":"https:\/\/www.idol.cz\/de\/wp-json\/wp\/v2\/product\/14179"}],"collection":[{"href":"https:\/\/www.idol.cz\/de\/wp-json\/wp\/v2\/product"}],"about":[{"href":"https:\/\/www.idol.cz\/de\/wp-json\/wp\/v2\/types\/product"}],"wp:featuredmedia":[{"embeddable":true,"href":"https:\/\/www.idol.cz\/de\/wp-json\/wp\/v2\/media\/11581"}],"wp:attachment":[{"href":"https:\/\/www.idol.cz\/de\/wp-json\/wp\/v2\/media?parent=14179"}],"wp:term":[{"taxonomy":"product_cat","embeddable":true,"href":"https:\/\/www.idol.cz\/de\/wp-json\/wp\/v2\/product_cat?post=14179"},{"taxonomy":"product_tag","embeddable":true,"href":"https:\/\/www.idol.cz\/de\/wp-json\/wp\/v2\/product_tag?post=14179"}],"curies":[{"name":"wp","href":"https:\/\/api.w.org\/{rel}","templated":true}]}}