{"id":14417,"date":"2025-03-08T15:22:09","date_gmt":"2020-06-06T20:12:10","guid":{"rendered":"https:\/\/idol.cz\/produkt\/unkategorisiert\/ema-familie\/"},"modified":"2022-03-14T10:10:02","modified_gmt":"2022-03-14T09:10:02","slug":"ema-familie","status":"publish","type":"product","link":"https:\/\/www.idol.cz\/de\/produkt\/whirlpool\/ema-familie\/","title":{"rendered":"Ema-Familie"},"content":{"rendered":"<h3>Luxus Hot Tub Ema Lite<\/h3>\n<ul>\n<li>Whirlpool f\u00fcr bis zu <strong>5 Personen<\/strong><\/li>\n<li>Ger\u00e4te der weltweit f\u00fchrenden Hersteller<\/li>\n<li>Einstellbare Dreh- und gerade D\u00fcsen von CMP<\/li>\n<li>Farben von Acryl, Thermocover und Verkleidung ihrer Wahl<\/li>\n<li><strong>Neuer Whirlpool wird in nur 5-30 Tagen geliefert<\/strong><\/li>\n<\/ul>\n","protected":false},"excerpt":{"rendered":"<h2>Mama hat Emma, Emma hat eine Badewanne. Wir sind gl\u00fccklich!<\/h2>\n","protected":false},"featured_media":16288,"template":"","meta":[],"product_cat":[158],"product_tag":[],"class_list":{"0":"post-14417","1":"product","2":"type-product","3":"status-publish","4":"has-post-thumbnail","6":"product_cat-whirlpool","8":"first","9":"instock","10":"sale","11":"taxable","12":"shipping-taxable","13":"purchasable","14":"product-type-simple"},"yoast_head":"<!-- This site is optimized with the Yoast SEO Premium plugin v24.9 (Yoast SEO v24.9) - https:\/\/yoast.com\/wordpress\/plugins\/seo\/ -->\n<title>Ema-Familie \u2013 Luxus-Whirlpool-Seite | Whirlpools im Freien, Swim Spa, Schwimmb\u00e4der<\/title>\n<meta name=\"description\" content=\"Erleben Sie eine echte Entspannung und lassen Sie sich von perfekt therapeutischen Str\u00f6mungen im Whirlpool f\u00fcr bis zu 5 Personen verw\u00f6hnen. Es wird Ihnen die maximale Funktionalit\u00e4t und erstaunliches Design.\" \/>\n<meta name=\"robots\" content=\"index, follow, max-snippet:-1, max-image-preview:large, max-video-preview:-1\" \/>\n<link rel=\"canonical\" href=\"https:\/\/www.idol.cz\/de\/produkt\/whirlpool\/ema-familie\/\" \/>\n<meta property=\"og:locale\" content=\"de_DE\" \/>\n<meta property=\"og:type\" content=\"article\" \/>\n<meta property=\"og:title\" content=\"Ema-Familie\" \/>\n<meta property=\"og:description\" content=\"Erleben Sie eine echte Entspannung und lassen Sie sich von perfekt therapeutischen Str\u00f6mungen im Whirlpool f\u00fcr bis zu 5 Personen verw\u00f6hnen. Es wird Ihnen die maximale Funktionalit\u00e4t und erstaunliches Design.\" \/>\n<meta property=\"og:url\" content=\"https:\/\/www.idol.cz\/de\/produkt\/whirlpool\/ema-familie\/\" \/>\n<meta property=\"og:site_name\" content=\"Whirlpools im Freien, Swim Spa, Schwimmb\u00e4der\" \/>\n<meta property=\"article:publisher\" content=\"https:\/\/www.facebook.com\/IdolSpas\/\" \/>\n<meta property=\"article:modified_time\" content=\"2022-03-14T09:10:02+00:00\" \/>\n<meta name=\"twitter:card\" content=\"summary_large_image\" \/>\n<meta name=\"twitter:image\" content=\"https:\/\/www.idol.cz\/wp-content\/uploads\/2020\/04\/virivky-ema-family-idol-spas.jpg\" \/>\n<script type=\"application\/ld+json\" class=\"yoast-schema-graph\">{\"@context\":\"https:\/\/schema.org\",\"@graph\":[{\"@type\":\"WebPage\",\"@id\":\"https:\/\/www.idol.cz\/de\/produkt\/whirlpool\/ema-familie\/\",\"url\":\"https:\/\/www.idol.cz\/de\/produkt\/whirlpool\/ema-familie\/\",\"name\":\"Ema-Familie \u2013 Luxus-Whirlpool-Seite | Whirlpools im Freien, Swim Spa, Schwimmb\u00e4der\",\"isPartOf\":{\"@id\":\"https:\/\/www.idol.cz\/de\/#website\"},\"primaryImageOfPage\":{\"@id\":\"https:\/\/www.idol.cz\/de\/produkt\/whirlpool\/ema-familie\/#primaryimage\"},\"image\":{\"@id\":\"https:\/\/www.idol.cz\/de\/produkt\/whirlpool\/ema-familie\/#primaryimage\"},\"thumbnailUrl\":\"https:\/\/www.idol.cz\/wp-content\/uploads\/2020\/04\/virivky-ema-family-idol-spas.jpg\",\"datePublished\":\"2020-06-06T20:12:10+00:00\",\"dateModified\":\"2022-03-14T09:10:02+00:00\",\"description\":\"Erleben Sie eine echte Entspannung und lassen Sie sich von perfekt therapeutischen Str\u00f6mungen im Whirlpool f\u00fcr bis zu 5 Personen verw\u00f6hnen. Es wird Ihnen die maximale Funktionalit\u00e4t und erstaunliches Design.\",\"breadcrumb\":{\"@id\":\"https:\/\/www.idol.cz\/de\/produkt\/whirlpool\/ema-familie\/#breadcrumb\"},\"inLanguage\":\"de\",\"potentialAction\":[{\"@type\":\"ReadAction\",\"target\":[\"https:\/\/www.idol.cz\/de\/produkt\/whirlpool\/ema-familie\/\"]}]},{\"@type\":\"ImageObject\",\"inLanguage\":\"de\",\"@id\":\"https:\/\/www.idol.cz\/de\/produkt\/whirlpool\/ema-familie\/#primaryimage\",\"url\":\"https:\/\/www.idol.cz\/wp-content\/uploads\/2020\/04\/virivky-ema-family-idol-spas.jpg\",\"contentUrl\":\"https:\/\/www.idol.cz\/wp-content\/uploads\/2020\/04\/virivky-ema-family-idol-spas.jpg\",\"width\":768,\"height\":768,\"caption\":\"Idol Spas Hot Tub Ema Lite\"},{\"@type\":\"BreadcrumbList\",\"@id\":\"https:\/\/www.idol.cz\/de\/produkt\/whirlpool\/ema-familie\/#breadcrumb\",\"itemListElement\":[{\"@type\":\"ListItem\",\"position\":1,\"name\":\"Dom\u016f\",\"item\":\"https:\/\/www.idol.cz\/de\/\"},{\"@type\":\"ListItem\",\"position\":2,\"name\":\"E-Shop\",\"item\":\"https:\/\/www.idol.cz\/de\/shop\/\"},{\"@type\":\"ListItem\",\"position\":3,\"name\":\"Whirlpool\",\"item\":\"https:\/\/www.idol.cz\/de\/kategorie-produktu\/whirlpool\/\"},{\"@type\":\"ListItem\",\"position\":4,\"name\":\"Ema-Familie\"}]},{\"@type\":\"WebSite\",\"@id\":\"https:\/\/www.idol.cz\/de\/#website\",\"url\":\"https:\/\/www.idol.cz\/de\/\",\"name\":\"v\u00ed\u0159ivky venkovn\u00ed, swim spa, baz\u00e9ny\",\"description\":\"Luxusn\u00ed \u010desk\u00e9 v\u00ed\u0159ivky a swim spa\",\"publisher\":{\"@id\":\"https:\/\/www.idol.cz\/de\/#organization\"},\"potentialAction\":[{\"@type\":\"SearchAction\",\"target\":{\"@type\":\"EntryPoint\",\"urlTemplate\":\"https:\/\/www.idol.cz\/de\/?s={search_term_string}\"},\"query-input\":{\"@type\":\"PropertyValueSpecification\",\"valueRequired\":true,\"valueName\":\"search_term_string\"}}],\"inLanguage\":\"de\"},{\"@type\":\"Organization\",\"@id\":\"https:\/\/www.idol.cz\/de\/#organization\",\"name\":\"IDOL SPAS, s.r.o.\",\"url\":\"https:\/\/www.idol.cz\/de\/\",\"logo\":{\"@type\":\"ImageObject\",\"inLanguage\":\"de\",\"@id\":\"https:\/\/www.idol.cz\/de\/#\/schema\/logo\/image\/\",\"url\":\"https:\/\/www.idol.cz\/wp-content\/uploads\/2020\/02\/idol-spas-logo.png\",\"contentUrl\":\"https:\/\/www.idol.cz\/wp-content\/uploads\/2020\/02\/idol-spas-logo.png\",\"width\":512,\"height\":206,\"caption\":\"IDOL SPAS, s.r.o.\"},\"image\":{\"@id\":\"https:\/\/www.idol.cz\/de\/#\/schema\/logo\/image\/\"},\"sameAs\":[\"https:\/\/www.facebook.com\/IdolSpas\/\"]}]}<\/script>\n<!-- \/ Yoast SEO Premium plugin. -->","yoast_head_json":{"title":"Ema-Familie \u2013 Luxus-Whirlpool-Seite | Whirlpools im Freien, Swim Spa, Schwimmb\u00e4der","description":"Erleben Sie eine echte Entspannung und lassen Sie sich von perfekt therapeutischen Str\u00f6mungen im Whirlpool f\u00fcr bis zu 5 Personen verw\u00f6hnen. Es wird Ihnen die maximale Funktionalit\u00e4t und erstaunliches Design.","robots":{"index":"index","follow":"follow","max-snippet":"max-snippet:-1","max-image-preview":"max-image-preview:large","max-video-preview":"max-video-preview:-1"},"canonical":"https:\/\/www.idol.cz\/de\/produkt\/whirlpool\/ema-familie\/","og_locale":"de_DE","og_type":"article","og_title":"Ema-Familie","og_description":"Erleben Sie eine echte Entspannung und lassen Sie sich von perfekt therapeutischen Str\u00f6mungen im Whirlpool f\u00fcr bis zu 5 Personen verw\u00f6hnen. Es wird Ihnen die maximale Funktionalit\u00e4t und erstaunliches Design.","og_url":"https:\/\/www.idol.cz\/de\/produkt\/whirlpool\/ema-familie\/","og_site_name":"Whirlpools im Freien, Swim Spa, Schwimmb\u00e4der","article_publisher":"https:\/\/www.facebook.com\/IdolSpas\/","article_modified_time":"2022-03-14T09:10:02+00:00","twitter_card":"summary_large_image","twitter_image":"https:\/\/www.idol.cz\/wp-content\/uploads\/2020\/04\/virivky-ema-family-idol-spas.jpg","schema":{"@context":"https:\/\/schema.org","@graph":[{"@type":"WebPage","@id":"https:\/\/www.idol.cz\/de\/produkt\/whirlpool\/ema-familie\/","url":"https:\/\/www.idol.cz\/de\/produkt\/whirlpool\/ema-familie\/","name":"Ema-Familie \u2013 Luxus-Whirlpool-Seite | Whirlpools im Freien, Swim Spa, Schwimmb\u00e4der","isPartOf":{"@id":"https:\/\/www.idol.cz\/de\/#website"},"primaryImageOfPage":{"@id":"https:\/\/www.idol.cz\/de\/produkt\/whirlpool\/ema-familie\/#primaryimage"},"image":{"@id":"https:\/\/www.idol.cz\/de\/produkt\/whirlpool\/ema-familie\/#primaryimage"},"thumbnailUrl":"https:\/\/www.idol.cz\/wp-content\/uploads\/2020\/04\/virivky-ema-family-idol-spas.jpg","datePublished":"2020-06-06T20:12:10+00:00","dateModified":"2022-03-14T09:10:02+00:00","description":"Erleben Sie eine echte Entspannung und lassen Sie sich von perfekt therapeutischen Str\u00f6mungen im Whirlpool f\u00fcr bis zu 5 Personen verw\u00f6hnen. Es wird Ihnen die maximale Funktionalit\u00e4t und erstaunliches Design.","breadcrumb":{"@id":"https:\/\/www.idol.cz\/de\/produkt\/whirlpool\/ema-familie\/#breadcrumb"},"inLanguage":"de","potentialAction":[{"@type":"ReadAction","target":["https:\/\/www.idol.cz\/de\/produkt\/whirlpool\/ema-familie\/"]}]},{"@type":"ImageObject","inLanguage":"de","@id":"https:\/\/www.idol.cz\/de\/produkt\/whirlpool\/ema-familie\/#primaryimage","url":"https:\/\/www.idol.cz\/wp-content\/uploads\/2020\/04\/virivky-ema-family-idol-spas.jpg","contentUrl":"https:\/\/www.idol.cz\/wp-content\/uploads\/2020\/04\/virivky-ema-family-idol-spas.jpg","width":768,"height":768,"caption":"Idol Spas Hot Tub Ema Lite"},{"@type":"BreadcrumbList","@id":"https:\/\/www.idol.cz\/de\/produkt\/whirlpool\/ema-familie\/#breadcrumb","itemListElement":[{"@type":"ListItem","position":1,"name":"Dom\u016f","item":"https:\/\/www.idol.cz\/de\/"},{"@type":"ListItem","position":2,"name":"E-Shop","item":"https:\/\/www.idol.cz\/de\/shop\/"},{"@type":"ListItem","position":3,"name":"Whirlpool","item":"https:\/\/www.idol.cz\/de\/kategorie-produktu\/whirlpool\/"},{"@type":"ListItem","position":4,"name":"Ema-Familie"}]},{"@type":"WebSite","@id":"https:\/\/www.idol.cz\/de\/#website","url":"https:\/\/www.idol.cz\/de\/","name":"v\u00ed\u0159ivky venkovn\u00ed, swim spa, baz\u00e9ny","description":"Luxusn\u00ed \u010desk\u00e9 v\u00ed\u0159ivky a swim spa","publisher":{"@id":"https:\/\/www.idol.cz\/de\/#organization"},"potentialAction":[{"@type":"SearchAction","target":{"@type":"EntryPoint","urlTemplate":"https:\/\/www.idol.cz\/de\/?s={search_term_string}"},"query-input":{"@type":"PropertyValueSpecification","valueRequired":true,"valueName":"search_term_string"}}],"inLanguage":"de"},{"@type":"Organization","@id":"https:\/\/www.idol.cz\/de\/#organization","name":"IDOL SPAS, s.r.o.","url":"https:\/\/www.idol.cz\/de\/","logo":{"@type":"ImageObject","inLanguage":"de","@id":"https:\/\/www.idol.cz\/de\/#\/schema\/logo\/image\/","url":"https:\/\/www.idol.cz\/wp-content\/uploads\/2020\/02\/idol-spas-logo.png","contentUrl":"https:\/\/www.idol.cz\/wp-content\/uploads\/2020\/02\/idol-spas-logo.png","width":512,"height":206,"caption":"IDOL SPAS, s.r.o."},"image":{"@id":"https:\/\/www.idol.cz\/de\/#\/schema\/logo\/image\/"},"sameAs":["https:\/\/www.facebook.com\/IdolSpas\/"]}]}},"_links":{"self":[{"href":"https:\/\/www.idol.cz\/de\/wp-json\/wp\/v2\/product\/14417"}],"collection":[{"href":"https:\/\/www.idol.cz\/de\/wp-json\/wp\/v2\/product"}],"about":[{"href":"https:\/\/www.idol.cz\/de\/wp-json\/wp\/v2\/types\/product"}],"wp:featuredmedia":[{"embeddable":true,"href":"https:\/\/www.idol.cz\/de\/wp-json\/wp\/v2\/media\/16288"}],"wp:attachment":[{"href":"https:\/\/www.idol.cz\/de\/wp-json\/wp\/v2\/media?parent=14417"}],"wp:term":[{"taxonomy":"product_cat","embeddable":true,"href":"https:\/\/www.idol.cz\/de\/wp-json\/wp\/v2\/product_cat?post=14417"},{"taxonomy":"product_tag","embeddable":true,"href":"https:\/\/www.idol.cz\/de\/wp-json\/wp\/v2\/product_tag?post=14417"}],"curies":[{"name":"wp","href":"https:\/\/api.w.org\/{rel}","templated":true}]}}