{"id":17298,"date":"2021-01-27T15:54:42","date_gmt":"2021-01-27T14:54:42","guid":{"rendered":"https:\/\/www.idol.cz\/?post_type=product&#038;p=17298"},"modified":"2021-01-27T19:15:27","modified_gmt":"2021-01-27T18:15:27","slug":"dunkle-eiche-farbe-kopirovat-2","status":"publish","type":"product","link":"https:\/\/www.idol.cz\/de\/produkt\/whirlpool\/weitere-whirlpool-optionen\/whirlpool-thermocover\/dunkle-eiche-farbe-kopirovat-2\/","title":{"rendered":"Farbe hellgraue"},"content":{"rendered":"\t\t<div data-elementor-type=\"product-post\" data-elementor-id=\"17298\" class=\"elementor elementor-17298 elementor-17297\" data-elementor-post-type=\"product\">\n\t\t\t\t\t\t<section class=\"ob-is-breaking-bad elementor-section elementor-top-section elementor-element elementor-element-64cabfda elementor-section-boxed elementor-section-height-default elementor-section-height-default\" data-id=\"64cabfda\" data-element_type=\"section\" data-settings=\"{&quot;_ob_bbad_use_it&quot;:&quot;yes&quot;,&quot;_ob_bbad_sssic_use&quot;:&quot;no&quot;}\">\n\t\t\t\t\t\t<div class=\"elementor-container elementor-column-gap-default\">\n\t\t\t\t\t<div class=\"elementor-column elementor-col-100 elementor-top-column elementor-element elementor-element-72710326\" data-id=\"72710326\" data-element_type=\"column\" data-settings=\"{&quot;_ob_bbad_is_stalker&quot;:&quot;no&quot;,&quot;_ob_teleporter_use&quot;:false}\">\n\t\t\t<div class=\"elementor-widget-wrap elementor-element-populated\">\n\t\t\t\t\t\t<div class=\"elementor-element elementor-element-98e857d ob-harakiri-inherit elementor-widget elementor-widget-text-editor\" data-id=\"98e857d\" data-element_type=\"widget\" data-settings=\"{&quot;_ob_use_harakiri&quot;:&quot;yes&quot;,&quot;_ob_harakiri_writing_mode&quot;:&quot;inherit&quot;,&quot;_ob_widget_stalker_use&quot;:&quot;no&quot;}\" data-widget_type=\"text-editor.default\">\n\t\t\t\t\t\t\t\t\t<p><strong><span style=\"font-size: 14pt;\">Thermocover f\u00fcr Whirlpools.<\/span><\/strong><\/p><p><span style=\"font-size: 14pt;\">Unsere hochwertigen W\u00e4rmeabdeckungen sind ein wichtiger Bestandteil Ihres Spas und wurden entwickelt, um warm zu bleiben und Ihre Energiekosten zu senken.<\/span><br \/><span style=\"font-size: 14pt;\">Erh\u00e4ltlich in f\u00fcnf Farben Ihrer Wahl. F\u00fcr das Lite-Modell sind nur wenige verf\u00fcgbar.<\/span><\/p><p><strong><span style=\"font-size: 14pt;\">Farbe 5.<\/span><\/strong><\/p>\t\t\t\t\t\t\t\t<\/div>\n\t\t\t\t\t<\/div>\n\t\t<\/div>\n\t\t\t\t\t<\/div>\n\t\t<\/section>\n\t\t\t\t<\/div>\n\t\t","protected":false},"excerpt":{"rendered":"<p>Thermocover f\u00fcr Whirlpools. Unsere hochwertigen W\u00e4rmeabdeckungen sind ein wichtiger Bestandteil Ihres Spas und wurden entwickelt, um warm zu bleiben und Ihre Energiekosten zu senken. Erh\u00e4ltlich in f\u00fcnf Farben Ihrer Wahl. F\u00fcr das Lite-Modell sind nur wenige verf\u00fcgbar. Farbe 5.<\/p>\n","protected":false},"featured_media":11453,"template":"","meta":[],"product_cat":[156],"product_tag":[],"class_list":{"0":"post-17298","1":"product","2":"type-product","3":"status-publish","4":"has-post-thumbnail","6":"product_cat-whirlpool-thermocover","8":"first","9":"instock","10":"taxable","11":"shipping-taxable","12":"purchasable","13":"product-type-simple"},"yoast_head":"<!-- This site is optimized with the Yoast SEO Premium plugin v24.9 (Yoast SEO v24.9) - https:\/\/yoast.com\/wordpress\/plugins\/seo\/ -->\n<title>Farbe hellgraue | Whirlpools im Freien, Swim Spa, Schwimmb\u00e4der<\/title>\n<meta name=\"robots\" content=\"index, follow, max-snippet:-1, max-image-preview:large, max-video-preview:-1\" \/>\n<link rel=\"canonical\" href=\"https:\/\/www.idol.cz\/de\/produkt\/whirlpool\/weitere-whirlpool-optionen\/whirlpool-thermocover\/dunkle-eiche-farbe-kopirovat-2\/\" \/>\n<meta property=\"og:locale\" content=\"de_DE\" \/>\n<meta property=\"og:type\" content=\"article\" \/>\n<meta property=\"og:title\" content=\"Farbe hellgraue\" \/>\n<meta property=\"og:description\" content=\"Thermocover f\u00fcr Whirlpools. Unsere hochwertigen W\u00e4rmeabdeckungen sind ein wichtiger Bestandteil Ihres Spas und wurden entwickelt, um warm zu bleiben und Ihre Energiekosten zu senken. Erh\u00e4ltlich in f\u00fcnf Farben Ihrer Wahl. F\u00fcr das Lite-Modell sind nur wenige verf\u00fcgbar. Farbe 5.\" \/>\n<meta property=\"og:url\" content=\"https:\/\/www.idol.cz\/de\/produkt\/whirlpool\/weitere-whirlpool-optionen\/whirlpool-thermocover\/dunkle-eiche-farbe-kopirovat-2\/\" \/>\n<meta property=\"og:site_name\" content=\"Whirlpools im Freien, Swim Spa, Schwimmb\u00e4der\" \/>\n<meta property=\"article:publisher\" content=\"https:\/\/www.facebook.com\/IdolSpas\/\" \/>\n<meta property=\"article:modified_time\" content=\"2021-01-27T18:15:27+00:00\" \/>\n<meta property=\"og:image\" content=\"https:\/\/www.idol.cz\/wp-content\/uploads\/2020\/01\/idol-spas-barva-termokrytu-virivky-05.jpg\" \/>\n\t<meta property=\"og:image:width\" content=\"960\" \/>\n\t<meta property=\"og:image:height\" content=\"960\" \/>\n\t<meta property=\"og:image:type\" content=\"image\/jpeg\" \/>\n<meta name=\"twitter:card\" content=\"summary_large_image\" \/>\n<script type=\"application\/ld+json\" class=\"yoast-schema-graph\">{\"@context\":\"https:\/\/schema.org\",\"@graph\":[{\"@type\":\"WebPage\",\"@id\":\"https:\/\/www.idol.cz\/de\/produkt\/whirlpool\/weitere-whirlpool-optionen\/whirlpool-thermocover\/dunkle-eiche-farbe-kopirovat-2\/\",\"url\":\"https:\/\/www.idol.cz\/de\/produkt\/whirlpool\/weitere-whirlpool-optionen\/whirlpool-thermocover\/dunkle-eiche-farbe-kopirovat-2\/\",\"name\":\"Farbe hellgraue | Whirlpools im Freien, Swim Spa, Schwimmb\u00e4der\",\"isPartOf\":{\"@id\":\"https:\/\/www.idol.cz\/de\/#website\"},\"primaryImageOfPage\":{\"@id\":\"https:\/\/www.idol.cz\/de\/produkt\/whirlpool\/weitere-whirlpool-optionen\/whirlpool-thermocover\/dunkle-eiche-farbe-kopirovat-2\/#primaryimage\"},\"image\":{\"@id\":\"https:\/\/www.idol.cz\/de\/produkt\/whirlpool\/weitere-whirlpool-optionen\/whirlpool-thermocover\/dunkle-eiche-farbe-kopirovat-2\/#primaryimage\"},\"thumbnailUrl\":\"https:\/\/www.idol.cz\/wp-content\/uploads\/2020\/01\/idol-spas-barva-termokrytu-virivky-05.jpg\",\"datePublished\":\"2021-01-27T14:54:42+00:00\",\"dateModified\":\"2021-01-27T18:15:27+00:00\",\"breadcrumb\":{\"@id\":\"https:\/\/www.idol.cz\/de\/produkt\/whirlpool\/weitere-whirlpool-optionen\/whirlpool-thermocover\/dunkle-eiche-farbe-kopirovat-2\/#breadcrumb\"},\"inLanguage\":\"de\",\"potentialAction\":[{\"@type\":\"ReadAction\",\"target\":[\"https:\/\/www.idol.cz\/de\/produkt\/whirlpool\/weitere-whirlpool-optionen\/whirlpool-thermocover\/dunkle-eiche-farbe-kopirovat-2\/\"]}]},{\"@type\":\"ImageObject\",\"inLanguage\":\"de\",\"@id\":\"https:\/\/www.idol.cz\/de\/produkt\/whirlpool\/weitere-whirlpool-optionen\/whirlpool-thermocover\/dunkle-eiche-farbe-kopirovat-2\/#primaryimage\",\"url\":\"https:\/\/www.idol.cz\/wp-content\/uploads\/2020\/01\/idol-spas-barva-termokrytu-virivky-05.jpg\",\"contentUrl\":\"https:\/\/www.idol.cz\/wp-content\/uploads\/2020\/01\/idol-spas-barva-termokrytu-virivky-05.jpg\",\"width\":960,\"height\":960,\"caption\":\"Whirlpool Thermocover dunkelgrau\"},{\"@type\":\"BreadcrumbList\",\"@id\":\"https:\/\/www.idol.cz\/de\/produkt\/whirlpool\/weitere-whirlpool-optionen\/whirlpool-thermocover\/dunkle-eiche-farbe-kopirovat-2\/#breadcrumb\",\"itemListElement\":[{\"@type\":\"ListItem\",\"position\":1,\"name\":\"Dom\u016f\",\"item\":\"https:\/\/www.idol.cz\/de\/\"},{\"@type\":\"ListItem\",\"position\":2,\"name\":\"E-Shop\",\"item\":\"https:\/\/www.idol.cz\/de\/shop\/\"},{\"@type\":\"ListItem\",\"position\":3,\"name\":\"Whirlpool\",\"item\":\"https:\/\/www.idol.cz\/de\/kategorie-produktu\/whirlpool\/\"},{\"@type\":\"ListItem\",\"position\":4,\"name\":\"Weitere Whirlpool-Optionen\",\"item\":\"https:\/\/www.idol.cz\/de\/kategorie-produktu\/whirlpool\/weitere-whirlpool-optionen\/\"},{\"@type\":\"ListItem\",\"position\":5,\"name\":\"Whirlpool Thermocover\",\"item\":\"https:\/\/www.idol.cz\/de\/kategorie-produktu\/whirlpool\/weitere-whirlpool-optionen\/whirlpool-thermocover\/\"},{\"@type\":\"ListItem\",\"position\":6,\"name\":\"Farbe hellgraue\"}]},{\"@type\":\"WebSite\",\"@id\":\"https:\/\/www.idol.cz\/de\/#website\",\"url\":\"https:\/\/www.idol.cz\/de\/\",\"name\":\"v\u00ed\u0159ivky venkovn\u00ed, swim spa, baz\u00e9ny\",\"description\":\"Luxusn\u00ed \u010desk\u00e9 v\u00ed\u0159ivky a swim spa\",\"publisher\":{\"@id\":\"https:\/\/www.idol.cz\/de\/#organization\"},\"potentialAction\":[{\"@type\":\"SearchAction\",\"target\":{\"@type\":\"EntryPoint\",\"urlTemplate\":\"https:\/\/www.idol.cz\/de\/?s={search_term_string}\"},\"query-input\":{\"@type\":\"PropertyValueSpecification\",\"valueRequired\":true,\"valueName\":\"search_term_string\"}}],\"inLanguage\":\"de\"},{\"@type\":\"Organization\",\"@id\":\"https:\/\/www.idol.cz\/de\/#organization\",\"name\":\"IDOL SPAS, s.r.o.\",\"url\":\"https:\/\/www.idol.cz\/de\/\",\"logo\":{\"@type\":\"ImageObject\",\"inLanguage\":\"de\",\"@id\":\"https:\/\/www.idol.cz\/de\/#\/schema\/logo\/image\/\",\"url\":\"https:\/\/www.idol.cz\/wp-content\/uploads\/2020\/02\/idol-spas-logo.png\",\"contentUrl\":\"https:\/\/www.idol.cz\/wp-content\/uploads\/2020\/02\/idol-spas-logo.png\",\"width\":512,\"height\":206,\"caption\":\"IDOL SPAS, s.r.o.\"},\"image\":{\"@id\":\"https:\/\/www.idol.cz\/de\/#\/schema\/logo\/image\/\"},\"sameAs\":[\"https:\/\/www.facebook.com\/IdolSpas\/\"]}]}<\/script>\n<!-- \/ Yoast SEO Premium plugin. -->","yoast_head_json":{"title":"Farbe hellgraue | Whirlpools im Freien, Swim Spa, Schwimmb\u00e4der","robots":{"index":"index","follow":"follow","max-snippet":"max-snippet:-1","max-image-preview":"max-image-preview:large","max-video-preview":"max-video-preview:-1"},"canonical":"https:\/\/www.idol.cz\/de\/produkt\/whirlpool\/weitere-whirlpool-optionen\/whirlpool-thermocover\/dunkle-eiche-farbe-kopirovat-2\/","og_locale":"de_DE","og_type":"article","og_title":"Farbe hellgraue","og_description":"Thermocover f\u00fcr Whirlpools. Unsere hochwertigen W\u00e4rmeabdeckungen sind ein wichtiger Bestandteil Ihres Spas und wurden entwickelt, um warm zu bleiben und Ihre Energiekosten zu senken. Erh\u00e4ltlich in f\u00fcnf Farben Ihrer Wahl. F\u00fcr das Lite-Modell sind nur wenige verf\u00fcgbar. Farbe 5.","og_url":"https:\/\/www.idol.cz\/de\/produkt\/whirlpool\/weitere-whirlpool-optionen\/whirlpool-thermocover\/dunkle-eiche-farbe-kopirovat-2\/","og_site_name":"Whirlpools im Freien, Swim Spa, Schwimmb\u00e4der","article_publisher":"https:\/\/www.facebook.com\/IdolSpas\/","article_modified_time":"2021-01-27T18:15:27+00:00","og_image":[{"width":960,"height":960,"url":"https:\/\/www.idol.cz\/wp-content\/uploads\/2020\/01\/idol-spas-barva-termokrytu-virivky-05.jpg","type":"image\/jpeg"}],"twitter_card":"summary_large_image","schema":{"@context":"https:\/\/schema.org","@graph":[{"@type":"WebPage","@id":"https:\/\/www.idol.cz\/de\/produkt\/whirlpool\/weitere-whirlpool-optionen\/whirlpool-thermocover\/dunkle-eiche-farbe-kopirovat-2\/","url":"https:\/\/www.idol.cz\/de\/produkt\/whirlpool\/weitere-whirlpool-optionen\/whirlpool-thermocover\/dunkle-eiche-farbe-kopirovat-2\/","name":"Farbe hellgraue | Whirlpools im Freien, Swim Spa, Schwimmb\u00e4der","isPartOf":{"@id":"https:\/\/www.idol.cz\/de\/#website"},"primaryImageOfPage":{"@id":"https:\/\/www.idol.cz\/de\/produkt\/whirlpool\/weitere-whirlpool-optionen\/whirlpool-thermocover\/dunkle-eiche-farbe-kopirovat-2\/#primaryimage"},"image":{"@id":"https:\/\/www.idol.cz\/de\/produkt\/whirlpool\/weitere-whirlpool-optionen\/whirlpool-thermocover\/dunkle-eiche-farbe-kopirovat-2\/#primaryimage"},"thumbnailUrl":"https:\/\/www.idol.cz\/wp-content\/uploads\/2020\/01\/idol-spas-barva-termokrytu-virivky-05.jpg","datePublished":"2021-01-27T14:54:42+00:00","dateModified":"2021-01-27T18:15:27+00:00","breadcrumb":{"@id":"https:\/\/www.idol.cz\/de\/produkt\/whirlpool\/weitere-whirlpool-optionen\/whirlpool-thermocover\/dunkle-eiche-farbe-kopirovat-2\/#breadcrumb"},"inLanguage":"de","potentialAction":[{"@type":"ReadAction","target":["https:\/\/www.idol.cz\/de\/produkt\/whirlpool\/weitere-whirlpool-optionen\/whirlpool-thermocover\/dunkle-eiche-farbe-kopirovat-2\/"]}]},{"@type":"ImageObject","inLanguage":"de","@id":"https:\/\/www.idol.cz\/de\/produkt\/whirlpool\/weitere-whirlpool-optionen\/whirlpool-thermocover\/dunkle-eiche-farbe-kopirovat-2\/#primaryimage","url":"https:\/\/www.idol.cz\/wp-content\/uploads\/2020\/01\/idol-spas-barva-termokrytu-virivky-05.jpg","contentUrl":"https:\/\/www.idol.cz\/wp-content\/uploads\/2020\/01\/idol-spas-barva-termokrytu-virivky-05.jpg","width":960,"height":960,"caption":"Whirlpool Thermocover dunkelgrau"},{"@type":"BreadcrumbList","@id":"https:\/\/www.idol.cz\/de\/produkt\/whirlpool\/weitere-whirlpool-optionen\/whirlpool-thermocover\/dunkle-eiche-farbe-kopirovat-2\/#breadcrumb","itemListElement":[{"@type":"ListItem","position":1,"name":"Dom\u016f","item":"https:\/\/www.idol.cz\/de\/"},{"@type":"ListItem","position":2,"name":"E-Shop","item":"https:\/\/www.idol.cz\/de\/shop\/"},{"@type":"ListItem","position":3,"name":"Whirlpool","item":"https:\/\/www.idol.cz\/de\/kategorie-produktu\/whirlpool\/"},{"@type":"ListItem","position":4,"name":"Weitere Whirlpool-Optionen","item":"https:\/\/www.idol.cz\/de\/kategorie-produktu\/whirlpool\/weitere-whirlpool-optionen\/"},{"@type":"ListItem","position":5,"name":"Whirlpool Thermocover","item":"https:\/\/www.idol.cz\/de\/kategorie-produktu\/whirlpool\/weitere-whirlpool-optionen\/whirlpool-thermocover\/"},{"@type":"ListItem","position":6,"name":"Farbe hellgraue"}]},{"@type":"WebSite","@id":"https:\/\/www.idol.cz\/de\/#website","url":"https:\/\/www.idol.cz\/de\/","name":"v\u00ed\u0159ivky venkovn\u00ed, swim spa, baz\u00e9ny","description":"Luxusn\u00ed \u010desk\u00e9 v\u00ed\u0159ivky a swim spa","publisher":{"@id":"https:\/\/www.idol.cz\/de\/#organization"},"potentialAction":[{"@type":"SearchAction","target":{"@type":"EntryPoint","urlTemplate":"https:\/\/www.idol.cz\/de\/?s={search_term_string}"},"query-input":{"@type":"PropertyValueSpecification","valueRequired":true,"valueName":"search_term_string"}}],"inLanguage":"de"},{"@type":"Organization","@id":"https:\/\/www.idol.cz\/de\/#organization","name":"IDOL SPAS, s.r.o.","url":"https:\/\/www.idol.cz\/de\/","logo":{"@type":"ImageObject","inLanguage":"de","@id":"https:\/\/www.idol.cz\/de\/#\/schema\/logo\/image\/","url":"https:\/\/www.idol.cz\/wp-content\/uploads\/2020\/02\/idol-spas-logo.png","contentUrl":"https:\/\/www.idol.cz\/wp-content\/uploads\/2020\/02\/idol-spas-logo.png","width":512,"height":206,"caption":"IDOL SPAS, s.r.o."},"image":{"@id":"https:\/\/www.idol.cz\/de\/#\/schema\/logo\/image\/"},"sameAs":["https:\/\/www.facebook.com\/IdolSpas\/"]}]}},"_links":{"self":[{"href":"https:\/\/www.idol.cz\/de\/wp-json\/wp\/v2\/product\/17298"}],"collection":[{"href":"https:\/\/www.idol.cz\/de\/wp-json\/wp\/v2\/product"}],"about":[{"href":"https:\/\/www.idol.cz\/de\/wp-json\/wp\/v2\/types\/product"}],"wp:featuredmedia":[{"embeddable":true,"href":"https:\/\/www.idol.cz\/de\/wp-json\/wp\/v2\/media\/11453"}],"wp:attachment":[{"href":"https:\/\/www.idol.cz\/de\/wp-json\/wp\/v2\/media?parent=17298"}],"wp:term":[{"taxonomy":"product_cat","embeddable":true,"href":"https:\/\/www.idol.cz\/de\/wp-json\/wp\/v2\/product_cat?post=17298"},{"taxonomy":"product_tag","embeddable":true,"href":"https:\/\/www.idol.cz\/de\/wp-json\/wp\/v2\/product_tag?post=17298"}],"curies":[{"name":"wp","href":"https:\/\/api.w.org\/{rel}","templated":true}]}}