{"id":19635,"date":"2022-06-08T11:43:45","date_gmt":"2022-06-27T10:16:14","guid":{"rendered":"https:\/\/www.idol.cz\/produkt\/unkategorisiert\/elektronisches-photometer-zur-messung-der-wasseranalyse-fuer-whirlpools-und-swim-spa-pools\/"},"modified":"2022-06-27T12:16:14","modified_gmt":"2022-06-27T10:16:14","slug":"elektronisch-photometer-fur-mereni-analyzu-wasser-fur-virivky-a-swim-spa-bazeny","status":"publish","type":"product","link":"https:\/\/www.idol.cz\/de\/produkt\/whirlpool\/weitere-whirlpool-optionen\/wasserdesinfektion\/elektronisch-photometer-fur-mereni-analyzu-wasser-fur-virivky-a-swim-spa-bazeny\/","title":{"rendered":"Elektronisches Photometer zur Messung der Wasseranalyse. F\u00fcr Whirlpools und Swim Spa Pools."},"content":{"rendered":"<h1 class=\"fn product-title\"><strong>PoolLab Photometer Premium Edition f\u00fcr Whirlpools und Swim Spa Pools.<\/strong><\/h1>\n<ul>\n<li>Elektronisches Pooltester f\u00fcr die professionelle Wasseranalyse<\/li>\n<li>Bluetooth 4.0 drahtlose Konnektivit\u00e4t mit kostenloser Software und Apps<\/li>\n<li><strong>Automatische Berechnung der chemischen Dosierung!<\/strong><\/li>\n<li>Premium Edition inklusive Reagenzien<\/li>\n<li>Dreifache Messung der Wellenl\u00e4nge f\u00fcr professionelle Analyse<\/li>\n<li>Entworfen f\u00fcr die Gew\u00e4sser von \u00f6ffentlichen und privaten Schwimmb\u00e4dern, Whirlpools<\/li>\n<li>Kann bei der Messung von Trinkwasser, Brunnenwasser verwendet werden<\/li>\n<li>Messung und Regelung von Prozessw\u00e4ssern<\/li>\n<\/ul>\n<h3><strong>PoolLab-Photometer f\u00fcr Swim-Spa-Pools, Whirlpools und Trinkwasser<\/strong><\/h3>\n<p>Das neue PoolLab<sup>\u00ae<\/sup> 1.0 ist ein Dreifach-Wellenl\u00e4ngen-Photometer zur professionellen Analyse von Privatwasser f\u00fcr <strong>Swim Spa<\/strong> Pools und <strong>Whirlpools<\/strong>. Die eingebaute, aber austauschbare K\u00fcvette erm\u00f6glicht eine schnelle Wasserentnahme, indem sie einfach in das wasserdichte PoolLab<sup>\u00ae<\/sup> IP68 eingetaucht wird.<\/p>\n<p>PoolLab<sup>\u00ae<\/sup> mit seinen 6 Tasten ist f\u00fcr den sofortigen Zugriff auf die installierten Parameter ausgelegt, die sind: pH-Wert, Chlor (frei \/ kombiniert \/ gesamt), Alkalit\u00e4t (S\u00e4urekapazit\u00e4t), Cyanurs\u00e4ure (Stabilisator). Aktiver Sauerstoff (MPS), Brom, Chlordioxid, Ozon, Wasserstoffperoxid, Gesamth\u00e4rte, Kalziumh\u00e4rte, Harnstoff und PHMB.<\/p>\n<p>Da PoolLab<sup>\u00ae<\/sup> die drahtlose Bluetooth 4.2-Technologie verwendet, kann es leicht mit kostenloser Software und einer Anwendung zur Verwaltung von Testergebnissen verbunden werden. Sobald die Testergebnisse synchronisiert sind, k\u00f6nnen Sie mit der Software und den Anwendungen die Dosierung basierend auf individuell spezifizierten Wasseraufbereitungschemikalien empfehlen. Der Benutzer kann Berichte zu Testergebnissen drucken, die Berechnung von Indizes wie LSI durchf\u00fchren und vieles mehr.<\/p>\n<p>Ein kostenloser Cloud-Server sorgt daf\u00fcr, dass die Daten in der Anwendung und Software st\u00e4ndig synchronisiert werden, wenn sich der Benutzer f\u00fcr diese Funktion entscheidet.<\/p>\n","protected":false},"excerpt":{"rendered":"<p>PoolLab Photometer Premium Edition f\u00fcr Whirlpools und Swim Spa Pools. Elektronisches Pooltester f\u00fcr die professionelle Wasseranalyse Bluetooth 4.0 drahtlose Konnektivit\u00e4t mit kostenloser Software und Apps Automatische Berechnung der chemischen Dosierung! Premium Edition inklusive Reagenzien Dreifache Messung der Wellenl\u00e4nge f\u00fcr professionelle Analyse Entworfen f\u00fcr die Gew\u00e4sser von \u00f6ffentlichen und privaten Schwimmb\u00e4dern, Whirlpools Kann bei der Messung [&hellip;]<\/p>\n","protected":false},"featured_media":19506,"template":"","meta":[],"product_cat":[269,169,172],"product_tag":[],"class_list":{"0":"post-19635","1":"product","2":"type-product","3":"status-publish","4":"has-post-thumbnail","6":"product_cat-chemie-fur-whirlpools-und-schwimmbader","7":"product_cat-wasserdesinfektion","8":"product_cat-weitere-whirlpool-optionen","10":"first","11":"instock","12":"taxable","13":"shipping-taxable","14":"purchasable","15":"product-type-simple"},"yoast_head":"<!-- This site is optimized with the Yoast SEO Premium plugin v24.9 (Yoast SEO v24.9) - https:\/\/yoast.com\/wordpress\/plugins\/seo\/ -->\n<title>Whirlpools und Swim Spa Pools. Wasserqualit\u00e4tstester. pH-Chlor.<\/title>\n<meta name=\"description\" content=\"Whirlpools und Swim Spa Pools Photometer. Wasserqualit\u00e4tskontrolle pH, Chlor, H\u00e4rte. Sauberes Wasser f\u00fcr Whirlpools und Swim-Spa-Pools.\" \/>\n<meta name=\"robots\" content=\"index, follow, max-snippet:-1, max-image-preview:large, max-video-preview:-1\" \/>\n<link rel=\"canonical\" href=\"https:\/\/www.idol.cz\/de\/produkt\/whirlpool\/weitere-whirlpool-optionen\/wasserdesinfektion\/elektronisch-photometer-fur-mereni-analyzu-wasser-fur-virivky-a-swim-spa-bazeny\/\" \/>\n<meta property=\"og:locale\" content=\"de_DE\" \/>\n<meta property=\"og:type\" content=\"article\" \/>\n<meta property=\"og:title\" content=\"Elektronisches Photometer zur Messung der Wasseranalyse. F\u00fcr Whirlpools und Swim Spa Pools.\" \/>\n<meta property=\"og:description\" content=\"Whirlpools und Swim Spa Pools Photometer. Wasserqualit\u00e4tskontrolle pH, Chlor, H\u00e4rte. Sauberes Wasser f\u00fcr Whirlpools und Swim-Spa-Pools.\" \/>\n<meta property=\"og:url\" content=\"https:\/\/www.idol.cz\/de\/produkt\/whirlpool\/weitere-whirlpool-optionen\/wasserdesinfektion\/elektronisch-photometer-fur-mereni-analyzu-wasser-fur-virivky-a-swim-spa-bazeny\/\" \/>\n<meta property=\"og:site_name\" content=\"Whirlpools im Freien, Swim Spa, Schwimmb\u00e4der\" \/>\n<meta property=\"article:publisher\" content=\"https:\/\/www.facebook.com\/IdolSpas\/\" \/>\n<meta property=\"og:image\" content=\"https:\/\/www.idol.cz\/wp-content\/uploads\/2022\/06\/Snimek-obrazovky-2022-06-08-v-11.36.47.png\" \/>\n\t<meta property=\"og:image:width\" content=\"726\" \/>\n\t<meta property=\"og:image:height\" content=\"647\" \/>\n\t<meta property=\"og:image:type\" content=\"image\/png\" \/>\n<meta name=\"twitter:card\" content=\"summary_large_image\" \/>\n<meta name=\"twitter:label1\" content=\"Gesch\u00e4tzte Lesezeit\" \/>\n\t<meta name=\"twitter:data1\" content=\"1\u00a0Minute\" \/>\n<script type=\"application\/ld+json\" class=\"yoast-schema-graph\">{\"@context\":\"https:\/\/schema.org\",\"@graph\":[{\"@type\":\"WebPage\",\"@id\":\"https:\/\/www.idol.cz\/de\/produkt\/whirlpool\/weitere-whirlpool-optionen\/wasserdesinfektion\/elektronisch-photometer-fur-mereni-analyzu-wasser-fur-virivky-a-swim-spa-bazeny\/\",\"url\":\"https:\/\/www.idol.cz\/de\/produkt\/whirlpool\/weitere-whirlpool-optionen\/wasserdesinfektion\/elektronisch-photometer-fur-mereni-analyzu-wasser-fur-virivky-a-swim-spa-bazeny\/\",\"name\":\"Whirlpools und Swim Spa Pools. Wasserqualit\u00e4tstester. pH-Chlor.\",\"isPartOf\":{\"@id\":\"\/#website\"},\"primaryImageOfPage\":{\"@id\":\"https:\/\/www.idol.cz\/de\/produkt\/whirlpool\/weitere-whirlpool-optionen\/wasserdesinfektion\/elektronisch-photometer-fur-mereni-analyzu-wasser-fur-virivky-a-swim-spa-bazeny\/#primaryimage\"},\"image\":{\"@id\":\"https:\/\/www.idol.cz\/de\/produkt\/whirlpool\/weitere-whirlpool-optionen\/wasserdesinfektion\/elektronisch-photometer-fur-mereni-analyzu-wasser-fur-virivky-a-swim-spa-bazeny\/#primaryimage\"},\"thumbnailUrl\":\"https:\/\/www.idol.cz\/wp-content\/uploads\/2022\/06\/Snimek-obrazovky-2022-06-08-v-11.36.47.png\",\"datePublished\":\"2022-06-27T10:16:14+00:00\",\"description\":\"Whirlpools und Swim Spa Pools Photometer. Wasserqualit\u00e4tskontrolle pH, Chlor, H\u00e4rte. Sauberes Wasser f\u00fcr Whirlpools und Swim-Spa-Pools.\",\"breadcrumb\":{\"@id\":\"https:\/\/www.idol.cz\/de\/produkt\/whirlpool\/weitere-whirlpool-optionen\/wasserdesinfektion\/elektronisch-photometer-fur-mereni-analyzu-wasser-fur-virivky-a-swim-spa-bazeny\/#breadcrumb\"},\"inLanguage\":\"de\",\"potentialAction\":[{\"@type\":\"ReadAction\",\"target\":[\"https:\/\/www.idol.cz\/de\/produkt\/whirlpool\/weitere-whirlpool-optionen\/wasserdesinfektion\/elektronisch-photometer-fur-mereni-analyzu-wasser-fur-virivky-a-swim-spa-bazeny\/\"]}]},{\"@type\":\"ImageObject\",\"inLanguage\":\"de\",\"@id\":\"https:\/\/www.idol.cz\/de\/produkt\/whirlpool\/weitere-whirlpool-optionen\/wasserdesinfektion\/elektronisch-photometer-fur-mereni-analyzu-wasser-fur-virivky-a-swim-spa-bazeny\/#primaryimage\",\"url\":\"https:\/\/www.idol.cz\/wp-content\/uploads\/2022\/06\/Snimek-obrazovky-2022-06-08-v-11.36.47.png\",\"contentUrl\":\"https:\/\/www.idol.cz\/wp-content\/uploads\/2022\/06\/Snimek-obrazovky-2022-06-08-v-11.36.47.png\",\"width\":726,\"height\":647,\"caption\":\"Wassertester f\u00fcr Whirlpools und Swim Spa Pools.\"},{\"@type\":\"BreadcrumbList\",\"@id\":\"https:\/\/www.idol.cz\/de\/produkt\/whirlpool\/weitere-whirlpool-optionen\/wasserdesinfektion\/elektronisch-photometer-fur-mereni-analyzu-wasser-fur-virivky-a-swim-spa-bazeny\/#breadcrumb\",\"itemListElement\":[{\"@type\":\"ListItem\",\"position\":1,\"name\":\"Dom\u016f\",\"item\":\"https:\/\/www.idol.cz\/de\/\"},{\"@type\":\"ListItem\",\"position\":2,\"name\":\"Whirlpool\",\"item\":\"https:\/\/www.idol.cz\/de\/kategorie-produktu\/whirlpool\/\"},{\"@type\":\"ListItem\",\"position\":3,\"name\":\"Weitere Whirlpool-Optionen\",\"item\":\"https:\/\/www.idol.cz\/de\/kategorie-produktu\/whirlpool\/weitere-whirlpool-optionen\/\"},{\"@type\":\"ListItem\",\"position\":4,\"name\":\"Wasserdesinfektion\",\"item\":\"https:\/\/www.idol.cz\/de\/kategorie-produktu\/whirlpool\/weitere-whirlpool-optionen\/wasserdesinfektion\/\"},{\"@type\":\"ListItem\",\"position\":5,\"name\":\"Elektronisches Photometer zur Messung der Wasseranalyse. F\u00fcr Whirlpools und Swim Spa Pools.\"}]},{\"@type\":\"WebSite\",\"@id\":\"\/#website\",\"url\":\"\/\",\"name\":\"v\u00ed\u0159ivky venkovn\u00ed, swim spa, baz\u00e9ny\",\"description\":\"Luxusn\u00ed \u010desk\u00e9 v\u00ed\u0159ivky a swim spa\",\"publisher\":{\"@id\":\"\/#organization\"},\"potentialAction\":[{\"@type\":\"SearchAction\",\"target\":{\"@type\":\"EntryPoint\",\"urlTemplate\":\"\/?s={search_term_string}\"},\"query-input\":{\"@type\":\"PropertyValueSpecification\",\"valueRequired\":true,\"valueName\":\"search_term_string\"}}],\"inLanguage\":\"de\"},{\"@type\":\"Organization\",\"@id\":\"\/#organization\",\"name\":\"IDOL SPAS, s.r.o.\",\"url\":\"\/\",\"logo\":{\"@type\":\"ImageObject\",\"inLanguage\":\"de\",\"@id\":\"\/#\/schema\/logo\/image\/\",\"url\":\"https:\/\/www.idol.cz\/wp-content\/uploads\/2020\/02\/idol-spas-logo.png\",\"contentUrl\":\"https:\/\/www.idol.cz\/wp-content\/uploads\/2020\/02\/idol-spas-logo.png\",\"width\":512,\"height\":206,\"caption\":\"IDOL SPAS, s.r.o.\"},\"image\":{\"@id\":\"\/#\/schema\/logo\/image\/\"},\"sameAs\":[\"https:\/\/www.facebook.com\/IdolSpas\/\"]}]}<\/script>\n<!-- \/ Yoast SEO Premium plugin. -->","yoast_head_json":{"title":"Whirlpools und Swim Spa Pools. Wasserqualit\u00e4tstester. pH-Chlor.","description":"Whirlpools und Swim Spa Pools Photometer. Wasserqualit\u00e4tskontrolle pH, Chlor, H\u00e4rte. Sauberes Wasser f\u00fcr Whirlpools und Swim-Spa-Pools.","robots":{"index":"index","follow":"follow","max-snippet":"max-snippet:-1","max-image-preview":"max-image-preview:large","max-video-preview":"max-video-preview:-1"},"canonical":"https:\/\/www.idol.cz\/de\/produkt\/whirlpool\/weitere-whirlpool-optionen\/wasserdesinfektion\/elektronisch-photometer-fur-mereni-analyzu-wasser-fur-virivky-a-swim-spa-bazeny\/","og_locale":"de_DE","og_type":"article","og_title":"Elektronisches Photometer zur Messung der Wasseranalyse. F\u00fcr Whirlpools und Swim Spa Pools.","og_description":"Whirlpools und Swim Spa Pools Photometer. Wasserqualit\u00e4tskontrolle pH, Chlor, H\u00e4rte. Sauberes Wasser f\u00fcr Whirlpools und Swim-Spa-Pools.","og_url":"https:\/\/www.idol.cz\/de\/produkt\/whirlpool\/weitere-whirlpool-optionen\/wasserdesinfektion\/elektronisch-photometer-fur-mereni-analyzu-wasser-fur-virivky-a-swim-spa-bazeny\/","og_site_name":"Whirlpools im Freien, Swim Spa, Schwimmb\u00e4der","article_publisher":"https:\/\/www.facebook.com\/IdolSpas\/","og_image":[{"width":726,"height":647,"url":"https:\/\/www.idol.cz\/wp-content\/uploads\/2022\/06\/Snimek-obrazovky-2022-06-08-v-11.36.47.png","type":"image\/png"}],"twitter_card":"summary_large_image","twitter_misc":{"Gesch\u00e4tzte Lesezeit":"1\u00a0Minute"},"schema":{"@context":"https:\/\/schema.org","@graph":[{"@type":"WebPage","@id":"https:\/\/www.idol.cz\/de\/produkt\/whirlpool\/weitere-whirlpool-optionen\/wasserdesinfektion\/elektronisch-photometer-fur-mereni-analyzu-wasser-fur-virivky-a-swim-spa-bazeny\/","url":"https:\/\/www.idol.cz\/de\/produkt\/whirlpool\/weitere-whirlpool-optionen\/wasserdesinfektion\/elektronisch-photometer-fur-mereni-analyzu-wasser-fur-virivky-a-swim-spa-bazeny\/","name":"Whirlpools und Swim Spa Pools. Wasserqualit\u00e4tstester. pH-Chlor.","isPartOf":{"@id":"\/#website"},"primaryImageOfPage":{"@id":"https:\/\/www.idol.cz\/de\/produkt\/whirlpool\/weitere-whirlpool-optionen\/wasserdesinfektion\/elektronisch-photometer-fur-mereni-analyzu-wasser-fur-virivky-a-swim-spa-bazeny\/#primaryimage"},"image":{"@id":"https:\/\/www.idol.cz\/de\/produkt\/whirlpool\/weitere-whirlpool-optionen\/wasserdesinfektion\/elektronisch-photometer-fur-mereni-analyzu-wasser-fur-virivky-a-swim-spa-bazeny\/#primaryimage"},"thumbnailUrl":"https:\/\/www.idol.cz\/wp-content\/uploads\/2022\/06\/Snimek-obrazovky-2022-06-08-v-11.36.47.png","datePublished":"2022-06-27T10:16:14+00:00","description":"Whirlpools und Swim Spa Pools Photometer. Wasserqualit\u00e4tskontrolle pH, Chlor, H\u00e4rte. Sauberes Wasser f\u00fcr Whirlpools und Swim-Spa-Pools.","breadcrumb":{"@id":"https:\/\/www.idol.cz\/de\/produkt\/whirlpool\/weitere-whirlpool-optionen\/wasserdesinfektion\/elektronisch-photometer-fur-mereni-analyzu-wasser-fur-virivky-a-swim-spa-bazeny\/#breadcrumb"},"inLanguage":"de","potentialAction":[{"@type":"ReadAction","target":["https:\/\/www.idol.cz\/de\/produkt\/whirlpool\/weitere-whirlpool-optionen\/wasserdesinfektion\/elektronisch-photometer-fur-mereni-analyzu-wasser-fur-virivky-a-swim-spa-bazeny\/"]}]},{"@type":"ImageObject","inLanguage":"de","@id":"https:\/\/www.idol.cz\/de\/produkt\/whirlpool\/weitere-whirlpool-optionen\/wasserdesinfektion\/elektronisch-photometer-fur-mereni-analyzu-wasser-fur-virivky-a-swim-spa-bazeny\/#primaryimage","url":"https:\/\/www.idol.cz\/wp-content\/uploads\/2022\/06\/Snimek-obrazovky-2022-06-08-v-11.36.47.png","contentUrl":"https:\/\/www.idol.cz\/wp-content\/uploads\/2022\/06\/Snimek-obrazovky-2022-06-08-v-11.36.47.png","width":726,"height":647,"caption":"Wassertester f\u00fcr Whirlpools und Swim Spa Pools."},{"@type":"BreadcrumbList","@id":"https:\/\/www.idol.cz\/de\/produkt\/whirlpool\/weitere-whirlpool-optionen\/wasserdesinfektion\/elektronisch-photometer-fur-mereni-analyzu-wasser-fur-virivky-a-swim-spa-bazeny\/#breadcrumb","itemListElement":[{"@type":"ListItem","position":1,"name":"Dom\u016f","item":"https:\/\/www.idol.cz\/de\/"},{"@type":"ListItem","position":2,"name":"Whirlpool","item":"https:\/\/www.idol.cz\/de\/kategorie-produktu\/whirlpool\/"},{"@type":"ListItem","position":3,"name":"Weitere Whirlpool-Optionen","item":"https:\/\/www.idol.cz\/de\/kategorie-produktu\/whirlpool\/weitere-whirlpool-optionen\/"},{"@type":"ListItem","position":4,"name":"Wasserdesinfektion","item":"https:\/\/www.idol.cz\/de\/kategorie-produktu\/whirlpool\/weitere-whirlpool-optionen\/wasserdesinfektion\/"},{"@type":"ListItem","position":5,"name":"Elektronisches Photometer zur Messung der Wasseranalyse. F\u00fcr Whirlpools und Swim Spa Pools."}]},{"@type":"WebSite","@id":"\/#website","url":"\/","name":"v\u00ed\u0159ivky venkovn\u00ed, swim spa, baz\u00e9ny","description":"Luxusn\u00ed \u010desk\u00e9 v\u00ed\u0159ivky a swim spa","publisher":{"@id":"\/#organization"},"potentialAction":[{"@type":"SearchAction","target":{"@type":"EntryPoint","urlTemplate":"\/?s={search_term_string}"},"query-input":{"@type":"PropertyValueSpecification","valueRequired":true,"valueName":"search_term_string"}}],"inLanguage":"de"},{"@type":"Organization","@id":"\/#organization","name":"IDOL SPAS, s.r.o.","url":"\/","logo":{"@type":"ImageObject","inLanguage":"de","@id":"\/#\/schema\/logo\/image\/","url":"https:\/\/www.idol.cz\/wp-content\/uploads\/2020\/02\/idol-spas-logo.png","contentUrl":"https:\/\/www.idol.cz\/wp-content\/uploads\/2020\/02\/idol-spas-logo.png","width":512,"height":206,"caption":"IDOL SPAS, s.r.o."},"image":{"@id":"\/#\/schema\/logo\/image\/"},"sameAs":["https:\/\/www.facebook.com\/IdolSpas\/"]}]}},"_links":{"self":[{"href":"https:\/\/www.idol.cz\/de\/wp-json\/wp\/v2\/product\/19635"}],"collection":[{"href":"https:\/\/www.idol.cz\/de\/wp-json\/wp\/v2\/product"}],"about":[{"href":"https:\/\/www.idol.cz\/de\/wp-json\/wp\/v2\/types\/product"}],"wp:featuredmedia":[{"embeddable":true,"href":"https:\/\/www.idol.cz\/de\/wp-json\/wp\/v2\/media\/19506"}],"wp:attachment":[{"href":"https:\/\/www.idol.cz\/de\/wp-json\/wp\/v2\/media?parent=19635"}],"wp:term":[{"taxonomy":"product_cat","embeddable":true,"href":"https:\/\/www.idol.cz\/de\/wp-json\/wp\/v2\/product_cat?post=19635"},{"taxonomy":"product_tag","embeddable":true,"href":"https:\/\/www.idol.cz\/de\/wp-json\/wp\/v2\/product_tag?post=19635"}],"curies":[{"name":"wp","href":"https:\/\/api.w.org\/{rel}","templated":true}]}}