{"id":20164,"date":"2022-06-04T15:06:50","date_gmt":"2022-09-10T12:16:18","guid":{"rendered":"https:\/\/www.idol.cz\/produkt\/unkategorisiert\/waermepumpe-fuer-whirlpools-swim-spa-pools-schneller-wechselrichter-x-88-kw\/"},"modified":"2022-09-10T14:16:18","modified_gmt":"2022-09-10T12:16:18","slug":"teplelne-cerpadlo-pro-virivky-swim-spa-bazeny-rapid-inverter-x-88-2","status":"publish","type":"product","link":"https:\/\/www.idol.cz\/de\/produkt\/warmepumpen\/teplelne-cerpadlo-pro-virivky-swim-spa-bazeny-rapid-inverter-x-88-2\/","title":{"rendered":"W\u00e4rmepumpe f\u00fcr Whirlpools, Swim Spa Pools. Schneller Wechselrichter &#8211; x 8,8 kW"},"content":{"rendered":"<p class=\"discounts\">Inverter-W\u00e4rmepumpe f\u00fcr Whirlpools und Swim-Spa-Pools.<\/p>\n<p class=\"discounts\">Farbe: Schwarz &#8211; Aluminium; Digitalanzeige: Ja; Heizleistung: 8,8kW; K\u00fchlung: Ja; K\u00fchlleistung: 4,5 kW; Empfohlenes Poolvolumen: 20-40 m3; Anschluss: 50 mm; Abtauen: Ja; Nennleistung: 0,18-1,53 kW; Gebrauchtes K\u00e4ltemittel: R32 ; Spannung: 230V; Wirkungsgrad: bis zu 15,6 C.O.P.<\/p>\n<p>Der Rapid Inver-X ist mit einem Inverter-Kompressor und einem L\u00fcftermotor ausgestattet, dank dem der Stromverbrauch und die Drehzahl des L\u00fcfters kontinuierlich von der Elektronik entsprechend den aktuellen Bed\u00fcrfnissen geregelt werden. Der gro\u00dfe Vorteil dieses Systems ist eine schnellere Erw\u00e4rmung und Aufrechterhaltung einer konstanten Wassertemperatur, wodurch &#8222;Kaltstarts&#8220; eliminiert werden, die sich sowohl auf die Lebensdauer der W\u00e4rmepumpenkomponenten als auch auf die Belastung der elektrischen Energie auswirken. C.O.P. bis 16,5 unter idealen Bedingungen ist kein Gesch\u00e4ftstrick, sondern wird durch das T\u00dcV Rheinland Zertifikat dokumentiert<\/p>\n<p>Durch die Kombination der &#8222;Full-Inverter&#8220;-Technologie mit neuen verbesserten Komponenten wurden ein besserer W\u00e4rmeaustausch und eine bessere Luftzirkulation erreicht. Das neue Chassis, der innovative Verdampfer und der abgespeckte Kompressor sorgen daf\u00fcr, dass die Heizleistung sofort um 20% gesteigert werden kann, ohne den Ger\u00e4usch- und Energieverbrauch zu erh\u00f6hen.<\/p>\n<p><strong>Drei intelligente Modi:<\/strong><\/p>\n<ul>\n<li>Boost: 120% Leistung \u2013 dank TurboSilence-Technologie<\/li>\n<li>Schlau<\/li>\n<li>Stille<\/li>\n<\/ul>\n<p>Wenn der Rapid Inver-X mit mittlerer oder niedriger Geschwindigkeit l\u00e4uft, um die Temperatur des Whirlpools und des Swim-Spa-Pools aufrechtzuerhalten, ist der Kompressorger\u00e4usch extrem gering und hat je nach Gr\u00f6\u00dfe des Swim-Spa-Pools einen COP-Wirkungsgrad von bis zu 15,5 (bei einer Lufttemperatur von 26 \u00b0 C, Wasser von 26 \u00b0 C und einer Luftfeuchtigkeit von 80%)<\/p>\n<p><strong>Eingebautes Wi-Fi-Modul<\/strong><\/p>\n<p><strong>K\u00fchlleistung:<\/strong> 4,5 kW<\/p>\n<table border=\"1\" width=\"350\" cellspacing=\"0\" cellpadding=\"0\">\n<colgroup>\n<col>\n<col><\/colgroup>\n<tbody>\n<tr>\n<td height=\"20\">Leistung: Luft 26\u00b0C, Wasser 26\u00b0C, Luftfeuchtigkeit 80%<\/td>\n<td><\/td>\n<\/tr>\n<tr>\n<td height=\"20\"><strong>W\u00e4rmeleistung <\/strong>(Smart-Modus)<\/td>\n<td>8,8 kW<\/td>\n<\/tr>\n<tr>\n<td height=\"20\"><strong>Heizleistung<\/strong> (Booster-Modus)<\/td>\n<td>10,5 kW<\/td>\n<\/tr>\n<tr>\n<td height=\"20\"><strong>Zopf<\/strong><\/td>\n<td>15,6-7,3<\/td>\n<\/tr>\n<tr>\n<td height=\"21\"><strong>COP<\/strong> (50% der Leistungskapazit\u00e4t)<\/td>\n<td>11,8<\/td>\n<\/tr>\n<\/tbody>\n<\/table>\n<hr>\n<table border=\"1\" width=\"350\" cellspacing=\"0\" cellpadding=\"0\">\n<colgroup>\n<col>\n<col><\/colgroup>\n<tbody>\n<tr>\n<td height=\"21\">Leistung: Luft 15\u00b0C, Wasser 26\u00b0C, Luftfeuchtigkeit 70%<\/td>\n<td><\/td>\n<\/tr>\n<tr>\n<td height=\"20\"><strong>W\u00e4rmeleistung <\/strong>(Smart-Modus)<\/td>\n<td>6,3 kW<\/td>\n<\/tr>\n<tr>\n<td height=\"20\"><strong>Heizleistung<\/strong> (Booster-Modus)<\/td>\n<td>7,5 kW<\/td>\n<\/tr>\n<tr>\n<td height=\"20\"><strong>Zopf<\/strong><\/td>\n<td>7,1 ~ 4,9<\/td>\n<\/tr>\n<tr>\n<td height=\"20\"><strong>COP<\/strong> (50% der Leistungskapazit\u00e4t)<\/td>\n<td>6,7<\/td>\n<\/tr>\n<\/tbody>\n<\/table>\n<p>&nbsp;<\/p>\n<h2>Technische Parameter<\/h2>\n<table id=\"techparams\" class=\"webproduct_ltext_table\">\n<tbody>\n<tr>\n<th>Produkttyp:<\/th>\n<td>Inverter-W\u00e4rmepumpe f\u00fcr Whirlpools und Swim-Spa-Pools<\/td>\n<\/tr>\n<tr>\n<th>Farbe:<\/th>\n<td>Schwarz &#8211; Aluminium<\/td>\n<\/tr>\n<tr>\n<th>Digitale Anzeige:<\/th>\n<td>Ja<\/td>\n<\/tr>\n<tr>\n<th>Heizleistung:<\/th>\n<td>8,8 kW<\/td>\n<\/tr>\n<tr>\n<th>K\u00fchlung:<\/th>\n<td>Ja<\/td>\n<\/tr>\n<tr>\n<th>K\u00fchlleistung:<\/th>\n<td>4,5 kW<\/td>\n<\/tr>\n<tr>\n<th>Empfohlenes Poolvolumen:<\/th>\n<td>20-40 m3 Wohnfl\u00e4che<\/td>\n<\/tr>\n<tr>\n<th>Verbindung:<\/th>\n<td>50 Millimeter<\/td>\n<\/tr>\n<tr>\n<th>Auftauend:<\/th>\n<td>Ja<\/td>\n<\/tr>\n<tr>\n<th>Nennleistung:<\/th>\n<td>0,18-1,53 kW<\/td>\n<\/tr>\n<tr>\n<th>Verwendetes K\u00e4ltemittel:<\/th>\n<td>R32<\/td>\n<\/tr>\n<tr>\n<th>Spannung:<\/th>\n<td>230 V<\/td>\n<\/tr>\n<tr>\n<th>Wirksamkeit:<\/th>\n<td>bis zu 15,6 C.O.P.<\/td>\n<\/tr>\n<tr>\n<th>K\u00f6rpermaterial:<\/th>\n<td>Aluminium<\/td>\n<\/tr>\n<tr>\n<th>F\u00fcr Salzwasser bis 5 g\/l (&lt;0,5%):<\/th>\n<td>Ja<\/td>\n<\/tr>\n<tr>\n<th>Netto-\/Transportgewicht kg:<\/th>\n<td>59 kg<\/td>\n<\/tr>\n<tr>\n<th>Nettoabmessungen der Einheit (w\/l\/h):<\/th>\n<td>799x432x650 mm<\/td>\n<\/tr>\n<tr>\n<th>Betriebstemperatur:<\/th>\n<td>&#8211; 15 bis 43 \u00b0C<\/td>\n<\/tr>\n<tr>\n<th>Str\u00f6mungs\u00fcberwachung:<\/th>\n<td>Ja<\/td>\n<\/tr>\n<tr>\n<th>Spiralmaterial:<\/th>\n<td>Titan<\/td>\n<\/tr>\n<tr>\n<th>Energieeinsparung:<\/th>\n<td>Ja<\/td>\n<\/tr>\n<tr>\n<th>Nennstrom:<\/th>\n<td>0,78-6,65 A<\/td>\n<\/tr>\n<tr>\n<th>W\u00e4rmetauscher:<\/th>\n<td>Plastik<\/td>\n<\/tr>\n<tr>\n<th>Empfohlener Wasserdurchfluss:<\/th>\n<td>2-4 m3\/h<\/td>\n<\/tr>\n<\/tbody>\n<\/table>\n<p>&nbsp;<\/p>\n","protected":false},"excerpt":{"rendered":"<p>Inverter-W\u00e4rmepumpe f\u00fcr Whirlpools und Swim-Spa-Pools. Farbe: Schwarz &#8211; Aluminium; Digitalanzeige: Ja; Heizleistung: 8,8kW; K\u00fchlung: Ja; K\u00fchlleistung: 4,5 kW; Empfohlenes Poolvolumen: 20-40 m3; Anschluss: 50 mm; Abtauen: Ja; Nennleistung: 0,18-1,53 kW; Gebrauchtes K\u00e4ltemittel: R32 ; Spannung: 230V; Wirkungsgrad: bis zu 15,6 C.O.P. Der Rapid Inver-X ist mit einem Inverter-Kompressor und einem L\u00fcftermotor ausgestattet, dank dem der [&hellip;]<\/p>\n","protected":false},"featured_media":19481,"template":"","meta":[],"product_cat":[316],"product_tag":[],"class_list":{"0":"post-20164","1":"product","2":"type-product","3":"status-publish","4":"has-post-thumbnail","6":"product_cat-warmepumpen","8":"first","9":"instock","10":"taxable","11":"shipping-taxable","12":"purchasable","13":"product-type-simple"},"yoast_head":"<!-- This site is optimized with the Yoast SEO Premium plugin v24.9 (Yoast SEO v24.9) - https:\/\/yoast.com\/wordpress\/plugins\/seo\/ -->\n<title>W\u00e4rmepumpe f\u00fcr Whirlpools, Swim Spa Pools. Schneller Wechselrichter - x 8,8 kW | Whirlpools im Freien, Swim Spa, Schwimmb\u00e4der<\/title>\n<meta name=\"description\" content=\"W\u00e4rmepumpe f\u00fcr Whirlpools und Swim Spa Pools. Energieeinsparung.\" \/>\n<meta name=\"robots\" content=\"index, follow, max-snippet:-1, max-image-preview:large, max-video-preview:-1\" \/>\n<link rel=\"canonical\" href=\"https:\/\/www.idol.cz\/de\/produkt\/warmepumpen\/teplelne-cerpadlo-pro-virivky-swim-spa-bazeny-rapid-inverter-x-88-2\/\" \/>\n<meta property=\"og:locale\" content=\"de_DE\" \/>\n<meta property=\"og:type\" content=\"article\" \/>\n<meta property=\"og:title\" content=\"W\u00e4rmepumpe f\u00fcr Whirlpools, Swim Spa Pools. Schneller Wechselrichter - x 8,8 kW\" \/>\n<meta property=\"og:description\" content=\"W\u00e4rmepumpe f\u00fcr Whirlpools und Swim Spa Pools. Energieeinsparung.\" \/>\n<meta property=\"og:url\" content=\"https:\/\/www.idol.cz\/de\/produkt\/warmepumpen\/teplelne-cerpadlo-pro-virivky-swim-spa-bazeny-rapid-inverter-x-88-2\/\" \/>\n<meta property=\"og:site_name\" content=\"Whirlpools im Freien, Swim Spa, Schwimmb\u00e4der\" \/>\n<meta property=\"article:publisher\" content=\"https:\/\/www.facebook.com\/IdolSpas\/\" \/>\n<meta property=\"og:image\" content=\"https:\/\/www.idol.cz\/wp-content\/uploads\/2022\/06\/InverX-new-88.jpeg\" \/>\n\t<meta property=\"og:image:width\" content=\"1236\" \/>\n\t<meta property=\"og:image:height\" content=\"1024\" \/>\n\t<meta property=\"og:image:type\" content=\"image\/jpeg\" \/>\n<meta name=\"twitter:card\" content=\"summary_large_image\" \/>\n<meta name=\"twitter:label1\" content=\"Gesch\u00e4tzte Lesezeit\" \/>\n\t<meta name=\"twitter:data1\" content=\"2\u00a0Minuten\" \/>\n<script type=\"application\/ld+json\" class=\"yoast-schema-graph\">{\"@context\":\"https:\/\/schema.org\",\"@graph\":[{\"@type\":\"WebPage\",\"@id\":\"https:\/\/www.idol.cz\/de\/produkt\/warmepumpen\/teplelne-cerpadlo-pro-virivky-swim-spa-bazeny-rapid-inverter-x-88-2\/\",\"url\":\"https:\/\/www.idol.cz\/de\/produkt\/warmepumpen\/teplelne-cerpadlo-pro-virivky-swim-spa-bazeny-rapid-inverter-x-88-2\/\",\"name\":\"W\u00e4rmepumpe f\u00fcr Whirlpools, Swim Spa Pools. Schneller Wechselrichter - x 8,8 kW | Whirlpools im Freien, Swim Spa, Schwimmb\u00e4der\",\"isPartOf\":{\"@id\":\"https:\/\/www.idol.cz\/de\/#website\"},\"primaryImageOfPage\":{\"@id\":\"https:\/\/www.idol.cz\/de\/produkt\/warmepumpen\/teplelne-cerpadlo-pro-virivky-swim-spa-bazeny-rapid-inverter-x-88-2\/#primaryimage\"},\"image\":{\"@id\":\"https:\/\/www.idol.cz\/de\/produkt\/warmepumpen\/teplelne-cerpadlo-pro-virivky-swim-spa-bazeny-rapid-inverter-x-88-2\/#primaryimage\"},\"thumbnailUrl\":\"https:\/\/www.idol.cz\/wp-content\/uploads\/2022\/06\/InverX-new-88.jpeg\",\"datePublished\":\"2022-09-10T12:16:18+00:00\",\"description\":\"W\u00e4rmepumpe f\u00fcr Whirlpools und Swim Spa Pools. Energieeinsparung.\",\"breadcrumb\":{\"@id\":\"https:\/\/www.idol.cz\/de\/produkt\/warmepumpen\/teplelne-cerpadlo-pro-virivky-swim-spa-bazeny-rapid-inverter-x-88-2\/#breadcrumb\"},\"inLanguage\":\"de\",\"potentialAction\":[{\"@type\":\"ReadAction\",\"target\":[\"https:\/\/www.idol.cz\/de\/produkt\/warmepumpen\/teplelne-cerpadlo-pro-virivky-swim-spa-bazeny-rapid-inverter-x-88-2\/\"]}]},{\"@type\":\"ImageObject\",\"inLanguage\":\"de\",\"@id\":\"https:\/\/www.idol.cz\/de\/produkt\/warmepumpen\/teplelne-cerpadlo-pro-virivky-swim-spa-bazeny-rapid-inverter-x-88-2\/#primaryimage\",\"url\":\"https:\/\/www.idol.cz\/wp-content\/uploads\/2022\/06\/InverX-new-88.jpeg\",\"contentUrl\":\"https:\/\/www.idol.cz\/wp-content\/uploads\/2022\/06\/InverX-new-88.jpeg\",\"width\":1236,\"height\":1024,\"caption\":\"Whirlpool W\u00e4rmepumpe, Pinguin Swim Spa Pools\"},{\"@type\":\"BreadcrumbList\",\"@id\":\"https:\/\/www.idol.cz\/de\/produkt\/warmepumpen\/teplelne-cerpadlo-pro-virivky-swim-spa-bazeny-rapid-inverter-x-88-2\/#breadcrumb\",\"itemListElement\":[{\"@type\":\"ListItem\",\"position\":1,\"name\":\"Dom\u016f\",\"item\":\"https:\/\/www.idol.cz\/de\/\"},{\"@type\":\"ListItem\",\"position\":2,\"name\":\"E-Shop\",\"item\":\"https:\/\/www.idol.cz\/de\/shop\/\"},{\"@type\":\"ListItem\",\"position\":3,\"name\":\"E-shop\",\"item\":\"https:\/\/www.idol.cz\/kategorie-produktu\/e-shop\/\"},{\"@type\":\"ListItem\",\"position\":4,\"name\":\"P\u0159\u00edslu\u0161enstv\u00ed k v\u00ed\u0159ivk\u00e1m a baz\u00e9n\u016fm.\",\"item\":\"https:\/\/www.idol.cz\/kategorie-produktu\/e-shop\/prislusenstvi-k-virivkam-a-bazenum\/\"},{\"@type\":\"ListItem\",\"position\":5,\"name\":\"W\u00e4rmepumpen\",\"item\":\"https:\/\/www.idol.cz\/de\/kategorie-produktu\/warmepumpen\/\"},{\"@type\":\"ListItem\",\"position\":6,\"name\":\"W\u00e4rmepumpe f\u00fcr Whirlpools, Swim Spa Pools. Schneller Wechselrichter &#8211; x 8,8 kW\"}]},{\"@type\":\"WebSite\",\"@id\":\"https:\/\/www.idol.cz\/de\/#website\",\"url\":\"https:\/\/www.idol.cz\/de\/\",\"name\":\"v\u00ed\u0159ivky venkovn\u00ed, swim spa, baz\u00e9ny\",\"description\":\"Luxusn\u00ed \u010desk\u00e9 v\u00ed\u0159ivky a swim spa\",\"publisher\":{\"@id\":\"https:\/\/www.idol.cz\/de\/#organization\"},\"potentialAction\":[{\"@type\":\"SearchAction\",\"target\":{\"@type\":\"EntryPoint\",\"urlTemplate\":\"https:\/\/www.idol.cz\/de\/?s={search_term_string}\"},\"query-input\":{\"@type\":\"PropertyValueSpecification\",\"valueRequired\":true,\"valueName\":\"search_term_string\"}}],\"inLanguage\":\"de\"},{\"@type\":\"Organization\",\"@id\":\"https:\/\/www.idol.cz\/de\/#organization\",\"name\":\"IDOL SPAS, s.r.o.\",\"url\":\"https:\/\/www.idol.cz\/de\/\",\"logo\":{\"@type\":\"ImageObject\",\"inLanguage\":\"de\",\"@id\":\"https:\/\/www.idol.cz\/de\/#\/schema\/logo\/image\/\",\"url\":\"https:\/\/www.idol.cz\/wp-content\/uploads\/2020\/02\/idol-spas-logo.png\",\"contentUrl\":\"https:\/\/www.idol.cz\/wp-content\/uploads\/2020\/02\/idol-spas-logo.png\",\"width\":512,\"height\":206,\"caption\":\"IDOL SPAS, s.r.o.\"},\"image\":{\"@id\":\"https:\/\/www.idol.cz\/de\/#\/schema\/logo\/image\/\"},\"sameAs\":[\"https:\/\/www.facebook.com\/IdolSpas\/\"]}]}<\/script>\n<!-- \/ Yoast SEO Premium plugin. -->","yoast_head_json":{"title":"W\u00e4rmepumpe f\u00fcr Whirlpools, Swim Spa Pools. Schneller Wechselrichter - x 8,8 kW | Whirlpools im Freien, Swim Spa, Schwimmb\u00e4der","description":"W\u00e4rmepumpe f\u00fcr Whirlpools und Swim Spa Pools. Energieeinsparung.","robots":{"index":"index","follow":"follow","max-snippet":"max-snippet:-1","max-image-preview":"max-image-preview:large","max-video-preview":"max-video-preview:-1"},"canonical":"https:\/\/www.idol.cz\/de\/produkt\/warmepumpen\/teplelne-cerpadlo-pro-virivky-swim-spa-bazeny-rapid-inverter-x-88-2\/","og_locale":"de_DE","og_type":"article","og_title":"W\u00e4rmepumpe f\u00fcr Whirlpools, Swim Spa Pools. Schneller Wechselrichter - x 8,8 kW","og_description":"W\u00e4rmepumpe f\u00fcr Whirlpools und Swim Spa Pools. Energieeinsparung.","og_url":"https:\/\/www.idol.cz\/de\/produkt\/warmepumpen\/teplelne-cerpadlo-pro-virivky-swim-spa-bazeny-rapid-inverter-x-88-2\/","og_site_name":"Whirlpools im Freien, Swim Spa, Schwimmb\u00e4der","article_publisher":"https:\/\/www.facebook.com\/IdolSpas\/","og_image":[{"width":1236,"height":1024,"url":"https:\/\/www.idol.cz\/wp-content\/uploads\/2022\/06\/InverX-new-88.jpeg","type":"image\/jpeg"}],"twitter_card":"summary_large_image","twitter_misc":{"Gesch\u00e4tzte Lesezeit":"2\u00a0Minuten"},"schema":{"@context":"https:\/\/schema.org","@graph":[{"@type":"WebPage","@id":"https:\/\/www.idol.cz\/de\/produkt\/warmepumpen\/teplelne-cerpadlo-pro-virivky-swim-spa-bazeny-rapid-inverter-x-88-2\/","url":"https:\/\/www.idol.cz\/de\/produkt\/warmepumpen\/teplelne-cerpadlo-pro-virivky-swim-spa-bazeny-rapid-inverter-x-88-2\/","name":"W\u00e4rmepumpe f\u00fcr Whirlpools, Swim Spa Pools. Schneller Wechselrichter - x 8,8 kW | Whirlpools im Freien, Swim Spa, Schwimmb\u00e4der","isPartOf":{"@id":"https:\/\/www.idol.cz\/de\/#website"},"primaryImageOfPage":{"@id":"https:\/\/www.idol.cz\/de\/produkt\/warmepumpen\/teplelne-cerpadlo-pro-virivky-swim-spa-bazeny-rapid-inverter-x-88-2\/#primaryimage"},"image":{"@id":"https:\/\/www.idol.cz\/de\/produkt\/warmepumpen\/teplelne-cerpadlo-pro-virivky-swim-spa-bazeny-rapid-inverter-x-88-2\/#primaryimage"},"thumbnailUrl":"https:\/\/www.idol.cz\/wp-content\/uploads\/2022\/06\/InverX-new-88.jpeg","datePublished":"2022-09-10T12:16:18+00:00","description":"W\u00e4rmepumpe f\u00fcr Whirlpools und Swim Spa Pools. Energieeinsparung.","breadcrumb":{"@id":"https:\/\/www.idol.cz\/de\/produkt\/warmepumpen\/teplelne-cerpadlo-pro-virivky-swim-spa-bazeny-rapid-inverter-x-88-2\/#breadcrumb"},"inLanguage":"de","potentialAction":[{"@type":"ReadAction","target":["https:\/\/www.idol.cz\/de\/produkt\/warmepumpen\/teplelne-cerpadlo-pro-virivky-swim-spa-bazeny-rapid-inverter-x-88-2\/"]}]},{"@type":"ImageObject","inLanguage":"de","@id":"https:\/\/www.idol.cz\/de\/produkt\/warmepumpen\/teplelne-cerpadlo-pro-virivky-swim-spa-bazeny-rapid-inverter-x-88-2\/#primaryimage","url":"https:\/\/www.idol.cz\/wp-content\/uploads\/2022\/06\/InverX-new-88.jpeg","contentUrl":"https:\/\/www.idol.cz\/wp-content\/uploads\/2022\/06\/InverX-new-88.jpeg","width":1236,"height":1024,"caption":"Whirlpool W\u00e4rmepumpe, Pinguin Swim Spa Pools"},{"@type":"BreadcrumbList","@id":"https:\/\/www.idol.cz\/de\/produkt\/warmepumpen\/teplelne-cerpadlo-pro-virivky-swim-spa-bazeny-rapid-inverter-x-88-2\/#breadcrumb","itemListElement":[{"@type":"ListItem","position":1,"name":"Dom\u016f","item":"https:\/\/www.idol.cz\/de\/"},{"@type":"ListItem","position":2,"name":"E-Shop","item":"https:\/\/www.idol.cz\/de\/shop\/"},{"@type":"ListItem","position":3,"name":"E-shop","item":"https:\/\/www.idol.cz\/kategorie-produktu\/e-shop\/"},{"@type":"ListItem","position":4,"name":"P\u0159\u00edslu\u0161enstv\u00ed k v\u00ed\u0159ivk\u00e1m a baz\u00e9n\u016fm.","item":"https:\/\/www.idol.cz\/kategorie-produktu\/e-shop\/prislusenstvi-k-virivkam-a-bazenum\/"},{"@type":"ListItem","position":5,"name":"W\u00e4rmepumpen","item":"https:\/\/www.idol.cz\/de\/kategorie-produktu\/warmepumpen\/"},{"@type":"ListItem","position":6,"name":"W\u00e4rmepumpe f\u00fcr Whirlpools, Swim Spa Pools. Schneller Wechselrichter &#8211; x 8,8 kW"}]},{"@type":"WebSite","@id":"https:\/\/www.idol.cz\/de\/#website","url":"https:\/\/www.idol.cz\/de\/","name":"v\u00ed\u0159ivky venkovn\u00ed, swim spa, baz\u00e9ny","description":"Luxusn\u00ed \u010desk\u00e9 v\u00ed\u0159ivky a swim spa","publisher":{"@id":"https:\/\/www.idol.cz\/de\/#organization"},"potentialAction":[{"@type":"SearchAction","target":{"@type":"EntryPoint","urlTemplate":"https:\/\/www.idol.cz\/de\/?s={search_term_string}"},"query-input":{"@type":"PropertyValueSpecification","valueRequired":true,"valueName":"search_term_string"}}],"inLanguage":"de"},{"@type":"Organization","@id":"https:\/\/www.idol.cz\/de\/#organization","name":"IDOL SPAS, s.r.o.","url":"https:\/\/www.idol.cz\/de\/","logo":{"@type":"ImageObject","inLanguage":"de","@id":"https:\/\/www.idol.cz\/de\/#\/schema\/logo\/image\/","url":"https:\/\/www.idol.cz\/wp-content\/uploads\/2020\/02\/idol-spas-logo.png","contentUrl":"https:\/\/www.idol.cz\/wp-content\/uploads\/2020\/02\/idol-spas-logo.png","width":512,"height":206,"caption":"IDOL SPAS, s.r.o."},"image":{"@id":"https:\/\/www.idol.cz\/de\/#\/schema\/logo\/image\/"},"sameAs":["https:\/\/www.facebook.com\/IdolSpas\/"]}]}},"_links":{"self":[{"href":"https:\/\/www.idol.cz\/de\/wp-json\/wp\/v2\/product\/20164"}],"collection":[{"href":"https:\/\/www.idol.cz\/de\/wp-json\/wp\/v2\/product"}],"about":[{"href":"https:\/\/www.idol.cz\/de\/wp-json\/wp\/v2\/types\/product"}],"wp:featuredmedia":[{"embeddable":true,"href":"https:\/\/www.idol.cz\/de\/wp-json\/wp\/v2\/media\/19481"}],"wp:attachment":[{"href":"https:\/\/www.idol.cz\/de\/wp-json\/wp\/v2\/media?parent=20164"}],"wp:term":[{"taxonomy":"product_cat","embeddable":true,"href":"https:\/\/www.idol.cz\/de\/wp-json\/wp\/v2\/product_cat?post=20164"},{"taxonomy":"product_tag","embeddable":true,"href":"https:\/\/www.idol.cz\/de\/wp-json\/wp\/v2\/product_tag?post=20164"}],"curies":[{"name":"wp","href":"https:\/\/api.w.org\/{rel}","templated":true}]}}