{"id":20210,"date":"2022-06-04T14:19:17","date_gmt":"2022-09-10T12:32:33","guid":{"rendered":"https:\/\/www.idol.cz\/produkt\/unkategorisiert\/waermepumpe-fuer-whirlpools-swim-spa-pools-norm-minipinguin-4-kw\/"},"modified":"2022-09-10T14:32:33","modified_gmt":"2022-09-10T12:32:33","slug":"teplelne-cerpadlo-pro-virivky-swim-spa-bazeny-norm-mini-tucnak-2","status":"publish","type":"product","link":"https:\/\/www.idol.cz\/de\/produkt\/warmepumpen\/teplelne-cerpadlo-pro-virivky-swim-spa-bazeny-norm-mini-tucnak-2\/","title":{"rendered":"W\u00e4rmepumpe f\u00fcr Whirlpools, Swim Spa Pools. Norm Minipinguin 4 kw"},"content":{"rendered":"<p>W\u00e4rmepumpe; Farbe: Wei\u00df\/Schwarz ; Heizleistung: 4,0kW; K\u00fchlung: Nein; Empfohlenes Poolvolumen: max. 15 m3; Anschluss: 32\/38mm; Gebrauchtes K\u00e4ltemittel: R32 ; Spannung: 230V; Wirkungsgrad: 5,0 C.O.P.<\/p>\n<p><strong>W\u00e4rmepumpe f\u00fcr Whirlpools und Swim Spa Pools NORM MINI &#8211; PENGUIN<\/strong><\/p>\n<p>Norm MINI-Penguin ist mit seinen kompakten Abmessungen und seiner Leistung f\u00fcr den Einsatz in kleinen privaten Swim-Spa-Pools oder Whirlpools und Whirlpools geeignet<br \/>\nEs kann per Smartphone (Bluetooth) \u00fcber die App &#8222;AQUA TEMP&#8220; ferngesteuert werden<\/p>\n<ul>\n<li>C.O.P. bis zu 5,0<\/li>\n<li>Kann \u00fcber Bluetooth gesteuert werden<\/li>\n<li>Betriebstemperatur: +10 bis +43 \u00b0C<\/li>\n<li>Inoskulierung:\n<ul>\n<li>Schlauchdorn 32\/38 mm<\/li>\n<li>Beschl\u00e4ge 32-50 mm<\/li>\n<\/ul>\n<\/li>\n<li>F\u00fcr kleine Pools und Whirlpools<\/li>\n<\/ul>\n<p>&nbsp;<\/p>\n<h2>Technische Parameter<\/h2>\n<table id=\"techparams\" class=\"webproduct_ltext_table\">\n<tbody>\n<tr>\n<th>Produkttyp:<\/th>\n<td>W\u00e4rmepumpe f\u00fcr Whirlpools und Swim Spa Pools<\/td>\n<\/tr>\n<tr>\n<th>Farbe:<\/th>\n<td>Wei\u00df\/Schwarz<\/td>\n<\/tr>\n<tr>\n<th>Heizleistung:<\/th>\n<td>4,0 kW<\/td>\n<\/tr>\n<tr>\n<th>K\u00fchlung:<\/th>\n<td>Nein<\/td>\n<\/tr>\n<tr>\n<th>Empfohlenes Poolvolumen:<\/th>\n<td>Max. 15 m3 Wohnfl\u00e4che<\/td>\n<\/tr>\n<tr>\n<th>Verbindung:<\/th>\n<td>32\/38 Millimeter<\/td>\n<\/tr>\n<tr>\n<th>Verwendetes K\u00e4ltemittel:<\/th>\n<td>R32<\/td>\n<\/tr>\n<tr>\n<th>Spannung:<\/th>\n<td>230 V<\/td>\n<\/tr>\n<tr>\n<th>Wirksamkeit:<\/th>\n<td>5,0 C.O.P.<\/td>\n<\/tr>\n<tr>\n<th>Netto-\/Transportgewicht kg:<\/th>\n<td>32 kg<\/td>\n<\/tr>\n<tr>\n<th>Nettoabmessungen der Einheit (w\/l\/h):<\/th>\n<td>500 x 520 x 560 mm<\/td>\n<\/tr>\n<tr>\n<th>Wattleistung:<\/th>\n<td>0,79 kW<\/td>\n<\/tr>\n<tr>\n<th>L\u00e4rm:<\/th>\n<td>46 dB<\/td>\n<\/tr>\n<tr>\n<th>Betriebstemperatur:<\/th>\n<td>+10 bis +43 \u00b0C<\/td>\n<\/tr>\n<tr>\n<th>Leistung:<\/th>\n<td>4,0 kW<\/td>\n<\/tr>\n<tr>\n<th>Empfohlener Wasserdurchfluss:<\/th>\n<td>1,5 m3\/h<\/td>\n<\/tr>\n<tr>\n<th>Digitales Bedienfeld:<\/th>\n<td>Ja<\/td>\n<\/tr>\n<\/tbody>\n<\/table>\n<p><b>W\u00e4rmepumpe NORM MINI &#8211; PENGUIN<\/b><\/p>\n","protected":false},"excerpt":{"rendered":"<p>W\u00e4rmepumpe; Farbe: Wei\u00df\/Schwarz ; Heizleistung: 4,0kW; K\u00fchlung: Nein; Empfohlenes Poolvolumen: max. 15 m3; Anschluss: 32\/38mm; Gebrauchtes K\u00e4ltemittel: R32 ; Spannung: 230V; Wirkungsgrad: 5,0 C.O.P. W\u00e4rmepumpe f\u00fcr Whirlpools und Swim Spa Pools NORM MINI &#8211; PENGUIN Norm MINI-Penguin ist mit seinen kompakten Abmessungen und seiner Leistung f\u00fcr den Einsatz in kleinen privaten Swim-Spa-Pools oder Whirlpools und [&hellip;]<\/p>\n","protected":false},"featured_media":19435,"template":"","meta":[],"product_cat":[316],"product_tag":[],"class_list":{"0":"post-20210","1":"product","2":"type-product","3":"status-publish","4":"has-post-thumbnail","6":"product_cat-warmepumpen","8":"first","9":"instock","10":"taxable","11":"shipping-taxable","12":"purchasable","13":"product-type-simple"},"yoast_head":"<!-- This site is optimized with the Yoast SEO Premium plugin v24.9 (Yoast SEO v24.9) - https:\/\/yoast.com\/wordpress\/plugins\/seo\/ -->\n<title>W\u00e4rmepumpe f\u00fcr Whirlpools, Swim Spa Pools. Norm Minipinguin 4 kw | Whirlpools im Freien, Swim Spa, Schwimmb\u00e4der<\/title>\n<meta name=\"robots\" content=\"index, follow, max-snippet:-1, max-image-preview:large, max-video-preview:-1\" \/>\n<link rel=\"canonical\" href=\"https:\/\/www.idol.cz\/de\/produkt\/warmepumpen\/teplelne-cerpadlo-pro-virivky-swim-spa-bazeny-norm-mini-tucnak-2\/\" \/>\n<meta property=\"og:locale\" content=\"de_DE\" \/>\n<meta property=\"og:type\" content=\"article\" \/>\n<meta property=\"og:title\" content=\"W\u00e4rmepumpe f\u00fcr Whirlpools, Swim Spa Pools. Norm Minipinguin 4 kw\" \/>\n<meta property=\"og:description\" content=\"W\u00e4rmepumpe; Farbe: Wei\u00df\/Schwarz ; Heizleistung: 4,0kW; K\u00fchlung: Nein; Empfohlenes Poolvolumen: max. 15 m3; Anschluss: 32\/38mm; Gebrauchtes K\u00e4ltemittel: R32 ; Spannung: 230V; Wirkungsgrad: 5,0 C.O.P. W\u00e4rmepumpe f\u00fcr Whirlpools und Swim Spa Pools NORM MINI &#8211; PENGUIN Norm MINI-Penguin ist mit seinen kompakten Abmessungen und seiner Leistung f\u00fcr den Einsatz in kleinen privaten Swim-Spa-Pools oder Whirlpools und [&hellip;]\" \/>\n<meta property=\"og:url\" content=\"https:\/\/www.idol.cz\/de\/produkt\/warmepumpen\/teplelne-cerpadlo-pro-virivky-swim-spa-bazeny-norm-mini-tucnak-2\/\" \/>\n<meta property=\"og:site_name\" content=\"Whirlpools im Freien, Swim Spa, Schwimmb\u00e4der\" \/>\n<meta property=\"article:publisher\" content=\"https:\/\/www.facebook.com\/IdolSpas\/\" \/>\n<meta property=\"og:image\" content=\"https:\/\/www.idol.cz\/wp-content\/uploads\/2022\/06\/tepelne-cerpadlo-virivky-bazeny-tucnak.jpeg\" \/>\n\t<meta property=\"og:image:width\" content=\"981\" \/>\n\t<meta property=\"og:image:height\" content=\"1024\" \/>\n\t<meta property=\"og:image:type\" content=\"image\/jpeg\" \/>\n<meta name=\"twitter:card\" content=\"summary_large_image\" \/>\n<meta name=\"twitter:label1\" content=\"Gesch\u00e4tzte Lesezeit\" \/>\n\t<meta name=\"twitter:data1\" content=\"1\u00a0Minute\" \/>\n<script type=\"application\/ld+json\" class=\"yoast-schema-graph\">{\"@context\":\"https:\/\/schema.org\",\"@graph\":[{\"@type\":\"WebPage\",\"@id\":\"https:\/\/www.idol.cz\/de\/produkt\/warmepumpen\/teplelne-cerpadlo-pro-virivky-swim-spa-bazeny-norm-mini-tucnak-2\/\",\"url\":\"https:\/\/www.idol.cz\/de\/produkt\/warmepumpen\/teplelne-cerpadlo-pro-virivky-swim-spa-bazeny-norm-mini-tucnak-2\/\",\"name\":\"W\u00e4rmepumpe f\u00fcr Whirlpools, Swim Spa Pools. Norm Minipinguin 4 kw | Whirlpools im Freien, Swim Spa, Schwimmb\u00e4der\",\"isPartOf\":{\"@id\":\"https:\/\/www.idol.cz\/de\/#website\"},\"primaryImageOfPage\":{\"@id\":\"https:\/\/www.idol.cz\/de\/produkt\/warmepumpen\/teplelne-cerpadlo-pro-virivky-swim-spa-bazeny-norm-mini-tucnak-2\/#primaryimage\"},\"image\":{\"@id\":\"https:\/\/www.idol.cz\/de\/produkt\/warmepumpen\/teplelne-cerpadlo-pro-virivky-swim-spa-bazeny-norm-mini-tucnak-2\/#primaryimage\"},\"thumbnailUrl\":\"https:\/\/www.idol.cz\/wp-content\/uploads\/2022\/06\/tepelne-cerpadlo-virivky-bazeny-tucnak.jpeg\",\"datePublished\":\"2022-09-10T12:32:33+00:00\",\"breadcrumb\":{\"@id\":\"https:\/\/www.idol.cz\/de\/produkt\/warmepumpen\/teplelne-cerpadlo-pro-virivky-swim-spa-bazeny-norm-mini-tucnak-2\/#breadcrumb\"},\"inLanguage\":\"de\",\"potentialAction\":[{\"@type\":\"ReadAction\",\"target\":[\"https:\/\/www.idol.cz\/de\/produkt\/warmepumpen\/teplelne-cerpadlo-pro-virivky-swim-spa-bazeny-norm-mini-tucnak-2\/\"]}]},{\"@type\":\"ImageObject\",\"inLanguage\":\"de\",\"@id\":\"https:\/\/www.idol.cz\/de\/produkt\/warmepumpen\/teplelne-cerpadlo-pro-virivky-swim-spa-bazeny-norm-mini-tucnak-2\/#primaryimage\",\"url\":\"https:\/\/www.idol.cz\/wp-content\/uploads\/2022\/06\/tepelne-cerpadlo-virivky-bazeny-tucnak.jpeg\",\"contentUrl\":\"https:\/\/www.idol.cz\/wp-content\/uploads\/2022\/06\/tepelne-cerpadlo-virivky-bazeny-tucnak.jpeg\",\"width\":981,\"height\":1024,\"caption\":\"Whirlpool W\u00e4rmepumpe, Pinguin Swim Spa Pools\"},{\"@type\":\"BreadcrumbList\",\"@id\":\"https:\/\/www.idol.cz\/de\/produkt\/warmepumpen\/teplelne-cerpadlo-pro-virivky-swim-spa-bazeny-norm-mini-tucnak-2\/#breadcrumb\",\"itemListElement\":[{\"@type\":\"ListItem\",\"position\":1,\"name\":\"Dom\u016f\",\"item\":\"https:\/\/www.idol.cz\/de\/\"},{\"@type\":\"ListItem\",\"position\":2,\"name\":\"E-Shop\",\"item\":\"https:\/\/www.idol.cz\/de\/shop\/\"},{\"@type\":\"ListItem\",\"position\":3,\"name\":\"E-shop\",\"item\":\"https:\/\/www.idol.cz\/kategorie-produktu\/e-shop\/\"},{\"@type\":\"ListItem\",\"position\":4,\"name\":\"P\u0159\u00edslu\u0161enstv\u00ed k v\u00ed\u0159ivk\u00e1m a baz\u00e9n\u016fm.\",\"item\":\"https:\/\/www.idol.cz\/kategorie-produktu\/e-shop\/prislusenstvi-k-virivkam-a-bazenum\/\"},{\"@type\":\"ListItem\",\"position\":5,\"name\":\"W\u00e4rmepumpen\",\"item\":\"https:\/\/www.idol.cz\/de\/kategorie-produktu\/warmepumpen\/\"},{\"@type\":\"ListItem\",\"position\":6,\"name\":\"W\u00e4rmepumpe f\u00fcr Whirlpools, Swim Spa Pools. Norm Minipinguin 4 kw\"}]},{\"@type\":\"WebSite\",\"@id\":\"https:\/\/www.idol.cz\/de\/#website\",\"url\":\"https:\/\/www.idol.cz\/de\/\",\"name\":\"v\u00ed\u0159ivky venkovn\u00ed, swim spa, baz\u00e9ny\",\"description\":\"Luxusn\u00ed \u010desk\u00e9 v\u00ed\u0159ivky a swim spa\",\"publisher\":{\"@id\":\"https:\/\/www.idol.cz\/de\/#organization\"},\"potentialAction\":[{\"@type\":\"SearchAction\",\"target\":{\"@type\":\"EntryPoint\",\"urlTemplate\":\"https:\/\/www.idol.cz\/de\/?s={search_term_string}\"},\"query-input\":{\"@type\":\"PropertyValueSpecification\",\"valueRequired\":true,\"valueName\":\"search_term_string\"}}],\"inLanguage\":\"de\"},{\"@type\":\"Organization\",\"@id\":\"https:\/\/www.idol.cz\/de\/#organization\",\"name\":\"IDOL SPAS, s.r.o.\",\"url\":\"https:\/\/www.idol.cz\/de\/\",\"logo\":{\"@type\":\"ImageObject\",\"inLanguage\":\"de\",\"@id\":\"https:\/\/www.idol.cz\/de\/#\/schema\/logo\/image\/\",\"url\":\"https:\/\/www.idol.cz\/wp-content\/uploads\/2020\/02\/idol-spas-logo.png\",\"contentUrl\":\"https:\/\/www.idol.cz\/wp-content\/uploads\/2020\/02\/idol-spas-logo.png\",\"width\":512,\"height\":206,\"caption\":\"IDOL SPAS, s.r.o.\"},\"image\":{\"@id\":\"https:\/\/www.idol.cz\/de\/#\/schema\/logo\/image\/\"},\"sameAs\":[\"https:\/\/www.facebook.com\/IdolSpas\/\"]}]}<\/script>\n<!-- \/ Yoast SEO Premium plugin. -->","yoast_head_json":{"title":"W\u00e4rmepumpe f\u00fcr Whirlpools, Swim Spa Pools. Norm Minipinguin 4 kw | Whirlpools im Freien, Swim Spa, Schwimmb\u00e4der","robots":{"index":"index","follow":"follow","max-snippet":"max-snippet:-1","max-image-preview":"max-image-preview:large","max-video-preview":"max-video-preview:-1"},"canonical":"https:\/\/www.idol.cz\/de\/produkt\/warmepumpen\/teplelne-cerpadlo-pro-virivky-swim-spa-bazeny-norm-mini-tucnak-2\/","og_locale":"de_DE","og_type":"article","og_title":"W\u00e4rmepumpe f\u00fcr Whirlpools, Swim Spa Pools. Norm Minipinguin 4 kw","og_description":"W\u00e4rmepumpe; Farbe: Wei\u00df\/Schwarz ; Heizleistung: 4,0kW; K\u00fchlung: Nein; Empfohlenes Poolvolumen: max. 15 m3; Anschluss: 32\/38mm; Gebrauchtes K\u00e4ltemittel: R32 ; Spannung: 230V; Wirkungsgrad: 5,0 C.O.P. W\u00e4rmepumpe f\u00fcr Whirlpools und Swim Spa Pools NORM MINI &#8211; PENGUIN Norm MINI-Penguin ist mit seinen kompakten Abmessungen und seiner Leistung f\u00fcr den Einsatz in kleinen privaten Swim-Spa-Pools oder Whirlpools und [&hellip;]","og_url":"https:\/\/www.idol.cz\/de\/produkt\/warmepumpen\/teplelne-cerpadlo-pro-virivky-swim-spa-bazeny-norm-mini-tucnak-2\/","og_site_name":"Whirlpools im Freien, Swim Spa, Schwimmb\u00e4der","article_publisher":"https:\/\/www.facebook.com\/IdolSpas\/","og_image":[{"width":981,"height":1024,"url":"https:\/\/www.idol.cz\/wp-content\/uploads\/2022\/06\/tepelne-cerpadlo-virivky-bazeny-tucnak.jpeg","type":"image\/jpeg"}],"twitter_card":"summary_large_image","twitter_misc":{"Gesch\u00e4tzte Lesezeit":"1\u00a0Minute"},"schema":{"@context":"https:\/\/schema.org","@graph":[{"@type":"WebPage","@id":"https:\/\/www.idol.cz\/de\/produkt\/warmepumpen\/teplelne-cerpadlo-pro-virivky-swim-spa-bazeny-norm-mini-tucnak-2\/","url":"https:\/\/www.idol.cz\/de\/produkt\/warmepumpen\/teplelne-cerpadlo-pro-virivky-swim-spa-bazeny-norm-mini-tucnak-2\/","name":"W\u00e4rmepumpe f\u00fcr Whirlpools, Swim Spa Pools. Norm Minipinguin 4 kw | Whirlpools im Freien, Swim Spa, Schwimmb\u00e4der","isPartOf":{"@id":"https:\/\/www.idol.cz\/de\/#website"},"primaryImageOfPage":{"@id":"https:\/\/www.idol.cz\/de\/produkt\/warmepumpen\/teplelne-cerpadlo-pro-virivky-swim-spa-bazeny-norm-mini-tucnak-2\/#primaryimage"},"image":{"@id":"https:\/\/www.idol.cz\/de\/produkt\/warmepumpen\/teplelne-cerpadlo-pro-virivky-swim-spa-bazeny-norm-mini-tucnak-2\/#primaryimage"},"thumbnailUrl":"https:\/\/www.idol.cz\/wp-content\/uploads\/2022\/06\/tepelne-cerpadlo-virivky-bazeny-tucnak.jpeg","datePublished":"2022-09-10T12:32:33+00:00","breadcrumb":{"@id":"https:\/\/www.idol.cz\/de\/produkt\/warmepumpen\/teplelne-cerpadlo-pro-virivky-swim-spa-bazeny-norm-mini-tucnak-2\/#breadcrumb"},"inLanguage":"de","potentialAction":[{"@type":"ReadAction","target":["https:\/\/www.idol.cz\/de\/produkt\/warmepumpen\/teplelne-cerpadlo-pro-virivky-swim-spa-bazeny-norm-mini-tucnak-2\/"]}]},{"@type":"ImageObject","inLanguage":"de","@id":"https:\/\/www.idol.cz\/de\/produkt\/warmepumpen\/teplelne-cerpadlo-pro-virivky-swim-spa-bazeny-norm-mini-tucnak-2\/#primaryimage","url":"https:\/\/www.idol.cz\/wp-content\/uploads\/2022\/06\/tepelne-cerpadlo-virivky-bazeny-tucnak.jpeg","contentUrl":"https:\/\/www.idol.cz\/wp-content\/uploads\/2022\/06\/tepelne-cerpadlo-virivky-bazeny-tucnak.jpeg","width":981,"height":1024,"caption":"Whirlpool W\u00e4rmepumpe, Pinguin Swim Spa Pools"},{"@type":"BreadcrumbList","@id":"https:\/\/www.idol.cz\/de\/produkt\/warmepumpen\/teplelne-cerpadlo-pro-virivky-swim-spa-bazeny-norm-mini-tucnak-2\/#breadcrumb","itemListElement":[{"@type":"ListItem","position":1,"name":"Dom\u016f","item":"https:\/\/www.idol.cz\/de\/"},{"@type":"ListItem","position":2,"name":"E-Shop","item":"https:\/\/www.idol.cz\/de\/shop\/"},{"@type":"ListItem","position":3,"name":"E-shop","item":"https:\/\/www.idol.cz\/kategorie-produktu\/e-shop\/"},{"@type":"ListItem","position":4,"name":"P\u0159\u00edslu\u0161enstv\u00ed k v\u00ed\u0159ivk\u00e1m a baz\u00e9n\u016fm.","item":"https:\/\/www.idol.cz\/kategorie-produktu\/e-shop\/prislusenstvi-k-virivkam-a-bazenum\/"},{"@type":"ListItem","position":5,"name":"W\u00e4rmepumpen","item":"https:\/\/www.idol.cz\/de\/kategorie-produktu\/warmepumpen\/"},{"@type":"ListItem","position":6,"name":"W\u00e4rmepumpe f\u00fcr Whirlpools, Swim Spa Pools. Norm Minipinguin 4 kw"}]},{"@type":"WebSite","@id":"https:\/\/www.idol.cz\/de\/#website","url":"https:\/\/www.idol.cz\/de\/","name":"v\u00ed\u0159ivky venkovn\u00ed, swim spa, baz\u00e9ny","description":"Luxusn\u00ed \u010desk\u00e9 v\u00ed\u0159ivky a swim spa","publisher":{"@id":"https:\/\/www.idol.cz\/de\/#organization"},"potentialAction":[{"@type":"SearchAction","target":{"@type":"EntryPoint","urlTemplate":"https:\/\/www.idol.cz\/de\/?s={search_term_string}"},"query-input":{"@type":"PropertyValueSpecification","valueRequired":true,"valueName":"search_term_string"}}],"inLanguage":"de"},{"@type":"Organization","@id":"https:\/\/www.idol.cz\/de\/#organization","name":"IDOL SPAS, s.r.o.","url":"https:\/\/www.idol.cz\/de\/","logo":{"@type":"ImageObject","inLanguage":"de","@id":"https:\/\/www.idol.cz\/de\/#\/schema\/logo\/image\/","url":"https:\/\/www.idol.cz\/wp-content\/uploads\/2020\/02\/idol-spas-logo.png","contentUrl":"https:\/\/www.idol.cz\/wp-content\/uploads\/2020\/02\/idol-spas-logo.png","width":512,"height":206,"caption":"IDOL SPAS, s.r.o."},"image":{"@id":"https:\/\/www.idol.cz\/de\/#\/schema\/logo\/image\/"},"sameAs":["https:\/\/www.facebook.com\/IdolSpas\/"]}]}},"_links":{"self":[{"href":"https:\/\/www.idol.cz\/de\/wp-json\/wp\/v2\/product\/20210"}],"collection":[{"href":"https:\/\/www.idol.cz\/de\/wp-json\/wp\/v2\/product"}],"about":[{"href":"https:\/\/www.idol.cz\/de\/wp-json\/wp\/v2\/types\/product"}],"wp:featuredmedia":[{"embeddable":true,"href":"https:\/\/www.idol.cz\/de\/wp-json\/wp\/v2\/media\/19435"}],"wp:attachment":[{"href":"https:\/\/www.idol.cz\/de\/wp-json\/wp\/v2\/media?parent=20210"}],"wp:term":[{"taxonomy":"product_cat","embeddable":true,"href":"https:\/\/www.idol.cz\/de\/wp-json\/wp\/v2\/product_cat?post=20210"},{"taxonomy":"product_tag","embeddable":true,"href":"https:\/\/www.idol.cz\/de\/wp-json\/wp\/v2\/product_tag?post=20210"}],"curies":[{"name":"wp","href":"https:\/\/api.w.org\/{rel}","templated":true}]}}