{"id":20973,"date":"2021-04-21T16:46:33","date_gmt":"2022-09-30T16:59:16","guid":{"rendered":"https:\/\/www.idol.cz\/produkt\/unkategorisiert\/laminatfilter-vienna-ii\/"},"modified":"2022-09-30T18:59:17","modified_gmt":"2022-09-30T16:59:17","slug":"laminatfilter-vienna-ii","status":"publish","type":"product","link":"https:\/\/www.idol.cz\/de\/produkt\/sandfiltration\/laminatfilter-vienna-ii\/","title":{"rendered":"Laminatfilter Vienna II"},"content":{"rendered":"\t\t<div data-elementor-type=\"product-post\" data-elementor-id=\"20973\" class=\"elementor elementor-20973 elementor-18548\" data-elementor-post-type=\"product\">\n\t\t\t\t\t\t<section class=\"ob-is-breaking-bad elementor-section elementor-top-section elementor-element elementor-element-51d23585 elementor-section-boxed elementor-section-height-default elementor-section-height-default\" data-id=\"51d23585\" data-element_type=\"section\" data-settings=\"{&quot;_ob_bbad_use_it&quot;:&quot;yes&quot;,&quot;_ob_bbad_sssic_use&quot;:&quot;no&quot;}\">\n\t\t\t\t\t\t<div class=\"elementor-container elementor-column-gap-default\">\n\t\t\t\t\t<div class=\"elementor-column elementor-col-100 elementor-top-column elementor-element elementor-element-53c333fb\" data-id=\"53c333fb\" data-element_type=\"column\" data-settings=\"{&quot;_ob_bbad_is_stalker&quot;:&quot;no&quot;,&quot;_ob_teleporter_use&quot;:false}\">\n\t\t\t<div class=\"elementor-widget-wrap elementor-element-populated\">\n\t\t\t\t\t\t<div class=\"elementor-element elementor-element-4b47dfb6 ob-harakiri-inherit elementor-widget elementor-widget-text-editor\" data-id=\"4b47dfb6\" data-element_type=\"widget\" data-settings=\"{&quot;_ob_use_harakiri&quot;:&quot;yes&quot;,&quot;_ob_harakiri_writing_mode&quot;:&quot;inherit&quot;,&quot;_ob_widget_stalker_use&quot;:&quot;no&quot;}\" data-widget_type=\"text-editor.default\">\n\t\t\t\t\t\t\t\t\t<h3 style=\"letter-spacing: normal; text-align: left;\">Technische Daten&nbsp;<\/h3>\n<ul>\n<li>Abmessungen&nbsp; &nbsp; &nbsp; &nbsp; &nbsp;&nbsp;&nbsp; &nbsp; &nbsp; &nbsp; &nbsp; &nbsp; &nbsp; &nbsp; &nbsp; D400 mm<\/li>\n<li>F\u00fcllmenge&nbsp; &nbsp; &nbsp; &nbsp; &nbsp; &nbsp;&nbsp; &nbsp; 40 kg<\/li><li style=\"padding-left: 16px; text-indent: -1em;\">Transparenter&nbsp; &nbsp;&nbsp; &nbsp; &nbsp; &nbsp;&nbsp; &nbsp; &nbsp; Deckel D210 mm<\/li>\n<li style=\"padding-left: 16px; text-indent: -1em;\">Hergestellt nach Industriestandards<\/li><li style=\"padding-left: 16px; text-indent: -1em;\">UV-best\u00e4ndig<\/li>\n<\/ul>\t\t\t\t\t\t\t\t<\/div>\n\t\t\t\t\t<\/div>\n\t\t<\/div>\n\t\t\t\t\t<\/div>\n\t\t<\/section>\n\t\t\t\t<\/div>\n\t\t","protected":false},"excerpt":{"rendered":"<p>Sandfiltration f\u00fcr Whirlpools, Swim Spas und Schwimmb\u00e4der. Mit seitlichem Sechswegeventil.<\/p>\n<p>Die beste Wahl f\u00fcr kleinere Whirlpools und Pools. Dank des Seitenventils reserviert sich die F\u00fcllung nicht und die F\u00fcllung \u00e4ndert sich leicht.<\/p>\n<p>Wir empfehlen, Zeolith anstelle von klassischem Sand oder Glas zu verwenden.<\/p>\n","protected":false},"featured_media":18553,"template":"","meta":[],"product_cat":[341],"product_tag":[],"class_list":{"0":"post-20973","1":"product","2":"type-product","3":"status-publish","4":"has-post-thumbnail","6":"product_cat-sandfiltration","8":"first","9":"instock","10":"taxable","11":"shipping-taxable","12":"purchasable","13":"product-type-simple"},"yoast_head":"<!-- This site is optimized with the Yoast SEO Premium plugin v24.9 (Yoast SEO v24.9) - https:\/\/yoast.com\/wordpress\/plugins\/seo\/ -->\n<title>Laminatfilter Vienna II | Sandfiltration f\u00fcr Schwimmb\u00e4der, Swim Spas und Whirlpools<\/title>\n<meta name=\"description\" content=\"Sandfiltration f\u00fcr Whirlpools Swim Spa und Schwimmb\u00e4der. Mit Seitenventil.\" \/>\n<meta name=\"robots\" content=\"index, follow, max-snippet:-1, max-image-preview:large, max-video-preview:-1\" \/>\n<link rel=\"canonical\" href=\"https:\/\/www.idol.cz\/de\/produkt\/sandfiltration\/laminatfilter-vienna-ii\/\" \/>\n<meta property=\"og:locale\" content=\"de_DE\" \/>\n<meta property=\"og:type\" content=\"article\" \/>\n<meta property=\"og:title\" content=\"Laminatfilter Vienna II\" \/>\n<meta property=\"og:description\" content=\"Sandfiltration f\u00fcr Whirlpools Swim Spa und Schwimmb\u00e4der. Mit Seitenventil.\" \/>\n<meta property=\"og:url\" content=\"https:\/\/www.idol.cz\/de\/produkt\/sandfiltration\/laminatfilter-vienna-ii\/\" \/>\n<meta property=\"og:site_name\" content=\"Whirlpools im Freien, Swim Spa, Schwimmb\u00e4der\" \/>\n<meta property=\"article:publisher\" content=\"https:\/\/www.facebook.com\/IdolSpas\/\" \/>\n<meta property=\"article:modified_time\" content=\"2022-09-30T16:59:17+00:00\" \/>\n<meta property=\"og:image\" content=\"https:\/\/www.idol.cz\/wp-content\/uploads\/2021\/04\/Laminatovy-filtr-Vienna-II-400-e1703949434263.jpg\" \/>\n\t<meta property=\"og:image:width\" content=\"700\" \/>\n\t<meta property=\"og:image:height\" content=\"500\" \/>\n\t<meta property=\"og:image:type\" content=\"image\/jpeg\" \/>\n<meta name=\"twitter:card\" content=\"summary_large_image\" \/>\n<script type=\"application\/ld+json\" class=\"yoast-schema-graph\">{\"@context\":\"https:\/\/schema.org\",\"@graph\":[{\"@type\":\"WebPage\",\"@id\":\"https:\/\/www.idol.cz\/de\/produkt\/sandfiltration\/laminatfilter-vienna-ii\/\",\"url\":\"https:\/\/www.idol.cz\/de\/produkt\/sandfiltration\/laminatfilter-vienna-ii\/\",\"name\":\"Laminatfilter Vienna II | Sandfiltration f\u00fcr Schwimmb\u00e4der, Swim Spas und Whirlpools\",\"isPartOf\":{\"@id\":\"\/#website\"},\"primaryImageOfPage\":{\"@id\":\"https:\/\/www.idol.cz\/de\/produkt\/sandfiltration\/laminatfilter-vienna-ii\/#primaryimage\"},\"image\":{\"@id\":\"https:\/\/www.idol.cz\/de\/produkt\/sandfiltration\/laminatfilter-vienna-ii\/#primaryimage\"},\"thumbnailUrl\":\"https:\/\/www.idol.cz\/wp-content\/uploads\/2021\/04\/Laminatovy-filtr-Vienna-II-400-e1703949434263.jpg\",\"datePublished\":\"2022-09-30T16:59:16+00:00\",\"dateModified\":\"2022-09-30T16:59:17+00:00\",\"description\":\"Sandfiltration f\u00fcr Whirlpools Swim Spa und Schwimmb\u00e4der. Mit Seitenventil.\",\"breadcrumb\":{\"@id\":\"https:\/\/www.idol.cz\/de\/produkt\/sandfiltration\/laminatfilter-vienna-ii\/#breadcrumb\"},\"inLanguage\":\"de\",\"potentialAction\":[{\"@type\":\"ReadAction\",\"target\":[\"https:\/\/www.idol.cz\/de\/produkt\/sandfiltration\/laminatfilter-vienna-ii\/\"]}]},{\"@type\":\"ImageObject\",\"inLanguage\":\"de\",\"@id\":\"https:\/\/www.idol.cz\/de\/produkt\/sandfiltration\/laminatfilter-vienna-ii\/#primaryimage\",\"url\":\"https:\/\/www.idol.cz\/wp-content\/uploads\/2021\/04\/Laminatovy-filtr-Vienna-II-400-e1703949434263.jpg\",\"contentUrl\":\"https:\/\/www.idol.cz\/wp-content\/uploads\/2021\/04\/Laminatovy-filtr-Vienna-II-400-e1703949434263.jpg\",\"width\":700,\"height\":500,\"caption\":\"Vienna II Laminatfilter mit Sechswegeventil (Bedienungsanleitung)\"},{\"@type\":\"BreadcrumbList\",\"@id\":\"https:\/\/www.idol.cz\/de\/produkt\/sandfiltration\/laminatfilter-vienna-ii\/#breadcrumb\",\"itemListElement\":[{\"@type\":\"ListItem\",\"position\":1,\"name\":\"Dom\u016f\",\"item\":\"https:\/\/www.idol.cz\/de\/\"},{\"@type\":\"ListItem\",\"position\":2,\"name\":\"E-shop\",\"item\":\"https:\/\/www.idol.cz\/kategorie-produktu\/e-shop\/\"},{\"@type\":\"ListItem\",\"position\":3,\"name\":\"N\u00e1hradn\u00ed d\u00edly na v\u00ed\u0159ivky a swim spa baz\u00e9ny Idol spas\",\"item\":\"https:\/\/www.idol.cz\/kategorie-produktu\/e-shop\/nahradni-dily-na-virivky-a-swim-spa-bazeny-idol-spas\/\"},{\"@type\":\"ListItem\",\"position\":4,\"name\":\"Filtrace\",\"item\":\"https:\/\/www.idol.cz\/kategorie-produktu\/e-shop\/nahradni-dily-na-virivky-a-swim-spa-bazeny-idol-spas\/filtrace\/\"},{\"@type\":\"ListItem\",\"position\":5,\"name\":\"Sandfiltration\",\"item\":\"https:\/\/www.idol.cz\/de\/kategorie-produktu\/sandfiltration\/\"},{\"@type\":\"ListItem\",\"position\":6,\"name\":\"Laminatfilter Vienna II\"}]},{\"@type\":\"WebSite\",\"@id\":\"\/#website\",\"url\":\"\/\",\"name\":\"v\u00ed\u0159ivky venkovn\u00ed, swim spa, baz\u00e9ny\",\"description\":\"Luxusn\u00ed \u010desk\u00e9 v\u00ed\u0159ivky a swim spa\",\"publisher\":{\"@id\":\"\/#organization\"},\"potentialAction\":[{\"@type\":\"SearchAction\",\"target\":{\"@type\":\"EntryPoint\",\"urlTemplate\":\"\/?s={search_term_string}\"},\"query-input\":{\"@type\":\"PropertyValueSpecification\",\"valueRequired\":true,\"valueName\":\"search_term_string\"}}],\"inLanguage\":\"de\"},{\"@type\":\"Organization\",\"@id\":\"\/#organization\",\"name\":\"IDOL SPAS, s.r.o.\",\"url\":\"\/\",\"logo\":{\"@type\":\"ImageObject\",\"inLanguage\":\"de\",\"@id\":\"\/#\/schema\/logo\/image\/\",\"url\":\"https:\/\/www.idol.cz\/wp-content\/uploads\/2020\/02\/idol-spas-logo.png\",\"contentUrl\":\"https:\/\/www.idol.cz\/wp-content\/uploads\/2020\/02\/idol-spas-logo.png\",\"width\":512,\"height\":206,\"caption\":\"IDOL SPAS, s.r.o.\"},\"image\":{\"@id\":\"\/#\/schema\/logo\/image\/\"},\"sameAs\":[\"https:\/\/www.facebook.com\/IdolSpas\/\"]}]}<\/script>\n<!-- \/ Yoast SEO Premium plugin. -->","yoast_head_json":{"title":"Laminatfilter Vienna II | Sandfiltration f\u00fcr Schwimmb\u00e4der, Swim Spas und Whirlpools","description":"Sandfiltration f\u00fcr Whirlpools Swim Spa und Schwimmb\u00e4der. Mit Seitenventil.","robots":{"index":"index","follow":"follow","max-snippet":"max-snippet:-1","max-image-preview":"max-image-preview:large","max-video-preview":"max-video-preview:-1"},"canonical":"https:\/\/www.idol.cz\/de\/produkt\/sandfiltration\/laminatfilter-vienna-ii\/","og_locale":"de_DE","og_type":"article","og_title":"Laminatfilter Vienna II","og_description":"Sandfiltration f\u00fcr Whirlpools Swim Spa und Schwimmb\u00e4der. Mit Seitenventil.","og_url":"https:\/\/www.idol.cz\/de\/produkt\/sandfiltration\/laminatfilter-vienna-ii\/","og_site_name":"Whirlpools im Freien, Swim Spa, Schwimmb\u00e4der","article_publisher":"https:\/\/www.facebook.com\/IdolSpas\/","article_modified_time":"2022-09-30T16:59:17+00:00","og_image":[{"width":700,"height":500,"url":"https:\/\/www.idol.cz\/wp-content\/uploads\/2021\/04\/Laminatovy-filtr-Vienna-II-400-e1703949434263.jpg","type":"image\/jpeg"}],"twitter_card":"summary_large_image","schema":{"@context":"https:\/\/schema.org","@graph":[{"@type":"WebPage","@id":"https:\/\/www.idol.cz\/de\/produkt\/sandfiltration\/laminatfilter-vienna-ii\/","url":"https:\/\/www.idol.cz\/de\/produkt\/sandfiltration\/laminatfilter-vienna-ii\/","name":"Laminatfilter Vienna II | Sandfiltration f\u00fcr Schwimmb\u00e4der, Swim Spas und Whirlpools","isPartOf":{"@id":"\/#website"},"primaryImageOfPage":{"@id":"https:\/\/www.idol.cz\/de\/produkt\/sandfiltration\/laminatfilter-vienna-ii\/#primaryimage"},"image":{"@id":"https:\/\/www.idol.cz\/de\/produkt\/sandfiltration\/laminatfilter-vienna-ii\/#primaryimage"},"thumbnailUrl":"https:\/\/www.idol.cz\/wp-content\/uploads\/2021\/04\/Laminatovy-filtr-Vienna-II-400-e1703949434263.jpg","datePublished":"2022-09-30T16:59:16+00:00","dateModified":"2022-09-30T16:59:17+00:00","description":"Sandfiltration f\u00fcr Whirlpools Swim Spa und Schwimmb\u00e4der. Mit Seitenventil.","breadcrumb":{"@id":"https:\/\/www.idol.cz\/de\/produkt\/sandfiltration\/laminatfilter-vienna-ii\/#breadcrumb"},"inLanguage":"de","potentialAction":[{"@type":"ReadAction","target":["https:\/\/www.idol.cz\/de\/produkt\/sandfiltration\/laminatfilter-vienna-ii\/"]}]},{"@type":"ImageObject","inLanguage":"de","@id":"https:\/\/www.idol.cz\/de\/produkt\/sandfiltration\/laminatfilter-vienna-ii\/#primaryimage","url":"https:\/\/www.idol.cz\/wp-content\/uploads\/2021\/04\/Laminatovy-filtr-Vienna-II-400-e1703949434263.jpg","contentUrl":"https:\/\/www.idol.cz\/wp-content\/uploads\/2021\/04\/Laminatovy-filtr-Vienna-II-400-e1703949434263.jpg","width":700,"height":500,"caption":"Vienna II Laminatfilter mit Sechswegeventil (Bedienungsanleitung)"},{"@type":"BreadcrumbList","@id":"https:\/\/www.idol.cz\/de\/produkt\/sandfiltration\/laminatfilter-vienna-ii\/#breadcrumb","itemListElement":[{"@type":"ListItem","position":1,"name":"Dom\u016f","item":"https:\/\/www.idol.cz\/de\/"},{"@type":"ListItem","position":2,"name":"E-shop","item":"https:\/\/www.idol.cz\/kategorie-produktu\/e-shop\/"},{"@type":"ListItem","position":3,"name":"N\u00e1hradn\u00ed d\u00edly na v\u00ed\u0159ivky a swim spa baz\u00e9ny Idol spas","item":"https:\/\/www.idol.cz\/kategorie-produktu\/e-shop\/nahradni-dily-na-virivky-a-swim-spa-bazeny-idol-spas\/"},{"@type":"ListItem","position":4,"name":"Filtrace","item":"https:\/\/www.idol.cz\/kategorie-produktu\/e-shop\/nahradni-dily-na-virivky-a-swim-spa-bazeny-idol-spas\/filtrace\/"},{"@type":"ListItem","position":5,"name":"Sandfiltration","item":"https:\/\/www.idol.cz\/de\/kategorie-produktu\/sandfiltration\/"},{"@type":"ListItem","position":6,"name":"Laminatfilter Vienna II"}]},{"@type":"WebSite","@id":"\/#website","url":"\/","name":"v\u00ed\u0159ivky venkovn\u00ed, swim spa, baz\u00e9ny","description":"Luxusn\u00ed \u010desk\u00e9 v\u00ed\u0159ivky a swim spa","publisher":{"@id":"\/#organization"},"potentialAction":[{"@type":"SearchAction","target":{"@type":"EntryPoint","urlTemplate":"\/?s={search_term_string}"},"query-input":{"@type":"PropertyValueSpecification","valueRequired":true,"valueName":"search_term_string"}}],"inLanguage":"de"},{"@type":"Organization","@id":"\/#organization","name":"IDOL SPAS, s.r.o.","url":"\/","logo":{"@type":"ImageObject","inLanguage":"de","@id":"\/#\/schema\/logo\/image\/","url":"https:\/\/www.idol.cz\/wp-content\/uploads\/2020\/02\/idol-spas-logo.png","contentUrl":"https:\/\/www.idol.cz\/wp-content\/uploads\/2020\/02\/idol-spas-logo.png","width":512,"height":206,"caption":"IDOL SPAS, s.r.o."},"image":{"@id":"\/#\/schema\/logo\/image\/"},"sameAs":["https:\/\/www.facebook.com\/IdolSpas\/"]}]}},"_links":{"self":[{"href":"https:\/\/www.idol.cz\/de\/wp-json\/wp\/v2\/product\/20973"}],"collection":[{"href":"https:\/\/www.idol.cz\/de\/wp-json\/wp\/v2\/product"}],"about":[{"href":"https:\/\/www.idol.cz\/de\/wp-json\/wp\/v2\/types\/product"}],"wp:featuredmedia":[{"embeddable":true,"href":"https:\/\/www.idol.cz\/de\/wp-json\/wp\/v2\/media\/18553"}],"wp:attachment":[{"href":"https:\/\/www.idol.cz\/de\/wp-json\/wp\/v2\/media?parent=20973"}],"wp:term":[{"taxonomy":"product_cat","embeddable":true,"href":"https:\/\/www.idol.cz\/de\/wp-json\/wp\/v2\/product_cat?post=20973"},{"taxonomy":"product_tag","embeddable":true,"href":"https:\/\/www.idol.cz\/de\/wp-json\/wp\/v2\/product_tag?post=20973"}],"curies":[{"name":"wp","href":"https:\/\/api.w.org\/{rel}","templated":true}]}}