{"id":35487,"date":"2024-01-25T13:53:16","date_gmt":"2024-01-25T12:53:16","guid":{"rendered":"https:\/\/www.idol.cz\/?post_type=product&#038;p=35487"},"modified":"2025-06-03T22:10:14","modified_gmt":"2025-06-03T20:10:14","slug":"masazni-cerpadlo-lx-wp250-2-speed","status":"publish","type":"product","link":"https:\/\/www.idol.cz\/de\/produkt\/e-shop\/nahradni-dily-na-virivky-a-swim-spa-bazeny-idol-spas\/masazni-cerpadlo-lx-wp250-2-speed\/","title":{"rendered":"Mas\u00e1\u017en\u00ed \u010derpadlo LX WP250 &#8211; 2 speed"},"content":{"rendered":"<ul>\n<li>Pr\u016fm\u011br napojen\u00ed je 60 mm.<\/li>\n<li>Ur\u010deno pro vysok\u00fd v\u00fdkon a v\u00fdbornou pr\u016fto\u010dnost.<\/li>\n<li>Vzduchem chlazen\u00fd motor odoln\u00fd v\u016f\u010di vlhkosti a n\u00edzk\u00fdm teplot\u00e1m.<\/li>\n<li>Kondenz\u00e1tor spo\u0159\u00edc\u00ed energii.<\/li>\n<li>Kontrola proti p\u0159eh\u0159\u00e1t\u00ed pro dlouhou \u017eivotnost motoru.<\/li>\n<li>Flexibiln\u00ed instalace pro snadnou manipulaci s potrub\u00edm.<\/li>\n<li>Ide\u00e1ln\u00ed pro syst\u00e9my spa a baz\u00e9ny i pro nep\u0159etr\u017eit\u00fd provoz.<\/li>\n<li>LX WP250 2,5HP (2-Speed)<\/li>\n<\/ul>\n","protected":false},"excerpt":{"rendered":"<p>Pr\u016fm\u011br napojen\u00ed je 60 mm. Ur\u010deno pro vysok\u00fd v\u00fdkon a v\u00fdbornou pr\u016fto\u010dnost. Vzduchem chlazen\u00fd motor odoln\u00fd v\u016f\u010di vlhkosti a n\u00edzk\u00fdm teplot\u00e1m. Kondenz\u00e1tor spo\u0159\u00edc\u00ed energii. Kontrola proti p\u0159eh\u0159\u00e1t\u00ed pro dlouhou \u017eivotnost motoru. Flexibiln\u00ed instalace pro snadnou manipulaci s potrub\u00edm. Ide\u00e1ln\u00ed pro syst\u00e9my spa a baz\u00e9ny i pro nep\u0159etr\u017eit\u00fd provoz. LX WP250 2,5HP (2-Speed)<\/p>\n","protected":false},"featured_media":36725,"template":"","meta":[],"product_cat":[153],"product_tag":[],"class_list":{"0":"post-35487","1":"product","2":"type-product","3":"status-publish","4":"has-post-thumbnail","6":"product_cat-nahradni-dily-na-virivky-a-swim-spa-bazeny-idol-spas","8":"first","9":"instock","10":"taxable","11":"shipping-taxable","12":"purchasable","13":"product-type-simple"},"yoast_head":"<!-- This site is optimized with the Yoast SEO Premium plugin v24.9 (Yoast SEO v24.9) - https:\/\/yoast.com\/wordpress\/plugins\/seo\/ -->\n<title>Mas\u00e1\u017en\u00ed \u010derpadlo LX WP250 - 2 speed | Whirlpools im Freien, Swim Spa, Schwimmb\u00e4der<\/title>\n<meta name=\"robots\" content=\"index, follow, max-snippet:-1, max-image-preview:large, max-video-preview:-1\" \/>\n<link rel=\"canonical\" href=\"https:\/\/www.idol.cz\/de\/produkt\/e-shop\/nahradni-dily-na-virivky-a-swim-spa-bazeny-idol-spas\/masazni-cerpadlo-lx-wp250-2-speed\/\" \/>\n<meta property=\"og:locale\" content=\"de_DE\" \/>\n<meta property=\"og:type\" content=\"article\" \/>\n<meta property=\"og:title\" content=\"Mas\u00e1\u017en\u00ed \u010derpadlo LX WP250 - 2 speed\" \/>\n<meta property=\"og:description\" content=\"Pr\u016fm\u011br napojen\u00ed je 60 mm. Ur\u010deno pro vysok\u00fd v\u00fdkon a v\u00fdbornou pr\u016fto\u010dnost. Vzduchem chlazen\u00fd motor odoln\u00fd v\u016f\u010di vlhkosti a n\u00edzk\u00fdm teplot\u00e1m. Kondenz\u00e1tor spo\u0159\u00edc\u00ed energii. Kontrola proti p\u0159eh\u0159\u00e1t\u00ed pro dlouhou \u017eivotnost motoru. Flexibiln\u00ed instalace pro snadnou manipulaci s potrub\u00edm. Ide\u00e1ln\u00ed pro syst\u00e9my spa a baz\u00e9ny i pro nep\u0159etr\u017eit\u00fd provoz. LX WP250 2,5HP (2-Speed)\" \/>\n<meta property=\"og:url\" content=\"https:\/\/www.idol.cz\/de\/produkt\/e-shop\/nahradni-dily-na-virivky-a-swim-spa-bazeny-idol-spas\/masazni-cerpadlo-lx-wp250-2-speed\/\" \/>\n<meta property=\"og:site_name\" content=\"Whirlpools im Freien, Swim Spa, Schwimmb\u00e4der\" \/>\n<meta property=\"article:publisher\" content=\"https:\/\/www.facebook.com\/IdolSpas\/\" \/>\n<meta property=\"article:modified_time\" content=\"2025-06-03T20:10:14+00:00\" \/>\n<meta property=\"og:image\" content=\"https:\/\/www.idol.cz\/wp-content\/uploads\/2024\/01\/LX-WP200.png\" \/>\n\t<meta property=\"og:image:width\" content=\"391\" \/>\n\t<meta property=\"og:image:height\" content=\"361\" \/>\n\t<meta property=\"og:image:type\" content=\"image\/png\" \/>\n<meta name=\"twitter:card\" content=\"summary_large_image\" \/>\n<meta name=\"twitter:label1\" content=\"Gesch\u00e4tzte Lesezeit\" \/>\n\t<meta name=\"twitter:data1\" content=\"1\u00a0Minute\" \/>\n<script type=\"application\/ld+json\" class=\"yoast-schema-graph\">{\"@context\":\"https:\/\/schema.org\",\"@graph\":[{\"@type\":\"WebPage\",\"@id\":\"https:\/\/www.idol.cz\/de\/produkt\/e-shop\/nahradni-dily-na-virivky-a-swim-spa-bazeny-idol-spas\/masazni-cerpadlo-lx-wp250-2-speed\/\",\"url\":\"https:\/\/www.idol.cz\/de\/produkt\/e-shop\/nahradni-dily-na-virivky-a-swim-spa-bazeny-idol-spas\/masazni-cerpadlo-lx-wp250-2-speed\/\",\"name\":\"Mas\u00e1\u017en\u00ed \u010derpadlo LX WP250 - 2 speed | Whirlpools im Freien, Swim Spa, Schwimmb\u00e4der\",\"isPartOf\":{\"@id\":\"\/#website\"},\"primaryImageOfPage\":{\"@id\":\"https:\/\/www.idol.cz\/de\/produkt\/e-shop\/nahradni-dily-na-virivky-a-swim-spa-bazeny-idol-spas\/masazni-cerpadlo-lx-wp250-2-speed\/#primaryimage\"},\"image\":{\"@id\":\"https:\/\/www.idol.cz\/de\/produkt\/e-shop\/nahradni-dily-na-virivky-a-swim-spa-bazeny-idol-spas\/masazni-cerpadlo-lx-wp250-2-speed\/#primaryimage\"},\"thumbnailUrl\":\"https:\/\/www.idol.cz\/wp-content\/uploads\/2024\/01\/LX-WP200.png\",\"datePublished\":\"2024-01-25T12:53:16+00:00\",\"dateModified\":\"2025-06-03T20:10:14+00:00\",\"breadcrumb\":{\"@id\":\"https:\/\/www.idol.cz\/de\/produkt\/e-shop\/nahradni-dily-na-virivky-a-swim-spa-bazeny-idol-spas\/masazni-cerpadlo-lx-wp250-2-speed\/#breadcrumb\"},\"inLanguage\":\"de\",\"potentialAction\":[{\"@type\":\"ReadAction\",\"target\":[\"https:\/\/www.idol.cz\/de\/produkt\/e-shop\/nahradni-dily-na-virivky-a-swim-spa-bazeny-idol-spas\/masazni-cerpadlo-lx-wp250-2-speed\/\"]}]},{\"@type\":\"ImageObject\",\"inLanguage\":\"de\",\"@id\":\"https:\/\/www.idol.cz\/de\/produkt\/e-shop\/nahradni-dily-na-virivky-a-swim-spa-bazeny-idol-spas\/masazni-cerpadlo-lx-wp250-2-speed\/#primaryimage\",\"url\":\"https:\/\/www.idol.cz\/wp-content\/uploads\/2024\/01\/LX-WP200.png\",\"contentUrl\":\"https:\/\/www.idol.cz\/wp-content\/uploads\/2024\/01\/LX-WP200.png\",\"width\":391,\"height\":361,\"caption\":\"LX LP 250 \u010derpadlo pro v\u00ed\u0159ivky a swim spa\"},{\"@type\":\"BreadcrumbList\",\"@id\":\"https:\/\/www.idol.cz\/de\/produkt\/e-shop\/nahradni-dily-na-virivky-a-swim-spa-bazeny-idol-spas\/masazni-cerpadlo-lx-wp250-2-speed\/#breadcrumb\",\"itemListElement\":[{\"@type\":\"ListItem\",\"position\":1,\"name\":\"Dom\u016f\",\"item\":\"https:\/\/www.idol.cz\/de\/\"},{\"@type\":\"ListItem\",\"position\":2,\"name\":\"E-shop\",\"item\":\"https:\/\/www.idol.cz\/kategorie-produktu\/e-shop\/\"},{\"@type\":\"ListItem\",\"position\":3,\"name\":\"N\u00e1hradn\u00ed d\u00edly na v\u00ed\u0159ivky a swim spa baz\u00e9ny Idol spas\",\"item\":\"https:\/\/www.idol.cz\/kategorie-produktu\/e-shop\/nahradni-dily-na-virivky-a-swim-spa-bazeny-idol-spas\/\"},{\"@type\":\"ListItem\",\"position\":4,\"name\":\"Mas\u00e1\u017en\u00ed \u010derpadlo LX WP250 &#8211; 2 speed\"}]},{\"@type\":\"WebSite\",\"@id\":\"\/#website\",\"url\":\"\/\",\"name\":\"v\u00ed\u0159ivky venkovn\u00ed, swim spa, baz\u00e9ny\",\"description\":\"Luxusn\u00ed \u010desk\u00e9 v\u00ed\u0159ivky a swim spa\",\"publisher\":{\"@id\":\"\/#organization\"},\"potentialAction\":[{\"@type\":\"SearchAction\",\"target\":{\"@type\":\"EntryPoint\",\"urlTemplate\":\"\/?s={search_term_string}\"},\"query-input\":{\"@type\":\"PropertyValueSpecification\",\"valueRequired\":true,\"valueName\":\"search_term_string\"}}],\"inLanguage\":\"de\"},{\"@type\":\"Organization\",\"@id\":\"\/#organization\",\"name\":\"IDOL SPAS, s.r.o.\",\"url\":\"\/\",\"logo\":{\"@type\":\"ImageObject\",\"inLanguage\":\"de\",\"@id\":\"\/#\/schema\/logo\/image\/\",\"url\":\"https:\/\/www.idol.cz\/wp-content\/uploads\/2020\/02\/idol-spas-logo.png\",\"contentUrl\":\"https:\/\/www.idol.cz\/wp-content\/uploads\/2020\/02\/idol-spas-logo.png\",\"width\":512,\"height\":206,\"caption\":\"IDOL SPAS, s.r.o.\"},\"image\":{\"@id\":\"\/#\/schema\/logo\/image\/\"},\"sameAs\":[\"https:\/\/www.facebook.com\/IdolSpas\/\"]}]}<\/script>\n<!-- \/ Yoast SEO Premium plugin. -->","yoast_head_json":{"title":"Mas\u00e1\u017en\u00ed \u010derpadlo LX WP250 - 2 speed | Whirlpools im Freien, Swim Spa, Schwimmb\u00e4der","robots":{"index":"index","follow":"follow","max-snippet":"max-snippet:-1","max-image-preview":"max-image-preview:large","max-video-preview":"max-video-preview:-1"},"canonical":"https:\/\/www.idol.cz\/de\/produkt\/e-shop\/nahradni-dily-na-virivky-a-swim-spa-bazeny-idol-spas\/masazni-cerpadlo-lx-wp250-2-speed\/","og_locale":"de_DE","og_type":"article","og_title":"Mas\u00e1\u017en\u00ed \u010derpadlo LX WP250 - 2 speed","og_description":"Pr\u016fm\u011br napojen\u00ed je 60 mm. Ur\u010deno pro vysok\u00fd v\u00fdkon a v\u00fdbornou pr\u016fto\u010dnost. Vzduchem chlazen\u00fd motor odoln\u00fd v\u016f\u010di vlhkosti a n\u00edzk\u00fdm teplot\u00e1m. Kondenz\u00e1tor spo\u0159\u00edc\u00ed energii. Kontrola proti p\u0159eh\u0159\u00e1t\u00ed pro dlouhou \u017eivotnost motoru. Flexibiln\u00ed instalace pro snadnou manipulaci s potrub\u00edm. Ide\u00e1ln\u00ed pro syst\u00e9my spa a baz\u00e9ny i pro nep\u0159etr\u017eit\u00fd provoz. LX WP250 2,5HP (2-Speed)","og_url":"https:\/\/www.idol.cz\/de\/produkt\/e-shop\/nahradni-dily-na-virivky-a-swim-spa-bazeny-idol-spas\/masazni-cerpadlo-lx-wp250-2-speed\/","og_site_name":"Whirlpools im Freien, Swim Spa, Schwimmb\u00e4der","article_publisher":"https:\/\/www.facebook.com\/IdolSpas\/","article_modified_time":"2025-06-03T20:10:14+00:00","og_image":[{"width":391,"height":361,"url":"https:\/\/www.idol.cz\/wp-content\/uploads\/2024\/01\/LX-WP200.png","type":"image\/png"}],"twitter_card":"summary_large_image","twitter_misc":{"Gesch\u00e4tzte Lesezeit":"1\u00a0Minute"},"schema":{"@context":"https:\/\/schema.org","@graph":[{"@type":"WebPage","@id":"https:\/\/www.idol.cz\/de\/produkt\/e-shop\/nahradni-dily-na-virivky-a-swim-spa-bazeny-idol-spas\/masazni-cerpadlo-lx-wp250-2-speed\/","url":"https:\/\/www.idol.cz\/de\/produkt\/e-shop\/nahradni-dily-na-virivky-a-swim-spa-bazeny-idol-spas\/masazni-cerpadlo-lx-wp250-2-speed\/","name":"Mas\u00e1\u017en\u00ed \u010derpadlo LX WP250 - 2 speed | Whirlpools im Freien, Swim Spa, Schwimmb\u00e4der","isPartOf":{"@id":"\/#website"},"primaryImageOfPage":{"@id":"https:\/\/www.idol.cz\/de\/produkt\/e-shop\/nahradni-dily-na-virivky-a-swim-spa-bazeny-idol-spas\/masazni-cerpadlo-lx-wp250-2-speed\/#primaryimage"},"image":{"@id":"https:\/\/www.idol.cz\/de\/produkt\/e-shop\/nahradni-dily-na-virivky-a-swim-spa-bazeny-idol-spas\/masazni-cerpadlo-lx-wp250-2-speed\/#primaryimage"},"thumbnailUrl":"https:\/\/www.idol.cz\/wp-content\/uploads\/2024\/01\/LX-WP200.png","datePublished":"2024-01-25T12:53:16+00:00","dateModified":"2025-06-03T20:10:14+00:00","breadcrumb":{"@id":"https:\/\/www.idol.cz\/de\/produkt\/e-shop\/nahradni-dily-na-virivky-a-swim-spa-bazeny-idol-spas\/masazni-cerpadlo-lx-wp250-2-speed\/#breadcrumb"},"inLanguage":"de","potentialAction":[{"@type":"ReadAction","target":["https:\/\/www.idol.cz\/de\/produkt\/e-shop\/nahradni-dily-na-virivky-a-swim-spa-bazeny-idol-spas\/masazni-cerpadlo-lx-wp250-2-speed\/"]}]},{"@type":"ImageObject","inLanguage":"de","@id":"https:\/\/www.idol.cz\/de\/produkt\/e-shop\/nahradni-dily-na-virivky-a-swim-spa-bazeny-idol-spas\/masazni-cerpadlo-lx-wp250-2-speed\/#primaryimage","url":"https:\/\/www.idol.cz\/wp-content\/uploads\/2024\/01\/LX-WP200.png","contentUrl":"https:\/\/www.idol.cz\/wp-content\/uploads\/2024\/01\/LX-WP200.png","width":391,"height":361,"caption":"LX LP 250 \u010derpadlo pro v\u00ed\u0159ivky a swim spa"},{"@type":"BreadcrumbList","@id":"https:\/\/www.idol.cz\/de\/produkt\/e-shop\/nahradni-dily-na-virivky-a-swim-spa-bazeny-idol-spas\/masazni-cerpadlo-lx-wp250-2-speed\/#breadcrumb","itemListElement":[{"@type":"ListItem","position":1,"name":"Dom\u016f","item":"https:\/\/www.idol.cz\/de\/"},{"@type":"ListItem","position":2,"name":"E-shop","item":"https:\/\/www.idol.cz\/kategorie-produktu\/e-shop\/"},{"@type":"ListItem","position":3,"name":"N\u00e1hradn\u00ed d\u00edly na v\u00ed\u0159ivky a swim spa baz\u00e9ny Idol spas","item":"https:\/\/www.idol.cz\/kategorie-produktu\/e-shop\/nahradni-dily-na-virivky-a-swim-spa-bazeny-idol-spas\/"},{"@type":"ListItem","position":4,"name":"Mas\u00e1\u017en\u00ed \u010derpadlo LX WP250 &#8211; 2 speed"}]},{"@type":"WebSite","@id":"\/#website","url":"\/","name":"v\u00ed\u0159ivky venkovn\u00ed, swim spa, baz\u00e9ny","description":"Luxusn\u00ed \u010desk\u00e9 v\u00ed\u0159ivky a swim spa","publisher":{"@id":"\/#organization"},"potentialAction":[{"@type":"SearchAction","target":{"@type":"EntryPoint","urlTemplate":"\/?s={search_term_string}"},"query-input":{"@type":"PropertyValueSpecification","valueRequired":true,"valueName":"search_term_string"}}],"inLanguage":"de"},{"@type":"Organization","@id":"\/#organization","name":"IDOL SPAS, s.r.o.","url":"\/","logo":{"@type":"ImageObject","inLanguage":"de","@id":"\/#\/schema\/logo\/image\/","url":"https:\/\/www.idol.cz\/wp-content\/uploads\/2020\/02\/idol-spas-logo.png","contentUrl":"https:\/\/www.idol.cz\/wp-content\/uploads\/2020\/02\/idol-spas-logo.png","width":512,"height":206,"caption":"IDOL SPAS, s.r.o."},"image":{"@id":"\/#\/schema\/logo\/image\/"},"sameAs":["https:\/\/www.facebook.com\/IdolSpas\/"]}]}},"_links":{"self":[{"href":"https:\/\/www.idol.cz\/de\/wp-json\/wp\/v2\/product\/35487"}],"collection":[{"href":"https:\/\/www.idol.cz\/de\/wp-json\/wp\/v2\/product"}],"about":[{"href":"https:\/\/www.idol.cz\/de\/wp-json\/wp\/v2\/types\/product"}],"wp:featuredmedia":[{"embeddable":true,"href":"https:\/\/www.idol.cz\/de\/wp-json\/wp\/v2\/media\/36725"}],"wp:attachment":[{"href":"https:\/\/www.idol.cz\/de\/wp-json\/wp\/v2\/media?parent=35487"}],"wp:term":[{"taxonomy":"product_cat","embeddable":true,"href":"https:\/\/www.idol.cz\/de\/wp-json\/wp\/v2\/product_cat?post=35487"},{"taxonomy":"product_tag","embeddable":true,"href":"https:\/\/www.idol.cz\/de\/wp-json\/wp\/v2\/product_tag?post=35487"}],"curies":[{"name":"wp","href":"https:\/\/api.w.org\/{rel}","templated":true}]}}