{"id":13893,"date":"2020-06-05T09:41:14","date_gmt":"2020-06-05T07:41:14","guid":{"rendered":"https:\/\/idol.cz\/pouch-thermo-forming-and-forming-of-plasticabs-actuates-etc\/"},"modified":"2020-06-05T09:41:16","modified_gmt":"2020-06-05T07:41:16","slug":"pouch-thermo-forming-and-forming-of-plasticabs-actuates-etc","status":"publish","type":"page","link":"https:\/\/www.idol.cz\/en\/pouch-thermo-forming-and-forming-of-plasticabs-actuates-etc\/","title":{"rendered":"Pouch thermo-forming and forming of plasticabs actuates etc."},"content":{"rendered":"\t\t<div data-elementor-type=\"wp-page\" data-elementor-id=\"13893\" class=\"elementor elementor-13893 elementor-8636\" data-elementor-post-type=\"page\">\n\t\t\t\t\t\t<section class=\"ob-is-breaking-bad elementor-section elementor-top-section elementor-element elementor-element-4dfdc28 elementor-section-boxed elementor-section-height-default elementor-section-height-default\" data-id=\"4dfdc28\" data-element_type=\"section\" data-settings=\"{&quot;_ob_bbad_use_it&quot;:&quot;yes&quot;,&quot;_ob_bbad_sssic_use&quot;:&quot;no&quot;}\">\n\t\t\t\t\t\t<div class=\"elementor-container elementor-column-gap-default\">\n\t\t\t\t\t<div class=\"elementor-column elementor-col-100 elementor-top-column elementor-element elementor-element-6f6ffff\" data-id=\"6f6ffff\" data-element_type=\"column\" data-settings=\"{&quot;_ob_bbad_is_stalker&quot;:&quot;no&quot;,&quot;_ob_teleporter_use&quot;:false}\">\n\t\t\t<div class=\"elementor-widget-wrap elementor-element-populated\">\n\t\t\t\t\t\t<div class=\"elementor-element elementor-element-cd8aab7 ob-harakiri-inherit elementor-widget elementor-widget-heading\" data-id=\"cd8aab7\" data-element_type=\"widget\" data-settings=\"{&quot;_ob_use_harakiri&quot;:&quot;yes&quot;,&quot;_ob_harakiri_writing_mode&quot;:&quot;inherit&quot;,&quot;_ob_harakiri_text_clip&quot;:&quot;none&quot;,&quot;_ob_widget_stalker_use&quot;:&quot;no&quot;}\" data-widget_type=\"heading.default\">\n\t\t\t\t\t<h2 class=\"elementor-heading-title elementor-size-default\">Vacuum forming of plastics<\/h2>\t\t\t\t<\/div>\n\t\t\t\t\t<\/div>\n\t\t<\/div>\n\t\t\t\t\t<\/div>\n\t\t<\/section>\n\t\t\t\t<section class=\"ob-is-breaking-bad elementor-section elementor-top-section elementor-element elementor-element-4d944d2 elementor-section-boxed elementor-section-height-default elementor-section-height-default\" data-id=\"4d944d2\" data-element_type=\"section\" data-settings=\"{&quot;_ob_bbad_use_it&quot;:&quot;yes&quot;,&quot;_ob_bbad_sssic_use&quot;:&quot;no&quot;}\">\n\t\t\t\t\t\t<div class=\"elementor-container elementor-column-gap-default\">\n\t\t\t\t\t<div class=\"elementor-column elementor-col-100 elementor-top-column elementor-element elementor-element-b23b8a3\" data-id=\"b23b8a3\" data-element_type=\"column\" data-settings=\"{&quot;_ob_bbad_is_stalker&quot;:&quot;no&quot;,&quot;_ob_teleporter_use&quot;:false}\">\n\t\t\t<div class=\"elementor-widget-wrap elementor-element-populated\">\n\t\t\t\t\t\t<div class=\"elementor-element elementor-element-f84910f ob-harakiri-inherit elementor-widget elementor-widget-text-editor\" data-id=\"f84910f\" data-element_type=\"widget\" data-settings=\"{&quot;_ob_use_harakiri&quot;:&quot;yes&quot;,&quot;_ob_harakiri_writing_mode&quot;:&quot;inherit&quot;,&quot;_ob_widget_stalker_use&quot;:&quot;no&quot;}\" data-widget_type=\"text-editor.default\">\n\t\t\t\t\t\t\t\t\t<p><span style=\"caret-color: #06357b; color: #06357b; font-size: 20px; text-align: justify; letter-spacing: 0px;\">Vacuum forming is one of the technologies for processing plastics and ABS. It uses the properties of thermo-plastic materials, which when heated, change into a plastic state. When cooled, the structure of the plastic changes back to a rigid state. In this way of production it is possible to create from plastics from small pieces to large structural units.<\/span><\/p>\n\t\t\t\t\t\t\t\t<\/div>\n\t\t\t\t\t<\/div>\n\t\t<\/div>\n\t\t\t\t\t<\/div>\n\t\t<\/section>\n\t\t\t\t<section class=\"ob-is-breaking-bad elementor-section elementor-top-section elementor-element elementor-element-03500ca elementor-section-boxed elementor-section-height-default elementor-section-height-default\" data-id=\"03500ca\" data-element_type=\"section\" data-settings=\"{&quot;_ob_bbad_use_it&quot;:&quot;yes&quot;,&quot;_ob_bbad_sssic_use&quot;:&quot;no&quot;}\">\n\t\t\t\t\t\t<div class=\"elementor-container elementor-column-gap-default\">\n\t\t\t\t\t<div class=\"elementor-column elementor-col-100 elementor-top-column elementor-element elementor-element-8d31093\" data-id=\"8d31093\" data-element_type=\"column\" data-settings=\"{&quot;_ob_bbad_is_stalker&quot;:&quot;no&quot;,&quot;_ob_teleporter_use&quot;:false}\">\n\t\t\t<div class=\"elementor-widget-wrap elementor-element-populated\">\n\t\t\t\t\t\t<div class=\"elementor-element elementor-element-6a2587e ob-harakiri-inherit elementor-widget elementor-widget-text-editor\" data-id=\"6a2587e\" data-element_type=\"widget\" data-settings=\"{&quot;_ob_use_harakiri&quot;:&quot;yes&quot;,&quot;_ob_harakiri_writing_mode&quot;:&quot;inherit&quot;,&quot;_ob_widget_stalker_use&quot;:&quot;no&quot;}\" data-widget_type=\"text-editor.default\">\n\t\t\t\t\t\t\t\t\t<p> <span style=\"color: #06357b; font-family: Rubik, sans-serif; font-size: 40px; font-weight: 600; caret-color: #111111; letter-spacing: 0px;\">Our company offers you<\/span><\/p>\n<div style=\"color: #06357b; width: 893.3125px; font-size: 20px;\" data-id=\"6e8b3f9\" data-element_type=\"widget\" data-widget_type=\"text-editor.default\">\n<div style=\"padding: 0px;\">\n<div style=\"text-align: justify;\">\n<ul style=\"padding-left: 1rem;\">\n<li style=\"line-height: 1.8;\">selection of a wide range of different ABS materials and acrylics more about vacuum forming materials <\/li>\n<li style=\"line-height: 1.8;\">production of forming moulds more on the production of forming moulds<\/li>\n<li style=\"line-height: 1.8;\">creation of plastic part up to 7000 x 2500 mm and plastic thickness from 1 to 12 mm<\/li>\n<li style=\"line-height: 1.8;\"><span style=\"letter-spacing: 0px;\">processing of plastics<\/span><\/li>\n<li style=\"line-height: 1.8;\">reinforcement of plastics<\/li>\n<li style=\"line-height: 1.8;\">assembling plastic parts<\/li>\n<\/ul>\n<\/div>\n<\/div>\n<\/div>\n\t\t\t\t\t\t\t\t<\/div>\n\t\t\t\t\t<\/div>\n\t\t<\/div>\n\t\t\t\t\t<\/div>\n\t\t<\/section>\n\t\t\t\t<\/div>\n\t\t","protected":false},"excerpt":{"rendered":"<p>Vacuum forming of plastics Vacuum forming is one of the technologies for processing plastics and ABS. It uses the properties of thermo-plastic materials, which when heated, change into a plastic state. When cooled, the structure of the plastic changes back to a rigid state. In this way of production it is possible to create from [&hellip;]<\/p>\n","protected":false},"author":3,"featured_media":0,"parent":0,"menu_order":0,"comment_status":"closed","ping_status":"closed","template":"","meta":{"footnotes":""},"class_list":["post-13893","page","type-page","status-publish","hentry"],"yoast_head":"<!-- This site is optimized with the Yoast SEO Premium plugin v24.9 (Yoast SEO v24.9) - https:\/\/yoast.com\/wordpress\/plugins\/seo\/ -->\n<title>Pouch thermo-forming and forming of plasticabs actuates etc. | outdoor whirlpools, swim spa, swimming pools<\/title>\n<meta name=\"description\" content=\"Vacuum forming is one of the technologies for processing plastic abs and acrylics. large sizes and parts. Largest.\" \/>\n<meta name=\"robots\" content=\"index, follow, max-snippet:-1, max-image-preview:large, max-video-preview:-1\" \/>\n<link rel=\"canonical\" href=\"https:\/\/www.idol.cz\/en\/pouch-thermo-forming-and-forming-of-plasticabs-actuates-etc\/\" \/>\n<meta property=\"og:locale\" content=\"en_US\" \/>\n<meta property=\"og:type\" content=\"article\" \/>\n<meta property=\"og:title\" content=\"Pouch thermo-forming and forming of plasticabs actuates etc.\" \/>\n<meta property=\"og:description\" content=\"Vacuum forming is one of the technologies for processing plastic abs and acrylics. large sizes and parts. Largest.\" \/>\n<meta property=\"og:url\" content=\"https:\/\/www.idol.cz\/en\/pouch-thermo-forming-and-forming-of-plasticabs-actuates-etc\/\" \/>\n<meta property=\"og:site_name\" content=\"outdoor whirlpools, swim spa, swimming pools\" \/>\n<meta property=\"article:publisher\" content=\"https:\/\/www.facebook.com\/IdolSpas\/\" \/>\n<meta property=\"article:modified_time\" content=\"2020-06-05T07:41:16+00:00\" \/>\n<meta name=\"twitter:card\" content=\"summary_large_image\" \/>\n<meta name=\"twitter:label1\" content=\"Est. reading time\" \/>\n\t<meta name=\"twitter:data1\" content=\"1 minute\" \/>\n<script type=\"application\/ld+json\" class=\"yoast-schema-graph\">{\"@context\":\"https:\/\/schema.org\",\"@graph\":[{\"@type\":\"WebPage\",\"@id\":\"https:\/\/www.idol.cz\/en\/pouch-thermo-forming-and-forming-of-plasticabs-actuates-etc\/\",\"url\":\"https:\/\/www.idol.cz\/en\/pouch-thermo-forming-and-forming-of-plasticabs-actuates-etc\/\",\"name\":\"Pouch thermo-forming and forming of plasticabs actuates etc. | outdoor whirlpools, swim spa, swimming pools\",\"isPartOf\":{\"@id\":\"https:\/\/www.idol.cz\/en\/#website\"},\"datePublished\":\"2020-06-05T07:41:14+00:00\",\"dateModified\":\"2020-06-05T07:41:16+00:00\",\"description\":\"Vacuum forming is one of the technologies for processing plastic abs and acrylics. large sizes and parts. Largest.\",\"breadcrumb\":{\"@id\":\"https:\/\/www.idol.cz\/en\/pouch-thermo-forming-and-forming-of-plasticabs-actuates-etc\/#breadcrumb\"},\"inLanguage\":\"en-US\",\"potentialAction\":[{\"@type\":\"ReadAction\",\"target\":[\"https:\/\/www.idol.cz\/en\/pouch-thermo-forming-and-forming-of-plasticabs-actuates-etc\/\"]}]},{\"@type\":\"BreadcrumbList\",\"@id\":\"https:\/\/www.idol.cz\/en\/pouch-thermo-forming-and-forming-of-plasticabs-actuates-etc\/#breadcrumb\",\"itemListElement\":[{\"@type\":\"ListItem\",\"position\":1,\"name\":\"Dom\u016f\",\"item\":\"https:\/\/www.idol.cz\/en\/\"},{\"@type\":\"ListItem\",\"position\":2,\"name\":\"Pouch thermo-forming and forming of plasticabs actuates etc.\"}]},{\"@type\":\"WebSite\",\"@id\":\"https:\/\/www.idol.cz\/en\/#website\",\"url\":\"https:\/\/www.idol.cz\/en\/\",\"name\":\"v\u00ed\u0159ivky venkovn\u00ed, swim spa, baz\u00e9ny\",\"description\":\"Luxusn\u00ed \u010desk\u00e9 v\u00ed\u0159ivky a swim spa\",\"publisher\":{\"@id\":\"https:\/\/www.idol.cz\/en\/#organization\"},\"potentialAction\":[{\"@type\":\"SearchAction\",\"target\":{\"@type\":\"EntryPoint\",\"urlTemplate\":\"https:\/\/www.idol.cz\/en\/?s={search_term_string}\"},\"query-input\":{\"@type\":\"PropertyValueSpecification\",\"valueRequired\":true,\"valueName\":\"search_term_string\"}}],\"inLanguage\":\"en-US\"},{\"@type\":\"Organization\",\"@id\":\"https:\/\/www.idol.cz\/en\/#organization\",\"name\":\"IDOL SPAS, s.r.o.\",\"url\":\"https:\/\/www.idol.cz\/en\/\",\"logo\":{\"@type\":\"ImageObject\",\"inLanguage\":\"en-US\",\"@id\":\"https:\/\/www.idol.cz\/en\/#\/schema\/logo\/image\/\",\"url\":\"https:\/\/www.idol.cz\/wp-content\/uploads\/2020\/02\/idol-spas-logo.png\",\"contentUrl\":\"https:\/\/www.idol.cz\/wp-content\/uploads\/2020\/02\/idol-spas-logo.png\",\"width\":512,\"height\":206,\"caption\":\"IDOL SPAS, s.r.o.\"},\"image\":{\"@id\":\"https:\/\/www.idol.cz\/en\/#\/schema\/logo\/image\/\"},\"sameAs\":[\"https:\/\/www.facebook.com\/IdolSpas\/\"]}]}<\/script>\n<!-- \/ Yoast SEO Premium plugin. -->","yoast_head_json":{"title":"Pouch thermo-forming and forming of plasticabs actuates etc. | outdoor whirlpools, swim spa, swimming pools","description":"Vacuum forming is one of the technologies for processing plastic abs and acrylics. large sizes and parts. Largest.","robots":{"index":"index","follow":"follow","max-snippet":"max-snippet:-1","max-image-preview":"max-image-preview:large","max-video-preview":"max-video-preview:-1"},"canonical":"https:\/\/www.idol.cz\/en\/pouch-thermo-forming-and-forming-of-plasticabs-actuates-etc\/","og_locale":"en_US","og_type":"article","og_title":"Pouch thermo-forming and forming of plasticabs actuates etc.","og_description":"Vacuum forming is one of the technologies for processing plastic abs and acrylics. large sizes and parts. Largest.","og_url":"https:\/\/www.idol.cz\/en\/pouch-thermo-forming-and-forming-of-plasticabs-actuates-etc\/","og_site_name":"outdoor whirlpools, swim spa, swimming pools","article_publisher":"https:\/\/www.facebook.com\/IdolSpas\/","article_modified_time":"2020-06-05T07:41:16+00:00","twitter_card":"summary_large_image","twitter_misc":{"Est. reading time":"1 minute"},"schema":{"@context":"https:\/\/schema.org","@graph":[{"@type":"WebPage","@id":"https:\/\/www.idol.cz\/en\/pouch-thermo-forming-and-forming-of-plasticabs-actuates-etc\/","url":"https:\/\/www.idol.cz\/en\/pouch-thermo-forming-and-forming-of-plasticabs-actuates-etc\/","name":"Pouch thermo-forming and forming of plasticabs actuates etc. | outdoor whirlpools, swim spa, swimming pools","isPartOf":{"@id":"https:\/\/www.idol.cz\/en\/#website"},"datePublished":"2020-06-05T07:41:14+00:00","dateModified":"2020-06-05T07:41:16+00:00","description":"Vacuum forming is one of the technologies for processing plastic abs and acrylics. large sizes and parts. Largest.","breadcrumb":{"@id":"https:\/\/www.idol.cz\/en\/pouch-thermo-forming-and-forming-of-plasticabs-actuates-etc\/#breadcrumb"},"inLanguage":"en-US","potentialAction":[{"@type":"ReadAction","target":["https:\/\/www.idol.cz\/en\/pouch-thermo-forming-and-forming-of-plasticabs-actuates-etc\/"]}]},{"@type":"BreadcrumbList","@id":"https:\/\/www.idol.cz\/en\/pouch-thermo-forming-and-forming-of-plasticabs-actuates-etc\/#breadcrumb","itemListElement":[{"@type":"ListItem","position":1,"name":"Dom\u016f","item":"https:\/\/www.idol.cz\/en\/"},{"@type":"ListItem","position":2,"name":"Pouch thermo-forming and forming of plasticabs actuates etc."}]},{"@type":"WebSite","@id":"https:\/\/www.idol.cz\/en\/#website","url":"https:\/\/www.idol.cz\/en\/","name":"v\u00ed\u0159ivky venkovn\u00ed, swim spa, baz\u00e9ny","description":"Luxusn\u00ed \u010desk\u00e9 v\u00ed\u0159ivky a swim spa","publisher":{"@id":"https:\/\/www.idol.cz\/en\/#organization"},"potentialAction":[{"@type":"SearchAction","target":{"@type":"EntryPoint","urlTemplate":"https:\/\/www.idol.cz\/en\/?s={search_term_string}"},"query-input":{"@type":"PropertyValueSpecification","valueRequired":true,"valueName":"search_term_string"}}],"inLanguage":"en-US"},{"@type":"Organization","@id":"https:\/\/www.idol.cz\/en\/#organization","name":"IDOL SPAS, s.r.o.","url":"https:\/\/www.idol.cz\/en\/","logo":{"@type":"ImageObject","inLanguage":"en-US","@id":"https:\/\/www.idol.cz\/en\/#\/schema\/logo\/image\/","url":"https:\/\/www.idol.cz\/wp-content\/uploads\/2020\/02\/idol-spas-logo.png","contentUrl":"https:\/\/www.idol.cz\/wp-content\/uploads\/2020\/02\/idol-spas-logo.png","width":512,"height":206,"caption":"IDOL SPAS, s.r.o."},"image":{"@id":"https:\/\/www.idol.cz\/en\/#\/schema\/logo\/image\/"},"sameAs":["https:\/\/www.facebook.com\/IdolSpas\/"]}]}},"_links":{"self":[{"href":"https:\/\/www.idol.cz\/en\/wp-json\/wp\/v2\/pages\/13893"}],"collection":[{"href":"https:\/\/www.idol.cz\/en\/wp-json\/wp\/v2\/pages"}],"about":[{"href":"https:\/\/www.idol.cz\/en\/wp-json\/wp\/v2\/types\/page"}],"author":[{"embeddable":true,"href":"https:\/\/www.idol.cz\/en\/wp-json\/wp\/v2\/users\/3"}],"replies":[{"embeddable":true,"href":"https:\/\/www.idol.cz\/en\/wp-json\/wp\/v2\/comments?post=13893"}],"version-history":[{"count":0,"href":"https:\/\/www.idol.cz\/en\/wp-json\/wp\/v2\/pages\/13893\/revisions"}],"wp:attachment":[{"href":"https:\/\/www.idol.cz\/en\/wp-json\/wp\/v2\/media?parent=13893"}],"curies":[{"name":"wp","href":"https:\/\/api.w.org\/{rel}","templated":true}]}}