{"id":13304,"date":"2025-03-07T16:06:24","date_gmt":"2020-04-20T19:29:42","guid":{"rendered":"https:\/\/idol.cz\/produkt\/nezarazene\/sofi-2\/"},"modified":"2020-06-07T12:22:36","modified_gmt":"2020-06-07T10:22:36","slug":"sofi","status":"publish","type":"product","link":"https:\/\/www.idol.cz\/en\/produkt\/spas-hot-tubs\/sofi\/","title":{"rendered":"Sofi"},"content":{"rendered":"<h3>Luxury Hot Tub Sofi<\/h3>\n<ul>\n<li>Acrylic hot tub for <strong>2 people<\/strong><\/li>\n<li>The highest quality equipment of the hot tub from the world&#8217;s leading manufacturers<\/li>\n<li>Adjustable rotary and straight nozzles from CMP<\/li>\n<li>Premium Gecko in.k500 colour control panel with intuitive operation<\/li>\n<li>Colours of acrylic, thermocover and cladding of your choice<\/li>\n<li><strong>New Sofi hot tub for two to be delivered in as early as 15-30 days<\/strong><\/li>\n<\/ul>\n","protected":false},"excerpt":{"rendered":"<h2>Hot tub suitable for balcony, terrace or bathroom<\/h2>\n","protected":false},"featured_media":11363,"template":"","meta":[],"product_cat":[130],"product_tag":[133],"class_list":{"0":"post-13304","1":"product","2":"type-product","3":"status-publish","4":"has-post-thumbnail","6":"product_cat-spas-hot-tubs","7":"product_tag-jacuzzi","9":"first","10":"instock","11":"taxable","12":"shipping-taxable","13":"purchasable","14":"product-type-simple"},"yoast_head":"<!-- This site is optimized with the Yoast SEO Premium plugin v24.9 (Yoast SEO v24.9) - https:\/\/yoast.com\/wordpress\/plugins\/seo\/ -->\n<title>luxury outdoor hot tub spas not only for the garden cheap in action<\/title>\n<meta name=\"description\" content=\"Outdoor hot tub spas Sofi for two not only for the garden and on the terrace. Hot tubs spa for two. On the balcony, terrace or bathroom. Balboa, Gecko. Acrylic hot tubs\" \/>\n<meta name=\"robots\" content=\"index, follow, max-snippet:-1, max-image-preview:large, max-video-preview:-1\" \/>\n<link rel=\"canonical\" href=\"https:\/\/www.idol.cz\/en\/produkt\/spas-hot-tubs\/sofi\/\" \/>\n<meta property=\"og:locale\" content=\"en_US\" \/>\n<meta property=\"og:type\" content=\"article\" \/>\n<meta property=\"og:title\" content=\"Sofi\" \/>\n<meta property=\"og:description\" content=\"Outdoor hot tub spas Sofi for two not only for the garden and on the terrace. Hot tubs spa for two. On the balcony, terrace or bathroom. Balboa, Gecko. Acrylic hot tubs\" \/>\n<meta property=\"og:url\" content=\"https:\/\/www.idol.cz\/en\/produkt\/spas-hot-tubs\/sofi\/\" \/>\n<meta property=\"og:site_name\" content=\"outdoor whirlpools, swim spa, swimming pools\" \/>\n<meta property=\"article:publisher\" content=\"https:\/\/www.facebook.com\/IdolSpas\/\" \/>\n<meta property=\"article:modified_time\" content=\"2020-06-07T10:22:36+00:00\" \/>\n<meta name=\"twitter:card\" content=\"summary_large_image\" \/>\n<meta name=\"twitter:image\" content=\"https:\/\/www.idol.cz\/wp-content\/uploads\/2018\/10\/idol-spas-sofi-2020.jpg\" \/>\n<script type=\"application\/ld+json\" class=\"yoast-schema-graph\">{\"@context\":\"https:\/\/schema.org\",\"@graph\":[{\"@type\":\"WebPage\",\"@id\":\"https:\/\/www.idol.cz\/en\/produkt\/spas-hot-tubs\/sofi\/\",\"url\":\"https:\/\/www.idol.cz\/en\/produkt\/spas-hot-tubs\/sofi\/\",\"name\":\"luxury outdoor hot tub spas not only for the garden cheap in action\",\"isPartOf\":{\"@id\":\"https:\/\/www.idol.cz\/en\/#website\"},\"primaryImageOfPage\":{\"@id\":\"https:\/\/www.idol.cz\/en\/produkt\/spas-hot-tubs\/sofi\/#primaryimage\"},\"image\":{\"@id\":\"https:\/\/www.idol.cz\/en\/produkt\/spas-hot-tubs\/sofi\/#primaryimage\"},\"thumbnailUrl\":\"https:\/\/www.idol.cz\/wp-content\/uploads\/2018\/10\/idol-spas-sofi-2020.jpg\",\"datePublished\":\"2020-04-20T19:29:42+00:00\",\"dateModified\":\"2020-06-07T10:22:36+00:00\",\"description\":\"Outdoor hot tub spas Sofi for two not only for the garden and on the terrace. Hot tubs spa for two. On the balcony, terrace or bathroom. Balboa, Gecko. Acrylic hot tubs\",\"breadcrumb\":{\"@id\":\"https:\/\/www.idol.cz\/en\/produkt\/spas-hot-tubs\/sofi\/#breadcrumb\"},\"inLanguage\":\"en-US\",\"potentialAction\":[{\"@type\":\"ReadAction\",\"target\":[\"https:\/\/www.idol.cz\/en\/produkt\/spas-hot-tubs\/sofi\/\"]}]},{\"@type\":\"ImageObject\",\"inLanguage\":\"en-US\",\"@id\":\"https:\/\/www.idol.cz\/en\/produkt\/spas-hot-tubs\/sofi\/#primaryimage\",\"url\":\"https:\/\/www.idol.cz\/wp-content\/uploads\/2018\/10\/idol-spas-sofi-2020.jpg\",\"contentUrl\":\"https:\/\/www.idol.cz\/wp-content\/uploads\/2018\/10\/idol-spas-sofi-2020.jpg\",\"width\":1080,\"height\":1080,\"caption\":\"Idol Spas Hot Tub Sofi\"},{\"@type\":\"BreadcrumbList\",\"@id\":\"https:\/\/www.idol.cz\/en\/produkt\/spas-hot-tubs\/sofi\/#breadcrumb\",\"itemListElement\":[{\"@type\":\"ListItem\",\"position\":1,\"name\":\"Dom\u016f\",\"item\":\"https:\/\/www.idol.cz\/en\/\"},{\"@type\":\"ListItem\",\"position\":2,\"name\":\"E-shop\",\"item\":\"https:\/\/www.idol.cz\/en\/shop\/\"},{\"@type\":\"ListItem\",\"position\":3,\"name\":\"spas hot tubs\",\"item\":\"https:\/\/www.idol.cz\/en\/kategorie-produktu\/spas-hot-tubs\/\"},{\"@type\":\"ListItem\",\"position\":4,\"name\":\"Sofi\"}]},{\"@type\":\"WebSite\",\"@id\":\"https:\/\/www.idol.cz\/en\/#website\",\"url\":\"https:\/\/www.idol.cz\/en\/\",\"name\":\"v\u00ed\u0159ivky venkovn\u00ed, swim spa, baz\u00e9ny\",\"description\":\"Luxusn\u00ed \u010desk\u00e9 v\u00ed\u0159ivky a swim spa\",\"publisher\":{\"@id\":\"https:\/\/www.idol.cz\/en\/#organization\"},\"potentialAction\":[{\"@type\":\"SearchAction\",\"target\":{\"@type\":\"EntryPoint\",\"urlTemplate\":\"https:\/\/www.idol.cz\/en\/?s={search_term_string}\"},\"query-input\":{\"@type\":\"PropertyValueSpecification\",\"valueRequired\":true,\"valueName\":\"search_term_string\"}}],\"inLanguage\":\"en-US\"},{\"@type\":\"Organization\",\"@id\":\"https:\/\/www.idol.cz\/en\/#organization\",\"name\":\"IDOL SPAS, s.r.o.\",\"url\":\"https:\/\/www.idol.cz\/en\/\",\"logo\":{\"@type\":\"ImageObject\",\"inLanguage\":\"en-US\",\"@id\":\"https:\/\/www.idol.cz\/en\/#\/schema\/logo\/image\/\",\"url\":\"https:\/\/www.idol.cz\/wp-content\/uploads\/2020\/02\/idol-spas-logo.png\",\"contentUrl\":\"https:\/\/www.idol.cz\/wp-content\/uploads\/2020\/02\/idol-spas-logo.png\",\"width\":512,\"height\":206,\"caption\":\"IDOL SPAS, s.r.o.\"},\"image\":{\"@id\":\"https:\/\/www.idol.cz\/en\/#\/schema\/logo\/image\/\"},\"sameAs\":[\"https:\/\/www.facebook.com\/IdolSpas\/\"]}]}<\/script>\n<!-- \/ Yoast SEO Premium plugin. -->","yoast_head_json":{"title":"luxury outdoor hot tub spas not only for the garden cheap in action","description":"Outdoor hot tub spas Sofi for two not only for the garden and on the terrace. Hot tubs spa for two. On the balcony, terrace or bathroom. Balboa, Gecko. Acrylic hot tubs","robots":{"index":"index","follow":"follow","max-snippet":"max-snippet:-1","max-image-preview":"max-image-preview:large","max-video-preview":"max-video-preview:-1"},"canonical":"https:\/\/www.idol.cz\/en\/produkt\/spas-hot-tubs\/sofi\/","og_locale":"en_US","og_type":"article","og_title":"Sofi","og_description":"Outdoor hot tub spas Sofi for two not only for the garden and on the terrace. Hot tubs spa for two. On the balcony, terrace or bathroom. Balboa, Gecko. Acrylic hot tubs","og_url":"https:\/\/www.idol.cz\/en\/produkt\/spas-hot-tubs\/sofi\/","og_site_name":"outdoor whirlpools, swim spa, swimming pools","article_publisher":"https:\/\/www.facebook.com\/IdolSpas\/","article_modified_time":"2020-06-07T10:22:36+00:00","twitter_card":"summary_large_image","twitter_image":"https:\/\/www.idol.cz\/wp-content\/uploads\/2018\/10\/idol-spas-sofi-2020.jpg","schema":{"@context":"https:\/\/schema.org","@graph":[{"@type":"WebPage","@id":"https:\/\/www.idol.cz\/en\/produkt\/spas-hot-tubs\/sofi\/","url":"https:\/\/www.idol.cz\/en\/produkt\/spas-hot-tubs\/sofi\/","name":"luxury outdoor hot tub spas not only for the garden cheap in action","isPartOf":{"@id":"https:\/\/www.idol.cz\/en\/#website"},"primaryImageOfPage":{"@id":"https:\/\/www.idol.cz\/en\/produkt\/spas-hot-tubs\/sofi\/#primaryimage"},"image":{"@id":"https:\/\/www.idol.cz\/en\/produkt\/spas-hot-tubs\/sofi\/#primaryimage"},"thumbnailUrl":"https:\/\/www.idol.cz\/wp-content\/uploads\/2018\/10\/idol-spas-sofi-2020.jpg","datePublished":"2020-04-20T19:29:42+00:00","dateModified":"2020-06-07T10:22:36+00:00","description":"Outdoor hot tub spas Sofi for two not only for the garden and on the terrace. Hot tubs spa for two. On the balcony, terrace or bathroom. Balboa, Gecko. Acrylic hot tubs","breadcrumb":{"@id":"https:\/\/www.idol.cz\/en\/produkt\/spas-hot-tubs\/sofi\/#breadcrumb"},"inLanguage":"en-US","potentialAction":[{"@type":"ReadAction","target":["https:\/\/www.idol.cz\/en\/produkt\/spas-hot-tubs\/sofi\/"]}]},{"@type":"ImageObject","inLanguage":"en-US","@id":"https:\/\/www.idol.cz\/en\/produkt\/spas-hot-tubs\/sofi\/#primaryimage","url":"https:\/\/www.idol.cz\/wp-content\/uploads\/2018\/10\/idol-spas-sofi-2020.jpg","contentUrl":"https:\/\/www.idol.cz\/wp-content\/uploads\/2018\/10\/idol-spas-sofi-2020.jpg","width":1080,"height":1080,"caption":"Idol Spas Hot Tub Sofi"},{"@type":"BreadcrumbList","@id":"https:\/\/www.idol.cz\/en\/produkt\/spas-hot-tubs\/sofi\/#breadcrumb","itemListElement":[{"@type":"ListItem","position":1,"name":"Dom\u016f","item":"https:\/\/www.idol.cz\/en\/"},{"@type":"ListItem","position":2,"name":"E-shop","item":"https:\/\/www.idol.cz\/en\/shop\/"},{"@type":"ListItem","position":3,"name":"spas hot tubs","item":"https:\/\/www.idol.cz\/en\/kategorie-produktu\/spas-hot-tubs\/"},{"@type":"ListItem","position":4,"name":"Sofi"}]},{"@type":"WebSite","@id":"https:\/\/www.idol.cz\/en\/#website","url":"https:\/\/www.idol.cz\/en\/","name":"v\u00ed\u0159ivky venkovn\u00ed, swim spa, baz\u00e9ny","description":"Luxusn\u00ed \u010desk\u00e9 v\u00ed\u0159ivky a swim spa","publisher":{"@id":"https:\/\/www.idol.cz\/en\/#organization"},"potentialAction":[{"@type":"SearchAction","target":{"@type":"EntryPoint","urlTemplate":"https:\/\/www.idol.cz\/en\/?s={search_term_string}"},"query-input":{"@type":"PropertyValueSpecification","valueRequired":true,"valueName":"search_term_string"}}],"inLanguage":"en-US"},{"@type":"Organization","@id":"https:\/\/www.idol.cz\/en\/#organization","name":"IDOL SPAS, s.r.o.","url":"https:\/\/www.idol.cz\/en\/","logo":{"@type":"ImageObject","inLanguage":"en-US","@id":"https:\/\/www.idol.cz\/en\/#\/schema\/logo\/image\/","url":"https:\/\/www.idol.cz\/wp-content\/uploads\/2020\/02\/idol-spas-logo.png","contentUrl":"https:\/\/www.idol.cz\/wp-content\/uploads\/2020\/02\/idol-spas-logo.png","width":512,"height":206,"caption":"IDOL SPAS, s.r.o."},"image":{"@id":"https:\/\/www.idol.cz\/en\/#\/schema\/logo\/image\/"},"sameAs":["https:\/\/www.facebook.com\/IdolSpas\/"]}]}},"_links":{"self":[{"href":"https:\/\/www.idol.cz\/en\/wp-json\/wp\/v2\/product\/13304"}],"collection":[{"href":"https:\/\/www.idol.cz\/en\/wp-json\/wp\/v2\/product"}],"about":[{"href":"https:\/\/www.idol.cz\/en\/wp-json\/wp\/v2\/types\/product"}],"wp:featuredmedia":[{"embeddable":true,"href":"https:\/\/www.idol.cz\/en\/wp-json\/wp\/v2\/media\/11363"}],"wp:attachment":[{"href":"https:\/\/www.idol.cz\/en\/wp-json\/wp\/v2\/media?parent=13304"}],"wp:term":[{"taxonomy":"product_cat","embeddable":true,"href":"https:\/\/www.idol.cz\/en\/wp-json\/wp\/v2\/product_cat?post=13304"},{"taxonomy":"product_tag","embeddable":true,"href":"https:\/\/www.idol.cz\/en\/wp-json\/wp\/v2\/product_tag?post=13304"}],"curies":[{"name":"wp","href":"https:\/\/api.w.org\/{rel}","templated":true}]}}