{"id":13321,"date":"2019-02-24T13:57:58","date_gmt":"2019-02-24T12:57:58","guid":{"rendered":"https:\/\/idol.cz\/produkt\/uncategorized\/party-swim-spa\/"},"modified":"2020-06-07T13:18:30","modified_gmt":"2020-06-07T11:18:30","slug":"party-swim-spa","status":"publish","type":"product","link":"https:\/\/www.idol.cz\/en\/produkt\/swim-spas-pool\/party-swim-spa\/","title":{"rendered":"Party Swim Spa"},"content":{"rendered":"<h3>Party Swim Spa<\/h3>\n<p>IDOL swimming pool <strong>is not only a swimming pool, which must be entered into the ground<\/strong>, but can also be placed as a <strong>freestanding facility<\/strong> on a horizontal surface without the need for landscaping.<\/p>\n<p>Just fill with water and connect to the mains. It&#8217;s so easy to run our pools. Crystal clear water is provided by pairs of skimmers with <strong>minimal maintenance costs<\/strong>.<\/p>\n<ul>\n<li>Generous space for up to ten people<\/li>\n<li>Sufficient space for swimming<\/li>\n<li>Luxury design stairs<\/li>\n<li>Variable luxury sheathing<\/li>\n<li>Countercurrent, or River Swim Spa Turbine<\/li>\n<\/ul>\n","protected":false},"excerpt":{"rendered":"<h2>Have a party in the widest party hot tub on the market!<br \/>\nEnjoy the moments with friends while swimming.<\/h2>\n","protected":false},"featured_media":11275,"template":"","meta":[],"product_cat":[131],"product_tag":[179],"class_list":{"0":"post-13321","1":"product","2":"type-product","3":"status-publish","4":"has-post-thumbnail","6":"product_cat-swim-spas-pool","7":"product_tag-system-pooled","9":"first","10":"instock","11":"taxable","12":"shipping-taxable","13":"purchasable","14":"product-type-simple"},"yoast_head":"<!-- This site is optimized with the Yoast SEO Premium plugin v24.9 (Yoast SEO v24.9) - https:\/\/yoast.com\/wordpress\/plugins\/seo\/ -->\n<title>Party Swim Spa | Pools above ground with counter current swim spa with jacuzzi<\/title>\n<meta name=\"description\" content=\"Swim spa pool XL outdoor pool with counter current to the garden. Swimming pool with counter current above ground and interior. Luxury acrylic swim spa pool of Czech production.\" \/>\n<meta name=\"robots\" content=\"index, follow, max-snippet:-1, max-image-preview:large, max-video-preview:-1\" \/>\n<link rel=\"canonical\" href=\"https:\/\/www.idol.cz\/en\/produkt\/swim-spas-pool\/party-swim-spa\/\" \/>\n<meta property=\"og:locale\" content=\"en_US\" \/>\n<meta property=\"og:type\" content=\"article\" \/>\n<meta property=\"og:title\" content=\"Party Swim Spa\" \/>\n<meta property=\"og:description\" content=\"Swim spa pool XL outdoor pool with counter current to the garden. Swimming pool with counter current above ground and interior. Luxury acrylic swim spa pool of Czech production.\" \/>\n<meta property=\"og:url\" content=\"https:\/\/www.idol.cz\/en\/produkt\/swim-spas-pool\/party-swim-spa\/\" \/>\n<meta property=\"og:site_name\" content=\"outdoor whirlpools, swim spa, swimming pools\" \/>\n<meta property=\"article:publisher\" content=\"https:\/\/www.facebook.com\/IdolSpas\/\" \/>\n<meta property=\"article:modified_time\" content=\"2020-06-07T11:18:30+00:00\" \/>\n<meta name=\"twitter:card\" content=\"summary_large_image\" \/>\n<meta name=\"twitter:image\" content=\"https:\/\/www.idol.cz\/wp-content\/uploads\/2019\/02\/idol-spas-Party-Swim-Spa-2020.jpg\" \/>\n<script type=\"application\/ld+json\" class=\"yoast-schema-graph\">{\"@context\":\"https:\/\/schema.org\",\"@graph\":[{\"@type\":\"WebPage\",\"@id\":\"https:\/\/www.idol.cz\/en\/produkt\/swim-spas-pool\/party-swim-spa\/\",\"url\":\"https:\/\/www.idol.cz\/en\/produkt\/swim-spas-pool\/party-swim-spa\/\",\"name\":\"Party Swim Spa | Pools above ground with counter current swim spa with jacuzzi\",\"isPartOf\":{\"@id\":\"https:\/\/www.idol.cz\/en\/#website\"},\"primaryImageOfPage\":{\"@id\":\"https:\/\/www.idol.cz\/en\/produkt\/swim-spas-pool\/party-swim-spa\/#primaryimage\"},\"image\":{\"@id\":\"https:\/\/www.idol.cz\/en\/produkt\/swim-spas-pool\/party-swim-spa\/#primaryimage\"},\"thumbnailUrl\":\"https:\/\/www.idol.cz\/wp-content\/uploads\/2019\/02\/idol-spas-Party-Swim-Spa-2020.jpg\",\"datePublished\":\"2019-02-24T12:57:58+00:00\",\"dateModified\":\"2020-06-07T11:18:30+00:00\",\"description\":\"Swim spa pool XL outdoor pool with counter current to the garden. Swimming pool with counter current above ground and interior. Luxury acrylic swim spa pool of Czech production.\",\"breadcrumb\":{\"@id\":\"https:\/\/www.idol.cz\/en\/produkt\/swim-spas-pool\/party-swim-spa\/#breadcrumb\"},\"inLanguage\":\"en-US\",\"potentialAction\":[{\"@type\":\"ReadAction\",\"target\":[\"https:\/\/www.idol.cz\/en\/produkt\/swim-spas-pool\/party-swim-spa\/\"]}]},{\"@type\":\"ImageObject\",\"inLanguage\":\"en-US\",\"@id\":\"https:\/\/www.idol.cz\/en\/produkt\/swim-spas-pool\/party-swim-spa\/#primaryimage\",\"url\":\"https:\/\/www.idol.cz\/wp-content\/uploads\/2019\/02\/idol-spas-Party-Swim-Spa-2020.jpg\",\"contentUrl\":\"https:\/\/www.idol.cz\/wp-content\/uploads\/2019\/02\/idol-spas-Party-Swim-Spa-2020.jpg\",\"width\":1080,\"height\":810,\"caption\":\"Idol Spas Pools Party Swim Spa\"},{\"@type\":\"BreadcrumbList\",\"@id\":\"https:\/\/www.idol.cz\/en\/produkt\/swim-spas-pool\/party-swim-spa\/#breadcrumb\",\"itemListElement\":[{\"@type\":\"ListItem\",\"position\":1,\"name\":\"Dom\u016f\",\"item\":\"https:\/\/www.idol.cz\/en\/\"},{\"@type\":\"ListItem\",\"position\":2,\"name\":\"E-shop\",\"item\":\"https:\/\/www.idol.cz\/en\/shop\/\"},{\"@type\":\"ListItem\",\"position\":3,\"name\":\"Swim spas pool\",\"item\":\"https:\/\/www.idol.cz\/en\/kategorie-produktu\/swim-spas-pool\/\"},{\"@type\":\"ListItem\",\"position\":4,\"name\":\"Party Swim Spa\"}]},{\"@type\":\"WebSite\",\"@id\":\"https:\/\/www.idol.cz\/en\/#website\",\"url\":\"https:\/\/www.idol.cz\/en\/\",\"name\":\"v\u00ed\u0159ivky venkovn\u00ed, swim spa, baz\u00e9ny\",\"description\":\"Luxusn\u00ed \u010desk\u00e9 v\u00ed\u0159ivky a swim spa\",\"publisher\":{\"@id\":\"https:\/\/www.idol.cz\/en\/#organization\"},\"potentialAction\":[{\"@type\":\"SearchAction\",\"target\":{\"@type\":\"EntryPoint\",\"urlTemplate\":\"https:\/\/www.idol.cz\/en\/?s={search_term_string}\"},\"query-input\":{\"@type\":\"PropertyValueSpecification\",\"valueRequired\":true,\"valueName\":\"search_term_string\"}}],\"inLanguage\":\"en-US\"},{\"@type\":\"Organization\",\"@id\":\"https:\/\/www.idol.cz\/en\/#organization\",\"name\":\"IDOL SPAS, s.r.o.\",\"url\":\"https:\/\/www.idol.cz\/en\/\",\"logo\":{\"@type\":\"ImageObject\",\"inLanguage\":\"en-US\",\"@id\":\"https:\/\/www.idol.cz\/en\/#\/schema\/logo\/image\/\",\"url\":\"https:\/\/www.idol.cz\/wp-content\/uploads\/2020\/02\/idol-spas-logo.png\",\"contentUrl\":\"https:\/\/www.idol.cz\/wp-content\/uploads\/2020\/02\/idol-spas-logo.png\",\"width\":512,\"height\":206,\"caption\":\"IDOL SPAS, s.r.o.\"},\"image\":{\"@id\":\"https:\/\/www.idol.cz\/en\/#\/schema\/logo\/image\/\"},\"sameAs\":[\"https:\/\/www.facebook.com\/IdolSpas\/\"]}]}<\/script>\n<!-- \/ Yoast SEO Premium plugin. -->","yoast_head_json":{"title":"Party Swim Spa | Pools above ground with counter current swim spa with jacuzzi","description":"Swim spa pool XL outdoor pool with counter current to the garden. Swimming pool with counter current above ground and interior. Luxury acrylic swim spa pool of Czech production.","robots":{"index":"index","follow":"follow","max-snippet":"max-snippet:-1","max-image-preview":"max-image-preview:large","max-video-preview":"max-video-preview:-1"},"canonical":"https:\/\/www.idol.cz\/en\/produkt\/swim-spas-pool\/party-swim-spa\/","og_locale":"en_US","og_type":"article","og_title":"Party Swim Spa","og_description":"Swim spa pool XL outdoor pool with counter current to the garden. Swimming pool with counter current above ground and interior. Luxury acrylic swim spa pool of Czech production.","og_url":"https:\/\/www.idol.cz\/en\/produkt\/swim-spas-pool\/party-swim-spa\/","og_site_name":"outdoor whirlpools, swim spa, swimming pools","article_publisher":"https:\/\/www.facebook.com\/IdolSpas\/","article_modified_time":"2020-06-07T11:18:30+00:00","twitter_card":"summary_large_image","twitter_image":"https:\/\/www.idol.cz\/wp-content\/uploads\/2019\/02\/idol-spas-Party-Swim-Spa-2020.jpg","schema":{"@context":"https:\/\/schema.org","@graph":[{"@type":"WebPage","@id":"https:\/\/www.idol.cz\/en\/produkt\/swim-spas-pool\/party-swim-spa\/","url":"https:\/\/www.idol.cz\/en\/produkt\/swim-spas-pool\/party-swim-spa\/","name":"Party Swim Spa | Pools above ground with counter current swim spa with jacuzzi","isPartOf":{"@id":"https:\/\/www.idol.cz\/en\/#website"},"primaryImageOfPage":{"@id":"https:\/\/www.idol.cz\/en\/produkt\/swim-spas-pool\/party-swim-spa\/#primaryimage"},"image":{"@id":"https:\/\/www.idol.cz\/en\/produkt\/swim-spas-pool\/party-swim-spa\/#primaryimage"},"thumbnailUrl":"https:\/\/www.idol.cz\/wp-content\/uploads\/2019\/02\/idol-spas-Party-Swim-Spa-2020.jpg","datePublished":"2019-02-24T12:57:58+00:00","dateModified":"2020-06-07T11:18:30+00:00","description":"Swim spa pool XL outdoor pool with counter current to the garden. Swimming pool with counter current above ground and interior. Luxury acrylic swim spa pool of Czech production.","breadcrumb":{"@id":"https:\/\/www.idol.cz\/en\/produkt\/swim-spas-pool\/party-swim-spa\/#breadcrumb"},"inLanguage":"en-US","potentialAction":[{"@type":"ReadAction","target":["https:\/\/www.idol.cz\/en\/produkt\/swim-spas-pool\/party-swim-spa\/"]}]},{"@type":"ImageObject","inLanguage":"en-US","@id":"https:\/\/www.idol.cz\/en\/produkt\/swim-spas-pool\/party-swim-spa\/#primaryimage","url":"https:\/\/www.idol.cz\/wp-content\/uploads\/2019\/02\/idol-spas-Party-Swim-Spa-2020.jpg","contentUrl":"https:\/\/www.idol.cz\/wp-content\/uploads\/2019\/02\/idol-spas-Party-Swim-Spa-2020.jpg","width":1080,"height":810,"caption":"Idol Spas Pools Party Swim Spa"},{"@type":"BreadcrumbList","@id":"https:\/\/www.idol.cz\/en\/produkt\/swim-spas-pool\/party-swim-spa\/#breadcrumb","itemListElement":[{"@type":"ListItem","position":1,"name":"Dom\u016f","item":"https:\/\/www.idol.cz\/en\/"},{"@type":"ListItem","position":2,"name":"E-shop","item":"https:\/\/www.idol.cz\/en\/shop\/"},{"@type":"ListItem","position":3,"name":"Swim spas pool","item":"https:\/\/www.idol.cz\/en\/kategorie-produktu\/swim-spas-pool\/"},{"@type":"ListItem","position":4,"name":"Party Swim Spa"}]},{"@type":"WebSite","@id":"https:\/\/www.idol.cz\/en\/#website","url":"https:\/\/www.idol.cz\/en\/","name":"v\u00ed\u0159ivky venkovn\u00ed, swim spa, baz\u00e9ny","description":"Luxusn\u00ed \u010desk\u00e9 v\u00ed\u0159ivky a swim spa","publisher":{"@id":"https:\/\/www.idol.cz\/en\/#organization"},"potentialAction":[{"@type":"SearchAction","target":{"@type":"EntryPoint","urlTemplate":"https:\/\/www.idol.cz\/en\/?s={search_term_string}"},"query-input":{"@type":"PropertyValueSpecification","valueRequired":true,"valueName":"search_term_string"}}],"inLanguage":"en-US"},{"@type":"Organization","@id":"https:\/\/www.idol.cz\/en\/#organization","name":"IDOL SPAS, s.r.o.","url":"https:\/\/www.idol.cz\/en\/","logo":{"@type":"ImageObject","inLanguage":"en-US","@id":"https:\/\/www.idol.cz\/en\/#\/schema\/logo\/image\/","url":"https:\/\/www.idol.cz\/wp-content\/uploads\/2020\/02\/idol-spas-logo.png","contentUrl":"https:\/\/www.idol.cz\/wp-content\/uploads\/2020\/02\/idol-spas-logo.png","width":512,"height":206,"caption":"IDOL SPAS, s.r.o."},"image":{"@id":"https:\/\/www.idol.cz\/en\/#\/schema\/logo\/image\/"},"sameAs":["https:\/\/www.facebook.com\/IdolSpas\/"]}]}},"_links":{"self":[{"href":"https:\/\/www.idol.cz\/en\/wp-json\/wp\/v2\/product\/13321"}],"collection":[{"href":"https:\/\/www.idol.cz\/en\/wp-json\/wp\/v2\/product"}],"about":[{"href":"https:\/\/www.idol.cz\/en\/wp-json\/wp\/v2\/types\/product"}],"wp:featuredmedia":[{"embeddable":true,"href":"https:\/\/www.idol.cz\/en\/wp-json\/wp\/v2\/media\/11275"}],"wp:attachment":[{"href":"https:\/\/www.idol.cz\/en\/wp-json\/wp\/v2\/media?parent=13321"}],"wp:term":[{"taxonomy":"product_cat","embeddable":true,"href":"https:\/\/www.idol.cz\/en\/wp-json\/wp\/v2\/product_cat?post=13321"},{"taxonomy":"product_tag","embeddable":true,"href":"https:\/\/www.idol.cz\/en\/wp-json\/wp\/v2\/product_tag?post=13321"}],"curies":[{"name":"wp","href":"https:\/\/api.w.org\/{rel}","templated":true}]}}