{"id":13659,"date":"2020-02-12T22:31:24","date_gmt":"2020-05-18T20:34:08","guid":{"rendered":"https:\/\/idol.cz\/produkt\/uncategorized\/v-system-for-hot-tubs-swim-spa-and-salt-pools-for-sul-disinfection\/"},"modified":"2020-05-18T22:34:08","modified_gmt":"2020-05-18T20:34:08","slug":"system-vpro-virivky-swim-spa-and-bazeny-na-solny-way-disinfection-na-sul","status":"publish","type":"product","link":"https:\/\/www.idol.cz\/en\/produkt\/spas-hot-tubs\/other-hot-tub-options\/system-vpro-virivky-swim-spa-and-bazeny-na-solny-way-disinfection-na-sul\/","title":{"rendered":"V system for hot tubs, swim spa and salt pools for sul disinfection"},"content":{"rendered":"<p>Hot tub for salt disinfection system.<\/p>\n<h2><strong>ASIN Aqua SALT REDOX for swim spa sands and pools<\/strong><\/h2>\n<p>State-of-the-art electrolyser for disinfection of hot tub and swim spa pool water. Exclusive design in which management and dosing were combined into a perfectly processed stainless steel unit with integrated salinity measurement (current salt content in pool water) and algicide dosing for comprehensive water quality.<\/p>\n<p>Suitable for <strong>swim spa<\/strong> <strong>pools<\/strong> and <strong>whirlpools<\/strong> 1m<sup>3<\/sup> \u2013 70 m<sup>3<\/sup><br \/>\n(for larger or extremely loaded pools, ASIN Salt can be connected).<\/p>\n<ul>\n<li>Titanium electrodes with ruthenio-iridius coating are used for electrolysis, which ensures high performance and long service life. The electrode material also ensures that hard metals are not released into the water.<\/li>\n<li>The electronics of the control unit provide self-cleaning of electrodes.<\/li>\n<li>The required salt concentration is 4 \u2013 8 kg per 1 m<sup>3<\/sup>. This concentration is 10 times lower than in seawater.<\/li>\n<li>It does not burn in the eyes and has a prophylactic effect on the skin.<\/li>\n<li>Includes REDOX probe<\/li>\n<\/ul>\n<ul>\n<li>Touch screen<\/li>\n<li>Easy operation <\/li>\n<li>Multilingual control <\/li>\n<li>Compact design<\/li>\n<li>Peristaltic pumps<\/li>\n<li>Very easy to install<\/li>\n<li>Advanced security features<\/li>\n<li>Detects the flow of measured water<\/li>\n<li>Internet output and external display<\/li>\n<li>With the possibility of connecting and controlling the thermometer, filtration, level monitoring in the overflow tank, or skimmer.<\/li>\n<\/ul>\n","protected":false},"excerpt":{"rendered":"<p>Hot tub for salt disinfection system. ASIN Aqua SALT REDOX for swim spa sands and pools State-of-the-art electrolyser for disinfection of hot tub and swim spa pool water. Exclusive design in which management and dosing were combined into a perfectly processed stainless steel unit with integrated salinity measurement (current salt content in pool water) and [&hellip;]<\/p>\n","protected":false},"featured_media":0,"template":"","meta":[],"product_cat":[148],"product_tag":[],"class_list":{"0":"post-13659","1":"product","2":"type-product","3":"status-publish","5":"product_cat-other-hot-tub-options","7":"first","8":"instock","9":"taxable","10":"shipping-taxable","11":"purchasable","12":"product-type-simple"},"yoast_head":"<!-- This site is optimized with the Yoast SEO Premium plugin v24.9 (Yoast SEO v24.9) - https:\/\/yoast.com\/wordpress\/plugins\/seo\/ -->\n<title>V system for hot tubs, swim spa and salt pools for sul disinfection | Asin aqua salt for swim spa sands and pools<\/title>\n<meta name=\"description\" content=\"Asin aqua salt for swim spa and swimming pools. salt system for salt treatment.\" \/>\n<meta name=\"robots\" content=\"index, follow, max-snippet:-1, max-image-preview:large, max-video-preview:-1\" \/>\n<link rel=\"canonical\" href=\"https:\/\/www.idol.cz\/en\/produkt\/spas-hot-tubs\/other-hot-tub-options\/system-vpro-virivky-swim-spa-and-bazeny-na-solny-way-disinfection-na-sul\/\" \/>\n<meta property=\"og:locale\" content=\"en_US\" \/>\n<meta property=\"og:type\" content=\"article\" \/>\n<meta property=\"og:title\" content=\"V system for hot tubs, swim spa and salt pools for sul disinfection\" \/>\n<meta property=\"og:description\" content=\"Asin aqua salt for swim spa and swimming pools. salt system for salt treatment.\" \/>\n<meta property=\"og:url\" content=\"https:\/\/www.idol.cz\/en\/produkt\/spas-hot-tubs\/other-hot-tub-options\/system-vpro-virivky-swim-spa-and-bazeny-na-solny-way-disinfection-na-sul\/\" \/>\n<meta property=\"og:site_name\" content=\"outdoor whirlpools, swim spa, swimming pools\" \/>\n<meta property=\"article:publisher\" content=\"https:\/\/www.facebook.com\/IdolSpas\/\" \/>\n<meta name=\"twitter:card\" content=\"summary_large_image\" \/>\n<meta name=\"twitter:label1\" content=\"Est. reading time\" \/>\n\t<meta name=\"twitter:data1\" content=\"1 minute\" \/>\n<script type=\"application\/ld+json\" class=\"yoast-schema-graph\">{\"@context\":\"https:\/\/schema.org\",\"@graph\":[{\"@type\":\"WebPage\",\"@id\":\"https:\/\/www.idol.cz\/en\/produkt\/spas-hot-tubs\/other-hot-tub-options\/system-vpro-virivky-swim-spa-and-bazeny-na-solny-way-disinfection-na-sul\/\",\"url\":\"https:\/\/www.idol.cz\/en\/produkt\/spas-hot-tubs\/other-hot-tub-options\/system-vpro-virivky-swim-spa-and-bazeny-na-solny-way-disinfection-na-sul\/\",\"name\":\"V system for hot tubs, swim spa and salt pools for sul disinfection | Asin aqua salt for swim spa sands and pools\",\"isPartOf\":{\"@id\":\"https:\/\/www.idol.cz\/en\/#website\"},\"datePublished\":\"2020-05-18T20:34:08+00:00\",\"description\":\"Asin aqua salt for swim spa and swimming pools. salt system for salt treatment.\",\"breadcrumb\":{\"@id\":\"https:\/\/www.idol.cz\/en\/produkt\/spas-hot-tubs\/other-hot-tub-options\/system-vpro-virivky-swim-spa-and-bazeny-na-solny-way-disinfection-na-sul\/#breadcrumb\"},\"inLanguage\":\"en-US\",\"potentialAction\":[{\"@type\":\"ReadAction\",\"target\":[\"https:\/\/www.idol.cz\/en\/produkt\/spas-hot-tubs\/other-hot-tub-options\/system-vpro-virivky-swim-spa-and-bazeny-na-solny-way-disinfection-na-sul\/\"]}]},{\"@type\":\"BreadcrumbList\",\"@id\":\"https:\/\/www.idol.cz\/en\/produkt\/spas-hot-tubs\/other-hot-tub-options\/system-vpro-virivky-swim-spa-and-bazeny-na-solny-way-disinfection-na-sul\/#breadcrumb\",\"itemListElement\":[{\"@type\":\"ListItem\",\"position\":1,\"name\":\"Dom\u016f\",\"item\":\"https:\/\/www.idol.cz\/en\/\"},{\"@type\":\"ListItem\",\"position\":2,\"name\":\"E-shop\",\"item\":\"https:\/\/www.idol.cz\/en\/shop\/\"},{\"@type\":\"ListItem\",\"position\":3,\"name\":\"Other hot tub options\",\"item\":\"https:\/\/www.idol.cz\/en\/kategorie-produktu\/spas-hot-tubs\/other-hot-tub-options\/\"},{\"@type\":\"ListItem\",\"position\":4,\"name\":\"V system for hot tubs, swim spa and salt pools for sul disinfection\"}]},{\"@type\":\"WebSite\",\"@id\":\"https:\/\/www.idol.cz\/en\/#website\",\"url\":\"https:\/\/www.idol.cz\/en\/\",\"name\":\"v\u00ed\u0159ivky venkovn\u00ed, swim spa, baz\u00e9ny\",\"description\":\"Luxusn\u00ed \u010desk\u00e9 v\u00ed\u0159ivky a swim spa\",\"publisher\":{\"@id\":\"https:\/\/www.idol.cz\/en\/#organization\"},\"potentialAction\":[{\"@type\":\"SearchAction\",\"target\":{\"@type\":\"EntryPoint\",\"urlTemplate\":\"https:\/\/www.idol.cz\/en\/?s={search_term_string}\"},\"query-input\":{\"@type\":\"PropertyValueSpecification\",\"valueRequired\":true,\"valueName\":\"search_term_string\"}}],\"inLanguage\":\"en-US\"},{\"@type\":\"Organization\",\"@id\":\"https:\/\/www.idol.cz\/en\/#organization\",\"name\":\"IDOL SPAS, s.r.o.\",\"url\":\"https:\/\/www.idol.cz\/en\/\",\"logo\":{\"@type\":\"ImageObject\",\"inLanguage\":\"en-US\",\"@id\":\"https:\/\/www.idol.cz\/en\/#\/schema\/logo\/image\/\",\"url\":\"https:\/\/www.idol.cz\/wp-content\/uploads\/2020\/02\/idol-spas-logo.png\",\"contentUrl\":\"https:\/\/www.idol.cz\/wp-content\/uploads\/2020\/02\/idol-spas-logo.png\",\"width\":512,\"height\":206,\"caption\":\"IDOL SPAS, s.r.o.\"},\"image\":{\"@id\":\"https:\/\/www.idol.cz\/en\/#\/schema\/logo\/image\/\"},\"sameAs\":[\"https:\/\/www.facebook.com\/IdolSpas\/\"]}]}<\/script>\n<!-- \/ Yoast SEO Premium plugin. -->","yoast_head_json":{"title":"V system for hot tubs, swim spa and salt pools for sul disinfection | Asin aqua salt for swim spa sands and pools","description":"Asin aqua salt for swim spa and swimming pools. salt system for salt treatment.","robots":{"index":"index","follow":"follow","max-snippet":"max-snippet:-1","max-image-preview":"max-image-preview:large","max-video-preview":"max-video-preview:-1"},"canonical":"https:\/\/www.idol.cz\/en\/produkt\/spas-hot-tubs\/other-hot-tub-options\/system-vpro-virivky-swim-spa-and-bazeny-na-solny-way-disinfection-na-sul\/","og_locale":"en_US","og_type":"article","og_title":"V system for hot tubs, swim spa and salt pools for sul disinfection","og_description":"Asin aqua salt for swim spa and swimming pools. salt system for salt treatment.","og_url":"https:\/\/www.idol.cz\/en\/produkt\/spas-hot-tubs\/other-hot-tub-options\/system-vpro-virivky-swim-spa-and-bazeny-na-solny-way-disinfection-na-sul\/","og_site_name":"outdoor whirlpools, swim spa, swimming pools","article_publisher":"https:\/\/www.facebook.com\/IdolSpas\/","twitter_card":"summary_large_image","twitter_misc":{"Est. reading time":"1 minute"},"schema":{"@context":"https:\/\/schema.org","@graph":[{"@type":"WebPage","@id":"https:\/\/www.idol.cz\/en\/produkt\/spas-hot-tubs\/other-hot-tub-options\/system-vpro-virivky-swim-spa-and-bazeny-na-solny-way-disinfection-na-sul\/","url":"https:\/\/www.idol.cz\/en\/produkt\/spas-hot-tubs\/other-hot-tub-options\/system-vpro-virivky-swim-spa-and-bazeny-na-solny-way-disinfection-na-sul\/","name":"V system for hot tubs, swim spa and salt pools for sul disinfection | Asin aqua salt for swim spa sands and pools","isPartOf":{"@id":"https:\/\/www.idol.cz\/en\/#website"},"datePublished":"2020-05-18T20:34:08+00:00","description":"Asin aqua salt for swim spa and swimming pools. salt system for salt treatment.","breadcrumb":{"@id":"https:\/\/www.idol.cz\/en\/produkt\/spas-hot-tubs\/other-hot-tub-options\/system-vpro-virivky-swim-spa-and-bazeny-na-solny-way-disinfection-na-sul\/#breadcrumb"},"inLanguage":"en-US","potentialAction":[{"@type":"ReadAction","target":["https:\/\/www.idol.cz\/en\/produkt\/spas-hot-tubs\/other-hot-tub-options\/system-vpro-virivky-swim-spa-and-bazeny-na-solny-way-disinfection-na-sul\/"]}]},{"@type":"BreadcrumbList","@id":"https:\/\/www.idol.cz\/en\/produkt\/spas-hot-tubs\/other-hot-tub-options\/system-vpro-virivky-swim-spa-and-bazeny-na-solny-way-disinfection-na-sul\/#breadcrumb","itemListElement":[{"@type":"ListItem","position":1,"name":"Dom\u016f","item":"https:\/\/www.idol.cz\/en\/"},{"@type":"ListItem","position":2,"name":"E-shop","item":"https:\/\/www.idol.cz\/en\/shop\/"},{"@type":"ListItem","position":3,"name":"Other hot tub options","item":"https:\/\/www.idol.cz\/en\/kategorie-produktu\/spas-hot-tubs\/other-hot-tub-options\/"},{"@type":"ListItem","position":4,"name":"V system for hot tubs, swim spa and salt pools for sul disinfection"}]},{"@type":"WebSite","@id":"https:\/\/www.idol.cz\/en\/#website","url":"https:\/\/www.idol.cz\/en\/","name":"v\u00ed\u0159ivky venkovn\u00ed, swim spa, baz\u00e9ny","description":"Luxusn\u00ed \u010desk\u00e9 v\u00ed\u0159ivky a swim spa","publisher":{"@id":"https:\/\/www.idol.cz\/en\/#organization"},"potentialAction":[{"@type":"SearchAction","target":{"@type":"EntryPoint","urlTemplate":"https:\/\/www.idol.cz\/en\/?s={search_term_string}"},"query-input":{"@type":"PropertyValueSpecification","valueRequired":true,"valueName":"search_term_string"}}],"inLanguage":"en-US"},{"@type":"Organization","@id":"https:\/\/www.idol.cz\/en\/#organization","name":"IDOL SPAS, s.r.o.","url":"https:\/\/www.idol.cz\/en\/","logo":{"@type":"ImageObject","inLanguage":"en-US","@id":"https:\/\/www.idol.cz\/en\/#\/schema\/logo\/image\/","url":"https:\/\/www.idol.cz\/wp-content\/uploads\/2020\/02\/idol-spas-logo.png","contentUrl":"https:\/\/www.idol.cz\/wp-content\/uploads\/2020\/02\/idol-spas-logo.png","width":512,"height":206,"caption":"IDOL SPAS, s.r.o."},"image":{"@id":"https:\/\/www.idol.cz\/en\/#\/schema\/logo\/image\/"},"sameAs":["https:\/\/www.facebook.com\/IdolSpas\/"]}]}},"_links":{"self":[{"href":"https:\/\/www.idol.cz\/en\/wp-json\/wp\/v2\/product\/13659"}],"collection":[{"href":"https:\/\/www.idol.cz\/en\/wp-json\/wp\/v2\/product"}],"about":[{"href":"https:\/\/www.idol.cz\/en\/wp-json\/wp\/v2\/types\/product"}],"wp:attachment":[{"href":"https:\/\/www.idol.cz\/en\/wp-json\/wp\/v2\/media?parent=13659"}],"wp:term":[{"taxonomy":"product_cat","embeddable":true,"href":"https:\/\/www.idol.cz\/en\/wp-json\/wp\/v2\/product_cat?post=13659"},{"taxonomy":"product_tag","embeddable":true,"href":"https:\/\/www.idol.cz\/en\/wp-json\/wp\/v2\/product_tag?post=13659"}],"curies":[{"name":"wp","href":"https:\/\/api.w.org\/{rel}","templated":true}]}}