{"id":13944,"date":"2025-03-08T15:22:09","date_gmt":"2020-06-06T18:59:41","guid":{"rendered":"https:\/\/idol.cz\/produkt\/uncategorized\/ema-family\/"},"modified":"2022-10-03T11:56:27","modified_gmt":"2022-10-03T09:56:27","slug":"ema-family","status":"publish","type":"product","link":"https:\/\/www.idol.cz\/en\/produkt\/spas-hot-tubs\/ema-family\/","title":{"rendered":"Ema Family"},"content":{"rendered":"<h3>Luxury whirlpool Ema Family<\/h3>\n<ul>\n<li>Hot tub for up to <strong>5 people<\/strong><\/li>\n<li>The highest quality equipment from the world&#8217;s leading manufacturers<\/li>\n<li>Adjustable rotary and straight nozzles from CMP<\/li>\n<li>First-class Gecko control system and Gecko in.k500 control panel with intuitive operation<\/li>\n<li>Colors of thermal cover and cladding of your choice<\/li>\n<li><strong>Delivery time of the new hot tub only 5-30 working days!<\/strong><\/li>\n<\/ul>\n","protected":false},"excerpt":{"rendered":"<h2>Mom&#8217;s got Emma, Emma&#8217;s got a bathtub. We&#8217;re happy!<\/h2>\n","protected":false},"featured_media":16286,"template":"","meta":[],"product_cat":[130],"product_tag":[],"class_list":{"0":"post-13944","1":"product","2":"type-product","3":"status-publish","4":"has-post-thumbnail","6":"product_cat-spas-hot-tubs","8":"first","9":"instock","10":"sale","11":"taxable","12":"shipping-taxable","13":"purchasable","14":"product-type-simple"},"yoast_head":"<!-- This site is optimized with the Yoast SEO Premium plugin v24.9 (Yoast SEO v24.9) - https:\/\/yoast.com\/wordpress\/plugins\/seo\/ -->\n<title>Whirlpool | outdoor whirlpools, swim spa, swimming pools Ema Family<\/title>\n<meta name=\"description\" content=\"Experience a real relaxation and let yourself be pampered by perfectly therapeutic currents in the hot tub for up to 5 people. It will get you the maximum functionality and amazing design.\" \/>\n<meta name=\"robots\" content=\"index, follow, max-snippet:-1, max-image-preview:large, max-video-preview:-1\" \/>\n<link rel=\"canonical\" href=\"https:\/\/www.idol.cz\/en\/produkt\/spas-hot-tubs\/ema-family\/\" \/>\n<meta property=\"og:locale\" content=\"en_US\" \/>\n<meta property=\"og:type\" content=\"article\" \/>\n<meta property=\"og:title\" content=\"Ema Family\" \/>\n<meta property=\"og:description\" content=\"Experience a real relaxation and let yourself be pampered by perfectly therapeutic currents in the hot tub for up to 5 people. It will get you the maximum functionality and amazing design.\" \/>\n<meta property=\"og:url\" content=\"https:\/\/www.idol.cz\/en\/produkt\/spas-hot-tubs\/ema-family\/\" \/>\n<meta property=\"og:site_name\" content=\"outdoor whirlpools, swim spa, swimming pools\" \/>\n<meta property=\"article:publisher\" content=\"https:\/\/www.facebook.com\/IdolSpas\/\" \/>\n<meta property=\"article:modified_time\" content=\"2022-10-03T09:56:27+00:00\" \/>\n<meta name=\"twitter:card\" content=\"summary_large_image\" \/>\n<meta name=\"twitter:image\" content=\"https:\/\/www.idol.cz\/wp-content\/uploads\/2020\/04\/virivky-ema-family-idol-spas.jpg\" \/>\n<script type=\"application\/ld+json\" class=\"yoast-schema-graph\">{\"@context\":\"https:\/\/schema.org\",\"@graph\":[{\"@type\":\"WebPage\",\"@id\":\"https:\/\/www.idol.cz\/en\/produkt\/spas-hot-tubs\/ema-family\/\",\"url\":\"https:\/\/www.idol.cz\/en\/produkt\/spas-hot-tubs\/ema-family\/\",\"name\":\"Whirlpool | outdoor whirlpools, swim spa, swimming pools Ema Family\",\"isPartOf\":{\"@id\":\"https:\/\/www.idol.cz\/en\/#website\"},\"primaryImageOfPage\":{\"@id\":\"https:\/\/www.idol.cz\/en\/produkt\/spas-hot-tubs\/ema-family\/#primaryimage\"},\"image\":{\"@id\":\"https:\/\/www.idol.cz\/en\/produkt\/spas-hot-tubs\/ema-family\/#primaryimage\"},\"thumbnailUrl\":\"https:\/\/www.idol.cz\/wp-content\/uploads\/2020\/04\/virivky-ema-family-idol-spas.jpg\",\"datePublished\":\"2020-06-06T18:59:41+00:00\",\"dateModified\":\"2022-10-03T09:56:27+00:00\",\"description\":\"Experience a real relaxation and let yourself be pampered by perfectly therapeutic currents in the hot tub for up to 5 people. It will get you the maximum functionality and amazing design.\",\"breadcrumb\":{\"@id\":\"https:\/\/www.idol.cz\/en\/produkt\/spas-hot-tubs\/ema-family\/#breadcrumb\"},\"inLanguage\":\"en-US\",\"potentialAction\":[{\"@type\":\"ReadAction\",\"target\":[\"https:\/\/www.idol.cz\/en\/produkt\/spas-hot-tubs\/ema-family\/\"]}]},{\"@type\":\"ImageObject\",\"inLanguage\":\"en-US\",\"@id\":\"https:\/\/www.idol.cz\/en\/produkt\/spas-hot-tubs\/ema-family\/#primaryimage\",\"url\":\"https:\/\/www.idol.cz\/wp-content\/uploads\/2020\/04\/virivky-ema-family-idol-spas.jpg\",\"contentUrl\":\"https:\/\/www.idol.cz\/wp-content\/uploads\/2020\/04\/virivky-ema-family-idol-spas.jpg\",\"width\":768,\"height\":768,\"caption\":\"Idol Spas Hot Tub Ema Lite\"},{\"@type\":\"BreadcrumbList\",\"@id\":\"https:\/\/www.idol.cz\/en\/produkt\/spas-hot-tubs\/ema-family\/#breadcrumb\",\"itemListElement\":[{\"@type\":\"ListItem\",\"position\":1,\"name\":\"Dom\u016f\",\"item\":\"https:\/\/www.idol.cz\/en\/\"},{\"@type\":\"ListItem\",\"position\":2,\"name\":\"E-shop\",\"item\":\"https:\/\/www.idol.cz\/en\/shop\/\"},{\"@type\":\"ListItem\",\"position\":3,\"name\":\"spas hot tubs\",\"item\":\"https:\/\/www.idol.cz\/en\/kategorie-produktu\/spas-hot-tubs\/\"},{\"@type\":\"ListItem\",\"position\":4,\"name\":\"Ema Family\"}]},{\"@type\":\"WebSite\",\"@id\":\"https:\/\/www.idol.cz\/en\/#website\",\"url\":\"https:\/\/www.idol.cz\/en\/\",\"name\":\"v\u00ed\u0159ivky venkovn\u00ed, swim spa, baz\u00e9ny\",\"description\":\"Luxusn\u00ed \u010desk\u00e9 v\u00ed\u0159ivky a swim spa\",\"publisher\":{\"@id\":\"https:\/\/www.idol.cz\/en\/#organization\"},\"potentialAction\":[{\"@type\":\"SearchAction\",\"target\":{\"@type\":\"EntryPoint\",\"urlTemplate\":\"https:\/\/www.idol.cz\/en\/?s={search_term_string}\"},\"query-input\":{\"@type\":\"PropertyValueSpecification\",\"valueRequired\":true,\"valueName\":\"search_term_string\"}}],\"inLanguage\":\"en-US\"},{\"@type\":\"Organization\",\"@id\":\"https:\/\/www.idol.cz\/en\/#organization\",\"name\":\"IDOL SPAS, s.r.o.\",\"url\":\"https:\/\/www.idol.cz\/en\/\",\"logo\":{\"@type\":\"ImageObject\",\"inLanguage\":\"en-US\",\"@id\":\"https:\/\/www.idol.cz\/en\/#\/schema\/logo\/image\/\",\"url\":\"https:\/\/www.idol.cz\/wp-content\/uploads\/2020\/02\/idol-spas-logo.png\",\"contentUrl\":\"https:\/\/www.idol.cz\/wp-content\/uploads\/2020\/02\/idol-spas-logo.png\",\"width\":512,\"height\":206,\"caption\":\"IDOL SPAS, s.r.o.\"},\"image\":{\"@id\":\"https:\/\/www.idol.cz\/en\/#\/schema\/logo\/image\/\"},\"sameAs\":[\"https:\/\/www.facebook.com\/IdolSpas\/\"]}]}<\/script>\n<!-- \/ Yoast SEO Premium plugin. -->","yoast_head_json":{"title":"Whirlpool | outdoor whirlpools, swim spa, swimming pools Ema Family","description":"Experience a real relaxation and let yourself be pampered by perfectly therapeutic currents in the hot tub for up to 5 people. It will get you the maximum functionality and amazing design.","robots":{"index":"index","follow":"follow","max-snippet":"max-snippet:-1","max-image-preview":"max-image-preview:large","max-video-preview":"max-video-preview:-1"},"canonical":"https:\/\/www.idol.cz\/en\/produkt\/spas-hot-tubs\/ema-family\/","og_locale":"en_US","og_type":"article","og_title":"Ema Family","og_description":"Experience a real relaxation and let yourself be pampered by perfectly therapeutic currents in the hot tub for up to 5 people. It will get you the maximum functionality and amazing design.","og_url":"https:\/\/www.idol.cz\/en\/produkt\/spas-hot-tubs\/ema-family\/","og_site_name":"outdoor whirlpools, swim spa, swimming pools","article_publisher":"https:\/\/www.facebook.com\/IdolSpas\/","article_modified_time":"2022-10-03T09:56:27+00:00","twitter_card":"summary_large_image","twitter_image":"https:\/\/www.idol.cz\/wp-content\/uploads\/2020\/04\/virivky-ema-family-idol-spas.jpg","schema":{"@context":"https:\/\/schema.org","@graph":[{"@type":"WebPage","@id":"https:\/\/www.idol.cz\/en\/produkt\/spas-hot-tubs\/ema-family\/","url":"https:\/\/www.idol.cz\/en\/produkt\/spas-hot-tubs\/ema-family\/","name":"Whirlpool | outdoor whirlpools, swim spa, swimming pools Ema Family","isPartOf":{"@id":"https:\/\/www.idol.cz\/en\/#website"},"primaryImageOfPage":{"@id":"https:\/\/www.idol.cz\/en\/produkt\/spas-hot-tubs\/ema-family\/#primaryimage"},"image":{"@id":"https:\/\/www.idol.cz\/en\/produkt\/spas-hot-tubs\/ema-family\/#primaryimage"},"thumbnailUrl":"https:\/\/www.idol.cz\/wp-content\/uploads\/2020\/04\/virivky-ema-family-idol-spas.jpg","datePublished":"2020-06-06T18:59:41+00:00","dateModified":"2022-10-03T09:56:27+00:00","description":"Experience a real relaxation and let yourself be pampered by perfectly therapeutic currents in the hot tub for up to 5 people. It will get you the maximum functionality and amazing design.","breadcrumb":{"@id":"https:\/\/www.idol.cz\/en\/produkt\/spas-hot-tubs\/ema-family\/#breadcrumb"},"inLanguage":"en-US","potentialAction":[{"@type":"ReadAction","target":["https:\/\/www.idol.cz\/en\/produkt\/spas-hot-tubs\/ema-family\/"]}]},{"@type":"ImageObject","inLanguage":"en-US","@id":"https:\/\/www.idol.cz\/en\/produkt\/spas-hot-tubs\/ema-family\/#primaryimage","url":"https:\/\/www.idol.cz\/wp-content\/uploads\/2020\/04\/virivky-ema-family-idol-spas.jpg","contentUrl":"https:\/\/www.idol.cz\/wp-content\/uploads\/2020\/04\/virivky-ema-family-idol-spas.jpg","width":768,"height":768,"caption":"Idol Spas Hot Tub Ema Lite"},{"@type":"BreadcrumbList","@id":"https:\/\/www.idol.cz\/en\/produkt\/spas-hot-tubs\/ema-family\/#breadcrumb","itemListElement":[{"@type":"ListItem","position":1,"name":"Dom\u016f","item":"https:\/\/www.idol.cz\/en\/"},{"@type":"ListItem","position":2,"name":"E-shop","item":"https:\/\/www.idol.cz\/en\/shop\/"},{"@type":"ListItem","position":3,"name":"spas hot tubs","item":"https:\/\/www.idol.cz\/en\/kategorie-produktu\/spas-hot-tubs\/"},{"@type":"ListItem","position":4,"name":"Ema Family"}]},{"@type":"WebSite","@id":"https:\/\/www.idol.cz\/en\/#website","url":"https:\/\/www.idol.cz\/en\/","name":"v\u00ed\u0159ivky venkovn\u00ed, swim spa, baz\u00e9ny","description":"Luxusn\u00ed \u010desk\u00e9 v\u00ed\u0159ivky a swim spa","publisher":{"@id":"https:\/\/www.idol.cz\/en\/#organization"},"potentialAction":[{"@type":"SearchAction","target":{"@type":"EntryPoint","urlTemplate":"https:\/\/www.idol.cz\/en\/?s={search_term_string}"},"query-input":{"@type":"PropertyValueSpecification","valueRequired":true,"valueName":"search_term_string"}}],"inLanguage":"en-US"},{"@type":"Organization","@id":"https:\/\/www.idol.cz\/en\/#organization","name":"IDOL SPAS, s.r.o.","url":"https:\/\/www.idol.cz\/en\/","logo":{"@type":"ImageObject","inLanguage":"en-US","@id":"https:\/\/www.idol.cz\/en\/#\/schema\/logo\/image\/","url":"https:\/\/www.idol.cz\/wp-content\/uploads\/2020\/02\/idol-spas-logo.png","contentUrl":"https:\/\/www.idol.cz\/wp-content\/uploads\/2020\/02\/idol-spas-logo.png","width":512,"height":206,"caption":"IDOL SPAS, s.r.o."},"image":{"@id":"https:\/\/www.idol.cz\/en\/#\/schema\/logo\/image\/"},"sameAs":["https:\/\/www.facebook.com\/IdolSpas\/"]}]}},"_links":{"self":[{"href":"https:\/\/www.idol.cz\/en\/wp-json\/wp\/v2\/product\/13944"}],"collection":[{"href":"https:\/\/www.idol.cz\/en\/wp-json\/wp\/v2\/product"}],"about":[{"href":"https:\/\/www.idol.cz\/en\/wp-json\/wp\/v2\/types\/product"}],"wp:featuredmedia":[{"embeddable":true,"href":"https:\/\/www.idol.cz\/en\/wp-json\/wp\/v2\/media\/16286"}],"wp:attachment":[{"href":"https:\/\/www.idol.cz\/en\/wp-json\/wp\/v2\/media?parent=13944"}],"wp:term":[{"taxonomy":"product_cat","embeddable":true,"href":"https:\/\/www.idol.cz\/en\/wp-json\/wp\/v2\/product_cat?post=13944"},{"taxonomy":"product_tag","embeddable":true,"href":"https:\/\/www.idol.cz\/en\/wp-json\/wp\/v2\/product_tag?post=13944"}],"curies":[{"name":"wp","href":"https:\/\/api.w.org\/{rel}","templated":true}]}}