{"id":14067,"date":"2025-03-09T19:19:01","date_gmt":"2020-06-06T20:09:53","guid":{"rendered":"https:\/\/idol.cz\/produkt\/uncategorized\/sofi-lite\/"},"modified":"2020-06-07T11:25:40","modified_gmt":"2020-06-07T09:25:40","slug":"sofi-lite","status":"publish","type":"product","link":"https:\/\/www.idol.cz\/en\/produkt\/spas-hot-tubs\/sofi-lite\/","title":{"rendered":"Sofi Lite"},"content":{"rendered":"<h3>Luxury Hot Tub Sofi Lite<\/h3>\n<ul>\n<li>Acrylic outdoor hot tub for two<\/li>\n<li>The highest quality equipment of the hot tub from the world&#8217;s leading manufacturers<\/li>\n<li>Adjustable rotary and straight nozzles from CMP<\/li>\n<li>Premium Gecko in.k500 colour control panel with intuitive operation<\/li>\n<li>Colours of acrylic, thermocover and cladding of your choice<\/li>\n<li><strong>New Sofi hot tub for two to be delivered in as fast as 1-30 days<\/strong><\/li>\n<\/ul>\n","protected":false},"excerpt":{"rendered":"<p>Hot tub suitable for balcony, terrace or bathroom<\/p>\n","protected":false},"featured_media":19831,"template":"","meta":[],"product_cat":[130],"product_tag":[152],"class_list":{"0":"post-14067","1":"product","2":"type-product","3":"status-publish","4":"has-post-thumbnail","6":"product_cat-spas-hot-tubs","7":"product_tag-hot-tubs-lite","9":"first","10":"instock","11":"sale","12":"taxable","13":"shipping-taxable","14":"purchasable","15":"product-type-simple"},"yoast_head":"<!-- This site is optimized with the Yoast SEO Premium plugin v24.9 (Yoast SEO v24.9) - https:\/\/yoast.com\/wordpress\/plugins\/seo\/ -->\n<title>Sofi Lite \u2013 outdoor hot tub not only for the garden cheaply in action for two<\/title>\n<meta name=\"description\" content=\"Outdoor hot tub spas Sofi for two not only for the garden and on the terrace. On the balcony, terrace or bathroom. Balboa, Gecko. Acrylic hot tubs garden and into the ground\" \/>\n<meta name=\"robots\" content=\"index, follow, max-snippet:-1, max-image-preview:large, max-video-preview:-1\" \/>\n<link rel=\"canonical\" href=\"https:\/\/www.idol.cz\/en\/produkt\/spas-hot-tubs\/sofi-lite\/\" \/>\n<meta property=\"og:locale\" content=\"en_US\" \/>\n<meta property=\"og:type\" content=\"article\" \/>\n<meta property=\"og:title\" content=\"Sofi Lite\" \/>\n<meta property=\"og:description\" content=\"Outdoor hot tub spas Sofi for two not only for the garden and on the terrace. On the balcony, terrace or bathroom. Balboa, Gecko. Acrylic hot tubs garden and into the ground\" \/>\n<meta property=\"og:url\" content=\"https:\/\/www.idol.cz\/en\/produkt\/spas-hot-tubs\/sofi-lite\/\" \/>\n<meta property=\"og:site_name\" content=\"outdoor whirlpools, swim spa, swimming pools\" \/>\n<meta property=\"article:publisher\" content=\"https:\/\/www.facebook.com\/IdolSpas\/\" \/>\n<meta property=\"article:modified_time\" content=\"2020-06-07T09:25:40+00:00\" \/>\n<meta name=\"twitter:card\" content=\"summary_large_image\" \/>\n<meta name=\"twitter:image\" content=\"https:\/\/www.idol.cz\/wp-content\/uploads\/2019\/08\/sofi-lite-1080-2022-w.jpg\" \/>\n<script type=\"application\/ld+json\" class=\"yoast-schema-graph\">{\"@context\":\"https:\/\/schema.org\",\"@graph\":[{\"@type\":\"WebPage\",\"@id\":\"https:\/\/www.idol.cz\/en\/produkt\/spas-hot-tubs\/sofi-lite\/\",\"url\":\"https:\/\/www.idol.cz\/en\/produkt\/spas-hot-tubs\/sofi-lite\/\",\"name\":\"Sofi Lite \u2013 outdoor hot tub not only for the garden cheaply in action for two\",\"isPartOf\":{\"@id\":\"https:\/\/www.idol.cz\/en\/#website\"},\"primaryImageOfPage\":{\"@id\":\"https:\/\/www.idol.cz\/en\/produkt\/spas-hot-tubs\/sofi-lite\/#primaryimage\"},\"image\":{\"@id\":\"https:\/\/www.idol.cz\/en\/produkt\/spas-hot-tubs\/sofi-lite\/#primaryimage\"},\"thumbnailUrl\":\"https:\/\/www.idol.cz\/wp-content\/uploads\/2019\/08\/sofi-lite-1080-2022-w.jpg\",\"datePublished\":\"2020-06-06T20:09:53+00:00\",\"dateModified\":\"2020-06-07T09:25:40+00:00\",\"description\":\"Outdoor hot tub spas Sofi for two not only for the garden and on the terrace. On the balcony, terrace or bathroom. Balboa, Gecko. Acrylic hot tubs garden and into the ground\",\"breadcrumb\":{\"@id\":\"https:\/\/www.idol.cz\/en\/produkt\/spas-hot-tubs\/sofi-lite\/#breadcrumb\"},\"inLanguage\":\"en-US\",\"potentialAction\":[{\"@type\":\"ReadAction\",\"target\":[\"https:\/\/www.idol.cz\/en\/produkt\/spas-hot-tubs\/sofi-lite\/\"]}]},{\"@type\":\"ImageObject\",\"inLanguage\":\"en-US\",\"@id\":\"https:\/\/www.idol.cz\/en\/produkt\/spas-hot-tubs\/sofi-lite\/#primaryimage\",\"url\":\"https:\/\/www.idol.cz\/wp-content\/uploads\/2019\/08\/sofi-lite-1080-2022-w.jpg\",\"contentUrl\":\"https:\/\/www.idol.cz\/wp-content\/uploads\/2019\/08\/sofi-lite-1080-2022-w.jpg\",\"width\":1080,\"height\":1080},{\"@type\":\"BreadcrumbList\",\"@id\":\"https:\/\/www.idol.cz\/en\/produkt\/spas-hot-tubs\/sofi-lite\/#breadcrumb\",\"itemListElement\":[{\"@type\":\"ListItem\",\"position\":1,\"name\":\"Dom\u016f\",\"item\":\"https:\/\/www.idol.cz\/en\/\"},{\"@type\":\"ListItem\",\"position\":2,\"name\":\"E-shop\",\"item\":\"https:\/\/www.idol.cz\/en\/shop\/\"},{\"@type\":\"ListItem\",\"position\":3,\"name\":\"spas hot tubs\",\"item\":\"https:\/\/www.idol.cz\/en\/kategorie-produktu\/spas-hot-tubs\/\"},{\"@type\":\"ListItem\",\"position\":4,\"name\":\"Sofi Lite\"}]},{\"@type\":\"WebSite\",\"@id\":\"https:\/\/www.idol.cz\/en\/#website\",\"url\":\"https:\/\/www.idol.cz\/en\/\",\"name\":\"v\u00ed\u0159ivky venkovn\u00ed, swim spa, baz\u00e9ny\",\"description\":\"Luxusn\u00ed \u010desk\u00e9 v\u00ed\u0159ivky a swim spa\",\"publisher\":{\"@id\":\"https:\/\/www.idol.cz\/en\/#organization\"},\"potentialAction\":[{\"@type\":\"SearchAction\",\"target\":{\"@type\":\"EntryPoint\",\"urlTemplate\":\"https:\/\/www.idol.cz\/en\/?s={search_term_string}\"},\"query-input\":{\"@type\":\"PropertyValueSpecification\",\"valueRequired\":true,\"valueName\":\"search_term_string\"}}],\"inLanguage\":\"en-US\"},{\"@type\":\"Organization\",\"@id\":\"https:\/\/www.idol.cz\/en\/#organization\",\"name\":\"IDOL SPAS, s.r.o.\",\"url\":\"https:\/\/www.idol.cz\/en\/\",\"logo\":{\"@type\":\"ImageObject\",\"inLanguage\":\"en-US\",\"@id\":\"https:\/\/www.idol.cz\/en\/#\/schema\/logo\/image\/\",\"url\":\"https:\/\/www.idol.cz\/wp-content\/uploads\/2020\/02\/idol-spas-logo.png\",\"contentUrl\":\"https:\/\/www.idol.cz\/wp-content\/uploads\/2020\/02\/idol-spas-logo.png\",\"width\":512,\"height\":206,\"caption\":\"IDOL SPAS, s.r.o.\"},\"image\":{\"@id\":\"https:\/\/www.idol.cz\/en\/#\/schema\/logo\/image\/\"},\"sameAs\":[\"https:\/\/www.facebook.com\/IdolSpas\/\"]}]}<\/script>\n<!-- \/ Yoast SEO Premium plugin. -->","yoast_head_json":{"title":"Sofi Lite \u2013 outdoor hot tub not only for the garden cheaply in action for two","description":"Outdoor hot tub spas Sofi for two not only for the garden and on the terrace. On the balcony, terrace or bathroom. Balboa, Gecko. Acrylic hot tubs garden and into the ground","robots":{"index":"index","follow":"follow","max-snippet":"max-snippet:-1","max-image-preview":"max-image-preview:large","max-video-preview":"max-video-preview:-1"},"canonical":"https:\/\/www.idol.cz\/en\/produkt\/spas-hot-tubs\/sofi-lite\/","og_locale":"en_US","og_type":"article","og_title":"Sofi Lite","og_description":"Outdoor hot tub spas Sofi for two not only for the garden and on the terrace. On the balcony, terrace or bathroom. Balboa, Gecko. Acrylic hot tubs garden and into the ground","og_url":"https:\/\/www.idol.cz\/en\/produkt\/spas-hot-tubs\/sofi-lite\/","og_site_name":"outdoor whirlpools, swim spa, swimming pools","article_publisher":"https:\/\/www.facebook.com\/IdolSpas\/","article_modified_time":"2020-06-07T09:25:40+00:00","twitter_card":"summary_large_image","twitter_image":"https:\/\/www.idol.cz\/wp-content\/uploads\/2019\/08\/sofi-lite-1080-2022-w.jpg","schema":{"@context":"https:\/\/schema.org","@graph":[{"@type":"WebPage","@id":"https:\/\/www.idol.cz\/en\/produkt\/spas-hot-tubs\/sofi-lite\/","url":"https:\/\/www.idol.cz\/en\/produkt\/spas-hot-tubs\/sofi-lite\/","name":"Sofi Lite \u2013 outdoor hot tub not only for the garden cheaply in action for two","isPartOf":{"@id":"https:\/\/www.idol.cz\/en\/#website"},"primaryImageOfPage":{"@id":"https:\/\/www.idol.cz\/en\/produkt\/spas-hot-tubs\/sofi-lite\/#primaryimage"},"image":{"@id":"https:\/\/www.idol.cz\/en\/produkt\/spas-hot-tubs\/sofi-lite\/#primaryimage"},"thumbnailUrl":"https:\/\/www.idol.cz\/wp-content\/uploads\/2019\/08\/sofi-lite-1080-2022-w.jpg","datePublished":"2020-06-06T20:09:53+00:00","dateModified":"2020-06-07T09:25:40+00:00","description":"Outdoor hot tub spas Sofi for two not only for the garden and on the terrace. On the balcony, terrace or bathroom. Balboa, Gecko. Acrylic hot tubs garden and into the ground","breadcrumb":{"@id":"https:\/\/www.idol.cz\/en\/produkt\/spas-hot-tubs\/sofi-lite\/#breadcrumb"},"inLanguage":"en-US","potentialAction":[{"@type":"ReadAction","target":["https:\/\/www.idol.cz\/en\/produkt\/spas-hot-tubs\/sofi-lite\/"]}]},{"@type":"ImageObject","inLanguage":"en-US","@id":"https:\/\/www.idol.cz\/en\/produkt\/spas-hot-tubs\/sofi-lite\/#primaryimage","url":"https:\/\/www.idol.cz\/wp-content\/uploads\/2019\/08\/sofi-lite-1080-2022-w.jpg","contentUrl":"https:\/\/www.idol.cz\/wp-content\/uploads\/2019\/08\/sofi-lite-1080-2022-w.jpg","width":1080,"height":1080},{"@type":"BreadcrumbList","@id":"https:\/\/www.idol.cz\/en\/produkt\/spas-hot-tubs\/sofi-lite\/#breadcrumb","itemListElement":[{"@type":"ListItem","position":1,"name":"Dom\u016f","item":"https:\/\/www.idol.cz\/en\/"},{"@type":"ListItem","position":2,"name":"E-shop","item":"https:\/\/www.idol.cz\/en\/shop\/"},{"@type":"ListItem","position":3,"name":"spas hot tubs","item":"https:\/\/www.idol.cz\/en\/kategorie-produktu\/spas-hot-tubs\/"},{"@type":"ListItem","position":4,"name":"Sofi Lite"}]},{"@type":"WebSite","@id":"https:\/\/www.idol.cz\/en\/#website","url":"https:\/\/www.idol.cz\/en\/","name":"v\u00ed\u0159ivky venkovn\u00ed, swim spa, baz\u00e9ny","description":"Luxusn\u00ed \u010desk\u00e9 v\u00ed\u0159ivky a swim spa","publisher":{"@id":"https:\/\/www.idol.cz\/en\/#organization"},"potentialAction":[{"@type":"SearchAction","target":{"@type":"EntryPoint","urlTemplate":"https:\/\/www.idol.cz\/en\/?s={search_term_string}"},"query-input":{"@type":"PropertyValueSpecification","valueRequired":true,"valueName":"search_term_string"}}],"inLanguage":"en-US"},{"@type":"Organization","@id":"https:\/\/www.idol.cz\/en\/#organization","name":"IDOL SPAS, s.r.o.","url":"https:\/\/www.idol.cz\/en\/","logo":{"@type":"ImageObject","inLanguage":"en-US","@id":"https:\/\/www.idol.cz\/en\/#\/schema\/logo\/image\/","url":"https:\/\/www.idol.cz\/wp-content\/uploads\/2020\/02\/idol-spas-logo.png","contentUrl":"https:\/\/www.idol.cz\/wp-content\/uploads\/2020\/02\/idol-spas-logo.png","width":512,"height":206,"caption":"IDOL SPAS, s.r.o."},"image":{"@id":"https:\/\/www.idol.cz\/en\/#\/schema\/logo\/image\/"},"sameAs":["https:\/\/www.facebook.com\/IdolSpas\/"]}]}},"_links":{"self":[{"href":"https:\/\/www.idol.cz\/en\/wp-json\/wp\/v2\/product\/14067"}],"collection":[{"href":"https:\/\/www.idol.cz\/en\/wp-json\/wp\/v2\/product"}],"about":[{"href":"https:\/\/www.idol.cz\/en\/wp-json\/wp\/v2\/types\/product"}],"wp:featuredmedia":[{"embeddable":true,"href":"https:\/\/www.idol.cz\/en\/wp-json\/wp\/v2\/media\/19831"}],"wp:attachment":[{"href":"https:\/\/www.idol.cz\/en\/wp-json\/wp\/v2\/media?parent=14067"}],"wp:term":[{"taxonomy":"product_cat","embeddable":true,"href":"https:\/\/www.idol.cz\/en\/wp-json\/wp\/v2\/product_cat?post=14067"},{"taxonomy":"product_tag","embeddable":true,"href":"https:\/\/www.idol.cz\/en\/wp-json\/wp\/v2\/product_tag?post=14067"}],"curies":[{"name":"wp","href":"https:\/\/api.w.org\/{rel}","templated":true}]}}