{"id":14071,"date":"2020-01-11T12:09:20","date_gmt":"2020-06-06T20:09:56","guid":{"rendered":"https:\/\/idol.cz\/produkt\/uncategorized\/light-oak-color\/"},"modified":"2021-01-27T19:29:14","modified_gmt":"2021-01-27T18:29:14","slug":"thermal-virivky-color-svetly-oak","status":"publish","type":"product","link":"https:\/\/www.idol.cz\/en\/produkt\/spas-hot-tubs\/other-hot-tub-options\/hot-tub-thermocover\/thermal-virivky-color-svetly-oak\/","title":{"rendered":"Thermocover hot tub color light oak"},"content":{"rendered":"\t\t<div data-elementor-type=\"product-post\" data-elementor-id=\"14071\" class=\"elementor elementor-14071 elementor-7186\" data-elementor-post-type=\"product\">\n\t\t\t\t\t\t<section class=\"ob-is-breaking-bad elementor-section elementor-top-section elementor-element elementor-element-cf76414 elementor-section-boxed elementor-section-height-default elementor-section-height-default\" data-id=\"cf76414\" data-element_type=\"section\" data-settings=\"{&quot;_ob_bbad_use_it&quot;:&quot;yes&quot;,&quot;_ob_bbad_sssic_use&quot;:&quot;no&quot;}\">\n\t\t\t\t\t\t<div class=\"elementor-container elementor-column-gap-default\">\n\t\t\t\t\t<div class=\"elementor-column elementor-col-100 elementor-top-column elementor-element elementor-element-60bbe418\" data-id=\"60bbe418\" data-element_type=\"column\" data-settings=\"{&quot;_ob_bbad_is_stalker&quot;:&quot;no&quot;,&quot;_ob_teleporter_use&quot;:false}\">\n\t\t\t<div class=\"elementor-widget-wrap elementor-element-populated\">\n\t\t\t\t\t\t<div class=\"elementor-element elementor-element-24f56a52 ob-harakiri-inherit elementor-widget elementor-widget-text-editor\" data-id=\"24f56a52\" data-element_type=\"widget\" data-settings=\"{&quot;_ob_use_harakiri&quot;:&quot;yes&quot;,&quot;_ob_harakiri_writing_mode&quot;:&quot;inherit&quot;,&quot;_ob_widget_stalker_use&quot;:&quot;no&quot;}\" data-widget_type=\"text-editor.default\">\n\t\t\t\t\t\t\t\t\t<p><strong><span style=\"font-size: 14pt;\">Thermal cover for hot tubs.<\/span><\/strong><\/p><p><span style=\"font-size: 14pt;\">Our high-quality thermo covers are an important part of your spa and are designed to keep warm and reduce your energy costs.<\/span><br \/><span style=\"font-size: 14pt;\">Available in five colors of your choice. Only some are available for the lite model.<\/span><\/p><p><strong><span style=\"font-size: 14pt;\">Color 1.<\/span><\/strong><\/p>\t\t\t\t\t\t\t\t<\/div>\n\t\t\t\t\t<\/div>\n\t\t<\/div>\n\t\t\t\t\t<\/div>\n\t\t<\/section>\n\t\t\t\t<\/div>\n\t\t","protected":false},"excerpt":{"rendered":"<p>Thermal cover for hot tubs. Our high-quality thermo covers are an important part of your spa and are designed to keep warm and reduce your energy costs. Available in five colors of your choice. Only some are available for the lite model. Color 1.<\/p>\n","protected":false},"featured_media":11435,"template":"","meta":[],"product_cat":[150],"product_tag":[],"class_list":{"0":"post-14071","1":"product","2":"type-product","3":"status-publish","4":"has-post-thumbnail","6":"product_cat-hot-tub-thermocover","8":"first","9":"instock","10":"taxable","11":"shipping-taxable","12":"purchasable","13":"product-type-simple"},"yoast_head":"<!-- This site is optimized with the Yoast SEO Premium plugin v24.9 (Yoast SEO v24.9) - https:\/\/yoast.com\/wordpress\/plugins\/seo\/ -->\n<title>Thermocover hot tub color light oak | outdoor whirlpools, swim spa, swimming pools<\/title>\n<meta name=\"robots\" content=\"index, follow, max-snippet:-1, max-image-preview:large, max-video-preview:-1\" \/>\n<link rel=\"canonical\" href=\"https:\/\/www.idol.cz\/en\/produkt\/spas-hot-tubs\/other-hot-tub-options\/hot-tub-thermocover\/thermal-virivky-color-svetly-oak\/\" \/>\n<meta property=\"og:locale\" content=\"en_US\" \/>\n<meta property=\"og:type\" content=\"article\" \/>\n<meta property=\"og:title\" content=\"Thermocover hot tub color light oak\" \/>\n<meta property=\"og:description\" content=\"Thermal cover for hot tubs. Our high-quality thermo covers are an important part of your spa and are designed to keep warm and reduce your energy costs. Available in five colors of your choice. Only some are available for the lite model. Color 1.\" \/>\n<meta property=\"og:url\" content=\"https:\/\/www.idol.cz\/en\/produkt\/spas-hot-tubs\/other-hot-tub-options\/hot-tub-thermocover\/thermal-virivky-color-svetly-oak\/\" \/>\n<meta property=\"og:site_name\" content=\"outdoor whirlpools, swim spa, swimming pools\" \/>\n<meta property=\"article:publisher\" content=\"https:\/\/www.facebook.com\/IdolSpas\/\" \/>\n<meta property=\"article:modified_time\" content=\"2021-01-27T18:29:14+00:00\" \/>\n<meta property=\"og:image\" content=\"https:\/\/www.idol.cz\/wp-content\/uploads\/2020\/01\/idol-spas-barva-termokrytu-virivky-01.jpg\" \/>\n\t<meta property=\"og:image:width\" content=\"960\" \/>\n\t<meta property=\"og:image:height\" content=\"960\" \/>\n\t<meta property=\"og:image:type\" content=\"image\/jpeg\" \/>\n<meta name=\"twitter:card\" content=\"summary_large_image\" \/>\n<script type=\"application\/ld+json\" class=\"yoast-schema-graph\">{\"@context\":\"https:\/\/schema.org\",\"@graph\":[{\"@type\":\"WebPage\",\"@id\":\"https:\/\/www.idol.cz\/en\/produkt\/spas-hot-tubs\/other-hot-tub-options\/hot-tub-thermocover\/thermal-virivky-color-svetly-oak\/\",\"url\":\"https:\/\/www.idol.cz\/en\/produkt\/spas-hot-tubs\/other-hot-tub-options\/hot-tub-thermocover\/thermal-virivky-color-svetly-oak\/\",\"name\":\"Thermocover hot tub color light oak | outdoor whirlpools, swim spa, swimming pools\",\"isPartOf\":{\"@id\":\"https:\/\/www.idol.cz\/en\/#website\"},\"primaryImageOfPage\":{\"@id\":\"https:\/\/www.idol.cz\/en\/produkt\/spas-hot-tubs\/other-hot-tub-options\/hot-tub-thermocover\/thermal-virivky-color-svetly-oak\/#primaryimage\"},\"image\":{\"@id\":\"https:\/\/www.idol.cz\/en\/produkt\/spas-hot-tubs\/other-hot-tub-options\/hot-tub-thermocover\/thermal-virivky-color-svetly-oak\/#primaryimage\"},\"thumbnailUrl\":\"https:\/\/www.idol.cz\/wp-content\/uploads\/2020\/01\/idol-spas-barva-termokrytu-virivky-01.jpg\",\"datePublished\":\"2020-06-06T20:09:56+00:00\",\"dateModified\":\"2021-01-27T18:29:14+00:00\",\"breadcrumb\":{\"@id\":\"https:\/\/www.idol.cz\/en\/produkt\/spas-hot-tubs\/other-hot-tub-options\/hot-tub-thermocover\/thermal-virivky-color-svetly-oak\/#breadcrumb\"},\"inLanguage\":\"en-US\",\"potentialAction\":[{\"@type\":\"ReadAction\",\"target\":[\"https:\/\/www.idol.cz\/en\/produkt\/spas-hot-tubs\/other-hot-tub-options\/hot-tub-thermocover\/thermal-virivky-color-svetly-oak\/\"]}]},{\"@type\":\"ImageObject\",\"inLanguage\":\"en-US\",\"@id\":\"https:\/\/www.idol.cz\/en\/produkt\/spas-hot-tubs\/other-hot-tub-options\/hot-tub-thermocover\/thermal-virivky-color-svetly-oak\/#primaryimage\",\"url\":\"https:\/\/www.idol.cz\/wp-content\/uploads\/2020\/01\/idol-spas-barva-termokrytu-virivky-01.jpg\",\"contentUrl\":\"https:\/\/www.idol.cz\/wp-content\/uploads\/2020\/01\/idol-spas-barva-termokrytu-virivky-01.jpg\",\"width\":960,\"height\":960,\"caption\":\"hot tubs Thermocover\"},{\"@type\":\"BreadcrumbList\",\"@id\":\"https:\/\/www.idol.cz\/en\/produkt\/spas-hot-tubs\/other-hot-tub-options\/hot-tub-thermocover\/thermal-virivky-color-svetly-oak\/#breadcrumb\",\"itemListElement\":[{\"@type\":\"ListItem\",\"position\":1,\"name\":\"Dom\u016f\",\"item\":\"https:\/\/www.idol.cz\/en\/\"},{\"@type\":\"ListItem\",\"position\":2,\"name\":\"E-shop\",\"item\":\"https:\/\/www.idol.cz\/en\/shop\/\"},{\"@type\":\"ListItem\",\"position\":3,\"name\":\"spas hot tubs\",\"item\":\"https:\/\/www.idol.cz\/en\/kategorie-produktu\/spas-hot-tubs\/\"},{\"@type\":\"ListItem\",\"position\":4,\"name\":\"Other hot tub options\",\"item\":\"https:\/\/www.idol.cz\/en\/kategorie-produktu\/spas-hot-tubs\/other-hot-tub-options\/\"},{\"@type\":\"ListItem\",\"position\":5,\"name\":\"Hot tub thermocover\",\"item\":\"https:\/\/www.idol.cz\/en\/kategorie-produktu\/spas-hot-tubs\/other-hot-tub-options\/hot-tub-thermocover\/\"},{\"@type\":\"ListItem\",\"position\":6,\"name\":\"Thermocover hot tub color light oak\"}]},{\"@type\":\"WebSite\",\"@id\":\"https:\/\/www.idol.cz\/en\/#website\",\"url\":\"https:\/\/www.idol.cz\/en\/\",\"name\":\"v\u00ed\u0159ivky venkovn\u00ed, swim spa, baz\u00e9ny\",\"description\":\"Luxusn\u00ed \u010desk\u00e9 v\u00ed\u0159ivky a swim spa\",\"publisher\":{\"@id\":\"https:\/\/www.idol.cz\/en\/#organization\"},\"potentialAction\":[{\"@type\":\"SearchAction\",\"target\":{\"@type\":\"EntryPoint\",\"urlTemplate\":\"https:\/\/www.idol.cz\/en\/?s={search_term_string}\"},\"query-input\":{\"@type\":\"PropertyValueSpecification\",\"valueRequired\":true,\"valueName\":\"search_term_string\"}}],\"inLanguage\":\"en-US\"},{\"@type\":\"Organization\",\"@id\":\"https:\/\/www.idol.cz\/en\/#organization\",\"name\":\"IDOL SPAS, s.r.o.\",\"url\":\"https:\/\/www.idol.cz\/en\/\",\"logo\":{\"@type\":\"ImageObject\",\"inLanguage\":\"en-US\",\"@id\":\"https:\/\/www.idol.cz\/en\/#\/schema\/logo\/image\/\",\"url\":\"https:\/\/www.idol.cz\/wp-content\/uploads\/2020\/02\/idol-spas-logo.png\",\"contentUrl\":\"https:\/\/www.idol.cz\/wp-content\/uploads\/2020\/02\/idol-spas-logo.png\",\"width\":512,\"height\":206,\"caption\":\"IDOL SPAS, s.r.o.\"},\"image\":{\"@id\":\"https:\/\/www.idol.cz\/en\/#\/schema\/logo\/image\/\"},\"sameAs\":[\"https:\/\/www.facebook.com\/IdolSpas\/\"]}]}<\/script>\n<!-- \/ Yoast SEO Premium plugin. -->","yoast_head_json":{"title":"Thermocover hot tub color light oak | outdoor whirlpools, swim spa, swimming pools","robots":{"index":"index","follow":"follow","max-snippet":"max-snippet:-1","max-image-preview":"max-image-preview:large","max-video-preview":"max-video-preview:-1"},"canonical":"https:\/\/www.idol.cz\/en\/produkt\/spas-hot-tubs\/other-hot-tub-options\/hot-tub-thermocover\/thermal-virivky-color-svetly-oak\/","og_locale":"en_US","og_type":"article","og_title":"Thermocover hot tub color light oak","og_description":"Thermal cover for hot tubs. Our high-quality thermo covers are an important part of your spa and are designed to keep warm and reduce your energy costs. Available in five colors of your choice. Only some are available for the lite model. Color 1.","og_url":"https:\/\/www.idol.cz\/en\/produkt\/spas-hot-tubs\/other-hot-tub-options\/hot-tub-thermocover\/thermal-virivky-color-svetly-oak\/","og_site_name":"outdoor whirlpools, swim spa, swimming pools","article_publisher":"https:\/\/www.facebook.com\/IdolSpas\/","article_modified_time":"2021-01-27T18:29:14+00:00","og_image":[{"width":960,"height":960,"url":"https:\/\/www.idol.cz\/wp-content\/uploads\/2020\/01\/idol-spas-barva-termokrytu-virivky-01.jpg","type":"image\/jpeg"}],"twitter_card":"summary_large_image","schema":{"@context":"https:\/\/schema.org","@graph":[{"@type":"WebPage","@id":"https:\/\/www.idol.cz\/en\/produkt\/spas-hot-tubs\/other-hot-tub-options\/hot-tub-thermocover\/thermal-virivky-color-svetly-oak\/","url":"https:\/\/www.idol.cz\/en\/produkt\/spas-hot-tubs\/other-hot-tub-options\/hot-tub-thermocover\/thermal-virivky-color-svetly-oak\/","name":"Thermocover hot tub color light oak | outdoor whirlpools, swim spa, swimming pools","isPartOf":{"@id":"https:\/\/www.idol.cz\/en\/#website"},"primaryImageOfPage":{"@id":"https:\/\/www.idol.cz\/en\/produkt\/spas-hot-tubs\/other-hot-tub-options\/hot-tub-thermocover\/thermal-virivky-color-svetly-oak\/#primaryimage"},"image":{"@id":"https:\/\/www.idol.cz\/en\/produkt\/spas-hot-tubs\/other-hot-tub-options\/hot-tub-thermocover\/thermal-virivky-color-svetly-oak\/#primaryimage"},"thumbnailUrl":"https:\/\/www.idol.cz\/wp-content\/uploads\/2020\/01\/idol-spas-barva-termokrytu-virivky-01.jpg","datePublished":"2020-06-06T20:09:56+00:00","dateModified":"2021-01-27T18:29:14+00:00","breadcrumb":{"@id":"https:\/\/www.idol.cz\/en\/produkt\/spas-hot-tubs\/other-hot-tub-options\/hot-tub-thermocover\/thermal-virivky-color-svetly-oak\/#breadcrumb"},"inLanguage":"en-US","potentialAction":[{"@type":"ReadAction","target":["https:\/\/www.idol.cz\/en\/produkt\/spas-hot-tubs\/other-hot-tub-options\/hot-tub-thermocover\/thermal-virivky-color-svetly-oak\/"]}]},{"@type":"ImageObject","inLanguage":"en-US","@id":"https:\/\/www.idol.cz\/en\/produkt\/spas-hot-tubs\/other-hot-tub-options\/hot-tub-thermocover\/thermal-virivky-color-svetly-oak\/#primaryimage","url":"https:\/\/www.idol.cz\/wp-content\/uploads\/2020\/01\/idol-spas-barva-termokrytu-virivky-01.jpg","contentUrl":"https:\/\/www.idol.cz\/wp-content\/uploads\/2020\/01\/idol-spas-barva-termokrytu-virivky-01.jpg","width":960,"height":960,"caption":"hot tubs Thermocover"},{"@type":"BreadcrumbList","@id":"https:\/\/www.idol.cz\/en\/produkt\/spas-hot-tubs\/other-hot-tub-options\/hot-tub-thermocover\/thermal-virivky-color-svetly-oak\/#breadcrumb","itemListElement":[{"@type":"ListItem","position":1,"name":"Dom\u016f","item":"https:\/\/www.idol.cz\/en\/"},{"@type":"ListItem","position":2,"name":"E-shop","item":"https:\/\/www.idol.cz\/en\/shop\/"},{"@type":"ListItem","position":3,"name":"spas hot tubs","item":"https:\/\/www.idol.cz\/en\/kategorie-produktu\/spas-hot-tubs\/"},{"@type":"ListItem","position":4,"name":"Other hot tub options","item":"https:\/\/www.idol.cz\/en\/kategorie-produktu\/spas-hot-tubs\/other-hot-tub-options\/"},{"@type":"ListItem","position":5,"name":"Hot tub thermocover","item":"https:\/\/www.idol.cz\/en\/kategorie-produktu\/spas-hot-tubs\/other-hot-tub-options\/hot-tub-thermocover\/"},{"@type":"ListItem","position":6,"name":"Thermocover hot tub color light oak"}]},{"@type":"WebSite","@id":"https:\/\/www.idol.cz\/en\/#website","url":"https:\/\/www.idol.cz\/en\/","name":"v\u00ed\u0159ivky venkovn\u00ed, swim spa, baz\u00e9ny","description":"Luxusn\u00ed \u010desk\u00e9 v\u00ed\u0159ivky a swim spa","publisher":{"@id":"https:\/\/www.idol.cz\/en\/#organization"},"potentialAction":[{"@type":"SearchAction","target":{"@type":"EntryPoint","urlTemplate":"https:\/\/www.idol.cz\/en\/?s={search_term_string}"},"query-input":{"@type":"PropertyValueSpecification","valueRequired":true,"valueName":"search_term_string"}}],"inLanguage":"en-US"},{"@type":"Organization","@id":"https:\/\/www.idol.cz\/en\/#organization","name":"IDOL SPAS, s.r.o.","url":"https:\/\/www.idol.cz\/en\/","logo":{"@type":"ImageObject","inLanguage":"en-US","@id":"https:\/\/www.idol.cz\/en\/#\/schema\/logo\/image\/","url":"https:\/\/www.idol.cz\/wp-content\/uploads\/2020\/02\/idol-spas-logo.png","contentUrl":"https:\/\/www.idol.cz\/wp-content\/uploads\/2020\/02\/idol-spas-logo.png","width":512,"height":206,"caption":"IDOL SPAS, s.r.o."},"image":{"@id":"https:\/\/www.idol.cz\/en\/#\/schema\/logo\/image\/"},"sameAs":["https:\/\/www.facebook.com\/IdolSpas\/"]}]}},"_links":{"self":[{"href":"https:\/\/www.idol.cz\/en\/wp-json\/wp\/v2\/product\/14071"}],"collection":[{"href":"https:\/\/www.idol.cz\/en\/wp-json\/wp\/v2\/product"}],"about":[{"href":"https:\/\/www.idol.cz\/en\/wp-json\/wp\/v2\/types\/product"}],"wp:featuredmedia":[{"embeddable":true,"href":"https:\/\/www.idol.cz\/en\/wp-json\/wp\/v2\/media\/11435"}],"wp:attachment":[{"href":"https:\/\/www.idol.cz\/en\/wp-json\/wp\/v2\/media?parent=14071"}],"wp:term":[{"taxonomy":"product_cat","embeddable":true,"href":"https:\/\/www.idol.cz\/en\/wp-json\/wp\/v2\/product_cat?post=14071"},{"taxonomy":"product_tag","embeddable":true,"href":"https:\/\/www.idol.cz\/en\/wp-json\/wp\/v2\/product_tag?post=14071"}],"curies":[{"name":"wp","href":"https:\/\/api.w.org\/{rel}","templated":true}]}}