{"id":17239,"date":"2021-01-25T10:47:45","date_gmt":"2021-01-27T09:31:44","guid":{"rendered":"https:\/\/www.idol.cz\/produkt\/uncategorized\/spa-chlor-tabs-1kg\/"},"modified":"2021-01-27T10:31:44","modified_gmt":"2021-01-27T09:31:44","slug":"spa-chlor-tabs-1kg","status":"publish","type":"product","link":"https:\/\/www.idol.cz\/en\/produkt\/chemistry-for-hot-tubs-and-swim-spa-pools\/spa-chlor-tabs-1kg\/","title":{"rendered":"SPA CHLOR TABS 1kg"},"content":{"rendered":"\t\t<div data-elementor-type=\"product-post\" data-elementor-id=\"17239\" class=\"elementor elementor-17239 elementor-17183\" data-elementor-post-type=\"product\">\n\t\t\t\t\t\t<section class=\"ob-is-breaking-bad elementor-section elementor-top-section elementor-element elementor-element-67295668 elementor-section-boxed elementor-section-height-default elementor-section-height-default\" data-id=\"67295668\" data-element_type=\"section\" data-settings=\"{&quot;_ob_bbad_use_it&quot;:&quot;yes&quot;,&quot;_ob_bbad_sssic_use&quot;:&quot;no&quot;}\">\n\t\t\t\t\t\t<div class=\"elementor-container elementor-column-gap-default\">\n\t\t\t\t\t<div class=\"elementor-column elementor-col-100 elementor-top-column elementor-element elementor-element-1e3d91b7\" data-id=\"1e3d91b7\" data-element_type=\"column\" data-settings=\"{&quot;_ob_bbad_is_stalker&quot;:&quot;no&quot;,&quot;_ob_teleporter_use&quot;:false}\">\n\t\t\t<div class=\"elementor-widget-wrap elementor-element-populated\">\n\t\t\t\t\t\t<div class=\"elementor-element elementor-element-4047b2d9 ob-harakiri-inherit elementor-widget elementor-widget-text-editor\" data-id=\"4047b2d9\" data-element_type=\"widget\" data-settings=\"{&quot;_ob_use_harakiri&quot;:&quot;yes&quot;,&quot;_ob_harakiri_writing_mode&quot;:&quot;inherit&quot;,&quot;_ob_widget_stalker_use&quot;:&quot;no&quot;}\" data-widget_type=\"text-editor.default\">\n\t\t\t\t\t\t\t\t\t<h5 style=\"margin-top: 10px; margin-bottom: 0px; padding: 0px 0px 8px; border: 0px; font-variant-numeric: inherit; font-variant-east-asian: inherit; font-stretch: inherit; line-height: 1.1; font-family: Arimo, sans-serif; font-size: 14px; vertical-align: baseline; color: #767676; letter-spacing: normal; text-align: left;\"><span style=\"letter-spacing: 0px; text-align: inherit; font-size: 16px;\"><br \/><\/span><\/h5>\n<h5 style=\"margin-top: 10px; margin-bottom: 0px; padding: 0px 0px 8px; border: 0px; font-variant-numeric: inherit; font-variant-east-asian: inherit; font-stretch: inherit; line-height: 1.1; font-family: Arimo, sans-serif; font-size: 14px; vertical-align: baseline; color: #767676; letter-spacing: normal; text-align: left;\"><span style=\"letter-spacing: 0px; text-align: inherit; font-size: 16px;\">Slow-soluble chlorine tablets are used at regular dosing to reliably ensure optimal concentration of active chlorine.<\/span> <span style=\"letter-spacing: 0px; text-align: inherit; background-color: rgb(241, 243, 247); font-size: 16px;\"> &nbsp; These<\/span> <span style=\"letter-spacing: 0px; text-align: inherit; font-size: 16px;\"> are single-component slow-soluble Mini chlorine tablets for smaller home pools, swim spas and hot tubs.<\/span><br \/><\/h5>\n\t\t\t\t\t\t\t\t<\/div>\n\t\t\t\t\t<\/div>\n\t\t<\/div>\n\t\t\t\t\t<\/div>\n\t\t<\/section>\n\t\t\t\t<\/div>\n\t\t","protected":false},"excerpt":{"rendered":"<p>Slow-soluble chlorine tablets are used at regular dosing to reliably ensure optimal concentration of active chlorine. &nbsp; These are single-component slow-soluble Mini chlorine tablets for smaller home pools, swim spas and hot tubs.<\/p>\n","protected":false},"featured_media":17642,"template":"","meta":[],"product_cat":[268],"product_tag":[],"class_list":{"0":"post-17239","1":"product","2":"type-product","3":"status-publish","4":"has-post-thumbnail","6":"product_cat-chemistry-for-hot-tubs-and-swim-spa-pools","8":"first","9":"instock","10":"taxable","11":"shipping-taxable","12":"purchasable","13":"product-type-simple"},"yoast_head":"<!-- This site is optimized with the Yoast SEO Premium plugin v24.9 (Yoast SEO v24.9) - https:\/\/yoast.com\/wordpress\/plugins\/seo\/ -->\n<title>Name outdoor whirlpools, swim spa, swimming pools Name | outdoor whirlpools, swim spa, swimming pools<\/title>\n<meta name=\"robots\" content=\"index, follow, max-snippet:-1, max-image-preview:large, max-video-preview:-1\" \/>\n<link rel=\"canonical\" href=\"https:\/\/www.idol.cz\/en\/produkt\/chemistry-for-hot-tubs-and-swim-spa-pools\/spa-chlor-tabs-1kg\/\" \/>\n<meta property=\"og:locale\" content=\"en_US\" \/>\n<meta property=\"og:type\" content=\"article\" \/>\n<meta property=\"og:title\" content=\"SPA CHLOR TABS 1kg\" \/>\n<meta property=\"og:description\" content=\"Slow-soluble chlorine tablets are used at regular dosing to reliably ensure optimal concentration of active chlorine. &nbsp; These are single-component slow-soluble Mini chlorine tablets for smaller home pools, swim spas and hot tubs.\" \/>\n<meta property=\"og:url\" content=\"https:\/\/www.idol.cz\/en\/produkt\/chemistry-for-hot-tubs-and-swim-spa-pools\/spa-chlor-tabs-1kg\/\" \/>\n<meta property=\"og:site_name\" content=\"outdoor whirlpools, swim spa, swimming pools\" \/>\n<meta property=\"article:publisher\" content=\"https:\/\/www.facebook.com\/IdolSpas\/\" \/>\n<meta property=\"og:image\" content=\"https:\/\/www.idol.cz\/wp-content\/uploads\/2021\/01\/SPA_Chlor.jpg\" \/>\n\t<meta property=\"og:image:width\" content=\"1678\" \/>\n\t<meta property=\"og:image:height\" content=\"2302\" \/>\n\t<meta property=\"og:image:type\" content=\"image\/jpeg\" \/>\n<meta name=\"twitter:card\" content=\"summary_large_image\" \/>\n<script type=\"application\/ld+json\" class=\"yoast-schema-graph\">{\"@context\":\"https:\/\/schema.org\",\"@graph\":[{\"@type\":\"WebPage\",\"@id\":\"https:\/\/www.idol.cz\/en\/produkt\/chemistry-for-hot-tubs-and-swim-spa-pools\/spa-chlor-tabs-1kg\/\",\"url\":\"https:\/\/www.idol.cz\/en\/produkt\/chemistry-for-hot-tubs-and-swim-spa-pools\/spa-chlor-tabs-1kg\/\",\"name\":\"Name outdoor whirlpools, swim spa, swimming pools Name | outdoor whirlpools, swim spa, swimming pools\",\"isPartOf\":{\"@id\":\"https:\/\/www.idol.cz\/en\/#website\"},\"primaryImageOfPage\":{\"@id\":\"https:\/\/www.idol.cz\/en\/produkt\/chemistry-for-hot-tubs-and-swim-spa-pools\/spa-chlor-tabs-1kg\/#primaryimage\"},\"image\":{\"@id\":\"https:\/\/www.idol.cz\/en\/produkt\/chemistry-for-hot-tubs-and-swim-spa-pools\/spa-chlor-tabs-1kg\/#primaryimage\"},\"thumbnailUrl\":\"https:\/\/www.idol.cz\/wp-content\/uploads\/2021\/01\/SPA_Chlor.jpg\",\"datePublished\":\"2021-01-27T09:31:44+00:00\",\"breadcrumb\":{\"@id\":\"https:\/\/www.idol.cz\/en\/produkt\/chemistry-for-hot-tubs-and-swim-spa-pools\/spa-chlor-tabs-1kg\/#breadcrumb\"},\"inLanguage\":\"en-US\",\"potentialAction\":[{\"@type\":\"ReadAction\",\"target\":[\"https:\/\/www.idol.cz\/en\/produkt\/chemistry-for-hot-tubs-and-swim-spa-pools\/spa-chlor-tabs-1kg\/\"]}]},{\"@type\":\"ImageObject\",\"inLanguage\":\"en-US\",\"@id\":\"https:\/\/www.idol.cz\/en\/produkt\/chemistry-for-hot-tubs-and-swim-spa-pools\/spa-chlor-tabs-1kg\/#primaryimage\",\"url\":\"https:\/\/www.idol.cz\/wp-content\/uploads\/2021\/01\/SPA_Chlor.jpg\",\"contentUrl\":\"https:\/\/www.idol.cz\/wp-content\/uploads\/2021\/01\/SPA_Chlor.jpg\",\"width\":1678,\"height\":2302,\"caption\":\"SPA chlorine chemistry\"},{\"@type\":\"BreadcrumbList\",\"@id\":\"https:\/\/www.idol.cz\/en\/produkt\/chemistry-for-hot-tubs-and-swim-spa-pools\/spa-chlor-tabs-1kg\/#breadcrumb\",\"itemListElement\":[{\"@type\":\"ListItem\",\"position\":1,\"name\":\"Dom\u016f\",\"item\":\"https:\/\/www.idol.cz\/en\/\"},{\"@type\":\"ListItem\",\"position\":2,\"name\":\"E-shop\",\"item\":\"https:\/\/www.idol.cz\/en\/shop\/\"},{\"@type\":\"ListItem\",\"position\":3,\"name\":\"Chemistry for hot tubs and swim spa pools\",\"item\":\"https:\/\/www.idol.cz\/en\/kategorie-produktu\/chemistry-for-hot-tubs-and-swim-spa-pools\/\"},{\"@type\":\"ListItem\",\"position\":4,\"name\":\"SPA CHLOR TABS 1kg\"}]},{\"@type\":\"WebSite\",\"@id\":\"https:\/\/www.idol.cz\/en\/#website\",\"url\":\"https:\/\/www.idol.cz\/en\/\",\"name\":\"v\u00ed\u0159ivky venkovn\u00ed, swim spa, baz\u00e9ny\",\"description\":\"Luxusn\u00ed \u010desk\u00e9 v\u00ed\u0159ivky a swim spa\",\"publisher\":{\"@id\":\"https:\/\/www.idol.cz\/en\/#organization\"},\"potentialAction\":[{\"@type\":\"SearchAction\",\"target\":{\"@type\":\"EntryPoint\",\"urlTemplate\":\"https:\/\/www.idol.cz\/en\/?s={search_term_string}\"},\"query-input\":{\"@type\":\"PropertyValueSpecification\",\"valueRequired\":true,\"valueName\":\"search_term_string\"}}],\"inLanguage\":\"en-US\"},{\"@type\":\"Organization\",\"@id\":\"https:\/\/www.idol.cz\/en\/#organization\",\"name\":\"IDOL SPAS, s.r.o.\",\"url\":\"https:\/\/www.idol.cz\/en\/\",\"logo\":{\"@type\":\"ImageObject\",\"inLanguage\":\"en-US\",\"@id\":\"https:\/\/www.idol.cz\/en\/#\/schema\/logo\/image\/\",\"url\":\"https:\/\/www.idol.cz\/wp-content\/uploads\/2020\/02\/idol-spas-logo.png\",\"contentUrl\":\"https:\/\/www.idol.cz\/wp-content\/uploads\/2020\/02\/idol-spas-logo.png\",\"width\":512,\"height\":206,\"caption\":\"IDOL SPAS, s.r.o.\"},\"image\":{\"@id\":\"https:\/\/www.idol.cz\/en\/#\/schema\/logo\/image\/\"},\"sameAs\":[\"https:\/\/www.facebook.com\/IdolSpas\/\"]}]}<\/script>\n<!-- \/ Yoast SEO Premium plugin. -->","yoast_head_json":{"title":"Name outdoor whirlpools, swim spa, swimming pools Name | outdoor whirlpools, swim spa, swimming pools","robots":{"index":"index","follow":"follow","max-snippet":"max-snippet:-1","max-image-preview":"max-image-preview:large","max-video-preview":"max-video-preview:-1"},"canonical":"https:\/\/www.idol.cz\/en\/produkt\/chemistry-for-hot-tubs-and-swim-spa-pools\/spa-chlor-tabs-1kg\/","og_locale":"en_US","og_type":"article","og_title":"SPA CHLOR TABS 1kg","og_description":"Slow-soluble chlorine tablets are used at regular dosing to reliably ensure optimal concentration of active chlorine. &nbsp; These are single-component slow-soluble Mini chlorine tablets for smaller home pools, swim spas and hot tubs.","og_url":"https:\/\/www.idol.cz\/en\/produkt\/chemistry-for-hot-tubs-and-swim-spa-pools\/spa-chlor-tabs-1kg\/","og_site_name":"outdoor whirlpools, swim spa, swimming pools","article_publisher":"https:\/\/www.facebook.com\/IdolSpas\/","og_image":[{"width":1678,"height":2302,"url":"https:\/\/www.idol.cz\/wp-content\/uploads\/2021\/01\/SPA_Chlor.jpg","type":"image\/jpeg"}],"twitter_card":"summary_large_image","schema":{"@context":"https:\/\/schema.org","@graph":[{"@type":"WebPage","@id":"https:\/\/www.idol.cz\/en\/produkt\/chemistry-for-hot-tubs-and-swim-spa-pools\/spa-chlor-tabs-1kg\/","url":"https:\/\/www.idol.cz\/en\/produkt\/chemistry-for-hot-tubs-and-swim-spa-pools\/spa-chlor-tabs-1kg\/","name":"Name outdoor whirlpools, swim spa, swimming pools Name | outdoor whirlpools, swim spa, swimming pools","isPartOf":{"@id":"https:\/\/www.idol.cz\/en\/#website"},"primaryImageOfPage":{"@id":"https:\/\/www.idol.cz\/en\/produkt\/chemistry-for-hot-tubs-and-swim-spa-pools\/spa-chlor-tabs-1kg\/#primaryimage"},"image":{"@id":"https:\/\/www.idol.cz\/en\/produkt\/chemistry-for-hot-tubs-and-swim-spa-pools\/spa-chlor-tabs-1kg\/#primaryimage"},"thumbnailUrl":"https:\/\/www.idol.cz\/wp-content\/uploads\/2021\/01\/SPA_Chlor.jpg","datePublished":"2021-01-27T09:31:44+00:00","breadcrumb":{"@id":"https:\/\/www.idol.cz\/en\/produkt\/chemistry-for-hot-tubs-and-swim-spa-pools\/spa-chlor-tabs-1kg\/#breadcrumb"},"inLanguage":"en-US","potentialAction":[{"@type":"ReadAction","target":["https:\/\/www.idol.cz\/en\/produkt\/chemistry-for-hot-tubs-and-swim-spa-pools\/spa-chlor-tabs-1kg\/"]}]},{"@type":"ImageObject","inLanguage":"en-US","@id":"https:\/\/www.idol.cz\/en\/produkt\/chemistry-for-hot-tubs-and-swim-spa-pools\/spa-chlor-tabs-1kg\/#primaryimage","url":"https:\/\/www.idol.cz\/wp-content\/uploads\/2021\/01\/SPA_Chlor.jpg","contentUrl":"https:\/\/www.idol.cz\/wp-content\/uploads\/2021\/01\/SPA_Chlor.jpg","width":1678,"height":2302,"caption":"SPA chlorine chemistry"},{"@type":"BreadcrumbList","@id":"https:\/\/www.idol.cz\/en\/produkt\/chemistry-for-hot-tubs-and-swim-spa-pools\/spa-chlor-tabs-1kg\/#breadcrumb","itemListElement":[{"@type":"ListItem","position":1,"name":"Dom\u016f","item":"https:\/\/www.idol.cz\/en\/"},{"@type":"ListItem","position":2,"name":"E-shop","item":"https:\/\/www.idol.cz\/en\/shop\/"},{"@type":"ListItem","position":3,"name":"Chemistry for hot tubs and swim spa pools","item":"https:\/\/www.idol.cz\/en\/kategorie-produktu\/chemistry-for-hot-tubs-and-swim-spa-pools\/"},{"@type":"ListItem","position":4,"name":"SPA CHLOR TABS 1kg"}]},{"@type":"WebSite","@id":"https:\/\/www.idol.cz\/en\/#website","url":"https:\/\/www.idol.cz\/en\/","name":"v\u00ed\u0159ivky venkovn\u00ed, swim spa, baz\u00e9ny","description":"Luxusn\u00ed \u010desk\u00e9 v\u00ed\u0159ivky a swim spa","publisher":{"@id":"https:\/\/www.idol.cz\/en\/#organization"},"potentialAction":[{"@type":"SearchAction","target":{"@type":"EntryPoint","urlTemplate":"https:\/\/www.idol.cz\/en\/?s={search_term_string}"},"query-input":{"@type":"PropertyValueSpecification","valueRequired":true,"valueName":"search_term_string"}}],"inLanguage":"en-US"},{"@type":"Organization","@id":"https:\/\/www.idol.cz\/en\/#organization","name":"IDOL SPAS, s.r.o.","url":"https:\/\/www.idol.cz\/en\/","logo":{"@type":"ImageObject","inLanguage":"en-US","@id":"https:\/\/www.idol.cz\/en\/#\/schema\/logo\/image\/","url":"https:\/\/www.idol.cz\/wp-content\/uploads\/2020\/02\/idol-spas-logo.png","contentUrl":"https:\/\/www.idol.cz\/wp-content\/uploads\/2020\/02\/idol-spas-logo.png","width":512,"height":206,"caption":"IDOL SPAS, s.r.o."},"image":{"@id":"https:\/\/www.idol.cz\/en\/#\/schema\/logo\/image\/"},"sameAs":["https:\/\/www.facebook.com\/IdolSpas\/"]}]}},"_links":{"self":[{"href":"https:\/\/www.idol.cz\/en\/wp-json\/wp\/v2\/product\/17239"}],"collection":[{"href":"https:\/\/www.idol.cz\/en\/wp-json\/wp\/v2\/product"}],"about":[{"href":"https:\/\/www.idol.cz\/en\/wp-json\/wp\/v2\/types\/product"}],"wp:featuredmedia":[{"embeddable":true,"href":"https:\/\/www.idol.cz\/en\/wp-json\/wp\/v2\/media\/17642"}],"wp:attachment":[{"href":"https:\/\/www.idol.cz\/en\/wp-json\/wp\/v2\/media?parent=17239"}],"wp:term":[{"taxonomy":"product_cat","embeddable":true,"href":"https:\/\/www.idol.cz\/en\/wp-json\/wp\/v2\/product_cat?post=17239"},{"taxonomy":"product_tag","embeddable":true,"href":"https:\/\/www.idol.cz\/en\/wp-json\/wp\/v2\/product_tag?post=17239"}],"curies":[{"name":"wp","href":"https:\/\/api.w.org\/{rel}","templated":true}]}}