{"id":18781,"date":"2021-01-22T09:23:36","date_gmt":"2021-09-21T16:04:14","guid":{"rendered":"https:\/\/www.idol.cz\/produkt\/uncategorized\/ph-plus-20l\/"},"modified":"2021-09-21T18:06:50","modified_gmt":"2021-09-21T16:06:50","slug":"ph-plus-20l","status":"publish","type":"product","link":"https:\/\/www.idol.cz\/en\/produkt\/chemistry-for-hot-tubs-and-swim-spa-pools\/aseko-chemistry\/ph-plus-20l\/","title":{"rendered":"pH Plus 20l"},"content":{"rendered":"\t\t<div data-elementor-type=\"product-post\" data-elementor-id=\"18781\" class=\"elementor elementor-18781 elementor-17044\" data-elementor-post-type=\"product\">\n\t\t\t\t\t\t<section class=\"ob-is-breaking-bad elementor-section elementor-top-section elementor-element elementor-element-67295668 elementor-section-boxed elementor-section-height-default elementor-section-height-default\" data-id=\"67295668\" data-element_type=\"section\" data-settings=\"{&quot;_ob_bbad_use_it&quot;:&quot;yes&quot;,&quot;_ob_bbad_sssic_use&quot;:&quot;no&quot;}\">\n\t\t\t\t\t\t<div class=\"elementor-container elementor-column-gap-default\">\n\t\t\t\t\t<div class=\"elementor-column elementor-col-100 elementor-top-column elementor-element elementor-element-1e3d91b7\" data-id=\"1e3d91b7\" data-element_type=\"column\" data-settings=\"{&quot;_ob_bbad_is_stalker&quot;:&quot;no&quot;,&quot;_ob_teleporter_use&quot;:false}\">\n\t\t\t<div class=\"elementor-widget-wrap elementor-element-populated\">\n\t\t\t\t\t\t<div class=\"elementor-element elementor-element-4047b2d9 ob-harakiri-inherit elementor-widget elementor-widget-text-editor\" data-id=\"4047b2d9\" data-element_type=\"widget\" data-settings=\"{&quot;_ob_use_harakiri&quot;:&quot;yes&quot;,&quot;_ob_harakiri_writing_mode&quot;:&quot;inherit&quot;,&quot;_ob_widget_stalker_use&quot;:&quot;no&quot;}\" data-widget_type=\"text-editor.default\">\n\t\t\t\t\t\t\t\t\t<h5 style=\"margin-top: 10px; margin-bottom: 0px; padding: 0px 0px 8px; border: 0px; font-variant-numeric: inherit; font-variant-east-asian: inherit; font-stretch: inherit; line-height: 1.1; font-family: Arimo, sans-serif; font-size: 14px; vertical-align: baseline; color: #767676; letter-spacing: normal; text-align: left;\"><a style=\"margin: 0px; padding: 0px; border: 0px; font-variant-numeric: normal; font-variant-east-asian: normal; font-stretch: normal; font-size: 20px; line-height: 32px; font-family: 'Exo 2', sans-serif; vertical-align: baseline; color: #2f2c2f;\" title=\"pH Minus 5l\" href=\"https:\/\/b2b.asekopool.com\/cs\/bazenova-chemie\/72-ph-minus-5l.html\"><span style=\"margin: 0px; padding: 0px; border: 0px; font-style: inherit; font-variant: inherit; font-weight: inherit; font-stretch: inherit; line-height: inherit; font-family: inherit; vertical-align: baseline;\">pH Plus 20l<\/span><\/a><\/h5>\n<p><span style=\"color: #767676; font-family: Arimo, sans-serif;\"><span style=\"font-size: 16px;\">PH-raising liquid. Suitable for pH maintenance in all types of pool, swim spa and hot tub.<\/span><\/span><\/p>\n\t\t\t\t\t\t\t\t<\/div>\n\t\t\t\t\t<\/div>\n\t\t<\/div>\n\t\t\t\t\t<\/div>\n\t\t<\/section>\n\t\t\t\t<\/div>\n\t\t","protected":false},"excerpt":{"rendered":"<p>pH Plus 20l PH-raising liquid. Suitable for pH maintenance in all types of pool, swim spa and hot tub.<\/p>\n","protected":false},"featured_media":17046,"template":"","meta":[],"product_cat":[268,278],"product_tag":[],"class_list":{"0":"post-18781","1":"product","2":"type-product","3":"status-publish","4":"has-post-thumbnail","6":"product_cat-chemistry-for-hot-tubs-and-swim-spa-pools","7":"product_cat-aseko-chemistry","9":"first","10":"instock","11":"taxable","12":"shipping-taxable","13":"purchasable","14":"product-type-simple"},"yoast_head":"<!-- This site is optimized with the Yoast SEO Premium plugin v24.9 (Yoast SEO v24.9) - https:\/\/yoast.com\/wordpress\/plugins\/seo\/ -->\n<title>pH Plus 20l outdoor whirlpools, swim spa, swimming pools<\/title>\n<meta name=\"description\" content=\"Ph plus for swim spa pools and 20 l hot tubs. Also suitable for Aseko automaton.\" \/>\n<meta name=\"robots\" content=\"index, follow, max-snippet:-1, max-image-preview:large, max-video-preview:-1\" \/>\n<link rel=\"canonical\" href=\"https:\/\/www.idol.cz\/en\/produkt\/chemistry-for-hot-tubs-and-swim-spa-pools\/aseko-chemistry\/ph-plus-20l\/\" \/>\n<meta property=\"og:locale\" content=\"en_US\" \/>\n<meta property=\"og:type\" content=\"article\" \/>\n<meta property=\"og:title\" content=\"pH Plus 20l\" \/>\n<meta property=\"og:description\" content=\"Ph plus for swim spa pools and 20 l hot tubs. Also suitable for Aseko automaton.\" \/>\n<meta property=\"og:url\" content=\"https:\/\/www.idol.cz\/en\/produkt\/chemistry-for-hot-tubs-and-swim-spa-pools\/aseko-chemistry\/ph-plus-20l\/\" \/>\n<meta property=\"og:site_name\" content=\"outdoor whirlpools, swim spa, swimming pools\" \/>\n<meta property=\"article:publisher\" content=\"https:\/\/www.facebook.com\/IdolSpas\/\" \/>\n<meta property=\"article:modified_time\" content=\"2021-09-21T16:06:50+00:00\" \/>\n<meta property=\"og:image\" content=\"https:\/\/www.idol.cz\/wp-content\/uploads\/2021\/01\/ph-plus-20l-ASEKO.jpg\" \/>\n\t<meta property=\"og:image:width\" content=\"265\" \/>\n\t<meta property=\"og:image:height\" content=\"265\" \/>\n\t<meta property=\"og:image:type\" content=\"image\/jpeg\" \/>\n<meta name=\"twitter:card\" content=\"summary_large_image\" \/>\n<script type=\"application\/ld+json\" class=\"yoast-schema-graph\">{\"@context\":\"https:\/\/schema.org\",\"@graph\":[{\"@type\":\"WebPage\",\"@id\":\"https:\/\/www.idol.cz\/en\/produkt\/chemistry-for-hot-tubs-and-swim-spa-pools\/aseko-chemistry\/ph-plus-20l\/\",\"url\":\"https:\/\/www.idol.cz\/en\/produkt\/chemistry-for-hot-tubs-and-swim-spa-pools\/aseko-chemistry\/ph-plus-20l\/\",\"name\":\"pH Plus 20l outdoor whirlpools, swim spa, swimming pools\",\"isPartOf\":{\"@id\":\"https:\/\/www.idol.cz\/en\/#website\"},\"primaryImageOfPage\":{\"@id\":\"https:\/\/www.idol.cz\/en\/produkt\/chemistry-for-hot-tubs-and-swim-spa-pools\/aseko-chemistry\/ph-plus-20l\/#primaryimage\"},\"image\":{\"@id\":\"https:\/\/www.idol.cz\/en\/produkt\/chemistry-for-hot-tubs-and-swim-spa-pools\/aseko-chemistry\/ph-plus-20l\/#primaryimage\"},\"thumbnailUrl\":\"https:\/\/www.idol.cz\/wp-content\/uploads\/2021\/01\/ph-plus-20l-ASEKO.jpg\",\"datePublished\":\"2021-09-21T16:04:14+00:00\",\"dateModified\":\"2021-09-21T16:06:50+00:00\",\"description\":\"Ph plus for swim spa pools and 20 l hot tubs. Also suitable for Aseko automaton.\",\"breadcrumb\":{\"@id\":\"https:\/\/www.idol.cz\/en\/produkt\/chemistry-for-hot-tubs-and-swim-spa-pools\/aseko-chemistry\/ph-plus-20l\/#breadcrumb\"},\"inLanguage\":\"en-US\",\"potentialAction\":[{\"@type\":\"ReadAction\",\"target\":[\"https:\/\/www.idol.cz\/en\/produkt\/chemistry-for-hot-tubs-and-swim-spa-pools\/aseko-chemistry\/ph-plus-20l\/\"]}]},{\"@type\":\"ImageObject\",\"inLanguage\":\"en-US\",\"@id\":\"https:\/\/www.idol.cz\/en\/produkt\/chemistry-for-hot-tubs-and-swim-spa-pools\/aseko-chemistry\/ph-plus-20l\/#primaryimage\",\"url\":\"https:\/\/www.idol.cz\/wp-content\/uploads\/2021\/01\/ph-plus-20l-ASEKO.jpg\",\"contentUrl\":\"https:\/\/www.idol.cz\/wp-content\/uploads\/2021\/01\/ph-plus-20l-ASEKO.jpg\",\"width\":265,\"height\":265,\"caption\":\"PH-raising liquid. Suitable for pH maintenance in all types of pool, swim spa and hot tub.\"},{\"@type\":\"BreadcrumbList\",\"@id\":\"https:\/\/www.idol.cz\/en\/produkt\/chemistry-for-hot-tubs-and-swim-spa-pools\/aseko-chemistry\/ph-plus-20l\/#breadcrumb\",\"itemListElement\":[{\"@type\":\"ListItem\",\"position\":1,\"name\":\"Dom\u016f\",\"item\":\"https:\/\/www.idol.cz\/en\/\"},{\"@type\":\"ListItem\",\"position\":2,\"name\":\"E-shop\",\"item\":\"https:\/\/www.idol.cz\/en\/shop\/\"},{\"@type\":\"ListItem\",\"position\":3,\"name\":\"E-shop\",\"item\":\"https:\/\/www.idol.cz\/kategorie-produktu\/e-shop\/\"},{\"@type\":\"ListItem\",\"position\":4,\"name\":\"Chemistry for hot tubs and swim spa pools\",\"item\":\"https:\/\/www.idol.cz\/en\/kategorie-produktu\/chemistry-for-hot-tubs-and-swim-spa-pools\/\"},{\"@type\":\"ListItem\",\"position\":5,\"name\":\"pH Plus 20l\"}]},{\"@type\":\"WebSite\",\"@id\":\"https:\/\/www.idol.cz\/en\/#website\",\"url\":\"https:\/\/www.idol.cz\/en\/\",\"name\":\"v\u00ed\u0159ivky venkovn\u00ed, swim spa, baz\u00e9ny\",\"description\":\"Luxusn\u00ed \u010desk\u00e9 v\u00ed\u0159ivky a swim spa\",\"publisher\":{\"@id\":\"https:\/\/www.idol.cz\/en\/#organization\"},\"potentialAction\":[{\"@type\":\"SearchAction\",\"target\":{\"@type\":\"EntryPoint\",\"urlTemplate\":\"https:\/\/www.idol.cz\/en\/?s={search_term_string}\"},\"query-input\":{\"@type\":\"PropertyValueSpecification\",\"valueRequired\":true,\"valueName\":\"search_term_string\"}}],\"inLanguage\":\"en-US\"},{\"@type\":\"Organization\",\"@id\":\"https:\/\/www.idol.cz\/en\/#organization\",\"name\":\"IDOL SPAS, s.r.o.\",\"url\":\"https:\/\/www.idol.cz\/en\/\",\"logo\":{\"@type\":\"ImageObject\",\"inLanguage\":\"en-US\",\"@id\":\"https:\/\/www.idol.cz\/en\/#\/schema\/logo\/image\/\",\"url\":\"https:\/\/www.idol.cz\/wp-content\/uploads\/2020\/02\/idol-spas-logo.png\",\"contentUrl\":\"https:\/\/www.idol.cz\/wp-content\/uploads\/2020\/02\/idol-spas-logo.png\",\"width\":512,\"height\":206,\"caption\":\"IDOL SPAS, s.r.o.\"},\"image\":{\"@id\":\"https:\/\/www.idol.cz\/en\/#\/schema\/logo\/image\/\"},\"sameAs\":[\"https:\/\/www.facebook.com\/IdolSpas\/\"]}]}<\/script>\n<!-- \/ Yoast SEO Premium plugin. -->","yoast_head_json":{"title":"pH Plus 20l outdoor whirlpools, swim spa, swimming pools","description":"Ph plus for swim spa pools and 20 l hot tubs. Also suitable for Aseko automaton.","robots":{"index":"index","follow":"follow","max-snippet":"max-snippet:-1","max-image-preview":"max-image-preview:large","max-video-preview":"max-video-preview:-1"},"canonical":"https:\/\/www.idol.cz\/en\/produkt\/chemistry-for-hot-tubs-and-swim-spa-pools\/aseko-chemistry\/ph-plus-20l\/","og_locale":"en_US","og_type":"article","og_title":"pH Plus 20l","og_description":"Ph plus for swim spa pools and 20 l hot tubs. Also suitable for Aseko automaton.","og_url":"https:\/\/www.idol.cz\/en\/produkt\/chemistry-for-hot-tubs-and-swim-spa-pools\/aseko-chemistry\/ph-plus-20l\/","og_site_name":"outdoor whirlpools, swim spa, swimming pools","article_publisher":"https:\/\/www.facebook.com\/IdolSpas\/","article_modified_time":"2021-09-21T16:06:50+00:00","og_image":[{"width":265,"height":265,"url":"https:\/\/www.idol.cz\/wp-content\/uploads\/2021\/01\/ph-plus-20l-ASEKO.jpg","type":"image\/jpeg"}],"twitter_card":"summary_large_image","schema":{"@context":"https:\/\/schema.org","@graph":[{"@type":"WebPage","@id":"https:\/\/www.idol.cz\/en\/produkt\/chemistry-for-hot-tubs-and-swim-spa-pools\/aseko-chemistry\/ph-plus-20l\/","url":"https:\/\/www.idol.cz\/en\/produkt\/chemistry-for-hot-tubs-and-swim-spa-pools\/aseko-chemistry\/ph-plus-20l\/","name":"pH Plus 20l outdoor whirlpools, swim spa, swimming pools","isPartOf":{"@id":"https:\/\/www.idol.cz\/en\/#website"},"primaryImageOfPage":{"@id":"https:\/\/www.idol.cz\/en\/produkt\/chemistry-for-hot-tubs-and-swim-spa-pools\/aseko-chemistry\/ph-plus-20l\/#primaryimage"},"image":{"@id":"https:\/\/www.idol.cz\/en\/produkt\/chemistry-for-hot-tubs-and-swim-spa-pools\/aseko-chemistry\/ph-plus-20l\/#primaryimage"},"thumbnailUrl":"https:\/\/www.idol.cz\/wp-content\/uploads\/2021\/01\/ph-plus-20l-ASEKO.jpg","datePublished":"2021-09-21T16:04:14+00:00","dateModified":"2021-09-21T16:06:50+00:00","description":"Ph plus for swim spa pools and 20 l hot tubs. Also suitable for Aseko automaton.","breadcrumb":{"@id":"https:\/\/www.idol.cz\/en\/produkt\/chemistry-for-hot-tubs-and-swim-spa-pools\/aseko-chemistry\/ph-plus-20l\/#breadcrumb"},"inLanguage":"en-US","potentialAction":[{"@type":"ReadAction","target":["https:\/\/www.idol.cz\/en\/produkt\/chemistry-for-hot-tubs-and-swim-spa-pools\/aseko-chemistry\/ph-plus-20l\/"]}]},{"@type":"ImageObject","inLanguage":"en-US","@id":"https:\/\/www.idol.cz\/en\/produkt\/chemistry-for-hot-tubs-and-swim-spa-pools\/aseko-chemistry\/ph-plus-20l\/#primaryimage","url":"https:\/\/www.idol.cz\/wp-content\/uploads\/2021\/01\/ph-plus-20l-ASEKO.jpg","contentUrl":"https:\/\/www.idol.cz\/wp-content\/uploads\/2021\/01\/ph-plus-20l-ASEKO.jpg","width":265,"height":265,"caption":"PH-raising liquid. Suitable for pH maintenance in all types of pool, swim spa and hot tub."},{"@type":"BreadcrumbList","@id":"https:\/\/www.idol.cz\/en\/produkt\/chemistry-for-hot-tubs-and-swim-spa-pools\/aseko-chemistry\/ph-plus-20l\/#breadcrumb","itemListElement":[{"@type":"ListItem","position":1,"name":"Dom\u016f","item":"https:\/\/www.idol.cz\/en\/"},{"@type":"ListItem","position":2,"name":"E-shop","item":"https:\/\/www.idol.cz\/en\/shop\/"},{"@type":"ListItem","position":3,"name":"E-shop","item":"https:\/\/www.idol.cz\/kategorie-produktu\/e-shop\/"},{"@type":"ListItem","position":4,"name":"Chemistry for hot tubs and swim spa pools","item":"https:\/\/www.idol.cz\/en\/kategorie-produktu\/chemistry-for-hot-tubs-and-swim-spa-pools\/"},{"@type":"ListItem","position":5,"name":"pH Plus 20l"}]},{"@type":"WebSite","@id":"https:\/\/www.idol.cz\/en\/#website","url":"https:\/\/www.idol.cz\/en\/","name":"v\u00ed\u0159ivky venkovn\u00ed, swim spa, baz\u00e9ny","description":"Luxusn\u00ed \u010desk\u00e9 v\u00ed\u0159ivky a swim spa","publisher":{"@id":"https:\/\/www.idol.cz\/en\/#organization"},"potentialAction":[{"@type":"SearchAction","target":{"@type":"EntryPoint","urlTemplate":"https:\/\/www.idol.cz\/en\/?s={search_term_string}"},"query-input":{"@type":"PropertyValueSpecification","valueRequired":true,"valueName":"search_term_string"}}],"inLanguage":"en-US"},{"@type":"Organization","@id":"https:\/\/www.idol.cz\/en\/#organization","name":"IDOL SPAS, s.r.o.","url":"https:\/\/www.idol.cz\/en\/","logo":{"@type":"ImageObject","inLanguage":"en-US","@id":"https:\/\/www.idol.cz\/en\/#\/schema\/logo\/image\/","url":"https:\/\/www.idol.cz\/wp-content\/uploads\/2020\/02\/idol-spas-logo.png","contentUrl":"https:\/\/www.idol.cz\/wp-content\/uploads\/2020\/02\/idol-spas-logo.png","width":512,"height":206,"caption":"IDOL SPAS, s.r.o."},"image":{"@id":"https:\/\/www.idol.cz\/en\/#\/schema\/logo\/image\/"},"sameAs":["https:\/\/www.facebook.com\/IdolSpas\/"]}]}},"_links":{"self":[{"href":"https:\/\/www.idol.cz\/en\/wp-json\/wp\/v2\/product\/18781"}],"collection":[{"href":"https:\/\/www.idol.cz\/en\/wp-json\/wp\/v2\/product"}],"about":[{"href":"https:\/\/www.idol.cz\/en\/wp-json\/wp\/v2\/types\/product"}],"wp:featuredmedia":[{"embeddable":true,"href":"https:\/\/www.idol.cz\/en\/wp-json\/wp\/v2\/media\/17046"}],"wp:attachment":[{"href":"https:\/\/www.idol.cz\/en\/wp-json\/wp\/v2\/media?parent=18781"}],"wp:term":[{"taxonomy":"product_cat","embeddable":true,"href":"https:\/\/www.idol.cz\/en\/wp-json\/wp\/v2\/product_cat?post=18781"},{"taxonomy":"product_tag","embeddable":true,"href":"https:\/\/www.idol.cz\/en\/wp-json\/wp\/v2\/product_tag?post=18781"}],"curies":[{"name":"wp","href":"https:\/\/api.w.org\/{rel}","templated":true}]}}