{"id":18815,"date":"2021-04-21T16:46:33","date_gmt":"2021-10-06T13:55:26","guid":{"rendered":"https:\/\/www.idol.cz\/produkt\/uncategorized\/laminate-filter-vienna-ii\/"},"modified":"2021-10-06T15:59:13","modified_gmt":"2021-10-06T13:59:13","slug":"laminate-filter-vienna-ii","status":"publish","type":"product","link":"https:\/\/www.idol.cz\/en\/produkt\/spa-filtration\/sand-filtration\/laminate-filter-vienna-ii\/","title":{"rendered":"Laminate Filter Vienna II"},"content":{"rendered":"\t\t<div data-elementor-type=\"product-post\" data-elementor-id=\"18815\" class=\"elementor elementor-18815 elementor-18548\" data-elementor-post-type=\"product\">\n\t\t\t\t\t\t<section class=\"ob-is-breaking-bad elementor-section elementor-top-section elementor-element elementor-element-51d23585 elementor-section-boxed elementor-section-height-default elementor-section-height-default\" data-id=\"51d23585\" data-element_type=\"section\" data-settings=\"{&quot;_ob_bbad_use_it&quot;:&quot;yes&quot;,&quot;_ob_bbad_sssic_use&quot;:&quot;no&quot;}\">\n\t\t\t\t\t\t<div class=\"elementor-container elementor-column-gap-default\">\n\t\t\t\t\t<div class=\"elementor-column elementor-col-100 elementor-top-column elementor-element elementor-element-53c333fb\" data-id=\"53c333fb\" data-element_type=\"column\" data-settings=\"{&quot;_ob_bbad_is_stalker&quot;:&quot;no&quot;,&quot;_ob_teleporter_use&quot;:false}\">\n\t\t\t<div class=\"elementor-widget-wrap elementor-element-populated\">\n\t\t\t\t\t\t<div class=\"elementor-element elementor-element-4b47dfb6 ob-harakiri-inherit elementor-widget elementor-widget-text-editor\" data-id=\"4b47dfb6\" data-element_type=\"widget\" data-settings=\"{&quot;_ob_use_harakiri&quot;:&quot;yes&quot;,&quot;_ob_harakiri_writing_mode&quot;:&quot;inherit&quot;,&quot;_ob_widget_stalker_use&quot;:&quot;no&quot;}\" data-widget_type=\"text-editor.default\">\n\t\t\t\t\t\t\t\t\t<h3 style=\"letter-spacing: normal; text-align: left;\">Technical data&nbsp;<\/h3>\n<ul>\n<li>Dimensions &nbsp; &nbsp; &nbsp; &nbsp; &nbsp; &nbsp; &nbsp; &nbsp; &nbsp; &nbsp; &nbsp; &nbsp; &nbsp; &nbsp; &nbsp; D400 mm<\/li>\n<li>Refill quantity &nbsp; &nbsp; &nbsp; &nbsp; &nbsp; &nbsp; &nbsp; &nbsp; 40 kg<\/li>\n<li style=\"padding-left: 16px; text-indent: -1em;\">Transparent lid &nbsp; &nbsp; &nbsp; &nbsp; &nbsp; &nbsp; &nbsp; &nbsp; &nbsp; D210 mm<\/li>\n<li style=\"padding-left: 16px; text-indent: -1em;\">Manufactured according to industry standards<\/li>\n<li style=\"padding-left: 16px; text-indent: -1em;\">UV-resistant<\/li>\n<\/ul>\n\t\t\t\t\t\t\t\t<\/div>\n\t\t\t\t\t<\/div>\n\t\t<\/div>\n\t\t\t\t\t<\/div>\n\t\t<\/section>\n\t\t\t\t<\/div>\n\t\t","protected":false},"excerpt":{"rendered":"<p>Sand filtration for hot tubs, swim spa and swimming pools. With a side six-way valve.<\/p>\n<p>Best choice for smaller hot tubs and pools. Thanks to the side valve, it does not reserve the filling and the filling changes slightly.<\/p>\n<p>It is recommended to use zeolite instead of classic sand or glass.<\/p>\n","protected":false},"featured_media":18551,"template":"","meta":[],"product_cat":[281,351],"product_tag":[],"class_list":{"0":"post-18815","1":"product","2":"type-product","3":"status-publish","4":"has-post-thumbnail","6":"product_cat-sand-filtration","7":"product_cat-spa-filtration","9":"first","10":"instock","11":"taxable","12":"shipping-taxable","13":"purchasable","14":"product-type-simple"},"yoast_head":"<!-- This site is optimized with the Yoast SEO Premium plugin v24.9 (Yoast SEO v24.9) - https:\/\/yoast.com\/wordpress\/plugins\/seo\/ -->\n<title>Laminate Filter Vienna II | sand filtration for pools, swim spas and hot tubs<\/title>\n<meta name=\"description\" content=\"Sand filtration for swim spa hot tubs and swimming pools. With a side valve.\" \/>\n<meta name=\"robots\" content=\"index, follow, max-snippet:-1, max-image-preview:large, max-video-preview:-1\" \/>\n<link rel=\"canonical\" href=\"https:\/\/www.idol.cz\/en\/produkt\/spa-filtration\/sand-filtration\/laminate-filter-vienna-ii\/\" \/>\n<meta property=\"og:locale\" content=\"en_US\" \/>\n<meta property=\"og:type\" content=\"article\" \/>\n<meta property=\"og:title\" content=\"Laminate Filter Vienna II\" \/>\n<meta property=\"og:description\" content=\"Sand filtration for swim spa hot tubs and swimming pools. With a side valve.\" \/>\n<meta property=\"og:url\" content=\"https:\/\/www.idol.cz\/en\/produkt\/spa-filtration\/sand-filtration\/laminate-filter-vienna-ii\/\" \/>\n<meta property=\"og:site_name\" content=\"outdoor whirlpools, swim spa, swimming pools\" \/>\n<meta property=\"article:publisher\" content=\"https:\/\/www.facebook.com\/IdolSpas\/\" \/>\n<meta property=\"article:modified_time\" content=\"2021-10-06T13:59:13+00:00\" \/>\n<meta property=\"og:image\" content=\"https:\/\/www.idol.cz\/wp-content\/uploads\/2021\/04\/Laminatovy-filtr-Vienna-II-400-e1703949434263.jpg\" \/>\n\t<meta property=\"og:image:width\" content=\"700\" \/>\n\t<meta property=\"og:image:height\" content=\"500\" \/>\n\t<meta property=\"og:image:type\" content=\"image\/jpeg\" \/>\n<meta name=\"twitter:card\" content=\"summary_large_image\" \/>\n<script type=\"application\/ld+json\" class=\"yoast-schema-graph\">{\"@context\":\"https:\/\/schema.org\",\"@graph\":[{\"@type\":\"WebPage\",\"@id\":\"https:\/\/www.idol.cz\/en\/produkt\/spa-filtration\/sand-filtration\/laminate-filter-vienna-ii\/\",\"url\":\"https:\/\/www.idol.cz\/en\/produkt\/spa-filtration\/sand-filtration\/laminate-filter-vienna-ii\/\",\"name\":\"Laminate Filter Vienna II | sand filtration for pools, swim spas and hot tubs\",\"isPartOf\":{\"@id\":\"\/#website\"},\"primaryImageOfPage\":{\"@id\":\"https:\/\/www.idol.cz\/en\/produkt\/spa-filtration\/sand-filtration\/laminate-filter-vienna-ii\/#primaryimage\"},\"image\":{\"@id\":\"https:\/\/www.idol.cz\/en\/produkt\/spa-filtration\/sand-filtration\/laminate-filter-vienna-ii\/#primaryimage\"},\"thumbnailUrl\":\"https:\/\/www.idol.cz\/wp-content\/uploads\/2021\/04\/Laminatovy-filtr-Vienna-II-400-e1703949434263.jpg\",\"datePublished\":\"2021-10-06T13:55:26+00:00\",\"dateModified\":\"2021-10-06T13:59:13+00:00\",\"description\":\"Sand filtration for swim spa hot tubs and swimming pools. With a side valve.\",\"breadcrumb\":{\"@id\":\"https:\/\/www.idol.cz\/en\/produkt\/spa-filtration\/sand-filtration\/laminate-filter-vienna-ii\/#breadcrumb\"},\"inLanguage\":\"en-US\",\"potentialAction\":[{\"@type\":\"ReadAction\",\"target\":[\"https:\/\/www.idol.cz\/en\/produkt\/spa-filtration\/sand-filtration\/laminate-filter-vienna-ii\/\"]}]},{\"@type\":\"ImageObject\",\"inLanguage\":\"en-US\",\"@id\":\"https:\/\/www.idol.cz\/en\/produkt\/spa-filtration\/sand-filtration\/laminate-filter-vienna-ii\/#primaryimage\",\"url\":\"https:\/\/www.idol.cz\/wp-content\/uploads\/2021\/04\/Laminatovy-filtr-Vienna-II-400-e1703949434263.jpg\",\"contentUrl\":\"https:\/\/www.idol.cz\/wp-content\/uploads\/2021\/04\/Laminatovy-filtr-Vienna-II-400-e1703949434263.jpg\",\"width\":700,\"height\":500,\"caption\":\"Vienna II laminate filter with six-way valve (manual)\"},{\"@type\":\"BreadcrumbList\",\"@id\":\"https:\/\/www.idol.cz\/en\/produkt\/spa-filtration\/sand-filtration\/laminate-filter-vienna-ii\/#breadcrumb\",\"itemListElement\":[{\"@type\":\"ListItem\",\"position\":1,\"name\":\"Dom\u016f\",\"item\":\"https:\/\/www.idol.cz\/en\/\"},{\"@type\":\"ListItem\",\"position\":2,\"name\":\"Spa filtration\",\"item\":\"https:\/\/www.idol.cz\/en\/kategorie-produktu\/spa-filtration\/\"},{\"@type\":\"ListItem\",\"position\":3,\"name\":\"Sand filtration\",\"item\":\"https:\/\/www.idol.cz\/en\/kategorie-produktu\/spa-filtration\/sand-filtration\/\"},{\"@type\":\"ListItem\",\"position\":4,\"name\":\"Laminate Filter Vienna II\"}]},{\"@type\":\"WebSite\",\"@id\":\"\/#website\",\"url\":\"\/\",\"name\":\"v\u00ed\u0159ivky venkovn\u00ed, swim spa, baz\u00e9ny\",\"description\":\"Luxusn\u00ed \u010desk\u00e9 v\u00ed\u0159ivky a swim spa\",\"publisher\":{\"@id\":\"\/#organization\"},\"potentialAction\":[{\"@type\":\"SearchAction\",\"target\":{\"@type\":\"EntryPoint\",\"urlTemplate\":\"\/?s={search_term_string}\"},\"query-input\":{\"@type\":\"PropertyValueSpecification\",\"valueRequired\":true,\"valueName\":\"search_term_string\"}}],\"inLanguage\":\"en-US\"},{\"@type\":\"Organization\",\"@id\":\"\/#organization\",\"name\":\"IDOL SPAS, s.r.o.\",\"url\":\"\/\",\"logo\":{\"@type\":\"ImageObject\",\"inLanguage\":\"en-US\",\"@id\":\"\/#\/schema\/logo\/image\/\",\"url\":\"https:\/\/www.idol.cz\/wp-content\/uploads\/2020\/02\/idol-spas-logo.png\",\"contentUrl\":\"https:\/\/www.idol.cz\/wp-content\/uploads\/2020\/02\/idol-spas-logo.png\",\"width\":512,\"height\":206,\"caption\":\"IDOL SPAS, s.r.o.\"},\"image\":{\"@id\":\"\/#\/schema\/logo\/image\/\"},\"sameAs\":[\"https:\/\/www.facebook.com\/IdolSpas\/\"]}]}<\/script>\n<!-- \/ Yoast SEO Premium plugin. -->","yoast_head_json":{"title":"Laminate Filter Vienna II | sand filtration for pools, swim spas and hot tubs","description":"Sand filtration for swim spa hot tubs and swimming pools. With a side valve.","robots":{"index":"index","follow":"follow","max-snippet":"max-snippet:-1","max-image-preview":"max-image-preview:large","max-video-preview":"max-video-preview:-1"},"canonical":"https:\/\/www.idol.cz\/en\/produkt\/spa-filtration\/sand-filtration\/laminate-filter-vienna-ii\/","og_locale":"en_US","og_type":"article","og_title":"Laminate Filter Vienna II","og_description":"Sand filtration for swim spa hot tubs and swimming pools. With a side valve.","og_url":"https:\/\/www.idol.cz\/en\/produkt\/spa-filtration\/sand-filtration\/laminate-filter-vienna-ii\/","og_site_name":"outdoor whirlpools, swim spa, swimming pools","article_publisher":"https:\/\/www.facebook.com\/IdolSpas\/","article_modified_time":"2021-10-06T13:59:13+00:00","og_image":[{"width":700,"height":500,"url":"https:\/\/www.idol.cz\/wp-content\/uploads\/2021\/04\/Laminatovy-filtr-Vienna-II-400-e1703949434263.jpg","type":"image\/jpeg"}],"twitter_card":"summary_large_image","schema":{"@context":"https:\/\/schema.org","@graph":[{"@type":"WebPage","@id":"https:\/\/www.idol.cz\/en\/produkt\/spa-filtration\/sand-filtration\/laminate-filter-vienna-ii\/","url":"https:\/\/www.idol.cz\/en\/produkt\/spa-filtration\/sand-filtration\/laminate-filter-vienna-ii\/","name":"Laminate Filter Vienna II | sand filtration for pools, swim spas and hot tubs","isPartOf":{"@id":"\/#website"},"primaryImageOfPage":{"@id":"https:\/\/www.idol.cz\/en\/produkt\/spa-filtration\/sand-filtration\/laminate-filter-vienna-ii\/#primaryimage"},"image":{"@id":"https:\/\/www.idol.cz\/en\/produkt\/spa-filtration\/sand-filtration\/laminate-filter-vienna-ii\/#primaryimage"},"thumbnailUrl":"https:\/\/www.idol.cz\/wp-content\/uploads\/2021\/04\/Laminatovy-filtr-Vienna-II-400-e1703949434263.jpg","datePublished":"2021-10-06T13:55:26+00:00","dateModified":"2021-10-06T13:59:13+00:00","description":"Sand filtration for swim spa hot tubs and swimming pools. With a side valve.","breadcrumb":{"@id":"https:\/\/www.idol.cz\/en\/produkt\/spa-filtration\/sand-filtration\/laminate-filter-vienna-ii\/#breadcrumb"},"inLanguage":"en-US","potentialAction":[{"@type":"ReadAction","target":["https:\/\/www.idol.cz\/en\/produkt\/spa-filtration\/sand-filtration\/laminate-filter-vienna-ii\/"]}]},{"@type":"ImageObject","inLanguage":"en-US","@id":"https:\/\/www.idol.cz\/en\/produkt\/spa-filtration\/sand-filtration\/laminate-filter-vienna-ii\/#primaryimage","url":"https:\/\/www.idol.cz\/wp-content\/uploads\/2021\/04\/Laminatovy-filtr-Vienna-II-400-e1703949434263.jpg","contentUrl":"https:\/\/www.idol.cz\/wp-content\/uploads\/2021\/04\/Laminatovy-filtr-Vienna-II-400-e1703949434263.jpg","width":700,"height":500,"caption":"Vienna II laminate filter with six-way valve (manual)"},{"@type":"BreadcrumbList","@id":"https:\/\/www.idol.cz\/en\/produkt\/spa-filtration\/sand-filtration\/laminate-filter-vienna-ii\/#breadcrumb","itemListElement":[{"@type":"ListItem","position":1,"name":"Dom\u016f","item":"https:\/\/www.idol.cz\/en\/"},{"@type":"ListItem","position":2,"name":"Spa filtration","item":"https:\/\/www.idol.cz\/en\/kategorie-produktu\/spa-filtration\/"},{"@type":"ListItem","position":3,"name":"Sand filtration","item":"https:\/\/www.idol.cz\/en\/kategorie-produktu\/spa-filtration\/sand-filtration\/"},{"@type":"ListItem","position":4,"name":"Laminate Filter Vienna II"}]},{"@type":"WebSite","@id":"\/#website","url":"\/","name":"v\u00ed\u0159ivky venkovn\u00ed, swim spa, baz\u00e9ny","description":"Luxusn\u00ed \u010desk\u00e9 v\u00ed\u0159ivky a swim spa","publisher":{"@id":"\/#organization"},"potentialAction":[{"@type":"SearchAction","target":{"@type":"EntryPoint","urlTemplate":"\/?s={search_term_string}"},"query-input":{"@type":"PropertyValueSpecification","valueRequired":true,"valueName":"search_term_string"}}],"inLanguage":"en-US"},{"@type":"Organization","@id":"\/#organization","name":"IDOL SPAS, s.r.o.","url":"\/","logo":{"@type":"ImageObject","inLanguage":"en-US","@id":"\/#\/schema\/logo\/image\/","url":"https:\/\/www.idol.cz\/wp-content\/uploads\/2020\/02\/idol-spas-logo.png","contentUrl":"https:\/\/www.idol.cz\/wp-content\/uploads\/2020\/02\/idol-spas-logo.png","width":512,"height":206,"caption":"IDOL SPAS, s.r.o."},"image":{"@id":"\/#\/schema\/logo\/image\/"},"sameAs":["https:\/\/www.facebook.com\/IdolSpas\/"]}]}},"_links":{"self":[{"href":"https:\/\/www.idol.cz\/en\/wp-json\/wp\/v2\/product\/18815"}],"collection":[{"href":"https:\/\/www.idol.cz\/en\/wp-json\/wp\/v2\/product"}],"about":[{"href":"https:\/\/www.idol.cz\/en\/wp-json\/wp\/v2\/types\/product"}],"wp:featuredmedia":[{"embeddable":true,"href":"https:\/\/www.idol.cz\/en\/wp-json\/wp\/v2\/media\/18551"}],"wp:attachment":[{"href":"https:\/\/www.idol.cz\/en\/wp-json\/wp\/v2\/media?parent=18815"}],"wp:term":[{"taxonomy":"product_cat","embeddable":true,"href":"https:\/\/www.idol.cz\/en\/wp-json\/wp\/v2\/product_cat?post=18815"},{"taxonomy":"product_tag","embeddable":true,"href":"https:\/\/www.idol.cz\/en\/wp-json\/wp\/v2\/product_tag?post=18815"}],"curies":[{"name":"wp","href":"https:\/\/api.w.org\/{rel}","templated":true}]}}