{"id":20159,"date":"2022-06-04T15:06:50","date_gmt":"2022-09-10T12:16:17","guid":{"rendered":"https:\/\/www.idol.cz\/produkt\/uncategorized\/heat-pump-for-whirlpools-swim-spa-pools-rapid-inverter-x-8-8kw\/"},"modified":"2022-09-10T14:16:17","modified_gmt":"2022-09-10T12:16:17","slug":"teplelne-cerpadlo-pro-virivky-swim-spa-bazeny-rapid-inverter-x-88-2","status":"publish","type":"product","link":"https:\/\/www.idol.cz\/en\/produkt\/heat-pumps\/teplelne-cerpadlo-pro-virivky-swim-spa-bazeny-rapid-inverter-x-88-2\/","title":{"rendered":"Heat pump for whirlpools, swim spa pools. Rapid Inverter-x 8.8kw"},"content":{"rendered":"<p class=\"discounts\">Inverter heat pump for whirlpools and swim spa pools.<\/p>\n<p class=\"discounts\">Color: Black &#8211; Aluminum ; Digital Display: Yes; Heat output: 8.8kW; Cooling: Yes; Cooling power: 4.5kW; Recommended pool volume: 20-40 m3; Connection: 50 mm; Defrosting: Yes; Rated power: 0.18-1.53 kW; Used refrigerant: R32 ; Voltage: 230V; Efficiency: up to 15.6 C.O.P.<\/p>\n<p>The Rapid Inver-X is equipped with an inverter compressor and a fan motor, thanks to which the power consumption and speed of the fan is continuously regulated by electronics according to current needs. The great advantage of this system is faster heating and maintaining a constant water temperature, eliminating &#8220;cold starts&#8221;, which affect the service life of both the heat pump components and the load on electrical energy. C.O.P. up to 16.5 under ideal conditions is not a business trick, but is documented by the T\u00dcV Rheinland certificate<\/p>\n<p>By combining &#8220;Full-Inverter&#8221; technology with new improved components, better heat exchange and better air circulation have been achieved. The new chassis, innovative evaporator and stripped compressor ensure the ability to instantly increase heating output by 20% without increasing noise and energy consumption.<\/p>\n<p><strong>Three smart modes:<\/strong><\/p>\n<ul>\n<li>Boost: 120% performance \u2013 thanks to TurboSilence technology<\/li>\n<li>Smart<\/li>\n<li>Silence<\/li>\n<\/ul>\n<p>When the Rapid Inver-X runs at medium or low speed to maintain the temperature of the whirlpool, swim spa pool, the compressor noise is extremely low and, depending on the size of the swim spa pool, it has a COP efficiency of up to 15.5 (at an air temperature of 26\u00b0C, water of 26\u00b0C and air humidity of 80%)<\/p>\n<p><strong>Built-in Wi-Fi module<\/strong><\/p>\n<p><strong>Cooling power:<\/strong> 4.5 kW<\/p>\n<table border=\"1\" width=\"350\" cellspacing=\"0\" cellpadding=\"0\">\n<colgroup>\n<col>\n<col><\/colgroup>\n<tbody>\n<tr>\n<td height=\"20\">Power: Air 26\u00b0C, Water 26\u00b0C, Humidity 80%<\/td>\n<td><\/td>\n<\/tr>\n<tr>\n<td height=\"20\"><strong>Thermal output <\/strong>(Smart mode)<\/td>\n<td>8.8 kW<\/td>\n<\/tr>\n<tr>\n<td height=\"20\"><strong>Heat output<\/strong> (Booster mode)<\/td>\n<td>10.5 kW<\/td>\n<\/tr>\n<tr>\n<td height=\"20\"><strong>Braid<\/strong><\/td>\n<td>15,6-7,3<\/td>\n<\/tr>\n<tr>\n<td height=\"21\"><strong>COP<\/strong> (50% of power capacity)<\/td>\n<td>11,8<\/td>\n<\/tr>\n<\/tbody>\n<\/table>\n<hr>\n<table border=\"1\" width=\"350\" cellspacing=\"0\" cellpadding=\"0\">\n<colgroup>\n<col>\n<col><\/colgroup>\n<tbody>\n<tr>\n<td height=\"21\">Power: Air 15\u00b0C, Water 26\u00b0C, Humidity 70%<\/td>\n<td><\/td>\n<\/tr>\n<tr>\n<td height=\"20\"><strong>Thermal output <\/strong>(Smart mode)<\/td>\n<td>6.3 kW<\/td>\n<\/tr>\n<tr>\n<td height=\"20\"><strong>Heat output<\/strong> (Booster mode)<\/td>\n<td>7.5 kW<\/td>\n<\/tr>\n<tr>\n<td height=\"20\"><strong>Braid<\/strong><\/td>\n<td>7.1~4.9<\/td>\n<\/tr>\n<tr>\n<td height=\"20\"><strong>COP<\/strong> (50% of power capacity)<\/td>\n<td>6,7<\/td>\n<\/tr>\n<\/tbody>\n<\/table>\n<p>&nbsp;<\/p>\n<h2>Technical parameters<\/h2>\n<table id=\"techparams\" class=\"webproduct_ltext_table\">\n<tbody>\n<tr>\n<th>Product Type:<\/th>\n<td>Inverter heat pump for whirlpools and swim spa pools<\/td>\n<\/tr>\n<tr>\n<th>Color:<\/th>\n<td>Black &#8211; Aluminum<\/td>\n<\/tr>\n<tr>\n<th>Digital display:<\/th>\n<td>Yes<\/td>\n<\/tr>\n<tr>\n<th>Heat output:<\/th>\n<td>8.8 kW<\/td>\n<\/tr>\n<tr>\n<th>Cooling:<\/th>\n<td>Yes<\/td>\n<\/tr>\n<tr>\n<th>Cooling performance:<\/th>\n<td>4.5 kW<\/td>\n<\/tr>\n<tr>\n<th>Recommended pool volume:<\/th>\n<td>20-40 m3<\/td>\n<\/tr>\n<tr>\n<th>Connection:<\/th>\n<td>50 mm<\/td>\n<\/tr>\n<tr>\n<th>Defrosting:<\/th>\n<td>Yes<\/td>\n<\/tr>\n<tr>\n<th>Rated power:<\/th>\n<td>0.18-1.53 kW<\/td>\n<\/tr>\n<tr>\n<th>Refrigerant used:<\/th>\n<td>R32<\/td>\n<\/tr>\n<tr>\n<th>Tension:<\/th>\n<td>230 V<\/td>\n<\/tr>\n<tr>\n<th>Effectiveness:<\/th>\n<td>up to 15,6 C.O.P.<\/td>\n<\/tr>\n<tr>\n<th>Body material:<\/th>\n<td>Aluminium<\/td>\n<\/tr>\n<tr>\n<th>For salt water up to 5 g\/l (&lt;0.5%):<\/th>\n<td>Yes<\/td>\n<\/tr>\n<tr>\n<th>Net\/transport weight kg:<\/th>\n<td>59 kg<\/td>\n<\/tr>\n<tr>\n<th>Net dimensions of the unit (w\/l\/h):<\/th>\n<td>799x432x650 mm<\/td>\n<\/tr>\n<tr>\n<th>Operating temperature:<\/th>\n<td>&#8211; 15 to 43 \u00b0C<\/td>\n<\/tr>\n<tr>\n<th>Flow monitoring:<\/th>\n<td>Yes<\/td>\n<\/tr>\n<tr>\n<th>Spiral material:<\/th>\n<td>Titanium<\/td>\n<\/tr>\n<tr>\n<th>Energy saving:<\/th>\n<td>Yes<\/td>\n<\/tr>\n<tr>\n<th>Rated current:<\/th>\n<td>0.78-6.65 A<\/td>\n<\/tr>\n<tr>\n<th>Heat exchanger:<\/th>\n<td>Plastic<\/td>\n<\/tr>\n<tr>\n<th>Recommended water flow:<\/th>\n<td>2-4 m3\/h<\/td>\n<\/tr>\n<\/tbody>\n<\/table>\n<p>&nbsp;<\/p>\n","protected":false},"excerpt":{"rendered":"<p>Inverter heat pump for whirlpools and swim spa pools. Color: Black &#8211; Aluminum ; Digital Display: Yes; Heat output: 8.8kW; Cooling: Yes; Cooling power: 4.5kW; Recommended pool volume: 20-40 m3; Connection: 50 mm; Defrosting: Yes; Rated power: 0.18-1.53 kW; Used refrigerant: R32 ; Voltage: 230V; Efficiency: up to 15.6 C.O.P. The Rapid Inver-X is equipped [&hellip;]<\/p>\n","protected":false},"featured_media":19479,"template":"","meta":[],"product_cat":[315],"product_tag":[],"class_list":{"0":"post-20159","1":"product","2":"type-product","3":"status-publish","4":"has-post-thumbnail","6":"product_cat-heat-pumps","8":"first","9":"instock","10":"taxable","11":"shipping-taxable","12":"purchasable","13":"product-type-simple"},"yoast_head":"<!-- This site is optimized with the Yoast SEO Premium plugin v24.9 (Yoast SEO v24.9) - https:\/\/yoast.com\/wordpress\/plugins\/seo\/ -->\n<title>Heat pump for whirlpools, swim spa pools. Rapid Inverter-x 8.8kw | outdoor whirlpools, swim spa, swimming pools<\/title>\n<meta name=\"description\" content=\"Heat pump for whirlpools and swim spa pools. Energy saving.\" \/>\n<meta name=\"robots\" content=\"index, follow, max-snippet:-1, max-image-preview:large, max-video-preview:-1\" \/>\n<link rel=\"canonical\" href=\"https:\/\/www.idol.cz\/en\/produkt\/heat-pumps\/teplelne-cerpadlo-pro-virivky-swim-spa-bazeny-rapid-inverter-x-88-2\/\" \/>\n<meta property=\"og:locale\" content=\"en_US\" \/>\n<meta property=\"og:type\" content=\"article\" \/>\n<meta property=\"og:title\" content=\"Heat pump for whirlpools, swim spa pools. Rapid Inverter-x 8.8kw\" \/>\n<meta property=\"og:description\" content=\"Heat pump for whirlpools and swim spa pools. Energy saving.\" \/>\n<meta property=\"og:url\" content=\"https:\/\/www.idol.cz\/en\/produkt\/heat-pumps\/teplelne-cerpadlo-pro-virivky-swim-spa-bazeny-rapid-inverter-x-88-2\/\" \/>\n<meta property=\"og:site_name\" content=\"outdoor whirlpools, swim spa, swimming pools\" \/>\n<meta property=\"article:publisher\" content=\"https:\/\/www.facebook.com\/IdolSpas\/\" \/>\n<meta property=\"og:image\" content=\"https:\/\/www.idol.cz\/wp-content\/uploads\/2022\/06\/InverX-new-88.jpeg\" \/>\n\t<meta property=\"og:image:width\" content=\"1236\" \/>\n\t<meta property=\"og:image:height\" content=\"1024\" \/>\n\t<meta property=\"og:image:type\" content=\"image\/jpeg\" \/>\n<meta name=\"twitter:card\" content=\"summary_large_image\" \/>\n<meta name=\"twitter:label1\" content=\"Est. reading time\" \/>\n\t<meta name=\"twitter:data1\" content=\"2 minutes\" \/>\n<script type=\"application\/ld+json\" class=\"yoast-schema-graph\">{\"@context\":\"https:\/\/schema.org\",\"@graph\":[{\"@type\":\"WebPage\",\"@id\":\"https:\/\/www.idol.cz\/en\/produkt\/heat-pumps\/teplelne-cerpadlo-pro-virivky-swim-spa-bazeny-rapid-inverter-x-88-2\/\",\"url\":\"https:\/\/www.idol.cz\/en\/produkt\/heat-pumps\/teplelne-cerpadlo-pro-virivky-swim-spa-bazeny-rapid-inverter-x-88-2\/\",\"name\":\"Heat pump for whirlpools, swim spa pools. Rapid Inverter-x 8.8kw | outdoor whirlpools, swim spa, swimming pools\",\"isPartOf\":{\"@id\":\"https:\/\/www.idol.cz\/en\/#website\"},\"primaryImageOfPage\":{\"@id\":\"https:\/\/www.idol.cz\/en\/produkt\/heat-pumps\/teplelne-cerpadlo-pro-virivky-swim-spa-bazeny-rapid-inverter-x-88-2\/#primaryimage\"},\"image\":{\"@id\":\"https:\/\/www.idol.cz\/en\/produkt\/heat-pumps\/teplelne-cerpadlo-pro-virivky-swim-spa-bazeny-rapid-inverter-x-88-2\/#primaryimage\"},\"thumbnailUrl\":\"https:\/\/www.idol.cz\/wp-content\/uploads\/2022\/06\/InverX-new-88.jpeg\",\"datePublished\":\"2022-09-10T12:16:17+00:00\",\"description\":\"Heat pump for whirlpools and swim spa pools. Energy saving.\",\"breadcrumb\":{\"@id\":\"https:\/\/www.idol.cz\/en\/produkt\/heat-pumps\/teplelne-cerpadlo-pro-virivky-swim-spa-bazeny-rapid-inverter-x-88-2\/#breadcrumb\"},\"inLanguage\":\"en-US\",\"potentialAction\":[{\"@type\":\"ReadAction\",\"target\":[\"https:\/\/www.idol.cz\/en\/produkt\/heat-pumps\/teplelne-cerpadlo-pro-virivky-swim-spa-bazeny-rapid-inverter-x-88-2\/\"]}]},{\"@type\":\"ImageObject\",\"inLanguage\":\"en-US\",\"@id\":\"https:\/\/www.idol.cz\/en\/produkt\/heat-pumps\/teplelne-cerpadlo-pro-virivky-swim-spa-bazeny-rapid-inverter-x-88-2\/#primaryimage\",\"url\":\"https:\/\/www.idol.cz\/wp-content\/uploads\/2022\/06\/InverX-new-88.jpeg\",\"contentUrl\":\"https:\/\/www.idol.cz\/wp-content\/uploads\/2022\/06\/InverX-new-88.jpeg\",\"width\":1236,\"height\":1024,\"caption\":\"whirlpool heat pump, penguin swim spa pools\"},{\"@type\":\"BreadcrumbList\",\"@id\":\"https:\/\/www.idol.cz\/en\/produkt\/heat-pumps\/teplelne-cerpadlo-pro-virivky-swim-spa-bazeny-rapid-inverter-x-88-2\/#breadcrumb\",\"itemListElement\":[{\"@type\":\"ListItem\",\"position\":1,\"name\":\"Dom\u016f\",\"item\":\"https:\/\/www.idol.cz\/en\/\"},{\"@type\":\"ListItem\",\"position\":2,\"name\":\"E-shop\",\"item\":\"https:\/\/www.idol.cz\/en\/shop\/\"},{\"@type\":\"ListItem\",\"position\":3,\"name\":\"E-shop\",\"item\":\"https:\/\/www.idol.cz\/kategorie-produktu\/e-shop\/\"},{\"@type\":\"ListItem\",\"position\":4,\"name\":\"P\u0159\u00edslu\u0161enstv\u00ed k v\u00ed\u0159ivk\u00e1m a baz\u00e9n\u016fm.\",\"item\":\"https:\/\/www.idol.cz\/kategorie-produktu\/e-shop\/prislusenstvi-k-virivkam-a-bazenum\/\"},{\"@type\":\"ListItem\",\"position\":5,\"name\":\"Heat pumps\",\"item\":\"https:\/\/www.idol.cz\/en\/kategorie-produktu\/heat-pumps\/\"},{\"@type\":\"ListItem\",\"position\":6,\"name\":\"Heat pump for whirlpools, swim spa pools. Rapid Inverter-x 8.8kw\"}]},{\"@type\":\"WebSite\",\"@id\":\"https:\/\/www.idol.cz\/en\/#website\",\"url\":\"https:\/\/www.idol.cz\/en\/\",\"name\":\"v\u00ed\u0159ivky venkovn\u00ed, swim spa, baz\u00e9ny\",\"description\":\"Luxusn\u00ed \u010desk\u00e9 v\u00ed\u0159ivky a swim spa\",\"publisher\":{\"@id\":\"https:\/\/www.idol.cz\/en\/#organization\"},\"potentialAction\":[{\"@type\":\"SearchAction\",\"target\":{\"@type\":\"EntryPoint\",\"urlTemplate\":\"https:\/\/www.idol.cz\/en\/?s={search_term_string}\"},\"query-input\":{\"@type\":\"PropertyValueSpecification\",\"valueRequired\":true,\"valueName\":\"search_term_string\"}}],\"inLanguage\":\"en-US\"},{\"@type\":\"Organization\",\"@id\":\"https:\/\/www.idol.cz\/en\/#organization\",\"name\":\"IDOL SPAS, s.r.o.\",\"url\":\"https:\/\/www.idol.cz\/en\/\",\"logo\":{\"@type\":\"ImageObject\",\"inLanguage\":\"en-US\",\"@id\":\"https:\/\/www.idol.cz\/en\/#\/schema\/logo\/image\/\",\"url\":\"https:\/\/www.idol.cz\/wp-content\/uploads\/2020\/02\/idol-spas-logo.png\",\"contentUrl\":\"https:\/\/www.idol.cz\/wp-content\/uploads\/2020\/02\/idol-spas-logo.png\",\"width\":512,\"height\":206,\"caption\":\"IDOL SPAS, s.r.o.\"},\"image\":{\"@id\":\"https:\/\/www.idol.cz\/en\/#\/schema\/logo\/image\/\"},\"sameAs\":[\"https:\/\/www.facebook.com\/IdolSpas\/\"]}]}<\/script>\n<!-- \/ Yoast SEO Premium plugin. -->","yoast_head_json":{"title":"Heat pump for whirlpools, swim spa pools. Rapid Inverter-x 8.8kw | outdoor whirlpools, swim spa, swimming pools","description":"Heat pump for whirlpools and swim spa pools. Energy saving.","robots":{"index":"index","follow":"follow","max-snippet":"max-snippet:-1","max-image-preview":"max-image-preview:large","max-video-preview":"max-video-preview:-1"},"canonical":"https:\/\/www.idol.cz\/en\/produkt\/heat-pumps\/teplelne-cerpadlo-pro-virivky-swim-spa-bazeny-rapid-inverter-x-88-2\/","og_locale":"en_US","og_type":"article","og_title":"Heat pump for whirlpools, swim spa pools. Rapid Inverter-x 8.8kw","og_description":"Heat pump for whirlpools and swim spa pools. Energy saving.","og_url":"https:\/\/www.idol.cz\/en\/produkt\/heat-pumps\/teplelne-cerpadlo-pro-virivky-swim-spa-bazeny-rapid-inverter-x-88-2\/","og_site_name":"outdoor whirlpools, swim spa, swimming pools","article_publisher":"https:\/\/www.facebook.com\/IdolSpas\/","og_image":[{"width":1236,"height":1024,"url":"https:\/\/www.idol.cz\/wp-content\/uploads\/2022\/06\/InverX-new-88.jpeg","type":"image\/jpeg"}],"twitter_card":"summary_large_image","twitter_misc":{"Est. reading time":"2 minutes"},"schema":{"@context":"https:\/\/schema.org","@graph":[{"@type":"WebPage","@id":"https:\/\/www.idol.cz\/en\/produkt\/heat-pumps\/teplelne-cerpadlo-pro-virivky-swim-spa-bazeny-rapid-inverter-x-88-2\/","url":"https:\/\/www.idol.cz\/en\/produkt\/heat-pumps\/teplelne-cerpadlo-pro-virivky-swim-spa-bazeny-rapid-inverter-x-88-2\/","name":"Heat pump for whirlpools, swim spa pools. Rapid Inverter-x 8.8kw | outdoor whirlpools, swim spa, swimming pools","isPartOf":{"@id":"https:\/\/www.idol.cz\/en\/#website"},"primaryImageOfPage":{"@id":"https:\/\/www.idol.cz\/en\/produkt\/heat-pumps\/teplelne-cerpadlo-pro-virivky-swim-spa-bazeny-rapid-inverter-x-88-2\/#primaryimage"},"image":{"@id":"https:\/\/www.idol.cz\/en\/produkt\/heat-pumps\/teplelne-cerpadlo-pro-virivky-swim-spa-bazeny-rapid-inverter-x-88-2\/#primaryimage"},"thumbnailUrl":"https:\/\/www.idol.cz\/wp-content\/uploads\/2022\/06\/InverX-new-88.jpeg","datePublished":"2022-09-10T12:16:17+00:00","description":"Heat pump for whirlpools and swim spa pools. Energy saving.","breadcrumb":{"@id":"https:\/\/www.idol.cz\/en\/produkt\/heat-pumps\/teplelne-cerpadlo-pro-virivky-swim-spa-bazeny-rapid-inverter-x-88-2\/#breadcrumb"},"inLanguage":"en-US","potentialAction":[{"@type":"ReadAction","target":["https:\/\/www.idol.cz\/en\/produkt\/heat-pumps\/teplelne-cerpadlo-pro-virivky-swim-spa-bazeny-rapid-inverter-x-88-2\/"]}]},{"@type":"ImageObject","inLanguage":"en-US","@id":"https:\/\/www.idol.cz\/en\/produkt\/heat-pumps\/teplelne-cerpadlo-pro-virivky-swim-spa-bazeny-rapid-inverter-x-88-2\/#primaryimage","url":"https:\/\/www.idol.cz\/wp-content\/uploads\/2022\/06\/InverX-new-88.jpeg","contentUrl":"https:\/\/www.idol.cz\/wp-content\/uploads\/2022\/06\/InverX-new-88.jpeg","width":1236,"height":1024,"caption":"whirlpool heat pump, penguin swim spa pools"},{"@type":"BreadcrumbList","@id":"https:\/\/www.idol.cz\/en\/produkt\/heat-pumps\/teplelne-cerpadlo-pro-virivky-swim-spa-bazeny-rapid-inverter-x-88-2\/#breadcrumb","itemListElement":[{"@type":"ListItem","position":1,"name":"Dom\u016f","item":"https:\/\/www.idol.cz\/en\/"},{"@type":"ListItem","position":2,"name":"E-shop","item":"https:\/\/www.idol.cz\/en\/shop\/"},{"@type":"ListItem","position":3,"name":"E-shop","item":"https:\/\/www.idol.cz\/kategorie-produktu\/e-shop\/"},{"@type":"ListItem","position":4,"name":"P\u0159\u00edslu\u0161enstv\u00ed k v\u00ed\u0159ivk\u00e1m a baz\u00e9n\u016fm.","item":"https:\/\/www.idol.cz\/kategorie-produktu\/e-shop\/prislusenstvi-k-virivkam-a-bazenum\/"},{"@type":"ListItem","position":5,"name":"Heat pumps","item":"https:\/\/www.idol.cz\/en\/kategorie-produktu\/heat-pumps\/"},{"@type":"ListItem","position":6,"name":"Heat pump for whirlpools, swim spa pools. Rapid Inverter-x 8.8kw"}]},{"@type":"WebSite","@id":"https:\/\/www.idol.cz\/en\/#website","url":"https:\/\/www.idol.cz\/en\/","name":"v\u00ed\u0159ivky venkovn\u00ed, swim spa, baz\u00e9ny","description":"Luxusn\u00ed \u010desk\u00e9 v\u00ed\u0159ivky a swim spa","publisher":{"@id":"https:\/\/www.idol.cz\/en\/#organization"},"potentialAction":[{"@type":"SearchAction","target":{"@type":"EntryPoint","urlTemplate":"https:\/\/www.idol.cz\/en\/?s={search_term_string}"},"query-input":{"@type":"PropertyValueSpecification","valueRequired":true,"valueName":"search_term_string"}}],"inLanguage":"en-US"},{"@type":"Organization","@id":"https:\/\/www.idol.cz\/en\/#organization","name":"IDOL SPAS, s.r.o.","url":"https:\/\/www.idol.cz\/en\/","logo":{"@type":"ImageObject","inLanguage":"en-US","@id":"https:\/\/www.idol.cz\/en\/#\/schema\/logo\/image\/","url":"https:\/\/www.idol.cz\/wp-content\/uploads\/2020\/02\/idol-spas-logo.png","contentUrl":"https:\/\/www.idol.cz\/wp-content\/uploads\/2020\/02\/idol-spas-logo.png","width":512,"height":206,"caption":"IDOL SPAS, s.r.o."},"image":{"@id":"https:\/\/www.idol.cz\/en\/#\/schema\/logo\/image\/"},"sameAs":["https:\/\/www.facebook.com\/IdolSpas\/"]}]}},"_links":{"self":[{"href":"https:\/\/www.idol.cz\/en\/wp-json\/wp\/v2\/product\/20159"}],"collection":[{"href":"https:\/\/www.idol.cz\/en\/wp-json\/wp\/v2\/product"}],"about":[{"href":"https:\/\/www.idol.cz\/en\/wp-json\/wp\/v2\/types\/product"}],"wp:featuredmedia":[{"embeddable":true,"href":"https:\/\/www.idol.cz\/en\/wp-json\/wp\/v2\/media\/19479"}],"wp:attachment":[{"href":"https:\/\/www.idol.cz\/en\/wp-json\/wp\/v2\/media?parent=20159"}],"wp:term":[{"taxonomy":"product_cat","embeddable":true,"href":"https:\/\/www.idol.cz\/en\/wp-json\/wp\/v2\/product_cat?post=20159"},{"taxonomy":"product_tag","embeddable":true,"href":"https:\/\/www.idol.cz\/en\/wp-json\/wp\/v2\/product_tag?post=20159"}],"curies":[{"name":"wp","href":"https:\/\/api.w.org\/{rel}","templated":true}]}}