{"id":20206,"date":"2022-06-04T14:09:23","date_gmt":"2022-09-10T12:32:32","guid":{"rendered":"https:\/\/www.idol.cz\/produkt\/uncategorized\/heat-pump-for-whirlpools-swim-spa-pools-norm-mini-cube-3-5-kw\/"},"modified":"2022-09-10T14:32:32","modified_gmt":"2022-09-10T12:32:32","slug":"teplelne-cerpadlo-pro-virivky-swim-spa-bazeny-norm-mini-cube-35-kw-2","status":"publish","type":"product","link":"https:\/\/www.idol.cz\/en\/produkt\/spas-hot-tubs\/other-hot-tub-options\/teplelne-cerpadlo-pro-virivky-swim-spa-bazeny-norm-mini-cube-35-kw-2\/","title":{"rendered":"Heat pump for whirlpools, swim spa pools. Norm mini cube 3.5 kw"},"content":{"rendered":"<p><strong>Heat pump for whirlpools, swim spa pools NORM MINI CUBE<\/strong><\/p>\n<p>With its compact dimensions and performance, the Norm MINI CUBE is suitable for use in small private pools or whirlpools whirlpools and swim spa pools.<br \/>\nIt can be remotely controlled by smartphone (Bluetooth) using the &#8220;AQUA TEMP&#8221; app<\/p>\n<ul>\n<li>C.O.P. up to 4,9<\/li>\n<li>Heat pump can be controlled via Bluetooth<\/li>\n<li>Operating temperature: +10 to +43 \u00b0C<\/li>\n<li>Inosculation:\n<ul>\n<li>Hose mandrel 32\/38 mm<\/li>\n<li>Fittings 32-50 mm<\/li>\n<\/ul>\n<\/li>\n<li>For small whirlpools, swim spa pools and whirlpools<\/li>\n<\/ul>\n<p>&nbsp;<\/p>\n<h2>Technical parameters<\/h2>\n<table id=\"techparams\" class=\"webproduct_ltext_table\">\n<tbody>\n<tr>\n<th>Product Type:<\/th>\n<td>Heat pump for whirlpools and swim spa pools.<\/td>\n<\/tr>\n<tr>\n<th>Color:<\/th>\n<td>Dark grey<\/td>\n<\/tr>\n<tr>\n<th>Heat output:<\/th>\n<td>3.5 kW<\/td>\n<\/tr>\n<tr>\n<th>Cooling:<\/th>\n<td>No<\/td>\n<\/tr>\n<tr>\n<th>Recommended pool volume:<\/th>\n<td>Max. 15 m3<\/td>\n<\/tr>\n<tr>\n<th>Connection:<\/th>\n<td>32\/38 mm<\/td>\n<\/tr>\n<tr>\n<th>Refrigerant used:<\/th>\n<td>R32<\/td>\n<\/tr>\n<tr>\n<th>Tension:<\/th>\n<td>230 V<\/td>\n<\/tr>\n<tr>\n<th>Effectiveness:<\/th>\n<td>4.9 C.O.P.<\/td>\n<\/tr>\n<tr>\n<th>Net\/transport weight kg:<\/th>\n<td>23 kg<\/td>\n<\/tr>\n<tr>\n<th>Net dimensions of the unit (w\/l\/h):<\/th>\n<td>400 x 400 x 420 mm<\/td>\n<\/tr>\n<tr>\n<th>Wattage:<\/th>\n<td>0.72 kW<\/td>\n<\/tr>\n<tr>\n<th>Noise:<\/th>\n<td>46 dB<\/td>\n<\/tr>\n<tr>\n<th>Operating temperature:<\/th>\n<td>+10 to +43 \u00b0C<\/td>\n<\/tr>\n<tr>\n<th>Performance:<\/th>\n<td>3.5 kW<\/td>\n<\/tr>\n<tr>\n<th>Recommended water flow:<\/th>\n<td>1.5 m3\/h<\/td>\n<\/tr>\n<tr>\n<th>Digital control panel:<\/th>\n<td>Yes<\/td>\n<\/tr>\n<\/tbody>\n<\/table>\n<p>&nbsp;<\/p>\n<h2>Logistics<\/h2>\n<table id=\"logistika\" class=\"webproduct_ltext_table\">\n<tbody>\n<tr>\n<th>Weight:<\/th>\n<td>31 kg<\/td>\n<\/tr>\n<tr>\n<th>In skup. packaging:<\/th>\n<td>1<\/td>\n<\/tr>\n<tr>\n<th>On the pallet:<\/th>\n<td>0<\/td>\n<\/tr>\n<\/tbody>\n<\/table>\n","protected":false},"excerpt":{"rendered":"<p>Heat pump for whirlpools, swim spa pools NORM MINI CUBE With its compact dimensions and performance, the Norm MINI CUBE is suitable for use in small private pools or whirlpools whirlpools and swim spa pools. It can be remotely controlled by smartphone (Bluetooth) using the &#8220;AQUA TEMP&#8221; app C.O.P. up to 4,9 Heat pump can [&hellip;]<\/p>\n","protected":false},"featured_media":19402,"template":"","meta":[],"product_cat":[315,148],"product_tag":[],"class_list":{"0":"post-20206","1":"product","2":"type-product","3":"status-publish","4":"has-post-thumbnail","6":"product_cat-heat-pumps","7":"product_cat-other-hot-tub-options","9":"first","10":"instock","11":"taxable","12":"shipping-taxable","13":"purchasable","14":"product-type-simple"},"yoast_head":"<!-- This site is optimized with the Yoast SEO Premium plugin v24.9 (Yoast SEO v24.9) - https:\/\/yoast.com\/wordpress\/plugins\/seo\/ -->\n<title>Heat pump for whirlpools, swim spa pools. Norm mini cube 3.5 kw | outdoor whirlpools, swim spa, swimming pools<\/title>\n<meta name=\"robots\" content=\"index, follow, max-snippet:-1, max-image-preview:large, max-video-preview:-1\" \/>\n<link rel=\"canonical\" href=\"https:\/\/www.idol.cz\/en\/produkt\/spas-hot-tubs\/other-hot-tub-options\/teplelne-cerpadlo-pro-virivky-swim-spa-bazeny-norm-mini-cube-35-kw-2\/\" \/>\n<meta property=\"og:locale\" content=\"en_US\" \/>\n<meta property=\"og:type\" content=\"article\" \/>\n<meta property=\"og:title\" content=\"Heat pump for whirlpools, swim spa pools. Norm mini cube 3.5 kw\" \/>\n<meta property=\"og:description\" content=\"Heat pump for whirlpools, swim spa pools NORM MINI CUBE With its compact dimensions and performance, the Norm MINI CUBE is suitable for use in small private pools or whirlpools whirlpools and swim spa pools. It can be remotely controlled by smartphone (Bluetooth) using the &#8220;AQUA TEMP&#8221; app C.O.P. up to 4,9 Heat pump can [&hellip;]\" \/>\n<meta property=\"og:url\" content=\"https:\/\/www.idol.cz\/en\/produkt\/spas-hot-tubs\/other-hot-tub-options\/teplelne-cerpadlo-pro-virivky-swim-spa-bazeny-norm-mini-cube-35-kw-2\/\" \/>\n<meta property=\"og:site_name\" content=\"outdoor whirlpools, swim spa, swimming pools\" \/>\n<meta property=\"article:publisher\" content=\"https:\/\/www.facebook.com\/IdolSpas\/\" \/>\n<meta property=\"og:image\" content=\"https:\/\/www.idol.cz\/wp-content\/uploads\/2022\/06\/tepelne-cerpadlo-virivky-bazeny-swim-spa.jpeg\" \/>\n\t<meta property=\"og:image:width\" content=\"805\" \/>\n\t<meta property=\"og:image:height\" content=\"691\" \/>\n\t<meta property=\"og:image:type\" content=\"image\/jpeg\" \/>\n<meta name=\"twitter:card\" content=\"summary_large_image\" \/>\n<meta name=\"twitter:label1\" content=\"Est. reading time\" \/>\n\t<meta name=\"twitter:data1\" content=\"1 minute\" \/>\n<script type=\"application\/ld+json\" class=\"yoast-schema-graph\">{\"@context\":\"https:\/\/schema.org\",\"@graph\":[{\"@type\":\"WebPage\",\"@id\":\"https:\/\/www.idol.cz\/en\/produkt\/spas-hot-tubs\/other-hot-tub-options\/teplelne-cerpadlo-pro-virivky-swim-spa-bazeny-norm-mini-cube-35-kw-2\/\",\"url\":\"https:\/\/www.idol.cz\/en\/produkt\/spas-hot-tubs\/other-hot-tub-options\/teplelne-cerpadlo-pro-virivky-swim-spa-bazeny-norm-mini-cube-35-kw-2\/\",\"name\":\"Heat pump for whirlpools, swim spa pools. Norm mini cube 3.5 kw | outdoor whirlpools, swim spa, swimming pools\",\"isPartOf\":{\"@id\":\"https:\/\/www.idol.cz\/en\/#website\"},\"primaryImageOfPage\":{\"@id\":\"https:\/\/www.idol.cz\/en\/produkt\/spas-hot-tubs\/other-hot-tub-options\/teplelne-cerpadlo-pro-virivky-swim-spa-bazeny-norm-mini-cube-35-kw-2\/#primaryimage\"},\"image\":{\"@id\":\"https:\/\/www.idol.cz\/en\/produkt\/spas-hot-tubs\/other-hot-tub-options\/teplelne-cerpadlo-pro-virivky-swim-spa-bazeny-norm-mini-cube-35-kw-2\/#primaryimage\"},\"thumbnailUrl\":\"https:\/\/www.idol.cz\/wp-content\/uploads\/2022\/06\/tepelne-cerpadlo-virivky-bazeny-swim-spa.jpeg\",\"datePublished\":\"2022-09-10T12:32:32+00:00\",\"breadcrumb\":{\"@id\":\"https:\/\/www.idol.cz\/en\/produkt\/spas-hot-tubs\/other-hot-tub-options\/teplelne-cerpadlo-pro-virivky-swim-spa-bazeny-norm-mini-cube-35-kw-2\/#breadcrumb\"},\"inLanguage\":\"en-US\",\"potentialAction\":[{\"@type\":\"ReadAction\",\"target\":[\"https:\/\/www.idol.cz\/en\/produkt\/spas-hot-tubs\/other-hot-tub-options\/teplelne-cerpadlo-pro-virivky-swim-spa-bazeny-norm-mini-cube-35-kw-2\/\"]}]},{\"@type\":\"ImageObject\",\"inLanguage\":\"en-US\",\"@id\":\"https:\/\/www.idol.cz\/en\/produkt\/spas-hot-tubs\/other-hot-tub-options\/teplelne-cerpadlo-pro-virivky-swim-spa-bazeny-norm-mini-cube-35-kw-2\/#primaryimage\",\"url\":\"https:\/\/www.idol.cz\/wp-content\/uploads\/2022\/06\/tepelne-cerpadlo-virivky-bazeny-swim-spa.jpeg\",\"contentUrl\":\"https:\/\/www.idol.cz\/wp-content\/uploads\/2022\/06\/tepelne-cerpadlo-virivky-bazeny-swim-spa.jpeg\",\"width\":805,\"height\":691,\"caption\":\"whirlpool heat pump, swim spa pools\"},{\"@type\":\"BreadcrumbList\",\"@id\":\"https:\/\/www.idol.cz\/en\/produkt\/spas-hot-tubs\/other-hot-tub-options\/teplelne-cerpadlo-pro-virivky-swim-spa-bazeny-norm-mini-cube-35-kw-2\/#breadcrumb\",\"itemListElement\":[{\"@type\":\"ListItem\",\"position\":1,\"name\":\"Dom\u016f\",\"item\":\"https:\/\/www.idol.cz\/en\/\"},{\"@type\":\"ListItem\",\"position\":2,\"name\":\"E-shop\",\"item\":\"https:\/\/www.idol.cz\/en\/shop\/\"},{\"@type\":\"ListItem\",\"position\":3,\"name\":\"E-shop\",\"item\":\"https:\/\/www.idol.cz\/kategorie-produktu\/e-shop\/\"},{\"@type\":\"ListItem\",\"position\":4,\"name\":\"P\u0159\u00edslu\u0161enstv\u00ed k v\u00ed\u0159ivk\u00e1m a baz\u00e9n\u016fm.\",\"item\":\"https:\/\/www.idol.cz\/kategorie-produktu\/e-shop\/prislusenstvi-k-virivkam-a-bazenum\/\"},{\"@type\":\"ListItem\",\"position\":5,\"name\":\"Heat pumps\",\"item\":\"https:\/\/www.idol.cz\/en\/kategorie-produktu\/heat-pumps\/\"},{\"@type\":\"ListItem\",\"position\":6,\"name\":\"Heat pump for whirlpools, swim spa pools. Norm mini cube 3.5 kw\"}]},{\"@type\":\"WebSite\",\"@id\":\"https:\/\/www.idol.cz\/en\/#website\",\"url\":\"https:\/\/www.idol.cz\/en\/\",\"name\":\"v\u00ed\u0159ivky venkovn\u00ed, swim spa, baz\u00e9ny\",\"description\":\"Luxusn\u00ed \u010desk\u00e9 v\u00ed\u0159ivky a swim spa\",\"publisher\":{\"@id\":\"https:\/\/www.idol.cz\/en\/#organization\"},\"potentialAction\":[{\"@type\":\"SearchAction\",\"target\":{\"@type\":\"EntryPoint\",\"urlTemplate\":\"https:\/\/www.idol.cz\/en\/?s={search_term_string}\"},\"query-input\":{\"@type\":\"PropertyValueSpecification\",\"valueRequired\":true,\"valueName\":\"search_term_string\"}}],\"inLanguage\":\"en-US\"},{\"@type\":\"Organization\",\"@id\":\"https:\/\/www.idol.cz\/en\/#organization\",\"name\":\"IDOL SPAS, s.r.o.\",\"url\":\"https:\/\/www.idol.cz\/en\/\",\"logo\":{\"@type\":\"ImageObject\",\"inLanguage\":\"en-US\",\"@id\":\"https:\/\/www.idol.cz\/en\/#\/schema\/logo\/image\/\",\"url\":\"https:\/\/www.idol.cz\/wp-content\/uploads\/2020\/02\/idol-spas-logo.png\",\"contentUrl\":\"https:\/\/www.idol.cz\/wp-content\/uploads\/2020\/02\/idol-spas-logo.png\",\"width\":512,\"height\":206,\"caption\":\"IDOL SPAS, s.r.o.\"},\"image\":{\"@id\":\"https:\/\/www.idol.cz\/en\/#\/schema\/logo\/image\/\"},\"sameAs\":[\"https:\/\/www.facebook.com\/IdolSpas\/\"]}]}<\/script>\n<!-- \/ Yoast SEO Premium plugin. -->","yoast_head_json":{"title":"Heat pump for whirlpools, swim spa pools. Norm mini cube 3.5 kw | outdoor whirlpools, swim spa, swimming pools","robots":{"index":"index","follow":"follow","max-snippet":"max-snippet:-1","max-image-preview":"max-image-preview:large","max-video-preview":"max-video-preview:-1"},"canonical":"https:\/\/www.idol.cz\/en\/produkt\/spas-hot-tubs\/other-hot-tub-options\/teplelne-cerpadlo-pro-virivky-swim-spa-bazeny-norm-mini-cube-35-kw-2\/","og_locale":"en_US","og_type":"article","og_title":"Heat pump for whirlpools, swim spa pools. Norm mini cube 3.5 kw","og_description":"Heat pump for whirlpools, swim spa pools NORM MINI CUBE With its compact dimensions and performance, the Norm MINI CUBE is suitable for use in small private pools or whirlpools whirlpools and swim spa pools. It can be remotely controlled by smartphone (Bluetooth) using the &#8220;AQUA TEMP&#8221; app C.O.P. up to 4,9 Heat pump can [&hellip;]","og_url":"https:\/\/www.idol.cz\/en\/produkt\/spas-hot-tubs\/other-hot-tub-options\/teplelne-cerpadlo-pro-virivky-swim-spa-bazeny-norm-mini-cube-35-kw-2\/","og_site_name":"outdoor whirlpools, swim spa, swimming pools","article_publisher":"https:\/\/www.facebook.com\/IdolSpas\/","og_image":[{"width":805,"height":691,"url":"https:\/\/www.idol.cz\/wp-content\/uploads\/2022\/06\/tepelne-cerpadlo-virivky-bazeny-swim-spa.jpeg","type":"image\/jpeg"}],"twitter_card":"summary_large_image","twitter_misc":{"Est. reading time":"1 minute"},"schema":{"@context":"https:\/\/schema.org","@graph":[{"@type":"WebPage","@id":"https:\/\/www.idol.cz\/en\/produkt\/spas-hot-tubs\/other-hot-tub-options\/teplelne-cerpadlo-pro-virivky-swim-spa-bazeny-norm-mini-cube-35-kw-2\/","url":"https:\/\/www.idol.cz\/en\/produkt\/spas-hot-tubs\/other-hot-tub-options\/teplelne-cerpadlo-pro-virivky-swim-spa-bazeny-norm-mini-cube-35-kw-2\/","name":"Heat pump for whirlpools, swim spa pools. Norm mini cube 3.5 kw | outdoor whirlpools, swim spa, swimming pools","isPartOf":{"@id":"https:\/\/www.idol.cz\/en\/#website"},"primaryImageOfPage":{"@id":"https:\/\/www.idol.cz\/en\/produkt\/spas-hot-tubs\/other-hot-tub-options\/teplelne-cerpadlo-pro-virivky-swim-spa-bazeny-norm-mini-cube-35-kw-2\/#primaryimage"},"image":{"@id":"https:\/\/www.idol.cz\/en\/produkt\/spas-hot-tubs\/other-hot-tub-options\/teplelne-cerpadlo-pro-virivky-swim-spa-bazeny-norm-mini-cube-35-kw-2\/#primaryimage"},"thumbnailUrl":"https:\/\/www.idol.cz\/wp-content\/uploads\/2022\/06\/tepelne-cerpadlo-virivky-bazeny-swim-spa.jpeg","datePublished":"2022-09-10T12:32:32+00:00","breadcrumb":{"@id":"https:\/\/www.idol.cz\/en\/produkt\/spas-hot-tubs\/other-hot-tub-options\/teplelne-cerpadlo-pro-virivky-swim-spa-bazeny-norm-mini-cube-35-kw-2\/#breadcrumb"},"inLanguage":"en-US","potentialAction":[{"@type":"ReadAction","target":["https:\/\/www.idol.cz\/en\/produkt\/spas-hot-tubs\/other-hot-tub-options\/teplelne-cerpadlo-pro-virivky-swim-spa-bazeny-norm-mini-cube-35-kw-2\/"]}]},{"@type":"ImageObject","inLanguage":"en-US","@id":"https:\/\/www.idol.cz\/en\/produkt\/spas-hot-tubs\/other-hot-tub-options\/teplelne-cerpadlo-pro-virivky-swim-spa-bazeny-norm-mini-cube-35-kw-2\/#primaryimage","url":"https:\/\/www.idol.cz\/wp-content\/uploads\/2022\/06\/tepelne-cerpadlo-virivky-bazeny-swim-spa.jpeg","contentUrl":"https:\/\/www.idol.cz\/wp-content\/uploads\/2022\/06\/tepelne-cerpadlo-virivky-bazeny-swim-spa.jpeg","width":805,"height":691,"caption":"whirlpool heat pump, swim spa pools"},{"@type":"BreadcrumbList","@id":"https:\/\/www.idol.cz\/en\/produkt\/spas-hot-tubs\/other-hot-tub-options\/teplelne-cerpadlo-pro-virivky-swim-spa-bazeny-norm-mini-cube-35-kw-2\/#breadcrumb","itemListElement":[{"@type":"ListItem","position":1,"name":"Dom\u016f","item":"https:\/\/www.idol.cz\/en\/"},{"@type":"ListItem","position":2,"name":"E-shop","item":"https:\/\/www.idol.cz\/en\/shop\/"},{"@type":"ListItem","position":3,"name":"E-shop","item":"https:\/\/www.idol.cz\/kategorie-produktu\/e-shop\/"},{"@type":"ListItem","position":4,"name":"P\u0159\u00edslu\u0161enstv\u00ed k v\u00ed\u0159ivk\u00e1m a baz\u00e9n\u016fm.","item":"https:\/\/www.idol.cz\/kategorie-produktu\/e-shop\/prislusenstvi-k-virivkam-a-bazenum\/"},{"@type":"ListItem","position":5,"name":"Heat pumps","item":"https:\/\/www.idol.cz\/en\/kategorie-produktu\/heat-pumps\/"},{"@type":"ListItem","position":6,"name":"Heat pump for whirlpools, swim spa pools. Norm mini cube 3.5 kw"}]},{"@type":"WebSite","@id":"https:\/\/www.idol.cz\/en\/#website","url":"https:\/\/www.idol.cz\/en\/","name":"v\u00ed\u0159ivky venkovn\u00ed, swim spa, baz\u00e9ny","description":"Luxusn\u00ed \u010desk\u00e9 v\u00ed\u0159ivky a swim spa","publisher":{"@id":"https:\/\/www.idol.cz\/en\/#organization"},"potentialAction":[{"@type":"SearchAction","target":{"@type":"EntryPoint","urlTemplate":"https:\/\/www.idol.cz\/en\/?s={search_term_string}"},"query-input":{"@type":"PropertyValueSpecification","valueRequired":true,"valueName":"search_term_string"}}],"inLanguage":"en-US"},{"@type":"Organization","@id":"https:\/\/www.idol.cz\/en\/#organization","name":"IDOL SPAS, s.r.o.","url":"https:\/\/www.idol.cz\/en\/","logo":{"@type":"ImageObject","inLanguage":"en-US","@id":"https:\/\/www.idol.cz\/en\/#\/schema\/logo\/image\/","url":"https:\/\/www.idol.cz\/wp-content\/uploads\/2020\/02\/idol-spas-logo.png","contentUrl":"https:\/\/www.idol.cz\/wp-content\/uploads\/2020\/02\/idol-spas-logo.png","width":512,"height":206,"caption":"IDOL SPAS, s.r.o."},"image":{"@id":"https:\/\/www.idol.cz\/en\/#\/schema\/logo\/image\/"},"sameAs":["https:\/\/www.facebook.com\/IdolSpas\/"]}]}},"_links":{"self":[{"href":"https:\/\/www.idol.cz\/en\/wp-json\/wp\/v2\/product\/20206"}],"collection":[{"href":"https:\/\/www.idol.cz\/en\/wp-json\/wp\/v2\/product"}],"about":[{"href":"https:\/\/www.idol.cz\/en\/wp-json\/wp\/v2\/types\/product"}],"wp:featuredmedia":[{"embeddable":true,"href":"https:\/\/www.idol.cz\/en\/wp-json\/wp\/v2\/media\/19402"}],"wp:attachment":[{"href":"https:\/\/www.idol.cz\/en\/wp-json\/wp\/v2\/media?parent=20206"}],"wp:term":[{"taxonomy":"product_cat","embeddable":true,"href":"https:\/\/www.idol.cz\/en\/wp-json\/wp\/v2\/product_cat?post=20206"},{"taxonomy":"product_tag","embeddable":true,"href":"https:\/\/www.idol.cz\/en\/wp-json\/wp\/v2\/product_tag?post=20206"}],"curies":[{"name":"wp","href":"https:\/\/api.w.org\/{rel}","templated":true}]}}