{"id":35450,"date":"2024-01-25T13:39:16","date_gmt":"2024-01-25T12:39:16","guid":{"rendered":"https:\/\/www.idol.cz\/?post_type=product&#038;p=35450"},"modified":"2025-06-03T21:44:04","modified_gmt":"2025-06-03T19:44:04","slug":"ovladaci-panel-balboa-spatouch-3","status":"publish","type":"product","link":"https:\/\/www.idol.cz\/en\/produkt\/e-shop\/nahradni-dily-na-virivky-a-swim-spa-bazeny-idol-spas\/ovladaci-panel-balboa-spatouch-3\/","title":{"rendered":"Ovl\u00e1dac\u00ed panel Balboa SpaTouch 3"},"content":{"rendered":"<p><strong>Nov\u00fd dotykov\u00fd ovl\u00e1dac\u00ed panel v\u00ed\u0159ivky a swim spa SpaTouch3\u2122<\/strong><\/p>\n<p>Va\u0161e auto, mobil, tablet, mikrovlnn\u00e1 trouba j\u00ed maj\u00ed! T\u00e9m\u011b\u0159 v\u0161echny nov\u00e9 elektronick\u00e9 p\u0159\u00edstroje j\u00ed vlastn\u00ed. Nyn\u00ed s Balboa SpaTouch budete m\u00edt dotykovou obrazovku i na sv\u00e9 v\u00ed\u0159ivce! Kompatibiln\u00ed s \u0159\u00eddic\u00edmi syst\u00e9my Balboa \u0159ady BP. SpaTouch3 pou\u017e\u00edv\u00e1 modern\u00ed technologie, kter\u00e9 kombinuje s vysoce kvalitn\u00edmi materi\u00e1ly.<\/p>\n<p><strong>Typ p\u0159ipojen\u00ed:<\/strong>\u00a0Mate n Lok (4 pin)<\/p>\n<p data-empty=\"true\"><strong>Ovl\u00e1d\u00e1n\u00ed:\u00a0<\/strong>Dotykov\u00e1 obrazovka<\/p>\n<p><strong>Podrobnosti ovl\u00e1dac\u00edho panelu<\/strong><\/p>\n<p>\u0158ada SpaTouch3 obsahuje je\u0161t\u011b ergonomi\u010dt\u011bj\u0161\u00ed a jednodu\u0161\u0161\u00ed rozhran\u00ed ne\u017e jeho p\u0159edch\u016fdci, stejn\u011b tak i v\u011bt\u0161\u00ed obrazovku s \u00a05&#8243; \u00fahlop\u0159\u00ed\u010dkou displeje.<\/p>\n<ul>\n<li>Dynamick\u00e9 zobrazen\u00ed, a\u017e 2x jasn\u011bj\u0161\u00ed ne\u017e SpaTouch2<\/li>\n<li>Absolutn\u011b nepropustn\u00fd pro vn\u011bj\u0161\u00ed podm\u00ednky okoln\u00edho prost\u0159ed\u00ed, jako je st\u0159\u00edkaj\u00edc\u00ed voda nebo zne\u010di\u0161t\u011bn\u00ed<\/li>\n<li>Nov\u00e9 menu je v\u011bt\u0161\u00ed a jasn\u011bj\u0161\u00ed<\/li>\n<li>Dotykov\u00fd displej obsahuje nejnov\u011bj\u0161\u00ed dotykovou technologii s kapacitn\u00edm dotykem<\/li>\n<li>Dechberouc\u00ed jas a prvot\u0159\u00eddn\u00ed v\u011brn\u00e9 zobrazen\u00ed barev TrueColor<\/li>\n<\/ul>\n","protected":false},"excerpt":{"rendered":"<p>Nov\u00fd dotykov\u00fd ovl\u00e1dac\u00ed panel v\u00ed\u0159ivky a swim spa SpaTouch3\u2122 Va\u0161e auto, mobil, tablet, mikrovlnn\u00e1 trouba j\u00ed maj\u00ed! T\u00e9m\u011b\u0159 v\u0161echny nov\u00e9 elektronick\u00e9 p\u0159\u00edstroje j\u00ed vlastn\u00ed. Nyn\u00ed s Balboa SpaTouch budete m\u00edt dotykovou obrazovku i na sv\u00e9 v\u00ed\u0159ivce! Kompatibiln\u00ed s \u0159\u00eddic\u00edmi syst\u00e9my Balboa \u0159ady BP. SpaTouch3 pou\u017e\u00edv\u00e1 modern\u00ed technologie, kter\u00e9 kombinuje s vysoce kvalitn\u00edmi materi\u00e1ly. Typ p\u0159ipojen\u00ed:\u00a0Mate [&hellip;]<\/p>\n","protected":false},"featured_media":36693,"template":"","meta":[],"product_cat":[153],"product_tag":[],"class_list":{"0":"post-35450","1":"product","2":"type-product","3":"status-publish","4":"has-post-thumbnail","6":"product_cat-nahradni-dily-na-virivky-a-swim-spa-bazeny-idol-spas","8":"first","9":"instock","10":"taxable","11":"shipping-taxable","12":"purchasable","13":"product-type-simple"},"yoast_head":"<!-- This site is optimized with the Yoast SEO Premium plugin v24.9 (Yoast SEO v24.9) - https:\/\/yoast.com\/wordpress\/plugins\/seo\/ -->\n<title>Ovl\u00e1dac\u00ed panel Balboa SpaTouch 3 | outdoor whirlpools, swim spa, swimming pools<\/title>\n<meta name=\"robots\" content=\"index, follow, max-snippet:-1, max-image-preview:large, max-video-preview:-1\" \/>\n<link rel=\"canonical\" href=\"https:\/\/www.idol.cz\/en\/produkt\/e-shop\/nahradni-dily-na-virivky-a-swim-spa-bazeny-idol-spas\/ovladaci-panel-balboa-spatouch-3\/\" \/>\n<meta property=\"og:locale\" content=\"en_US\" \/>\n<meta property=\"og:type\" content=\"article\" \/>\n<meta property=\"og:title\" content=\"Ovl\u00e1dac\u00ed panel Balboa SpaTouch 3\" \/>\n<meta property=\"og:description\" content=\"Nov\u00fd dotykov\u00fd ovl\u00e1dac\u00ed panel v\u00ed\u0159ivky a swim spa SpaTouch3\u2122 Va\u0161e auto, mobil, tablet, mikrovlnn\u00e1 trouba j\u00ed maj\u00ed! T\u00e9m\u011b\u0159 v\u0161echny nov\u00e9 elektronick\u00e9 p\u0159\u00edstroje j\u00ed vlastn\u00ed. Nyn\u00ed s Balboa SpaTouch budete m\u00edt dotykovou obrazovku i na sv\u00e9 v\u00ed\u0159ivce! Kompatibiln\u00ed s \u0159\u00eddic\u00edmi syst\u00e9my Balboa \u0159ady BP. SpaTouch3 pou\u017e\u00edv\u00e1 modern\u00ed technologie, kter\u00e9 kombinuje s vysoce kvalitn\u00edmi materi\u00e1ly. Typ p\u0159ipojen\u00ed:\u00a0Mate [&hellip;]\" \/>\n<meta property=\"og:url\" content=\"https:\/\/www.idol.cz\/en\/produkt\/e-shop\/nahradni-dily-na-virivky-a-swim-spa-bazeny-idol-spas\/ovladaci-panel-balboa-spatouch-3\/\" \/>\n<meta property=\"og:site_name\" content=\"outdoor whirlpools, swim spa, swimming pools\" \/>\n<meta property=\"article:publisher\" content=\"https:\/\/www.facebook.com\/IdolSpas\/\" \/>\n<meta property=\"article:modified_time\" content=\"2025-06-03T19:44:04+00:00\" \/>\n<meta property=\"og:image\" content=\"https:\/\/www.idol.cz\/wp-content\/uploads\/2024\/01\/panel-spa-touch-3-balboa.png\" \/>\n\t<meta property=\"og:image:width\" content=\"1140\" \/>\n\t<meta property=\"og:image:height\" content=\"998\" \/>\n\t<meta property=\"og:image:type\" content=\"image\/png\" \/>\n<meta name=\"twitter:card\" content=\"summary_large_image\" \/>\n<meta name=\"twitter:label1\" content=\"Est. reading time\" \/>\n\t<meta name=\"twitter:data1\" content=\"1 minute\" \/>\n<script type=\"application\/ld+json\" class=\"yoast-schema-graph\">{\"@context\":\"https:\/\/schema.org\",\"@graph\":[{\"@type\":\"WebPage\",\"@id\":\"https:\/\/www.idol.cz\/en\/produkt\/e-shop\/nahradni-dily-na-virivky-a-swim-spa-bazeny-idol-spas\/ovladaci-panel-balboa-spatouch-3\/\",\"url\":\"https:\/\/www.idol.cz\/en\/produkt\/e-shop\/nahradni-dily-na-virivky-a-swim-spa-bazeny-idol-spas\/ovladaci-panel-balboa-spatouch-3\/\",\"name\":\"Ovl\u00e1dac\u00ed panel Balboa SpaTouch 3 | outdoor whirlpools, swim spa, swimming pools\",\"isPartOf\":{\"@id\":\"https:\/\/www.idol.cz\/en\/#website\"},\"primaryImageOfPage\":{\"@id\":\"https:\/\/www.idol.cz\/en\/produkt\/e-shop\/nahradni-dily-na-virivky-a-swim-spa-bazeny-idol-spas\/ovladaci-panel-balboa-spatouch-3\/#primaryimage\"},\"image\":{\"@id\":\"https:\/\/www.idol.cz\/en\/produkt\/e-shop\/nahradni-dily-na-virivky-a-swim-spa-bazeny-idol-spas\/ovladaci-panel-balboa-spatouch-3\/#primaryimage\"},\"thumbnailUrl\":\"https:\/\/www.idol.cz\/wp-content\/uploads\/2024\/01\/panel-spa-touch-3-balboa.png\",\"datePublished\":\"2024-01-25T12:39:16+00:00\",\"dateModified\":\"2025-06-03T19:44:04+00:00\",\"breadcrumb\":{\"@id\":\"https:\/\/www.idol.cz\/en\/produkt\/e-shop\/nahradni-dily-na-virivky-a-swim-spa-bazeny-idol-spas\/ovladaci-panel-balboa-spatouch-3\/#breadcrumb\"},\"inLanguage\":\"en-US\",\"potentialAction\":[{\"@type\":\"ReadAction\",\"target\":[\"https:\/\/www.idol.cz\/en\/produkt\/e-shop\/nahradni-dily-na-virivky-a-swim-spa-bazeny-idol-spas\/ovladaci-panel-balboa-spatouch-3\/\"]}]},{\"@type\":\"ImageObject\",\"inLanguage\":\"en-US\",\"@id\":\"https:\/\/www.idol.cz\/en\/produkt\/e-shop\/nahradni-dily-na-virivky-a-swim-spa-bazeny-idol-spas\/ovladaci-panel-balboa-spatouch-3\/#primaryimage\",\"url\":\"https:\/\/www.idol.cz\/wp-content\/uploads\/2024\/01\/panel-spa-touch-3-balboa.png\",\"contentUrl\":\"https:\/\/www.idol.cz\/wp-content\/uploads\/2024\/01\/panel-spa-touch-3-balboa.png\",\"width\":1140,\"height\":998,\"caption\":\"Balboa spa touch 3 ovladaci panel pro v\u00ed\u0159ivky a swim spa\"},{\"@type\":\"BreadcrumbList\",\"@id\":\"https:\/\/www.idol.cz\/en\/produkt\/e-shop\/nahradni-dily-na-virivky-a-swim-spa-bazeny-idol-spas\/ovladaci-panel-balboa-spatouch-3\/#breadcrumb\",\"itemListElement\":[{\"@type\":\"ListItem\",\"position\":1,\"name\":\"Dom\u016f\",\"item\":\"https:\/\/www.idol.cz\/en\/\"},{\"@type\":\"ListItem\",\"position\":2,\"name\":\"E-shop\",\"item\":\"https:\/\/www.idol.cz\/en\/shop\/\"},{\"@type\":\"ListItem\",\"position\":3,\"name\":\"E-shop\",\"item\":\"https:\/\/www.idol.cz\/kategorie-produktu\/e-shop\/\"},{\"@type\":\"ListItem\",\"position\":4,\"name\":\"N\u00e1hradn\u00ed d\u00edly na v\u00ed\u0159ivky a swim spa baz\u00e9ny Idol spas\",\"item\":\"https:\/\/www.idol.cz\/kategorie-produktu\/e-shop\/nahradni-dily-na-virivky-a-swim-spa-bazeny-idol-spas\/\"},{\"@type\":\"ListItem\",\"position\":5,\"name\":\"Ovl\u00e1dac\u00ed panel Balboa SpaTouch 3\"}]},{\"@type\":\"WebSite\",\"@id\":\"https:\/\/www.idol.cz\/en\/#website\",\"url\":\"https:\/\/www.idol.cz\/en\/\",\"name\":\"v\u00ed\u0159ivky venkovn\u00ed, swim spa, baz\u00e9ny\",\"description\":\"Luxusn\u00ed \u010desk\u00e9 v\u00ed\u0159ivky a swim spa\",\"publisher\":{\"@id\":\"https:\/\/www.idol.cz\/en\/#organization\"},\"potentialAction\":[{\"@type\":\"SearchAction\",\"target\":{\"@type\":\"EntryPoint\",\"urlTemplate\":\"https:\/\/www.idol.cz\/en\/?s={search_term_string}\"},\"query-input\":{\"@type\":\"PropertyValueSpecification\",\"valueRequired\":true,\"valueName\":\"search_term_string\"}}],\"inLanguage\":\"en-US\"},{\"@type\":\"Organization\",\"@id\":\"https:\/\/www.idol.cz\/en\/#organization\",\"name\":\"IDOL SPAS, s.r.o.\",\"url\":\"https:\/\/www.idol.cz\/en\/\",\"logo\":{\"@type\":\"ImageObject\",\"inLanguage\":\"en-US\",\"@id\":\"https:\/\/www.idol.cz\/en\/#\/schema\/logo\/image\/\",\"url\":\"https:\/\/www.idol.cz\/wp-content\/uploads\/2020\/02\/idol-spas-logo.png\",\"contentUrl\":\"https:\/\/www.idol.cz\/wp-content\/uploads\/2020\/02\/idol-spas-logo.png\",\"width\":512,\"height\":206,\"caption\":\"IDOL SPAS, s.r.o.\"},\"image\":{\"@id\":\"https:\/\/www.idol.cz\/en\/#\/schema\/logo\/image\/\"},\"sameAs\":[\"https:\/\/www.facebook.com\/IdolSpas\/\"]}]}<\/script>\n<!-- \/ Yoast SEO Premium plugin. -->","yoast_head_json":{"title":"Ovl\u00e1dac\u00ed panel Balboa SpaTouch 3 | outdoor whirlpools, swim spa, swimming pools","robots":{"index":"index","follow":"follow","max-snippet":"max-snippet:-1","max-image-preview":"max-image-preview:large","max-video-preview":"max-video-preview:-1"},"canonical":"https:\/\/www.idol.cz\/en\/produkt\/e-shop\/nahradni-dily-na-virivky-a-swim-spa-bazeny-idol-spas\/ovladaci-panel-balboa-spatouch-3\/","og_locale":"en_US","og_type":"article","og_title":"Ovl\u00e1dac\u00ed panel Balboa SpaTouch 3","og_description":"Nov\u00fd dotykov\u00fd ovl\u00e1dac\u00ed panel v\u00ed\u0159ivky a swim spa SpaTouch3\u2122 Va\u0161e auto, mobil, tablet, mikrovlnn\u00e1 trouba j\u00ed maj\u00ed! T\u00e9m\u011b\u0159 v\u0161echny nov\u00e9 elektronick\u00e9 p\u0159\u00edstroje j\u00ed vlastn\u00ed. Nyn\u00ed s Balboa SpaTouch budete m\u00edt dotykovou obrazovku i na sv\u00e9 v\u00ed\u0159ivce! Kompatibiln\u00ed s \u0159\u00eddic\u00edmi syst\u00e9my Balboa \u0159ady BP. SpaTouch3 pou\u017e\u00edv\u00e1 modern\u00ed technologie, kter\u00e9 kombinuje s vysoce kvalitn\u00edmi materi\u00e1ly. Typ p\u0159ipojen\u00ed:\u00a0Mate [&hellip;]","og_url":"https:\/\/www.idol.cz\/en\/produkt\/e-shop\/nahradni-dily-na-virivky-a-swim-spa-bazeny-idol-spas\/ovladaci-panel-balboa-spatouch-3\/","og_site_name":"outdoor whirlpools, swim spa, swimming pools","article_publisher":"https:\/\/www.facebook.com\/IdolSpas\/","article_modified_time":"2025-06-03T19:44:04+00:00","og_image":[{"width":1140,"height":998,"url":"https:\/\/www.idol.cz\/wp-content\/uploads\/2024\/01\/panel-spa-touch-3-balboa.png","type":"image\/png"}],"twitter_card":"summary_large_image","twitter_misc":{"Est. reading time":"1 minute"},"schema":{"@context":"https:\/\/schema.org","@graph":[{"@type":"WebPage","@id":"https:\/\/www.idol.cz\/en\/produkt\/e-shop\/nahradni-dily-na-virivky-a-swim-spa-bazeny-idol-spas\/ovladaci-panel-balboa-spatouch-3\/","url":"https:\/\/www.idol.cz\/en\/produkt\/e-shop\/nahradni-dily-na-virivky-a-swim-spa-bazeny-idol-spas\/ovladaci-panel-balboa-spatouch-3\/","name":"Ovl\u00e1dac\u00ed panel Balboa SpaTouch 3 | outdoor whirlpools, swim spa, swimming pools","isPartOf":{"@id":"https:\/\/www.idol.cz\/en\/#website"},"primaryImageOfPage":{"@id":"https:\/\/www.idol.cz\/en\/produkt\/e-shop\/nahradni-dily-na-virivky-a-swim-spa-bazeny-idol-spas\/ovladaci-panel-balboa-spatouch-3\/#primaryimage"},"image":{"@id":"https:\/\/www.idol.cz\/en\/produkt\/e-shop\/nahradni-dily-na-virivky-a-swim-spa-bazeny-idol-spas\/ovladaci-panel-balboa-spatouch-3\/#primaryimage"},"thumbnailUrl":"https:\/\/www.idol.cz\/wp-content\/uploads\/2024\/01\/panel-spa-touch-3-balboa.png","datePublished":"2024-01-25T12:39:16+00:00","dateModified":"2025-06-03T19:44:04+00:00","breadcrumb":{"@id":"https:\/\/www.idol.cz\/en\/produkt\/e-shop\/nahradni-dily-na-virivky-a-swim-spa-bazeny-idol-spas\/ovladaci-panel-balboa-spatouch-3\/#breadcrumb"},"inLanguage":"en-US","potentialAction":[{"@type":"ReadAction","target":["https:\/\/www.idol.cz\/en\/produkt\/e-shop\/nahradni-dily-na-virivky-a-swim-spa-bazeny-idol-spas\/ovladaci-panel-balboa-spatouch-3\/"]}]},{"@type":"ImageObject","inLanguage":"en-US","@id":"https:\/\/www.idol.cz\/en\/produkt\/e-shop\/nahradni-dily-na-virivky-a-swim-spa-bazeny-idol-spas\/ovladaci-panel-balboa-spatouch-3\/#primaryimage","url":"https:\/\/www.idol.cz\/wp-content\/uploads\/2024\/01\/panel-spa-touch-3-balboa.png","contentUrl":"https:\/\/www.idol.cz\/wp-content\/uploads\/2024\/01\/panel-spa-touch-3-balboa.png","width":1140,"height":998,"caption":"Balboa spa touch 3 ovladaci panel pro v\u00ed\u0159ivky a swim spa"},{"@type":"BreadcrumbList","@id":"https:\/\/www.idol.cz\/en\/produkt\/e-shop\/nahradni-dily-na-virivky-a-swim-spa-bazeny-idol-spas\/ovladaci-panel-balboa-spatouch-3\/#breadcrumb","itemListElement":[{"@type":"ListItem","position":1,"name":"Dom\u016f","item":"https:\/\/www.idol.cz\/en\/"},{"@type":"ListItem","position":2,"name":"E-shop","item":"https:\/\/www.idol.cz\/en\/shop\/"},{"@type":"ListItem","position":3,"name":"E-shop","item":"https:\/\/www.idol.cz\/kategorie-produktu\/e-shop\/"},{"@type":"ListItem","position":4,"name":"N\u00e1hradn\u00ed d\u00edly na v\u00ed\u0159ivky a swim spa baz\u00e9ny Idol spas","item":"https:\/\/www.idol.cz\/kategorie-produktu\/e-shop\/nahradni-dily-na-virivky-a-swim-spa-bazeny-idol-spas\/"},{"@type":"ListItem","position":5,"name":"Ovl\u00e1dac\u00ed panel Balboa SpaTouch 3"}]},{"@type":"WebSite","@id":"https:\/\/www.idol.cz\/en\/#website","url":"https:\/\/www.idol.cz\/en\/","name":"v\u00ed\u0159ivky venkovn\u00ed, swim spa, baz\u00e9ny","description":"Luxusn\u00ed \u010desk\u00e9 v\u00ed\u0159ivky a swim spa","publisher":{"@id":"https:\/\/www.idol.cz\/en\/#organization"},"potentialAction":[{"@type":"SearchAction","target":{"@type":"EntryPoint","urlTemplate":"https:\/\/www.idol.cz\/en\/?s={search_term_string}"},"query-input":{"@type":"PropertyValueSpecification","valueRequired":true,"valueName":"search_term_string"}}],"inLanguage":"en-US"},{"@type":"Organization","@id":"https:\/\/www.idol.cz\/en\/#organization","name":"IDOL SPAS, s.r.o.","url":"https:\/\/www.idol.cz\/en\/","logo":{"@type":"ImageObject","inLanguage":"en-US","@id":"https:\/\/www.idol.cz\/en\/#\/schema\/logo\/image\/","url":"https:\/\/www.idol.cz\/wp-content\/uploads\/2020\/02\/idol-spas-logo.png","contentUrl":"https:\/\/www.idol.cz\/wp-content\/uploads\/2020\/02\/idol-spas-logo.png","width":512,"height":206,"caption":"IDOL SPAS, s.r.o."},"image":{"@id":"https:\/\/www.idol.cz\/en\/#\/schema\/logo\/image\/"},"sameAs":["https:\/\/www.facebook.com\/IdolSpas\/"]}]}},"_links":{"self":[{"href":"https:\/\/www.idol.cz\/en\/wp-json\/wp\/v2\/product\/35450"}],"collection":[{"href":"https:\/\/www.idol.cz\/en\/wp-json\/wp\/v2\/product"}],"about":[{"href":"https:\/\/www.idol.cz\/en\/wp-json\/wp\/v2\/types\/product"}],"wp:featuredmedia":[{"embeddable":true,"href":"https:\/\/www.idol.cz\/en\/wp-json\/wp\/v2\/media\/36693"}],"wp:attachment":[{"href":"https:\/\/www.idol.cz\/en\/wp-json\/wp\/v2\/media?parent=35450"}],"wp:term":[{"taxonomy":"product_cat","embeddable":true,"href":"https:\/\/www.idol.cz\/en\/wp-json\/wp\/v2\/product_cat?post=35450"},{"taxonomy":"product_tag","embeddable":true,"href":"https:\/\/www.idol.cz\/en\/wp-json\/wp\/v2\/product_tag?post=35450"}],"curies":[{"name":"wp","href":"https:\/\/api.w.org\/{rel}","templated":true}]}}