{"id":13996,"date":"2025-03-07T15:48:16","date_gmt":"2020-06-06T20:09:09","guid":{"rendered":"https:\/\/idol.cz\/produkt\/nezarazene\/anna-2\/"},"modified":"2020-06-06T22:09:09","modified_gmt":"2020-06-06T20:09:09","slug":"anna-2","status":"publish","type":"product","link":"https:\/\/www.idol.cz\/es\/produkt\/jacuzzi-es\/anna-2\/","title":{"rendered":"Anna"},"content":{"rendered":"<h3>Ba\u00f1era de hidromasaje de lujo Anna<\/h3>\n<ul>\n<li>Ba\u00f1era de hidromasaje para un m\u00e1ximo de <strong>5 personas<\/strong><\/li>\n<li>Los equipos de la m\u00e1s alta calidad de los principales fabricantes del mundo<\/li>\n<li>Boquillas giratorias y rectas ajustables de CMP<\/li>\n<li>Panel de control de color Premium Gecko in.k500 con funcionamiento intuitivo<\/li>\n<li>Colores de acr\u00edlico, termocubierto y revestimiento de su elecci\u00f3n<\/li>\n<li><strong>Nueva ba\u00f1era de hidromasaje para ser entregada en tan r\u00e1pido como 15-30 d\u00edas<\/strong><\/li>\n<\/ul>\n","protected":false},"excerpt":{"rendered":"<h2>Y el precio de la \u00fanica ba\u00f1era de hidromasaje checa para 5 personas, que pasar\u00e1 a trav\u00e9s de incluso 80 cm a trav\u00e9s de la puerta, se&#8230;<\/h2>\n","protected":false},"featured_media":11305,"template":"","meta":[],"product_cat":[326],"product_tag":[],"class_list":{"0":"post-13996","1":"product","2":"type-product","3":"status-publish","4":"has-post-thumbnail","6":"product_cat-jacuzzi-es","8":"first","9":"instock","10":"taxable","11":"shipping-taxable","12":"purchasable","13":"product-type-simple"},"yoast_head":"<!-- This site is optimized with the Yoast SEO Premium plugin v24.9 (Yoast SEO v24.9) - https:\/\/yoast.com\/wordpress\/plugins\/seo\/ -->\n<title>Anna \u2013 ba\u00f1era de hidromasaje al aire libre de lujo no s\u00f3lo en la del jard\u00edn | ba\u00f1eras de hidromasaje al aire libre, spa para nadar, piscinas<\/title>\n<meta name=\"description\" content=\"Ba\u00f1era de hidromasaje hasta 5 personas. Ba\u00f1era de hidromasaje al aire libre checa de lujo no s\u00f3lo para el jard\u00edn, sino tambi\u00e9n para el interder. Barato en acci\u00f3n. De repente, lo tomar\u00e1 para descansar con toda la comodidad.\" \/>\n<meta name=\"robots\" content=\"index, follow, max-snippet:-1, max-image-preview:large, max-video-preview:-1\" \/>\n<link rel=\"canonical\" href=\"https:\/\/www.idol.cz\/es\/produkt\/jacuzzi-es\/anna-2\/\" \/>\n<meta property=\"og:locale\" content=\"es_ES\" \/>\n<meta property=\"og:type\" content=\"article\" \/>\n<meta property=\"og:title\" content=\"Anna\" \/>\n<meta property=\"og:description\" content=\"Ba\u00f1era de hidromasaje hasta 5 personas. Ba\u00f1era de hidromasaje al aire libre checa de lujo no s\u00f3lo para el jard\u00edn, sino tambi\u00e9n para el interder. Barato en acci\u00f3n. De repente, lo tomar\u00e1 para descansar con toda la comodidad.\" \/>\n<meta property=\"og:url\" content=\"https:\/\/www.idol.cz\/es\/produkt\/jacuzzi-es\/anna-2\/\" \/>\n<meta property=\"og:site_name\" content=\"ba\u00f1eras de hidromasaje al aire libre, spa para nadar, piscinas\" \/>\n<meta property=\"article:publisher\" content=\"https:\/\/www.facebook.com\/IdolSpas\/\" \/>\n<meta property=\"og:image\" content=\"https:\/\/www.idol.cz\/wp-content\/uploads\/2018\/10\/idol-spas-luxusni-virivky-anna-fb.jpg\" \/>\n<meta name=\"twitter:card\" content=\"summary_large_image\" \/>\n<script type=\"application\/ld+json\" class=\"yoast-schema-graph\">{\"@context\":\"https:\/\/schema.org\",\"@graph\":[{\"@type\":\"WebPage\",\"@id\":\"https:\/\/www.idol.cz\/es\/produkt\/jacuzzi-es\/anna-2\/\",\"url\":\"https:\/\/www.idol.cz\/es\/produkt\/jacuzzi-es\/anna-2\/\",\"name\":\"Anna \u2013 ba\u00f1era de hidromasaje al aire libre de lujo no s\u00f3lo en la del jard\u00edn | ba\u00f1eras de hidromasaje al aire libre, spa para nadar, piscinas\",\"isPartOf\":{\"@id\":\"https:\/\/www.idol.cz\/es\/#website\"},\"primaryImageOfPage\":{\"@id\":\"https:\/\/www.idol.cz\/es\/produkt\/jacuzzi-es\/anna-2\/#primaryimage\"},\"image\":{\"@id\":\"https:\/\/www.idol.cz\/es\/produkt\/jacuzzi-es\/anna-2\/#primaryimage\"},\"thumbnailUrl\":\"https:\/\/www.idol.cz\/wp-content\/uploads\/2018\/10\/idol-spas-anna-2020.jpg\",\"datePublished\":\"2020-06-06T20:09:09+00:00\",\"description\":\"Ba\u00f1era de hidromasaje hasta 5 personas. Ba\u00f1era de hidromasaje al aire libre checa de lujo no s\u00f3lo para el jard\u00edn, sino tambi\u00e9n para el interder. Barato en acci\u00f3n. De repente, lo tomar\u00e1 para descansar con toda la comodidad.\",\"breadcrumb\":{\"@id\":\"https:\/\/www.idol.cz\/es\/produkt\/jacuzzi-es\/anna-2\/#breadcrumb\"},\"inLanguage\":\"es\",\"potentialAction\":[{\"@type\":\"ReadAction\",\"target\":[\"https:\/\/www.idol.cz\/es\/produkt\/jacuzzi-es\/anna-2\/\"]}]},{\"@type\":\"ImageObject\",\"inLanguage\":\"es\",\"@id\":\"https:\/\/www.idol.cz\/es\/produkt\/jacuzzi-es\/anna-2\/#primaryimage\",\"url\":\"https:\/\/www.idol.cz\/wp-content\/uploads\/2018\/10\/idol-spas-anna-2020.jpg\",\"contentUrl\":\"https:\/\/www.idol.cz\/wp-content\/uploads\/2018\/10\/idol-spas-anna-2020.jpg\",\"width\":1080,\"height\":1080,\"caption\":\"Idol Spas Hot Tub Anna\"},{\"@type\":\"BreadcrumbList\",\"@id\":\"https:\/\/www.idol.cz\/es\/produkt\/jacuzzi-es\/anna-2\/#breadcrumb\",\"itemListElement\":[{\"@type\":\"ListItem\",\"position\":1,\"name\":\"Dom\u016f\",\"item\":\"https:\/\/www.idol.cz\/es\/\"},{\"@type\":\"ListItem\",\"position\":2,\"name\":\"E-shop\",\"item\":\"https:\/\/www.idol.cz\/es\/tienda\/\"},{\"@type\":\"ListItem\",\"position\":3,\"name\":\"Jacuzzi\",\"item\":\"https:\/\/www.idol.cz\/es\/kategorie-produktu\/jacuzzi-es\/\"},{\"@type\":\"ListItem\",\"position\":4,\"name\":\"Anna\"}]},{\"@type\":\"WebSite\",\"@id\":\"https:\/\/www.idol.cz\/es\/#website\",\"url\":\"https:\/\/www.idol.cz\/es\/\",\"name\":\"v\u00ed\u0159ivky venkovn\u00ed, swim spa, baz\u00e9ny\",\"description\":\"Luxusn\u00ed \u010desk\u00e9 v\u00ed\u0159ivky a swim spa\",\"publisher\":{\"@id\":\"https:\/\/www.idol.cz\/es\/#organization\"},\"potentialAction\":[{\"@type\":\"SearchAction\",\"target\":{\"@type\":\"EntryPoint\",\"urlTemplate\":\"https:\/\/www.idol.cz\/es\/?s={search_term_string}\"},\"query-input\":{\"@type\":\"PropertyValueSpecification\",\"valueRequired\":true,\"valueName\":\"search_term_string\"}}],\"inLanguage\":\"es\"},{\"@type\":\"Organization\",\"@id\":\"https:\/\/www.idol.cz\/es\/#organization\",\"name\":\"IDOL SPAS, s.r.o.\",\"url\":\"https:\/\/www.idol.cz\/es\/\",\"logo\":{\"@type\":\"ImageObject\",\"inLanguage\":\"es\",\"@id\":\"https:\/\/www.idol.cz\/es\/#\/schema\/logo\/image\/\",\"url\":\"https:\/\/www.idol.cz\/wp-content\/uploads\/2020\/02\/idol-spas-logo.png\",\"contentUrl\":\"https:\/\/www.idol.cz\/wp-content\/uploads\/2020\/02\/idol-spas-logo.png\",\"width\":512,\"height\":206,\"caption\":\"IDOL SPAS, s.r.o.\"},\"image\":{\"@id\":\"https:\/\/www.idol.cz\/es\/#\/schema\/logo\/image\/\"},\"sameAs\":[\"https:\/\/www.facebook.com\/IdolSpas\/\"]}]}<\/script>\n<!-- \/ Yoast SEO Premium plugin. -->","yoast_head_json":{"title":"Anna \u2013 ba\u00f1era de hidromasaje al aire libre de lujo no s\u00f3lo en la del jard\u00edn | ba\u00f1eras de hidromasaje al aire libre, spa para nadar, piscinas","description":"Ba\u00f1era de hidromasaje hasta 5 personas. Ba\u00f1era de hidromasaje al aire libre checa de lujo no s\u00f3lo para el jard\u00edn, sino tambi\u00e9n para el interder. Barato en acci\u00f3n. De repente, lo tomar\u00e1 para descansar con toda la comodidad.","robots":{"index":"index","follow":"follow","max-snippet":"max-snippet:-1","max-image-preview":"max-image-preview:large","max-video-preview":"max-video-preview:-1"},"canonical":"https:\/\/www.idol.cz\/es\/produkt\/jacuzzi-es\/anna-2\/","og_locale":"es_ES","og_type":"article","og_title":"Anna","og_description":"Ba\u00f1era de hidromasaje hasta 5 personas. Ba\u00f1era de hidromasaje al aire libre checa de lujo no s\u00f3lo para el jard\u00edn, sino tambi\u00e9n para el interder. Barato en acci\u00f3n. De repente, lo tomar\u00e1 para descansar con toda la comodidad.","og_url":"https:\/\/www.idol.cz\/es\/produkt\/jacuzzi-es\/anna-2\/","og_site_name":"ba\u00f1eras de hidromasaje al aire libre, spa para nadar, piscinas","article_publisher":"https:\/\/www.facebook.com\/IdolSpas\/","og_image":[{"url":"https:\/\/www.idol.cz\/wp-content\/uploads\/2018\/10\/idol-spas-luxusni-virivky-anna-fb.jpg","type":"","width":"","height":""}],"twitter_card":"summary_large_image","schema":{"@context":"https:\/\/schema.org","@graph":[{"@type":"WebPage","@id":"https:\/\/www.idol.cz\/es\/produkt\/jacuzzi-es\/anna-2\/","url":"https:\/\/www.idol.cz\/es\/produkt\/jacuzzi-es\/anna-2\/","name":"Anna \u2013 ba\u00f1era de hidromasaje al aire libre de lujo no s\u00f3lo en la del jard\u00edn | ba\u00f1eras de hidromasaje al aire libre, spa para nadar, piscinas","isPartOf":{"@id":"https:\/\/www.idol.cz\/es\/#website"},"primaryImageOfPage":{"@id":"https:\/\/www.idol.cz\/es\/produkt\/jacuzzi-es\/anna-2\/#primaryimage"},"image":{"@id":"https:\/\/www.idol.cz\/es\/produkt\/jacuzzi-es\/anna-2\/#primaryimage"},"thumbnailUrl":"https:\/\/www.idol.cz\/wp-content\/uploads\/2018\/10\/idol-spas-anna-2020.jpg","datePublished":"2020-06-06T20:09:09+00:00","description":"Ba\u00f1era de hidromasaje hasta 5 personas. Ba\u00f1era de hidromasaje al aire libre checa de lujo no s\u00f3lo para el jard\u00edn, sino tambi\u00e9n para el interder. Barato en acci\u00f3n. De repente, lo tomar\u00e1 para descansar con toda la comodidad.","breadcrumb":{"@id":"https:\/\/www.idol.cz\/es\/produkt\/jacuzzi-es\/anna-2\/#breadcrumb"},"inLanguage":"es","potentialAction":[{"@type":"ReadAction","target":["https:\/\/www.idol.cz\/es\/produkt\/jacuzzi-es\/anna-2\/"]}]},{"@type":"ImageObject","inLanguage":"es","@id":"https:\/\/www.idol.cz\/es\/produkt\/jacuzzi-es\/anna-2\/#primaryimage","url":"https:\/\/www.idol.cz\/wp-content\/uploads\/2018\/10\/idol-spas-anna-2020.jpg","contentUrl":"https:\/\/www.idol.cz\/wp-content\/uploads\/2018\/10\/idol-spas-anna-2020.jpg","width":1080,"height":1080,"caption":"Idol Spas Hot Tub Anna"},{"@type":"BreadcrumbList","@id":"https:\/\/www.idol.cz\/es\/produkt\/jacuzzi-es\/anna-2\/#breadcrumb","itemListElement":[{"@type":"ListItem","position":1,"name":"Dom\u016f","item":"https:\/\/www.idol.cz\/es\/"},{"@type":"ListItem","position":2,"name":"E-shop","item":"https:\/\/www.idol.cz\/es\/tienda\/"},{"@type":"ListItem","position":3,"name":"Jacuzzi","item":"https:\/\/www.idol.cz\/es\/kategorie-produktu\/jacuzzi-es\/"},{"@type":"ListItem","position":4,"name":"Anna"}]},{"@type":"WebSite","@id":"https:\/\/www.idol.cz\/es\/#website","url":"https:\/\/www.idol.cz\/es\/","name":"v\u00ed\u0159ivky venkovn\u00ed, swim spa, baz\u00e9ny","description":"Luxusn\u00ed \u010desk\u00e9 v\u00ed\u0159ivky a swim spa","publisher":{"@id":"https:\/\/www.idol.cz\/es\/#organization"},"potentialAction":[{"@type":"SearchAction","target":{"@type":"EntryPoint","urlTemplate":"https:\/\/www.idol.cz\/es\/?s={search_term_string}"},"query-input":{"@type":"PropertyValueSpecification","valueRequired":true,"valueName":"search_term_string"}}],"inLanguage":"es"},{"@type":"Organization","@id":"https:\/\/www.idol.cz\/es\/#organization","name":"IDOL SPAS, s.r.o.","url":"https:\/\/www.idol.cz\/es\/","logo":{"@type":"ImageObject","inLanguage":"es","@id":"https:\/\/www.idol.cz\/es\/#\/schema\/logo\/image\/","url":"https:\/\/www.idol.cz\/wp-content\/uploads\/2020\/02\/idol-spas-logo.png","contentUrl":"https:\/\/www.idol.cz\/wp-content\/uploads\/2020\/02\/idol-spas-logo.png","width":512,"height":206,"caption":"IDOL SPAS, s.r.o."},"image":{"@id":"https:\/\/www.idol.cz\/es\/#\/schema\/logo\/image\/"},"sameAs":["https:\/\/www.facebook.com\/IdolSpas\/"]}]}},"_links":{"self":[{"href":"https:\/\/www.idol.cz\/es\/wp-json\/wp\/v2\/product\/13996"}],"collection":[{"href":"https:\/\/www.idol.cz\/es\/wp-json\/wp\/v2\/product"}],"about":[{"href":"https:\/\/www.idol.cz\/es\/wp-json\/wp\/v2\/types\/product"}],"wp:featuredmedia":[{"embeddable":true,"href":"https:\/\/www.idol.cz\/es\/wp-json\/wp\/v2\/media\/11305"}],"wp:attachment":[{"href":"https:\/\/www.idol.cz\/es\/wp-json\/wp\/v2\/media?parent=13996"}],"wp:term":[{"taxonomy":"product_cat","embeddable":true,"href":"https:\/\/www.idol.cz\/es\/wp-json\/wp\/v2\/product_cat?post=13996"},{"taxonomy":"product_tag","embeddable":true,"href":"https:\/\/www.idol.cz\/es\/wp-json\/wp\/v2\/product_tag?post=13996"}],"curies":[{"name":"wp","href":"https:\/\/api.w.org\/{rel}","templated":true}]}}