{"id":14030,"date":"2019-02-24T11:48:22","date_gmt":"2019-02-24T10:48:22","guid":{"rendered":"https:\/\/idol.cz\/produkt\/nezarazene\/piscina-de-hidromasaje\/"},"modified":"2020-06-06T22:09:32","modified_gmt":"2020-06-06T20:09:32","slug":"piscina-de-natacion","status":"publish","type":"product","link":"https:\/\/www.idol.cz\/es\/produkt\/nezarazene\/piscina-de-natacion\/","title":{"rendered":"Piscina de hidromasaje"},"content":{"rendered":"<h3>Piscina spa piscina<\/h3>\n<ul>\n<li><strong>La<\/strong> <strong>piscina<\/strong> <strong>acr\u00edlica<\/strong> <strong>XL<\/strong> m\u00e1s amplia o <strong>spa<\/strong> <strong>de nataci\u00f3n<\/strong> en el mercado<\/li>\n<li>Escaleras de dise\u00f1o de lujo<\/li>\n<li>Revestimiento de spa de nataci\u00f3n de lujo variable<\/li>\n<li>Contracorriente, o sistema de chorro River Swim Spa incluso con sistema variable<\/li>\n<li>La <strong>contracorriente<\/strong> <strong>m\u00e1s fuerte<\/strong> en la versi\u00f3n completa. Hasta 3000 litros por minuto<\/li>\n<li>Dos skimmry<\/li>\n<li>Posibilidad de piscina en el s\u00fal. <strong>Piscina de<\/strong> nataci\u00f3n del sistema de sal<\/li>\n<\/ul>\n","protected":false},"excerpt":{"rendered":"<h2>Una nueva generaci\u00f3n de nataci\u00f3n fitness.<br \/>\nNo s\u00f3lo Swim Spa, ahora tambi\u00e9n una piscina familiar.<\/h2>\n","protected":false},"featured_media":11289,"template":"","meta":[],"product_cat":[15],"product_tag":[],"class_list":{"0":"post-14030","1":"product","2":"type-product","3":"status-publish","4":"has-post-thumbnail","6":"product_cat-nezarazene","8":"first","9":"instock","10":"taxable","11":"shipping-taxable","12":"purchasable","13":"product-type-simple"},"yoast_head":"<!-- This site is optimized with the Yoast SEO Premium plugin v24.9 (Yoast SEO v24.9) - https:\/\/yoast.com\/wordpress\/plugins\/seo\/ -->\n<title>ba\u00f1eras de hidromasaje al aire libre, spa para nadar, piscinas | Piscina con contracorriente sobre el ba\u00f1o del suelo SPA XL<\/title>\n<meta name=\"description\" content=\"Spa de nataci\u00f3n XL piscina al aire libre con contracorriente al jard\u00edn. Piscina con contracorriente sobre rasante e interior. Piscina de acr\u00edlico de lujo de producci\u00f3n checa.\" \/>\n<meta name=\"robots\" content=\"index, follow, max-snippet:-1, max-image-preview:large, max-video-preview:-1\" \/>\n<link rel=\"canonical\" href=\"https:\/\/www.idol.cz\/es\/produkt\/nezarazene\/piscina-de-natacion\/\" \/>\n<meta property=\"og:locale\" content=\"es_ES\" \/>\n<meta property=\"og:type\" content=\"article\" \/>\n<meta property=\"og:title\" content=\"Piscina de hidromasaje\" \/>\n<meta property=\"og:description\" content=\"Spa de nataci\u00f3n XL piscina al aire libre con contracorriente al jard\u00edn. Piscina con contracorriente sobre rasante e interior. Piscina de acr\u00edlico de lujo de producci\u00f3n checa.\" \/>\n<meta property=\"og:url\" content=\"https:\/\/www.idol.cz\/es\/produkt\/nezarazene\/piscina-de-natacion\/\" \/>\n<meta property=\"og:site_name\" content=\"ba\u00f1eras de hidromasaje al aire libre, spa para nadar, piscinas\" \/>\n<meta property=\"article:publisher\" content=\"https:\/\/www.facebook.com\/IdolSpas\/\" \/>\n<meta property=\"article:modified_time\" content=\"2020-06-06T20:09:32+00:00\" \/>\n<meta property=\"og:image\" content=\"https:\/\/www.idol.cz\/wp-content\/uploads\/2019\/02\/IdolSpas-bazeny-Swim-Pool-fb.jpg\" \/>\n<meta name=\"twitter:card\" content=\"summary_large_image\" \/>\n<script type=\"application\/ld+json\" class=\"yoast-schema-graph\">{\"@context\":\"https:\/\/schema.org\",\"@graph\":[{\"@type\":\"WebPage\",\"@id\":\"https:\/\/www.idol.cz\/es\/produkt\/nezarazene\/piscina-de-natacion\/\",\"url\":\"https:\/\/www.idol.cz\/es\/produkt\/nezarazene\/piscina-de-natacion\/\",\"name\":\"ba\u00f1eras de hidromasaje al aire libre, spa para nadar, piscinas | Piscina con contracorriente sobre el ba\u00f1o del suelo SPA XL\",\"isPartOf\":{\"@id\":\"https:\/\/www.idol.cz\/es\/#website\"},\"primaryImageOfPage\":{\"@id\":\"https:\/\/www.idol.cz\/es\/produkt\/nezarazene\/piscina-de-natacion\/#primaryimage\"},\"image\":{\"@id\":\"https:\/\/www.idol.cz\/es\/produkt\/nezarazene\/piscina-de-natacion\/#primaryimage\"},\"thumbnailUrl\":\"https:\/\/www.idol.cz\/wp-content\/uploads\/2019\/02\/IdolSpas-bazeny-Swim-Spa-bazen-2020.jpg\",\"datePublished\":\"2019-02-24T10:48:22+00:00\",\"dateModified\":\"2020-06-06T20:09:32+00:00\",\"description\":\"Spa de nataci\u00f3n XL piscina al aire libre con contracorriente al jard\u00edn. Piscina con contracorriente sobre rasante e interior. Piscina de acr\u00edlico de lujo de producci\u00f3n checa.\",\"breadcrumb\":{\"@id\":\"https:\/\/www.idol.cz\/es\/produkt\/nezarazene\/piscina-de-natacion\/#breadcrumb\"},\"inLanguage\":\"es\",\"potentialAction\":[{\"@type\":\"ReadAction\",\"target\":[\"https:\/\/www.idol.cz\/es\/produkt\/nezarazene\/piscina-de-natacion\/\"]}]},{\"@type\":\"ImageObject\",\"inLanguage\":\"es\",\"@id\":\"https:\/\/www.idol.cz\/es\/produkt\/nezarazene\/piscina-de-natacion\/#primaryimage\",\"url\":\"https:\/\/www.idol.cz\/wp-content\/uploads\/2019\/02\/IdolSpas-bazeny-Swim-Spa-bazen-2020.jpg\",\"contentUrl\":\"https:\/\/www.idol.cz\/wp-content\/uploads\/2019\/02\/IdolSpas-bazeny-Swim-Spa-bazen-2020.jpg\",\"width\":1080,\"height\":810,\"caption\":\"Idol Spas Pools Piscina Spa\"},{\"@type\":\"BreadcrumbList\",\"@id\":\"https:\/\/www.idol.cz\/es\/produkt\/nezarazene\/piscina-de-natacion\/#breadcrumb\",\"itemListElement\":[{\"@type\":\"ListItem\",\"position\":1,\"name\":\"Dom\u016f\",\"item\":\"https:\/\/www.idol.cz\/es\/\"},{\"@type\":\"ListItem\",\"position\":2,\"name\":\"E-shop\",\"item\":\"https:\/\/www.idol.cz\/es\/tienda\/\"},{\"@type\":\"ListItem\",\"position\":3,\"name\":\"Neza\u0159azen\u00e9\",\"item\":\"https:\/\/www.idol.cz\/es\/kategorie-produktu\/nezarazene-es\/\"},{\"@type\":\"ListItem\",\"position\":4,\"name\":\"Piscina de hidromasaje\"}]},{\"@type\":\"WebSite\",\"@id\":\"https:\/\/www.idol.cz\/es\/#website\",\"url\":\"https:\/\/www.idol.cz\/es\/\",\"name\":\"v\u00ed\u0159ivky venkovn\u00ed, swim spa, baz\u00e9ny\",\"description\":\"Luxusn\u00ed \u010desk\u00e9 v\u00ed\u0159ivky a swim spa\",\"publisher\":{\"@id\":\"https:\/\/www.idol.cz\/es\/#organization\"},\"potentialAction\":[{\"@type\":\"SearchAction\",\"target\":{\"@type\":\"EntryPoint\",\"urlTemplate\":\"https:\/\/www.idol.cz\/es\/?s={search_term_string}\"},\"query-input\":{\"@type\":\"PropertyValueSpecification\",\"valueRequired\":true,\"valueName\":\"search_term_string\"}}],\"inLanguage\":\"es\"},{\"@type\":\"Organization\",\"@id\":\"https:\/\/www.idol.cz\/es\/#organization\",\"name\":\"IDOL SPAS, s.r.o.\",\"url\":\"https:\/\/www.idol.cz\/es\/\",\"logo\":{\"@type\":\"ImageObject\",\"inLanguage\":\"es\",\"@id\":\"https:\/\/www.idol.cz\/es\/#\/schema\/logo\/image\/\",\"url\":\"https:\/\/www.idol.cz\/wp-content\/uploads\/2020\/02\/idol-spas-logo.png\",\"contentUrl\":\"https:\/\/www.idol.cz\/wp-content\/uploads\/2020\/02\/idol-spas-logo.png\",\"width\":512,\"height\":206,\"caption\":\"IDOL SPAS, s.r.o.\"},\"image\":{\"@id\":\"https:\/\/www.idol.cz\/es\/#\/schema\/logo\/image\/\"},\"sameAs\":[\"https:\/\/www.facebook.com\/IdolSpas\/\"]}]}<\/script>\n<!-- \/ Yoast SEO Premium plugin. -->","yoast_head_json":{"title":"ba\u00f1eras de hidromasaje al aire libre, spa para nadar, piscinas | Piscina con contracorriente sobre el ba\u00f1o del suelo SPA XL","description":"Spa de nataci\u00f3n XL piscina al aire libre con contracorriente al jard\u00edn. Piscina con contracorriente sobre rasante e interior. Piscina de acr\u00edlico de lujo de producci\u00f3n checa.","robots":{"index":"index","follow":"follow","max-snippet":"max-snippet:-1","max-image-preview":"max-image-preview:large","max-video-preview":"max-video-preview:-1"},"canonical":"https:\/\/www.idol.cz\/es\/produkt\/nezarazene\/piscina-de-natacion\/","og_locale":"es_ES","og_type":"article","og_title":"Piscina de hidromasaje","og_description":"Spa de nataci\u00f3n XL piscina al aire libre con contracorriente al jard\u00edn. Piscina con contracorriente sobre rasante e interior. Piscina de acr\u00edlico de lujo de producci\u00f3n checa.","og_url":"https:\/\/www.idol.cz\/es\/produkt\/nezarazene\/piscina-de-natacion\/","og_site_name":"ba\u00f1eras de hidromasaje al aire libre, spa para nadar, piscinas","article_publisher":"https:\/\/www.facebook.com\/IdolSpas\/","article_modified_time":"2020-06-06T20:09:32+00:00","og_image":[{"url":"https:\/\/www.idol.cz\/wp-content\/uploads\/2019\/02\/IdolSpas-bazeny-Swim-Pool-fb.jpg","type":"","width":"","height":""}],"twitter_card":"summary_large_image","schema":{"@context":"https:\/\/schema.org","@graph":[{"@type":"WebPage","@id":"https:\/\/www.idol.cz\/es\/produkt\/nezarazene\/piscina-de-natacion\/","url":"https:\/\/www.idol.cz\/es\/produkt\/nezarazene\/piscina-de-natacion\/","name":"ba\u00f1eras de hidromasaje al aire libre, spa para nadar, piscinas | Piscina con contracorriente sobre el ba\u00f1o del suelo SPA XL","isPartOf":{"@id":"https:\/\/www.idol.cz\/es\/#website"},"primaryImageOfPage":{"@id":"https:\/\/www.idol.cz\/es\/produkt\/nezarazene\/piscina-de-natacion\/#primaryimage"},"image":{"@id":"https:\/\/www.idol.cz\/es\/produkt\/nezarazene\/piscina-de-natacion\/#primaryimage"},"thumbnailUrl":"https:\/\/www.idol.cz\/wp-content\/uploads\/2019\/02\/IdolSpas-bazeny-Swim-Spa-bazen-2020.jpg","datePublished":"2019-02-24T10:48:22+00:00","dateModified":"2020-06-06T20:09:32+00:00","description":"Spa de nataci\u00f3n XL piscina al aire libre con contracorriente al jard\u00edn. Piscina con contracorriente sobre rasante e interior. Piscina de acr\u00edlico de lujo de producci\u00f3n checa.","breadcrumb":{"@id":"https:\/\/www.idol.cz\/es\/produkt\/nezarazene\/piscina-de-natacion\/#breadcrumb"},"inLanguage":"es","potentialAction":[{"@type":"ReadAction","target":["https:\/\/www.idol.cz\/es\/produkt\/nezarazene\/piscina-de-natacion\/"]}]},{"@type":"ImageObject","inLanguage":"es","@id":"https:\/\/www.idol.cz\/es\/produkt\/nezarazene\/piscina-de-natacion\/#primaryimage","url":"https:\/\/www.idol.cz\/wp-content\/uploads\/2019\/02\/IdolSpas-bazeny-Swim-Spa-bazen-2020.jpg","contentUrl":"https:\/\/www.idol.cz\/wp-content\/uploads\/2019\/02\/IdolSpas-bazeny-Swim-Spa-bazen-2020.jpg","width":1080,"height":810,"caption":"Idol Spas Pools Piscina Spa"},{"@type":"BreadcrumbList","@id":"https:\/\/www.idol.cz\/es\/produkt\/nezarazene\/piscina-de-natacion\/#breadcrumb","itemListElement":[{"@type":"ListItem","position":1,"name":"Dom\u016f","item":"https:\/\/www.idol.cz\/es\/"},{"@type":"ListItem","position":2,"name":"E-shop","item":"https:\/\/www.idol.cz\/es\/tienda\/"},{"@type":"ListItem","position":3,"name":"Neza\u0159azen\u00e9","item":"https:\/\/www.idol.cz\/es\/kategorie-produktu\/nezarazene-es\/"},{"@type":"ListItem","position":4,"name":"Piscina de hidromasaje"}]},{"@type":"WebSite","@id":"https:\/\/www.idol.cz\/es\/#website","url":"https:\/\/www.idol.cz\/es\/","name":"v\u00ed\u0159ivky venkovn\u00ed, swim spa, baz\u00e9ny","description":"Luxusn\u00ed \u010desk\u00e9 v\u00ed\u0159ivky a swim spa","publisher":{"@id":"https:\/\/www.idol.cz\/es\/#organization"},"potentialAction":[{"@type":"SearchAction","target":{"@type":"EntryPoint","urlTemplate":"https:\/\/www.idol.cz\/es\/?s={search_term_string}"},"query-input":{"@type":"PropertyValueSpecification","valueRequired":true,"valueName":"search_term_string"}}],"inLanguage":"es"},{"@type":"Organization","@id":"https:\/\/www.idol.cz\/es\/#organization","name":"IDOL SPAS, s.r.o.","url":"https:\/\/www.idol.cz\/es\/","logo":{"@type":"ImageObject","inLanguage":"es","@id":"https:\/\/www.idol.cz\/es\/#\/schema\/logo\/image\/","url":"https:\/\/www.idol.cz\/wp-content\/uploads\/2020\/02\/idol-spas-logo.png","contentUrl":"https:\/\/www.idol.cz\/wp-content\/uploads\/2020\/02\/idol-spas-logo.png","width":512,"height":206,"caption":"IDOL SPAS, s.r.o."},"image":{"@id":"https:\/\/www.idol.cz\/es\/#\/schema\/logo\/image\/"},"sameAs":["https:\/\/www.facebook.com\/IdolSpas\/"]}]}},"_links":{"self":[{"href":"https:\/\/www.idol.cz\/es\/wp-json\/wp\/v2\/product\/14030"}],"collection":[{"href":"https:\/\/www.idol.cz\/es\/wp-json\/wp\/v2\/product"}],"about":[{"href":"https:\/\/www.idol.cz\/es\/wp-json\/wp\/v2\/types\/product"}],"wp:featuredmedia":[{"embeddable":true,"href":"https:\/\/www.idol.cz\/es\/wp-json\/wp\/v2\/media\/11289"}],"wp:attachment":[{"href":"https:\/\/www.idol.cz\/es\/wp-json\/wp\/v2\/media?parent=14030"}],"wp:term":[{"taxonomy":"product_cat","embeddable":true,"href":"https:\/\/www.idol.cz\/es\/wp-json\/wp\/v2\/product_cat?post=14030"},{"taxonomy":"product_tag","embeddable":true,"href":"https:\/\/www.idol.cz\/es\/wp-json\/wp\/v2\/product_tag?post=14030"}],"curies":[{"name":"wp","href":"https:\/\/api.w.org\/{rel}","templated":true}]}}