{"id":14068,"date":"2025-03-09T19:10:17","date_gmt":"2020-06-06T20:09:56","guid":{"rendered":"https:\/\/idol.cz\/produkt\/nezarazene\/irena-lite-2\/"},"modified":"2020-06-06T22:09:56","modified_gmt":"2020-06-06T20:09:56","slug":"estados-unidos","status":"publish","type":"product","link":"https:\/\/www.idol.cz\/es\/produkt\/jacuzzi-es\/estados-unidos\/","title":{"rendered":"Irena Lite"},"content":{"rendered":"<h3>Ba\u00f1era de hidromasaje de lujo Irena Lite<\/h3>\n<ul>\n<li>Ba\u00f1era de hidromasaje para un m\u00e1ximo de <strong>3 personas<\/strong><\/li>\n<li>Los equipos de la m\u00e1s alta calidad de los principales fabricantes del mundo<\/li>\n<li>Boquillas giratorias y rectas ajustables de CMP<\/li>\n<li>Panel de control de color Premium Gecko in.k500 con funcionamiento intuitivo<\/li>\n<li>Colores de acr\u00edlico, termocubierto y revestimiento de su elecci\u00f3n<\/li>\n<li><strong>Nueva ba\u00f1era de hidromasaje Irena disponible en 1-30 d\u00edas seg\u00fan lo configurado<\/strong><\/li>\n<\/ul>\n","protected":false},"excerpt":{"rendered":"<h2>Nuestra peque\u00f1a pero pr\u00e1ctica ba\u00f1era de hidromasaje Irena<\/h2>\n","protected":false},"featured_media":11401,"template":"","meta":[],"product_cat":[326],"product_tag":[327],"class_list":{"0":"post-14068","1":"product","2":"type-product","3":"status-publish","4":"has-post-thumbnail","6":"product_cat-jacuzzi-es","7":"product_tag-baneras-de-hidromasaje-lite","9":"first","10":"instock","11":"sale","12":"taxable","13":"shipping-taxable","14":"purchasable","15":"product-type-simple"},"yoast_head":"<!-- This site is optimized with the Yoast SEO Premium plugin v24.9 (Yoast SEO v24.9) - https:\/\/yoast.com\/wordpress\/plugins\/seo\/ -->\n<title>Irena Lite \u2013 ba\u00f1era de hidromasaje al aire libre de lujo no s\u00f3lo para el jard\u00edn para dos | ba\u00f1eras de hidromasaje al aire libre, spa para nadar, piscinas<\/title>\n<meta name=\"description\" content=\"Nela ba\u00f1era de hidromasaje para dos al aire libre no s\u00f3lo para el jard\u00edn. Se puede colocar en interiores m\u00e1s peque\u00f1os, en el balc\u00f3n, terraza o ba\u00f1o. Ba\u00f1era de hidromasaje de acr\u00edlico y terraza\" \/>\n<meta name=\"robots\" content=\"index, follow, max-snippet:-1, max-image-preview:large, max-video-preview:-1\" \/>\n<link rel=\"canonical\" href=\"https:\/\/www.idol.cz\/es\/produkt\/jacuzzi-es\/estados-unidos\/\" \/>\n<meta property=\"og:locale\" content=\"es_ES\" \/>\n<meta property=\"og:type\" content=\"article\" \/>\n<meta property=\"og:title\" content=\"Irena Lite\" \/>\n<meta property=\"og:description\" content=\"Nela ba\u00f1era de hidromasaje para dos al aire libre no s\u00f3lo para el jard\u00edn. Se puede colocar en interiores m\u00e1s peque\u00f1os, en el balc\u00f3n, terraza o ba\u00f1o. Ba\u00f1era de hidromasaje de acr\u00edlico y terraza\" \/>\n<meta property=\"og:url\" content=\"https:\/\/www.idol.cz\/es\/produkt\/jacuzzi-es\/estados-unidos\/\" \/>\n<meta property=\"og:site_name\" content=\"ba\u00f1eras de hidromasaje al aire libre, spa para nadar, piscinas\" \/>\n<meta property=\"article:publisher\" content=\"https:\/\/www.facebook.com\/IdolSpas\/\" \/>\n<meta property=\"og:image\" content=\"https:\/\/www.idol.cz\/wp-content\/uploads\/2018\/10\/idol-spas-luxusni-virivky-nela-2-fb.jpg\" \/>\n<meta name=\"twitter:card\" content=\"summary_large_image\" \/>\n<script type=\"application\/ld+json\" class=\"yoast-schema-graph\">{\"@context\":\"https:\/\/schema.org\",\"@graph\":[{\"@type\":\"WebPage\",\"@id\":\"https:\/\/www.idol.cz\/es\/produkt\/jacuzzi-es\/estados-unidos\/\",\"url\":\"https:\/\/www.idol.cz\/es\/produkt\/jacuzzi-es\/estados-unidos\/\",\"name\":\"Irena Lite \u2013 ba\u00f1era de hidromasaje al aire libre de lujo no s\u00f3lo para el jard\u00edn para dos | ba\u00f1eras de hidromasaje al aire libre, spa para nadar, piscinas\",\"isPartOf\":{\"@id\":\"https:\/\/www.idol.cz\/es\/#website\"},\"primaryImageOfPage\":{\"@id\":\"https:\/\/www.idol.cz\/es\/produkt\/jacuzzi-es\/estados-unidos\/#primaryimage\"},\"image\":{\"@id\":\"https:\/\/www.idol.cz\/es\/produkt\/jacuzzi-es\/estados-unidos\/#primaryimage\"},\"thumbnailUrl\":\"https:\/\/www.idol.cz\/wp-content\/uploads\/2019\/08\/idol-spas-irena-lite-2020.jpg\",\"datePublished\":\"2020-06-06T20:09:56+00:00\",\"description\":\"Nela ba\u00f1era de hidromasaje para dos al aire libre no s\u00f3lo para el jard\u00edn. Se puede colocar en interiores m\u00e1s peque\u00f1os, en el balc\u00f3n, terraza o ba\u00f1o. Ba\u00f1era de hidromasaje de acr\u00edlico y terraza\",\"breadcrumb\":{\"@id\":\"https:\/\/www.idol.cz\/es\/produkt\/jacuzzi-es\/estados-unidos\/#breadcrumb\"},\"inLanguage\":\"es\",\"potentialAction\":[{\"@type\":\"ReadAction\",\"target\":[\"https:\/\/www.idol.cz\/es\/produkt\/jacuzzi-es\/estados-unidos\/\"]}]},{\"@type\":\"ImageObject\",\"inLanguage\":\"es\",\"@id\":\"https:\/\/www.idol.cz\/es\/produkt\/jacuzzi-es\/estados-unidos\/#primaryimage\",\"url\":\"https:\/\/www.idol.cz\/wp-content\/uploads\/2019\/08\/idol-spas-irena-lite-2020.jpg\",\"contentUrl\":\"https:\/\/www.idol.cz\/wp-content\/uploads\/2019\/08\/idol-spas-irena-lite-2020.jpg\",\"width\":1080,\"height\":1080,\"caption\":\"Idol Spas Hot Tub Irena Lite\"},{\"@type\":\"BreadcrumbList\",\"@id\":\"https:\/\/www.idol.cz\/es\/produkt\/jacuzzi-es\/estados-unidos\/#breadcrumb\",\"itemListElement\":[{\"@type\":\"ListItem\",\"position\":1,\"name\":\"Dom\u016f\",\"item\":\"https:\/\/www.idol.cz\/es\/\"},{\"@type\":\"ListItem\",\"position\":2,\"name\":\"E-shop\",\"item\":\"https:\/\/www.idol.cz\/es\/tienda\/\"},{\"@type\":\"ListItem\",\"position\":3,\"name\":\"Jacuzzi\",\"item\":\"https:\/\/www.idol.cz\/es\/kategorie-produktu\/jacuzzi-es\/\"},{\"@type\":\"ListItem\",\"position\":4,\"name\":\"Irena Lite\"}]},{\"@type\":\"WebSite\",\"@id\":\"https:\/\/www.idol.cz\/es\/#website\",\"url\":\"https:\/\/www.idol.cz\/es\/\",\"name\":\"v\u00ed\u0159ivky venkovn\u00ed, swim spa, baz\u00e9ny\",\"description\":\"Luxusn\u00ed \u010desk\u00e9 v\u00ed\u0159ivky a swim spa\",\"publisher\":{\"@id\":\"https:\/\/www.idol.cz\/es\/#organization\"},\"potentialAction\":[{\"@type\":\"SearchAction\",\"target\":{\"@type\":\"EntryPoint\",\"urlTemplate\":\"https:\/\/www.idol.cz\/es\/?s={search_term_string}\"},\"query-input\":{\"@type\":\"PropertyValueSpecification\",\"valueRequired\":true,\"valueName\":\"search_term_string\"}}],\"inLanguage\":\"es\"},{\"@type\":\"Organization\",\"@id\":\"https:\/\/www.idol.cz\/es\/#organization\",\"name\":\"IDOL SPAS, s.r.o.\",\"url\":\"https:\/\/www.idol.cz\/es\/\",\"logo\":{\"@type\":\"ImageObject\",\"inLanguage\":\"es\",\"@id\":\"https:\/\/www.idol.cz\/es\/#\/schema\/logo\/image\/\",\"url\":\"https:\/\/www.idol.cz\/wp-content\/uploads\/2020\/02\/idol-spas-logo.png\",\"contentUrl\":\"https:\/\/www.idol.cz\/wp-content\/uploads\/2020\/02\/idol-spas-logo.png\",\"width\":512,\"height\":206,\"caption\":\"IDOL SPAS, s.r.o.\"},\"image\":{\"@id\":\"https:\/\/www.idol.cz\/es\/#\/schema\/logo\/image\/\"},\"sameAs\":[\"https:\/\/www.facebook.com\/IdolSpas\/\"]}]}<\/script>\n<!-- \/ Yoast SEO Premium plugin. -->","yoast_head_json":{"title":"Irena Lite \u2013 ba\u00f1era de hidromasaje al aire libre de lujo no s\u00f3lo para el jard\u00edn para dos | ba\u00f1eras de hidromasaje al aire libre, spa para nadar, piscinas","description":"Nela ba\u00f1era de hidromasaje para dos al aire libre no s\u00f3lo para el jard\u00edn. Se puede colocar en interiores m\u00e1s peque\u00f1os, en el balc\u00f3n, terraza o ba\u00f1o. Ba\u00f1era de hidromasaje de acr\u00edlico y terraza","robots":{"index":"index","follow":"follow","max-snippet":"max-snippet:-1","max-image-preview":"max-image-preview:large","max-video-preview":"max-video-preview:-1"},"canonical":"https:\/\/www.idol.cz\/es\/produkt\/jacuzzi-es\/estados-unidos\/","og_locale":"es_ES","og_type":"article","og_title":"Irena Lite","og_description":"Nela ba\u00f1era de hidromasaje para dos al aire libre no s\u00f3lo para el jard\u00edn. Se puede colocar en interiores m\u00e1s peque\u00f1os, en el balc\u00f3n, terraza o ba\u00f1o. Ba\u00f1era de hidromasaje de acr\u00edlico y terraza","og_url":"https:\/\/www.idol.cz\/es\/produkt\/jacuzzi-es\/estados-unidos\/","og_site_name":"ba\u00f1eras de hidromasaje al aire libre, spa para nadar, piscinas","article_publisher":"https:\/\/www.facebook.com\/IdolSpas\/","og_image":[{"url":"https:\/\/www.idol.cz\/wp-content\/uploads\/2018\/10\/idol-spas-luxusni-virivky-nela-2-fb.jpg","type":"","width":"","height":""}],"twitter_card":"summary_large_image","schema":{"@context":"https:\/\/schema.org","@graph":[{"@type":"WebPage","@id":"https:\/\/www.idol.cz\/es\/produkt\/jacuzzi-es\/estados-unidos\/","url":"https:\/\/www.idol.cz\/es\/produkt\/jacuzzi-es\/estados-unidos\/","name":"Irena Lite \u2013 ba\u00f1era de hidromasaje al aire libre de lujo no s\u00f3lo para el jard\u00edn para dos | ba\u00f1eras de hidromasaje al aire libre, spa para nadar, piscinas","isPartOf":{"@id":"https:\/\/www.idol.cz\/es\/#website"},"primaryImageOfPage":{"@id":"https:\/\/www.idol.cz\/es\/produkt\/jacuzzi-es\/estados-unidos\/#primaryimage"},"image":{"@id":"https:\/\/www.idol.cz\/es\/produkt\/jacuzzi-es\/estados-unidos\/#primaryimage"},"thumbnailUrl":"https:\/\/www.idol.cz\/wp-content\/uploads\/2019\/08\/idol-spas-irena-lite-2020.jpg","datePublished":"2020-06-06T20:09:56+00:00","description":"Nela ba\u00f1era de hidromasaje para dos al aire libre no s\u00f3lo para el jard\u00edn. Se puede colocar en interiores m\u00e1s peque\u00f1os, en el balc\u00f3n, terraza o ba\u00f1o. Ba\u00f1era de hidromasaje de acr\u00edlico y terraza","breadcrumb":{"@id":"https:\/\/www.idol.cz\/es\/produkt\/jacuzzi-es\/estados-unidos\/#breadcrumb"},"inLanguage":"es","potentialAction":[{"@type":"ReadAction","target":["https:\/\/www.idol.cz\/es\/produkt\/jacuzzi-es\/estados-unidos\/"]}]},{"@type":"ImageObject","inLanguage":"es","@id":"https:\/\/www.idol.cz\/es\/produkt\/jacuzzi-es\/estados-unidos\/#primaryimage","url":"https:\/\/www.idol.cz\/wp-content\/uploads\/2019\/08\/idol-spas-irena-lite-2020.jpg","contentUrl":"https:\/\/www.idol.cz\/wp-content\/uploads\/2019\/08\/idol-spas-irena-lite-2020.jpg","width":1080,"height":1080,"caption":"Idol Spas Hot Tub Irena Lite"},{"@type":"BreadcrumbList","@id":"https:\/\/www.idol.cz\/es\/produkt\/jacuzzi-es\/estados-unidos\/#breadcrumb","itemListElement":[{"@type":"ListItem","position":1,"name":"Dom\u016f","item":"https:\/\/www.idol.cz\/es\/"},{"@type":"ListItem","position":2,"name":"E-shop","item":"https:\/\/www.idol.cz\/es\/tienda\/"},{"@type":"ListItem","position":3,"name":"Jacuzzi","item":"https:\/\/www.idol.cz\/es\/kategorie-produktu\/jacuzzi-es\/"},{"@type":"ListItem","position":4,"name":"Irena Lite"}]},{"@type":"WebSite","@id":"https:\/\/www.idol.cz\/es\/#website","url":"https:\/\/www.idol.cz\/es\/","name":"v\u00ed\u0159ivky venkovn\u00ed, swim spa, baz\u00e9ny","description":"Luxusn\u00ed \u010desk\u00e9 v\u00ed\u0159ivky a swim spa","publisher":{"@id":"https:\/\/www.idol.cz\/es\/#organization"},"potentialAction":[{"@type":"SearchAction","target":{"@type":"EntryPoint","urlTemplate":"https:\/\/www.idol.cz\/es\/?s={search_term_string}"},"query-input":{"@type":"PropertyValueSpecification","valueRequired":true,"valueName":"search_term_string"}}],"inLanguage":"es"},{"@type":"Organization","@id":"https:\/\/www.idol.cz\/es\/#organization","name":"IDOL SPAS, s.r.o.","url":"https:\/\/www.idol.cz\/es\/","logo":{"@type":"ImageObject","inLanguage":"es","@id":"https:\/\/www.idol.cz\/es\/#\/schema\/logo\/image\/","url":"https:\/\/www.idol.cz\/wp-content\/uploads\/2020\/02\/idol-spas-logo.png","contentUrl":"https:\/\/www.idol.cz\/wp-content\/uploads\/2020\/02\/idol-spas-logo.png","width":512,"height":206,"caption":"IDOL SPAS, s.r.o."},"image":{"@id":"https:\/\/www.idol.cz\/es\/#\/schema\/logo\/image\/"},"sameAs":["https:\/\/www.facebook.com\/IdolSpas\/"]}]}},"_links":{"self":[{"href":"https:\/\/www.idol.cz\/es\/wp-json\/wp\/v2\/product\/14068"}],"collection":[{"href":"https:\/\/www.idol.cz\/es\/wp-json\/wp\/v2\/product"}],"about":[{"href":"https:\/\/www.idol.cz\/es\/wp-json\/wp\/v2\/types\/product"}],"wp:featuredmedia":[{"embeddable":true,"href":"https:\/\/www.idol.cz\/es\/wp-json\/wp\/v2\/media\/11401"}],"wp:attachment":[{"href":"https:\/\/www.idol.cz\/es\/wp-json\/wp\/v2\/media?parent=14068"}],"wp:term":[{"taxonomy":"product_cat","embeddable":true,"href":"https:\/\/www.idol.cz\/es\/wp-json\/wp\/v2\/product_cat?post=14068"},{"taxonomy":"product_tag","embeddable":true,"href":"https:\/\/www.idol.cz\/es\/wp-json\/wp\/v2\/product_tag?post=14068"}],"curies":[{"name":"wp","href":"https:\/\/api.w.org\/{rel}","templated":true}]}}