{"id":14379,"date":"2020-02-12T22:30:13","date_gmt":"2020-06-06T20:12:01","guid":{"rendered":"https:\/\/idol.cz\/produkt\/nezarazene\/bomba-de-circulacion-separada-de-la-banera-de-hidromasaje\/"},"modified":"2020-06-06T22:12:02","modified_gmt":"2020-06-06T20:12:02","slug":"separatni-circaculni-cerl-virivky","status":"publish","type":"product","link":"https:\/\/www.idol.cz\/es\/produkt\/nezarazene-es\/separatni-circaculni-cerl-virivky\/","title":{"rendered":"Bomba de circulaci\u00f3n separada de la ba\u00f1era de hidromasaje"},"content":{"rendered":"<p>Bomba de circulaci\u00f3n separada de la ba\u00f1era de hidromasaje.<\/p>\n","protected":false},"excerpt":{"rendered":"<p>Bomba de circulaci\u00f3n separada de la ba\u00f1era de hidromasaje.<\/p>\n","protected":false},"featured_media":16448,"template":"","meta":[],"product_cat":[15],"product_tag":[],"class_list":{"0":"post-14379","1":"product","2":"type-product","3":"status-publish","4":"has-post-thumbnail","6":"product_cat-nezarazene","8":"first","9":"instock","10":"taxable","11":"shipping-taxable","12":"purchasable","13":"product-type-simple"},"yoast_head":"<!-- This site is optimized with the Yoast SEO Premium plugin v24.9 (Yoast SEO v24.9) - https:\/\/yoast.com\/wordpress\/plugins\/seo\/ -->\n<title>Bomba de circulaci\u00f3n separada de la ba\u00f1era de hidromasaje | ba\u00f1eras de hidromasaje al aire libre, spa para nadar, piscinas<\/title>\n<meta name=\"robots\" content=\"index, follow, max-snippet:-1, max-image-preview:large, max-video-preview:-1\" \/>\n<link rel=\"canonical\" href=\"https:\/\/www.idol.cz\/es\/produkt\/nezarazene-es\/separatni-circaculni-cerl-virivky\/\" \/>\n<meta property=\"og:locale\" content=\"es_ES\" \/>\n<meta property=\"og:type\" content=\"article\" \/>\n<meta property=\"og:title\" content=\"Bomba de circulaci\u00f3n separada de la ba\u00f1era de hidromasaje\" \/>\n<meta property=\"og:description\" content=\"Bomba de circulaci\u00f3n separada de la ba\u00f1era de hidromasaje.\" \/>\n<meta property=\"og:url\" content=\"https:\/\/www.idol.cz\/es\/produkt\/nezarazene-es\/separatni-circaculni-cerl-virivky\/\" \/>\n<meta property=\"og:site_name\" content=\"ba\u00f1eras de hidromasaje al aire libre, spa para nadar, piscinas\" \/>\n<meta property=\"article:publisher\" content=\"https:\/\/www.facebook.com\/IdolSpas\/\" \/>\n<meta property=\"article:modified_time\" content=\"2020-06-06T20:12:02+00:00\" \/>\n<meta property=\"og:image\" content=\"https:\/\/www.idol.cz\/wp-content\/uploads\/2020\/02\/Web_CircMaster.jpg\" \/>\n\t<meta property=\"og:image:width\" content=\"1000\" \/>\n\t<meta property=\"og:image:height\" content=\"548\" \/>\n\t<meta property=\"og:image:type\" content=\"image\/jpeg\" \/>\n<meta name=\"twitter:card\" content=\"summary_large_image\" \/>\n<script type=\"application\/ld+json\" class=\"yoast-schema-graph\">{\"@context\":\"https:\/\/schema.org\",\"@graph\":[{\"@type\":\"WebPage\",\"@id\":\"https:\/\/www.idol.cz\/es\/produkt\/nezarazene-es\/separatni-circaculni-cerl-virivky\/\",\"url\":\"https:\/\/www.idol.cz\/es\/produkt\/nezarazene-es\/separatni-circaculni-cerl-virivky\/\",\"name\":\"Bomba de circulaci\u00f3n separada de la ba\u00f1era de hidromasaje | ba\u00f1eras de hidromasaje al aire libre, spa para nadar, piscinas\",\"isPartOf\":{\"@id\":\"\/#website\"},\"primaryImageOfPage\":{\"@id\":\"https:\/\/www.idol.cz\/es\/produkt\/nezarazene-es\/separatni-circaculni-cerl-virivky\/#primaryimage\"},\"image\":{\"@id\":\"https:\/\/www.idol.cz\/es\/produkt\/nezarazene-es\/separatni-circaculni-cerl-virivky\/#primaryimage\"},\"thumbnailUrl\":\"https:\/\/www.idol.cz\/wp-content\/uploads\/2020\/02\/Web_CircMaster.jpg\",\"datePublished\":\"2020-06-06T20:12:01+00:00\",\"dateModified\":\"2020-06-06T20:12:02+00:00\",\"breadcrumb\":{\"@id\":\"https:\/\/www.idol.cz\/es\/produkt\/nezarazene-es\/separatni-circaculni-cerl-virivky\/#breadcrumb\"},\"inLanguage\":\"es\",\"potentialAction\":[{\"@type\":\"ReadAction\",\"target\":[\"https:\/\/www.idol.cz\/es\/produkt\/nezarazene-es\/separatni-circaculni-cerl-virivky\/\"]}]},{\"@type\":\"ImageObject\",\"inLanguage\":\"es\",\"@id\":\"https:\/\/www.idol.cz\/es\/produkt\/nezarazene-es\/separatni-circaculni-cerl-virivky\/#primaryimage\",\"url\":\"https:\/\/www.idol.cz\/wp-content\/uploads\/2020\/02\/Web_CircMaster.jpg\",\"contentUrl\":\"https:\/\/www.idol.cz\/wp-content\/uploads\/2020\/02\/Web_CircMaster.jpg\",\"width\":1000,\"height\":548,\"caption\":\"Bomba de circulaci\u00f3n Gecko hidromasaje y spa de nataci\u00f3n\"},{\"@type\":\"BreadcrumbList\",\"@id\":\"https:\/\/www.idol.cz\/es\/produkt\/nezarazene-es\/separatni-circaculni-cerl-virivky\/#breadcrumb\",\"itemListElement\":[{\"@type\":\"ListItem\",\"position\":1,\"name\":\"Dom\u016f\",\"item\":\"https:\/\/www.idol.cz\/es\/\"},{\"@type\":\"ListItem\",\"position\":2,\"name\":\"Neza\u0159azen\u00e9\",\"item\":\"https:\/\/www.idol.cz\/es\/kategorie-produktu\/nezarazene-es\/\"},{\"@type\":\"ListItem\",\"position\":3,\"name\":\"Bomba de circulaci\u00f3n separada de la ba\u00f1era de hidromasaje\"}]},{\"@type\":\"WebSite\",\"@id\":\"\/#website\",\"url\":\"\/\",\"name\":\"v\u00ed\u0159ivky venkovn\u00ed, swim spa, baz\u00e9ny\",\"description\":\"Luxusn\u00ed \u010desk\u00e9 v\u00ed\u0159ivky a swim spa\",\"publisher\":{\"@id\":\"\/#organization\"},\"potentialAction\":[{\"@type\":\"SearchAction\",\"target\":{\"@type\":\"EntryPoint\",\"urlTemplate\":\"\/?s={search_term_string}\"},\"query-input\":{\"@type\":\"PropertyValueSpecification\",\"valueRequired\":true,\"valueName\":\"search_term_string\"}}],\"inLanguage\":\"es\"},{\"@type\":\"Organization\",\"@id\":\"\/#organization\",\"name\":\"IDOL SPAS, s.r.o.\",\"url\":\"\/\",\"logo\":{\"@type\":\"ImageObject\",\"inLanguage\":\"es\",\"@id\":\"\/#\/schema\/logo\/image\/\",\"url\":\"https:\/\/www.idol.cz\/wp-content\/uploads\/2020\/02\/idol-spas-logo.png\",\"contentUrl\":\"https:\/\/www.idol.cz\/wp-content\/uploads\/2020\/02\/idol-spas-logo.png\",\"width\":512,\"height\":206,\"caption\":\"IDOL SPAS, s.r.o.\"},\"image\":{\"@id\":\"\/#\/schema\/logo\/image\/\"},\"sameAs\":[\"https:\/\/www.facebook.com\/IdolSpas\/\"]}]}<\/script>\n<!-- \/ Yoast SEO Premium plugin. -->","yoast_head_json":{"title":"Bomba de circulaci\u00f3n separada de la ba\u00f1era de hidromasaje | ba\u00f1eras de hidromasaje al aire libre, spa para nadar, piscinas","robots":{"index":"index","follow":"follow","max-snippet":"max-snippet:-1","max-image-preview":"max-image-preview:large","max-video-preview":"max-video-preview:-1"},"canonical":"https:\/\/www.idol.cz\/es\/produkt\/nezarazene-es\/separatni-circaculni-cerl-virivky\/","og_locale":"es_ES","og_type":"article","og_title":"Bomba de circulaci\u00f3n separada de la ba\u00f1era de hidromasaje","og_description":"Bomba de circulaci\u00f3n separada de la ba\u00f1era de hidromasaje.","og_url":"https:\/\/www.idol.cz\/es\/produkt\/nezarazene-es\/separatni-circaculni-cerl-virivky\/","og_site_name":"ba\u00f1eras de hidromasaje al aire libre, spa para nadar, piscinas","article_publisher":"https:\/\/www.facebook.com\/IdolSpas\/","article_modified_time":"2020-06-06T20:12:02+00:00","og_image":[{"width":1000,"height":548,"url":"https:\/\/www.idol.cz\/wp-content\/uploads\/2020\/02\/Web_CircMaster.jpg","type":"image\/jpeg"}],"twitter_card":"summary_large_image","schema":{"@context":"https:\/\/schema.org","@graph":[{"@type":"WebPage","@id":"https:\/\/www.idol.cz\/es\/produkt\/nezarazene-es\/separatni-circaculni-cerl-virivky\/","url":"https:\/\/www.idol.cz\/es\/produkt\/nezarazene-es\/separatni-circaculni-cerl-virivky\/","name":"Bomba de circulaci\u00f3n separada de la ba\u00f1era de hidromasaje | ba\u00f1eras de hidromasaje al aire libre, spa para nadar, piscinas","isPartOf":{"@id":"\/#website"},"primaryImageOfPage":{"@id":"https:\/\/www.idol.cz\/es\/produkt\/nezarazene-es\/separatni-circaculni-cerl-virivky\/#primaryimage"},"image":{"@id":"https:\/\/www.idol.cz\/es\/produkt\/nezarazene-es\/separatni-circaculni-cerl-virivky\/#primaryimage"},"thumbnailUrl":"https:\/\/www.idol.cz\/wp-content\/uploads\/2020\/02\/Web_CircMaster.jpg","datePublished":"2020-06-06T20:12:01+00:00","dateModified":"2020-06-06T20:12:02+00:00","breadcrumb":{"@id":"https:\/\/www.idol.cz\/es\/produkt\/nezarazene-es\/separatni-circaculni-cerl-virivky\/#breadcrumb"},"inLanguage":"es","potentialAction":[{"@type":"ReadAction","target":["https:\/\/www.idol.cz\/es\/produkt\/nezarazene-es\/separatni-circaculni-cerl-virivky\/"]}]},{"@type":"ImageObject","inLanguage":"es","@id":"https:\/\/www.idol.cz\/es\/produkt\/nezarazene-es\/separatni-circaculni-cerl-virivky\/#primaryimage","url":"https:\/\/www.idol.cz\/wp-content\/uploads\/2020\/02\/Web_CircMaster.jpg","contentUrl":"https:\/\/www.idol.cz\/wp-content\/uploads\/2020\/02\/Web_CircMaster.jpg","width":1000,"height":548,"caption":"Bomba de circulaci\u00f3n Gecko hidromasaje y spa de nataci\u00f3n"},{"@type":"BreadcrumbList","@id":"https:\/\/www.idol.cz\/es\/produkt\/nezarazene-es\/separatni-circaculni-cerl-virivky\/#breadcrumb","itemListElement":[{"@type":"ListItem","position":1,"name":"Dom\u016f","item":"https:\/\/www.idol.cz\/es\/"},{"@type":"ListItem","position":2,"name":"Neza\u0159azen\u00e9","item":"https:\/\/www.idol.cz\/es\/kategorie-produktu\/nezarazene-es\/"},{"@type":"ListItem","position":3,"name":"Bomba de circulaci\u00f3n separada de la ba\u00f1era de hidromasaje"}]},{"@type":"WebSite","@id":"\/#website","url":"\/","name":"v\u00ed\u0159ivky venkovn\u00ed, swim spa, baz\u00e9ny","description":"Luxusn\u00ed \u010desk\u00e9 v\u00ed\u0159ivky a swim spa","publisher":{"@id":"\/#organization"},"potentialAction":[{"@type":"SearchAction","target":{"@type":"EntryPoint","urlTemplate":"\/?s={search_term_string}"},"query-input":{"@type":"PropertyValueSpecification","valueRequired":true,"valueName":"search_term_string"}}],"inLanguage":"es"},{"@type":"Organization","@id":"\/#organization","name":"IDOL SPAS, s.r.o.","url":"\/","logo":{"@type":"ImageObject","inLanguage":"es","@id":"\/#\/schema\/logo\/image\/","url":"https:\/\/www.idol.cz\/wp-content\/uploads\/2020\/02\/idol-spas-logo.png","contentUrl":"https:\/\/www.idol.cz\/wp-content\/uploads\/2020\/02\/idol-spas-logo.png","width":512,"height":206,"caption":"IDOL SPAS, s.r.o."},"image":{"@id":"\/#\/schema\/logo\/image\/"},"sameAs":["https:\/\/www.facebook.com\/IdolSpas\/"]}]}},"_links":{"self":[{"href":"https:\/\/www.idol.cz\/es\/wp-json\/wp\/v2\/product\/14379"}],"collection":[{"href":"https:\/\/www.idol.cz\/es\/wp-json\/wp\/v2\/product"}],"about":[{"href":"https:\/\/www.idol.cz\/es\/wp-json\/wp\/v2\/types\/product"}],"wp:featuredmedia":[{"embeddable":true,"href":"https:\/\/www.idol.cz\/es\/wp-json\/wp\/v2\/media\/16448"}],"wp:attachment":[{"href":"https:\/\/www.idol.cz\/es\/wp-json\/wp\/v2\/media?parent=14379"}],"wp:term":[{"taxonomy":"product_cat","embeddable":true,"href":"https:\/\/www.idol.cz\/es\/wp-json\/wp\/v2\/product_cat?post=14379"},{"taxonomy":"product_tag","embeddable":true,"href":"https:\/\/www.idol.cz\/es\/wp-json\/wp\/v2\/product_tag?post=14379"}],"curies":[{"name":"wp","href":"https:\/\/api.w.org\/{rel}","templated":true}]}}