{"id":14384,"date":"2020-02-12T22:31:24","date_gmt":"2020-06-06T20:12:02","guid":{"rendered":"https:\/\/idol.cz\/produkt\/nezarazene\/sistema-v-para-baneras-de-hidromasaje-spa-de-natacion-y-piscinas-de-sal-para-desinfeccion-de-sul\/"},"modified":"2020-06-06T22:12:02","modified_gmt":"2020-06-06T20:12:02","slug":"system-vpro-virivky-swim-spa-and-bazeny-na-solny-way-desinfection-na-sul","status":"publish","type":"product","link":"https:\/\/www.idol.cz\/es\/produkt\/nezarazene-es\/system-vpro-virivky-swim-spa-and-bazeny-na-solny-way-desinfection-na-sul\/","title":{"rendered":"Sistema V para ba\u00f1eras de hidromasaje, spa de nataci\u00f3n y piscinas de sal para desinfecci\u00f3n de sul"},"content":{"rendered":"<p>Ba\u00f1era de hidromasaje para sistema de desinfecci\u00f3n de sal.<\/p>\n<h2><strong>ASIN Aqua SALT REDOX para piscinas y arenas de ba\u00f1o<\/strong><\/h2>\n<p>Electrolizador de \u00faltima generaci\u00f3n para la desinfecci\u00f3n de ba\u00f1era de hidromasaje y agua de piscina de spa de nataci\u00f3n. Dise\u00f1o exclusivo en el que la gesti\u00f3n y dosificaci\u00f3n se combinaron en una unidad de acero inoxidable perfectamente procesada con medici\u00f3n de salinidad integrada (contenido de sal actual en agua de piscina) y dosificaci\u00f3n de alguicidas para una calidad integral del agua.<\/p>\n<p>Adecuado para <strong>piscinas<\/strong> <strong>de spa<\/strong> y <strong>ba\u00f1eras de hidromasaje<\/strong> 1m<sup>3<\/sup> \u2013 70 m<sup>3<\/sup><br \/>\n(para piscinas m\u00e1s grandes o extremadamente cargadas, asIN Salt se puede conectar).<\/p>\n<ul>\n<li>Los electrodos de titanio con recubrimiento ruthenio-iridius se utilizan para la electr\u00f3lisis, lo que garantiza un alto rendimiento y una larga vida \u00fatil. El material del electrodo tambi\u00e9n garantiza que los metales duros no se liberan en el agua.<\/li>\n<li>La electr\u00f3nica de la unidad de control proporciona autolimpieza de electrodos.<\/li>\n<li>La concentraci\u00f3n de sal requerida es de 4 \u2013 8 kg por 1 m<sup>3<\/sup>. Esta concentraci\u00f3n es 10 veces menor que en el agua de mar.<\/li>\n<li>No se quema en los ojos y tiene un efecto profil\u00e1ctico sobre la piel.<\/li>\n<li>Incluye sonda REDOX<\/li>\n<\/ul>\n<ul>\n<li>Pantalla t\u00e1ctil<\/li>\n<li>F\u00e1cil operaci\u00f3n <\/li>\n<li>Control en varios idiomas <\/li>\n<li>Dise\u00f1o compacto<\/li>\n<li>Bombas perist\u00e1lticas<\/li>\n<li>Muy f\u00e1cil de instalar<\/li>\n<li>Caracter\u00edsticas de seguridad avanzadas<\/li>\n<li>Detecta el flujo de agua medida<\/li>\n<li>Salida de Internet y pantalla externa<\/li>\n<li>Con la posibilidad de conectar y controlar el term\u00f3metro, filtraci\u00f3n, monitoreo de nivel en el tanque de desbordamiento, o skimmer.<\/li>\n<\/ul>\n","protected":false},"excerpt":{"rendered":"<p>Ba\u00f1era de hidromasaje para sistema de desinfecci\u00f3n de sal. ASIN Aqua SALT REDOX para piscinas y arenas de ba\u00f1o Electrolizador de \u00faltima generaci\u00f3n para la desinfecci\u00f3n de ba\u00f1era de hidromasaje y agua de piscina de spa de nataci\u00f3n. Dise\u00f1o exclusivo en el que la gesti\u00f3n y dosificaci\u00f3n se combinaron en una unidad de acero inoxidable [&hellip;]<\/p>\n","protected":false},"featured_media":0,"template":"","meta":[],"product_cat":[195],"product_tag":[],"class_list":{"0":"post-14384","1":"product","2":"type-product","3":"status-publish","5":"product_cat-nezarazene-es","7":"first","8":"instock","9":"taxable","10":"shipping-taxable","11":"purchasable","12":"product-type-simple"},"yoast_head":"<!-- This site is optimized with the Yoast SEO Premium plugin v24.9 (Yoast SEO v24.9) - https:\/\/yoast.com\/wordpress\/plugins\/seo\/ -->\n<title>Sistema V para ba\u00f1eras de hidromasaje, spa de nataci\u00f3n y piscinas de sal para desinfecci\u00f3n de sul | Asin sal acu\u00e1tica para nadar arenas y piscinas de spa<\/title>\n<meta name=\"description\" content=\"Asin sal acu\u00e1tica para el spa de nataci\u00f3n y piscinas. sistema de sal para el tratamiento de la sal.\" \/>\n<meta name=\"robots\" content=\"index, follow, max-snippet:-1, max-image-preview:large, max-video-preview:-1\" \/>\n<link rel=\"canonical\" href=\"https:\/\/www.idol.cz\/es\/produkt\/nezarazene-es\/system-vpro-virivky-swim-spa-and-bazeny-na-solny-way-desinfection-na-sul\/\" \/>\n<meta property=\"og:locale\" content=\"es_ES\" \/>\n<meta property=\"og:type\" content=\"article\" \/>\n<meta property=\"og:title\" content=\"Sistema V para ba\u00f1eras de hidromasaje, spa de nataci\u00f3n y piscinas de sal para desinfecci\u00f3n de sul\" \/>\n<meta property=\"og:description\" content=\"Asin sal acu\u00e1tica para el spa de nataci\u00f3n y piscinas. sistema de sal para el tratamiento de la sal.\" \/>\n<meta property=\"og:url\" content=\"https:\/\/www.idol.cz\/es\/produkt\/nezarazene-es\/system-vpro-virivky-swim-spa-and-bazeny-na-solny-way-desinfection-na-sul\/\" \/>\n<meta property=\"og:site_name\" content=\"ba\u00f1eras de hidromasaje al aire libre, spa para nadar, piscinas\" \/>\n<meta property=\"article:publisher\" content=\"https:\/\/www.facebook.com\/IdolSpas\/\" \/>\n<meta name=\"twitter:card\" content=\"summary_large_image\" \/>\n<meta name=\"twitter:label1\" content=\"Tiempo de lectura\" \/>\n\t<meta name=\"twitter:data1\" content=\"1 minuto\" \/>\n<script type=\"application\/ld+json\" class=\"yoast-schema-graph\">{\"@context\":\"https:\/\/schema.org\",\"@graph\":[{\"@type\":\"WebPage\",\"@id\":\"https:\/\/www.idol.cz\/es\/produkt\/nezarazene-es\/system-vpro-virivky-swim-spa-and-bazeny-na-solny-way-desinfection-na-sul\/\",\"url\":\"https:\/\/www.idol.cz\/es\/produkt\/nezarazene-es\/system-vpro-virivky-swim-spa-and-bazeny-na-solny-way-desinfection-na-sul\/\",\"name\":\"Sistema V para ba\u00f1eras de hidromasaje, spa de nataci\u00f3n y piscinas de sal para desinfecci\u00f3n de sul | Asin sal acu\u00e1tica para nadar arenas y piscinas de spa\",\"isPartOf\":{\"@id\":\"https:\/\/www.idol.cz\/es\/#website\"},\"datePublished\":\"2020-06-06T20:12:02+00:00\",\"description\":\"Asin sal acu\u00e1tica para el spa de nataci\u00f3n y piscinas. sistema de sal para el tratamiento de la sal.\",\"breadcrumb\":{\"@id\":\"https:\/\/www.idol.cz\/es\/produkt\/nezarazene-es\/system-vpro-virivky-swim-spa-and-bazeny-na-solny-way-desinfection-na-sul\/#breadcrumb\"},\"inLanguage\":\"es\",\"potentialAction\":[{\"@type\":\"ReadAction\",\"target\":[\"https:\/\/www.idol.cz\/es\/produkt\/nezarazene-es\/system-vpro-virivky-swim-spa-and-bazeny-na-solny-way-desinfection-na-sul\/\"]}]},{\"@type\":\"BreadcrumbList\",\"@id\":\"https:\/\/www.idol.cz\/es\/produkt\/nezarazene-es\/system-vpro-virivky-swim-spa-and-bazeny-na-solny-way-desinfection-na-sul\/#breadcrumb\",\"itemListElement\":[{\"@type\":\"ListItem\",\"position\":1,\"name\":\"Dom\u016f\",\"item\":\"https:\/\/www.idol.cz\/es\/\"},{\"@type\":\"ListItem\",\"position\":2,\"name\":\"E-shop\",\"item\":\"https:\/\/www.idol.cz\/es\/tienda\/\"},{\"@type\":\"ListItem\",\"position\":3,\"name\":\"Neza\u0159azen\u00e9\",\"item\":\"https:\/\/www.idol.cz\/es\/kategorie-produktu\/nezarazene-es\/\"},{\"@type\":\"ListItem\",\"position\":4,\"name\":\"Sistema V para ba\u00f1eras de hidromasaje, spa de nataci\u00f3n y piscinas de sal para desinfecci\u00f3n de sul\"}]},{\"@type\":\"WebSite\",\"@id\":\"https:\/\/www.idol.cz\/es\/#website\",\"url\":\"https:\/\/www.idol.cz\/es\/\",\"name\":\"v\u00ed\u0159ivky venkovn\u00ed, swim spa, baz\u00e9ny\",\"description\":\"Luxusn\u00ed \u010desk\u00e9 v\u00ed\u0159ivky a swim spa\",\"publisher\":{\"@id\":\"https:\/\/www.idol.cz\/es\/#organization\"},\"potentialAction\":[{\"@type\":\"SearchAction\",\"target\":{\"@type\":\"EntryPoint\",\"urlTemplate\":\"https:\/\/www.idol.cz\/es\/?s={search_term_string}\"},\"query-input\":{\"@type\":\"PropertyValueSpecification\",\"valueRequired\":true,\"valueName\":\"search_term_string\"}}],\"inLanguage\":\"es\"},{\"@type\":\"Organization\",\"@id\":\"https:\/\/www.idol.cz\/es\/#organization\",\"name\":\"IDOL SPAS, s.r.o.\",\"url\":\"https:\/\/www.idol.cz\/es\/\",\"logo\":{\"@type\":\"ImageObject\",\"inLanguage\":\"es\",\"@id\":\"https:\/\/www.idol.cz\/es\/#\/schema\/logo\/image\/\",\"url\":\"https:\/\/www.idol.cz\/wp-content\/uploads\/2020\/02\/idol-spas-logo.png\",\"contentUrl\":\"https:\/\/www.idol.cz\/wp-content\/uploads\/2020\/02\/idol-spas-logo.png\",\"width\":512,\"height\":206,\"caption\":\"IDOL SPAS, s.r.o.\"},\"image\":{\"@id\":\"https:\/\/www.idol.cz\/es\/#\/schema\/logo\/image\/\"},\"sameAs\":[\"https:\/\/www.facebook.com\/IdolSpas\/\"]}]}<\/script>\n<!-- \/ Yoast SEO Premium plugin. -->","yoast_head_json":{"title":"Sistema V para ba\u00f1eras de hidromasaje, spa de nataci\u00f3n y piscinas de sal para desinfecci\u00f3n de sul | Asin sal acu\u00e1tica para nadar arenas y piscinas de spa","description":"Asin sal acu\u00e1tica para el spa de nataci\u00f3n y piscinas. sistema de sal para el tratamiento de la sal.","robots":{"index":"index","follow":"follow","max-snippet":"max-snippet:-1","max-image-preview":"max-image-preview:large","max-video-preview":"max-video-preview:-1"},"canonical":"https:\/\/www.idol.cz\/es\/produkt\/nezarazene-es\/system-vpro-virivky-swim-spa-and-bazeny-na-solny-way-desinfection-na-sul\/","og_locale":"es_ES","og_type":"article","og_title":"Sistema V para ba\u00f1eras de hidromasaje, spa de nataci\u00f3n y piscinas de sal para desinfecci\u00f3n de sul","og_description":"Asin sal acu\u00e1tica para el spa de nataci\u00f3n y piscinas. sistema de sal para el tratamiento de la sal.","og_url":"https:\/\/www.idol.cz\/es\/produkt\/nezarazene-es\/system-vpro-virivky-swim-spa-and-bazeny-na-solny-way-desinfection-na-sul\/","og_site_name":"ba\u00f1eras de hidromasaje al aire libre, spa para nadar, piscinas","article_publisher":"https:\/\/www.facebook.com\/IdolSpas\/","twitter_card":"summary_large_image","twitter_misc":{"Tiempo de lectura":"1 minuto"},"schema":{"@context":"https:\/\/schema.org","@graph":[{"@type":"WebPage","@id":"https:\/\/www.idol.cz\/es\/produkt\/nezarazene-es\/system-vpro-virivky-swim-spa-and-bazeny-na-solny-way-desinfection-na-sul\/","url":"https:\/\/www.idol.cz\/es\/produkt\/nezarazene-es\/system-vpro-virivky-swim-spa-and-bazeny-na-solny-way-desinfection-na-sul\/","name":"Sistema V para ba\u00f1eras de hidromasaje, spa de nataci\u00f3n y piscinas de sal para desinfecci\u00f3n de sul | Asin sal acu\u00e1tica para nadar arenas y piscinas de spa","isPartOf":{"@id":"https:\/\/www.idol.cz\/es\/#website"},"datePublished":"2020-06-06T20:12:02+00:00","description":"Asin sal acu\u00e1tica para el spa de nataci\u00f3n y piscinas. sistema de sal para el tratamiento de la sal.","breadcrumb":{"@id":"https:\/\/www.idol.cz\/es\/produkt\/nezarazene-es\/system-vpro-virivky-swim-spa-and-bazeny-na-solny-way-desinfection-na-sul\/#breadcrumb"},"inLanguage":"es","potentialAction":[{"@type":"ReadAction","target":["https:\/\/www.idol.cz\/es\/produkt\/nezarazene-es\/system-vpro-virivky-swim-spa-and-bazeny-na-solny-way-desinfection-na-sul\/"]}]},{"@type":"BreadcrumbList","@id":"https:\/\/www.idol.cz\/es\/produkt\/nezarazene-es\/system-vpro-virivky-swim-spa-and-bazeny-na-solny-way-desinfection-na-sul\/#breadcrumb","itemListElement":[{"@type":"ListItem","position":1,"name":"Dom\u016f","item":"https:\/\/www.idol.cz\/es\/"},{"@type":"ListItem","position":2,"name":"E-shop","item":"https:\/\/www.idol.cz\/es\/tienda\/"},{"@type":"ListItem","position":3,"name":"Neza\u0159azen\u00e9","item":"https:\/\/www.idol.cz\/es\/kategorie-produktu\/nezarazene-es\/"},{"@type":"ListItem","position":4,"name":"Sistema V para ba\u00f1eras de hidromasaje, spa de nataci\u00f3n y piscinas de sal para desinfecci\u00f3n de sul"}]},{"@type":"WebSite","@id":"https:\/\/www.idol.cz\/es\/#website","url":"https:\/\/www.idol.cz\/es\/","name":"v\u00ed\u0159ivky venkovn\u00ed, swim spa, baz\u00e9ny","description":"Luxusn\u00ed \u010desk\u00e9 v\u00ed\u0159ivky a swim spa","publisher":{"@id":"https:\/\/www.idol.cz\/es\/#organization"},"potentialAction":[{"@type":"SearchAction","target":{"@type":"EntryPoint","urlTemplate":"https:\/\/www.idol.cz\/es\/?s={search_term_string}"},"query-input":{"@type":"PropertyValueSpecification","valueRequired":true,"valueName":"search_term_string"}}],"inLanguage":"es"},{"@type":"Organization","@id":"https:\/\/www.idol.cz\/es\/#organization","name":"IDOL SPAS, s.r.o.","url":"https:\/\/www.idol.cz\/es\/","logo":{"@type":"ImageObject","inLanguage":"es","@id":"https:\/\/www.idol.cz\/es\/#\/schema\/logo\/image\/","url":"https:\/\/www.idol.cz\/wp-content\/uploads\/2020\/02\/idol-spas-logo.png","contentUrl":"https:\/\/www.idol.cz\/wp-content\/uploads\/2020\/02\/idol-spas-logo.png","width":512,"height":206,"caption":"IDOL SPAS, s.r.o."},"image":{"@id":"https:\/\/www.idol.cz\/es\/#\/schema\/logo\/image\/"},"sameAs":["https:\/\/www.facebook.com\/IdolSpas\/"]}]}},"_links":{"self":[{"href":"https:\/\/www.idol.cz\/es\/wp-json\/wp\/v2\/product\/14384"}],"collection":[{"href":"https:\/\/www.idol.cz\/es\/wp-json\/wp\/v2\/product"}],"about":[{"href":"https:\/\/www.idol.cz\/es\/wp-json\/wp\/v2\/types\/product"}],"wp:attachment":[{"href":"https:\/\/www.idol.cz\/es\/wp-json\/wp\/v2\/media?parent=14384"}],"wp:term":[{"taxonomy":"product_cat","embeddable":true,"href":"https:\/\/www.idol.cz\/es\/wp-json\/wp\/v2\/product_cat?post=14384"},{"taxonomy":"product_tag","embeddable":true,"href":"https:\/\/www.idol.cz\/es\/wp-json\/wp\/v2\/product_tag?post=14384"}],"curies":[{"name":"wp","href":"https:\/\/api.w.org\/{rel}","templated":true}]}}