{"id":14394,"date":"2020-02-21T12:20:04","date_gmt":"2020-06-06T20:12:04","guid":{"rendered":"https:\/\/idol.cz\/produkt\/nezarazene\/aseko-aqua-doze-2\/"},"modified":"2020-06-06T22:12:07","modified_gmt":"2020-06-06T20:12:07","slug":"aseko-aqua-doze-2","status":"publish","type":"product","link":"https:\/\/www.idol.cz\/es\/produkt\/jacuzzi-es\/otras-opciones-de-banera-de-hidromasaje\/desinfeccion-del-agua\/aseko-aqua-doze-2\/","title":{"rendered":"Aseko Aqua Doze"},"content":{"rendered":"\t\t<div data-elementor-type=\"product-post\" data-elementor-id=\"14394\" class=\"elementor elementor-14394 elementor-7969\" data-elementor-post-type=\"product\">\n\t\t\t\t\t\t<section class=\"ob-is-breaking-bad elementor-section elementor-top-section elementor-element elementor-element-1edb64e3 elementor-section-boxed elementor-section-height-default elementor-section-height-default\" data-id=\"1edb64e3\" data-element_type=\"section\" data-settings=\"{&quot;_ob_bbad_use_it&quot;:&quot;yes&quot;,&quot;_ob_bbad_sssic_use&quot;:&quot;no&quot;}\">\n\t\t\t\t\t\t<div class=\"elementor-container elementor-column-gap-default\">\n\t\t\t\t\t<div class=\"elementor-column elementor-col-100 elementor-top-column elementor-element elementor-element-69b32a9b\" data-id=\"69b32a9b\" data-element_type=\"column\" data-settings=\"{&quot;_ob_bbad_is_stalker&quot;:&quot;no&quot;,&quot;_ob_teleporter_use&quot;:false}\">\n\t\t\t<div class=\"elementor-widget-wrap elementor-element-populated\">\n\t\t\t\t\t\t<div class=\"elementor-element elementor-element-d997058 ob-harakiri-inherit elementor-widget elementor-widget-text-editor\" data-id=\"d997058\" data-element_type=\"widget\" data-settings=\"{&quot;_ob_use_harakiri&quot;:&quot;yes&quot;,&quot;_ob_harakiri_writing_mode&quot;:&quot;inherit&quot;,&quot;_ob_widget_stalker_use&quot;:&quot;no&quot;}\" data-widget_type=\"text-editor.default\">\n\t\t\t\t\t\t\t\t\t<div class=\"kramek\">\n<div class=\"telo\">\n<div class=\"pravystred\">\n<div class=\"stred\">\n<div class=\"zbozidetail\">\n<div class=\"zboziinformace\">\n<div id=\"info1\" class=\"popis\">\n<div id=\"editpopis\">\n<p>ASIN Aqua Dose regula autom\u00e1ticamente el pH y dispensa continuamente la cantidad seleccionada de desinfecci\u00f3n de ox\u00edgeno.<\/p>\n<\/div>\n<\/div>\n<\/div>\n<\/div>\n<\/div>\n<\/div>\n<\/div>\n<\/div>\n\t\t\t\t\t\t\t\t<\/div>\n\t\t\t\t\t<\/div>\n\t\t<\/div>\n\t\t\t\t\t<\/div>\n\t\t<\/section>\n\t\t\t\t<section class=\"ob-is-breaking-bad elementor-section elementor-top-section elementor-element elementor-element-c60c42f elementor-section-boxed elementor-section-height-default elementor-section-height-default\" data-id=\"c60c42f\" data-element_type=\"section\" data-settings=\"{&quot;_ob_bbad_use_it&quot;:&quot;yes&quot;,&quot;_ob_bbad_sssic_use&quot;:&quot;no&quot;}\">\n\t\t\t\t\t\t<div class=\"elementor-container elementor-column-gap-default\">\n\t\t\t\t\t<div class=\"elementor-column elementor-col-100 elementor-top-column elementor-element elementor-element-237eda8\" data-id=\"237eda8\" data-element_type=\"column\" data-settings=\"{&quot;_ob_bbad_is_stalker&quot;:&quot;no&quot;,&quot;_ob_teleporter_use&quot;:false}\">\n\t\t\t<div class=\"elementor-widget-wrap elementor-element-populated\">\n\t\t\t\t\t\t<div class=\"elementor-element elementor-element-55c31b6 ob-harakiri-inherit elementor-widget elementor-widget-text-editor\" data-id=\"55c31b6\" data-element_type=\"widget\" data-settings=\"{&quot;_ob_use_harakiri&quot;:&quot;yes&quot;,&quot;_ob_harakiri_writing_mode&quot;:&quot;inherit&quot;,&quot;_ob_widget_stalker_use&quot;:&quot;no&quot;}\" data-widget_type=\"text-editor.default\">\n\t\t\t\t\t\t\t\t\t<p>Zk<\/p>\n\t\t\t\t\t\t\t\t<\/div>\n\t\t\t\t\t<\/div>\n\t\t<\/div>\n\t\t\t\t\t<\/div>\n\t\t<\/section>\n\t\t\t\t<\/div>\n\t\t","protected":false},"excerpt":{"rendered":"<p>ASIN Aqua Dose regula autom\u00e1ticamente el pH y dispensa continuamente la cantidad seleccionada de desinfecci\u00f3n de ox\u00edgeno. Zk<\/p>\n","protected":false},"featured_media":12873,"template":"","meta":[],"product_cat":[339],"product_tag":[],"class_list":{"0":"post-14394","1":"product","2":"type-product","3":"status-publish","4":"has-post-thumbnail","6":"product_cat-desinfeccion-del-agua","8":"first","9":"instock","10":"taxable","11":"shipping-taxable","12":"purchasable","13":"product-type-simple"},"yoast_head":"<!-- This site is optimized with the Yoast SEO Premium plugin v24.9 (Yoast SEO v24.9) - https:\/\/yoast.com\/wordpress\/plugins\/seo\/ -->\n<title>Aseko Aqua Doze | ba\u00f1eras de hidromasaje al aire libre, spa para nadar, piscinas<\/title>\n<meta name=\"robots\" content=\"index, follow, max-snippet:-1, max-image-preview:large, max-video-preview:-1\" \/>\n<link rel=\"canonical\" href=\"https:\/\/www.idol.cz\/es\/produkt\/jacuzzi-es\/otras-opciones-de-banera-de-hidromasaje\/desinfeccion-del-agua\/aseko-aqua-doze-2\/\" \/>\n<meta property=\"og:locale\" content=\"es_ES\" \/>\n<meta property=\"og:type\" content=\"article\" \/>\n<meta property=\"og:title\" content=\"Aseko Aqua Doze\" \/>\n<meta property=\"og:description\" content=\"ASIN Aqua Dose regula autom\u00e1ticamente el pH y dispensa continuamente la cantidad seleccionada de desinfecci\u00f3n de ox\u00edgeno. Zk\" \/>\n<meta property=\"og:url\" content=\"https:\/\/www.idol.cz\/es\/produkt\/jacuzzi-es\/otras-opciones-de-banera-de-hidromasaje\/desinfeccion-del-agua\/aseko-aqua-doze-2\/\" \/>\n<meta property=\"og:site_name\" content=\"ba\u00f1eras de hidromasaje al aire libre, spa para nadar, piscinas\" \/>\n<meta property=\"article:publisher\" content=\"https:\/\/www.facebook.com\/IdolSpas\/\" \/>\n<meta property=\"article:modified_time\" content=\"2020-06-06T20:12:07+00:00\" \/>\n<meta property=\"og:image\" content=\"https:\/\/www.idol.cz\/wp-content\/uploads\/2020\/02\/asin-aqua-dose.jpg\" \/>\n\t<meta property=\"og:image:width\" content=\"800\" \/>\n\t<meta property=\"og:image:height\" content=\"800\" \/>\n\t<meta property=\"og:image:type\" content=\"image\/jpeg\" \/>\n<meta name=\"twitter:card\" content=\"summary_large_image\" \/>\n<script type=\"application\/ld+json\" class=\"yoast-schema-graph\">{\"@context\":\"https:\/\/schema.org\",\"@graph\":[{\"@type\":\"WebPage\",\"@id\":\"https:\/\/www.idol.cz\/es\/produkt\/jacuzzi-es\/otras-opciones-de-banera-de-hidromasaje\/desinfeccion-del-agua\/aseko-aqua-doze-2\/\",\"url\":\"https:\/\/www.idol.cz\/es\/produkt\/jacuzzi-es\/otras-opciones-de-banera-de-hidromasaje\/desinfeccion-del-agua\/aseko-aqua-doze-2\/\",\"name\":\"Aseko Aqua Doze | ba\u00f1eras de hidromasaje al aire libre, spa para nadar, piscinas\",\"isPartOf\":{\"@id\":\"https:\/\/www.idol.cz\/es\/#website\"},\"primaryImageOfPage\":{\"@id\":\"https:\/\/www.idol.cz\/es\/produkt\/jacuzzi-es\/otras-opciones-de-banera-de-hidromasaje\/desinfeccion-del-agua\/aseko-aqua-doze-2\/#primaryimage\"},\"image\":{\"@id\":\"https:\/\/www.idol.cz\/es\/produkt\/jacuzzi-es\/otras-opciones-de-banera-de-hidromasaje\/desinfeccion-del-agua\/aseko-aqua-doze-2\/#primaryimage\"},\"thumbnailUrl\":\"https:\/\/www.idol.cz\/wp-content\/uploads\/2020\/02\/asin-aqua-dose.jpg\",\"datePublished\":\"2020-06-06T20:12:04+00:00\",\"dateModified\":\"2020-06-06T20:12:07+00:00\",\"breadcrumb\":{\"@id\":\"https:\/\/www.idol.cz\/es\/produkt\/jacuzzi-es\/otras-opciones-de-banera-de-hidromasaje\/desinfeccion-del-agua\/aseko-aqua-doze-2\/#breadcrumb\"},\"inLanguage\":\"es\",\"potentialAction\":[{\"@type\":\"ReadAction\",\"target\":[\"https:\/\/www.idol.cz\/es\/produkt\/jacuzzi-es\/otras-opciones-de-banera-de-hidromasaje\/desinfeccion-del-agua\/aseko-aqua-doze-2\/\"]}]},{\"@type\":\"ImageObject\",\"inLanguage\":\"es\",\"@id\":\"https:\/\/www.idol.cz\/es\/produkt\/jacuzzi-es\/otras-opciones-de-banera-de-hidromasaje\/desinfeccion-del-agua\/aseko-aqua-doze-2\/#primaryimage\",\"url\":\"https:\/\/www.idol.cz\/wp-content\/uploads\/2020\/02\/asin-aqua-dose.jpg\",\"contentUrl\":\"https:\/\/www.idol.cz\/wp-content\/uploads\/2020\/02\/asin-aqua-dose.jpg\",\"width\":800,\"height\":800,\"caption\":\"dosis autom\u00e1tica de agua virivky\"},{\"@type\":\"BreadcrumbList\",\"@id\":\"https:\/\/www.idol.cz\/es\/produkt\/jacuzzi-es\/otras-opciones-de-banera-de-hidromasaje\/desinfeccion-del-agua\/aseko-aqua-doze-2\/#breadcrumb\",\"itemListElement\":[{\"@type\":\"ListItem\",\"position\":1,\"name\":\"Dom\u016f\",\"item\":\"https:\/\/www.idol.cz\/es\/\"},{\"@type\":\"ListItem\",\"position\":2,\"name\":\"E-shop\",\"item\":\"https:\/\/www.idol.cz\/es\/tienda\/\"},{\"@type\":\"ListItem\",\"position\":3,\"name\":\"Desinfecci\u00f3n del agua\",\"item\":\"https:\/\/www.idol.cz\/es\/kategorie-produktu\/jacuzzi-es\/otras-opciones-de-banera-de-hidromasaje\/desinfeccion-del-agua\/\"},{\"@type\":\"ListItem\",\"position\":4,\"name\":\"Aseko Aqua Doze\"}]},{\"@type\":\"WebSite\",\"@id\":\"https:\/\/www.idol.cz\/es\/#website\",\"url\":\"https:\/\/www.idol.cz\/es\/\",\"name\":\"v\u00ed\u0159ivky venkovn\u00ed, swim spa, baz\u00e9ny\",\"description\":\"Luxusn\u00ed \u010desk\u00e9 v\u00ed\u0159ivky a swim spa\",\"publisher\":{\"@id\":\"https:\/\/www.idol.cz\/es\/#organization\"},\"potentialAction\":[{\"@type\":\"SearchAction\",\"target\":{\"@type\":\"EntryPoint\",\"urlTemplate\":\"https:\/\/www.idol.cz\/es\/?s={search_term_string}\"},\"query-input\":{\"@type\":\"PropertyValueSpecification\",\"valueRequired\":true,\"valueName\":\"search_term_string\"}}],\"inLanguage\":\"es\"},{\"@type\":\"Organization\",\"@id\":\"https:\/\/www.idol.cz\/es\/#organization\",\"name\":\"IDOL SPAS, s.r.o.\",\"url\":\"https:\/\/www.idol.cz\/es\/\",\"logo\":{\"@type\":\"ImageObject\",\"inLanguage\":\"es\",\"@id\":\"https:\/\/www.idol.cz\/es\/#\/schema\/logo\/image\/\",\"url\":\"https:\/\/www.idol.cz\/wp-content\/uploads\/2020\/02\/idol-spas-logo.png\",\"contentUrl\":\"https:\/\/www.idol.cz\/wp-content\/uploads\/2020\/02\/idol-spas-logo.png\",\"width\":512,\"height\":206,\"caption\":\"IDOL SPAS, s.r.o.\"},\"image\":{\"@id\":\"https:\/\/www.idol.cz\/es\/#\/schema\/logo\/image\/\"},\"sameAs\":[\"https:\/\/www.facebook.com\/IdolSpas\/\"]}]}<\/script>\n<!-- \/ Yoast SEO Premium plugin. -->","yoast_head_json":{"title":"Aseko Aqua Doze | ba\u00f1eras de hidromasaje al aire libre, spa para nadar, piscinas","robots":{"index":"index","follow":"follow","max-snippet":"max-snippet:-1","max-image-preview":"max-image-preview:large","max-video-preview":"max-video-preview:-1"},"canonical":"https:\/\/www.idol.cz\/es\/produkt\/jacuzzi-es\/otras-opciones-de-banera-de-hidromasaje\/desinfeccion-del-agua\/aseko-aqua-doze-2\/","og_locale":"es_ES","og_type":"article","og_title":"Aseko Aqua Doze","og_description":"ASIN Aqua Dose regula autom\u00e1ticamente el pH y dispensa continuamente la cantidad seleccionada de desinfecci\u00f3n de ox\u00edgeno. Zk","og_url":"https:\/\/www.idol.cz\/es\/produkt\/jacuzzi-es\/otras-opciones-de-banera-de-hidromasaje\/desinfeccion-del-agua\/aseko-aqua-doze-2\/","og_site_name":"ba\u00f1eras de hidromasaje al aire libre, spa para nadar, piscinas","article_publisher":"https:\/\/www.facebook.com\/IdolSpas\/","article_modified_time":"2020-06-06T20:12:07+00:00","og_image":[{"width":800,"height":800,"url":"https:\/\/www.idol.cz\/wp-content\/uploads\/2020\/02\/asin-aqua-dose.jpg","type":"image\/jpeg"}],"twitter_card":"summary_large_image","schema":{"@context":"https:\/\/schema.org","@graph":[{"@type":"WebPage","@id":"https:\/\/www.idol.cz\/es\/produkt\/jacuzzi-es\/otras-opciones-de-banera-de-hidromasaje\/desinfeccion-del-agua\/aseko-aqua-doze-2\/","url":"https:\/\/www.idol.cz\/es\/produkt\/jacuzzi-es\/otras-opciones-de-banera-de-hidromasaje\/desinfeccion-del-agua\/aseko-aqua-doze-2\/","name":"Aseko Aqua Doze | ba\u00f1eras de hidromasaje al aire libre, spa para nadar, piscinas","isPartOf":{"@id":"https:\/\/www.idol.cz\/es\/#website"},"primaryImageOfPage":{"@id":"https:\/\/www.idol.cz\/es\/produkt\/jacuzzi-es\/otras-opciones-de-banera-de-hidromasaje\/desinfeccion-del-agua\/aseko-aqua-doze-2\/#primaryimage"},"image":{"@id":"https:\/\/www.idol.cz\/es\/produkt\/jacuzzi-es\/otras-opciones-de-banera-de-hidromasaje\/desinfeccion-del-agua\/aseko-aqua-doze-2\/#primaryimage"},"thumbnailUrl":"https:\/\/www.idol.cz\/wp-content\/uploads\/2020\/02\/asin-aqua-dose.jpg","datePublished":"2020-06-06T20:12:04+00:00","dateModified":"2020-06-06T20:12:07+00:00","breadcrumb":{"@id":"https:\/\/www.idol.cz\/es\/produkt\/jacuzzi-es\/otras-opciones-de-banera-de-hidromasaje\/desinfeccion-del-agua\/aseko-aqua-doze-2\/#breadcrumb"},"inLanguage":"es","potentialAction":[{"@type":"ReadAction","target":["https:\/\/www.idol.cz\/es\/produkt\/jacuzzi-es\/otras-opciones-de-banera-de-hidromasaje\/desinfeccion-del-agua\/aseko-aqua-doze-2\/"]}]},{"@type":"ImageObject","inLanguage":"es","@id":"https:\/\/www.idol.cz\/es\/produkt\/jacuzzi-es\/otras-opciones-de-banera-de-hidromasaje\/desinfeccion-del-agua\/aseko-aqua-doze-2\/#primaryimage","url":"https:\/\/www.idol.cz\/wp-content\/uploads\/2020\/02\/asin-aqua-dose.jpg","contentUrl":"https:\/\/www.idol.cz\/wp-content\/uploads\/2020\/02\/asin-aqua-dose.jpg","width":800,"height":800,"caption":"dosis autom\u00e1tica de agua virivky"},{"@type":"BreadcrumbList","@id":"https:\/\/www.idol.cz\/es\/produkt\/jacuzzi-es\/otras-opciones-de-banera-de-hidromasaje\/desinfeccion-del-agua\/aseko-aqua-doze-2\/#breadcrumb","itemListElement":[{"@type":"ListItem","position":1,"name":"Dom\u016f","item":"https:\/\/www.idol.cz\/es\/"},{"@type":"ListItem","position":2,"name":"E-shop","item":"https:\/\/www.idol.cz\/es\/tienda\/"},{"@type":"ListItem","position":3,"name":"Desinfecci\u00f3n del agua","item":"https:\/\/www.idol.cz\/es\/kategorie-produktu\/jacuzzi-es\/otras-opciones-de-banera-de-hidromasaje\/desinfeccion-del-agua\/"},{"@type":"ListItem","position":4,"name":"Aseko Aqua Doze"}]},{"@type":"WebSite","@id":"https:\/\/www.idol.cz\/es\/#website","url":"https:\/\/www.idol.cz\/es\/","name":"v\u00ed\u0159ivky venkovn\u00ed, swim spa, baz\u00e9ny","description":"Luxusn\u00ed \u010desk\u00e9 v\u00ed\u0159ivky a swim spa","publisher":{"@id":"https:\/\/www.idol.cz\/es\/#organization"},"potentialAction":[{"@type":"SearchAction","target":{"@type":"EntryPoint","urlTemplate":"https:\/\/www.idol.cz\/es\/?s={search_term_string}"},"query-input":{"@type":"PropertyValueSpecification","valueRequired":true,"valueName":"search_term_string"}}],"inLanguage":"es"},{"@type":"Organization","@id":"https:\/\/www.idol.cz\/es\/#organization","name":"IDOL SPAS, s.r.o.","url":"https:\/\/www.idol.cz\/es\/","logo":{"@type":"ImageObject","inLanguage":"es","@id":"https:\/\/www.idol.cz\/es\/#\/schema\/logo\/image\/","url":"https:\/\/www.idol.cz\/wp-content\/uploads\/2020\/02\/idol-spas-logo.png","contentUrl":"https:\/\/www.idol.cz\/wp-content\/uploads\/2020\/02\/idol-spas-logo.png","width":512,"height":206,"caption":"IDOL SPAS, s.r.o."},"image":{"@id":"https:\/\/www.idol.cz\/es\/#\/schema\/logo\/image\/"},"sameAs":["https:\/\/www.facebook.com\/IdolSpas\/"]}]}},"_links":{"self":[{"href":"https:\/\/www.idol.cz\/es\/wp-json\/wp\/v2\/product\/14394"}],"collection":[{"href":"https:\/\/www.idol.cz\/es\/wp-json\/wp\/v2\/product"}],"about":[{"href":"https:\/\/www.idol.cz\/es\/wp-json\/wp\/v2\/types\/product"}],"wp:featuredmedia":[{"embeddable":true,"href":"https:\/\/www.idol.cz\/es\/wp-json\/wp\/v2\/media\/12873"}],"wp:attachment":[{"href":"https:\/\/www.idol.cz\/es\/wp-json\/wp\/v2\/media?parent=14394"}],"wp:term":[{"taxonomy":"product_cat","embeddable":true,"href":"https:\/\/www.idol.cz\/es\/wp-json\/wp\/v2\/product_cat?post=14394"},{"taxonomy":"product_tag","embeddable":true,"href":"https:\/\/www.idol.cz\/es\/wp-json\/wp\/v2\/product_tag?post=14394"}],"curies":[{"name":"wp","href":"https:\/\/api.w.org\/{rel}","templated":true}]}}