{"id":17300,"date":"2021-01-27T15:54:42","date_gmt":"2021-01-27T14:54:43","guid":{"rendered":"https:\/\/www.idol.cz\/?post_type=product&#038;p=17300"},"modified":"2021-01-27T19:18:25","modified_gmt":"2021-01-27T18:18:25","slug":"color-roble-claro-kopirovat-3","status":"publish","type":"product","link":"https:\/\/www.idol.cz\/es\/produkt\/nezarazene\/color-roble-claro-kopirovat-3\/","title":{"rendered":"Color gris claro"},"content":{"rendered":"\t\t<div data-elementor-type=\"product-post\" data-elementor-id=\"17300\" class=\"elementor elementor-17300 elementor-17297\" data-elementor-post-type=\"product\">\n\t\t\t\t\t\t<section class=\"ob-is-breaking-bad elementor-section elementor-top-section elementor-element elementor-element-64cabfda elementor-section-boxed elementor-section-height-default elementor-section-height-default\" data-id=\"64cabfda\" data-element_type=\"section\" data-settings=\"{&quot;_ob_bbad_use_it&quot;:&quot;yes&quot;,&quot;_ob_bbad_sssic_use&quot;:&quot;no&quot;}\">\n\t\t\t\t\t\t<div class=\"elementor-container elementor-column-gap-default\">\n\t\t\t\t\t<div class=\"elementor-column elementor-col-100 elementor-top-column elementor-element elementor-element-72710326\" data-id=\"72710326\" data-element_type=\"column\" data-settings=\"{&quot;_ob_bbad_is_stalker&quot;:&quot;no&quot;,&quot;_ob_teleporter_use&quot;:false}\">\n\t\t\t<div class=\"elementor-widget-wrap elementor-element-populated\">\n\t\t\t\t\t\t<div class=\"elementor-element elementor-element-98e857d ob-harakiri-inherit elementor-widget elementor-widget-text-editor\" data-id=\"98e857d\" data-element_type=\"widget\" data-settings=\"{&quot;_ob_use_harakiri&quot;:&quot;yes&quot;,&quot;_ob_harakiri_writing_mode&quot;:&quot;inherit&quot;,&quot;_ob_widget_stalker_use&quot;:&quot;no&quot;}\" data-widget_type=\"text-editor.default\">\n\t\t\t\t\t\t\t\t\t<p>Termokryt pro v\u00ed\u0159ivky.<\/p>\n<p>Na\u0161e vysoce kvalitn\u00ed termo kryty jsou d\u016fle\u017eitou sou\u010d\u00e1st\u00ed va\u0161ich l\u00e1zn\u00ed a jsou navr\u017eeny tak, aby udr\u017eovaly teplo a sni\u017eovaly va\u0161e n\u00e1klady na energii.<br>\nK dispozici v p\u011bti barv\u00e1ch dle v\u00fdb\u011bru. U lite modelu jsou k dispozici jen n\u011bkter\u00e9.<\/p>\n<p>Barva 2<\/p>\t\t\t\t\t\t\t\t<\/div>\n\t\t\t\t\t<\/div>\n\t\t<\/div>\n\t\t\t\t\t<\/div>\n\t\t<\/section>\n\t\t\t\t<\/div>\n\t\t","protected":false},"excerpt":{"rendered":"<p>Termocupero para ba\u00f1eras de hidromasaje.<\/p>\n<p>Nuestras cubiertas t\u00e9rmicas de alta calidad son una parte importante de su spa y est\u00e1n dise\u00f1adas para mantener el calor y reducir sus costos de energ\u00eda.<br \/>\nDisponible en cinco colores de su elecci\u00f3n. S\u00f3lo unos pocos est\u00e1n disponibles para el modelo lite.<\/p>\n<p>Color 2<\/p>\n","protected":false},"featured_media":11457,"template":"","meta":[],"product_cat":[15],"product_tag":[],"class_list":{"0":"post-17300","1":"product","2":"type-product","3":"status-publish","4":"has-post-thumbnail","6":"product_cat-nezarazene","8":"first","9":"instock","10":"taxable","11":"shipping-taxable","12":"purchasable","13":"product-type-simple"},"yoast_head":"<!-- This site is optimized with the Yoast SEO Premium plugin v24.9 (Yoast SEO v24.9) - https:\/\/yoast.com\/wordpress\/plugins\/seo\/ -->\n<title>Color gris claro | ba\u00f1eras de hidromasaje al aire libre, spa para nadar, piscinas<\/title>\n<meta name=\"robots\" content=\"index, follow, max-snippet:-1, max-image-preview:large, max-video-preview:-1\" \/>\n<link rel=\"canonical\" href=\"https:\/\/www.idol.cz\/es\/produkt\/nezarazene\/color-roble-claro-kopirovat-3\/\" \/>\n<meta property=\"og:locale\" content=\"es_ES\" \/>\n<meta property=\"og:type\" content=\"article\" \/>\n<meta property=\"og:title\" content=\"Color gris claro\" \/>\n<meta property=\"og:description\" content=\"Termocupero para ba\u00f1eras de hidromasaje.  Nuestras cubiertas t\u00e9rmicas de alta calidad son una parte importante de su spa y est\u00e1n dise\u00f1adas para mantener el calor y reducir sus costos de energ\u00eda. Disponible en cinco colores de su elecci\u00f3n. S\u00f3lo unos pocos est\u00e1n disponibles para el modelo lite.  Color 2\" \/>\n<meta property=\"og:url\" content=\"https:\/\/www.idol.cz\/es\/produkt\/nezarazene\/color-roble-claro-kopirovat-3\/\" \/>\n<meta property=\"og:site_name\" content=\"ba\u00f1eras de hidromasaje al aire libre, spa para nadar, piscinas\" \/>\n<meta property=\"article:publisher\" content=\"https:\/\/www.facebook.com\/IdolSpas\/\" \/>\n<meta property=\"article:modified_time\" content=\"2021-01-27T18:18:25+00:00\" \/>\n<meta property=\"og:image\" content=\"https:\/\/www.idol.cz\/wp-content\/uploads\/2020\/01\/idol-spas-barva-termokrytu-virivky-05.jpg\" \/>\n\t<meta property=\"og:image:width\" content=\"960\" \/>\n\t<meta property=\"og:image:height\" content=\"960\" \/>\n\t<meta property=\"og:image:type\" content=\"image\/jpeg\" \/>\n<meta name=\"twitter:card\" content=\"summary_large_image\" \/>\n<script type=\"application\/ld+json\" class=\"yoast-schema-graph\">{\"@context\":\"https:\/\/schema.org\",\"@graph\":[{\"@type\":\"WebPage\",\"@id\":\"https:\/\/www.idol.cz\/es\/produkt\/nezarazene\/color-roble-claro-kopirovat-3\/\",\"url\":\"https:\/\/www.idol.cz\/es\/produkt\/nezarazene\/color-roble-claro-kopirovat-3\/\",\"name\":\"Color gris claro | ba\u00f1eras de hidromasaje al aire libre, spa para nadar, piscinas\",\"isPartOf\":{\"@id\":\"https:\/\/www.idol.cz\/es\/#website\"},\"primaryImageOfPage\":{\"@id\":\"https:\/\/www.idol.cz\/es\/produkt\/nezarazene\/color-roble-claro-kopirovat-3\/#primaryimage\"},\"image\":{\"@id\":\"https:\/\/www.idol.cz\/es\/produkt\/nezarazene\/color-roble-claro-kopirovat-3\/#primaryimage\"},\"thumbnailUrl\":\"https:\/\/www.idol.cz\/wp-content\/uploads\/2020\/01\/idol-spas-barva-termokrytu-virivky-05.jpg\",\"datePublished\":\"2021-01-27T14:54:43+00:00\",\"dateModified\":\"2021-01-27T18:18:25+00:00\",\"breadcrumb\":{\"@id\":\"https:\/\/www.idol.cz\/es\/produkt\/nezarazene\/color-roble-claro-kopirovat-3\/#breadcrumb\"},\"inLanguage\":\"es\",\"potentialAction\":[{\"@type\":\"ReadAction\",\"target\":[\"https:\/\/www.idol.cz\/es\/produkt\/nezarazene\/color-roble-claro-kopirovat-3\/\"]}]},{\"@type\":\"ImageObject\",\"inLanguage\":\"es\",\"@id\":\"https:\/\/www.idol.cz\/es\/produkt\/nezarazene\/color-roble-claro-kopirovat-3\/#primaryimage\",\"url\":\"https:\/\/www.idol.cz\/wp-content\/uploads\/2020\/01\/idol-spas-barva-termokrytu-virivky-05.jpg\",\"contentUrl\":\"https:\/\/www.idol.cz\/wp-content\/uploads\/2020\/01\/idol-spas-barva-termokrytu-virivky-05.jpg\",\"width\":960,\"height\":960,\"caption\":\"ba\u00f1era de hidromasaje termocubierto gris oscuro\"},{\"@type\":\"BreadcrumbList\",\"@id\":\"https:\/\/www.idol.cz\/es\/produkt\/nezarazene\/color-roble-claro-kopirovat-3\/#breadcrumb\",\"itemListElement\":[{\"@type\":\"ListItem\",\"position\":1,\"name\":\"Dom\u016f\",\"item\":\"https:\/\/www.idol.cz\/es\/\"},{\"@type\":\"ListItem\",\"position\":2,\"name\":\"E-shop\",\"item\":\"https:\/\/www.idol.cz\/es\/tienda\/\"},{\"@type\":\"ListItem\",\"position\":3,\"name\":\"Color gris claro\"}]},{\"@type\":\"WebSite\",\"@id\":\"https:\/\/www.idol.cz\/es\/#website\",\"url\":\"https:\/\/www.idol.cz\/es\/\",\"name\":\"v\u00ed\u0159ivky venkovn\u00ed, swim spa, baz\u00e9ny\",\"description\":\"Luxusn\u00ed \u010desk\u00e9 v\u00ed\u0159ivky a swim spa\",\"publisher\":{\"@id\":\"https:\/\/www.idol.cz\/es\/#organization\"},\"potentialAction\":[{\"@type\":\"SearchAction\",\"target\":{\"@type\":\"EntryPoint\",\"urlTemplate\":\"https:\/\/www.idol.cz\/es\/?s={search_term_string}\"},\"query-input\":{\"@type\":\"PropertyValueSpecification\",\"valueRequired\":true,\"valueName\":\"search_term_string\"}}],\"inLanguage\":\"es\"},{\"@type\":\"Organization\",\"@id\":\"https:\/\/www.idol.cz\/es\/#organization\",\"name\":\"IDOL SPAS, s.r.o.\",\"url\":\"https:\/\/www.idol.cz\/es\/\",\"logo\":{\"@type\":\"ImageObject\",\"inLanguage\":\"es\",\"@id\":\"https:\/\/www.idol.cz\/es\/#\/schema\/logo\/image\/\",\"url\":\"https:\/\/www.idol.cz\/wp-content\/uploads\/2020\/02\/idol-spas-logo.png\",\"contentUrl\":\"https:\/\/www.idol.cz\/wp-content\/uploads\/2020\/02\/idol-spas-logo.png\",\"width\":512,\"height\":206,\"caption\":\"IDOL SPAS, s.r.o.\"},\"image\":{\"@id\":\"https:\/\/www.idol.cz\/es\/#\/schema\/logo\/image\/\"},\"sameAs\":[\"https:\/\/www.facebook.com\/IdolSpas\/\"]}]}<\/script>\n<!-- \/ Yoast SEO Premium plugin. -->","yoast_head_json":{"title":"Color gris claro | ba\u00f1eras de hidromasaje al aire libre, spa para nadar, piscinas","robots":{"index":"index","follow":"follow","max-snippet":"max-snippet:-1","max-image-preview":"max-image-preview:large","max-video-preview":"max-video-preview:-1"},"canonical":"https:\/\/www.idol.cz\/es\/produkt\/nezarazene\/color-roble-claro-kopirovat-3\/","og_locale":"es_ES","og_type":"article","og_title":"Color gris claro","og_description":"Termocupero para ba\u00f1eras de hidromasaje.  Nuestras cubiertas t\u00e9rmicas de alta calidad son una parte importante de su spa y est\u00e1n dise\u00f1adas para mantener el calor y reducir sus costos de energ\u00eda. Disponible en cinco colores de su elecci\u00f3n. S\u00f3lo unos pocos est\u00e1n disponibles para el modelo lite.  Color 2","og_url":"https:\/\/www.idol.cz\/es\/produkt\/nezarazene\/color-roble-claro-kopirovat-3\/","og_site_name":"ba\u00f1eras de hidromasaje al aire libre, spa para nadar, piscinas","article_publisher":"https:\/\/www.facebook.com\/IdolSpas\/","article_modified_time":"2021-01-27T18:18:25+00:00","og_image":[{"width":960,"height":960,"url":"https:\/\/www.idol.cz\/wp-content\/uploads\/2020\/01\/idol-spas-barva-termokrytu-virivky-05.jpg","type":"image\/jpeg"}],"twitter_card":"summary_large_image","schema":{"@context":"https:\/\/schema.org","@graph":[{"@type":"WebPage","@id":"https:\/\/www.idol.cz\/es\/produkt\/nezarazene\/color-roble-claro-kopirovat-3\/","url":"https:\/\/www.idol.cz\/es\/produkt\/nezarazene\/color-roble-claro-kopirovat-3\/","name":"Color gris claro | ba\u00f1eras de hidromasaje al aire libre, spa para nadar, piscinas","isPartOf":{"@id":"https:\/\/www.idol.cz\/es\/#website"},"primaryImageOfPage":{"@id":"https:\/\/www.idol.cz\/es\/produkt\/nezarazene\/color-roble-claro-kopirovat-3\/#primaryimage"},"image":{"@id":"https:\/\/www.idol.cz\/es\/produkt\/nezarazene\/color-roble-claro-kopirovat-3\/#primaryimage"},"thumbnailUrl":"https:\/\/www.idol.cz\/wp-content\/uploads\/2020\/01\/idol-spas-barva-termokrytu-virivky-05.jpg","datePublished":"2021-01-27T14:54:43+00:00","dateModified":"2021-01-27T18:18:25+00:00","breadcrumb":{"@id":"https:\/\/www.idol.cz\/es\/produkt\/nezarazene\/color-roble-claro-kopirovat-3\/#breadcrumb"},"inLanguage":"es","potentialAction":[{"@type":"ReadAction","target":["https:\/\/www.idol.cz\/es\/produkt\/nezarazene\/color-roble-claro-kopirovat-3\/"]}]},{"@type":"ImageObject","inLanguage":"es","@id":"https:\/\/www.idol.cz\/es\/produkt\/nezarazene\/color-roble-claro-kopirovat-3\/#primaryimage","url":"https:\/\/www.idol.cz\/wp-content\/uploads\/2020\/01\/idol-spas-barva-termokrytu-virivky-05.jpg","contentUrl":"https:\/\/www.idol.cz\/wp-content\/uploads\/2020\/01\/idol-spas-barva-termokrytu-virivky-05.jpg","width":960,"height":960,"caption":"ba\u00f1era de hidromasaje termocubierto gris oscuro"},{"@type":"BreadcrumbList","@id":"https:\/\/www.idol.cz\/es\/produkt\/nezarazene\/color-roble-claro-kopirovat-3\/#breadcrumb","itemListElement":[{"@type":"ListItem","position":1,"name":"Dom\u016f","item":"https:\/\/www.idol.cz\/es\/"},{"@type":"ListItem","position":2,"name":"E-shop","item":"https:\/\/www.idol.cz\/es\/tienda\/"},{"@type":"ListItem","position":3,"name":"Color gris claro"}]},{"@type":"WebSite","@id":"https:\/\/www.idol.cz\/es\/#website","url":"https:\/\/www.idol.cz\/es\/","name":"v\u00ed\u0159ivky venkovn\u00ed, swim spa, baz\u00e9ny","description":"Luxusn\u00ed \u010desk\u00e9 v\u00ed\u0159ivky a swim spa","publisher":{"@id":"https:\/\/www.idol.cz\/es\/#organization"},"potentialAction":[{"@type":"SearchAction","target":{"@type":"EntryPoint","urlTemplate":"https:\/\/www.idol.cz\/es\/?s={search_term_string}"},"query-input":{"@type":"PropertyValueSpecification","valueRequired":true,"valueName":"search_term_string"}}],"inLanguage":"es"},{"@type":"Organization","@id":"https:\/\/www.idol.cz\/es\/#organization","name":"IDOL SPAS, s.r.o.","url":"https:\/\/www.idol.cz\/es\/","logo":{"@type":"ImageObject","inLanguage":"es","@id":"https:\/\/www.idol.cz\/es\/#\/schema\/logo\/image\/","url":"https:\/\/www.idol.cz\/wp-content\/uploads\/2020\/02\/idol-spas-logo.png","contentUrl":"https:\/\/www.idol.cz\/wp-content\/uploads\/2020\/02\/idol-spas-logo.png","width":512,"height":206,"caption":"IDOL SPAS, s.r.o."},"image":{"@id":"https:\/\/www.idol.cz\/es\/#\/schema\/logo\/image\/"},"sameAs":["https:\/\/www.facebook.com\/IdolSpas\/"]}]}},"_links":{"self":[{"href":"https:\/\/www.idol.cz\/es\/wp-json\/wp\/v2\/product\/17300"}],"collection":[{"href":"https:\/\/www.idol.cz\/es\/wp-json\/wp\/v2\/product"}],"about":[{"href":"https:\/\/www.idol.cz\/es\/wp-json\/wp\/v2\/types\/product"}],"wp:featuredmedia":[{"embeddable":true,"href":"https:\/\/www.idol.cz\/es\/wp-json\/wp\/v2\/media\/11457"}],"wp:attachment":[{"href":"https:\/\/www.idol.cz\/es\/wp-json\/wp\/v2\/media?parent=17300"}],"wp:term":[{"taxonomy":"product_cat","embeddable":true,"href":"https:\/\/www.idol.cz\/es\/wp-json\/wp\/v2\/product_cat?post=17300"},{"taxonomy":"product_tag","embeddable":true,"href":"https:\/\/www.idol.cz\/es\/wp-json\/wp\/v2\/product_tag?post=17300"}],"curies":[{"name":"wp","href":"https:\/\/api.w.org\/{rel}","templated":true}]}}