{"id":17722,"date":"2021-03-03T12:48:04","date_gmt":"2021-03-03T11:48:04","guid":{"rendered":"https:\/\/www.idol.cz\/?post_type=product&#038;p=17722"},"modified":"2021-03-03T13:01:45","modified_gmt":"2021-03-03T12:01:45","slug":"spa-clean-filter","status":"publish","type":"product","link":"https:\/\/www.idol.cz\/es\/produkt\/e-shop\/chemie-pro-virivky-a-swim-spa-bazeny\/spa-clean-filter\/","title":{"rendered":"SPA &#8211; CLEAN FILTER"},"content":{"rendered":"\t\t<div data-elementor-type=\"product-post\" data-elementor-id=\"17722\" class=\"elementor elementor-17722\" data-elementor-post-type=\"product\">\n\t\t\t\t\t\t<section class=\"ob-is-breaking-bad elementor-section elementor-top-section elementor-element elementor-element-67295668 elementor-section-boxed elementor-section-height-default elementor-section-height-default\" data-id=\"67295668\" data-element_type=\"section\" data-settings=\"{&quot;_ob_bbad_use_it&quot;:&quot;yes&quot;,&quot;_ob_bbad_sssic_use&quot;:&quot;no&quot;}\">\n\t\t\t\t\t\t<div class=\"elementor-container elementor-column-gap-default\">\n\t\t\t\t\t<div class=\"elementor-column elementor-col-100 elementor-top-column elementor-element elementor-element-1e3d91b7\" data-id=\"1e3d91b7\" data-element_type=\"column\" data-settings=\"{&quot;_ob_bbad_is_stalker&quot;:&quot;no&quot;,&quot;_ob_teleporter_use&quot;:false}\">\n\t\t\t<div class=\"elementor-widget-wrap elementor-element-populated\">\n\t\t\t\t\t\t<div class=\"elementor-element elementor-element-4047b2d9 ob-harakiri-inherit elementor-widget elementor-widget-text-editor\" data-id=\"4047b2d9\" data-element_type=\"widget\" data-settings=\"{&quot;_ob_use_harakiri&quot;:&quot;yes&quot;,&quot;_ob_harakiri_writing_mode&quot;:&quot;inherit&quot;,&quot;_ob_widget_stalker_use&quot;:&quot;no&quot;}\" data-widget_type=\"text-editor.default\">\n\t\t\t\t\t\t\t\t\t<h5><span style=\"font-size: 12pt;\">P\u0159\u00edpravek pro rychl\u00e9 \u010di\u0161t\u011bn\u00ed filtru. Prodlu\u017euje \u017eivotnost filtra\u010dn\u00ed n\u00e1pln\u011b a v\u00fdrazn\u00fdm zp\u016fsobem omezuje tlakov\u00e9 ztr\u00e1ty na filtru.<\/span><\/h5><h5>\u00a0<\/h5>\t\t\t\t\t\t\t\t<\/div>\n\t\t\t\t\t<\/div>\n\t\t<\/div>\n\t\t\t\t\t<\/div>\n\t\t<\/section>\n\t\t\t\t<\/div>\n\t\t","protected":false},"excerpt":{"rendered":"<p>P\u0159\u00edpravek pro rychl\u00e9 \u010di\u0161t\u011bn\u00ed filtru. Prodlu\u017euje \u017eivotnost filtra\u010dn\u00ed n\u00e1pln\u011b a v\u00fdrazn\u00fdm zp\u016fsobem omezuje tlakov\u00e9 ztr\u00e1ty na filtru.<\/p>\n","protected":false},"featured_media":17734,"template":"","meta":[],"product_cat":[266,275],"product_tag":[],"class_list":{"0":"post-17722","1":"product","2":"type-product","3":"status-publish","4":"has-post-thumbnail","6":"product_cat-chemie-pro-virivky-a-swim-spa-bazeny","7":"product_cat-spa-chemie","9":"first","10":"instock","11":"taxable","12":"shipping-taxable","13":"purchasable","14":"product-type-simple"},"yoast_head":"<!-- This site is optimized with the Yoast SEO Premium plugin v24.9 (Yoast SEO v24.9) - https:\/\/yoast.com\/wordpress\/plugins\/seo\/ -->\n<title>N\u00e1zev ba\u00f1eras de hidromasaje al aire libre, spa para nadar, piscinas N\u00e1zev | ba\u00f1eras de hidromasaje al aire libre, spa para nadar, piscinas<\/title>\n<meta name=\"robots\" content=\"index, follow, max-snippet:-1, max-image-preview:large, max-video-preview:-1\" \/>\n<link rel=\"canonical\" href=\"https:\/\/www.idol.cz\/es\/produkt\/e-shop\/chemie-pro-virivky-a-swim-spa-bazeny\/spa-clean-filter\/\" \/>\n<meta property=\"og:locale\" content=\"es_ES\" \/>\n<meta property=\"og:type\" content=\"article\" \/>\n<meta property=\"og:title\" content=\"SPA - CLEAN FILTER\" \/>\n<meta property=\"og:description\" content=\"P\u0159\u00edpravek pro rychl\u00e9 \u010di\u0161t\u011bn\u00ed filtru. Prodlu\u017euje \u017eivotnost filtra\u010dn\u00ed n\u00e1pln\u011b a v\u00fdrazn\u00fdm zp\u016fsobem omezuje tlakov\u00e9 ztr\u00e1ty na filtru.\" \/>\n<meta property=\"og:url\" content=\"https:\/\/www.idol.cz\/es\/produkt\/e-shop\/chemie-pro-virivky-a-swim-spa-bazeny\/spa-clean-filter\/\" \/>\n<meta property=\"og:site_name\" content=\"ba\u00f1eras de hidromasaje al aire libre, spa para nadar, piscinas\" \/>\n<meta property=\"article:publisher\" content=\"https:\/\/www.facebook.com\/IdolSpas\/\" \/>\n<meta property=\"article:modified_time\" content=\"2021-03-03T12:01:45+00:00\" \/>\n<meta property=\"og:image\" content=\"https:\/\/www.idol.cz\/wp-content\/uploads\/2021\/03\/SPA_Clean_filter.jpg\" \/>\n\t<meta property=\"og:image:width\" content=\"1678\" \/>\n\t<meta property=\"og:image:height\" content=\"2302\" \/>\n\t<meta property=\"og:image:type\" content=\"image\/jpeg\" \/>\n<meta name=\"twitter:card\" content=\"summary_large_image\" \/>\n<script type=\"application\/ld+json\" class=\"yoast-schema-graph\">{\"@context\":\"https:\/\/schema.org\",\"@graph\":[{\"@type\":\"WebPage\",\"@id\":\"https:\/\/www.idol.cz\/es\/produkt\/e-shop\/chemie-pro-virivky-a-swim-spa-bazeny\/spa-clean-filter\/\",\"url\":\"https:\/\/www.idol.cz\/es\/produkt\/e-shop\/chemie-pro-virivky-a-swim-spa-bazeny\/spa-clean-filter\/\",\"name\":\"N\u00e1zev ba\u00f1eras de hidromasaje al aire libre, spa para nadar, piscinas N\u00e1zev | ba\u00f1eras de hidromasaje al aire libre, spa para nadar, piscinas\",\"isPartOf\":{\"@id\":\"https:\/\/www.idol.cz\/es\/#website\"},\"primaryImageOfPage\":{\"@id\":\"https:\/\/www.idol.cz\/es\/produkt\/e-shop\/chemie-pro-virivky-a-swim-spa-bazeny\/spa-clean-filter\/#primaryimage\"},\"image\":{\"@id\":\"https:\/\/www.idol.cz\/es\/produkt\/e-shop\/chemie-pro-virivky-a-swim-spa-bazeny\/spa-clean-filter\/#primaryimage\"},\"thumbnailUrl\":\"https:\/\/www.idol.cz\/wp-content\/uploads\/2021\/03\/SPA_Clean_filter.jpg\",\"datePublished\":\"2021-03-03T11:48:04+00:00\",\"dateModified\":\"2021-03-03T12:01:45+00:00\",\"breadcrumb\":{\"@id\":\"https:\/\/www.idol.cz\/es\/produkt\/e-shop\/chemie-pro-virivky-a-swim-spa-bazeny\/spa-clean-filter\/#breadcrumb\"},\"inLanguage\":\"es\",\"potentialAction\":[{\"@type\":\"ReadAction\",\"target\":[\"https:\/\/www.idol.cz\/es\/produkt\/e-shop\/chemie-pro-virivky-a-swim-spa-bazeny\/spa-clean-filter\/\"]}]},{\"@type\":\"ImageObject\",\"inLanguage\":\"es\",\"@id\":\"https:\/\/www.idol.cz\/es\/produkt\/e-shop\/chemie-pro-virivky-a-swim-spa-bazeny\/spa-clean-filter\/#primaryimage\",\"url\":\"https:\/\/www.idol.cz\/wp-content\/uploads\/2021\/03\/SPA_Clean_filter.jpg\",\"contentUrl\":\"https:\/\/www.idol.cz\/wp-content\/uploads\/2021\/03\/SPA_Clean_filter.jpg\",\"width\":1678,\"height\":2302,\"caption\":\"SPA Clean filter rychl\u00e9 \u010di\u0161t\u011bn\u00ed filtru\"},{\"@type\":\"BreadcrumbList\",\"@id\":\"https:\/\/www.idol.cz\/es\/produkt\/e-shop\/chemie-pro-virivky-a-swim-spa-bazeny\/spa-clean-filter\/#breadcrumb\",\"itemListElement\":[{\"@type\":\"ListItem\",\"position\":1,\"name\":\"Dom\u016f\",\"item\":\"https:\/\/www.idol.cz\/es\/\"},{\"@type\":\"ListItem\",\"position\":2,\"name\":\"E-shop\",\"item\":\"https:\/\/www.idol.cz\/es\/tienda\/\"},{\"@type\":\"ListItem\",\"position\":3,\"name\":\"E-shop\",\"item\":\"https:\/\/www.idol.cz\/kategorie-produktu\/e-shop\/\"},{\"@type\":\"ListItem\",\"position\":4,\"name\":\"Qu\u00edmica para hidromasajes y piscinas de hidromasaje\",\"item\":\"https:\/\/www.idol.cz\/es\/kategorie-produktu\/quimica-para-hidromasajes-y-piscinas-de-hidromasaje\/\"},{\"@type\":\"ListItem\",\"position\":5,\"name\":\"SPA &#8211; CLEAN FILTER\"}]},{\"@type\":\"WebSite\",\"@id\":\"https:\/\/www.idol.cz\/es\/#website\",\"url\":\"https:\/\/www.idol.cz\/es\/\",\"name\":\"v\u00ed\u0159ivky venkovn\u00ed, swim spa, baz\u00e9ny\",\"description\":\"Luxusn\u00ed \u010desk\u00e9 v\u00ed\u0159ivky a swim spa\",\"publisher\":{\"@id\":\"https:\/\/www.idol.cz\/es\/#organization\"},\"potentialAction\":[{\"@type\":\"SearchAction\",\"target\":{\"@type\":\"EntryPoint\",\"urlTemplate\":\"https:\/\/www.idol.cz\/es\/?s={search_term_string}\"},\"query-input\":{\"@type\":\"PropertyValueSpecification\",\"valueRequired\":true,\"valueName\":\"search_term_string\"}}],\"inLanguage\":\"es\"},{\"@type\":\"Organization\",\"@id\":\"https:\/\/www.idol.cz\/es\/#organization\",\"name\":\"IDOL SPAS, s.r.o.\",\"url\":\"https:\/\/www.idol.cz\/es\/\",\"logo\":{\"@type\":\"ImageObject\",\"inLanguage\":\"es\",\"@id\":\"https:\/\/www.idol.cz\/es\/#\/schema\/logo\/image\/\",\"url\":\"https:\/\/www.idol.cz\/wp-content\/uploads\/2020\/02\/idol-spas-logo.png\",\"contentUrl\":\"https:\/\/www.idol.cz\/wp-content\/uploads\/2020\/02\/idol-spas-logo.png\",\"width\":512,\"height\":206,\"caption\":\"IDOL SPAS, s.r.o.\"},\"image\":{\"@id\":\"https:\/\/www.idol.cz\/es\/#\/schema\/logo\/image\/\"},\"sameAs\":[\"https:\/\/www.facebook.com\/IdolSpas\/\"]}]}<\/script>\n<!-- \/ Yoast SEO Premium plugin. -->","yoast_head_json":{"title":"N\u00e1zev ba\u00f1eras de hidromasaje al aire libre, spa para nadar, piscinas N\u00e1zev | ba\u00f1eras de hidromasaje al aire libre, spa para nadar, piscinas","robots":{"index":"index","follow":"follow","max-snippet":"max-snippet:-1","max-image-preview":"max-image-preview:large","max-video-preview":"max-video-preview:-1"},"canonical":"https:\/\/www.idol.cz\/es\/produkt\/e-shop\/chemie-pro-virivky-a-swim-spa-bazeny\/spa-clean-filter\/","og_locale":"es_ES","og_type":"article","og_title":"SPA - CLEAN FILTER","og_description":"P\u0159\u00edpravek pro rychl\u00e9 \u010di\u0161t\u011bn\u00ed filtru. Prodlu\u017euje \u017eivotnost filtra\u010dn\u00ed n\u00e1pln\u011b a v\u00fdrazn\u00fdm zp\u016fsobem omezuje tlakov\u00e9 ztr\u00e1ty na filtru.","og_url":"https:\/\/www.idol.cz\/es\/produkt\/e-shop\/chemie-pro-virivky-a-swim-spa-bazeny\/spa-clean-filter\/","og_site_name":"ba\u00f1eras de hidromasaje al aire libre, spa para nadar, piscinas","article_publisher":"https:\/\/www.facebook.com\/IdolSpas\/","article_modified_time":"2021-03-03T12:01:45+00:00","og_image":[{"width":1678,"height":2302,"url":"https:\/\/www.idol.cz\/wp-content\/uploads\/2021\/03\/SPA_Clean_filter.jpg","type":"image\/jpeg"}],"twitter_card":"summary_large_image","schema":{"@context":"https:\/\/schema.org","@graph":[{"@type":"WebPage","@id":"https:\/\/www.idol.cz\/es\/produkt\/e-shop\/chemie-pro-virivky-a-swim-spa-bazeny\/spa-clean-filter\/","url":"https:\/\/www.idol.cz\/es\/produkt\/e-shop\/chemie-pro-virivky-a-swim-spa-bazeny\/spa-clean-filter\/","name":"N\u00e1zev ba\u00f1eras de hidromasaje al aire libre, spa para nadar, piscinas N\u00e1zev | ba\u00f1eras de hidromasaje al aire libre, spa para nadar, piscinas","isPartOf":{"@id":"https:\/\/www.idol.cz\/es\/#website"},"primaryImageOfPage":{"@id":"https:\/\/www.idol.cz\/es\/produkt\/e-shop\/chemie-pro-virivky-a-swim-spa-bazeny\/spa-clean-filter\/#primaryimage"},"image":{"@id":"https:\/\/www.idol.cz\/es\/produkt\/e-shop\/chemie-pro-virivky-a-swim-spa-bazeny\/spa-clean-filter\/#primaryimage"},"thumbnailUrl":"https:\/\/www.idol.cz\/wp-content\/uploads\/2021\/03\/SPA_Clean_filter.jpg","datePublished":"2021-03-03T11:48:04+00:00","dateModified":"2021-03-03T12:01:45+00:00","breadcrumb":{"@id":"https:\/\/www.idol.cz\/es\/produkt\/e-shop\/chemie-pro-virivky-a-swim-spa-bazeny\/spa-clean-filter\/#breadcrumb"},"inLanguage":"es","potentialAction":[{"@type":"ReadAction","target":["https:\/\/www.idol.cz\/es\/produkt\/e-shop\/chemie-pro-virivky-a-swim-spa-bazeny\/spa-clean-filter\/"]}]},{"@type":"ImageObject","inLanguage":"es","@id":"https:\/\/www.idol.cz\/es\/produkt\/e-shop\/chemie-pro-virivky-a-swim-spa-bazeny\/spa-clean-filter\/#primaryimage","url":"https:\/\/www.idol.cz\/wp-content\/uploads\/2021\/03\/SPA_Clean_filter.jpg","contentUrl":"https:\/\/www.idol.cz\/wp-content\/uploads\/2021\/03\/SPA_Clean_filter.jpg","width":1678,"height":2302,"caption":"SPA Clean filter rychl\u00e9 \u010di\u0161t\u011bn\u00ed filtru"},{"@type":"BreadcrumbList","@id":"https:\/\/www.idol.cz\/es\/produkt\/e-shop\/chemie-pro-virivky-a-swim-spa-bazeny\/spa-clean-filter\/#breadcrumb","itemListElement":[{"@type":"ListItem","position":1,"name":"Dom\u016f","item":"https:\/\/www.idol.cz\/es\/"},{"@type":"ListItem","position":2,"name":"E-shop","item":"https:\/\/www.idol.cz\/es\/tienda\/"},{"@type":"ListItem","position":3,"name":"E-shop","item":"https:\/\/www.idol.cz\/kategorie-produktu\/e-shop\/"},{"@type":"ListItem","position":4,"name":"Qu\u00edmica para hidromasajes y piscinas de hidromasaje","item":"https:\/\/www.idol.cz\/es\/kategorie-produktu\/quimica-para-hidromasajes-y-piscinas-de-hidromasaje\/"},{"@type":"ListItem","position":5,"name":"SPA &#8211; CLEAN FILTER"}]},{"@type":"WebSite","@id":"https:\/\/www.idol.cz\/es\/#website","url":"https:\/\/www.idol.cz\/es\/","name":"v\u00ed\u0159ivky venkovn\u00ed, swim spa, baz\u00e9ny","description":"Luxusn\u00ed \u010desk\u00e9 v\u00ed\u0159ivky a swim spa","publisher":{"@id":"https:\/\/www.idol.cz\/es\/#organization"},"potentialAction":[{"@type":"SearchAction","target":{"@type":"EntryPoint","urlTemplate":"https:\/\/www.idol.cz\/es\/?s={search_term_string}"},"query-input":{"@type":"PropertyValueSpecification","valueRequired":true,"valueName":"search_term_string"}}],"inLanguage":"es"},{"@type":"Organization","@id":"https:\/\/www.idol.cz\/es\/#organization","name":"IDOL SPAS, s.r.o.","url":"https:\/\/www.idol.cz\/es\/","logo":{"@type":"ImageObject","inLanguage":"es","@id":"https:\/\/www.idol.cz\/es\/#\/schema\/logo\/image\/","url":"https:\/\/www.idol.cz\/wp-content\/uploads\/2020\/02\/idol-spas-logo.png","contentUrl":"https:\/\/www.idol.cz\/wp-content\/uploads\/2020\/02\/idol-spas-logo.png","width":512,"height":206,"caption":"IDOL SPAS, s.r.o."},"image":{"@id":"https:\/\/www.idol.cz\/es\/#\/schema\/logo\/image\/"},"sameAs":["https:\/\/www.facebook.com\/IdolSpas\/"]}]}},"_links":{"self":[{"href":"https:\/\/www.idol.cz\/es\/wp-json\/wp\/v2\/product\/17722"}],"collection":[{"href":"https:\/\/www.idol.cz\/es\/wp-json\/wp\/v2\/product"}],"about":[{"href":"https:\/\/www.idol.cz\/es\/wp-json\/wp\/v2\/types\/product"}],"wp:featuredmedia":[{"embeddable":true,"href":"https:\/\/www.idol.cz\/es\/wp-json\/wp\/v2\/media\/17734"}],"wp:attachment":[{"href":"https:\/\/www.idol.cz\/es\/wp-json\/wp\/v2\/media?parent=17722"}],"wp:term":[{"taxonomy":"product_cat","embeddable":true,"href":"https:\/\/www.idol.cz\/es\/wp-json\/wp\/v2\/product_cat?post=17722"},{"taxonomy":"product_tag","embeddable":true,"href":"https:\/\/www.idol.cz\/es\/wp-json\/wp\/v2\/product_tag?post=17722"}],"curies":[{"name":"wp","href":"https:\/\/api.w.org\/{rel}","templated":true}]}}